{"id":77979,"date":"2026-04-28T18:22:11","date_gmt":"2026-04-28T16:22:11","guid":{"rendered":"https:\/\/www.koonings.com\/product\/essense-of-australia-d4093zz11\/"},"modified":"2025-06-05T13:21:48","modified_gmt":"2025-06-05T11:21:48","slug":"essense-of-australia-d4093zz11","status":"publish","type":"product","link":"https:\/\/www.koonings.com\/fr\/product\/essense-of-australia-d4093zz11\/","title":{"rendered":"Essense of Australia D4093ZZ11"},"content":{"rendered":"<p>Le style brillant D4093 offre une version moderne du glamour hollywoodien d&#8217;antan. Cette robe de mari\u00e9e moderne \u00e0 la coupe \u00e9vas\u00e9e est aussi polyvalente qu&#8217;elle est \u00e0 la mode. Un ch\u00e2le d\u00e9tachable aux \u00e9paules ajoute une encolure Bardot glamour sur un corsage chic sans bretelles, avec une armature architecturale structur\u00e9e pour accentuer la silhouette en sablier. Une taille drap\u00e9e enveloppe les hanches, s&#8217;ouvre \u00e0 la cuisse pour un fendu de jambe sexy en option et s&#8217;\u00e9coule sans effort dans une luxueuse jupe \u00e9vas\u00e9e. Pour un look de mari\u00e9e \u00e9l\u00e9gant et chic avec des d\u00e9tails subtils de cr\u00e9ateur, cette robe de mari\u00e9e glamour a tout pour plaire.    <\/p>\n","protected":false},"featured_media":60869,"template":"","meta":{"_acf_changed":false,"ghostkit_customizer_options":"","ghostkit_custom_css":"","ghostkit_custom_js_head":"","ghostkit_custom_js_foot":"","ghostkit_typography":""},"productdetails":[378],"productneck":[354],"productcolor":[392],"maat":[],"productsupplier":[444],"productsleeve":[363],"productcategory":[18],"productsilhouette":[389],"productstyle":[370],"class_list":["post-77979","product","type-product","status-publish","has-post-thumbnail","hentry","productdetails-378","productneck-354","productcolor-392","productsupplier-essense-of-australia","productsleeve-363","productcategory-trouwjurken","productsilhouette-389","productstyle-370"],"acf":[],"yoast_head":"<!-- This site is optimized with the Yoast SEO plugin v27.3 - https:\/\/yoast.com\/product\/yoast-seo-wordpress\/ -->\n<title>Essense of Australia D4093ZZ11 | Koonings<\/title>\n<meta name=\"description\" content=\"Le style brillant D4093 offre une version moderne du glamour hollywoodien d&#039;antan. Cette robe de mari\u00e9e moderne \u00e0 la coupe \u00e9vas\u00e9e est aussi polyvalente qu&#039;elle est \u00e0 la mode. Un ch\u00e2le d\u00e9tachable aux \u00e9paules ajoute une encolure Bardot glamour sur un corsage chic sans bretelles, avec une armature architecturale structur\u00e9e pour accentuer la silhouette en sablier. Une taille drap\u00e9e enveloppe les hanches, s&#039;ouvre \u00e0 la cuisse pour un fendu de jambe sexy en option et s&#039;\u00e9coule sans effort dans une luxueuse jupe \u00e9vas\u00e9e. Pour un look de mari\u00e9e \u00e9l\u00e9gant et chic avec des d\u00e9tails subtils de cr\u00e9ateur, cette robe de mari\u00e9e glamour a tout pour plaire.\" \/>\n<meta name=\"robots\" content=\"index, follow, max-snippet:-1, max-image-preview:large, max-video-preview:-1\" \/>\n<link rel=\"canonical\" href=\"https:\/\/www.koonings.com\/fr\/product\/essense-of-australia-d4093zz11\/\" \/>\n<meta property=\"og:locale\" content=\"fr_FR\" \/>\n<meta property=\"og:type\" content=\"article\" \/>\n<meta property=\"og:title\" content=\"Essense of Australia D4093ZZ11 | Koonings\" \/>\n<meta property=\"og:description\" content=\"Le style brillant D4093 offre une version moderne du glamour hollywoodien d&#039;antan. Cette robe de mari\u00e9e moderne \u00e0 la coupe \u00e9vas\u00e9e est aussi polyvalente qu&#039;elle est \u00e0 la mode. Un ch\u00e2le d\u00e9tachable aux \u00e9paules ajoute une encolure Bardot glamour sur un corsage chic sans bretelles, avec une armature architecturale structur\u00e9e pour accentuer la silhouette en sablier. Une taille drap\u00e9e enveloppe les hanches, s&#039;ouvre \u00e0 la cuisse pour un fendu de jambe sexy en option et s&#039;\u00e9coule sans effort dans une luxueuse jupe \u00e9vas\u00e9e. Pour un look de mari\u00e9e \u00e9l\u00e9gant et chic avec des d\u00e9tails subtils de cr\u00e9ateur, cette robe de mari\u00e9e glamour a tout pour plaire.\" \/>\n<meta property=\"og:url\" content=\"https:\/\/www.koonings.com\/fr\/product\/essense-of-australia-d4093zz11\/\" \/>\n<meta property=\"og:site_name\" content=\"Koonings\" \/>\n<meta property=\"article:publisher\" content=\"https:\/\/www.facebook.com\/kooningstheweddingpalace\" \/>\n<meta property=\"og:image\" content=\"https:\/\/www.koonings.com\/wp-content\/uploads\/2024\/11\/40788_6d793e2c7b79ef18e387fd7d48c65eafa4db39c02abbfbb701a0ab40e05ac941c711dc02.jpeg\" \/>\n\t<meta property=\"og:image:width\" content=\"1596\" \/>\n\t<meta property=\"og:image:height\" content=\"2258\" \/>\n\t<meta property=\"og:image:type\" content=\"image\/jpeg\" \/>\n<meta name=\"twitter:card\" content=\"summary_large_image\" \/>\n<meta name=\"twitter:label1\" content=\"Dur\u00e9e de lecture estim\u00e9e\" \/>\n\t<meta name=\"twitter:data1\" content=\"1 minute\" \/>\n<script type=\"application\/ld+json\" class=\"yoast-schema-graph\">{\"@context\":\"https:\\\/\\\/schema.org\",\"@graph\":[{\"@type\":\"WebPage\",\"@id\":\"https:\\\/\\\/www.koonings.com\\\/fr\\\/product\\\/essense-of-australia-d4093zz11\\\/\",\"url\":\"https:\\\/\\\/www.koonings.com\\\/fr\\\/product\\\/essense-of-australia-d4093zz11\\\/\",\"name\":\"Essense of Australia D4093ZZ11 | Koonings\",\"isPartOf\":{\"@id\":\"https:\\\/\\\/www.koonings.com\\\/fr\\\/#website\"},\"primaryImageOfPage\":{\"@id\":\"https:\\\/\\\/www.koonings.com\\\/fr\\\/product\\\/essense-of-australia-d4093zz11\\\/#primaryimage\"},\"image\":{\"@id\":\"https:\\\/\\\/www.koonings.com\\\/fr\\\/product\\\/essense-of-australia-d4093zz11\\\/#primaryimage\"},\"thumbnailUrl\":\"https:\\\/\\\/www.koonings.com\\\/wp-content\\\/uploads\\\/2024\\\/11\\\/40788_6d793e2c7b79ef18e387fd7d48c65eafa4db39c02abbfbb701a0ab40e05ac941c711dc02.jpeg\",\"datePublished\":\"2026-04-28T16:22:11+00:00\",\"description\":\"Le style brillant D4093 offre une version moderne du glamour hollywoodien d'antan. Cette robe de mari\u00e9e moderne \u00e0 la coupe \u00e9vas\u00e9e est aussi polyvalente qu'elle est \u00e0 la mode. Un ch\u00e2le d\u00e9tachable aux \u00e9paules ajoute une encolure Bardot glamour sur un corsage chic sans bretelles, avec une armature architecturale structur\u00e9e pour accentuer la silhouette en sablier. Une taille drap\u00e9e enveloppe les hanches, s'ouvre \u00e0 la cuisse pour un fendu de jambe sexy en option et s'\u00e9coule sans effort dans une luxueuse jupe \u00e9vas\u00e9e. Pour un look de mari\u00e9e \u00e9l\u00e9gant et chic avec des d\u00e9tails subtils de cr\u00e9ateur, cette robe de mari\u00e9e glamour a tout pour plaire.\",\"breadcrumb\":{\"@id\":\"https:\\\/\\\/www.koonings.com\\\/fr\\\/product\\\/essense-of-australia-d4093zz11\\\/#breadcrumb\"},\"inLanguage\":\"fr-FR\",\"potentialAction\":[{\"@type\":\"ReadAction\",\"target\":[\"https:\\\/\\\/www.koonings.com\\\/fr\\\/product\\\/essense-of-australia-d4093zz11\\\/\"]}]},{\"@type\":\"ImageObject\",\"inLanguage\":\"fr-FR\",\"@id\":\"https:\\\/\\\/www.koonings.com\\\/fr\\\/product\\\/essense-of-australia-d4093zz11\\\/#primaryimage\",\"url\":\"https:\\\/\\\/www.koonings.com\\\/wp-content\\\/uploads\\\/2024\\\/11\\\/40788_6d793e2c7b79ef18e387fd7d48c65eafa4db39c02abbfbb701a0ab40e05ac941c711dc02.jpeg\",\"contentUrl\":\"https:\\\/\\\/www.koonings.com\\\/wp-content\\\/uploads\\\/2024\\\/11\\\/40788_6d793e2c7b79ef18e387fd7d48c65eafa4db39c02abbfbb701a0ab40e05ac941c711dc02.jpeg\",\"width\":1596,\"height\":2258},{\"@type\":\"BreadcrumbList\",\"@id\":\"https:\\\/\\\/www.koonings.com\\\/fr\\\/product\\\/essense-of-australia-d4093zz11\\\/#breadcrumb\",\"itemListElement\":[{\"@type\":\"ListItem\",\"position\":1,\"name\":\"Home\",\"item\":\"https:\\\/\\\/www.koonings.com\\\/fr\\\/\"},{\"@type\":\"ListItem\",\"position\":2,\"name\":\"Essense of Australia D4093ZZ11\"}]},{\"@type\":\"WebSite\",\"@id\":\"https:\\\/\\\/www.koonings.com\\\/fr\\\/#website\",\"url\":\"https:\\\/\\\/www.koonings.com\\\/fr\\\/\",\"name\":\"Koonings\",\"description\":\"De grootste bruidsmodewinkel ter wereld\",\"publisher\":{\"@id\":\"https:\\\/\\\/www.koonings.com\\\/fr\\\/#organization\"},\"potentialAction\":[{\"@type\":\"SearchAction\",\"target\":{\"@type\":\"EntryPoint\",\"urlTemplate\":\"https:\\\/\\\/www.koonings.com\\\/fr\\\/?s={search_term_string}\"},\"query-input\":{\"@type\":\"PropertyValueSpecification\",\"valueRequired\":true,\"valueName\":\"search_term_string\"}}],\"inLanguage\":\"fr-FR\"},{\"@type\":\"Organization\",\"@id\":\"https:\\\/\\\/www.koonings.com\\\/fr\\\/#organization\",\"name\":\"Koonings\",\"url\":\"https:\\\/\\\/www.koonings.com\\\/fr\\\/\",\"logo\":{\"@type\":\"ImageObject\",\"inLanguage\":\"fr-FR\",\"@id\":\"https:\\\/\\\/www.koonings.com\\\/fr\\\/#\\\/schema\\\/logo\\\/image\\\/\",\"url\":\"https:\\\/\\\/www.koonings.com\\\/wp-content\\\/uploads\\\/2024\\\/07\\\/logo.png\",\"contentUrl\":\"https:\\\/\\\/www.koonings.com\\\/wp-content\\\/uploads\\\/2024\\\/07\\\/logo.png\",\"width\":600,\"height\":428,\"caption\":\"Koonings\"},\"image\":{\"@id\":\"https:\\\/\\\/www.koonings.com\\\/fr\\\/#\\\/schema\\\/logo\\\/image\\\/\"},\"sameAs\":[\"https:\\\/\\\/www.facebook.com\\\/kooningstheweddingpalace\",\"https:\\\/\\\/www.instagram.com\\\/kooningstheweddingpalace\",\"https:\\\/\\\/www.pinterest.com\\\/koonings\",\"https:\\\/\\\/www.youtube.com\\\/kooningstheweddingpalace\"]}]}<\/script>\n<!-- \/ Yoast SEO plugin. -->","yoast_head_json":{"title":"Essense of Australia D4093ZZ11 | Koonings","description":"Le style brillant D4093 offre une version moderne du glamour hollywoodien d'antan. Cette robe de mari\u00e9e moderne \u00e0 la coupe \u00e9vas\u00e9e est aussi polyvalente qu'elle est \u00e0 la mode. Un ch\u00e2le d\u00e9tachable aux \u00e9paules ajoute une encolure Bardot glamour sur un corsage chic sans bretelles, avec une armature architecturale structur\u00e9e pour accentuer la silhouette en sablier. Une taille drap\u00e9e enveloppe les hanches, s'ouvre \u00e0 la cuisse pour un fendu de jambe sexy en option et s'\u00e9coule sans effort dans une luxueuse jupe \u00e9vas\u00e9e. Pour un look de mari\u00e9e \u00e9l\u00e9gant et chic avec des d\u00e9tails subtils de cr\u00e9ateur, cette robe de mari\u00e9e glamour a tout pour plaire.","robots":{"index":"index","follow":"follow","max-snippet":"max-snippet:-1","max-image-preview":"max-image-preview:large","max-video-preview":"max-video-preview:-1"},"canonical":"https:\/\/www.koonings.com\/fr\/product\/essense-of-australia-d4093zz11\/","og_locale":"fr_FR","og_type":"article","og_title":"Essense of Australia D4093ZZ11 | Koonings","og_description":"Le style brillant D4093 offre une version moderne du glamour hollywoodien d'antan. Cette robe de mari\u00e9e moderne \u00e0 la coupe \u00e9vas\u00e9e est aussi polyvalente qu'elle est \u00e0 la mode. Un ch\u00e2le d\u00e9tachable aux \u00e9paules ajoute une encolure Bardot glamour sur un corsage chic sans bretelles, avec une armature architecturale structur\u00e9e pour accentuer la silhouette en sablier. Une taille drap\u00e9e enveloppe les hanches, s'ouvre \u00e0 la cuisse pour un fendu de jambe sexy en option et s'\u00e9coule sans effort dans une luxueuse jupe \u00e9vas\u00e9e. Pour un look de mari\u00e9e \u00e9l\u00e9gant et chic avec des d\u00e9tails subtils de cr\u00e9ateur, cette robe de mari\u00e9e glamour a tout pour plaire.","og_url":"https:\/\/www.koonings.com\/fr\/product\/essense-of-australia-d4093zz11\/","og_site_name":"Koonings","article_publisher":"https:\/\/www.facebook.com\/kooningstheweddingpalace","og_image":[{"width":1596,"height":2258,"url":"https:\/\/www.koonings.com\/wp-content\/uploads\/2024\/11\/40788_6d793e2c7b79ef18e387fd7d48c65eafa4db39c02abbfbb701a0ab40e05ac941c711dc02.jpeg","type":"image\/jpeg"}],"twitter_card":"summary_large_image","twitter_misc":{"Dur\u00e9e de lecture estim\u00e9e":"1 minute"},"schema":{"@context":"https:\/\/schema.org","@graph":[{"@type":"WebPage","@id":"https:\/\/www.koonings.com\/fr\/product\/essense-of-australia-d4093zz11\/","url":"https:\/\/www.koonings.com\/fr\/product\/essense-of-australia-d4093zz11\/","name":"Essense of Australia D4093ZZ11 | Koonings","isPartOf":{"@id":"https:\/\/www.koonings.com\/fr\/#website"},"primaryImageOfPage":{"@id":"https:\/\/www.koonings.com\/fr\/product\/essense-of-australia-d4093zz11\/#primaryimage"},"image":{"@id":"https:\/\/www.koonings.com\/fr\/product\/essense-of-australia-d4093zz11\/#primaryimage"},"thumbnailUrl":"https:\/\/www.koonings.com\/wp-content\/uploads\/2024\/11\/40788_6d793e2c7b79ef18e387fd7d48c65eafa4db39c02abbfbb701a0ab40e05ac941c711dc02.jpeg","datePublished":"2026-04-28T16:22:11+00:00","description":"Le style brillant D4093 offre une version moderne du glamour hollywoodien d'antan. Cette robe de mari\u00e9e moderne \u00e0 la coupe \u00e9vas\u00e9e est aussi polyvalente qu'elle est \u00e0 la mode. Un ch\u00e2le d\u00e9tachable aux \u00e9paules ajoute une encolure Bardot glamour sur un corsage chic sans bretelles, avec une armature architecturale structur\u00e9e pour accentuer la silhouette en sablier. Une taille drap\u00e9e enveloppe les hanches, s'ouvre \u00e0 la cuisse pour un fendu de jambe sexy en option et s'\u00e9coule sans effort dans une luxueuse jupe \u00e9vas\u00e9e. Pour un look de mari\u00e9e \u00e9l\u00e9gant et chic avec des d\u00e9tails subtils de cr\u00e9ateur, cette robe de mari\u00e9e glamour a tout pour plaire.","breadcrumb":{"@id":"https:\/\/www.koonings.com\/fr\/product\/essense-of-australia-d4093zz11\/#breadcrumb"},"inLanguage":"fr-FR","potentialAction":[{"@type":"ReadAction","target":["https:\/\/www.koonings.com\/fr\/product\/essense-of-australia-d4093zz11\/"]}]},{"@type":"ImageObject","inLanguage":"fr-FR","@id":"https:\/\/www.koonings.com\/fr\/product\/essense-of-australia-d4093zz11\/#primaryimage","url":"https:\/\/www.koonings.com\/wp-content\/uploads\/2024\/11\/40788_6d793e2c7b79ef18e387fd7d48c65eafa4db39c02abbfbb701a0ab40e05ac941c711dc02.jpeg","contentUrl":"https:\/\/www.koonings.com\/wp-content\/uploads\/2024\/11\/40788_6d793e2c7b79ef18e387fd7d48c65eafa4db39c02abbfbb701a0ab40e05ac941c711dc02.jpeg","width":1596,"height":2258},{"@type":"BreadcrumbList","@id":"https:\/\/www.koonings.com\/fr\/product\/essense-of-australia-d4093zz11\/#breadcrumb","itemListElement":[{"@type":"ListItem","position":1,"name":"Home","item":"https:\/\/www.koonings.com\/fr\/"},{"@type":"ListItem","position":2,"name":"Essense of Australia D4093ZZ11"}]},{"@type":"WebSite","@id":"https:\/\/www.koonings.com\/fr\/#website","url":"https:\/\/www.koonings.com\/fr\/","name":"Koonings","description":"De grootste bruidsmodewinkel ter wereld","publisher":{"@id":"https:\/\/www.koonings.com\/fr\/#organization"},"potentialAction":[{"@type":"SearchAction","target":{"@type":"EntryPoint","urlTemplate":"https:\/\/www.koonings.com\/fr\/?s={search_term_string}"},"query-input":{"@type":"PropertyValueSpecification","valueRequired":true,"valueName":"search_term_string"}}],"inLanguage":"fr-FR"},{"@type":"Organization","@id":"https:\/\/www.koonings.com\/fr\/#organization","name":"Koonings","url":"https:\/\/www.koonings.com\/fr\/","logo":{"@type":"ImageObject","inLanguage":"fr-FR","@id":"https:\/\/www.koonings.com\/fr\/#\/schema\/logo\/image\/","url":"https:\/\/www.koonings.com\/wp-content\/uploads\/2024\/07\/logo.png","contentUrl":"https:\/\/www.koonings.com\/wp-content\/uploads\/2024\/07\/logo.png","width":600,"height":428,"caption":"Koonings"},"image":{"@id":"https:\/\/www.koonings.com\/fr\/#\/schema\/logo\/image\/"},"sameAs":["https:\/\/www.facebook.com\/kooningstheweddingpalace","https:\/\/www.instagram.com\/kooningstheweddingpalace","https:\/\/www.pinterest.com\/koonings","https:\/\/www.youtube.com\/kooningstheweddingpalace"]}]}},"_links":{"self":[{"href":"https:\/\/www.koonings.com\/fr\/wp-json\/wp\/v2\/product\/77979","targetHints":{"allow":["GET"]}}],"collection":[{"href":"https:\/\/www.koonings.com\/fr\/wp-json\/wp\/v2\/product"}],"about":[{"href":"https:\/\/www.koonings.com\/fr\/wp-json\/wp\/v2\/types\/product"}],"wp:featuredmedia":[{"embeddable":true,"href":"https:\/\/www.koonings.com\/fr\/wp-json\/wp\/v2\/media\/60869"}],"wp:attachment":[{"href":"https:\/\/www.koonings.com\/fr\/wp-json\/wp\/v2\/media?parent=77979"}],"wp:term":[{"taxonomy":"productdetails","embeddable":true,"href":"https:\/\/www.koonings.com\/fr\/wp-json\/wp\/v2\/productdetails?post=77979"},{"taxonomy":"productneck","embeddable":true,"href":"https:\/\/www.koonings.com\/fr\/wp-json\/wp\/v2\/productneck?post=77979"},{"taxonomy":"productcolor","embeddable":true,"href":"https:\/\/www.koonings.com\/fr\/wp-json\/wp\/v2\/productcolor?post=77979"},{"taxonomy":"maat","embeddable":true,"href":"https:\/\/www.koonings.com\/fr\/wp-json\/wp\/v2\/maat?post=77979"},{"taxonomy":"productsupplier","embeddable":true,"href":"https:\/\/www.koonings.com\/fr\/wp-json\/wp\/v2\/productsupplier?post=77979"},{"taxonomy":"productsleeve","embeddable":true,"href":"https:\/\/www.koonings.com\/fr\/wp-json\/wp\/v2\/productsleeve?post=77979"},{"taxonomy":"productcategory","embeddable":true,"href":"https:\/\/www.koonings.com\/fr\/wp-json\/wp\/v2\/productcategory?post=77979"},{"taxonomy":"productsilhouette","embeddable":true,"href":"https:\/\/www.koonings.com\/fr\/wp-json\/wp\/v2\/productsilhouette?post=77979"},{"taxonomy":"productstyle","embeddable":true,"href":"https:\/\/www.koonings.com\/fr\/wp-json\/wp\/v2\/productstyle?post=77979"}],"curies":[{"name":"wp","href":"https:\/\/api.w.org\/{rel}","templated":true}]}}