{"id":77977,"date":"2026-04-28T18:20:11","date_gmt":"2026-04-28T16:20:11","guid":{"rendered":"https:\/\/www.koonings.com\/product\/essense-of-australia-d4037iv11\/"},"modified":"2025-06-05T13:21:12","modified_gmt":"2025-06-05T11:21:12","slug":"essense-of-australia-d4037iv11","status":"publish","type":"product","link":"https:\/\/www.koonings.com\/fr\/product\/essense-of-australia-d4037iv11\/","title":{"rendered":"Essense of Australia D4037IV11"},"content":{"rendered":"<p>Le mod\u00e8le D4037, comme s&#8217;il \u00e9tait peint avec de gracieuses vignes de dentelle feuillue, allie avec art un style nuptial sexy \u00e0 un romantisme classique. La silhouette flatteuse en forme de colonne commence par des bretelles feuillues qui s&#8217;\u00e9tendent depuis le d\u00e9collet\u00e9 en V profond et sexy du corsage transparent. Des d\u00e9coupes lat\u00e9rales s\u00e9duisantes s&#8217;ouvrent sur les hanches et se terminent par un d\u00e9collet\u00e9 spectaculaire dans le dos. Le tissu cr\u00eap\u00e9 enveloppe les hanches et se prolonge par une tra\u00eene romantique en dentelle, parsem\u00e9e d&#8217;accents de dentelle botanique. \u00c9l\u00e9gante mais tellement chic, cette robe de mari\u00e9e sexy incarne une sensualit\u00e9 sans effort, faite pour les romantiques modernes.    <\/p>\n","protected":false},"featured_media":60848,"template":"","meta":{"_acf_changed":false,"ghostkit_customizer_options":"","ghostkit_custom_css":"","ghostkit_custom_js_head":"","ghostkit_custom_js_foot":"","ghostkit_typography":""},"productdetails":[379,376],"productneck":[356],"productcolor":[393,392],"maat":[],"productsupplier":[444],"productsleeve":[359],"productcategory":[18],"productsilhouette":[387],"productstyle":[369,366],"class_list":["post-77977","product","type-product","status-publish","has-post-thumbnail","hentry","productdetails-379","productdetails-376","productneck-356","productcolor-393","productcolor-392","productsupplier-essense-of-australia","productsleeve-359","productcategory-trouwjurken","productsilhouette-387","productstyle-369","productstyle-366"],"acf":[],"yoast_head":"<!-- This site is optimized with the Yoast SEO plugin v27.3 - https:\/\/yoast.com\/product\/yoast-seo-wordpress\/ -->\n<title>Essense of Australia D4037IV11 | Koonings<\/title>\n<meta name=\"description\" content=\"Le mod\u00e8le D4037, comme s&#039;il \u00e9tait peint avec de gracieuses vignes de dentelle feuillue, allie avec art un style nuptial sexy \u00e0 un romantisme classique. La silhouette flatteuse en forme de colonne commence par des bretelles feuillues qui s&#039;\u00e9tendent depuis le d\u00e9collet\u00e9 en V profond et sexy du corsage transparent. Des d\u00e9coupes lat\u00e9rales s\u00e9duisantes s&#039;ouvrent sur les hanches et se terminent par un d\u00e9collet\u00e9 spectaculaire dans le dos. Le tissu cr\u00eap\u00e9 enveloppe les hanches et se prolonge par une tra\u00eene romantique en dentelle, parsem\u00e9e d&#039;accents de dentelle botanique. \u00c9l\u00e9gante mais tellement chic, cette robe de mari\u00e9e sexy incarne une sensualit\u00e9 sans effort, faite pour les romantiques modernes.\" \/>\n<meta name=\"robots\" content=\"index, follow, max-snippet:-1, max-image-preview:large, max-video-preview:-1\" \/>\n<link rel=\"canonical\" href=\"https:\/\/www.koonings.com\/fr\/product\/essense-of-australia-d4037iv11\/\" \/>\n<meta property=\"og:locale\" content=\"fr_FR\" \/>\n<meta property=\"og:type\" content=\"article\" \/>\n<meta property=\"og:title\" content=\"Essense of Australia D4037IV11 | Koonings\" \/>\n<meta property=\"og:description\" content=\"Le mod\u00e8le D4037, comme s&#039;il \u00e9tait peint avec de gracieuses vignes de dentelle feuillue, allie avec art un style nuptial sexy \u00e0 un romantisme classique. La silhouette flatteuse en forme de colonne commence par des bretelles feuillues qui s&#039;\u00e9tendent depuis le d\u00e9collet\u00e9 en V profond et sexy du corsage transparent. Des d\u00e9coupes lat\u00e9rales s\u00e9duisantes s&#039;ouvrent sur les hanches et se terminent par un d\u00e9collet\u00e9 spectaculaire dans le dos. Le tissu cr\u00eap\u00e9 enveloppe les hanches et se prolonge par une tra\u00eene romantique en dentelle, parsem\u00e9e d&#039;accents de dentelle botanique. \u00c9l\u00e9gante mais tellement chic, cette robe de mari\u00e9e sexy incarne une sensualit\u00e9 sans effort, faite pour les romantiques modernes.\" \/>\n<meta property=\"og:url\" content=\"https:\/\/www.koonings.com\/fr\/product\/essense-of-australia-d4037iv11\/\" \/>\n<meta property=\"og:site_name\" content=\"Koonings\" \/>\n<meta property=\"article:publisher\" content=\"https:\/\/www.facebook.com\/kooningstheweddingpalace\" \/>\n<meta property=\"og:image\" content=\"https:\/\/www.koonings.com\/wp-content\/uploads\/2024\/11\/40610_d4311e48ca33688f0012d66e2600a9b4ea4820c25c8c2efde4f4df4d042525ccae00fe54.jpeg\" \/>\n\t<meta property=\"og:image:width\" content=\"1522\" \/>\n\t<meta property=\"og:image:height\" content=\"2154\" \/>\n\t<meta property=\"og:image:type\" content=\"image\/jpeg\" \/>\n<meta name=\"twitter:card\" content=\"summary_large_image\" \/>\n<meta name=\"twitter:label1\" content=\"Dur\u00e9e de lecture estim\u00e9e\" \/>\n\t<meta name=\"twitter:data1\" content=\"1 minute\" \/>\n<script type=\"application\/ld+json\" class=\"yoast-schema-graph\">{\"@context\":\"https:\\\/\\\/schema.org\",\"@graph\":[{\"@type\":\"WebPage\",\"@id\":\"https:\\\/\\\/www.koonings.com\\\/fr\\\/product\\\/essense-of-australia-d4037iv11\\\/\",\"url\":\"https:\\\/\\\/www.koonings.com\\\/fr\\\/product\\\/essense-of-australia-d4037iv11\\\/\",\"name\":\"Essense of Australia D4037IV11 | Koonings\",\"isPartOf\":{\"@id\":\"https:\\\/\\\/www.koonings.com\\\/fr\\\/#website\"},\"primaryImageOfPage\":{\"@id\":\"https:\\\/\\\/www.koonings.com\\\/fr\\\/product\\\/essense-of-australia-d4037iv11\\\/#primaryimage\"},\"image\":{\"@id\":\"https:\\\/\\\/www.koonings.com\\\/fr\\\/product\\\/essense-of-australia-d4037iv11\\\/#primaryimage\"},\"thumbnailUrl\":\"https:\\\/\\\/www.koonings.com\\\/wp-content\\\/uploads\\\/2024\\\/11\\\/40610_d4311e48ca33688f0012d66e2600a9b4ea4820c25c8c2efde4f4df4d042525ccae00fe54.jpeg\",\"datePublished\":\"2026-04-28T16:20:11+00:00\",\"description\":\"Le mod\u00e8le D4037, comme s'il \u00e9tait peint avec de gracieuses vignes de dentelle feuillue, allie avec art un style nuptial sexy \u00e0 un romantisme classique. La silhouette flatteuse en forme de colonne commence par des bretelles feuillues qui s'\u00e9tendent depuis le d\u00e9collet\u00e9 en V profond et sexy du corsage transparent. Des d\u00e9coupes lat\u00e9rales s\u00e9duisantes s'ouvrent sur les hanches et se terminent par un d\u00e9collet\u00e9 spectaculaire dans le dos. Le tissu cr\u00eap\u00e9 enveloppe les hanches et se prolonge par une tra\u00eene romantique en dentelle, parsem\u00e9e d'accents de dentelle botanique. \u00c9l\u00e9gante mais tellement chic, cette robe de mari\u00e9e sexy incarne une sensualit\u00e9 sans effort, faite pour les romantiques modernes.\",\"breadcrumb\":{\"@id\":\"https:\\\/\\\/www.koonings.com\\\/fr\\\/product\\\/essense-of-australia-d4037iv11\\\/#breadcrumb\"},\"inLanguage\":\"fr-FR\",\"potentialAction\":[{\"@type\":\"ReadAction\",\"target\":[\"https:\\\/\\\/www.koonings.com\\\/fr\\\/product\\\/essense-of-australia-d4037iv11\\\/\"]}]},{\"@type\":\"ImageObject\",\"inLanguage\":\"fr-FR\",\"@id\":\"https:\\\/\\\/www.koonings.com\\\/fr\\\/product\\\/essense-of-australia-d4037iv11\\\/#primaryimage\",\"url\":\"https:\\\/\\\/www.koonings.com\\\/wp-content\\\/uploads\\\/2024\\\/11\\\/40610_d4311e48ca33688f0012d66e2600a9b4ea4820c25c8c2efde4f4df4d042525ccae00fe54.jpeg\",\"contentUrl\":\"https:\\\/\\\/www.koonings.com\\\/wp-content\\\/uploads\\\/2024\\\/11\\\/40610_d4311e48ca33688f0012d66e2600a9b4ea4820c25c8c2efde4f4df4d042525ccae00fe54.jpeg\",\"width\":1522,\"height\":2154},{\"@type\":\"BreadcrumbList\",\"@id\":\"https:\\\/\\\/www.koonings.com\\\/fr\\\/product\\\/essense-of-australia-d4037iv11\\\/#breadcrumb\",\"itemListElement\":[{\"@type\":\"ListItem\",\"position\":1,\"name\":\"Home\",\"item\":\"https:\\\/\\\/www.koonings.com\\\/fr\\\/\"},{\"@type\":\"ListItem\",\"position\":2,\"name\":\"Essense of Australia D4037IV11\"}]},{\"@type\":\"WebSite\",\"@id\":\"https:\\\/\\\/www.koonings.com\\\/fr\\\/#website\",\"url\":\"https:\\\/\\\/www.koonings.com\\\/fr\\\/\",\"name\":\"Koonings\",\"description\":\"De grootste bruidsmodewinkel ter wereld\",\"publisher\":{\"@id\":\"https:\\\/\\\/www.koonings.com\\\/fr\\\/#organization\"},\"potentialAction\":[{\"@type\":\"SearchAction\",\"target\":{\"@type\":\"EntryPoint\",\"urlTemplate\":\"https:\\\/\\\/www.koonings.com\\\/fr\\\/?s={search_term_string}\"},\"query-input\":{\"@type\":\"PropertyValueSpecification\",\"valueRequired\":true,\"valueName\":\"search_term_string\"}}],\"inLanguage\":\"fr-FR\"},{\"@type\":\"Organization\",\"@id\":\"https:\\\/\\\/www.koonings.com\\\/fr\\\/#organization\",\"name\":\"Koonings\",\"url\":\"https:\\\/\\\/www.koonings.com\\\/fr\\\/\",\"logo\":{\"@type\":\"ImageObject\",\"inLanguage\":\"fr-FR\",\"@id\":\"https:\\\/\\\/www.koonings.com\\\/fr\\\/#\\\/schema\\\/logo\\\/image\\\/\",\"url\":\"https:\\\/\\\/www.koonings.com\\\/wp-content\\\/uploads\\\/2024\\\/07\\\/logo.png\",\"contentUrl\":\"https:\\\/\\\/www.koonings.com\\\/wp-content\\\/uploads\\\/2024\\\/07\\\/logo.png\",\"width\":600,\"height\":428,\"caption\":\"Koonings\"},\"image\":{\"@id\":\"https:\\\/\\\/www.koonings.com\\\/fr\\\/#\\\/schema\\\/logo\\\/image\\\/\"},\"sameAs\":[\"https:\\\/\\\/www.facebook.com\\\/kooningstheweddingpalace\",\"https:\\\/\\\/www.instagram.com\\\/kooningstheweddingpalace\",\"https:\\\/\\\/www.pinterest.com\\\/koonings\",\"https:\\\/\\\/www.youtube.com\\\/kooningstheweddingpalace\"]}]}<\/script>\n<!-- \/ Yoast SEO plugin. -->","yoast_head_json":{"title":"Essense of Australia D4037IV11 | Koonings","description":"Le mod\u00e8le D4037, comme s'il \u00e9tait peint avec de gracieuses vignes de dentelle feuillue, allie avec art un style nuptial sexy \u00e0 un romantisme classique. La silhouette flatteuse en forme de colonne commence par des bretelles feuillues qui s'\u00e9tendent depuis le d\u00e9collet\u00e9 en V profond et sexy du corsage transparent. Des d\u00e9coupes lat\u00e9rales s\u00e9duisantes s'ouvrent sur les hanches et se terminent par un d\u00e9collet\u00e9 spectaculaire dans le dos. Le tissu cr\u00eap\u00e9 enveloppe les hanches et se prolonge par une tra\u00eene romantique en dentelle, parsem\u00e9e d'accents de dentelle botanique. \u00c9l\u00e9gante mais tellement chic, cette robe de mari\u00e9e sexy incarne une sensualit\u00e9 sans effort, faite pour les romantiques modernes.","robots":{"index":"index","follow":"follow","max-snippet":"max-snippet:-1","max-image-preview":"max-image-preview:large","max-video-preview":"max-video-preview:-1"},"canonical":"https:\/\/www.koonings.com\/fr\/product\/essense-of-australia-d4037iv11\/","og_locale":"fr_FR","og_type":"article","og_title":"Essense of Australia D4037IV11 | Koonings","og_description":"Le mod\u00e8le D4037, comme s'il \u00e9tait peint avec de gracieuses vignes de dentelle feuillue, allie avec art un style nuptial sexy \u00e0 un romantisme classique. La silhouette flatteuse en forme de colonne commence par des bretelles feuillues qui s'\u00e9tendent depuis le d\u00e9collet\u00e9 en V profond et sexy du corsage transparent. Des d\u00e9coupes lat\u00e9rales s\u00e9duisantes s'ouvrent sur les hanches et se terminent par un d\u00e9collet\u00e9 spectaculaire dans le dos. Le tissu cr\u00eap\u00e9 enveloppe les hanches et se prolonge par une tra\u00eene romantique en dentelle, parsem\u00e9e d'accents de dentelle botanique. \u00c9l\u00e9gante mais tellement chic, cette robe de mari\u00e9e sexy incarne une sensualit\u00e9 sans effort, faite pour les romantiques modernes.","og_url":"https:\/\/www.koonings.com\/fr\/product\/essense-of-australia-d4037iv11\/","og_site_name":"Koonings","article_publisher":"https:\/\/www.facebook.com\/kooningstheweddingpalace","og_image":[{"width":1522,"height":2154,"url":"https:\/\/www.koonings.com\/wp-content\/uploads\/2024\/11\/40610_d4311e48ca33688f0012d66e2600a9b4ea4820c25c8c2efde4f4df4d042525ccae00fe54.jpeg","type":"image\/jpeg"}],"twitter_card":"summary_large_image","twitter_misc":{"Dur\u00e9e de lecture estim\u00e9e":"1 minute"},"schema":{"@context":"https:\/\/schema.org","@graph":[{"@type":"WebPage","@id":"https:\/\/www.koonings.com\/fr\/product\/essense-of-australia-d4037iv11\/","url":"https:\/\/www.koonings.com\/fr\/product\/essense-of-australia-d4037iv11\/","name":"Essense of Australia D4037IV11 | Koonings","isPartOf":{"@id":"https:\/\/www.koonings.com\/fr\/#website"},"primaryImageOfPage":{"@id":"https:\/\/www.koonings.com\/fr\/product\/essense-of-australia-d4037iv11\/#primaryimage"},"image":{"@id":"https:\/\/www.koonings.com\/fr\/product\/essense-of-australia-d4037iv11\/#primaryimage"},"thumbnailUrl":"https:\/\/www.koonings.com\/wp-content\/uploads\/2024\/11\/40610_d4311e48ca33688f0012d66e2600a9b4ea4820c25c8c2efde4f4df4d042525ccae00fe54.jpeg","datePublished":"2026-04-28T16:20:11+00:00","description":"Le mod\u00e8le D4037, comme s'il \u00e9tait peint avec de gracieuses vignes de dentelle feuillue, allie avec art un style nuptial sexy \u00e0 un romantisme classique. La silhouette flatteuse en forme de colonne commence par des bretelles feuillues qui s'\u00e9tendent depuis le d\u00e9collet\u00e9 en V profond et sexy du corsage transparent. Des d\u00e9coupes lat\u00e9rales s\u00e9duisantes s'ouvrent sur les hanches et se terminent par un d\u00e9collet\u00e9 spectaculaire dans le dos. Le tissu cr\u00eap\u00e9 enveloppe les hanches et se prolonge par une tra\u00eene romantique en dentelle, parsem\u00e9e d'accents de dentelle botanique. \u00c9l\u00e9gante mais tellement chic, cette robe de mari\u00e9e sexy incarne une sensualit\u00e9 sans effort, faite pour les romantiques modernes.","breadcrumb":{"@id":"https:\/\/www.koonings.com\/fr\/product\/essense-of-australia-d4037iv11\/#breadcrumb"},"inLanguage":"fr-FR","potentialAction":[{"@type":"ReadAction","target":["https:\/\/www.koonings.com\/fr\/product\/essense-of-australia-d4037iv11\/"]}]},{"@type":"ImageObject","inLanguage":"fr-FR","@id":"https:\/\/www.koonings.com\/fr\/product\/essense-of-australia-d4037iv11\/#primaryimage","url":"https:\/\/www.koonings.com\/wp-content\/uploads\/2024\/11\/40610_d4311e48ca33688f0012d66e2600a9b4ea4820c25c8c2efde4f4df4d042525ccae00fe54.jpeg","contentUrl":"https:\/\/www.koonings.com\/wp-content\/uploads\/2024\/11\/40610_d4311e48ca33688f0012d66e2600a9b4ea4820c25c8c2efde4f4df4d042525ccae00fe54.jpeg","width":1522,"height":2154},{"@type":"BreadcrumbList","@id":"https:\/\/www.koonings.com\/fr\/product\/essense-of-australia-d4037iv11\/#breadcrumb","itemListElement":[{"@type":"ListItem","position":1,"name":"Home","item":"https:\/\/www.koonings.com\/fr\/"},{"@type":"ListItem","position":2,"name":"Essense of Australia D4037IV11"}]},{"@type":"WebSite","@id":"https:\/\/www.koonings.com\/fr\/#website","url":"https:\/\/www.koonings.com\/fr\/","name":"Koonings","description":"De grootste bruidsmodewinkel ter wereld","publisher":{"@id":"https:\/\/www.koonings.com\/fr\/#organization"},"potentialAction":[{"@type":"SearchAction","target":{"@type":"EntryPoint","urlTemplate":"https:\/\/www.koonings.com\/fr\/?s={search_term_string}"},"query-input":{"@type":"PropertyValueSpecification","valueRequired":true,"valueName":"search_term_string"}}],"inLanguage":"fr-FR"},{"@type":"Organization","@id":"https:\/\/www.koonings.com\/fr\/#organization","name":"Koonings","url":"https:\/\/www.koonings.com\/fr\/","logo":{"@type":"ImageObject","inLanguage":"fr-FR","@id":"https:\/\/www.koonings.com\/fr\/#\/schema\/logo\/image\/","url":"https:\/\/www.koonings.com\/wp-content\/uploads\/2024\/07\/logo.png","contentUrl":"https:\/\/www.koonings.com\/wp-content\/uploads\/2024\/07\/logo.png","width":600,"height":428,"caption":"Koonings"},"image":{"@id":"https:\/\/www.koonings.com\/fr\/#\/schema\/logo\/image\/"},"sameAs":["https:\/\/www.facebook.com\/kooningstheweddingpalace","https:\/\/www.instagram.com\/kooningstheweddingpalace","https:\/\/www.pinterest.com\/koonings","https:\/\/www.youtube.com\/kooningstheweddingpalace"]}]}},"_links":{"self":[{"href":"https:\/\/www.koonings.com\/fr\/wp-json\/wp\/v2\/product\/77977","targetHints":{"allow":["GET"]}}],"collection":[{"href":"https:\/\/www.koonings.com\/fr\/wp-json\/wp\/v2\/product"}],"about":[{"href":"https:\/\/www.koonings.com\/fr\/wp-json\/wp\/v2\/types\/product"}],"wp:featuredmedia":[{"embeddable":true,"href":"https:\/\/www.koonings.com\/fr\/wp-json\/wp\/v2\/media\/60848"}],"wp:attachment":[{"href":"https:\/\/www.koonings.com\/fr\/wp-json\/wp\/v2\/media?parent=77977"}],"wp:term":[{"taxonomy":"productdetails","embeddable":true,"href":"https:\/\/www.koonings.com\/fr\/wp-json\/wp\/v2\/productdetails?post=77977"},{"taxonomy":"productneck","embeddable":true,"href":"https:\/\/www.koonings.com\/fr\/wp-json\/wp\/v2\/productneck?post=77977"},{"taxonomy":"productcolor","embeddable":true,"href":"https:\/\/www.koonings.com\/fr\/wp-json\/wp\/v2\/productcolor?post=77977"},{"taxonomy":"maat","embeddable":true,"href":"https:\/\/www.koonings.com\/fr\/wp-json\/wp\/v2\/maat?post=77977"},{"taxonomy":"productsupplier","embeddable":true,"href":"https:\/\/www.koonings.com\/fr\/wp-json\/wp\/v2\/productsupplier?post=77977"},{"taxonomy":"productsleeve","embeddable":true,"href":"https:\/\/www.koonings.com\/fr\/wp-json\/wp\/v2\/productsleeve?post=77977"},{"taxonomy":"productcategory","embeddable":true,"href":"https:\/\/www.koonings.com\/fr\/wp-json\/wp\/v2\/productcategory?post=77977"},{"taxonomy":"productsilhouette","embeddable":true,"href":"https:\/\/www.koonings.com\/fr\/wp-json\/wp\/v2\/productsilhouette?post=77977"},{"taxonomy":"productstyle","embeddable":true,"href":"https:\/\/www.koonings.com\/fr\/wp-json\/wp\/v2\/productstyle?post=77977"}],"curies":[{"name":"wp","href":"https:\/\/api.w.org\/{rel}","templated":true}]}}