{"id":77932,"date":"2025-07-10T12:20:24","date_gmt":"2025-07-10T10:20:24","guid":{"rendered":"https:\/\/www.koonings.com\/product\/white-one-by-st-patrick-hak-w1122bc1\/"},"modified":"2025-06-05T12:17:24","modified_gmt":"2025-06-05T10:17:24","slug":"white-one-by-st-patrick-hak-w1122bc1","status":"publish","type":"product","link":"https:\/\/www.koonings.com\/fr\/product\/white-one-by-st-patrick-hak-w1122bc1\/","title":{"rendered":"White One by St. Patrick Hak W1122BC1"},"content":{"rendered":"<p>Un look sexy pour les mari\u00e9es modernes. Cette robe sir\u00e8ne en cr\u00eape souple et fluide poss\u00e8de un corsage magnifiquement coup\u00e9 qui expose audacieusement les c\u00f4t\u00e9s et le dos sous une dentelle guipure richement d\u00e9cor\u00e9e. Associez-la \u00e0 une surjupe en tulle pour la c\u00e9r\u00e9monie et retirez-la lorsque vous \u00eates pr\u00eate \u00e0 danser jusqu&#8217;au bout de la nuit.  <\/p>\n","protected":false},"featured_media":40058,"template":"","meta":{"_acf_changed":false,"ghostkit_customizer_options":"","ghostkit_custom_css":"","ghostkit_custom_js_head":"","ghostkit_custom_js_foot":"","ghostkit_typography":""},"productdetails":[],"productneck":[356],"productcolor":[392],"maat":[],"productsupplier":[420],"productsleeve":[359],"productcategory":[18],"productsilhouette":[387],"productstyle":[],"class_list":["post-77932","product","type-product","status-publish","has-post-thumbnail","hentry","productneck-356","productcolor-392","productsupplier-white-one-by-st-patrick","productsleeve-359","productcategory-trouwjurken","productsilhouette-387"],"acf":[],"yoast_head":"<!-- This site is optimized with the Yoast SEO plugin v27.3 - https:\/\/yoast.com\/product\/yoast-seo-wordpress\/ -->\n<title>White One by St. Patrick Hak W1122BC1 | Koonings<\/title>\n<meta name=\"description\" content=\"Un look sexy pour les mari\u00e9es modernes. Cette robe sir\u00e8ne en cr\u00eape souple et fluide poss\u00e8de un corsage magnifiquement coup\u00e9 qui expose audacieusement les c\u00f4t\u00e9s et le dos sous une dentelle guipure richement d\u00e9cor\u00e9e. Associez-la \u00e0 une surjupe en tulle pour la c\u00e9r\u00e9monie et retirez-la lorsque vous \u00eates pr\u00eate \u00e0 danser jusqu&#039;au bout de la nuit.\" \/>\n<meta name=\"robots\" content=\"index, follow, max-snippet:-1, max-image-preview:large, max-video-preview:-1\" \/>\n<link rel=\"canonical\" href=\"https:\/\/www.koonings.com\/fr\/product\/white-one-by-st-patrick-hak-w1122bc1\/\" \/>\n<meta property=\"og:locale\" content=\"fr_FR\" \/>\n<meta property=\"og:type\" content=\"article\" \/>\n<meta property=\"og:title\" content=\"White One by St. Patrick Hak W1122BC1 | Koonings\" \/>\n<meta property=\"og:description\" content=\"Un look sexy pour les mari\u00e9es modernes. Cette robe sir\u00e8ne en cr\u00eape souple et fluide poss\u00e8de un corsage magnifiquement coup\u00e9 qui expose audacieusement les c\u00f4t\u00e9s et le dos sous une dentelle guipure richement d\u00e9cor\u00e9e. Associez-la \u00e0 une surjupe en tulle pour la c\u00e9r\u00e9monie et retirez-la lorsque vous \u00eates pr\u00eate \u00e0 danser jusqu&#039;au bout de la nuit.\" \/>\n<meta property=\"og:url\" content=\"https:\/\/www.koonings.com\/fr\/product\/white-one-by-st-patrick-hak-w1122bc1\/\" \/>\n<meta property=\"og:site_name\" content=\"Koonings\" \/>\n<meta property=\"article:publisher\" content=\"https:\/\/www.facebook.com\/kooningstheweddingpalace\" \/>\n<meta property=\"og:image\" content=\"https:\/\/www.koonings.com\/wp-content\/uploads\/2024\/11\/39396_165c1716f93f52fbac7fad1d5d2aca540038270a572f638c325e8d6fbad4a353bc086d3b-scaled.jpeg\" \/>\n\t<meta property=\"og:image:width\" content=\"1808\" \/>\n\t<meta property=\"og:image:height\" content=\"2560\" \/>\n\t<meta property=\"og:image:type\" content=\"image\/jpeg\" \/>\n<meta name=\"twitter:card\" content=\"summary_large_image\" \/>\n<script type=\"application\/ld+json\" class=\"yoast-schema-graph\">{\"@context\":\"https:\\\/\\\/schema.org\",\"@graph\":[{\"@type\":\"WebPage\",\"@id\":\"https:\\\/\\\/www.koonings.com\\\/fr\\\/product\\\/white-one-by-st-patrick-hak-w1122bc1\\\/\",\"url\":\"https:\\\/\\\/www.koonings.com\\\/fr\\\/product\\\/white-one-by-st-patrick-hak-w1122bc1\\\/\",\"name\":\"White One by St. Patrick Hak W1122BC1 | Koonings\",\"isPartOf\":{\"@id\":\"https:\\\/\\\/www.koonings.com\\\/fr\\\/#website\"},\"primaryImageOfPage\":{\"@id\":\"https:\\\/\\\/www.koonings.com\\\/fr\\\/product\\\/white-one-by-st-patrick-hak-w1122bc1\\\/#primaryimage\"},\"image\":{\"@id\":\"https:\\\/\\\/www.koonings.com\\\/fr\\\/product\\\/white-one-by-st-patrick-hak-w1122bc1\\\/#primaryimage\"},\"thumbnailUrl\":\"https:\\\/\\\/www.koonings.com\\\/wp-content\\\/uploads\\\/2024\\\/11\\\/39396_165c1716f93f52fbac7fad1d5d2aca540038270a572f638c325e8d6fbad4a353bc086d3b-scaled.jpeg\",\"datePublished\":\"2025-07-10T10:20:24+00:00\",\"description\":\"Un look sexy pour les mari\u00e9es modernes. Cette robe sir\u00e8ne en cr\u00eape souple et fluide poss\u00e8de un corsage magnifiquement coup\u00e9 qui expose audacieusement les c\u00f4t\u00e9s et le dos sous une dentelle guipure richement d\u00e9cor\u00e9e. Associez-la \u00e0 une surjupe en tulle pour la c\u00e9r\u00e9monie et retirez-la lorsque vous \u00eates pr\u00eate \u00e0 danser jusqu'au bout de la nuit.\",\"breadcrumb\":{\"@id\":\"https:\\\/\\\/www.koonings.com\\\/fr\\\/product\\\/white-one-by-st-patrick-hak-w1122bc1\\\/#breadcrumb\"},\"inLanguage\":\"fr-FR\",\"potentialAction\":[{\"@type\":\"ReadAction\",\"target\":[\"https:\\\/\\\/www.koonings.com\\\/fr\\\/product\\\/white-one-by-st-patrick-hak-w1122bc1\\\/\"]}]},{\"@type\":\"ImageObject\",\"inLanguage\":\"fr-FR\",\"@id\":\"https:\\\/\\\/www.koonings.com\\\/fr\\\/product\\\/white-one-by-st-patrick-hak-w1122bc1\\\/#primaryimage\",\"url\":\"https:\\\/\\\/www.koonings.com\\\/wp-content\\\/uploads\\\/2024\\\/11\\\/39396_165c1716f93f52fbac7fad1d5d2aca540038270a572f638c325e8d6fbad4a353bc086d3b-scaled.jpeg\",\"contentUrl\":\"https:\\\/\\\/www.koonings.com\\\/wp-content\\\/uploads\\\/2024\\\/11\\\/39396_165c1716f93f52fbac7fad1d5d2aca540038270a572f638c325e8d6fbad4a353bc086d3b-scaled.jpeg\",\"width\":1808,\"height\":2560},{\"@type\":\"BreadcrumbList\",\"@id\":\"https:\\\/\\\/www.koonings.com\\\/fr\\\/product\\\/white-one-by-st-patrick-hak-w1122bc1\\\/#breadcrumb\",\"itemListElement\":[{\"@type\":\"ListItem\",\"position\":1,\"name\":\"Home\",\"item\":\"https:\\\/\\\/www.koonings.com\\\/fr\\\/\"},{\"@type\":\"ListItem\",\"position\":2,\"name\":\"White One by St. Patrick Hak W1122BC1\"}]},{\"@type\":\"WebSite\",\"@id\":\"https:\\\/\\\/www.koonings.com\\\/fr\\\/#website\",\"url\":\"https:\\\/\\\/www.koonings.com\\\/fr\\\/\",\"name\":\"Koonings\",\"description\":\"De grootste bruidsmodewinkel ter wereld\",\"publisher\":{\"@id\":\"https:\\\/\\\/www.koonings.com\\\/fr\\\/#organization\"},\"potentialAction\":[{\"@type\":\"SearchAction\",\"target\":{\"@type\":\"EntryPoint\",\"urlTemplate\":\"https:\\\/\\\/www.koonings.com\\\/fr\\\/?s={search_term_string}\"},\"query-input\":{\"@type\":\"PropertyValueSpecification\",\"valueRequired\":true,\"valueName\":\"search_term_string\"}}],\"inLanguage\":\"fr-FR\"},{\"@type\":\"Organization\",\"@id\":\"https:\\\/\\\/www.koonings.com\\\/fr\\\/#organization\",\"name\":\"Koonings\",\"url\":\"https:\\\/\\\/www.koonings.com\\\/fr\\\/\",\"logo\":{\"@type\":\"ImageObject\",\"inLanguage\":\"fr-FR\",\"@id\":\"https:\\\/\\\/www.koonings.com\\\/fr\\\/#\\\/schema\\\/logo\\\/image\\\/\",\"url\":\"https:\\\/\\\/www.koonings.com\\\/wp-content\\\/uploads\\\/2024\\\/07\\\/logo.png\",\"contentUrl\":\"https:\\\/\\\/www.koonings.com\\\/wp-content\\\/uploads\\\/2024\\\/07\\\/logo.png\",\"width\":600,\"height\":428,\"caption\":\"Koonings\"},\"image\":{\"@id\":\"https:\\\/\\\/www.koonings.com\\\/fr\\\/#\\\/schema\\\/logo\\\/image\\\/\"},\"sameAs\":[\"https:\\\/\\\/www.facebook.com\\\/kooningstheweddingpalace\",\"https:\\\/\\\/www.instagram.com\\\/kooningstheweddingpalace\",\"https:\\\/\\\/www.pinterest.com\\\/koonings\",\"https:\\\/\\\/www.youtube.com\\\/kooningstheweddingpalace\"]}]}<\/script>\n<!-- \/ Yoast SEO plugin. -->","yoast_head_json":{"title":"White One by St. Patrick Hak W1122BC1 | Koonings","description":"Un look sexy pour les mari\u00e9es modernes. Cette robe sir\u00e8ne en cr\u00eape souple et fluide poss\u00e8de un corsage magnifiquement coup\u00e9 qui expose audacieusement les c\u00f4t\u00e9s et le dos sous une dentelle guipure richement d\u00e9cor\u00e9e. Associez-la \u00e0 une surjupe en tulle pour la c\u00e9r\u00e9monie et retirez-la lorsque vous \u00eates pr\u00eate \u00e0 danser jusqu'au bout de la nuit.","robots":{"index":"index","follow":"follow","max-snippet":"max-snippet:-1","max-image-preview":"max-image-preview:large","max-video-preview":"max-video-preview:-1"},"canonical":"https:\/\/www.koonings.com\/fr\/product\/white-one-by-st-patrick-hak-w1122bc1\/","og_locale":"fr_FR","og_type":"article","og_title":"White One by St. Patrick Hak W1122BC1 | Koonings","og_description":"Un look sexy pour les mari\u00e9es modernes. Cette robe sir\u00e8ne en cr\u00eape souple et fluide poss\u00e8de un corsage magnifiquement coup\u00e9 qui expose audacieusement les c\u00f4t\u00e9s et le dos sous une dentelle guipure richement d\u00e9cor\u00e9e. Associez-la \u00e0 une surjupe en tulle pour la c\u00e9r\u00e9monie et retirez-la lorsque vous \u00eates pr\u00eate \u00e0 danser jusqu'au bout de la nuit.","og_url":"https:\/\/www.koonings.com\/fr\/product\/white-one-by-st-patrick-hak-w1122bc1\/","og_site_name":"Koonings","article_publisher":"https:\/\/www.facebook.com\/kooningstheweddingpalace","og_image":[{"width":1808,"height":2560,"url":"https:\/\/www.koonings.com\/wp-content\/uploads\/2024\/11\/39396_165c1716f93f52fbac7fad1d5d2aca540038270a572f638c325e8d6fbad4a353bc086d3b-scaled.jpeg","type":"image\/jpeg"}],"twitter_card":"summary_large_image","schema":{"@context":"https:\/\/schema.org","@graph":[{"@type":"WebPage","@id":"https:\/\/www.koonings.com\/fr\/product\/white-one-by-st-patrick-hak-w1122bc1\/","url":"https:\/\/www.koonings.com\/fr\/product\/white-one-by-st-patrick-hak-w1122bc1\/","name":"White One by St. Patrick Hak W1122BC1 | Koonings","isPartOf":{"@id":"https:\/\/www.koonings.com\/fr\/#website"},"primaryImageOfPage":{"@id":"https:\/\/www.koonings.com\/fr\/product\/white-one-by-st-patrick-hak-w1122bc1\/#primaryimage"},"image":{"@id":"https:\/\/www.koonings.com\/fr\/product\/white-one-by-st-patrick-hak-w1122bc1\/#primaryimage"},"thumbnailUrl":"https:\/\/www.koonings.com\/wp-content\/uploads\/2024\/11\/39396_165c1716f93f52fbac7fad1d5d2aca540038270a572f638c325e8d6fbad4a353bc086d3b-scaled.jpeg","datePublished":"2025-07-10T10:20:24+00:00","description":"Un look sexy pour les mari\u00e9es modernes. Cette robe sir\u00e8ne en cr\u00eape souple et fluide poss\u00e8de un corsage magnifiquement coup\u00e9 qui expose audacieusement les c\u00f4t\u00e9s et le dos sous une dentelle guipure richement d\u00e9cor\u00e9e. Associez-la \u00e0 une surjupe en tulle pour la c\u00e9r\u00e9monie et retirez-la lorsque vous \u00eates pr\u00eate \u00e0 danser jusqu'au bout de la nuit.","breadcrumb":{"@id":"https:\/\/www.koonings.com\/fr\/product\/white-one-by-st-patrick-hak-w1122bc1\/#breadcrumb"},"inLanguage":"fr-FR","potentialAction":[{"@type":"ReadAction","target":["https:\/\/www.koonings.com\/fr\/product\/white-one-by-st-patrick-hak-w1122bc1\/"]}]},{"@type":"ImageObject","inLanguage":"fr-FR","@id":"https:\/\/www.koonings.com\/fr\/product\/white-one-by-st-patrick-hak-w1122bc1\/#primaryimage","url":"https:\/\/www.koonings.com\/wp-content\/uploads\/2024\/11\/39396_165c1716f93f52fbac7fad1d5d2aca540038270a572f638c325e8d6fbad4a353bc086d3b-scaled.jpeg","contentUrl":"https:\/\/www.koonings.com\/wp-content\/uploads\/2024\/11\/39396_165c1716f93f52fbac7fad1d5d2aca540038270a572f638c325e8d6fbad4a353bc086d3b-scaled.jpeg","width":1808,"height":2560},{"@type":"BreadcrumbList","@id":"https:\/\/www.koonings.com\/fr\/product\/white-one-by-st-patrick-hak-w1122bc1\/#breadcrumb","itemListElement":[{"@type":"ListItem","position":1,"name":"Home","item":"https:\/\/www.koonings.com\/fr\/"},{"@type":"ListItem","position":2,"name":"White One by St. Patrick Hak W1122BC1"}]},{"@type":"WebSite","@id":"https:\/\/www.koonings.com\/fr\/#website","url":"https:\/\/www.koonings.com\/fr\/","name":"Koonings","description":"De grootste bruidsmodewinkel ter wereld","publisher":{"@id":"https:\/\/www.koonings.com\/fr\/#organization"},"potentialAction":[{"@type":"SearchAction","target":{"@type":"EntryPoint","urlTemplate":"https:\/\/www.koonings.com\/fr\/?s={search_term_string}"},"query-input":{"@type":"PropertyValueSpecification","valueRequired":true,"valueName":"search_term_string"}}],"inLanguage":"fr-FR"},{"@type":"Organization","@id":"https:\/\/www.koonings.com\/fr\/#organization","name":"Koonings","url":"https:\/\/www.koonings.com\/fr\/","logo":{"@type":"ImageObject","inLanguage":"fr-FR","@id":"https:\/\/www.koonings.com\/fr\/#\/schema\/logo\/image\/","url":"https:\/\/www.koonings.com\/wp-content\/uploads\/2024\/07\/logo.png","contentUrl":"https:\/\/www.koonings.com\/wp-content\/uploads\/2024\/07\/logo.png","width":600,"height":428,"caption":"Koonings"},"image":{"@id":"https:\/\/www.koonings.com\/fr\/#\/schema\/logo\/image\/"},"sameAs":["https:\/\/www.facebook.com\/kooningstheweddingpalace","https:\/\/www.instagram.com\/kooningstheweddingpalace","https:\/\/www.pinterest.com\/koonings","https:\/\/www.youtube.com\/kooningstheweddingpalace"]}]}},"_links":{"self":[{"href":"https:\/\/www.koonings.com\/fr\/wp-json\/wp\/v2\/product\/77932","targetHints":{"allow":["GET"]}}],"collection":[{"href":"https:\/\/www.koonings.com\/fr\/wp-json\/wp\/v2\/product"}],"about":[{"href":"https:\/\/www.koonings.com\/fr\/wp-json\/wp\/v2\/types\/product"}],"wp:featuredmedia":[{"embeddable":true,"href":"https:\/\/www.koonings.com\/fr\/wp-json\/wp\/v2\/media\/40058"}],"wp:attachment":[{"href":"https:\/\/www.koonings.com\/fr\/wp-json\/wp\/v2\/media?parent=77932"}],"wp:term":[{"taxonomy":"productdetails","embeddable":true,"href":"https:\/\/www.koonings.com\/fr\/wp-json\/wp\/v2\/productdetails?post=77932"},{"taxonomy":"productneck","embeddable":true,"href":"https:\/\/www.koonings.com\/fr\/wp-json\/wp\/v2\/productneck?post=77932"},{"taxonomy":"productcolor","embeddable":true,"href":"https:\/\/www.koonings.com\/fr\/wp-json\/wp\/v2\/productcolor?post=77932"},{"taxonomy":"maat","embeddable":true,"href":"https:\/\/www.koonings.com\/fr\/wp-json\/wp\/v2\/maat?post=77932"},{"taxonomy":"productsupplier","embeddable":true,"href":"https:\/\/www.koonings.com\/fr\/wp-json\/wp\/v2\/productsupplier?post=77932"},{"taxonomy":"productsleeve","embeddable":true,"href":"https:\/\/www.koonings.com\/fr\/wp-json\/wp\/v2\/productsleeve?post=77932"},{"taxonomy":"productcategory","embeddable":true,"href":"https:\/\/www.koonings.com\/fr\/wp-json\/wp\/v2\/productcategory?post=77932"},{"taxonomy":"productsilhouette","embeddable":true,"href":"https:\/\/www.koonings.com\/fr\/wp-json\/wp\/v2\/productsilhouette?post=77932"},{"taxonomy":"productstyle","embeddable":true,"href":"https:\/\/www.koonings.com\/fr\/wp-json\/wp\/v2\/productstyle?post=77932"}],"curies":[{"name":"wp","href":"https:\/\/api.w.org\/{rel}","templated":true}]}}