{"id":77924,"date":"2025-12-15T00:24:07","date_gmt":"2025-12-14T23:24:07","guid":{"rendered":"https:\/\/www.koonings.com\/product\/milla-nova-elada\/"},"modified":"2026-02-02T14:24:40","modified_gmt":"2026-02-02T13:24:40","slug":"milla-nova-elada","status":"publish","type":"product","link":"https:\/\/www.koonings.com\/fr\/product\/milla-nova-elada\/","title":{"rendered":"Milla Nova Elada"},"content":{"rendered":"<p>Robe de mari\u00e9e de r\u00eave en tulle avec bretelles spaghetti et un adorable corset agr\u00e9ment\u00e9 d&#8217;appliques en dentelle florale et d&#8217;un la\u00e7age dans le dos. Elle est livr\u00e9e avec des &#8220;sous-v\u00eatements&#8221; et un jupon int\u00e9gr\u00e9 ou ample. <\/p>\n","protected":false},"featured_media":21172,"template":"","meta":{"_acf_changed":false,"ghostkit_customizer_options":"","ghostkit_custom_css":"","ghostkit_custom_js_head":"","ghostkit_custom_js_foot":"","ghostkit_typography":""},"productdetails":[],"productneck":[355],"productcolor":[392],"maat":[],"productsupplier":[446],"productsleeve":[],"productcategory":[18],"productsilhouette":[384],"productstyle":[],"class_list":["post-77924","product","type-product","status-publish","has-post-thumbnail","hentry","productneck-355","productcolor-392","productsupplier-milla-nova","productcategory-trouwjurken","productsilhouette-384"],"acf":[],"yoast_head":"<!-- This site is optimized with the Yoast SEO plugin v27.3 - https:\/\/yoast.com\/product\/yoast-seo-wordpress\/ -->\n<title>Milla Nova Elada | Koonings<\/title>\n<meta name=\"description\" content=\"Robe de mari\u00e9e de r\u00eave en tulle avec bretelles spaghetti et un adorable corset agr\u00e9ment\u00e9 d&#039;appliques en dentelle florale et d&#039;un la\u00e7age dans le dos. Elle est livr\u00e9e avec des &quot;sous-v\u00eatements&quot; et un jupon int\u00e9gr\u00e9 ou ample.\" \/>\n<meta name=\"robots\" content=\"index, follow, max-snippet:-1, max-image-preview:large, max-video-preview:-1\" \/>\n<link rel=\"canonical\" href=\"https:\/\/www.koonings.com\/fr\/product\/milla-nova-elada\/\" \/>\n<meta property=\"og:locale\" content=\"fr_FR\" \/>\n<meta property=\"og:type\" content=\"article\" \/>\n<meta property=\"og:title\" content=\"Milla Nova Elada | Koonings\" \/>\n<meta property=\"og:description\" content=\"Robe de mari\u00e9e de r\u00eave en tulle avec bretelles spaghetti et un adorable corset agr\u00e9ment\u00e9 d&#039;appliques en dentelle florale et d&#039;un la\u00e7age dans le dos. Elle est livr\u00e9e avec des &quot;sous-v\u00eatements&quot; et un jupon int\u00e9gr\u00e9 ou ample.\" \/>\n<meta property=\"og:url\" content=\"https:\/\/www.koonings.com\/fr\/product\/milla-nova-elada\/\" \/>\n<meta property=\"og:site_name\" content=\"Koonings\" \/>\n<meta property=\"article:publisher\" content=\"https:\/\/www.facebook.com\/kooningstheweddingpalace\" \/>\n<meta property=\"article:modified_time\" content=\"2026-02-02T13:24:40+00:00\" \/>\n<meta property=\"og:image\" content=\"https:\/\/www.koonings.com\/wp-content\/uploads\/2024\/08\/39426_43399091ffbae8e95ce490d261deb737789f7132af9aeeb7bfc7f6dc4f90e5eacb5443b0.jpeg\" \/>\n\t<meta property=\"og:image:width\" content=\"398\" \/>\n\t<meta property=\"og:image:height\" content=\"708\" \/>\n\t<meta property=\"og:image:type\" content=\"image\/jpeg\" \/>\n<meta name=\"twitter:card\" content=\"summary_large_image\" \/>\n<script type=\"application\/ld+json\" class=\"yoast-schema-graph\">{\"@context\":\"https:\\\/\\\/schema.org\",\"@graph\":[{\"@type\":\"WebPage\",\"@id\":\"https:\\\/\\\/www.koonings.com\\\/fr\\\/product\\\/milla-nova-elada\\\/\",\"url\":\"https:\\\/\\\/www.koonings.com\\\/fr\\\/product\\\/milla-nova-elada\\\/\",\"name\":\"Milla Nova Elada | Koonings\",\"isPartOf\":{\"@id\":\"https:\\\/\\\/www.koonings.com\\\/fr\\\/#website\"},\"primaryImageOfPage\":{\"@id\":\"https:\\\/\\\/www.koonings.com\\\/fr\\\/product\\\/milla-nova-elada\\\/#primaryimage\"},\"image\":{\"@id\":\"https:\\\/\\\/www.koonings.com\\\/fr\\\/product\\\/milla-nova-elada\\\/#primaryimage\"},\"thumbnailUrl\":\"https:\\\/\\\/www.koonings.com\\\/wp-content\\\/uploads\\\/2024\\\/08\\\/39426_43399091ffbae8e95ce490d261deb737789f7132af9aeeb7bfc7f6dc4f90e5eacb5443b0.jpeg\",\"datePublished\":\"2025-12-14T23:24:07+00:00\",\"dateModified\":\"2026-02-02T13:24:40+00:00\",\"description\":\"Robe de mari\u00e9e de r\u00eave en tulle avec bretelles spaghetti et un adorable corset agr\u00e9ment\u00e9 d'appliques en dentelle florale et d'un la\u00e7age dans le dos. Elle est livr\u00e9e avec des \\\"sous-v\u00eatements\\\" et un jupon int\u00e9gr\u00e9 ou ample.\",\"breadcrumb\":{\"@id\":\"https:\\\/\\\/www.koonings.com\\\/fr\\\/product\\\/milla-nova-elada\\\/#breadcrumb\"},\"inLanguage\":\"fr-FR\",\"potentialAction\":[{\"@type\":\"ReadAction\",\"target\":[\"https:\\\/\\\/www.koonings.com\\\/fr\\\/product\\\/milla-nova-elada\\\/\"]}]},{\"@type\":\"ImageObject\",\"inLanguage\":\"fr-FR\",\"@id\":\"https:\\\/\\\/www.koonings.com\\\/fr\\\/product\\\/milla-nova-elada\\\/#primaryimage\",\"url\":\"https:\\\/\\\/www.koonings.com\\\/wp-content\\\/uploads\\\/2024\\\/08\\\/39426_43399091ffbae8e95ce490d261deb737789f7132af9aeeb7bfc7f6dc4f90e5eacb5443b0.jpeg\",\"contentUrl\":\"https:\\\/\\\/www.koonings.com\\\/wp-content\\\/uploads\\\/2024\\\/08\\\/39426_43399091ffbae8e95ce490d261deb737789f7132af9aeeb7bfc7f6dc4f90e5eacb5443b0.jpeg\",\"width\":398,\"height\":708},{\"@type\":\"BreadcrumbList\",\"@id\":\"https:\\\/\\\/www.koonings.com\\\/fr\\\/product\\\/milla-nova-elada\\\/#breadcrumb\",\"itemListElement\":[{\"@type\":\"ListItem\",\"position\":1,\"name\":\"Home\",\"item\":\"https:\\\/\\\/www.koonings.com\\\/fr\\\/\"},{\"@type\":\"ListItem\",\"position\":2,\"name\":\"Milla Nova Elada\"}]},{\"@type\":\"WebSite\",\"@id\":\"https:\\\/\\\/www.koonings.com\\\/fr\\\/#website\",\"url\":\"https:\\\/\\\/www.koonings.com\\\/fr\\\/\",\"name\":\"Koonings\",\"description\":\"De grootste bruidsmodewinkel ter wereld\",\"publisher\":{\"@id\":\"https:\\\/\\\/www.koonings.com\\\/fr\\\/#organization\"},\"potentialAction\":[{\"@type\":\"SearchAction\",\"target\":{\"@type\":\"EntryPoint\",\"urlTemplate\":\"https:\\\/\\\/www.koonings.com\\\/fr\\\/?s={search_term_string}\"},\"query-input\":{\"@type\":\"PropertyValueSpecification\",\"valueRequired\":true,\"valueName\":\"search_term_string\"}}],\"inLanguage\":\"fr-FR\"},{\"@type\":\"Organization\",\"@id\":\"https:\\\/\\\/www.koonings.com\\\/fr\\\/#organization\",\"name\":\"Koonings\",\"url\":\"https:\\\/\\\/www.koonings.com\\\/fr\\\/\",\"logo\":{\"@type\":\"ImageObject\",\"inLanguage\":\"fr-FR\",\"@id\":\"https:\\\/\\\/www.koonings.com\\\/fr\\\/#\\\/schema\\\/logo\\\/image\\\/\",\"url\":\"https:\\\/\\\/www.koonings.com\\\/wp-content\\\/uploads\\\/2024\\\/07\\\/logo.png\",\"contentUrl\":\"https:\\\/\\\/www.koonings.com\\\/wp-content\\\/uploads\\\/2024\\\/07\\\/logo.png\",\"width\":600,\"height\":428,\"caption\":\"Koonings\"},\"image\":{\"@id\":\"https:\\\/\\\/www.koonings.com\\\/fr\\\/#\\\/schema\\\/logo\\\/image\\\/\"},\"sameAs\":[\"https:\\\/\\\/www.facebook.com\\\/kooningstheweddingpalace\",\"https:\\\/\\\/www.instagram.com\\\/kooningstheweddingpalace\",\"https:\\\/\\\/www.pinterest.com\\\/koonings\",\"https:\\\/\\\/www.youtube.com\\\/kooningstheweddingpalace\"]}]}<\/script>\n<!-- \/ Yoast SEO plugin. -->","yoast_head_json":{"title":"Milla Nova Elada | Koonings","description":"Robe de mari\u00e9e de r\u00eave en tulle avec bretelles spaghetti et un adorable corset agr\u00e9ment\u00e9 d'appliques en dentelle florale et d'un la\u00e7age dans le dos. Elle est livr\u00e9e avec des \"sous-v\u00eatements\" et un jupon int\u00e9gr\u00e9 ou ample.","robots":{"index":"index","follow":"follow","max-snippet":"max-snippet:-1","max-image-preview":"max-image-preview:large","max-video-preview":"max-video-preview:-1"},"canonical":"https:\/\/www.koonings.com\/fr\/product\/milla-nova-elada\/","og_locale":"fr_FR","og_type":"article","og_title":"Milla Nova Elada | Koonings","og_description":"Robe de mari\u00e9e de r\u00eave en tulle avec bretelles spaghetti et un adorable corset agr\u00e9ment\u00e9 d'appliques en dentelle florale et d'un la\u00e7age dans le dos. Elle est livr\u00e9e avec des \"sous-v\u00eatements\" et un jupon int\u00e9gr\u00e9 ou ample.","og_url":"https:\/\/www.koonings.com\/fr\/product\/milla-nova-elada\/","og_site_name":"Koonings","article_publisher":"https:\/\/www.facebook.com\/kooningstheweddingpalace","article_modified_time":"2026-02-02T13:24:40+00:00","og_image":[{"width":398,"height":708,"url":"https:\/\/www.koonings.com\/wp-content\/uploads\/2024\/08\/39426_43399091ffbae8e95ce490d261deb737789f7132af9aeeb7bfc7f6dc4f90e5eacb5443b0.jpeg","type":"image\/jpeg"}],"twitter_card":"summary_large_image","schema":{"@context":"https:\/\/schema.org","@graph":[{"@type":"WebPage","@id":"https:\/\/www.koonings.com\/fr\/product\/milla-nova-elada\/","url":"https:\/\/www.koonings.com\/fr\/product\/milla-nova-elada\/","name":"Milla Nova Elada | Koonings","isPartOf":{"@id":"https:\/\/www.koonings.com\/fr\/#website"},"primaryImageOfPage":{"@id":"https:\/\/www.koonings.com\/fr\/product\/milla-nova-elada\/#primaryimage"},"image":{"@id":"https:\/\/www.koonings.com\/fr\/product\/milla-nova-elada\/#primaryimage"},"thumbnailUrl":"https:\/\/www.koonings.com\/wp-content\/uploads\/2024\/08\/39426_43399091ffbae8e95ce490d261deb737789f7132af9aeeb7bfc7f6dc4f90e5eacb5443b0.jpeg","datePublished":"2025-12-14T23:24:07+00:00","dateModified":"2026-02-02T13:24:40+00:00","description":"Robe de mari\u00e9e de r\u00eave en tulle avec bretelles spaghetti et un adorable corset agr\u00e9ment\u00e9 d'appliques en dentelle florale et d'un la\u00e7age dans le dos. Elle est livr\u00e9e avec des \"sous-v\u00eatements\" et un jupon int\u00e9gr\u00e9 ou ample.","breadcrumb":{"@id":"https:\/\/www.koonings.com\/fr\/product\/milla-nova-elada\/#breadcrumb"},"inLanguage":"fr-FR","potentialAction":[{"@type":"ReadAction","target":["https:\/\/www.koonings.com\/fr\/product\/milla-nova-elada\/"]}]},{"@type":"ImageObject","inLanguage":"fr-FR","@id":"https:\/\/www.koonings.com\/fr\/product\/milla-nova-elada\/#primaryimage","url":"https:\/\/www.koonings.com\/wp-content\/uploads\/2024\/08\/39426_43399091ffbae8e95ce490d261deb737789f7132af9aeeb7bfc7f6dc4f90e5eacb5443b0.jpeg","contentUrl":"https:\/\/www.koonings.com\/wp-content\/uploads\/2024\/08\/39426_43399091ffbae8e95ce490d261deb737789f7132af9aeeb7bfc7f6dc4f90e5eacb5443b0.jpeg","width":398,"height":708},{"@type":"BreadcrumbList","@id":"https:\/\/www.koonings.com\/fr\/product\/milla-nova-elada\/#breadcrumb","itemListElement":[{"@type":"ListItem","position":1,"name":"Home","item":"https:\/\/www.koonings.com\/fr\/"},{"@type":"ListItem","position":2,"name":"Milla Nova Elada"}]},{"@type":"WebSite","@id":"https:\/\/www.koonings.com\/fr\/#website","url":"https:\/\/www.koonings.com\/fr\/","name":"Koonings","description":"De grootste bruidsmodewinkel ter wereld","publisher":{"@id":"https:\/\/www.koonings.com\/fr\/#organization"},"potentialAction":[{"@type":"SearchAction","target":{"@type":"EntryPoint","urlTemplate":"https:\/\/www.koonings.com\/fr\/?s={search_term_string}"},"query-input":{"@type":"PropertyValueSpecification","valueRequired":true,"valueName":"search_term_string"}}],"inLanguage":"fr-FR"},{"@type":"Organization","@id":"https:\/\/www.koonings.com\/fr\/#organization","name":"Koonings","url":"https:\/\/www.koonings.com\/fr\/","logo":{"@type":"ImageObject","inLanguage":"fr-FR","@id":"https:\/\/www.koonings.com\/fr\/#\/schema\/logo\/image\/","url":"https:\/\/www.koonings.com\/wp-content\/uploads\/2024\/07\/logo.png","contentUrl":"https:\/\/www.koonings.com\/wp-content\/uploads\/2024\/07\/logo.png","width":600,"height":428,"caption":"Koonings"},"image":{"@id":"https:\/\/www.koonings.com\/fr\/#\/schema\/logo\/image\/"},"sameAs":["https:\/\/www.facebook.com\/kooningstheweddingpalace","https:\/\/www.instagram.com\/kooningstheweddingpalace","https:\/\/www.pinterest.com\/koonings","https:\/\/www.youtube.com\/kooningstheweddingpalace"]}]}},"_links":{"self":[{"href":"https:\/\/www.koonings.com\/fr\/wp-json\/wp\/v2\/product\/77924","targetHints":{"allow":["GET"]}}],"collection":[{"href":"https:\/\/www.koonings.com\/fr\/wp-json\/wp\/v2\/product"}],"about":[{"href":"https:\/\/www.koonings.com\/fr\/wp-json\/wp\/v2\/types\/product"}],"wp:featuredmedia":[{"embeddable":true,"href":"https:\/\/www.koonings.com\/fr\/wp-json\/wp\/v2\/media\/21172"}],"wp:attachment":[{"href":"https:\/\/www.koonings.com\/fr\/wp-json\/wp\/v2\/media?parent=77924"}],"wp:term":[{"taxonomy":"productdetails","embeddable":true,"href":"https:\/\/www.koonings.com\/fr\/wp-json\/wp\/v2\/productdetails?post=77924"},{"taxonomy":"productneck","embeddable":true,"href":"https:\/\/www.koonings.com\/fr\/wp-json\/wp\/v2\/productneck?post=77924"},{"taxonomy":"productcolor","embeddable":true,"href":"https:\/\/www.koonings.com\/fr\/wp-json\/wp\/v2\/productcolor?post=77924"},{"taxonomy":"maat","embeddable":true,"href":"https:\/\/www.koonings.com\/fr\/wp-json\/wp\/v2\/maat?post=77924"},{"taxonomy":"productsupplier","embeddable":true,"href":"https:\/\/www.koonings.com\/fr\/wp-json\/wp\/v2\/productsupplier?post=77924"},{"taxonomy":"productsleeve","embeddable":true,"href":"https:\/\/www.koonings.com\/fr\/wp-json\/wp\/v2\/productsleeve?post=77924"},{"taxonomy":"productcategory","embeddable":true,"href":"https:\/\/www.koonings.com\/fr\/wp-json\/wp\/v2\/productcategory?post=77924"},{"taxonomy":"productsilhouette","embeddable":true,"href":"https:\/\/www.koonings.com\/fr\/wp-json\/wp\/v2\/productsilhouette?post=77924"},{"taxonomy":"productstyle","embeddable":true,"href":"https:\/\/www.koonings.com\/fr\/wp-json\/wp\/v2\/productstyle?post=77924"}],"curies":[{"name":"wp","href":"https:\/\/api.w.org\/{rel}","templated":true}]}}