{"id":77915,"date":"2025-12-15T00:24:20","date_gmt":"2025-12-14T23:24:20","guid":{"rendered":"https:\/\/www.koonings.com\/product\/milla-nova-isla\/"},"modified":"2026-02-02T14:24:52","modified_gmt":"2026-02-02T13:24:52","slug":"milla-nova-isla","status":"publish","type":"product","link":"https:\/\/www.koonings.com\/fr\/product\/milla-nova-isla\/","title":{"rendered":"Milla Nova Isla"},"content":{"rendered":"<p>Robe de mari\u00e9e de forme trap\u00e8ze enti\u00e8rement orn\u00e9e de perles.&nbsp;Elle est dot\u00e9e d&#8217;un corset sans manches en forme de c\u0153ur avec un d\u00e9sossage et d&#8217;une jupe en tulle bouffant avec une longue tra\u00eene. Koonings The Wedding Palace dispose d&#8217;un shop-in-shop d\u00e9di\u00e9 \u00e0 sa tr\u00e8s vaste collection Milla Nova ! <\/p>\n","protected":false},"featured_media":40695,"template":"","meta":{"_acf_changed":false,"ghostkit_customizer_options":"","ghostkit_custom_css":"","ghostkit_custom_js_head":"","ghostkit_custom_js_foot":"","ghostkit_typography":""},"productdetails":[],"productneck":[355],"productcolor":[392],"maat":[],"productsupplier":[446],"productsleeve":[],"productcategory":[18],"productsilhouette":[384],"productstyle":[],"class_list":["post-77915","product","type-product","status-publish","has-post-thumbnail","hentry","productneck-355","productcolor-392","productsupplier-milla-nova","productcategory-trouwjurken","productsilhouette-384"],"acf":[],"yoast_head":"<!-- This site is optimized with the Yoast SEO plugin v27.3 - https:\/\/yoast.com\/product\/yoast-seo-wordpress\/ -->\n<title>Milla Nova Isla | Koonings<\/title>\n<meta name=\"description\" content=\"Robe de mari\u00e9e de forme trap\u00e8ze enti\u00e8rement orn\u00e9e de perles.\u00a0Elle est dot\u00e9e d&#039;un corset sans manches en forme de c\u0153ur avec un d\u00e9sossage et d&#039;une jupe en tulle bouffant avec une longue tra\u00eene. Koonings The Wedding Palace dispose d&#039;un shop-in-shop d\u00e9di\u00e9 \u00e0 sa tr\u00e8s vaste collection Milla Nova !\" \/>\n<meta name=\"robots\" content=\"index, follow, max-snippet:-1, max-image-preview:large, max-video-preview:-1\" \/>\n<link rel=\"canonical\" href=\"https:\/\/www.koonings.com\/fr\/product\/milla-nova-isla\/\" \/>\n<meta property=\"og:locale\" content=\"fr_FR\" \/>\n<meta property=\"og:type\" content=\"article\" \/>\n<meta property=\"og:title\" content=\"Milla Nova Isla | Koonings\" \/>\n<meta property=\"og:description\" content=\"Robe de mari\u00e9e de forme trap\u00e8ze enti\u00e8rement orn\u00e9e de perles.\u00a0Elle est dot\u00e9e d&#039;un corset sans manches en forme de c\u0153ur avec un d\u00e9sossage et d&#039;une jupe en tulle bouffant avec une longue tra\u00eene. Koonings The Wedding Palace dispose d&#039;un shop-in-shop d\u00e9di\u00e9 \u00e0 sa tr\u00e8s vaste collection Milla Nova !\" \/>\n<meta property=\"og:url\" content=\"https:\/\/www.koonings.com\/fr\/product\/milla-nova-isla\/\" \/>\n<meta property=\"og:site_name\" content=\"Koonings\" \/>\n<meta property=\"article:publisher\" content=\"https:\/\/www.facebook.com\/kooningstheweddingpalace\" \/>\n<meta property=\"article:modified_time\" content=\"2026-02-02T13:24:52+00:00\" \/>\n<meta property=\"og:image\" content=\"https:\/\/www.koonings.com\/wp-content\/uploads\/2024\/11\/39469_3dbcffa7a155286417573cb5ddb3e8b9a3687cfe4a88f1d0d35ba006e92b62c04ef318fe-scaled.jpeg\" \/>\n\t<meta property=\"og:image:width\" content=\"1708\" \/>\n\t<meta property=\"og:image:height\" content=\"2560\" \/>\n\t<meta property=\"og:image:type\" content=\"image\/jpeg\" \/>\n<meta name=\"twitter:card\" content=\"summary_large_image\" \/>\n<script type=\"application\/ld+json\" class=\"yoast-schema-graph\">{\"@context\":\"https:\\\/\\\/schema.org\",\"@graph\":[{\"@type\":\"WebPage\",\"@id\":\"https:\\\/\\\/www.koonings.com\\\/fr\\\/product\\\/milla-nova-isla\\\/\",\"url\":\"https:\\\/\\\/www.koonings.com\\\/fr\\\/product\\\/milla-nova-isla\\\/\",\"name\":\"Milla Nova Isla | Koonings\",\"isPartOf\":{\"@id\":\"https:\\\/\\\/www.koonings.com\\\/fr\\\/#website\"},\"primaryImageOfPage\":{\"@id\":\"https:\\\/\\\/www.koonings.com\\\/fr\\\/product\\\/milla-nova-isla\\\/#primaryimage\"},\"image\":{\"@id\":\"https:\\\/\\\/www.koonings.com\\\/fr\\\/product\\\/milla-nova-isla\\\/#primaryimage\"},\"thumbnailUrl\":\"https:\\\/\\\/www.koonings.com\\\/wp-content\\\/uploads\\\/2024\\\/11\\\/39469_3dbcffa7a155286417573cb5ddb3e8b9a3687cfe4a88f1d0d35ba006e92b62c04ef318fe-scaled.jpeg\",\"datePublished\":\"2025-12-14T23:24:20+00:00\",\"dateModified\":\"2026-02-02T13:24:52+00:00\",\"description\":\"Robe de mari\u00e9e de forme trap\u00e8ze enti\u00e8rement orn\u00e9e de perles.\u00a0Elle est dot\u00e9e d'un corset sans manches en forme de c\u0153ur avec un d\u00e9sossage et d'une jupe en tulle bouffant avec une longue tra\u00eene. Koonings The Wedding Palace dispose d'un shop-in-shop d\u00e9di\u00e9 \u00e0 sa tr\u00e8s vaste collection Milla Nova !\",\"breadcrumb\":{\"@id\":\"https:\\\/\\\/www.koonings.com\\\/fr\\\/product\\\/milla-nova-isla\\\/#breadcrumb\"},\"inLanguage\":\"fr-FR\",\"potentialAction\":[{\"@type\":\"ReadAction\",\"target\":[\"https:\\\/\\\/www.koonings.com\\\/fr\\\/product\\\/milla-nova-isla\\\/\"]}]},{\"@type\":\"ImageObject\",\"inLanguage\":\"fr-FR\",\"@id\":\"https:\\\/\\\/www.koonings.com\\\/fr\\\/product\\\/milla-nova-isla\\\/#primaryimage\",\"url\":\"https:\\\/\\\/www.koonings.com\\\/wp-content\\\/uploads\\\/2024\\\/11\\\/39469_3dbcffa7a155286417573cb5ddb3e8b9a3687cfe4a88f1d0d35ba006e92b62c04ef318fe-scaled.jpeg\",\"contentUrl\":\"https:\\\/\\\/www.koonings.com\\\/wp-content\\\/uploads\\\/2024\\\/11\\\/39469_3dbcffa7a155286417573cb5ddb3e8b9a3687cfe4a88f1d0d35ba006e92b62c04ef318fe-scaled.jpeg\",\"width\":1708,\"height\":2560},{\"@type\":\"BreadcrumbList\",\"@id\":\"https:\\\/\\\/www.koonings.com\\\/fr\\\/product\\\/milla-nova-isla\\\/#breadcrumb\",\"itemListElement\":[{\"@type\":\"ListItem\",\"position\":1,\"name\":\"Home\",\"item\":\"https:\\\/\\\/www.koonings.com\\\/fr\\\/\"},{\"@type\":\"ListItem\",\"position\":2,\"name\":\"Milla Nova Isla\"}]},{\"@type\":\"WebSite\",\"@id\":\"https:\\\/\\\/www.koonings.com\\\/fr\\\/#website\",\"url\":\"https:\\\/\\\/www.koonings.com\\\/fr\\\/\",\"name\":\"Koonings\",\"description\":\"De grootste bruidsmodewinkel ter wereld\",\"publisher\":{\"@id\":\"https:\\\/\\\/www.koonings.com\\\/fr\\\/#organization\"},\"potentialAction\":[{\"@type\":\"SearchAction\",\"target\":{\"@type\":\"EntryPoint\",\"urlTemplate\":\"https:\\\/\\\/www.koonings.com\\\/fr\\\/?s={search_term_string}\"},\"query-input\":{\"@type\":\"PropertyValueSpecification\",\"valueRequired\":true,\"valueName\":\"search_term_string\"}}],\"inLanguage\":\"fr-FR\"},{\"@type\":\"Organization\",\"@id\":\"https:\\\/\\\/www.koonings.com\\\/fr\\\/#organization\",\"name\":\"Koonings\",\"url\":\"https:\\\/\\\/www.koonings.com\\\/fr\\\/\",\"logo\":{\"@type\":\"ImageObject\",\"inLanguage\":\"fr-FR\",\"@id\":\"https:\\\/\\\/www.koonings.com\\\/fr\\\/#\\\/schema\\\/logo\\\/image\\\/\",\"url\":\"https:\\\/\\\/www.koonings.com\\\/wp-content\\\/uploads\\\/2024\\\/07\\\/logo.png\",\"contentUrl\":\"https:\\\/\\\/www.koonings.com\\\/wp-content\\\/uploads\\\/2024\\\/07\\\/logo.png\",\"width\":600,\"height\":428,\"caption\":\"Koonings\"},\"image\":{\"@id\":\"https:\\\/\\\/www.koonings.com\\\/fr\\\/#\\\/schema\\\/logo\\\/image\\\/\"},\"sameAs\":[\"https:\\\/\\\/www.facebook.com\\\/kooningstheweddingpalace\",\"https:\\\/\\\/www.instagram.com\\\/kooningstheweddingpalace\",\"https:\\\/\\\/www.pinterest.com\\\/koonings\",\"https:\\\/\\\/www.youtube.com\\\/kooningstheweddingpalace\"]}]}<\/script>\n<!-- \/ Yoast SEO plugin. -->","yoast_head_json":{"title":"Milla Nova Isla | Koonings","description":"Robe de mari\u00e9e de forme trap\u00e8ze enti\u00e8rement orn\u00e9e de perles.\u00a0Elle est dot\u00e9e d'un corset sans manches en forme de c\u0153ur avec un d\u00e9sossage et d'une jupe en tulle bouffant avec une longue tra\u00eene. Koonings The Wedding Palace dispose d'un shop-in-shop d\u00e9di\u00e9 \u00e0 sa tr\u00e8s vaste collection Milla Nova !","robots":{"index":"index","follow":"follow","max-snippet":"max-snippet:-1","max-image-preview":"max-image-preview:large","max-video-preview":"max-video-preview:-1"},"canonical":"https:\/\/www.koonings.com\/fr\/product\/milla-nova-isla\/","og_locale":"fr_FR","og_type":"article","og_title":"Milla Nova Isla | Koonings","og_description":"Robe de mari\u00e9e de forme trap\u00e8ze enti\u00e8rement orn\u00e9e de perles.\u00a0Elle est dot\u00e9e d'un corset sans manches en forme de c\u0153ur avec un d\u00e9sossage et d'une jupe en tulle bouffant avec une longue tra\u00eene. Koonings The Wedding Palace dispose d'un shop-in-shop d\u00e9di\u00e9 \u00e0 sa tr\u00e8s vaste collection Milla Nova !","og_url":"https:\/\/www.koonings.com\/fr\/product\/milla-nova-isla\/","og_site_name":"Koonings","article_publisher":"https:\/\/www.facebook.com\/kooningstheweddingpalace","article_modified_time":"2026-02-02T13:24:52+00:00","og_image":[{"width":1708,"height":2560,"url":"https:\/\/www.koonings.com\/wp-content\/uploads\/2024\/11\/39469_3dbcffa7a155286417573cb5ddb3e8b9a3687cfe4a88f1d0d35ba006e92b62c04ef318fe-scaled.jpeg","type":"image\/jpeg"}],"twitter_card":"summary_large_image","schema":{"@context":"https:\/\/schema.org","@graph":[{"@type":"WebPage","@id":"https:\/\/www.koonings.com\/fr\/product\/milla-nova-isla\/","url":"https:\/\/www.koonings.com\/fr\/product\/milla-nova-isla\/","name":"Milla Nova Isla | Koonings","isPartOf":{"@id":"https:\/\/www.koonings.com\/fr\/#website"},"primaryImageOfPage":{"@id":"https:\/\/www.koonings.com\/fr\/product\/milla-nova-isla\/#primaryimage"},"image":{"@id":"https:\/\/www.koonings.com\/fr\/product\/milla-nova-isla\/#primaryimage"},"thumbnailUrl":"https:\/\/www.koonings.com\/wp-content\/uploads\/2024\/11\/39469_3dbcffa7a155286417573cb5ddb3e8b9a3687cfe4a88f1d0d35ba006e92b62c04ef318fe-scaled.jpeg","datePublished":"2025-12-14T23:24:20+00:00","dateModified":"2026-02-02T13:24:52+00:00","description":"Robe de mari\u00e9e de forme trap\u00e8ze enti\u00e8rement orn\u00e9e de perles.\u00a0Elle est dot\u00e9e d'un corset sans manches en forme de c\u0153ur avec un d\u00e9sossage et d'une jupe en tulle bouffant avec une longue tra\u00eene. Koonings The Wedding Palace dispose d'un shop-in-shop d\u00e9di\u00e9 \u00e0 sa tr\u00e8s vaste collection Milla Nova !","breadcrumb":{"@id":"https:\/\/www.koonings.com\/fr\/product\/milla-nova-isla\/#breadcrumb"},"inLanguage":"fr-FR","potentialAction":[{"@type":"ReadAction","target":["https:\/\/www.koonings.com\/fr\/product\/milla-nova-isla\/"]}]},{"@type":"ImageObject","inLanguage":"fr-FR","@id":"https:\/\/www.koonings.com\/fr\/product\/milla-nova-isla\/#primaryimage","url":"https:\/\/www.koonings.com\/wp-content\/uploads\/2024\/11\/39469_3dbcffa7a155286417573cb5ddb3e8b9a3687cfe4a88f1d0d35ba006e92b62c04ef318fe-scaled.jpeg","contentUrl":"https:\/\/www.koonings.com\/wp-content\/uploads\/2024\/11\/39469_3dbcffa7a155286417573cb5ddb3e8b9a3687cfe4a88f1d0d35ba006e92b62c04ef318fe-scaled.jpeg","width":1708,"height":2560},{"@type":"BreadcrumbList","@id":"https:\/\/www.koonings.com\/fr\/product\/milla-nova-isla\/#breadcrumb","itemListElement":[{"@type":"ListItem","position":1,"name":"Home","item":"https:\/\/www.koonings.com\/fr\/"},{"@type":"ListItem","position":2,"name":"Milla Nova Isla"}]},{"@type":"WebSite","@id":"https:\/\/www.koonings.com\/fr\/#website","url":"https:\/\/www.koonings.com\/fr\/","name":"Koonings","description":"De grootste bruidsmodewinkel ter wereld","publisher":{"@id":"https:\/\/www.koonings.com\/fr\/#organization"},"potentialAction":[{"@type":"SearchAction","target":{"@type":"EntryPoint","urlTemplate":"https:\/\/www.koonings.com\/fr\/?s={search_term_string}"},"query-input":{"@type":"PropertyValueSpecification","valueRequired":true,"valueName":"search_term_string"}}],"inLanguage":"fr-FR"},{"@type":"Organization","@id":"https:\/\/www.koonings.com\/fr\/#organization","name":"Koonings","url":"https:\/\/www.koonings.com\/fr\/","logo":{"@type":"ImageObject","inLanguage":"fr-FR","@id":"https:\/\/www.koonings.com\/fr\/#\/schema\/logo\/image\/","url":"https:\/\/www.koonings.com\/wp-content\/uploads\/2024\/07\/logo.png","contentUrl":"https:\/\/www.koonings.com\/wp-content\/uploads\/2024\/07\/logo.png","width":600,"height":428,"caption":"Koonings"},"image":{"@id":"https:\/\/www.koonings.com\/fr\/#\/schema\/logo\/image\/"},"sameAs":["https:\/\/www.facebook.com\/kooningstheweddingpalace","https:\/\/www.instagram.com\/kooningstheweddingpalace","https:\/\/www.pinterest.com\/koonings","https:\/\/www.youtube.com\/kooningstheweddingpalace"]}]}},"_links":{"self":[{"href":"https:\/\/www.koonings.com\/fr\/wp-json\/wp\/v2\/product\/77915","targetHints":{"allow":["GET"]}}],"collection":[{"href":"https:\/\/www.koonings.com\/fr\/wp-json\/wp\/v2\/product"}],"about":[{"href":"https:\/\/www.koonings.com\/fr\/wp-json\/wp\/v2\/types\/product"}],"wp:featuredmedia":[{"embeddable":true,"href":"https:\/\/www.koonings.com\/fr\/wp-json\/wp\/v2\/media\/40695"}],"wp:attachment":[{"href":"https:\/\/www.koonings.com\/fr\/wp-json\/wp\/v2\/media?parent=77915"}],"wp:term":[{"taxonomy":"productdetails","embeddable":true,"href":"https:\/\/www.koonings.com\/fr\/wp-json\/wp\/v2\/productdetails?post=77915"},{"taxonomy":"productneck","embeddable":true,"href":"https:\/\/www.koonings.com\/fr\/wp-json\/wp\/v2\/productneck?post=77915"},{"taxonomy":"productcolor","embeddable":true,"href":"https:\/\/www.koonings.com\/fr\/wp-json\/wp\/v2\/productcolor?post=77915"},{"taxonomy":"maat","embeddable":true,"href":"https:\/\/www.koonings.com\/fr\/wp-json\/wp\/v2\/maat?post=77915"},{"taxonomy":"productsupplier","embeddable":true,"href":"https:\/\/www.koonings.com\/fr\/wp-json\/wp\/v2\/productsupplier?post=77915"},{"taxonomy":"productsleeve","embeddable":true,"href":"https:\/\/www.koonings.com\/fr\/wp-json\/wp\/v2\/productsleeve?post=77915"},{"taxonomy":"productcategory","embeddable":true,"href":"https:\/\/www.koonings.com\/fr\/wp-json\/wp\/v2\/productcategory?post=77915"},{"taxonomy":"productsilhouette","embeddable":true,"href":"https:\/\/www.koonings.com\/fr\/wp-json\/wp\/v2\/productsilhouette?post=77915"},{"taxonomy":"productstyle","embeddable":true,"href":"https:\/\/www.koonings.com\/fr\/wp-json\/wp\/v2\/productstyle?post=77915"}],"curies":[{"name":"wp","href":"https:\/\/api.w.org\/{rel}","templated":true}]}}