{"id":77909,"date":"2025-12-15T00:24:23","date_gmt":"2025-12-14T23:24:23","guid":{"rendered":"https:\/\/www.koonings.com\/product\/milla-nova-proxima\/"},"modified":"2026-02-02T14:34:04","modified_gmt":"2026-02-02T13:34:04","slug":"milla-nova-proxima","status":"publish","type":"product","link":"https:\/\/www.koonings.com\/fr\/product\/milla-nova-proxima\/","title":{"rendered":"Milla Nova Proxima"},"content":{"rendered":"<p>Robe de mari\u00e9e de r\u00eave semi-transparente enti\u00e8rement recouverte de paillettes et d&#8217;appliques florales en 3D. Elle est dot\u00e9e d&#8217;un corset carr\u00e9 sur les bretelles et d&#8217;une jupe maxi embellie avec une tra\u00eene d\u00e9licate. Koonings The Wedding Palace dispose d&#8217;un shop-in-shop d\u00e9di\u00e9 \u00e0 sa tr\u00e8s vaste collection Milla Nova ! <\/p>\n","protected":false},"featured_media":40828,"template":"","meta":{"_acf_changed":false,"ghostkit_customizer_options":"","ghostkit_custom_css":"","ghostkit_custom_js_head":"","ghostkit_custom_js_foot":"","ghostkit_typography":""},"productdetails":[],"productneck":[352],"productcolor":[392],"maat":[],"productsupplier":[446],"productsleeve":[359],"productcategory":[18],"productsilhouette":[384],"productstyle":[],"class_list":["post-77909","product","type-product","status-publish","has-post-thumbnail","hentry","productneck-352","productcolor-392","productsupplier-milla-nova","productsleeve-359","productcategory-trouwjurken","productsilhouette-384"],"acf":[],"yoast_head":"<!-- This site is optimized with the Yoast SEO plugin v27.3 - https:\/\/yoast.com\/product\/yoast-seo-wordpress\/ -->\n<title>Milla Nova Proxima | Koonings<\/title>\n<meta name=\"description\" content=\"Robe de mari\u00e9e de r\u00eave semi-transparente enti\u00e8rement recouverte de paillettes et d&#039;appliques florales en 3D. Elle est dot\u00e9e d&#039;un corset carr\u00e9 sur les bretelles et d&#039;une jupe maxi embellie avec une tra\u00eene d\u00e9licate. Koonings The Wedding Palace dispose d&#039;un shop-in-shop d\u00e9di\u00e9 \u00e0 sa tr\u00e8s vaste collection Milla Nova !\" \/>\n<meta name=\"robots\" content=\"index, follow, max-snippet:-1, max-image-preview:large, max-video-preview:-1\" \/>\n<link rel=\"canonical\" href=\"https:\/\/www.koonings.com\/fr\/product\/milla-nova-proxima\/\" \/>\n<meta property=\"og:locale\" content=\"fr_FR\" \/>\n<meta property=\"og:type\" content=\"article\" \/>\n<meta property=\"og:title\" content=\"Milla Nova Proxima | Koonings\" \/>\n<meta property=\"og:description\" content=\"Robe de mari\u00e9e de r\u00eave semi-transparente enti\u00e8rement recouverte de paillettes et d&#039;appliques florales en 3D. Elle est dot\u00e9e d&#039;un corset carr\u00e9 sur les bretelles et d&#039;une jupe maxi embellie avec une tra\u00eene d\u00e9licate. Koonings The Wedding Palace dispose d&#039;un shop-in-shop d\u00e9di\u00e9 \u00e0 sa tr\u00e8s vaste collection Milla Nova !\" \/>\n<meta property=\"og:url\" content=\"https:\/\/www.koonings.com\/fr\/product\/milla-nova-proxima\/\" \/>\n<meta property=\"og:site_name\" content=\"Koonings\" \/>\n<meta property=\"article:publisher\" content=\"https:\/\/www.facebook.com\/kooningstheweddingpalace\" \/>\n<meta property=\"article:modified_time\" content=\"2026-02-02T13:34:04+00:00\" \/>\n<meta property=\"og:image\" content=\"https:\/\/www.koonings.com\/wp-content\/uploads\/2024\/11\/39476_182402a99498f6a530dd1e8a014709658ddafced970f86a84888d8b4468ac7e07b138fef-scaled.jpeg\" \/>\n\t<meta property=\"og:image:width\" content=\"1813\" \/>\n\t<meta property=\"og:image:height\" content=\"2560\" \/>\n\t<meta property=\"og:image:type\" content=\"image\/jpeg\" \/>\n<meta name=\"twitter:card\" content=\"summary_large_image\" \/>\n<script type=\"application\/ld+json\" class=\"yoast-schema-graph\">{\"@context\":\"https:\\\/\\\/schema.org\",\"@graph\":[{\"@type\":\"WebPage\",\"@id\":\"https:\\\/\\\/www.koonings.com\\\/fr\\\/product\\\/milla-nova-proxima\\\/\",\"url\":\"https:\\\/\\\/www.koonings.com\\\/fr\\\/product\\\/milla-nova-proxima\\\/\",\"name\":\"Milla Nova Proxima | Koonings\",\"isPartOf\":{\"@id\":\"https:\\\/\\\/www.koonings.com\\\/fr\\\/#website\"},\"primaryImageOfPage\":{\"@id\":\"https:\\\/\\\/www.koonings.com\\\/fr\\\/product\\\/milla-nova-proxima\\\/#primaryimage\"},\"image\":{\"@id\":\"https:\\\/\\\/www.koonings.com\\\/fr\\\/product\\\/milla-nova-proxima\\\/#primaryimage\"},\"thumbnailUrl\":\"https:\\\/\\\/www.koonings.com\\\/wp-content\\\/uploads\\\/2024\\\/11\\\/39476_182402a99498f6a530dd1e8a014709658ddafced970f86a84888d8b4468ac7e07b138fef-scaled.jpeg\",\"datePublished\":\"2025-12-14T23:24:23+00:00\",\"dateModified\":\"2026-02-02T13:34:04+00:00\",\"description\":\"Robe de mari\u00e9e de r\u00eave semi-transparente enti\u00e8rement recouverte de paillettes et d'appliques florales en 3D. Elle est dot\u00e9e d'un corset carr\u00e9 sur les bretelles et d'une jupe maxi embellie avec une tra\u00eene d\u00e9licate. Koonings The Wedding Palace dispose d'un shop-in-shop d\u00e9di\u00e9 \u00e0 sa tr\u00e8s vaste collection Milla Nova !\",\"breadcrumb\":{\"@id\":\"https:\\\/\\\/www.koonings.com\\\/fr\\\/product\\\/milla-nova-proxima\\\/#breadcrumb\"},\"inLanguage\":\"fr-FR\",\"potentialAction\":[{\"@type\":\"ReadAction\",\"target\":[\"https:\\\/\\\/www.koonings.com\\\/fr\\\/product\\\/milla-nova-proxima\\\/\"]}]},{\"@type\":\"ImageObject\",\"inLanguage\":\"fr-FR\",\"@id\":\"https:\\\/\\\/www.koonings.com\\\/fr\\\/product\\\/milla-nova-proxima\\\/#primaryimage\",\"url\":\"https:\\\/\\\/www.koonings.com\\\/wp-content\\\/uploads\\\/2024\\\/11\\\/39476_182402a99498f6a530dd1e8a014709658ddafced970f86a84888d8b4468ac7e07b138fef-scaled.jpeg\",\"contentUrl\":\"https:\\\/\\\/www.koonings.com\\\/wp-content\\\/uploads\\\/2024\\\/11\\\/39476_182402a99498f6a530dd1e8a014709658ddafced970f86a84888d8b4468ac7e07b138fef-scaled.jpeg\",\"width\":1813,\"height\":2560},{\"@type\":\"BreadcrumbList\",\"@id\":\"https:\\\/\\\/www.koonings.com\\\/fr\\\/product\\\/milla-nova-proxima\\\/#breadcrumb\",\"itemListElement\":[{\"@type\":\"ListItem\",\"position\":1,\"name\":\"Home\",\"item\":\"https:\\\/\\\/www.koonings.com\\\/fr\\\/\"},{\"@type\":\"ListItem\",\"position\":2,\"name\":\"Milla Nova Proxima\"}]},{\"@type\":\"WebSite\",\"@id\":\"https:\\\/\\\/www.koonings.com\\\/fr\\\/#website\",\"url\":\"https:\\\/\\\/www.koonings.com\\\/fr\\\/\",\"name\":\"Koonings\",\"description\":\"De grootste bruidsmodewinkel ter wereld\",\"publisher\":{\"@id\":\"https:\\\/\\\/www.koonings.com\\\/fr\\\/#organization\"},\"potentialAction\":[{\"@type\":\"SearchAction\",\"target\":{\"@type\":\"EntryPoint\",\"urlTemplate\":\"https:\\\/\\\/www.koonings.com\\\/fr\\\/?s={search_term_string}\"},\"query-input\":{\"@type\":\"PropertyValueSpecification\",\"valueRequired\":true,\"valueName\":\"search_term_string\"}}],\"inLanguage\":\"fr-FR\"},{\"@type\":\"Organization\",\"@id\":\"https:\\\/\\\/www.koonings.com\\\/fr\\\/#organization\",\"name\":\"Koonings\",\"url\":\"https:\\\/\\\/www.koonings.com\\\/fr\\\/\",\"logo\":{\"@type\":\"ImageObject\",\"inLanguage\":\"fr-FR\",\"@id\":\"https:\\\/\\\/www.koonings.com\\\/fr\\\/#\\\/schema\\\/logo\\\/image\\\/\",\"url\":\"https:\\\/\\\/www.koonings.com\\\/wp-content\\\/uploads\\\/2024\\\/07\\\/logo.png\",\"contentUrl\":\"https:\\\/\\\/www.koonings.com\\\/wp-content\\\/uploads\\\/2024\\\/07\\\/logo.png\",\"width\":600,\"height\":428,\"caption\":\"Koonings\"},\"image\":{\"@id\":\"https:\\\/\\\/www.koonings.com\\\/fr\\\/#\\\/schema\\\/logo\\\/image\\\/\"},\"sameAs\":[\"https:\\\/\\\/www.facebook.com\\\/kooningstheweddingpalace\",\"https:\\\/\\\/www.instagram.com\\\/kooningstheweddingpalace\",\"https:\\\/\\\/www.pinterest.com\\\/koonings\",\"https:\\\/\\\/www.youtube.com\\\/kooningstheweddingpalace\"]}]}<\/script>\n<!-- \/ Yoast SEO plugin. -->","yoast_head_json":{"title":"Milla Nova Proxima | Koonings","description":"Robe de mari\u00e9e de r\u00eave semi-transparente enti\u00e8rement recouverte de paillettes et d'appliques florales en 3D. Elle est dot\u00e9e d'un corset carr\u00e9 sur les bretelles et d'une jupe maxi embellie avec une tra\u00eene d\u00e9licate. Koonings The Wedding Palace dispose d'un shop-in-shop d\u00e9di\u00e9 \u00e0 sa tr\u00e8s vaste collection Milla Nova !","robots":{"index":"index","follow":"follow","max-snippet":"max-snippet:-1","max-image-preview":"max-image-preview:large","max-video-preview":"max-video-preview:-1"},"canonical":"https:\/\/www.koonings.com\/fr\/product\/milla-nova-proxima\/","og_locale":"fr_FR","og_type":"article","og_title":"Milla Nova Proxima | Koonings","og_description":"Robe de mari\u00e9e de r\u00eave semi-transparente enti\u00e8rement recouverte de paillettes et d'appliques florales en 3D. Elle est dot\u00e9e d'un corset carr\u00e9 sur les bretelles et d'une jupe maxi embellie avec une tra\u00eene d\u00e9licate. Koonings The Wedding Palace dispose d'un shop-in-shop d\u00e9di\u00e9 \u00e0 sa tr\u00e8s vaste collection Milla Nova !","og_url":"https:\/\/www.koonings.com\/fr\/product\/milla-nova-proxima\/","og_site_name":"Koonings","article_publisher":"https:\/\/www.facebook.com\/kooningstheweddingpalace","article_modified_time":"2026-02-02T13:34:04+00:00","og_image":[{"width":1813,"height":2560,"url":"https:\/\/www.koonings.com\/wp-content\/uploads\/2024\/11\/39476_182402a99498f6a530dd1e8a014709658ddafced970f86a84888d8b4468ac7e07b138fef-scaled.jpeg","type":"image\/jpeg"}],"twitter_card":"summary_large_image","schema":{"@context":"https:\/\/schema.org","@graph":[{"@type":"WebPage","@id":"https:\/\/www.koonings.com\/fr\/product\/milla-nova-proxima\/","url":"https:\/\/www.koonings.com\/fr\/product\/milla-nova-proxima\/","name":"Milla Nova Proxima | Koonings","isPartOf":{"@id":"https:\/\/www.koonings.com\/fr\/#website"},"primaryImageOfPage":{"@id":"https:\/\/www.koonings.com\/fr\/product\/milla-nova-proxima\/#primaryimage"},"image":{"@id":"https:\/\/www.koonings.com\/fr\/product\/milla-nova-proxima\/#primaryimage"},"thumbnailUrl":"https:\/\/www.koonings.com\/wp-content\/uploads\/2024\/11\/39476_182402a99498f6a530dd1e8a014709658ddafced970f86a84888d8b4468ac7e07b138fef-scaled.jpeg","datePublished":"2025-12-14T23:24:23+00:00","dateModified":"2026-02-02T13:34:04+00:00","description":"Robe de mari\u00e9e de r\u00eave semi-transparente enti\u00e8rement recouverte de paillettes et d'appliques florales en 3D. Elle est dot\u00e9e d'un corset carr\u00e9 sur les bretelles et d'une jupe maxi embellie avec une tra\u00eene d\u00e9licate. Koonings The Wedding Palace dispose d'un shop-in-shop d\u00e9di\u00e9 \u00e0 sa tr\u00e8s vaste collection Milla Nova !","breadcrumb":{"@id":"https:\/\/www.koonings.com\/fr\/product\/milla-nova-proxima\/#breadcrumb"},"inLanguage":"fr-FR","potentialAction":[{"@type":"ReadAction","target":["https:\/\/www.koonings.com\/fr\/product\/milla-nova-proxima\/"]}]},{"@type":"ImageObject","inLanguage":"fr-FR","@id":"https:\/\/www.koonings.com\/fr\/product\/milla-nova-proxima\/#primaryimage","url":"https:\/\/www.koonings.com\/wp-content\/uploads\/2024\/11\/39476_182402a99498f6a530dd1e8a014709658ddafced970f86a84888d8b4468ac7e07b138fef-scaled.jpeg","contentUrl":"https:\/\/www.koonings.com\/wp-content\/uploads\/2024\/11\/39476_182402a99498f6a530dd1e8a014709658ddafced970f86a84888d8b4468ac7e07b138fef-scaled.jpeg","width":1813,"height":2560},{"@type":"BreadcrumbList","@id":"https:\/\/www.koonings.com\/fr\/product\/milla-nova-proxima\/#breadcrumb","itemListElement":[{"@type":"ListItem","position":1,"name":"Home","item":"https:\/\/www.koonings.com\/fr\/"},{"@type":"ListItem","position":2,"name":"Milla Nova Proxima"}]},{"@type":"WebSite","@id":"https:\/\/www.koonings.com\/fr\/#website","url":"https:\/\/www.koonings.com\/fr\/","name":"Koonings","description":"De grootste bruidsmodewinkel ter wereld","publisher":{"@id":"https:\/\/www.koonings.com\/fr\/#organization"},"potentialAction":[{"@type":"SearchAction","target":{"@type":"EntryPoint","urlTemplate":"https:\/\/www.koonings.com\/fr\/?s={search_term_string}"},"query-input":{"@type":"PropertyValueSpecification","valueRequired":true,"valueName":"search_term_string"}}],"inLanguage":"fr-FR"},{"@type":"Organization","@id":"https:\/\/www.koonings.com\/fr\/#organization","name":"Koonings","url":"https:\/\/www.koonings.com\/fr\/","logo":{"@type":"ImageObject","inLanguage":"fr-FR","@id":"https:\/\/www.koonings.com\/fr\/#\/schema\/logo\/image\/","url":"https:\/\/www.koonings.com\/wp-content\/uploads\/2024\/07\/logo.png","contentUrl":"https:\/\/www.koonings.com\/wp-content\/uploads\/2024\/07\/logo.png","width":600,"height":428,"caption":"Koonings"},"image":{"@id":"https:\/\/www.koonings.com\/fr\/#\/schema\/logo\/image\/"},"sameAs":["https:\/\/www.facebook.com\/kooningstheweddingpalace","https:\/\/www.instagram.com\/kooningstheweddingpalace","https:\/\/www.pinterest.com\/koonings","https:\/\/www.youtube.com\/kooningstheweddingpalace"]}]}},"_links":{"self":[{"href":"https:\/\/www.koonings.com\/fr\/wp-json\/wp\/v2\/product\/77909","targetHints":{"allow":["GET"]}}],"collection":[{"href":"https:\/\/www.koonings.com\/fr\/wp-json\/wp\/v2\/product"}],"about":[{"href":"https:\/\/www.koonings.com\/fr\/wp-json\/wp\/v2\/types\/product"}],"wp:featuredmedia":[{"embeddable":true,"href":"https:\/\/www.koonings.com\/fr\/wp-json\/wp\/v2\/media\/40828"}],"wp:attachment":[{"href":"https:\/\/www.koonings.com\/fr\/wp-json\/wp\/v2\/media?parent=77909"}],"wp:term":[{"taxonomy":"productdetails","embeddable":true,"href":"https:\/\/www.koonings.com\/fr\/wp-json\/wp\/v2\/productdetails?post=77909"},{"taxonomy":"productneck","embeddable":true,"href":"https:\/\/www.koonings.com\/fr\/wp-json\/wp\/v2\/productneck?post=77909"},{"taxonomy":"productcolor","embeddable":true,"href":"https:\/\/www.koonings.com\/fr\/wp-json\/wp\/v2\/productcolor?post=77909"},{"taxonomy":"maat","embeddable":true,"href":"https:\/\/www.koonings.com\/fr\/wp-json\/wp\/v2\/maat?post=77909"},{"taxonomy":"productsupplier","embeddable":true,"href":"https:\/\/www.koonings.com\/fr\/wp-json\/wp\/v2\/productsupplier?post=77909"},{"taxonomy":"productsleeve","embeddable":true,"href":"https:\/\/www.koonings.com\/fr\/wp-json\/wp\/v2\/productsleeve?post=77909"},{"taxonomy":"productcategory","embeddable":true,"href":"https:\/\/www.koonings.com\/fr\/wp-json\/wp\/v2\/productcategory?post=77909"},{"taxonomy":"productsilhouette","embeddable":true,"href":"https:\/\/www.koonings.com\/fr\/wp-json\/wp\/v2\/productsilhouette?post=77909"},{"taxonomy":"productstyle","embeddable":true,"href":"https:\/\/www.koonings.com\/fr\/wp-json\/wp\/v2\/productstyle?post=77909"}],"curies":[{"name":"wp","href":"https:\/\/api.w.org\/{rel}","templated":true}]}}