{"id":77896,"date":"2026-04-28T18:14:11","date_gmt":"2026-04-28T16:14:11","guid":{"rendered":"https:\/\/www.koonings.com\/product\/herve-paris-caylee-z\/"},"modified":"2026-02-23T14:43:47","modified_gmt":"2026-02-23T13:43:47","slug":"herve-paris-caylee-z","status":"publish","type":"product","link":"https:\/\/www.koonings.com\/fr\/product\/herve-paris-caylee-z\/","title":{"rendered":"Herv\u00e9 Paris Caylee-Z"},"content":{"rendered":"<p>Avec Caylee, vous d\u00e9gagez un air de sophistication qui se marie sans effort \u00e0 un esprit insouciant. Sa silhouette et son tissu impeccables vous permettront d&#8217;\u00e9lever votre style \u00e0 un niveau sup\u00e9rieur. La jupe de la robe Caylee a une belle silhouette en ligne A avec des manches courtes et un d\u00e9collet\u00e9 en V profond et tombe dans un tissu de tulle scintillant. Laissez Caylee \u00eatre votre seule et unique.   <\/p>\n","protected":false},"featured_media":41109,"template":"","meta":{"_acf_changed":false,"ghostkit_customizer_options":"","ghostkit_custom_css":"","ghostkit_custom_js_head":"","ghostkit_custom_js_foot":"","ghostkit_typography":""},"productdetails":[],"productneck":[356],"productcolor":[392],"maat":[],"productsupplier":[424],"productsleeve":[361],"productcategory":[18],"productsilhouette":[384],"productstyle":[],"class_list":["post-77896","product","type-product","status-publish","has-post-thumbnail","hentry","productneck-356","productcolor-392","productsupplier-herve-paris","productsleeve-361","productcategory-trouwjurken","productsilhouette-384"],"acf":[],"yoast_head":"<!-- This site is optimized with the Yoast SEO plugin v27.3 - https:\/\/yoast.com\/product\/yoast-seo-wordpress\/ -->\n<title>Herv\u00e9 Paris Caylee-Z | Koonings<\/title>\n<meta name=\"description\" content=\"Avec Caylee, vous d\u00e9gagez un air de sophistication qui se marie sans effort \u00e0 un esprit insouciant. Sa silhouette et son tissu impeccables vous permettront d&#039;\u00e9lever votre style \u00e0 un niveau sup\u00e9rieur. La jupe de la robe Caylee a une belle silhouette en ligne A avec des manches courtes et un d\u00e9collet\u00e9 en V profond et tombe dans un tissu de tulle scintillant. Laissez Caylee \u00eatre votre seule et unique.\" \/>\n<meta name=\"robots\" content=\"index, follow, max-snippet:-1, max-image-preview:large, max-video-preview:-1\" \/>\n<link rel=\"canonical\" href=\"https:\/\/www.koonings.com\/fr\/product\/herve-paris-caylee-z\/\" \/>\n<meta property=\"og:locale\" content=\"fr_FR\" \/>\n<meta property=\"og:type\" content=\"article\" \/>\n<meta property=\"og:title\" content=\"Herv\u00e9 Paris Caylee-Z | Koonings\" \/>\n<meta property=\"og:description\" content=\"Avec Caylee, vous d\u00e9gagez un air de sophistication qui se marie sans effort \u00e0 un esprit insouciant. Sa silhouette et son tissu impeccables vous permettront d&#039;\u00e9lever votre style \u00e0 un niveau sup\u00e9rieur. La jupe de la robe Caylee a une belle silhouette en ligne A avec des manches courtes et un d\u00e9collet\u00e9 en V profond et tombe dans un tissu de tulle scintillant. Laissez Caylee \u00eatre votre seule et unique.\" \/>\n<meta property=\"og:url\" content=\"https:\/\/www.koonings.com\/fr\/product\/herve-paris-caylee-z\/\" \/>\n<meta property=\"og:site_name\" content=\"Koonings\" \/>\n<meta property=\"article:publisher\" content=\"https:\/\/www.facebook.com\/kooningstheweddingpalace\" \/>\n<meta property=\"og:image\" content=\"https:\/\/www.koonings.com\/wp-content\/uploads\/2024\/11\/39529_aae89b477b5cbad4e658fbc13d38a5e46b046e5163b64c571df2acbbd81786042b89ad8d.jpeg\" \/>\n\t<meta property=\"og:image:width\" content=\"1597\" \/>\n\t<meta property=\"og:image:height\" content=\"2264\" \/>\n\t<meta property=\"og:image:type\" content=\"image\/jpeg\" \/>\n<meta name=\"twitter:card\" content=\"summary_large_image\" \/>\n<script type=\"application\/ld+json\" class=\"yoast-schema-graph\">{\"@context\":\"https:\\\/\\\/schema.org\",\"@graph\":[{\"@type\":\"WebPage\",\"@id\":\"https:\\\/\\\/www.koonings.com\\\/fr\\\/product\\\/herve-paris-caylee-z\\\/\",\"url\":\"https:\\\/\\\/www.koonings.com\\\/fr\\\/product\\\/herve-paris-caylee-z\\\/\",\"name\":\"Herv\u00e9 Paris Caylee-Z | Koonings\",\"isPartOf\":{\"@id\":\"https:\\\/\\\/www.koonings.com\\\/fr\\\/#website\"},\"primaryImageOfPage\":{\"@id\":\"https:\\\/\\\/www.koonings.com\\\/fr\\\/product\\\/herve-paris-caylee-z\\\/#primaryimage\"},\"image\":{\"@id\":\"https:\\\/\\\/www.koonings.com\\\/fr\\\/product\\\/herve-paris-caylee-z\\\/#primaryimage\"},\"thumbnailUrl\":\"https:\\\/\\\/www.koonings.com\\\/wp-content\\\/uploads\\\/2024\\\/11\\\/39529_aae89b477b5cbad4e658fbc13d38a5e46b046e5163b64c571df2acbbd81786042b89ad8d.jpeg\",\"datePublished\":\"2026-04-28T16:14:11+00:00\",\"description\":\"Avec Caylee, vous d\u00e9gagez un air de sophistication qui se marie sans effort \u00e0 un esprit insouciant. Sa silhouette et son tissu impeccables vous permettront d'\u00e9lever votre style \u00e0 un niveau sup\u00e9rieur. La jupe de la robe Caylee a une belle silhouette en ligne A avec des manches courtes et un d\u00e9collet\u00e9 en V profond et tombe dans un tissu de tulle scintillant. Laissez Caylee \u00eatre votre seule et unique.\",\"breadcrumb\":{\"@id\":\"https:\\\/\\\/www.koonings.com\\\/fr\\\/product\\\/herve-paris-caylee-z\\\/#breadcrumb\"},\"inLanguage\":\"fr-FR\",\"potentialAction\":[{\"@type\":\"ReadAction\",\"target\":[\"https:\\\/\\\/www.koonings.com\\\/fr\\\/product\\\/herve-paris-caylee-z\\\/\"]}]},{\"@type\":\"ImageObject\",\"inLanguage\":\"fr-FR\",\"@id\":\"https:\\\/\\\/www.koonings.com\\\/fr\\\/product\\\/herve-paris-caylee-z\\\/#primaryimage\",\"url\":\"https:\\\/\\\/www.koonings.com\\\/wp-content\\\/uploads\\\/2024\\\/11\\\/39529_aae89b477b5cbad4e658fbc13d38a5e46b046e5163b64c571df2acbbd81786042b89ad8d.jpeg\",\"contentUrl\":\"https:\\\/\\\/www.koonings.com\\\/wp-content\\\/uploads\\\/2024\\\/11\\\/39529_aae89b477b5cbad4e658fbc13d38a5e46b046e5163b64c571df2acbbd81786042b89ad8d.jpeg\",\"width\":1597,\"height\":2264},{\"@type\":\"BreadcrumbList\",\"@id\":\"https:\\\/\\\/www.koonings.com\\\/fr\\\/product\\\/herve-paris-caylee-z\\\/#breadcrumb\",\"itemListElement\":[{\"@type\":\"ListItem\",\"position\":1,\"name\":\"Home\",\"item\":\"https:\\\/\\\/www.koonings.com\\\/fr\\\/\"},{\"@type\":\"ListItem\",\"position\":2,\"name\":\"Herv\u00e9 Paris Caylee-Z\"}]},{\"@type\":\"WebSite\",\"@id\":\"https:\\\/\\\/www.koonings.com\\\/fr\\\/#website\",\"url\":\"https:\\\/\\\/www.koonings.com\\\/fr\\\/\",\"name\":\"Koonings\",\"description\":\"De grootste bruidsmodewinkel ter wereld\",\"publisher\":{\"@id\":\"https:\\\/\\\/www.koonings.com\\\/fr\\\/#organization\"},\"potentialAction\":[{\"@type\":\"SearchAction\",\"target\":{\"@type\":\"EntryPoint\",\"urlTemplate\":\"https:\\\/\\\/www.koonings.com\\\/fr\\\/?s={search_term_string}\"},\"query-input\":{\"@type\":\"PropertyValueSpecification\",\"valueRequired\":true,\"valueName\":\"search_term_string\"}}],\"inLanguage\":\"fr-FR\"},{\"@type\":\"Organization\",\"@id\":\"https:\\\/\\\/www.koonings.com\\\/fr\\\/#organization\",\"name\":\"Koonings\",\"url\":\"https:\\\/\\\/www.koonings.com\\\/fr\\\/\",\"logo\":{\"@type\":\"ImageObject\",\"inLanguage\":\"fr-FR\",\"@id\":\"https:\\\/\\\/www.koonings.com\\\/fr\\\/#\\\/schema\\\/logo\\\/image\\\/\",\"url\":\"https:\\\/\\\/www.koonings.com\\\/wp-content\\\/uploads\\\/2024\\\/07\\\/logo.png\",\"contentUrl\":\"https:\\\/\\\/www.koonings.com\\\/wp-content\\\/uploads\\\/2024\\\/07\\\/logo.png\",\"width\":600,\"height\":428,\"caption\":\"Koonings\"},\"image\":{\"@id\":\"https:\\\/\\\/www.koonings.com\\\/fr\\\/#\\\/schema\\\/logo\\\/image\\\/\"},\"sameAs\":[\"https:\\\/\\\/www.facebook.com\\\/kooningstheweddingpalace\",\"https:\\\/\\\/www.instagram.com\\\/kooningstheweddingpalace\",\"https:\\\/\\\/www.pinterest.com\\\/koonings\",\"https:\\\/\\\/www.youtube.com\\\/kooningstheweddingpalace\"]}]}<\/script>\n<!-- \/ Yoast SEO plugin. -->","yoast_head_json":{"title":"Herv\u00e9 Paris Caylee-Z | Koonings","description":"Avec Caylee, vous d\u00e9gagez un air de sophistication qui se marie sans effort \u00e0 un esprit insouciant. Sa silhouette et son tissu impeccables vous permettront d'\u00e9lever votre style \u00e0 un niveau sup\u00e9rieur. La jupe de la robe Caylee a une belle silhouette en ligne A avec des manches courtes et un d\u00e9collet\u00e9 en V profond et tombe dans un tissu de tulle scintillant. Laissez Caylee \u00eatre votre seule et unique.","robots":{"index":"index","follow":"follow","max-snippet":"max-snippet:-1","max-image-preview":"max-image-preview:large","max-video-preview":"max-video-preview:-1"},"canonical":"https:\/\/www.koonings.com\/fr\/product\/herve-paris-caylee-z\/","og_locale":"fr_FR","og_type":"article","og_title":"Herv\u00e9 Paris Caylee-Z | Koonings","og_description":"Avec Caylee, vous d\u00e9gagez un air de sophistication qui se marie sans effort \u00e0 un esprit insouciant. Sa silhouette et son tissu impeccables vous permettront d'\u00e9lever votre style \u00e0 un niveau sup\u00e9rieur. La jupe de la robe Caylee a une belle silhouette en ligne A avec des manches courtes et un d\u00e9collet\u00e9 en V profond et tombe dans un tissu de tulle scintillant. Laissez Caylee \u00eatre votre seule et unique.","og_url":"https:\/\/www.koonings.com\/fr\/product\/herve-paris-caylee-z\/","og_site_name":"Koonings","article_publisher":"https:\/\/www.facebook.com\/kooningstheweddingpalace","og_image":[{"width":1597,"height":2264,"url":"https:\/\/www.koonings.com\/wp-content\/uploads\/2024\/11\/39529_aae89b477b5cbad4e658fbc13d38a5e46b046e5163b64c571df2acbbd81786042b89ad8d.jpeg","type":"image\/jpeg"}],"twitter_card":"summary_large_image","schema":{"@context":"https:\/\/schema.org","@graph":[{"@type":"WebPage","@id":"https:\/\/www.koonings.com\/fr\/product\/herve-paris-caylee-z\/","url":"https:\/\/www.koonings.com\/fr\/product\/herve-paris-caylee-z\/","name":"Herv\u00e9 Paris Caylee-Z | Koonings","isPartOf":{"@id":"https:\/\/www.koonings.com\/fr\/#website"},"primaryImageOfPage":{"@id":"https:\/\/www.koonings.com\/fr\/product\/herve-paris-caylee-z\/#primaryimage"},"image":{"@id":"https:\/\/www.koonings.com\/fr\/product\/herve-paris-caylee-z\/#primaryimage"},"thumbnailUrl":"https:\/\/www.koonings.com\/wp-content\/uploads\/2024\/11\/39529_aae89b477b5cbad4e658fbc13d38a5e46b046e5163b64c571df2acbbd81786042b89ad8d.jpeg","datePublished":"2026-04-28T16:14:11+00:00","description":"Avec Caylee, vous d\u00e9gagez un air de sophistication qui se marie sans effort \u00e0 un esprit insouciant. Sa silhouette et son tissu impeccables vous permettront d'\u00e9lever votre style \u00e0 un niveau sup\u00e9rieur. La jupe de la robe Caylee a une belle silhouette en ligne A avec des manches courtes et un d\u00e9collet\u00e9 en V profond et tombe dans un tissu de tulle scintillant. Laissez Caylee \u00eatre votre seule et unique.","breadcrumb":{"@id":"https:\/\/www.koonings.com\/fr\/product\/herve-paris-caylee-z\/#breadcrumb"},"inLanguage":"fr-FR","potentialAction":[{"@type":"ReadAction","target":["https:\/\/www.koonings.com\/fr\/product\/herve-paris-caylee-z\/"]}]},{"@type":"ImageObject","inLanguage":"fr-FR","@id":"https:\/\/www.koonings.com\/fr\/product\/herve-paris-caylee-z\/#primaryimage","url":"https:\/\/www.koonings.com\/wp-content\/uploads\/2024\/11\/39529_aae89b477b5cbad4e658fbc13d38a5e46b046e5163b64c571df2acbbd81786042b89ad8d.jpeg","contentUrl":"https:\/\/www.koonings.com\/wp-content\/uploads\/2024\/11\/39529_aae89b477b5cbad4e658fbc13d38a5e46b046e5163b64c571df2acbbd81786042b89ad8d.jpeg","width":1597,"height":2264},{"@type":"BreadcrumbList","@id":"https:\/\/www.koonings.com\/fr\/product\/herve-paris-caylee-z\/#breadcrumb","itemListElement":[{"@type":"ListItem","position":1,"name":"Home","item":"https:\/\/www.koonings.com\/fr\/"},{"@type":"ListItem","position":2,"name":"Herv\u00e9 Paris Caylee-Z"}]},{"@type":"WebSite","@id":"https:\/\/www.koonings.com\/fr\/#website","url":"https:\/\/www.koonings.com\/fr\/","name":"Koonings","description":"De grootste bruidsmodewinkel ter wereld","publisher":{"@id":"https:\/\/www.koonings.com\/fr\/#organization"},"potentialAction":[{"@type":"SearchAction","target":{"@type":"EntryPoint","urlTemplate":"https:\/\/www.koonings.com\/fr\/?s={search_term_string}"},"query-input":{"@type":"PropertyValueSpecification","valueRequired":true,"valueName":"search_term_string"}}],"inLanguage":"fr-FR"},{"@type":"Organization","@id":"https:\/\/www.koonings.com\/fr\/#organization","name":"Koonings","url":"https:\/\/www.koonings.com\/fr\/","logo":{"@type":"ImageObject","inLanguage":"fr-FR","@id":"https:\/\/www.koonings.com\/fr\/#\/schema\/logo\/image\/","url":"https:\/\/www.koonings.com\/wp-content\/uploads\/2024\/07\/logo.png","contentUrl":"https:\/\/www.koonings.com\/wp-content\/uploads\/2024\/07\/logo.png","width":600,"height":428,"caption":"Koonings"},"image":{"@id":"https:\/\/www.koonings.com\/fr\/#\/schema\/logo\/image\/"},"sameAs":["https:\/\/www.facebook.com\/kooningstheweddingpalace","https:\/\/www.instagram.com\/kooningstheweddingpalace","https:\/\/www.pinterest.com\/koonings","https:\/\/www.youtube.com\/kooningstheweddingpalace"]}]}},"_links":{"self":[{"href":"https:\/\/www.koonings.com\/fr\/wp-json\/wp\/v2\/product\/77896","targetHints":{"allow":["GET"]}}],"collection":[{"href":"https:\/\/www.koonings.com\/fr\/wp-json\/wp\/v2\/product"}],"about":[{"href":"https:\/\/www.koonings.com\/fr\/wp-json\/wp\/v2\/types\/product"}],"wp:featuredmedia":[{"embeddable":true,"href":"https:\/\/www.koonings.com\/fr\/wp-json\/wp\/v2\/media\/41109"}],"wp:attachment":[{"href":"https:\/\/www.koonings.com\/fr\/wp-json\/wp\/v2\/media?parent=77896"}],"wp:term":[{"taxonomy":"productdetails","embeddable":true,"href":"https:\/\/www.koonings.com\/fr\/wp-json\/wp\/v2\/productdetails?post=77896"},{"taxonomy":"productneck","embeddable":true,"href":"https:\/\/www.koonings.com\/fr\/wp-json\/wp\/v2\/productneck?post=77896"},{"taxonomy":"productcolor","embeddable":true,"href":"https:\/\/www.koonings.com\/fr\/wp-json\/wp\/v2\/productcolor?post=77896"},{"taxonomy":"maat","embeddable":true,"href":"https:\/\/www.koonings.com\/fr\/wp-json\/wp\/v2\/maat?post=77896"},{"taxonomy":"productsupplier","embeddable":true,"href":"https:\/\/www.koonings.com\/fr\/wp-json\/wp\/v2\/productsupplier?post=77896"},{"taxonomy":"productsleeve","embeddable":true,"href":"https:\/\/www.koonings.com\/fr\/wp-json\/wp\/v2\/productsleeve?post=77896"},{"taxonomy":"productcategory","embeddable":true,"href":"https:\/\/www.koonings.com\/fr\/wp-json\/wp\/v2\/productcategory?post=77896"},{"taxonomy":"productsilhouette","embeddable":true,"href":"https:\/\/www.koonings.com\/fr\/wp-json\/wp\/v2\/productsilhouette?post=77896"},{"taxonomy":"productstyle","embeddable":true,"href":"https:\/\/www.koonings.com\/fr\/wp-json\/wp\/v2\/productstyle?post=77896"}],"curies":[{"name":"wp","href":"https:\/\/api.w.org\/{rel}","templated":true}]}}