{"id":77855,"date":"2026-04-21T18:14:48","date_gmt":"2026-04-21T16:14:48","guid":{"rendered":"https:\/\/www.koonings.com\/product\/marylise-ventura-1\/"},"modified":"2026-02-23T14:43:47","modified_gmt":"2026-02-23T13:43:47","slug":"marylise-ventura-1","status":"publish","type":"product","link":"https:\/\/www.koonings.com\/fr\/product\/marylise-ventura-1\/","title":{"rendered":"Marylise Ventura\/1"},"content":{"rendered":"<p>Cette magnifique robe est faite de cr\u00eape et de jersey. Le haut est d\u00e9collet\u00e9 et fait de broderie transparente avec une doublure ivoire sur le devant. Le dos est ouvert en forme de trou de serrure. Les manches de style \u00e9v\u00eaque sont fendues et la m\u00eame broderie que celle du haut appara\u00eet sur les poignets. La jupe est fendue sur le devant et pr\u00e9sente une petite tra\u00eene.    <\/p>\n","protected":false},"featured_media":41752,"template":"","meta":{"_acf_changed":false,"ghostkit_customizer_options":"","ghostkit_custom_css":"","ghostkit_custom_js_head":"","ghostkit_custom_js_foot":"","ghostkit_typography":""},"productdetails":[],"productneck":[350],"productcolor":[392],"maat":[],"productsupplier":[410],"productsleeve":[362],"productcategory":[18],"productsilhouette":[389],"productstyle":[],"class_list":["post-77855","product","type-product","status-publish","has-post-thumbnail","hentry","productneck-350","productcolor-392","productsupplier-marylise","productsleeve-362","productcategory-trouwjurken","productsilhouette-389"],"acf":[],"yoast_head":"<!-- This site is optimized with the Yoast SEO plugin v27.3 - https:\/\/yoast.com\/product\/yoast-seo-wordpress\/ -->\n<title>Marylise Ventura\/1 | Koonings<\/title>\n<meta name=\"description\" content=\"Cette magnifique robe est faite de cr\u00eape et de jersey. Le haut est d\u00e9collet\u00e9 et fait de broderie transparente avec une doublure ivoire sur le devant. Le dos est ouvert en forme de trou de serrure. Les manches de style \u00e9v\u00eaque sont fendues et la m\u00eame broderie que celle du haut appara\u00eet sur les poignets. La jupe est fendue sur le devant et pr\u00e9sente une petite tra\u00eene.\" \/>\n<meta name=\"robots\" content=\"index, follow, max-snippet:-1, max-image-preview:large, max-video-preview:-1\" \/>\n<link rel=\"canonical\" href=\"https:\/\/www.koonings.com\/fr\/product\/marylise-ventura-1\/\" \/>\n<meta property=\"og:locale\" content=\"fr_FR\" \/>\n<meta property=\"og:type\" content=\"article\" \/>\n<meta property=\"og:title\" content=\"Marylise Ventura\/1 | Koonings\" \/>\n<meta property=\"og:description\" content=\"Cette magnifique robe est faite de cr\u00eape et de jersey. Le haut est d\u00e9collet\u00e9 et fait de broderie transparente avec une doublure ivoire sur le devant. Le dos est ouvert en forme de trou de serrure. Les manches de style \u00e9v\u00eaque sont fendues et la m\u00eame broderie que celle du haut appara\u00eet sur les poignets. La jupe est fendue sur le devant et pr\u00e9sente une petite tra\u00eene.\" \/>\n<meta property=\"og:url\" content=\"https:\/\/www.koonings.com\/fr\/product\/marylise-ventura-1\/\" \/>\n<meta property=\"og:site_name\" content=\"Koonings\" \/>\n<meta property=\"article:publisher\" content=\"https:\/\/www.facebook.com\/kooningstheweddingpalace\" \/>\n<meta property=\"og:image\" content=\"https:\/\/www.koonings.com\/wp-content\/uploads\/2024\/11\/39597_e0bfa59f18302e0e60a888bd324bf6084bd6b7199614b962d67be4c4f7070452eba52241-scaled.jpeg\" \/>\n\t<meta property=\"og:image:width\" content=\"1810\" \/>\n\t<meta property=\"og:image:height\" content=\"2560\" \/>\n\t<meta property=\"og:image:type\" content=\"image\/jpeg\" \/>\n<meta name=\"twitter:card\" content=\"summary_large_image\" \/>\n<script type=\"application\/ld+json\" class=\"yoast-schema-graph\">{\"@context\":\"https:\\\/\\\/schema.org\",\"@graph\":[{\"@type\":\"WebPage\",\"@id\":\"https:\\\/\\\/www.koonings.com\\\/fr\\\/product\\\/marylise-ventura-1\\\/\",\"url\":\"https:\\\/\\\/www.koonings.com\\\/fr\\\/product\\\/marylise-ventura-1\\\/\",\"name\":\"Marylise Ventura\\\/1 | Koonings\",\"isPartOf\":{\"@id\":\"https:\\\/\\\/www.koonings.com\\\/fr\\\/#website\"},\"primaryImageOfPage\":{\"@id\":\"https:\\\/\\\/www.koonings.com\\\/fr\\\/product\\\/marylise-ventura-1\\\/#primaryimage\"},\"image\":{\"@id\":\"https:\\\/\\\/www.koonings.com\\\/fr\\\/product\\\/marylise-ventura-1\\\/#primaryimage\"},\"thumbnailUrl\":\"https:\\\/\\\/www.koonings.com\\\/wp-content\\\/uploads\\\/2024\\\/11\\\/39597_e0bfa59f18302e0e60a888bd324bf6084bd6b7199614b962d67be4c4f7070452eba52241-scaled.jpeg\",\"datePublished\":\"2026-04-21T16:14:48+00:00\",\"description\":\"Cette magnifique robe est faite de cr\u00eape et de jersey. Le haut est d\u00e9collet\u00e9 et fait de broderie transparente avec une doublure ivoire sur le devant. Le dos est ouvert en forme de trou de serrure. Les manches de style \u00e9v\u00eaque sont fendues et la m\u00eame broderie que celle du haut appara\u00eet sur les poignets. La jupe est fendue sur le devant et pr\u00e9sente une petite tra\u00eene.\",\"breadcrumb\":{\"@id\":\"https:\\\/\\\/www.koonings.com\\\/fr\\\/product\\\/marylise-ventura-1\\\/#breadcrumb\"},\"inLanguage\":\"fr-FR\",\"potentialAction\":[{\"@type\":\"ReadAction\",\"target\":[\"https:\\\/\\\/www.koonings.com\\\/fr\\\/product\\\/marylise-ventura-1\\\/\"]}]},{\"@type\":\"ImageObject\",\"inLanguage\":\"fr-FR\",\"@id\":\"https:\\\/\\\/www.koonings.com\\\/fr\\\/product\\\/marylise-ventura-1\\\/#primaryimage\",\"url\":\"https:\\\/\\\/www.koonings.com\\\/wp-content\\\/uploads\\\/2024\\\/11\\\/39597_e0bfa59f18302e0e60a888bd324bf6084bd6b7199614b962d67be4c4f7070452eba52241-scaled.jpeg\",\"contentUrl\":\"https:\\\/\\\/www.koonings.com\\\/wp-content\\\/uploads\\\/2024\\\/11\\\/39597_e0bfa59f18302e0e60a888bd324bf6084bd6b7199614b962d67be4c4f7070452eba52241-scaled.jpeg\",\"width\":1810,\"height\":2560},{\"@type\":\"BreadcrumbList\",\"@id\":\"https:\\\/\\\/www.koonings.com\\\/fr\\\/product\\\/marylise-ventura-1\\\/#breadcrumb\",\"itemListElement\":[{\"@type\":\"ListItem\",\"position\":1,\"name\":\"Home\",\"item\":\"https:\\\/\\\/www.koonings.com\\\/fr\\\/\"},{\"@type\":\"ListItem\",\"position\":2,\"name\":\"Marylise Ventura\\\/1\"}]},{\"@type\":\"WebSite\",\"@id\":\"https:\\\/\\\/www.koonings.com\\\/fr\\\/#website\",\"url\":\"https:\\\/\\\/www.koonings.com\\\/fr\\\/\",\"name\":\"Koonings\",\"description\":\"De grootste bruidsmodewinkel ter wereld\",\"publisher\":{\"@id\":\"https:\\\/\\\/www.koonings.com\\\/fr\\\/#organization\"},\"potentialAction\":[{\"@type\":\"SearchAction\",\"target\":{\"@type\":\"EntryPoint\",\"urlTemplate\":\"https:\\\/\\\/www.koonings.com\\\/fr\\\/?s={search_term_string}\"},\"query-input\":{\"@type\":\"PropertyValueSpecification\",\"valueRequired\":true,\"valueName\":\"search_term_string\"}}],\"inLanguage\":\"fr-FR\"},{\"@type\":\"Organization\",\"@id\":\"https:\\\/\\\/www.koonings.com\\\/fr\\\/#organization\",\"name\":\"Koonings\",\"url\":\"https:\\\/\\\/www.koonings.com\\\/fr\\\/\",\"logo\":{\"@type\":\"ImageObject\",\"inLanguage\":\"fr-FR\",\"@id\":\"https:\\\/\\\/www.koonings.com\\\/fr\\\/#\\\/schema\\\/logo\\\/image\\\/\",\"url\":\"https:\\\/\\\/www.koonings.com\\\/wp-content\\\/uploads\\\/2024\\\/07\\\/logo.png\",\"contentUrl\":\"https:\\\/\\\/www.koonings.com\\\/wp-content\\\/uploads\\\/2024\\\/07\\\/logo.png\",\"width\":600,\"height\":428,\"caption\":\"Koonings\"},\"image\":{\"@id\":\"https:\\\/\\\/www.koonings.com\\\/fr\\\/#\\\/schema\\\/logo\\\/image\\\/\"},\"sameAs\":[\"https:\\\/\\\/www.facebook.com\\\/kooningstheweddingpalace\",\"https:\\\/\\\/www.instagram.com\\\/kooningstheweddingpalace\",\"https:\\\/\\\/www.pinterest.com\\\/koonings\",\"https:\\\/\\\/www.youtube.com\\\/kooningstheweddingpalace\"]}]}<\/script>\n<!-- \/ Yoast SEO plugin. -->","yoast_head_json":{"title":"Marylise Ventura\/1 | Koonings","description":"Cette magnifique robe est faite de cr\u00eape et de jersey. Le haut est d\u00e9collet\u00e9 et fait de broderie transparente avec une doublure ivoire sur le devant. Le dos est ouvert en forme de trou de serrure. Les manches de style \u00e9v\u00eaque sont fendues et la m\u00eame broderie que celle du haut appara\u00eet sur les poignets. La jupe est fendue sur le devant et pr\u00e9sente une petite tra\u00eene.","robots":{"index":"index","follow":"follow","max-snippet":"max-snippet:-1","max-image-preview":"max-image-preview:large","max-video-preview":"max-video-preview:-1"},"canonical":"https:\/\/www.koonings.com\/fr\/product\/marylise-ventura-1\/","og_locale":"fr_FR","og_type":"article","og_title":"Marylise Ventura\/1 | Koonings","og_description":"Cette magnifique robe est faite de cr\u00eape et de jersey. Le haut est d\u00e9collet\u00e9 et fait de broderie transparente avec une doublure ivoire sur le devant. Le dos est ouvert en forme de trou de serrure. Les manches de style \u00e9v\u00eaque sont fendues et la m\u00eame broderie que celle du haut appara\u00eet sur les poignets. La jupe est fendue sur le devant et pr\u00e9sente une petite tra\u00eene.","og_url":"https:\/\/www.koonings.com\/fr\/product\/marylise-ventura-1\/","og_site_name":"Koonings","article_publisher":"https:\/\/www.facebook.com\/kooningstheweddingpalace","og_image":[{"width":1810,"height":2560,"url":"https:\/\/www.koonings.com\/wp-content\/uploads\/2024\/11\/39597_e0bfa59f18302e0e60a888bd324bf6084bd6b7199614b962d67be4c4f7070452eba52241-scaled.jpeg","type":"image\/jpeg"}],"twitter_card":"summary_large_image","schema":{"@context":"https:\/\/schema.org","@graph":[{"@type":"WebPage","@id":"https:\/\/www.koonings.com\/fr\/product\/marylise-ventura-1\/","url":"https:\/\/www.koonings.com\/fr\/product\/marylise-ventura-1\/","name":"Marylise Ventura\/1 | Koonings","isPartOf":{"@id":"https:\/\/www.koonings.com\/fr\/#website"},"primaryImageOfPage":{"@id":"https:\/\/www.koonings.com\/fr\/product\/marylise-ventura-1\/#primaryimage"},"image":{"@id":"https:\/\/www.koonings.com\/fr\/product\/marylise-ventura-1\/#primaryimage"},"thumbnailUrl":"https:\/\/www.koonings.com\/wp-content\/uploads\/2024\/11\/39597_e0bfa59f18302e0e60a888bd324bf6084bd6b7199614b962d67be4c4f7070452eba52241-scaled.jpeg","datePublished":"2026-04-21T16:14:48+00:00","description":"Cette magnifique robe est faite de cr\u00eape et de jersey. Le haut est d\u00e9collet\u00e9 et fait de broderie transparente avec une doublure ivoire sur le devant. Le dos est ouvert en forme de trou de serrure. Les manches de style \u00e9v\u00eaque sont fendues et la m\u00eame broderie que celle du haut appara\u00eet sur les poignets. La jupe est fendue sur le devant et pr\u00e9sente une petite tra\u00eene.","breadcrumb":{"@id":"https:\/\/www.koonings.com\/fr\/product\/marylise-ventura-1\/#breadcrumb"},"inLanguage":"fr-FR","potentialAction":[{"@type":"ReadAction","target":["https:\/\/www.koonings.com\/fr\/product\/marylise-ventura-1\/"]}]},{"@type":"ImageObject","inLanguage":"fr-FR","@id":"https:\/\/www.koonings.com\/fr\/product\/marylise-ventura-1\/#primaryimage","url":"https:\/\/www.koonings.com\/wp-content\/uploads\/2024\/11\/39597_e0bfa59f18302e0e60a888bd324bf6084bd6b7199614b962d67be4c4f7070452eba52241-scaled.jpeg","contentUrl":"https:\/\/www.koonings.com\/wp-content\/uploads\/2024\/11\/39597_e0bfa59f18302e0e60a888bd324bf6084bd6b7199614b962d67be4c4f7070452eba52241-scaled.jpeg","width":1810,"height":2560},{"@type":"BreadcrumbList","@id":"https:\/\/www.koonings.com\/fr\/product\/marylise-ventura-1\/#breadcrumb","itemListElement":[{"@type":"ListItem","position":1,"name":"Home","item":"https:\/\/www.koonings.com\/fr\/"},{"@type":"ListItem","position":2,"name":"Marylise Ventura\/1"}]},{"@type":"WebSite","@id":"https:\/\/www.koonings.com\/fr\/#website","url":"https:\/\/www.koonings.com\/fr\/","name":"Koonings","description":"De grootste bruidsmodewinkel ter wereld","publisher":{"@id":"https:\/\/www.koonings.com\/fr\/#organization"},"potentialAction":[{"@type":"SearchAction","target":{"@type":"EntryPoint","urlTemplate":"https:\/\/www.koonings.com\/fr\/?s={search_term_string}"},"query-input":{"@type":"PropertyValueSpecification","valueRequired":true,"valueName":"search_term_string"}}],"inLanguage":"fr-FR"},{"@type":"Organization","@id":"https:\/\/www.koonings.com\/fr\/#organization","name":"Koonings","url":"https:\/\/www.koonings.com\/fr\/","logo":{"@type":"ImageObject","inLanguage":"fr-FR","@id":"https:\/\/www.koonings.com\/fr\/#\/schema\/logo\/image\/","url":"https:\/\/www.koonings.com\/wp-content\/uploads\/2024\/07\/logo.png","contentUrl":"https:\/\/www.koonings.com\/wp-content\/uploads\/2024\/07\/logo.png","width":600,"height":428,"caption":"Koonings"},"image":{"@id":"https:\/\/www.koonings.com\/fr\/#\/schema\/logo\/image\/"},"sameAs":["https:\/\/www.facebook.com\/kooningstheweddingpalace","https:\/\/www.instagram.com\/kooningstheweddingpalace","https:\/\/www.pinterest.com\/koonings","https:\/\/www.youtube.com\/kooningstheweddingpalace"]}]}},"_links":{"self":[{"href":"https:\/\/www.koonings.com\/fr\/wp-json\/wp\/v2\/product\/77855","targetHints":{"allow":["GET"]}}],"collection":[{"href":"https:\/\/www.koonings.com\/fr\/wp-json\/wp\/v2\/product"}],"about":[{"href":"https:\/\/www.koonings.com\/fr\/wp-json\/wp\/v2\/types\/product"}],"wp:featuredmedia":[{"embeddable":true,"href":"https:\/\/www.koonings.com\/fr\/wp-json\/wp\/v2\/media\/41752"}],"wp:attachment":[{"href":"https:\/\/www.koonings.com\/fr\/wp-json\/wp\/v2\/media?parent=77855"}],"wp:term":[{"taxonomy":"productdetails","embeddable":true,"href":"https:\/\/www.koonings.com\/fr\/wp-json\/wp\/v2\/productdetails?post=77855"},{"taxonomy":"productneck","embeddable":true,"href":"https:\/\/www.koonings.com\/fr\/wp-json\/wp\/v2\/productneck?post=77855"},{"taxonomy":"productcolor","embeddable":true,"href":"https:\/\/www.koonings.com\/fr\/wp-json\/wp\/v2\/productcolor?post=77855"},{"taxonomy":"maat","embeddable":true,"href":"https:\/\/www.koonings.com\/fr\/wp-json\/wp\/v2\/maat?post=77855"},{"taxonomy":"productsupplier","embeddable":true,"href":"https:\/\/www.koonings.com\/fr\/wp-json\/wp\/v2\/productsupplier?post=77855"},{"taxonomy":"productsleeve","embeddable":true,"href":"https:\/\/www.koonings.com\/fr\/wp-json\/wp\/v2\/productsleeve?post=77855"},{"taxonomy":"productcategory","embeddable":true,"href":"https:\/\/www.koonings.com\/fr\/wp-json\/wp\/v2\/productcategory?post=77855"},{"taxonomy":"productsilhouette","embeddable":true,"href":"https:\/\/www.koonings.com\/fr\/wp-json\/wp\/v2\/productsilhouette?post=77855"},{"taxonomy":"productstyle","embeddable":true,"href":"https:\/\/www.koonings.com\/fr\/wp-json\/wp\/v2\/productstyle?post=77855"}],"curies":[{"name":"wp","href":"https:\/\/api.w.org\/{rel}","templated":true}]}}