{"id":77848,"date":"2025-01-21T12:20:15","date_gmt":"2025-01-21T11:20:15","guid":{"rendered":"https:\/\/www.koonings.com\/product\/immediate-361-florence\/"},"modified":"2026-02-02T14:25:23","modified_gmt":"2026-02-02T13:25:23","slug":"immediate-361-florence","status":"publish","type":"product","link":"https:\/\/www.koonings.com\/fr\/product\/immediate-361-florence\/","title":{"rendered":"Imm\u00e9diat 361 Florence"},"content":{"rendered":"<p>&nbsp;&nbsp;&nbsp;&nbsp;Les hommes de go\u00fbt choisissent des costumes de style. La collection Immediate offre une palette de nouvelles couleurs surprenantes. Du chic discret \u00e0 l&#8217;irr\u00e9sistiblement tendance. La coupe italienne combin\u00e9e \u00e0 des tissus riches et souples assure un &#8220;perfect match&#8221;. Immediate vous offre le costume parfait pour le plus beau jour de votre vie !<\/p>\n","protected":false},"featured_media":21749,"template":"","meta":{"_acf_changed":false,"ghostkit_customizer_options":"","ghostkit_custom_css":"","ghostkit_custom_js_head":"","ghostkit_custom_js_foot":"","ghostkit_typography":""},"productdetails":[],"productneck":[],"productcolor":[450],"maat":[],"productsupplier":[452],"productsleeve":[],"productcategory":[227],"productsilhouette":[],"productstyle":[],"class_list":["post-77848","product","type-product","status-publish","has-post-thumbnail","hentry","productcolor-450","productsupplier-immediate","productcategory-kostuum"],"acf":[],"yoast_head":"<!-- This site is optimized with the Yoast SEO plugin v27.3 - https:\/\/yoast.com\/product\/yoast-seo-wordpress\/ -->\n<title>Imm\u00e9diat 361 Florence | Koonings<\/title>\n<meta name=\"description\" content=\"\u00a0\u00a0\u00a0\u00a0Les hommes de go\u00fbt choisissent des costumes de style. La collection Immediate offre une palette de nouvelles couleurs surprenantes. Du chic discret \u00e0 l&#039;irr\u00e9sistiblement tendance. La coupe italienne combin\u00e9e \u00e0 des tissus riches et souples assure un &quot;perfect match&quot;. Immediate vous offre le costume parfait pour le plus beau jour de votre vie !\" \/>\n<meta name=\"robots\" content=\"index, follow, max-snippet:-1, max-image-preview:large, max-video-preview:-1\" \/>\n<link rel=\"canonical\" href=\"https:\/\/www.koonings.com\/fr\/product\/immediate-361-florence\/\" \/>\n<meta property=\"og:locale\" content=\"fr_FR\" \/>\n<meta property=\"og:type\" content=\"article\" \/>\n<meta property=\"og:title\" content=\"Imm\u00e9diat 361 Florence | Koonings\" \/>\n<meta property=\"og:description\" content=\"\u00a0\u00a0\u00a0\u00a0Les hommes de go\u00fbt choisissent des costumes de style. La collection Immediate offre une palette de nouvelles couleurs surprenantes. Du chic discret \u00e0 l&#039;irr\u00e9sistiblement tendance. La coupe italienne combin\u00e9e \u00e0 des tissus riches et souples assure un &quot;perfect match&quot;. Immediate vous offre le costume parfait pour le plus beau jour de votre vie !\" \/>\n<meta property=\"og:url\" content=\"https:\/\/www.koonings.com\/fr\/product\/immediate-361-florence\/\" \/>\n<meta property=\"og:site_name\" content=\"Koonings\" \/>\n<meta property=\"article:publisher\" content=\"https:\/\/www.facebook.com\/kooningstheweddingpalace\" \/>\n<meta property=\"article:modified_time\" content=\"2026-02-02T13:25:23+00:00\" \/>\n<meta property=\"og:image\" content=\"https:\/\/www.koonings.com\/wp-content\/uploads\/2024\/08\/39647_bc8e7acf38c24166d79f93aef7150bb938c46fafa01e671d1835b89b5a3b877b8d9a69ce.jpeg\" \/>\n\t<meta property=\"og:image:width\" content=\"398\" \/>\n\t<meta property=\"og:image:height\" content=\"708\" \/>\n\t<meta property=\"og:image:type\" content=\"image\/jpeg\" \/>\n<meta name=\"twitter:card\" content=\"summary_large_image\" \/>\n<script type=\"application\/ld+json\" class=\"yoast-schema-graph\">{\"@context\":\"https:\\\/\\\/schema.org\",\"@graph\":[{\"@type\":\"WebPage\",\"@id\":\"https:\\\/\\\/www.koonings.com\\\/fr\\\/product\\\/immediate-361-florence\\\/\",\"url\":\"https:\\\/\\\/www.koonings.com\\\/fr\\\/product\\\/immediate-361-florence\\\/\",\"name\":\"Imm\u00e9diat 361 Florence | Koonings\",\"isPartOf\":{\"@id\":\"https:\\\/\\\/www.koonings.com\\\/fr\\\/#website\"},\"primaryImageOfPage\":{\"@id\":\"https:\\\/\\\/www.koonings.com\\\/fr\\\/product\\\/immediate-361-florence\\\/#primaryimage\"},\"image\":{\"@id\":\"https:\\\/\\\/www.koonings.com\\\/fr\\\/product\\\/immediate-361-florence\\\/#primaryimage\"},\"thumbnailUrl\":\"https:\\\/\\\/www.koonings.com\\\/wp-content\\\/uploads\\\/2024\\\/08\\\/39647_bc8e7acf38c24166d79f93aef7150bb938c46fafa01e671d1835b89b5a3b877b8d9a69ce.jpeg\",\"datePublished\":\"2025-01-21T11:20:15+00:00\",\"dateModified\":\"2026-02-02T13:25:23+00:00\",\"description\":\"\u00a0\u00a0\u00a0\u00a0Les hommes de go\u00fbt choisissent des costumes de style. La collection Immediate offre une palette de nouvelles couleurs surprenantes. Du chic discret \u00e0 l'irr\u00e9sistiblement tendance. La coupe italienne combin\u00e9e \u00e0 des tissus riches et souples assure un \\\"perfect match\\\". Immediate vous offre le costume parfait pour le plus beau jour de votre vie !\",\"breadcrumb\":{\"@id\":\"https:\\\/\\\/www.koonings.com\\\/fr\\\/product\\\/immediate-361-florence\\\/#breadcrumb\"},\"inLanguage\":\"fr-FR\",\"potentialAction\":[{\"@type\":\"ReadAction\",\"target\":[\"https:\\\/\\\/www.koonings.com\\\/fr\\\/product\\\/immediate-361-florence\\\/\"]}]},{\"@type\":\"ImageObject\",\"inLanguage\":\"fr-FR\",\"@id\":\"https:\\\/\\\/www.koonings.com\\\/fr\\\/product\\\/immediate-361-florence\\\/#primaryimage\",\"url\":\"https:\\\/\\\/www.koonings.com\\\/wp-content\\\/uploads\\\/2024\\\/08\\\/39647_bc8e7acf38c24166d79f93aef7150bb938c46fafa01e671d1835b89b5a3b877b8d9a69ce.jpeg\",\"contentUrl\":\"https:\\\/\\\/www.koonings.com\\\/wp-content\\\/uploads\\\/2024\\\/08\\\/39647_bc8e7acf38c24166d79f93aef7150bb938c46fafa01e671d1835b89b5a3b877b8d9a69ce.jpeg\",\"width\":398,\"height\":708},{\"@type\":\"BreadcrumbList\",\"@id\":\"https:\\\/\\\/www.koonings.com\\\/fr\\\/product\\\/immediate-361-florence\\\/#breadcrumb\",\"itemListElement\":[{\"@type\":\"ListItem\",\"position\":1,\"name\":\"Home\",\"item\":\"https:\\\/\\\/www.koonings.com\\\/fr\\\/\"},{\"@type\":\"ListItem\",\"position\":2,\"name\":\"Imm\u00e9diat 361 Florence\"}]},{\"@type\":\"WebSite\",\"@id\":\"https:\\\/\\\/www.koonings.com\\\/fr\\\/#website\",\"url\":\"https:\\\/\\\/www.koonings.com\\\/fr\\\/\",\"name\":\"Koonings\",\"description\":\"De grootste bruidsmodewinkel ter wereld\",\"publisher\":{\"@id\":\"https:\\\/\\\/www.koonings.com\\\/fr\\\/#organization\"},\"potentialAction\":[{\"@type\":\"SearchAction\",\"target\":{\"@type\":\"EntryPoint\",\"urlTemplate\":\"https:\\\/\\\/www.koonings.com\\\/fr\\\/?s={search_term_string}\"},\"query-input\":{\"@type\":\"PropertyValueSpecification\",\"valueRequired\":true,\"valueName\":\"search_term_string\"}}],\"inLanguage\":\"fr-FR\"},{\"@type\":\"Organization\",\"@id\":\"https:\\\/\\\/www.koonings.com\\\/fr\\\/#organization\",\"name\":\"Koonings\",\"url\":\"https:\\\/\\\/www.koonings.com\\\/fr\\\/\",\"logo\":{\"@type\":\"ImageObject\",\"inLanguage\":\"fr-FR\",\"@id\":\"https:\\\/\\\/www.koonings.com\\\/fr\\\/#\\\/schema\\\/logo\\\/image\\\/\",\"url\":\"https:\\\/\\\/www.koonings.com\\\/wp-content\\\/uploads\\\/2024\\\/07\\\/logo.png\",\"contentUrl\":\"https:\\\/\\\/www.koonings.com\\\/wp-content\\\/uploads\\\/2024\\\/07\\\/logo.png\",\"width\":600,\"height\":428,\"caption\":\"Koonings\"},\"image\":{\"@id\":\"https:\\\/\\\/www.koonings.com\\\/fr\\\/#\\\/schema\\\/logo\\\/image\\\/\"},\"sameAs\":[\"https:\\\/\\\/www.facebook.com\\\/kooningstheweddingpalace\",\"https:\\\/\\\/www.instagram.com\\\/kooningstheweddingpalace\",\"https:\\\/\\\/www.pinterest.com\\\/koonings\",\"https:\\\/\\\/www.youtube.com\\\/kooningstheweddingpalace\"]}]}<\/script>\n<!-- \/ Yoast SEO plugin. -->","yoast_head_json":{"title":"Imm\u00e9diat 361 Florence | Koonings","description":"\u00a0\u00a0\u00a0\u00a0Les hommes de go\u00fbt choisissent des costumes de style. La collection Immediate offre une palette de nouvelles couleurs surprenantes. Du chic discret \u00e0 l'irr\u00e9sistiblement tendance. La coupe italienne combin\u00e9e \u00e0 des tissus riches et souples assure un \"perfect match\". Immediate vous offre le costume parfait pour le plus beau jour de votre vie !","robots":{"index":"index","follow":"follow","max-snippet":"max-snippet:-1","max-image-preview":"max-image-preview:large","max-video-preview":"max-video-preview:-1"},"canonical":"https:\/\/www.koonings.com\/fr\/product\/immediate-361-florence\/","og_locale":"fr_FR","og_type":"article","og_title":"Imm\u00e9diat 361 Florence | Koonings","og_description":"\u00a0\u00a0\u00a0\u00a0Les hommes de go\u00fbt choisissent des costumes de style. La collection Immediate offre une palette de nouvelles couleurs surprenantes. Du chic discret \u00e0 l'irr\u00e9sistiblement tendance. La coupe italienne combin\u00e9e \u00e0 des tissus riches et souples assure un \"perfect match\". Immediate vous offre le costume parfait pour le plus beau jour de votre vie !","og_url":"https:\/\/www.koonings.com\/fr\/product\/immediate-361-florence\/","og_site_name":"Koonings","article_publisher":"https:\/\/www.facebook.com\/kooningstheweddingpalace","article_modified_time":"2026-02-02T13:25:23+00:00","og_image":[{"width":398,"height":708,"url":"https:\/\/www.koonings.com\/wp-content\/uploads\/2024\/08\/39647_bc8e7acf38c24166d79f93aef7150bb938c46fafa01e671d1835b89b5a3b877b8d9a69ce.jpeg","type":"image\/jpeg"}],"twitter_card":"summary_large_image","schema":{"@context":"https:\/\/schema.org","@graph":[{"@type":"WebPage","@id":"https:\/\/www.koonings.com\/fr\/product\/immediate-361-florence\/","url":"https:\/\/www.koonings.com\/fr\/product\/immediate-361-florence\/","name":"Imm\u00e9diat 361 Florence | Koonings","isPartOf":{"@id":"https:\/\/www.koonings.com\/fr\/#website"},"primaryImageOfPage":{"@id":"https:\/\/www.koonings.com\/fr\/product\/immediate-361-florence\/#primaryimage"},"image":{"@id":"https:\/\/www.koonings.com\/fr\/product\/immediate-361-florence\/#primaryimage"},"thumbnailUrl":"https:\/\/www.koonings.com\/wp-content\/uploads\/2024\/08\/39647_bc8e7acf38c24166d79f93aef7150bb938c46fafa01e671d1835b89b5a3b877b8d9a69ce.jpeg","datePublished":"2025-01-21T11:20:15+00:00","dateModified":"2026-02-02T13:25:23+00:00","description":"\u00a0\u00a0\u00a0\u00a0Les hommes de go\u00fbt choisissent des costumes de style. La collection Immediate offre une palette de nouvelles couleurs surprenantes. Du chic discret \u00e0 l'irr\u00e9sistiblement tendance. La coupe italienne combin\u00e9e \u00e0 des tissus riches et souples assure un \"perfect match\". Immediate vous offre le costume parfait pour le plus beau jour de votre vie !","breadcrumb":{"@id":"https:\/\/www.koonings.com\/fr\/product\/immediate-361-florence\/#breadcrumb"},"inLanguage":"fr-FR","potentialAction":[{"@type":"ReadAction","target":["https:\/\/www.koonings.com\/fr\/product\/immediate-361-florence\/"]}]},{"@type":"ImageObject","inLanguage":"fr-FR","@id":"https:\/\/www.koonings.com\/fr\/product\/immediate-361-florence\/#primaryimage","url":"https:\/\/www.koonings.com\/wp-content\/uploads\/2024\/08\/39647_bc8e7acf38c24166d79f93aef7150bb938c46fafa01e671d1835b89b5a3b877b8d9a69ce.jpeg","contentUrl":"https:\/\/www.koonings.com\/wp-content\/uploads\/2024\/08\/39647_bc8e7acf38c24166d79f93aef7150bb938c46fafa01e671d1835b89b5a3b877b8d9a69ce.jpeg","width":398,"height":708},{"@type":"BreadcrumbList","@id":"https:\/\/www.koonings.com\/fr\/product\/immediate-361-florence\/#breadcrumb","itemListElement":[{"@type":"ListItem","position":1,"name":"Home","item":"https:\/\/www.koonings.com\/fr\/"},{"@type":"ListItem","position":2,"name":"Imm\u00e9diat 361 Florence"}]},{"@type":"WebSite","@id":"https:\/\/www.koonings.com\/fr\/#website","url":"https:\/\/www.koonings.com\/fr\/","name":"Koonings","description":"De grootste bruidsmodewinkel ter wereld","publisher":{"@id":"https:\/\/www.koonings.com\/fr\/#organization"},"potentialAction":[{"@type":"SearchAction","target":{"@type":"EntryPoint","urlTemplate":"https:\/\/www.koonings.com\/fr\/?s={search_term_string}"},"query-input":{"@type":"PropertyValueSpecification","valueRequired":true,"valueName":"search_term_string"}}],"inLanguage":"fr-FR"},{"@type":"Organization","@id":"https:\/\/www.koonings.com\/fr\/#organization","name":"Koonings","url":"https:\/\/www.koonings.com\/fr\/","logo":{"@type":"ImageObject","inLanguage":"fr-FR","@id":"https:\/\/www.koonings.com\/fr\/#\/schema\/logo\/image\/","url":"https:\/\/www.koonings.com\/wp-content\/uploads\/2024\/07\/logo.png","contentUrl":"https:\/\/www.koonings.com\/wp-content\/uploads\/2024\/07\/logo.png","width":600,"height":428,"caption":"Koonings"},"image":{"@id":"https:\/\/www.koonings.com\/fr\/#\/schema\/logo\/image\/"},"sameAs":["https:\/\/www.facebook.com\/kooningstheweddingpalace","https:\/\/www.instagram.com\/kooningstheweddingpalace","https:\/\/www.pinterest.com\/koonings","https:\/\/www.youtube.com\/kooningstheweddingpalace"]}]}},"_links":{"self":[{"href":"https:\/\/www.koonings.com\/fr\/wp-json\/wp\/v2\/product\/77848","targetHints":{"allow":["GET"]}}],"collection":[{"href":"https:\/\/www.koonings.com\/fr\/wp-json\/wp\/v2\/product"}],"about":[{"href":"https:\/\/www.koonings.com\/fr\/wp-json\/wp\/v2\/types\/product"}],"wp:featuredmedia":[{"embeddable":true,"href":"https:\/\/www.koonings.com\/fr\/wp-json\/wp\/v2\/media\/21749"}],"wp:attachment":[{"href":"https:\/\/www.koonings.com\/fr\/wp-json\/wp\/v2\/media?parent=77848"}],"wp:term":[{"taxonomy":"productdetails","embeddable":true,"href":"https:\/\/www.koonings.com\/fr\/wp-json\/wp\/v2\/productdetails?post=77848"},{"taxonomy":"productneck","embeddable":true,"href":"https:\/\/www.koonings.com\/fr\/wp-json\/wp\/v2\/productneck?post=77848"},{"taxonomy":"productcolor","embeddable":true,"href":"https:\/\/www.koonings.com\/fr\/wp-json\/wp\/v2\/productcolor?post=77848"},{"taxonomy":"maat","embeddable":true,"href":"https:\/\/www.koonings.com\/fr\/wp-json\/wp\/v2\/maat?post=77848"},{"taxonomy":"productsupplier","embeddable":true,"href":"https:\/\/www.koonings.com\/fr\/wp-json\/wp\/v2\/productsupplier?post=77848"},{"taxonomy":"productsleeve","embeddable":true,"href":"https:\/\/www.koonings.com\/fr\/wp-json\/wp\/v2\/productsleeve?post=77848"},{"taxonomy":"productcategory","embeddable":true,"href":"https:\/\/www.koonings.com\/fr\/wp-json\/wp\/v2\/productcategory?post=77848"},{"taxonomy":"productsilhouette","embeddable":true,"href":"https:\/\/www.koonings.com\/fr\/wp-json\/wp\/v2\/productsilhouette?post=77848"},{"taxonomy":"productstyle","embeddable":true,"href":"https:\/\/www.koonings.com\/fr\/wp-json\/wp\/v2\/productstyle?post=77848"}],"curies":[{"name":"wp","href":"https:\/\/api.w.org\/{rel}","templated":true}]}}