{"id":77843,"date":"2026-04-14T16:16:07","date_gmt":"2026-04-14T14:16:07","guid":{"rendered":"https:\/\/www.koonings.com\/product\/marylise-white-lotus-1\/"},"modified":"2026-02-23T14:43:52","modified_gmt":"2026-02-23T13:43:52","slug":"marylise-white-lotus-1","status":"publish","type":"product","link":"https:\/\/www.koonings.com\/fr\/product\/marylise-white-lotus-1\/","title":{"rendered":"Marylise White Lotus\/1"},"content":{"rendered":"<p>La robe White Lotus est compos\u00e9e d&#8217;un haut en tulle ivoire transparent et d&#8217;une jupe orn\u00e9e d&#8217;applications florales. Le devant et le dos pr\u00e9sentent un d\u00e9collet\u00e9 profond. Le devant comporte un petit morceau de tissu transparent au milieu. La jupe est en cr\u00eape avec une couche sup\u00e9rieure de tulle qui lui conf\u00e8re un magnifique tomb\u00e9 et une tra\u00eene fluide. Une robe parfaite pour danser !    <\/p>\n","protected":false},"featured_media":41821,"template":"","meta":{"_acf_changed":false,"ghostkit_customizer_options":"","ghostkit_custom_css":"","ghostkit_custom_js_head":"","ghostkit_custom_js_foot":"","ghostkit_typography":""},"productdetails":[],"productneck":[351],"productcolor":[392],"maat":[],"productsupplier":[410],"productsleeve":[359],"productcategory":[18],"productsilhouette":[384],"productstyle":[],"class_list":["post-77843","product","type-product","status-publish","has-post-thumbnail","hentry","productneck-351","productcolor-392","productsupplier-marylise","productsleeve-359","productcategory-trouwjurken","productsilhouette-384"],"acf":[],"yoast_head":"<!-- This site is optimized with the Yoast SEO plugin v27.3 - https:\/\/yoast.com\/product\/yoast-seo-wordpress\/ -->\n<title>Marylise White Lotus\/1 | Koonings<\/title>\n<meta name=\"description\" content=\"La robe White Lotus est compos\u00e9e d&#039;un haut en tulle ivoire transparent et d&#039;une jupe orn\u00e9e d&#039;applications florales. Le devant et le dos pr\u00e9sentent un d\u00e9collet\u00e9 profond. Le devant comporte un petit morceau de tissu transparent au milieu. La jupe est en cr\u00eape avec une couche sup\u00e9rieure de tulle qui lui conf\u00e8re un magnifique tomb\u00e9 et une tra\u00eene fluide. Une robe parfaite pour danser !\" \/>\n<meta name=\"robots\" content=\"index, follow, max-snippet:-1, max-image-preview:large, max-video-preview:-1\" \/>\n<link rel=\"canonical\" href=\"https:\/\/www.koonings.com\/fr\/product\/marylise-white-lotus-1\/\" \/>\n<meta property=\"og:locale\" content=\"fr_FR\" \/>\n<meta property=\"og:type\" content=\"article\" \/>\n<meta property=\"og:title\" content=\"Marylise White Lotus\/1 | Koonings\" \/>\n<meta property=\"og:description\" content=\"La robe White Lotus est compos\u00e9e d&#039;un haut en tulle ivoire transparent et d&#039;une jupe orn\u00e9e d&#039;applications florales. Le devant et le dos pr\u00e9sentent un d\u00e9collet\u00e9 profond. Le devant comporte un petit morceau de tissu transparent au milieu. La jupe est en cr\u00eape avec une couche sup\u00e9rieure de tulle qui lui conf\u00e8re un magnifique tomb\u00e9 et une tra\u00eene fluide. Une robe parfaite pour danser !\" \/>\n<meta property=\"og:url\" content=\"https:\/\/www.koonings.com\/fr\/product\/marylise-white-lotus-1\/\" \/>\n<meta property=\"og:site_name\" content=\"Koonings\" \/>\n<meta property=\"article:publisher\" content=\"https:\/\/www.facebook.com\/kooningstheweddingpalace\" \/>\n<meta property=\"og:image\" content=\"https:\/\/www.koonings.com\/wp-content\/uploads\/2024\/11\/39600_d90e94d3aa7705ab601b6841f3e96b08ddccd1537b7f018eb465b08bac17fb2aa9fa109f-scaled.jpeg\" \/>\n\t<meta property=\"og:image:width\" content=\"1808\" \/>\n\t<meta property=\"og:image:height\" content=\"2560\" \/>\n\t<meta property=\"og:image:type\" content=\"image\/jpeg\" \/>\n<meta name=\"twitter:card\" content=\"summary_large_image\" \/>\n<script type=\"application\/ld+json\" class=\"yoast-schema-graph\">{\"@context\":\"https:\\\/\\\/schema.org\",\"@graph\":[{\"@type\":\"WebPage\",\"@id\":\"https:\\\/\\\/www.koonings.com\\\/fr\\\/product\\\/marylise-white-lotus-1\\\/\",\"url\":\"https:\\\/\\\/www.koonings.com\\\/fr\\\/product\\\/marylise-white-lotus-1\\\/\",\"name\":\"Marylise White Lotus\\\/1 | Koonings\",\"isPartOf\":{\"@id\":\"https:\\\/\\\/www.koonings.com\\\/fr\\\/#website\"},\"primaryImageOfPage\":{\"@id\":\"https:\\\/\\\/www.koonings.com\\\/fr\\\/product\\\/marylise-white-lotus-1\\\/#primaryimage\"},\"image\":{\"@id\":\"https:\\\/\\\/www.koonings.com\\\/fr\\\/product\\\/marylise-white-lotus-1\\\/#primaryimage\"},\"thumbnailUrl\":\"https:\\\/\\\/www.koonings.com\\\/wp-content\\\/uploads\\\/2024\\\/11\\\/39600_d90e94d3aa7705ab601b6841f3e96b08ddccd1537b7f018eb465b08bac17fb2aa9fa109f-scaled.jpeg\",\"datePublished\":\"2026-04-14T14:16:07+00:00\",\"description\":\"La robe White Lotus est compos\u00e9e d'un haut en tulle ivoire transparent et d'une jupe orn\u00e9e d'applications florales. Le devant et le dos pr\u00e9sentent un d\u00e9collet\u00e9 profond. Le devant comporte un petit morceau de tissu transparent au milieu. La jupe est en cr\u00eape avec une couche sup\u00e9rieure de tulle qui lui conf\u00e8re un magnifique tomb\u00e9 et une tra\u00eene fluide. Une robe parfaite pour danser !\",\"breadcrumb\":{\"@id\":\"https:\\\/\\\/www.koonings.com\\\/fr\\\/product\\\/marylise-white-lotus-1\\\/#breadcrumb\"},\"inLanguage\":\"fr-FR\",\"potentialAction\":[{\"@type\":\"ReadAction\",\"target\":[\"https:\\\/\\\/www.koonings.com\\\/fr\\\/product\\\/marylise-white-lotus-1\\\/\"]}]},{\"@type\":\"ImageObject\",\"inLanguage\":\"fr-FR\",\"@id\":\"https:\\\/\\\/www.koonings.com\\\/fr\\\/product\\\/marylise-white-lotus-1\\\/#primaryimage\",\"url\":\"https:\\\/\\\/www.koonings.com\\\/wp-content\\\/uploads\\\/2024\\\/11\\\/39600_d90e94d3aa7705ab601b6841f3e96b08ddccd1537b7f018eb465b08bac17fb2aa9fa109f-scaled.jpeg\",\"contentUrl\":\"https:\\\/\\\/www.koonings.com\\\/wp-content\\\/uploads\\\/2024\\\/11\\\/39600_d90e94d3aa7705ab601b6841f3e96b08ddccd1537b7f018eb465b08bac17fb2aa9fa109f-scaled.jpeg\",\"width\":1808,\"height\":2560},{\"@type\":\"BreadcrumbList\",\"@id\":\"https:\\\/\\\/www.koonings.com\\\/fr\\\/product\\\/marylise-white-lotus-1\\\/#breadcrumb\",\"itemListElement\":[{\"@type\":\"ListItem\",\"position\":1,\"name\":\"Home\",\"item\":\"https:\\\/\\\/www.koonings.com\\\/fr\\\/\"},{\"@type\":\"ListItem\",\"position\":2,\"name\":\"Marylise White Lotus\\\/1\"}]},{\"@type\":\"WebSite\",\"@id\":\"https:\\\/\\\/www.koonings.com\\\/fr\\\/#website\",\"url\":\"https:\\\/\\\/www.koonings.com\\\/fr\\\/\",\"name\":\"Koonings\",\"description\":\"De grootste bruidsmodewinkel ter wereld\",\"publisher\":{\"@id\":\"https:\\\/\\\/www.koonings.com\\\/fr\\\/#organization\"},\"potentialAction\":[{\"@type\":\"SearchAction\",\"target\":{\"@type\":\"EntryPoint\",\"urlTemplate\":\"https:\\\/\\\/www.koonings.com\\\/fr\\\/?s={search_term_string}\"},\"query-input\":{\"@type\":\"PropertyValueSpecification\",\"valueRequired\":true,\"valueName\":\"search_term_string\"}}],\"inLanguage\":\"fr-FR\"},{\"@type\":\"Organization\",\"@id\":\"https:\\\/\\\/www.koonings.com\\\/fr\\\/#organization\",\"name\":\"Koonings\",\"url\":\"https:\\\/\\\/www.koonings.com\\\/fr\\\/\",\"logo\":{\"@type\":\"ImageObject\",\"inLanguage\":\"fr-FR\",\"@id\":\"https:\\\/\\\/www.koonings.com\\\/fr\\\/#\\\/schema\\\/logo\\\/image\\\/\",\"url\":\"https:\\\/\\\/www.koonings.com\\\/wp-content\\\/uploads\\\/2024\\\/07\\\/logo.png\",\"contentUrl\":\"https:\\\/\\\/www.koonings.com\\\/wp-content\\\/uploads\\\/2024\\\/07\\\/logo.png\",\"width\":600,\"height\":428,\"caption\":\"Koonings\"},\"image\":{\"@id\":\"https:\\\/\\\/www.koonings.com\\\/fr\\\/#\\\/schema\\\/logo\\\/image\\\/\"},\"sameAs\":[\"https:\\\/\\\/www.facebook.com\\\/kooningstheweddingpalace\",\"https:\\\/\\\/www.instagram.com\\\/kooningstheweddingpalace\",\"https:\\\/\\\/www.pinterest.com\\\/koonings\",\"https:\\\/\\\/www.youtube.com\\\/kooningstheweddingpalace\"]}]}<\/script>\n<!-- \/ Yoast SEO plugin. -->","yoast_head_json":{"title":"Marylise White Lotus\/1 | Koonings","description":"La robe White Lotus est compos\u00e9e d'un haut en tulle ivoire transparent et d'une jupe orn\u00e9e d'applications florales. Le devant et le dos pr\u00e9sentent un d\u00e9collet\u00e9 profond. Le devant comporte un petit morceau de tissu transparent au milieu. La jupe est en cr\u00eape avec une couche sup\u00e9rieure de tulle qui lui conf\u00e8re un magnifique tomb\u00e9 et une tra\u00eene fluide. Une robe parfaite pour danser !","robots":{"index":"index","follow":"follow","max-snippet":"max-snippet:-1","max-image-preview":"max-image-preview:large","max-video-preview":"max-video-preview:-1"},"canonical":"https:\/\/www.koonings.com\/fr\/product\/marylise-white-lotus-1\/","og_locale":"fr_FR","og_type":"article","og_title":"Marylise White Lotus\/1 | Koonings","og_description":"La robe White Lotus est compos\u00e9e d'un haut en tulle ivoire transparent et d'une jupe orn\u00e9e d'applications florales. Le devant et le dos pr\u00e9sentent un d\u00e9collet\u00e9 profond. Le devant comporte un petit morceau de tissu transparent au milieu. La jupe est en cr\u00eape avec une couche sup\u00e9rieure de tulle qui lui conf\u00e8re un magnifique tomb\u00e9 et une tra\u00eene fluide. Une robe parfaite pour danser !","og_url":"https:\/\/www.koonings.com\/fr\/product\/marylise-white-lotus-1\/","og_site_name":"Koonings","article_publisher":"https:\/\/www.facebook.com\/kooningstheweddingpalace","og_image":[{"width":1808,"height":2560,"url":"https:\/\/www.koonings.com\/wp-content\/uploads\/2024\/11\/39600_d90e94d3aa7705ab601b6841f3e96b08ddccd1537b7f018eb465b08bac17fb2aa9fa109f-scaled.jpeg","type":"image\/jpeg"}],"twitter_card":"summary_large_image","schema":{"@context":"https:\/\/schema.org","@graph":[{"@type":"WebPage","@id":"https:\/\/www.koonings.com\/fr\/product\/marylise-white-lotus-1\/","url":"https:\/\/www.koonings.com\/fr\/product\/marylise-white-lotus-1\/","name":"Marylise White Lotus\/1 | Koonings","isPartOf":{"@id":"https:\/\/www.koonings.com\/fr\/#website"},"primaryImageOfPage":{"@id":"https:\/\/www.koonings.com\/fr\/product\/marylise-white-lotus-1\/#primaryimage"},"image":{"@id":"https:\/\/www.koonings.com\/fr\/product\/marylise-white-lotus-1\/#primaryimage"},"thumbnailUrl":"https:\/\/www.koonings.com\/wp-content\/uploads\/2024\/11\/39600_d90e94d3aa7705ab601b6841f3e96b08ddccd1537b7f018eb465b08bac17fb2aa9fa109f-scaled.jpeg","datePublished":"2026-04-14T14:16:07+00:00","description":"La robe White Lotus est compos\u00e9e d'un haut en tulle ivoire transparent et d'une jupe orn\u00e9e d'applications florales. Le devant et le dos pr\u00e9sentent un d\u00e9collet\u00e9 profond. Le devant comporte un petit morceau de tissu transparent au milieu. La jupe est en cr\u00eape avec une couche sup\u00e9rieure de tulle qui lui conf\u00e8re un magnifique tomb\u00e9 et une tra\u00eene fluide. Une robe parfaite pour danser !","breadcrumb":{"@id":"https:\/\/www.koonings.com\/fr\/product\/marylise-white-lotus-1\/#breadcrumb"},"inLanguage":"fr-FR","potentialAction":[{"@type":"ReadAction","target":["https:\/\/www.koonings.com\/fr\/product\/marylise-white-lotus-1\/"]}]},{"@type":"ImageObject","inLanguage":"fr-FR","@id":"https:\/\/www.koonings.com\/fr\/product\/marylise-white-lotus-1\/#primaryimage","url":"https:\/\/www.koonings.com\/wp-content\/uploads\/2024\/11\/39600_d90e94d3aa7705ab601b6841f3e96b08ddccd1537b7f018eb465b08bac17fb2aa9fa109f-scaled.jpeg","contentUrl":"https:\/\/www.koonings.com\/wp-content\/uploads\/2024\/11\/39600_d90e94d3aa7705ab601b6841f3e96b08ddccd1537b7f018eb465b08bac17fb2aa9fa109f-scaled.jpeg","width":1808,"height":2560},{"@type":"BreadcrumbList","@id":"https:\/\/www.koonings.com\/fr\/product\/marylise-white-lotus-1\/#breadcrumb","itemListElement":[{"@type":"ListItem","position":1,"name":"Home","item":"https:\/\/www.koonings.com\/fr\/"},{"@type":"ListItem","position":2,"name":"Marylise White Lotus\/1"}]},{"@type":"WebSite","@id":"https:\/\/www.koonings.com\/fr\/#website","url":"https:\/\/www.koonings.com\/fr\/","name":"Koonings","description":"De grootste bruidsmodewinkel ter wereld","publisher":{"@id":"https:\/\/www.koonings.com\/fr\/#organization"},"potentialAction":[{"@type":"SearchAction","target":{"@type":"EntryPoint","urlTemplate":"https:\/\/www.koonings.com\/fr\/?s={search_term_string}"},"query-input":{"@type":"PropertyValueSpecification","valueRequired":true,"valueName":"search_term_string"}}],"inLanguage":"fr-FR"},{"@type":"Organization","@id":"https:\/\/www.koonings.com\/fr\/#organization","name":"Koonings","url":"https:\/\/www.koonings.com\/fr\/","logo":{"@type":"ImageObject","inLanguage":"fr-FR","@id":"https:\/\/www.koonings.com\/fr\/#\/schema\/logo\/image\/","url":"https:\/\/www.koonings.com\/wp-content\/uploads\/2024\/07\/logo.png","contentUrl":"https:\/\/www.koonings.com\/wp-content\/uploads\/2024\/07\/logo.png","width":600,"height":428,"caption":"Koonings"},"image":{"@id":"https:\/\/www.koonings.com\/fr\/#\/schema\/logo\/image\/"},"sameAs":["https:\/\/www.facebook.com\/kooningstheweddingpalace","https:\/\/www.instagram.com\/kooningstheweddingpalace","https:\/\/www.pinterest.com\/koonings","https:\/\/www.youtube.com\/kooningstheweddingpalace"]}]}},"_links":{"self":[{"href":"https:\/\/www.koonings.com\/fr\/wp-json\/wp\/v2\/product\/77843","targetHints":{"allow":["GET"]}}],"collection":[{"href":"https:\/\/www.koonings.com\/fr\/wp-json\/wp\/v2\/product"}],"about":[{"href":"https:\/\/www.koonings.com\/fr\/wp-json\/wp\/v2\/types\/product"}],"wp:featuredmedia":[{"embeddable":true,"href":"https:\/\/www.koonings.com\/fr\/wp-json\/wp\/v2\/media\/41821"}],"wp:attachment":[{"href":"https:\/\/www.koonings.com\/fr\/wp-json\/wp\/v2\/media?parent=77843"}],"wp:term":[{"taxonomy":"productdetails","embeddable":true,"href":"https:\/\/www.koonings.com\/fr\/wp-json\/wp\/v2\/productdetails?post=77843"},{"taxonomy":"productneck","embeddable":true,"href":"https:\/\/www.koonings.com\/fr\/wp-json\/wp\/v2\/productneck?post=77843"},{"taxonomy":"productcolor","embeddable":true,"href":"https:\/\/www.koonings.com\/fr\/wp-json\/wp\/v2\/productcolor?post=77843"},{"taxonomy":"maat","embeddable":true,"href":"https:\/\/www.koonings.com\/fr\/wp-json\/wp\/v2\/maat?post=77843"},{"taxonomy":"productsupplier","embeddable":true,"href":"https:\/\/www.koonings.com\/fr\/wp-json\/wp\/v2\/productsupplier?post=77843"},{"taxonomy":"productsleeve","embeddable":true,"href":"https:\/\/www.koonings.com\/fr\/wp-json\/wp\/v2\/productsleeve?post=77843"},{"taxonomy":"productcategory","embeddable":true,"href":"https:\/\/www.koonings.com\/fr\/wp-json\/wp\/v2\/productcategory?post=77843"},{"taxonomy":"productsilhouette","embeddable":true,"href":"https:\/\/www.koonings.com\/fr\/wp-json\/wp\/v2\/productsilhouette?post=77843"},{"taxonomy":"productstyle","embeddable":true,"href":"https:\/\/www.koonings.com\/fr\/wp-json\/wp\/v2\/productstyle?post=77843"}],"curies":[{"name":"wp","href":"https:\/\/api.w.org\/{rel}","templated":true}]}}