{"id":77840,"date":"2026-05-06T15:14:43","date_gmt":"2026-05-06T13:14:43","guid":{"rendered":"https:\/\/www.koonings.com\/product\/atelier-pronovias-aneth-ap124bj1\/"},"modified":"2026-02-23T14:44:24","modified_gmt":"2026-02-23T13:44:24","slug":"atelier-pronovias-aneth-ap124bj1","status":"publish","type":"product","link":"https:\/\/www.koonings.com\/fr\/product\/atelier-pronovias-aneth-ap124bj1\/","title":{"rendered":"Atelier Pronovias Aneth AP124BJ1"},"content":{"rendered":"<p>Cette robe de l&#8217;Atelier Pronovias montre ce pour quoi la marque est connue. Des mod\u00e8les modernes remplis de dentelle espagnole. Les c\u00f4t\u00e9s de la robe apportent une touche impressionnante gr\u00e2ce au perlage vertical. Le d\u00e9collet\u00e9 en V profond et le dos ouvert donnent \u00e0 la robe une touche finale.   <\/p>\n","protected":false},"featured_media":42007,"template":"","meta":{"_acf_changed":false,"ghostkit_customizer_options":"","ghostkit_custom_css":"","ghostkit_custom_js_head":"","ghostkit_custom_js_foot":"","ghostkit_typography":""},"productdetails":[379],"productneck":[356],"productcolor":[393,392],"maat":[],"productsupplier":[429],"productsleeve":[359],"productcategory":[18],"productsilhouette":[387],"productstyle":[367],"class_list":["post-77840","product","type-product","status-publish","has-post-thumbnail","hentry","productdetails-379","productneck-356","productcolor-393","productcolor-392","productsupplier-atelier-pronovias","productsleeve-359","productcategory-trouwjurken","productsilhouette-387","productstyle-367"],"acf":[],"yoast_head":"<!-- This site is optimized with the Yoast SEO plugin v27.3 - https:\/\/yoast.com\/product\/yoast-seo-wordpress\/ -->\n<title>Atelier Pronovias Aneth AP124BJ1 | Koonings<\/title>\n<meta name=\"description\" content=\"Cette robe de l&#039;Atelier Pronovias montre ce pour quoi la marque est connue. Des mod\u00e8les modernes remplis de dentelle espagnole. Les c\u00f4t\u00e9s de la robe apportent une touche impressionnante gr\u00e2ce au perlage vertical. Le d\u00e9collet\u00e9 en V profond et le dos ouvert donnent \u00e0 la robe une touche finale.\" \/>\n<meta name=\"robots\" content=\"index, follow, max-snippet:-1, max-image-preview:large, max-video-preview:-1\" \/>\n<link rel=\"canonical\" href=\"https:\/\/www.koonings.com\/fr\/product\/atelier-pronovias-aneth-ap124bj1\/\" \/>\n<meta property=\"og:locale\" content=\"fr_FR\" \/>\n<meta property=\"og:type\" content=\"article\" \/>\n<meta property=\"og:title\" content=\"Atelier Pronovias Aneth AP124BJ1 | Koonings\" \/>\n<meta property=\"og:description\" content=\"Cette robe de l&#039;Atelier Pronovias montre ce pour quoi la marque est connue. Des mod\u00e8les modernes remplis de dentelle espagnole. Les c\u00f4t\u00e9s de la robe apportent une touche impressionnante gr\u00e2ce au perlage vertical. Le d\u00e9collet\u00e9 en V profond et le dos ouvert donnent \u00e0 la robe une touche finale.\" \/>\n<meta property=\"og:url\" content=\"https:\/\/www.koonings.com\/fr\/product\/atelier-pronovias-aneth-ap124bj1\/\" \/>\n<meta property=\"og:site_name\" content=\"Koonings\" \/>\n<meta property=\"article:publisher\" content=\"https:\/\/www.facebook.com\/kooningstheweddingpalace\" \/>\n<meta property=\"og:image\" content=\"https:\/\/www.koonings.com\/wp-content\/uploads\/2024\/11\/39680_a4649dfe3d4963841063bbe4a3211494198c4be726d39b41fb3949fb20166efec5468faf-scaled.jpeg\" \/>\n\t<meta property=\"og:image:width\" content=\"1811\" \/>\n\t<meta property=\"og:image:height\" content=\"2560\" \/>\n\t<meta property=\"og:image:type\" content=\"image\/jpeg\" \/>\n<meta name=\"twitter:card\" content=\"summary_large_image\" \/>\n<script type=\"application\/ld+json\" class=\"yoast-schema-graph\">{\"@context\":\"https:\\\/\\\/schema.org\",\"@graph\":[{\"@type\":\"WebPage\",\"@id\":\"https:\\\/\\\/www.koonings.com\\\/fr\\\/product\\\/atelier-pronovias-aneth-ap124bj1\\\/\",\"url\":\"https:\\\/\\\/www.koonings.com\\\/fr\\\/product\\\/atelier-pronovias-aneth-ap124bj1\\\/\",\"name\":\"Atelier Pronovias Aneth AP124BJ1 | Koonings\",\"isPartOf\":{\"@id\":\"https:\\\/\\\/www.koonings.com\\\/fr\\\/#website\"},\"primaryImageOfPage\":{\"@id\":\"https:\\\/\\\/www.koonings.com\\\/fr\\\/product\\\/atelier-pronovias-aneth-ap124bj1\\\/#primaryimage\"},\"image\":{\"@id\":\"https:\\\/\\\/www.koonings.com\\\/fr\\\/product\\\/atelier-pronovias-aneth-ap124bj1\\\/#primaryimage\"},\"thumbnailUrl\":\"https:\\\/\\\/www.koonings.com\\\/wp-content\\\/uploads\\\/2024\\\/11\\\/39680_a4649dfe3d4963841063bbe4a3211494198c4be726d39b41fb3949fb20166efec5468faf-scaled.jpeg\",\"datePublished\":\"2026-05-06T13:14:43+00:00\",\"description\":\"Cette robe de l'Atelier Pronovias montre ce pour quoi la marque est connue. Des mod\u00e8les modernes remplis de dentelle espagnole. Les c\u00f4t\u00e9s de la robe apportent une touche impressionnante gr\u00e2ce au perlage vertical. Le d\u00e9collet\u00e9 en V profond et le dos ouvert donnent \u00e0 la robe une touche finale.\",\"breadcrumb\":{\"@id\":\"https:\\\/\\\/www.koonings.com\\\/fr\\\/product\\\/atelier-pronovias-aneth-ap124bj1\\\/#breadcrumb\"},\"inLanguage\":\"fr-FR\",\"potentialAction\":[{\"@type\":\"ReadAction\",\"target\":[\"https:\\\/\\\/www.koonings.com\\\/fr\\\/product\\\/atelier-pronovias-aneth-ap124bj1\\\/\"]}]},{\"@type\":\"ImageObject\",\"inLanguage\":\"fr-FR\",\"@id\":\"https:\\\/\\\/www.koonings.com\\\/fr\\\/product\\\/atelier-pronovias-aneth-ap124bj1\\\/#primaryimage\",\"url\":\"https:\\\/\\\/www.koonings.com\\\/wp-content\\\/uploads\\\/2024\\\/11\\\/39680_a4649dfe3d4963841063bbe4a3211494198c4be726d39b41fb3949fb20166efec5468faf-scaled.jpeg\",\"contentUrl\":\"https:\\\/\\\/www.koonings.com\\\/wp-content\\\/uploads\\\/2024\\\/11\\\/39680_a4649dfe3d4963841063bbe4a3211494198c4be726d39b41fb3949fb20166efec5468faf-scaled.jpeg\",\"width\":1811,\"height\":2560},{\"@type\":\"BreadcrumbList\",\"@id\":\"https:\\\/\\\/www.koonings.com\\\/fr\\\/product\\\/atelier-pronovias-aneth-ap124bj1\\\/#breadcrumb\",\"itemListElement\":[{\"@type\":\"ListItem\",\"position\":1,\"name\":\"Home\",\"item\":\"https:\\\/\\\/www.koonings.com\\\/fr\\\/\"},{\"@type\":\"ListItem\",\"position\":2,\"name\":\"Atelier Pronovias Aneth AP124BJ1\"}]},{\"@type\":\"WebSite\",\"@id\":\"https:\\\/\\\/www.koonings.com\\\/fr\\\/#website\",\"url\":\"https:\\\/\\\/www.koonings.com\\\/fr\\\/\",\"name\":\"Koonings\",\"description\":\"De grootste bruidsmodewinkel ter wereld\",\"publisher\":{\"@id\":\"https:\\\/\\\/www.koonings.com\\\/fr\\\/#organization\"},\"potentialAction\":[{\"@type\":\"SearchAction\",\"target\":{\"@type\":\"EntryPoint\",\"urlTemplate\":\"https:\\\/\\\/www.koonings.com\\\/fr\\\/?s={search_term_string}\"},\"query-input\":{\"@type\":\"PropertyValueSpecification\",\"valueRequired\":true,\"valueName\":\"search_term_string\"}}],\"inLanguage\":\"fr-FR\"},{\"@type\":\"Organization\",\"@id\":\"https:\\\/\\\/www.koonings.com\\\/fr\\\/#organization\",\"name\":\"Koonings\",\"url\":\"https:\\\/\\\/www.koonings.com\\\/fr\\\/\",\"logo\":{\"@type\":\"ImageObject\",\"inLanguage\":\"fr-FR\",\"@id\":\"https:\\\/\\\/www.koonings.com\\\/fr\\\/#\\\/schema\\\/logo\\\/image\\\/\",\"url\":\"https:\\\/\\\/www.koonings.com\\\/wp-content\\\/uploads\\\/2024\\\/07\\\/logo.png\",\"contentUrl\":\"https:\\\/\\\/www.koonings.com\\\/wp-content\\\/uploads\\\/2024\\\/07\\\/logo.png\",\"width\":600,\"height\":428,\"caption\":\"Koonings\"},\"image\":{\"@id\":\"https:\\\/\\\/www.koonings.com\\\/fr\\\/#\\\/schema\\\/logo\\\/image\\\/\"},\"sameAs\":[\"https:\\\/\\\/www.facebook.com\\\/kooningstheweddingpalace\",\"https:\\\/\\\/www.instagram.com\\\/kooningstheweddingpalace\",\"https:\\\/\\\/www.pinterest.com\\\/koonings\",\"https:\\\/\\\/www.youtube.com\\\/kooningstheweddingpalace\"]}]}<\/script>\n<!-- \/ Yoast SEO plugin. -->","yoast_head_json":{"title":"Atelier Pronovias Aneth AP124BJ1 | Koonings","description":"Cette robe de l'Atelier Pronovias montre ce pour quoi la marque est connue. Des mod\u00e8les modernes remplis de dentelle espagnole. Les c\u00f4t\u00e9s de la robe apportent une touche impressionnante gr\u00e2ce au perlage vertical. Le d\u00e9collet\u00e9 en V profond et le dos ouvert donnent \u00e0 la robe une touche finale.","robots":{"index":"index","follow":"follow","max-snippet":"max-snippet:-1","max-image-preview":"max-image-preview:large","max-video-preview":"max-video-preview:-1"},"canonical":"https:\/\/www.koonings.com\/fr\/product\/atelier-pronovias-aneth-ap124bj1\/","og_locale":"fr_FR","og_type":"article","og_title":"Atelier Pronovias Aneth AP124BJ1 | Koonings","og_description":"Cette robe de l'Atelier Pronovias montre ce pour quoi la marque est connue. Des mod\u00e8les modernes remplis de dentelle espagnole. Les c\u00f4t\u00e9s de la robe apportent une touche impressionnante gr\u00e2ce au perlage vertical. Le d\u00e9collet\u00e9 en V profond et le dos ouvert donnent \u00e0 la robe une touche finale.","og_url":"https:\/\/www.koonings.com\/fr\/product\/atelier-pronovias-aneth-ap124bj1\/","og_site_name":"Koonings","article_publisher":"https:\/\/www.facebook.com\/kooningstheweddingpalace","og_image":[{"width":1811,"height":2560,"url":"https:\/\/www.koonings.com\/wp-content\/uploads\/2024\/11\/39680_a4649dfe3d4963841063bbe4a3211494198c4be726d39b41fb3949fb20166efec5468faf-scaled.jpeg","type":"image\/jpeg"}],"twitter_card":"summary_large_image","schema":{"@context":"https:\/\/schema.org","@graph":[{"@type":"WebPage","@id":"https:\/\/www.koonings.com\/fr\/product\/atelier-pronovias-aneth-ap124bj1\/","url":"https:\/\/www.koonings.com\/fr\/product\/atelier-pronovias-aneth-ap124bj1\/","name":"Atelier Pronovias Aneth AP124BJ1 | Koonings","isPartOf":{"@id":"https:\/\/www.koonings.com\/fr\/#website"},"primaryImageOfPage":{"@id":"https:\/\/www.koonings.com\/fr\/product\/atelier-pronovias-aneth-ap124bj1\/#primaryimage"},"image":{"@id":"https:\/\/www.koonings.com\/fr\/product\/atelier-pronovias-aneth-ap124bj1\/#primaryimage"},"thumbnailUrl":"https:\/\/www.koonings.com\/wp-content\/uploads\/2024\/11\/39680_a4649dfe3d4963841063bbe4a3211494198c4be726d39b41fb3949fb20166efec5468faf-scaled.jpeg","datePublished":"2026-05-06T13:14:43+00:00","description":"Cette robe de l'Atelier Pronovias montre ce pour quoi la marque est connue. Des mod\u00e8les modernes remplis de dentelle espagnole. Les c\u00f4t\u00e9s de la robe apportent une touche impressionnante gr\u00e2ce au perlage vertical. Le d\u00e9collet\u00e9 en V profond et le dos ouvert donnent \u00e0 la robe une touche finale.","breadcrumb":{"@id":"https:\/\/www.koonings.com\/fr\/product\/atelier-pronovias-aneth-ap124bj1\/#breadcrumb"},"inLanguage":"fr-FR","potentialAction":[{"@type":"ReadAction","target":["https:\/\/www.koonings.com\/fr\/product\/atelier-pronovias-aneth-ap124bj1\/"]}]},{"@type":"ImageObject","inLanguage":"fr-FR","@id":"https:\/\/www.koonings.com\/fr\/product\/atelier-pronovias-aneth-ap124bj1\/#primaryimage","url":"https:\/\/www.koonings.com\/wp-content\/uploads\/2024\/11\/39680_a4649dfe3d4963841063bbe4a3211494198c4be726d39b41fb3949fb20166efec5468faf-scaled.jpeg","contentUrl":"https:\/\/www.koonings.com\/wp-content\/uploads\/2024\/11\/39680_a4649dfe3d4963841063bbe4a3211494198c4be726d39b41fb3949fb20166efec5468faf-scaled.jpeg","width":1811,"height":2560},{"@type":"BreadcrumbList","@id":"https:\/\/www.koonings.com\/fr\/product\/atelier-pronovias-aneth-ap124bj1\/#breadcrumb","itemListElement":[{"@type":"ListItem","position":1,"name":"Home","item":"https:\/\/www.koonings.com\/fr\/"},{"@type":"ListItem","position":2,"name":"Atelier Pronovias Aneth AP124BJ1"}]},{"@type":"WebSite","@id":"https:\/\/www.koonings.com\/fr\/#website","url":"https:\/\/www.koonings.com\/fr\/","name":"Koonings","description":"De grootste bruidsmodewinkel ter wereld","publisher":{"@id":"https:\/\/www.koonings.com\/fr\/#organization"},"potentialAction":[{"@type":"SearchAction","target":{"@type":"EntryPoint","urlTemplate":"https:\/\/www.koonings.com\/fr\/?s={search_term_string}"},"query-input":{"@type":"PropertyValueSpecification","valueRequired":true,"valueName":"search_term_string"}}],"inLanguage":"fr-FR"},{"@type":"Organization","@id":"https:\/\/www.koonings.com\/fr\/#organization","name":"Koonings","url":"https:\/\/www.koonings.com\/fr\/","logo":{"@type":"ImageObject","inLanguage":"fr-FR","@id":"https:\/\/www.koonings.com\/fr\/#\/schema\/logo\/image\/","url":"https:\/\/www.koonings.com\/wp-content\/uploads\/2024\/07\/logo.png","contentUrl":"https:\/\/www.koonings.com\/wp-content\/uploads\/2024\/07\/logo.png","width":600,"height":428,"caption":"Koonings"},"image":{"@id":"https:\/\/www.koonings.com\/fr\/#\/schema\/logo\/image\/"},"sameAs":["https:\/\/www.facebook.com\/kooningstheweddingpalace","https:\/\/www.instagram.com\/kooningstheweddingpalace","https:\/\/www.pinterest.com\/koonings","https:\/\/www.youtube.com\/kooningstheweddingpalace"]}]}},"_links":{"self":[{"href":"https:\/\/www.koonings.com\/fr\/wp-json\/wp\/v2\/product\/77840","targetHints":{"allow":["GET"]}}],"collection":[{"href":"https:\/\/www.koonings.com\/fr\/wp-json\/wp\/v2\/product"}],"about":[{"href":"https:\/\/www.koonings.com\/fr\/wp-json\/wp\/v2\/types\/product"}],"wp:featuredmedia":[{"embeddable":true,"href":"https:\/\/www.koonings.com\/fr\/wp-json\/wp\/v2\/media\/42007"}],"wp:attachment":[{"href":"https:\/\/www.koonings.com\/fr\/wp-json\/wp\/v2\/media?parent=77840"}],"wp:term":[{"taxonomy":"productdetails","embeddable":true,"href":"https:\/\/www.koonings.com\/fr\/wp-json\/wp\/v2\/productdetails?post=77840"},{"taxonomy":"productneck","embeddable":true,"href":"https:\/\/www.koonings.com\/fr\/wp-json\/wp\/v2\/productneck?post=77840"},{"taxonomy":"productcolor","embeddable":true,"href":"https:\/\/www.koonings.com\/fr\/wp-json\/wp\/v2\/productcolor?post=77840"},{"taxonomy":"maat","embeddable":true,"href":"https:\/\/www.koonings.com\/fr\/wp-json\/wp\/v2\/maat?post=77840"},{"taxonomy":"productsupplier","embeddable":true,"href":"https:\/\/www.koonings.com\/fr\/wp-json\/wp\/v2\/productsupplier?post=77840"},{"taxonomy":"productsleeve","embeddable":true,"href":"https:\/\/www.koonings.com\/fr\/wp-json\/wp\/v2\/productsleeve?post=77840"},{"taxonomy":"productcategory","embeddable":true,"href":"https:\/\/www.koonings.com\/fr\/wp-json\/wp\/v2\/productcategory?post=77840"},{"taxonomy":"productsilhouette","embeddable":true,"href":"https:\/\/www.koonings.com\/fr\/wp-json\/wp\/v2\/productsilhouette?post=77840"},{"taxonomy":"productstyle","embeddable":true,"href":"https:\/\/www.koonings.com\/fr\/wp-json\/wp\/v2\/productstyle?post=77840"}],"curies":[{"name":"wp","href":"https:\/\/api.w.org\/{rel}","templated":true}]}}