{"id":77825,"date":"2026-04-14T16:16:24","date_gmt":"2026-04-14T14:16:24","guid":{"rendered":"https:\/\/www.koonings.com\/product\/oreasposa-l1092\/"},"modified":"2026-02-23T14:44:01","modified_gmt":"2026-02-23T13:44:01","slug":"oreasposa-l1092","status":"publish","type":"product","link":"https:\/\/www.koonings.com\/fr\/product\/oreasposa-l1092\/","title":{"rendered":"Oreasposa L1092"},"content":{"rendered":"<p>Un look de style boh\u00e8me avec une broderie classique en dentelle et un d\u00e9collet\u00e9 sensuel en forme de c\u0153ur (qui est accompagn\u00e9 de manches amovibles \u00e0 \u00e9paules d\u00e9couvertes). Ce corsage sexy est associ\u00e9 \u00e0 une jupe de tulle en ligne A. Manches amovibles assorties (incluses).  <\/p>\n","protected":false},"featured_media":42248,"template":"","meta":{"_acf_changed":false,"ghostkit_customizer_options":"","ghostkit_custom_css":"","ghostkit_custom_js_head":"","ghostkit_custom_js_foot":"","ghostkit_typography":""},"productdetails":[],"productneck":[354,355],"productcolor":[393,392],"maat":[],"productsupplier":[401],"productsleeve":[363],"productcategory":[18],"productsilhouette":[384],"productstyle":[],"class_list":["post-77825","product","type-product","status-publish","has-post-thumbnail","hentry","productneck-354","productneck-355","productcolor-393","productcolor-392","productsupplier-oreasposa","productsleeve-363","productcategory-trouwjurken","productsilhouette-384"],"acf":[],"yoast_head":"<!-- This site is optimized with the Yoast SEO plugin v27.3 - https:\/\/yoast.com\/product\/yoast-seo-wordpress\/ -->\n<title>Oreasposa L1092 | Koonings<\/title>\n<meta name=\"description\" content=\"Un look de style boh\u00e8me avec une broderie classique en dentelle et un d\u00e9collet\u00e9 sensuel en forme de c\u0153ur (qui est accompagn\u00e9 de manches amovibles \u00e0 \u00e9paules d\u00e9couvertes). Ce corsage sexy est associ\u00e9 \u00e0 une jupe de tulle en ligne A. Manches amovibles assorties (incluses).\" \/>\n<meta name=\"robots\" content=\"index, follow, max-snippet:-1, max-image-preview:large, max-video-preview:-1\" \/>\n<link rel=\"canonical\" href=\"https:\/\/www.koonings.com\/fr\/product\/oreasposa-l1092\/\" \/>\n<meta property=\"og:locale\" content=\"fr_FR\" \/>\n<meta property=\"og:type\" content=\"article\" \/>\n<meta property=\"og:title\" content=\"Oreasposa L1092 | Koonings\" \/>\n<meta property=\"og:description\" content=\"Un look de style boh\u00e8me avec une broderie classique en dentelle et un d\u00e9collet\u00e9 sensuel en forme de c\u0153ur (qui est accompagn\u00e9 de manches amovibles \u00e0 \u00e9paules d\u00e9couvertes). Ce corsage sexy est associ\u00e9 \u00e0 une jupe de tulle en ligne A. Manches amovibles assorties (incluses).\" \/>\n<meta property=\"og:url\" content=\"https:\/\/www.koonings.com\/fr\/product\/oreasposa-l1092\/\" \/>\n<meta property=\"og:site_name\" content=\"Koonings\" \/>\n<meta property=\"article:publisher\" content=\"https:\/\/www.facebook.com\/kooningstheweddingpalace\" \/>\n<meta property=\"og:image\" content=\"https:\/\/www.koonings.com\/wp-content\/uploads\/2024\/11\/39757_fbaac5d8b910ff0840578296ab2130c1c292aba0dfd4a6ac1d71ff3c9475066544244fef-scaled.jpeg\" \/>\n\t<meta property=\"og:image:width\" content=\"1807\" \/>\n\t<meta property=\"og:image:height\" content=\"2560\" \/>\n\t<meta property=\"og:image:type\" content=\"image\/jpeg\" \/>\n<meta name=\"twitter:card\" content=\"summary_large_image\" \/>\n<script type=\"application\/ld+json\" class=\"yoast-schema-graph\">{\"@context\":\"https:\\\/\\\/schema.org\",\"@graph\":[{\"@type\":\"WebPage\",\"@id\":\"https:\\\/\\\/www.koonings.com\\\/fr\\\/product\\\/oreasposa-l1092\\\/\",\"url\":\"https:\\\/\\\/www.koonings.com\\\/fr\\\/product\\\/oreasposa-l1092\\\/\",\"name\":\"Oreasposa L1092 | Koonings\",\"isPartOf\":{\"@id\":\"https:\\\/\\\/www.koonings.com\\\/fr\\\/#website\"},\"primaryImageOfPage\":{\"@id\":\"https:\\\/\\\/www.koonings.com\\\/fr\\\/product\\\/oreasposa-l1092\\\/#primaryimage\"},\"image\":{\"@id\":\"https:\\\/\\\/www.koonings.com\\\/fr\\\/product\\\/oreasposa-l1092\\\/#primaryimage\"},\"thumbnailUrl\":\"https:\\\/\\\/www.koonings.com\\\/wp-content\\\/uploads\\\/2024\\\/11\\\/39757_fbaac5d8b910ff0840578296ab2130c1c292aba0dfd4a6ac1d71ff3c9475066544244fef-scaled.jpeg\",\"datePublished\":\"2026-04-14T14:16:24+00:00\",\"description\":\"Un look de style boh\u00e8me avec une broderie classique en dentelle et un d\u00e9collet\u00e9 sensuel en forme de c\u0153ur (qui est accompagn\u00e9 de manches amovibles \u00e0 \u00e9paules d\u00e9couvertes). Ce corsage sexy est associ\u00e9 \u00e0 une jupe de tulle en ligne A. Manches amovibles assorties (incluses).\",\"breadcrumb\":{\"@id\":\"https:\\\/\\\/www.koonings.com\\\/fr\\\/product\\\/oreasposa-l1092\\\/#breadcrumb\"},\"inLanguage\":\"fr-FR\",\"potentialAction\":[{\"@type\":\"ReadAction\",\"target\":[\"https:\\\/\\\/www.koonings.com\\\/fr\\\/product\\\/oreasposa-l1092\\\/\"]}]},{\"@type\":\"ImageObject\",\"inLanguage\":\"fr-FR\",\"@id\":\"https:\\\/\\\/www.koonings.com\\\/fr\\\/product\\\/oreasposa-l1092\\\/#primaryimage\",\"url\":\"https:\\\/\\\/www.koonings.com\\\/wp-content\\\/uploads\\\/2024\\\/11\\\/39757_fbaac5d8b910ff0840578296ab2130c1c292aba0dfd4a6ac1d71ff3c9475066544244fef-scaled.jpeg\",\"contentUrl\":\"https:\\\/\\\/www.koonings.com\\\/wp-content\\\/uploads\\\/2024\\\/11\\\/39757_fbaac5d8b910ff0840578296ab2130c1c292aba0dfd4a6ac1d71ff3c9475066544244fef-scaled.jpeg\",\"width\":1807,\"height\":2560},{\"@type\":\"BreadcrumbList\",\"@id\":\"https:\\\/\\\/www.koonings.com\\\/fr\\\/product\\\/oreasposa-l1092\\\/#breadcrumb\",\"itemListElement\":[{\"@type\":\"ListItem\",\"position\":1,\"name\":\"Home\",\"item\":\"https:\\\/\\\/www.koonings.com\\\/fr\\\/\"},{\"@type\":\"ListItem\",\"position\":2,\"name\":\"Oreasposa L1092\"}]},{\"@type\":\"WebSite\",\"@id\":\"https:\\\/\\\/www.koonings.com\\\/fr\\\/#website\",\"url\":\"https:\\\/\\\/www.koonings.com\\\/fr\\\/\",\"name\":\"Koonings\",\"description\":\"De grootste bruidsmodewinkel ter wereld\",\"publisher\":{\"@id\":\"https:\\\/\\\/www.koonings.com\\\/fr\\\/#organization\"},\"potentialAction\":[{\"@type\":\"SearchAction\",\"target\":{\"@type\":\"EntryPoint\",\"urlTemplate\":\"https:\\\/\\\/www.koonings.com\\\/fr\\\/?s={search_term_string}\"},\"query-input\":{\"@type\":\"PropertyValueSpecification\",\"valueRequired\":true,\"valueName\":\"search_term_string\"}}],\"inLanguage\":\"fr-FR\"},{\"@type\":\"Organization\",\"@id\":\"https:\\\/\\\/www.koonings.com\\\/fr\\\/#organization\",\"name\":\"Koonings\",\"url\":\"https:\\\/\\\/www.koonings.com\\\/fr\\\/\",\"logo\":{\"@type\":\"ImageObject\",\"inLanguage\":\"fr-FR\",\"@id\":\"https:\\\/\\\/www.koonings.com\\\/fr\\\/#\\\/schema\\\/logo\\\/image\\\/\",\"url\":\"https:\\\/\\\/www.koonings.com\\\/wp-content\\\/uploads\\\/2024\\\/07\\\/logo.png\",\"contentUrl\":\"https:\\\/\\\/www.koonings.com\\\/wp-content\\\/uploads\\\/2024\\\/07\\\/logo.png\",\"width\":600,\"height\":428,\"caption\":\"Koonings\"},\"image\":{\"@id\":\"https:\\\/\\\/www.koonings.com\\\/fr\\\/#\\\/schema\\\/logo\\\/image\\\/\"},\"sameAs\":[\"https:\\\/\\\/www.facebook.com\\\/kooningstheweddingpalace\",\"https:\\\/\\\/www.instagram.com\\\/kooningstheweddingpalace\",\"https:\\\/\\\/www.pinterest.com\\\/koonings\",\"https:\\\/\\\/www.youtube.com\\\/kooningstheweddingpalace\"]}]}<\/script>\n<!-- \/ Yoast SEO plugin. -->","yoast_head_json":{"title":"Oreasposa L1092 | Koonings","description":"Un look de style boh\u00e8me avec une broderie classique en dentelle et un d\u00e9collet\u00e9 sensuel en forme de c\u0153ur (qui est accompagn\u00e9 de manches amovibles \u00e0 \u00e9paules d\u00e9couvertes). Ce corsage sexy est associ\u00e9 \u00e0 une jupe de tulle en ligne A. Manches amovibles assorties (incluses).","robots":{"index":"index","follow":"follow","max-snippet":"max-snippet:-1","max-image-preview":"max-image-preview:large","max-video-preview":"max-video-preview:-1"},"canonical":"https:\/\/www.koonings.com\/fr\/product\/oreasposa-l1092\/","og_locale":"fr_FR","og_type":"article","og_title":"Oreasposa L1092 | Koonings","og_description":"Un look de style boh\u00e8me avec une broderie classique en dentelle et un d\u00e9collet\u00e9 sensuel en forme de c\u0153ur (qui est accompagn\u00e9 de manches amovibles \u00e0 \u00e9paules d\u00e9couvertes). Ce corsage sexy est associ\u00e9 \u00e0 une jupe de tulle en ligne A. Manches amovibles assorties (incluses).","og_url":"https:\/\/www.koonings.com\/fr\/product\/oreasposa-l1092\/","og_site_name":"Koonings","article_publisher":"https:\/\/www.facebook.com\/kooningstheweddingpalace","og_image":[{"width":1807,"height":2560,"url":"https:\/\/www.koonings.com\/wp-content\/uploads\/2024\/11\/39757_fbaac5d8b910ff0840578296ab2130c1c292aba0dfd4a6ac1d71ff3c9475066544244fef-scaled.jpeg","type":"image\/jpeg"}],"twitter_card":"summary_large_image","schema":{"@context":"https:\/\/schema.org","@graph":[{"@type":"WebPage","@id":"https:\/\/www.koonings.com\/fr\/product\/oreasposa-l1092\/","url":"https:\/\/www.koonings.com\/fr\/product\/oreasposa-l1092\/","name":"Oreasposa L1092 | Koonings","isPartOf":{"@id":"https:\/\/www.koonings.com\/fr\/#website"},"primaryImageOfPage":{"@id":"https:\/\/www.koonings.com\/fr\/product\/oreasposa-l1092\/#primaryimage"},"image":{"@id":"https:\/\/www.koonings.com\/fr\/product\/oreasposa-l1092\/#primaryimage"},"thumbnailUrl":"https:\/\/www.koonings.com\/wp-content\/uploads\/2024\/11\/39757_fbaac5d8b910ff0840578296ab2130c1c292aba0dfd4a6ac1d71ff3c9475066544244fef-scaled.jpeg","datePublished":"2026-04-14T14:16:24+00:00","description":"Un look de style boh\u00e8me avec une broderie classique en dentelle et un d\u00e9collet\u00e9 sensuel en forme de c\u0153ur (qui est accompagn\u00e9 de manches amovibles \u00e0 \u00e9paules d\u00e9couvertes). Ce corsage sexy est associ\u00e9 \u00e0 une jupe de tulle en ligne A. Manches amovibles assorties (incluses).","breadcrumb":{"@id":"https:\/\/www.koonings.com\/fr\/product\/oreasposa-l1092\/#breadcrumb"},"inLanguage":"fr-FR","potentialAction":[{"@type":"ReadAction","target":["https:\/\/www.koonings.com\/fr\/product\/oreasposa-l1092\/"]}]},{"@type":"ImageObject","inLanguage":"fr-FR","@id":"https:\/\/www.koonings.com\/fr\/product\/oreasposa-l1092\/#primaryimage","url":"https:\/\/www.koonings.com\/wp-content\/uploads\/2024\/11\/39757_fbaac5d8b910ff0840578296ab2130c1c292aba0dfd4a6ac1d71ff3c9475066544244fef-scaled.jpeg","contentUrl":"https:\/\/www.koonings.com\/wp-content\/uploads\/2024\/11\/39757_fbaac5d8b910ff0840578296ab2130c1c292aba0dfd4a6ac1d71ff3c9475066544244fef-scaled.jpeg","width":1807,"height":2560},{"@type":"BreadcrumbList","@id":"https:\/\/www.koonings.com\/fr\/product\/oreasposa-l1092\/#breadcrumb","itemListElement":[{"@type":"ListItem","position":1,"name":"Home","item":"https:\/\/www.koonings.com\/fr\/"},{"@type":"ListItem","position":2,"name":"Oreasposa L1092"}]},{"@type":"WebSite","@id":"https:\/\/www.koonings.com\/fr\/#website","url":"https:\/\/www.koonings.com\/fr\/","name":"Koonings","description":"De grootste bruidsmodewinkel ter wereld","publisher":{"@id":"https:\/\/www.koonings.com\/fr\/#organization"},"potentialAction":[{"@type":"SearchAction","target":{"@type":"EntryPoint","urlTemplate":"https:\/\/www.koonings.com\/fr\/?s={search_term_string}"},"query-input":{"@type":"PropertyValueSpecification","valueRequired":true,"valueName":"search_term_string"}}],"inLanguage":"fr-FR"},{"@type":"Organization","@id":"https:\/\/www.koonings.com\/fr\/#organization","name":"Koonings","url":"https:\/\/www.koonings.com\/fr\/","logo":{"@type":"ImageObject","inLanguage":"fr-FR","@id":"https:\/\/www.koonings.com\/fr\/#\/schema\/logo\/image\/","url":"https:\/\/www.koonings.com\/wp-content\/uploads\/2024\/07\/logo.png","contentUrl":"https:\/\/www.koonings.com\/wp-content\/uploads\/2024\/07\/logo.png","width":600,"height":428,"caption":"Koonings"},"image":{"@id":"https:\/\/www.koonings.com\/fr\/#\/schema\/logo\/image\/"},"sameAs":["https:\/\/www.facebook.com\/kooningstheweddingpalace","https:\/\/www.instagram.com\/kooningstheweddingpalace","https:\/\/www.pinterest.com\/koonings","https:\/\/www.youtube.com\/kooningstheweddingpalace"]}]}},"_links":{"self":[{"href":"https:\/\/www.koonings.com\/fr\/wp-json\/wp\/v2\/product\/77825","targetHints":{"allow":["GET"]}}],"collection":[{"href":"https:\/\/www.koonings.com\/fr\/wp-json\/wp\/v2\/product"}],"about":[{"href":"https:\/\/www.koonings.com\/fr\/wp-json\/wp\/v2\/types\/product"}],"wp:featuredmedia":[{"embeddable":true,"href":"https:\/\/www.koonings.com\/fr\/wp-json\/wp\/v2\/media\/42248"}],"wp:attachment":[{"href":"https:\/\/www.koonings.com\/fr\/wp-json\/wp\/v2\/media?parent=77825"}],"wp:term":[{"taxonomy":"productdetails","embeddable":true,"href":"https:\/\/www.koonings.com\/fr\/wp-json\/wp\/v2\/productdetails?post=77825"},{"taxonomy":"productneck","embeddable":true,"href":"https:\/\/www.koonings.com\/fr\/wp-json\/wp\/v2\/productneck?post=77825"},{"taxonomy":"productcolor","embeddable":true,"href":"https:\/\/www.koonings.com\/fr\/wp-json\/wp\/v2\/productcolor?post=77825"},{"taxonomy":"maat","embeddable":true,"href":"https:\/\/www.koonings.com\/fr\/wp-json\/wp\/v2\/maat?post=77825"},{"taxonomy":"productsupplier","embeddable":true,"href":"https:\/\/www.koonings.com\/fr\/wp-json\/wp\/v2\/productsupplier?post=77825"},{"taxonomy":"productsleeve","embeddable":true,"href":"https:\/\/www.koonings.com\/fr\/wp-json\/wp\/v2\/productsleeve?post=77825"},{"taxonomy":"productcategory","embeddable":true,"href":"https:\/\/www.koonings.com\/fr\/wp-json\/wp\/v2\/productcategory?post=77825"},{"taxonomy":"productsilhouette","embeddable":true,"href":"https:\/\/www.koonings.com\/fr\/wp-json\/wp\/v2\/productsilhouette?post=77825"},{"taxonomy":"productstyle","embeddable":true,"href":"https:\/\/www.koonings.com\/fr\/wp-json\/wp\/v2\/productstyle?post=77825"}],"curies":[{"name":"wp","href":"https:\/\/api.w.org\/{rel}","templated":true}]}}