{"id":77817,"date":"2026-04-28T18:14:49","date_gmt":"2026-04-28T16:14:49","guid":{"rendered":"https:\/\/www.koonings.com\/product\/demetrios-1230\/"},"modified":"2026-02-13T12:00:57","modified_gmt":"2026-02-13T11:00:57","slug":"demetrios-1230","status":"publish","type":"product","link":"https:\/\/www.koonings.com\/fr\/product\/demetrios-1230\/","title":{"rendered":"Demetrios 1230"},"content":{"rendered":"<p>Cette robe de mari\u00e9e sign\u00e9e Demetrios incarne le romantisme et le luxe \u00e9th\u00e9r\u00e9 gr\u00e2ce \u00e0 un magnifique m\u00e9lange de tulle \u00e9tincelant et de dentelle perl\u00e9e complexe. Les longues manches illusion embellies accentuent la s\u00e9duisante encolure en V et le bas du dos. Une fente sexy au niveau des cuisses sur la jupe en ligne A scintillante cr\u00e9e un look sensuel. Voile assorti V270 (disponible s\u00e9par\u00e9ment aupr\u00e8s de Koonings The Wedding Palace).   <\/p>\n","protected":false},"featured_media":42493,"template":"","meta":{"_acf_changed":false,"ghostkit_customizer_options":"","ghostkit_custom_css":"","ghostkit_custom_js_head":"","ghostkit_custom_js_foot":"","ghostkit_typography":""},"productdetails":[376,378,381],"productneck":[356],"productcolor":[392],"maat":[],"productsupplier":[402],"productsleeve":[362],"productcategory":[18],"productsilhouette":[384],"productstyle":[366],"class_list":["post-77817","product","type-product","status-publish","has-post-thumbnail","hentry","productdetails-376","productdetails-378","productdetails-381","productneck-356","productcolor-392","productsupplier-demetrios","productsleeve-362","productcategory-trouwjurken","productsilhouette-384","productstyle-366"],"acf":[],"yoast_head":"<!-- This site is optimized with the Yoast SEO plugin v27.3 - https:\/\/yoast.com\/product\/yoast-seo-wordpress\/ -->\n<title>Demetrios 1230 | Koonings<\/title>\n<meta name=\"description\" content=\"Cette robe de mari\u00e9e sign\u00e9e Demetrios incarne le romantisme et le luxe \u00e9th\u00e9r\u00e9 gr\u00e2ce \u00e0 un magnifique m\u00e9lange de tulle \u00e9tincelant et de dentelle perl\u00e9e complexe. Les longues manches illusion embellies accentuent la s\u00e9duisante encolure en V et le bas du dos. Une fente sexy au niveau des cuisses sur la jupe en ligne A scintillante cr\u00e9e un look sensuel. Voile assorti V270 (disponible s\u00e9par\u00e9ment aupr\u00e8s de Koonings The Wedding Palace).\" \/>\n<meta name=\"robots\" content=\"index, follow, max-snippet:-1, max-image-preview:large, max-video-preview:-1\" \/>\n<link rel=\"canonical\" href=\"https:\/\/www.koonings.com\/fr\/product\/demetrios-1230\/\" \/>\n<meta property=\"og:locale\" content=\"fr_FR\" \/>\n<meta property=\"og:type\" content=\"article\" \/>\n<meta property=\"og:title\" content=\"Demetrios 1230 | Koonings\" \/>\n<meta property=\"og:description\" content=\"Cette robe de mari\u00e9e sign\u00e9e Demetrios incarne le romantisme et le luxe \u00e9th\u00e9r\u00e9 gr\u00e2ce \u00e0 un magnifique m\u00e9lange de tulle \u00e9tincelant et de dentelle perl\u00e9e complexe. Les longues manches illusion embellies accentuent la s\u00e9duisante encolure en V et le bas du dos. Une fente sexy au niveau des cuisses sur la jupe en ligne A scintillante cr\u00e9e un look sensuel. Voile assorti V270 (disponible s\u00e9par\u00e9ment aupr\u00e8s de Koonings The Wedding Palace).\" \/>\n<meta property=\"og:url\" content=\"https:\/\/www.koonings.com\/fr\/product\/demetrios-1230\/\" \/>\n<meta property=\"og:site_name\" content=\"Koonings\" \/>\n<meta property=\"article:publisher\" content=\"https:\/\/www.facebook.com\/kooningstheweddingpalace\" \/>\n<meta property=\"og:image\" content=\"https:\/\/www.koonings.com\/wp-content\/uploads\/2024\/11\/39776_085b033df0911dd09cd289c5bf267838f772c8f4786d2ddbf991b80cb13d153a481f9a12-scaled.jpeg\" \/>\n\t<meta property=\"og:image:width\" content=\"1812\" \/>\n\t<meta property=\"og:image:height\" content=\"2560\" \/>\n\t<meta property=\"og:image:type\" content=\"image\/jpeg\" \/>\n<meta name=\"twitter:card\" content=\"summary_large_image\" \/>\n<script type=\"application\/ld+json\" class=\"yoast-schema-graph\">{\"@context\":\"https:\\\/\\\/schema.org\",\"@graph\":[{\"@type\":\"WebPage\",\"@id\":\"https:\\\/\\\/www.koonings.com\\\/fr\\\/product\\\/demetrios-1230\\\/\",\"url\":\"https:\\\/\\\/www.koonings.com\\\/fr\\\/product\\\/demetrios-1230\\\/\",\"name\":\"Demetrios 1230 | Koonings\",\"isPartOf\":{\"@id\":\"https:\\\/\\\/www.koonings.com\\\/fr\\\/#website\"},\"primaryImageOfPage\":{\"@id\":\"https:\\\/\\\/www.koonings.com\\\/fr\\\/product\\\/demetrios-1230\\\/#primaryimage\"},\"image\":{\"@id\":\"https:\\\/\\\/www.koonings.com\\\/fr\\\/product\\\/demetrios-1230\\\/#primaryimage\"},\"thumbnailUrl\":\"https:\\\/\\\/www.koonings.com\\\/wp-content\\\/uploads\\\/2024\\\/11\\\/39776_085b033df0911dd09cd289c5bf267838f772c8f4786d2ddbf991b80cb13d153a481f9a12-scaled.jpeg\",\"datePublished\":\"2026-04-28T16:14:49+00:00\",\"description\":\"Cette robe de mari\u00e9e sign\u00e9e Demetrios incarne le romantisme et le luxe \u00e9th\u00e9r\u00e9 gr\u00e2ce \u00e0 un magnifique m\u00e9lange de tulle \u00e9tincelant et de dentelle perl\u00e9e complexe. Les longues manches illusion embellies accentuent la s\u00e9duisante encolure en V et le bas du dos. Une fente sexy au niveau des cuisses sur la jupe en ligne A scintillante cr\u00e9e un look sensuel. Voile assorti V270 (disponible s\u00e9par\u00e9ment aupr\u00e8s de Koonings The Wedding Palace).\",\"breadcrumb\":{\"@id\":\"https:\\\/\\\/www.koonings.com\\\/fr\\\/product\\\/demetrios-1230\\\/#breadcrumb\"},\"inLanguage\":\"fr-FR\",\"potentialAction\":[{\"@type\":\"ReadAction\",\"target\":[\"https:\\\/\\\/www.koonings.com\\\/fr\\\/product\\\/demetrios-1230\\\/\"]}]},{\"@type\":\"ImageObject\",\"inLanguage\":\"fr-FR\",\"@id\":\"https:\\\/\\\/www.koonings.com\\\/fr\\\/product\\\/demetrios-1230\\\/#primaryimage\",\"url\":\"https:\\\/\\\/www.koonings.com\\\/wp-content\\\/uploads\\\/2024\\\/11\\\/39776_085b033df0911dd09cd289c5bf267838f772c8f4786d2ddbf991b80cb13d153a481f9a12-scaled.jpeg\",\"contentUrl\":\"https:\\\/\\\/www.koonings.com\\\/wp-content\\\/uploads\\\/2024\\\/11\\\/39776_085b033df0911dd09cd289c5bf267838f772c8f4786d2ddbf991b80cb13d153a481f9a12-scaled.jpeg\",\"width\":1812,\"height\":2560},{\"@type\":\"BreadcrumbList\",\"@id\":\"https:\\\/\\\/www.koonings.com\\\/fr\\\/product\\\/demetrios-1230\\\/#breadcrumb\",\"itemListElement\":[{\"@type\":\"ListItem\",\"position\":1,\"name\":\"Home\",\"item\":\"https:\\\/\\\/www.koonings.com\\\/fr\\\/\"},{\"@type\":\"ListItem\",\"position\":2,\"name\":\"Demetrios 1230\"}]},{\"@type\":\"WebSite\",\"@id\":\"https:\\\/\\\/www.koonings.com\\\/fr\\\/#website\",\"url\":\"https:\\\/\\\/www.koonings.com\\\/fr\\\/\",\"name\":\"Koonings\",\"description\":\"De grootste bruidsmodewinkel ter wereld\",\"publisher\":{\"@id\":\"https:\\\/\\\/www.koonings.com\\\/fr\\\/#organization\"},\"potentialAction\":[{\"@type\":\"SearchAction\",\"target\":{\"@type\":\"EntryPoint\",\"urlTemplate\":\"https:\\\/\\\/www.koonings.com\\\/fr\\\/?s={search_term_string}\"},\"query-input\":{\"@type\":\"PropertyValueSpecification\",\"valueRequired\":true,\"valueName\":\"search_term_string\"}}],\"inLanguage\":\"fr-FR\"},{\"@type\":\"Organization\",\"@id\":\"https:\\\/\\\/www.koonings.com\\\/fr\\\/#organization\",\"name\":\"Koonings\",\"url\":\"https:\\\/\\\/www.koonings.com\\\/fr\\\/\",\"logo\":{\"@type\":\"ImageObject\",\"inLanguage\":\"fr-FR\",\"@id\":\"https:\\\/\\\/www.koonings.com\\\/fr\\\/#\\\/schema\\\/logo\\\/image\\\/\",\"url\":\"https:\\\/\\\/www.koonings.com\\\/wp-content\\\/uploads\\\/2024\\\/07\\\/logo.png\",\"contentUrl\":\"https:\\\/\\\/www.koonings.com\\\/wp-content\\\/uploads\\\/2024\\\/07\\\/logo.png\",\"width\":600,\"height\":428,\"caption\":\"Koonings\"},\"image\":{\"@id\":\"https:\\\/\\\/www.koonings.com\\\/fr\\\/#\\\/schema\\\/logo\\\/image\\\/\"},\"sameAs\":[\"https:\\\/\\\/www.facebook.com\\\/kooningstheweddingpalace\",\"https:\\\/\\\/www.instagram.com\\\/kooningstheweddingpalace\",\"https:\\\/\\\/www.pinterest.com\\\/koonings\",\"https:\\\/\\\/www.youtube.com\\\/kooningstheweddingpalace\"]}]}<\/script>\n<!-- \/ Yoast SEO plugin. -->","yoast_head_json":{"title":"Demetrios 1230 | Koonings","description":"Cette robe de mari\u00e9e sign\u00e9e Demetrios incarne le romantisme et le luxe \u00e9th\u00e9r\u00e9 gr\u00e2ce \u00e0 un magnifique m\u00e9lange de tulle \u00e9tincelant et de dentelle perl\u00e9e complexe. Les longues manches illusion embellies accentuent la s\u00e9duisante encolure en V et le bas du dos. Une fente sexy au niveau des cuisses sur la jupe en ligne A scintillante cr\u00e9e un look sensuel. Voile assorti V270 (disponible s\u00e9par\u00e9ment aupr\u00e8s de Koonings The Wedding Palace).","robots":{"index":"index","follow":"follow","max-snippet":"max-snippet:-1","max-image-preview":"max-image-preview:large","max-video-preview":"max-video-preview:-1"},"canonical":"https:\/\/www.koonings.com\/fr\/product\/demetrios-1230\/","og_locale":"fr_FR","og_type":"article","og_title":"Demetrios 1230 | Koonings","og_description":"Cette robe de mari\u00e9e sign\u00e9e Demetrios incarne le romantisme et le luxe \u00e9th\u00e9r\u00e9 gr\u00e2ce \u00e0 un magnifique m\u00e9lange de tulle \u00e9tincelant et de dentelle perl\u00e9e complexe. Les longues manches illusion embellies accentuent la s\u00e9duisante encolure en V et le bas du dos. Une fente sexy au niveau des cuisses sur la jupe en ligne A scintillante cr\u00e9e un look sensuel. Voile assorti V270 (disponible s\u00e9par\u00e9ment aupr\u00e8s de Koonings The Wedding Palace).","og_url":"https:\/\/www.koonings.com\/fr\/product\/demetrios-1230\/","og_site_name":"Koonings","article_publisher":"https:\/\/www.facebook.com\/kooningstheweddingpalace","og_image":[{"width":1812,"height":2560,"url":"https:\/\/www.koonings.com\/wp-content\/uploads\/2024\/11\/39776_085b033df0911dd09cd289c5bf267838f772c8f4786d2ddbf991b80cb13d153a481f9a12-scaled.jpeg","type":"image\/jpeg"}],"twitter_card":"summary_large_image","schema":{"@context":"https:\/\/schema.org","@graph":[{"@type":"WebPage","@id":"https:\/\/www.koonings.com\/fr\/product\/demetrios-1230\/","url":"https:\/\/www.koonings.com\/fr\/product\/demetrios-1230\/","name":"Demetrios 1230 | Koonings","isPartOf":{"@id":"https:\/\/www.koonings.com\/fr\/#website"},"primaryImageOfPage":{"@id":"https:\/\/www.koonings.com\/fr\/product\/demetrios-1230\/#primaryimage"},"image":{"@id":"https:\/\/www.koonings.com\/fr\/product\/demetrios-1230\/#primaryimage"},"thumbnailUrl":"https:\/\/www.koonings.com\/wp-content\/uploads\/2024\/11\/39776_085b033df0911dd09cd289c5bf267838f772c8f4786d2ddbf991b80cb13d153a481f9a12-scaled.jpeg","datePublished":"2026-04-28T16:14:49+00:00","description":"Cette robe de mari\u00e9e sign\u00e9e Demetrios incarne le romantisme et le luxe \u00e9th\u00e9r\u00e9 gr\u00e2ce \u00e0 un magnifique m\u00e9lange de tulle \u00e9tincelant et de dentelle perl\u00e9e complexe. Les longues manches illusion embellies accentuent la s\u00e9duisante encolure en V et le bas du dos. Une fente sexy au niveau des cuisses sur la jupe en ligne A scintillante cr\u00e9e un look sensuel. Voile assorti V270 (disponible s\u00e9par\u00e9ment aupr\u00e8s de Koonings The Wedding Palace).","breadcrumb":{"@id":"https:\/\/www.koonings.com\/fr\/product\/demetrios-1230\/#breadcrumb"},"inLanguage":"fr-FR","potentialAction":[{"@type":"ReadAction","target":["https:\/\/www.koonings.com\/fr\/product\/demetrios-1230\/"]}]},{"@type":"ImageObject","inLanguage":"fr-FR","@id":"https:\/\/www.koonings.com\/fr\/product\/demetrios-1230\/#primaryimage","url":"https:\/\/www.koonings.com\/wp-content\/uploads\/2024\/11\/39776_085b033df0911dd09cd289c5bf267838f772c8f4786d2ddbf991b80cb13d153a481f9a12-scaled.jpeg","contentUrl":"https:\/\/www.koonings.com\/wp-content\/uploads\/2024\/11\/39776_085b033df0911dd09cd289c5bf267838f772c8f4786d2ddbf991b80cb13d153a481f9a12-scaled.jpeg","width":1812,"height":2560},{"@type":"BreadcrumbList","@id":"https:\/\/www.koonings.com\/fr\/product\/demetrios-1230\/#breadcrumb","itemListElement":[{"@type":"ListItem","position":1,"name":"Home","item":"https:\/\/www.koonings.com\/fr\/"},{"@type":"ListItem","position":2,"name":"Demetrios 1230"}]},{"@type":"WebSite","@id":"https:\/\/www.koonings.com\/fr\/#website","url":"https:\/\/www.koonings.com\/fr\/","name":"Koonings","description":"De grootste bruidsmodewinkel ter wereld","publisher":{"@id":"https:\/\/www.koonings.com\/fr\/#organization"},"potentialAction":[{"@type":"SearchAction","target":{"@type":"EntryPoint","urlTemplate":"https:\/\/www.koonings.com\/fr\/?s={search_term_string}"},"query-input":{"@type":"PropertyValueSpecification","valueRequired":true,"valueName":"search_term_string"}}],"inLanguage":"fr-FR"},{"@type":"Organization","@id":"https:\/\/www.koonings.com\/fr\/#organization","name":"Koonings","url":"https:\/\/www.koonings.com\/fr\/","logo":{"@type":"ImageObject","inLanguage":"fr-FR","@id":"https:\/\/www.koonings.com\/fr\/#\/schema\/logo\/image\/","url":"https:\/\/www.koonings.com\/wp-content\/uploads\/2024\/07\/logo.png","contentUrl":"https:\/\/www.koonings.com\/wp-content\/uploads\/2024\/07\/logo.png","width":600,"height":428,"caption":"Koonings"},"image":{"@id":"https:\/\/www.koonings.com\/fr\/#\/schema\/logo\/image\/"},"sameAs":["https:\/\/www.facebook.com\/kooningstheweddingpalace","https:\/\/www.instagram.com\/kooningstheweddingpalace","https:\/\/www.pinterest.com\/koonings","https:\/\/www.youtube.com\/kooningstheweddingpalace"]}]}},"_links":{"self":[{"href":"https:\/\/www.koonings.com\/fr\/wp-json\/wp\/v2\/product\/77817","targetHints":{"allow":["GET"]}}],"collection":[{"href":"https:\/\/www.koonings.com\/fr\/wp-json\/wp\/v2\/product"}],"about":[{"href":"https:\/\/www.koonings.com\/fr\/wp-json\/wp\/v2\/types\/product"}],"wp:featuredmedia":[{"embeddable":true,"href":"https:\/\/www.koonings.com\/fr\/wp-json\/wp\/v2\/media\/42493"}],"wp:attachment":[{"href":"https:\/\/www.koonings.com\/fr\/wp-json\/wp\/v2\/media?parent=77817"}],"wp:term":[{"taxonomy":"productdetails","embeddable":true,"href":"https:\/\/www.koonings.com\/fr\/wp-json\/wp\/v2\/productdetails?post=77817"},{"taxonomy":"productneck","embeddable":true,"href":"https:\/\/www.koonings.com\/fr\/wp-json\/wp\/v2\/productneck?post=77817"},{"taxonomy":"productcolor","embeddable":true,"href":"https:\/\/www.koonings.com\/fr\/wp-json\/wp\/v2\/productcolor?post=77817"},{"taxonomy":"maat","embeddable":true,"href":"https:\/\/www.koonings.com\/fr\/wp-json\/wp\/v2\/maat?post=77817"},{"taxonomy":"productsupplier","embeddable":true,"href":"https:\/\/www.koonings.com\/fr\/wp-json\/wp\/v2\/productsupplier?post=77817"},{"taxonomy":"productsleeve","embeddable":true,"href":"https:\/\/www.koonings.com\/fr\/wp-json\/wp\/v2\/productsleeve?post=77817"},{"taxonomy":"productcategory","embeddable":true,"href":"https:\/\/www.koonings.com\/fr\/wp-json\/wp\/v2\/productcategory?post=77817"},{"taxonomy":"productsilhouette","embeddable":true,"href":"https:\/\/www.koonings.com\/fr\/wp-json\/wp\/v2\/productsilhouette?post=77817"},{"taxonomy":"productstyle","embeddable":true,"href":"https:\/\/www.koonings.com\/fr\/wp-json\/wp\/v2\/productstyle?post=77817"}],"curies":[{"name":"wp","href":"https:\/\/api.w.org\/{rel}","templated":true}]}}