{"id":77813,"date":"2026-04-28T18:14:48","date_gmt":"2026-04-28T16:14:48","guid":{"rendered":"https:\/\/www.koonings.com\/product\/demetrios-1221\/"},"modified":"2026-02-13T12:00:47","modified_gmt":"2026-02-13T11:00:47","slug":"demetrios-1221","status":"publish","type":"product","link":"https:\/\/www.koonings.com\/fr\/product\/demetrios-1221\/","title":{"rendered":"Demetrios 1221"},"content":{"rendered":"<p>Cette magnifique robe de mari\u00e9e de la collection Koonings trouve l&#8217;\u00e9quilibre parfait entre le romantisme \u00e9th\u00e9r\u00e9 et la sophistication sulfureuse. Des appliqu\u00e9s floraux 3D d\u00e9cadents avec des perles s&#8217;\u00e9coulent gracieusement du s\u00e9duisant corsage \u00e0 encolure en V jusqu&#8217;\u00e0 la luxuriante jupe en ligne A. De d\u00e9licates bretelles soulignent le dos sexy et bas. De d\u00e9licates bretelles accentuent le sexy bas du dos. Voile assorti V258 (disponible s\u00e9par\u00e9ment chez Koonings).   <\/p>\n","protected":false},"featured_media":42422,"template":"","meta":{"_acf_changed":false,"ghostkit_customizer_options":"","ghostkit_custom_css":"","ghostkit_custom_js_head":"","ghostkit_custom_js_foot":"","ghostkit_typography":""},"productdetails":[380,376,381],"productneck":[356],"productcolor":[392],"maat":[],"productsupplier":[402],"productsleeve":[359],"productcategory":[18],"productsilhouette":[384],"productstyle":[366],"class_list":["post-77813","product","type-product","status-publish","has-post-thumbnail","hentry","productdetails-380","productdetails-376","productdetails-381","productneck-356","productcolor-392","productsupplier-demetrios","productsleeve-359","productcategory-trouwjurken","productsilhouette-384","productstyle-366"],"acf":[],"yoast_head":"<!-- This site is optimized with the Yoast SEO plugin v27.3 - https:\/\/yoast.com\/product\/yoast-seo-wordpress\/ -->\n<title>Demetrios 1221 | Koonings<\/title>\n<meta name=\"description\" content=\"Cette magnifique robe de mari\u00e9e de la collection Koonings trouve l&#039;\u00e9quilibre parfait entre le romantisme \u00e9th\u00e9r\u00e9 et la sophistication sulfureuse. Des appliqu\u00e9s floraux 3D d\u00e9cadents avec des perles s&#039;\u00e9coulent gracieusement du s\u00e9duisant corsage \u00e0 encolure en V jusqu&#039;\u00e0 la luxuriante jupe en ligne A. De d\u00e9licates bretelles soulignent le dos sexy et bas. De d\u00e9licates bretelles accentuent le sexy bas du dos. Voile assorti V258 (disponible s\u00e9par\u00e9ment chez Koonings).\" \/>\n<meta name=\"robots\" content=\"index, follow, max-snippet:-1, max-image-preview:large, max-video-preview:-1\" \/>\n<link rel=\"canonical\" href=\"https:\/\/www.koonings.com\/fr\/product\/demetrios-1221\/\" \/>\n<meta property=\"og:locale\" content=\"fr_FR\" \/>\n<meta property=\"og:type\" content=\"article\" \/>\n<meta property=\"og:title\" content=\"Demetrios 1221 | Koonings\" \/>\n<meta property=\"og:description\" content=\"Cette magnifique robe de mari\u00e9e de la collection Koonings trouve l&#039;\u00e9quilibre parfait entre le romantisme \u00e9th\u00e9r\u00e9 et la sophistication sulfureuse. Des appliqu\u00e9s floraux 3D d\u00e9cadents avec des perles s&#039;\u00e9coulent gracieusement du s\u00e9duisant corsage \u00e0 encolure en V jusqu&#039;\u00e0 la luxuriante jupe en ligne A. De d\u00e9licates bretelles soulignent le dos sexy et bas. De d\u00e9licates bretelles accentuent le sexy bas du dos. Voile assorti V258 (disponible s\u00e9par\u00e9ment chez Koonings).\" \/>\n<meta property=\"og:url\" content=\"https:\/\/www.koonings.com\/fr\/product\/demetrios-1221\/\" \/>\n<meta property=\"og:site_name\" content=\"Koonings\" \/>\n<meta property=\"article:publisher\" content=\"https:\/\/www.facebook.com\/kooningstheweddingpalace\" \/>\n<meta property=\"og:image\" content=\"https:\/\/www.koonings.com\/wp-content\/uploads\/2024\/11\/39772_f173af3fdc8a02c0c64faccca022ec0327d554cae32d990ee38911c31ca38b00770d168f-scaled.jpeg\" \/>\n\t<meta property=\"og:image:width\" content=\"1808\" \/>\n\t<meta property=\"og:image:height\" content=\"2560\" \/>\n\t<meta property=\"og:image:type\" content=\"image\/jpeg\" \/>\n<meta name=\"twitter:card\" content=\"summary_large_image\" \/>\n<script type=\"application\/ld+json\" class=\"yoast-schema-graph\">{\"@context\":\"https:\\\/\\\/schema.org\",\"@graph\":[{\"@type\":\"WebPage\",\"@id\":\"https:\\\/\\\/www.koonings.com\\\/fr\\\/product\\\/demetrios-1221\\\/\",\"url\":\"https:\\\/\\\/www.koonings.com\\\/fr\\\/product\\\/demetrios-1221\\\/\",\"name\":\"Demetrios 1221 | Koonings\",\"isPartOf\":{\"@id\":\"https:\\\/\\\/www.koonings.com\\\/fr\\\/#website\"},\"primaryImageOfPage\":{\"@id\":\"https:\\\/\\\/www.koonings.com\\\/fr\\\/product\\\/demetrios-1221\\\/#primaryimage\"},\"image\":{\"@id\":\"https:\\\/\\\/www.koonings.com\\\/fr\\\/product\\\/demetrios-1221\\\/#primaryimage\"},\"thumbnailUrl\":\"https:\\\/\\\/www.koonings.com\\\/wp-content\\\/uploads\\\/2024\\\/11\\\/39772_f173af3fdc8a02c0c64faccca022ec0327d554cae32d990ee38911c31ca38b00770d168f-scaled.jpeg\",\"datePublished\":\"2026-04-28T16:14:48+00:00\",\"description\":\"Cette magnifique robe de mari\u00e9e de la collection Koonings trouve l'\u00e9quilibre parfait entre le romantisme \u00e9th\u00e9r\u00e9 et la sophistication sulfureuse. Des appliqu\u00e9s floraux 3D d\u00e9cadents avec des perles s'\u00e9coulent gracieusement du s\u00e9duisant corsage \u00e0 encolure en V jusqu'\u00e0 la luxuriante jupe en ligne A. De d\u00e9licates bretelles soulignent le dos sexy et bas. De d\u00e9licates bretelles accentuent le sexy bas du dos. Voile assorti V258 (disponible s\u00e9par\u00e9ment chez Koonings).\",\"breadcrumb\":{\"@id\":\"https:\\\/\\\/www.koonings.com\\\/fr\\\/product\\\/demetrios-1221\\\/#breadcrumb\"},\"inLanguage\":\"fr-FR\",\"potentialAction\":[{\"@type\":\"ReadAction\",\"target\":[\"https:\\\/\\\/www.koonings.com\\\/fr\\\/product\\\/demetrios-1221\\\/\"]}]},{\"@type\":\"ImageObject\",\"inLanguage\":\"fr-FR\",\"@id\":\"https:\\\/\\\/www.koonings.com\\\/fr\\\/product\\\/demetrios-1221\\\/#primaryimage\",\"url\":\"https:\\\/\\\/www.koonings.com\\\/wp-content\\\/uploads\\\/2024\\\/11\\\/39772_f173af3fdc8a02c0c64faccca022ec0327d554cae32d990ee38911c31ca38b00770d168f-scaled.jpeg\",\"contentUrl\":\"https:\\\/\\\/www.koonings.com\\\/wp-content\\\/uploads\\\/2024\\\/11\\\/39772_f173af3fdc8a02c0c64faccca022ec0327d554cae32d990ee38911c31ca38b00770d168f-scaled.jpeg\",\"width\":1808,\"height\":2560},{\"@type\":\"BreadcrumbList\",\"@id\":\"https:\\\/\\\/www.koonings.com\\\/fr\\\/product\\\/demetrios-1221\\\/#breadcrumb\",\"itemListElement\":[{\"@type\":\"ListItem\",\"position\":1,\"name\":\"Home\",\"item\":\"https:\\\/\\\/www.koonings.com\\\/fr\\\/\"},{\"@type\":\"ListItem\",\"position\":2,\"name\":\"Demetrios 1221\"}]},{\"@type\":\"WebSite\",\"@id\":\"https:\\\/\\\/www.koonings.com\\\/fr\\\/#website\",\"url\":\"https:\\\/\\\/www.koonings.com\\\/fr\\\/\",\"name\":\"Koonings\",\"description\":\"De grootste bruidsmodewinkel ter wereld\",\"publisher\":{\"@id\":\"https:\\\/\\\/www.koonings.com\\\/fr\\\/#organization\"},\"potentialAction\":[{\"@type\":\"SearchAction\",\"target\":{\"@type\":\"EntryPoint\",\"urlTemplate\":\"https:\\\/\\\/www.koonings.com\\\/fr\\\/?s={search_term_string}\"},\"query-input\":{\"@type\":\"PropertyValueSpecification\",\"valueRequired\":true,\"valueName\":\"search_term_string\"}}],\"inLanguage\":\"fr-FR\"},{\"@type\":\"Organization\",\"@id\":\"https:\\\/\\\/www.koonings.com\\\/fr\\\/#organization\",\"name\":\"Koonings\",\"url\":\"https:\\\/\\\/www.koonings.com\\\/fr\\\/\",\"logo\":{\"@type\":\"ImageObject\",\"inLanguage\":\"fr-FR\",\"@id\":\"https:\\\/\\\/www.koonings.com\\\/fr\\\/#\\\/schema\\\/logo\\\/image\\\/\",\"url\":\"https:\\\/\\\/www.koonings.com\\\/wp-content\\\/uploads\\\/2024\\\/07\\\/logo.png\",\"contentUrl\":\"https:\\\/\\\/www.koonings.com\\\/wp-content\\\/uploads\\\/2024\\\/07\\\/logo.png\",\"width\":600,\"height\":428,\"caption\":\"Koonings\"},\"image\":{\"@id\":\"https:\\\/\\\/www.koonings.com\\\/fr\\\/#\\\/schema\\\/logo\\\/image\\\/\"},\"sameAs\":[\"https:\\\/\\\/www.facebook.com\\\/kooningstheweddingpalace\",\"https:\\\/\\\/www.instagram.com\\\/kooningstheweddingpalace\",\"https:\\\/\\\/www.pinterest.com\\\/koonings\",\"https:\\\/\\\/www.youtube.com\\\/kooningstheweddingpalace\"]}]}<\/script>\n<!-- \/ Yoast SEO plugin. -->","yoast_head_json":{"title":"Demetrios 1221 | Koonings","description":"Cette magnifique robe de mari\u00e9e de la collection Koonings trouve l'\u00e9quilibre parfait entre le romantisme \u00e9th\u00e9r\u00e9 et la sophistication sulfureuse. Des appliqu\u00e9s floraux 3D d\u00e9cadents avec des perles s'\u00e9coulent gracieusement du s\u00e9duisant corsage \u00e0 encolure en V jusqu'\u00e0 la luxuriante jupe en ligne A. De d\u00e9licates bretelles soulignent le dos sexy et bas. De d\u00e9licates bretelles accentuent le sexy bas du dos. Voile assorti V258 (disponible s\u00e9par\u00e9ment chez Koonings).","robots":{"index":"index","follow":"follow","max-snippet":"max-snippet:-1","max-image-preview":"max-image-preview:large","max-video-preview":"max-video-preview:-1"},"canonical":"https:\/\/www.koonings.com\/fr\/product\/demetrios-1221\/","og_locale":"fr_FR","og_type":"article","og_title":"Demetrios 1221 | Koonings","og_description":"Cette magnifique robe de mari\u00e9e de la collection Koonings trouve l'\u00e9quilibre parfait entre le romantisme \u00e9th\u00e9r\u00e9 et la sophistication sulfureuse. Des appliqu\u00e9s floraux 3D d\u00e9cadents avec des perles s'\u00e9coulent gracieusement du s\u00e9duisant corsage \u00e0 encolure en V jusqu'\u00e0 la luxuriante jupe en ligne A. De d\u00e9licates bretelles soulignent le dos sexy et bas. De d\u00e9licates bretelles accentuent le sexy bas du dos. Voile assorti V258 (disponible s\u00e9par\u00e9ment chez Koonings).","og_url":"https:\/\/www.koonings.com\/fr\/product\/demetrios-1221\/","og_site_name":"Koonings","article_publisher":"https:\/\/www.facebook.com\/kooningstheweddingpalace","og_image":[{"width":1808,"height":2560,"url":"https:\/\/www.koonings.com\/wp-content\/uploads\/2024\/11\/39772_f173af3fdc8a02c0c64faccca022ec0327d554cae32d990ee38911c31ca38b00770d168f-scaled.jpeg","type":"image\/jpeg"}],"twitter_card":"summary_large_image","schema":{"@context":"https:\/\/schema.org","@graph":[{"@type":"WebPage","@id":"https:\/\/www.koonings.com\/fr\/product\/demetrios-1221\/","url":"https:\/\/www.koonings.com\/fr\/product\/demetrios-1221\/","name":"Demetrios 1221 | Koonings","isPartOf":{"@id":"https:\/\/www.koonings.com\/fr\/#website"},"primaryImageOfPage":{"@id":"https:\/\/www.koonings.com\/fr\/product\/demetrios-1221\/#primaryimage"},"image":{"@id":"https:\/\/www.koonings.com\/fr\/product\/demetrios-1221\/#primaryimage"},"thumbnailUrl":"https:\/\/www.koonings.com\/wp-content\/uploads\/2024\/11\/39772_f173af3fdc8a02c0c64faccca022ec0327d554cae32d990ee38911c31ca38b00770d168f-scaled.jpeg","datePublished":"2026-04-28T16:14:48+00:00","description":"Cette magnifique robe de mari\u00e9e de la collection Koonings trouve l'\u00e9quilibre parfait entre le romantisme \u00e9th\u00e9r\u00e9 et la sophistication sulfureuse. Des appliqu\u00e9s floraux 3D d\u00e9cadents avec des perles s'\u00e9coulent gracieusement du s\u00e9duisant corsage \u00e0 encolure en V jusqu'\u00e0 la luxuriante jupe en ligne A. De d\u00e9licates bretelles soulignent le dos sexy et bas. De d\u00e9licates bretelles accentuent le sexy bas du dos. Voile assorti V258 (disponible s\u00e9par\u00e9ment chez Koonings).","breadcrumb":{"@id":"https:\/\/www.koonings.com\/fr\/product\/demetrios-1221\/#breadcrumb"},"inLanguage":"fr-FR","potentialAction":[{"@type":"ReadAction","target":["https:\/\/www.koonings.com\/fr\/product\/demetrios-1221\/"]}]},{"@type":"ImageObject","inLanguage":"fr-FR","@id":"https:\/\/www.koonings.com\/fr\/product\/demetrios-1221\/#primaryimage","url":"https:\/\/www.koonings.com\/wp-content\/uploads\/2024\/11\/39772_f173af3fdc8a02c0c64faccca022ec0327d554cae32d990ee38911c31ca38b00770d168f-scaled.jpeg","contentUrl":"https:\/\/www.koonings.com\/wp-content\/uploads\/2024\/11\/39772_f173af3fdc8a02c0c64faccca022ec0327d554cae32d990ee38911c31ca38b00770d168f-scaled.jpeg","width":1808,"height":2560},{"@type":"BreadcrumbList","@id":"https:\/\/www.koonings.com\/fr\/product\/demetrios-1221\/#breadcrumb","itemListElement":[{"@type":"ListItem","position":1,"name":"Home","item":"https:\/\/www.koonings.com\/fr\/"},{"@type":"ListItem","position":2,"name":"Demetrios 1221"}]},{"@type":"WebSite","@id":"https:\/\/www.koonings.com\/fr\/#website","url":"https:\/\/www.koonings.com\/fr\/","name":"Koonings","description":"De grootste bruidsmodewinkel ter wereld","publisher":{"@id":"https:\/\/www.koonings.com\/fr\/#organization"},"potentialAction":[{"@type":"SearchAction","target":{"@type":"EntryPoint","urlTemplate":"https:\/\/www.koonings.com\/fr\/?s={search_term_string}"},"query-input":{"@type":"PropertyValueSpecification","valueRequired":true,"valueName":"search_term_string"}}],"inLanguage":"fr-FR"},{"@type":"Organization","@id":"https:\/\/www.koonings.com\/fr\/#organization","name":"Koonings","url":"https:\/\/www.koonings.com\/fr\/","logo":{"@type":"ImageObject","inLanguage":"fr-FR","@id":"https:\/\/www.koonings.com\/fr\/#\/schema\/logo\/image\/","url":"https:\/\/www.koonings.com\/wp-content\/uploads\/2024\/07\/logo.png","contentUrl":"https:\/\/www.koonings.com\/wp-content\/uploads\/2024\/07\/logo.png","width":600,"height":428,"caption":"Koonings"},"image":{"@id":"https:\/\/www.koonings.com\/fr\/#\/schema\/logo\/image\/"},"sameAs":["https:\/\/www.facebook.com\/kooningstheweddingpalace","https:\/\/www.instagram.com\/kooningstheweddingpalace","https:\/\/www.pinterest.com\/koonings","https:\/\/www.youtube.com\/kooningstheweddingpalace"]}]}},"_links":{"self":[{"href":"https:\/\/www.koonings.com\/fr\/wp-json\/wp\/v2\/product\/77813","targetHints":{"allow":["GET"]}}],"collection":[{"href":"https:\/\/www.koonings.com\/fr\/wp-json\/wp\/v2\/product"}],"about":[{"href":"https:\/\/www.koonings.com\/fr\/wp-json\/wp\/v2\/types\/product"}],"wp:featuredmedia":[{"embeddable":true,"href":"https:\/\/www.koonings.com\/fr\/wp-json\/wp\/v2\/media\/42422"}],"wp:attachment":[{"href":"https:\/\/www.koonings.com\/fr\/wp-json\/wp\/v2\/media?parent=77813"}],"wp:term":[{"taxonomy":"productdetails","embeddable":true,"href":"https:\/\/www.koonings.com\/fr\/wp-json\/wp\/v2\/productdetails?post=77813"},{"taxonomy":"productneck","embeddable":true,"href":"https:\/\/www.koonings.com\/fr\/wp-json\/wp\/v2\/productneck?post=77813"},{"taxonomy":"productcolor","embeddable":true,"href":"https:\/\/www.koonings.com\/fr\/wp-json\/wp\/v2\/productcolor?post=77813"},{"taxonomy":"maat","embeddable":true,"href":"https:\/\/www.koonings.com\/fr\/wp-json\/wp\/v2\/maat?post=77813"},{"taxonomy":"productsupplier","embeddable":true,"href":"https:\/\/www.koonings.com\/fr\/wp-json\/wp\/v2\/productsupplier?post=77813"},{"taxonomy":"productsleeve","embeddable":true,"href":"https:\/\/www.koonings.com\/fr\/wp-json\/wp\/v2\/productsleeve?post=77813"},{"taxonomy":"productcategory","embeddable":true,"href":"https:\/\/www.koonings.com\/fr\/wp-json\/wp\/v2\/productcategory?post=77813"},{"taxonomy":"productsilhouette","embeddable":true,"href":"https:\/\/www.koonings.com\/fr\/wp-json\/wp\/v2\/productsilhouette?post=77813"},{"taxonomy":"productstyle","embeddable":true,"href":"https:\/\/www.koonings.com\/fr\/wp-json\/wp\/v2\/productstyle?post=77813"}],"curies":[{"name":"wp","href":"https:\/\/api.w.org\/{rel}","templated":true}]}}