{"id":77812,"date":"2026-05-06T15:16:06","date_gmt":"2026-05-06T13:16:06","guid":{"rendered":"https:\/\/www.koonings.com\/product\/demetrios-1245\/"},"modified":"2026-02-13T12:01:58","modified_gmt":"2026-02-13T11:01:58","slug":"demetrios-1245","status":"publish","type":"product","link":"https:\/\/www.koonings.com\/fr\/product\/demetrios-1245\/","title":{"rendered":"Demetrios 1245"},"content":{"rendered":"<p>De riches perles fusionn\u00e9es avec des fleurs dimensionnelles d\u00e9cadentes et un tulle \u00e9tincelant font de ce mod\u00e8le le summum du luxe opulent. De d\u00e9licates bretelles florales accentuent son corsage avec un d\u00e9collet\u00e9 en c\u0153ur et des manches d&#8217;\u00e9v\u00eaque transparentes en option ajoutent une douce touche romantique. La robe peut \u00eatre compl\u00e9t\u00e9e par des manches d\u00e9tachables assorties (mod\u00e8le SL41) et un voile assorti (mod\u00e8le V272) (tous deux disponibles s\u00e9par\u00e9ment aupr\u00e8s de Koonings The Wedding Palace).  <\/p>\n","protected":false},"featured_media":42626,"template":"","meta":{"_acf_changed":false,"ghostkit_customizer_options":"","ghostkit_custom_css":"","ghostkit_custom_js_head":"","ghostkit_custom_js_foot":"","ghostkit_typography":""},"productdetails":[376,381],"productneck":[355],"productcolor":[393,392],"maat":[],"productsupplier":[402],"productsleeve":[359],"productcategory":[18],"productsilhouette":[388],"productstyle":[372,366],"class_list":["post-77812","product","type-product","status-publish","has-post-thumbnail","hentry","productdetails-376","productdetails-381","productneck-355","productcolor-393","productcolor-392","productsupplier-demetrios","productsleeve-359","productcategory-trouwjurken","productsilhouette-388","productstyle-372","productstyle-366"],"acf":[],"yoast_head":"<!-- This site is optimized with the Yoast SEO plugin v27.3 - https:\/\/yoast.com\/product\/yoast-seo-wordpress\/ -->\n<title>Demetrios 1245 | Koonings<\/title>\n<meta name=\"description\" content=\"De riches perles fusionn\u00e9es avec des fleurs dimensionnelles d\u00e9cadentes et un tulle \u00e9tincelant font de ce mod\u00e8le le summum du luxe opulent. De d\u00e9licates bretelles florales accentuent son corsage avec un d\u00e9collet\u00e9 en c\u0153ur et des manches d&#039;\u00e9v\u00eaque transparentes en option ajoutent une douce touche romantique. La robe peut \u00eatre compl\u00e9t\u00e9e par des manches d\u00e9tachables assorties (mod\u00e8le SL41) et un voile assorti (mod\u00e8le V272) (tous deux disponibles s\u00e9par\u00e9ment aupr\u00e8s de Koonings The Wedding Palace).\" \/>\n<meta name=\"robots\" content=\"index, follow, max-snippet:-1, max-image-preview:large, max-video-preview:-1\" \/>\n<link rel=\"canonical\" href=\"https:\/\/www.koonings.com\/fr\/product\/demetrios-1245\/\" \/>\n<meta property=\"og:locale\" content=\"fr_FR\" \/>\n<meta property=\"og:type\" content=\"article\" \/>\n<meta property=\"og:title\" content=\"Demetrios 1245 | Koonings\" \/>\n<meta property=\"og:description\" content=\"De riches perles fusionn\u00e9es avec des fleurs dimensionnelles d\u00e9cadentes et un tulle \u00e9tincelant font de ce mod\u00e8le le summum du luxe opulent. De d\u00e9licates bretelles florales accentuent son corsage avec un d\u00e9collet\u00e9 en c\u0153ur et des manches d&#039;\u00e9v\u00eaque transparentes en option ajoutent une douce touche romantique. La robe peut \u00eatre compl\u00e9t\u00e9e par des manches d\u00e9tachables assorties (mod\u00e8le SL41) et un voile assorti (mod\u00e8le V272) (tous deux disponibles s\u00e9par\u00e9ment aupr\u00e8s de Koonings The Wedding Palace).\" \/>\n<meta property=\"og:url\" content=\"https:\/\/www.koonings.com\/fr\/product\/demetrios-1245\/\" \/>\n<meta property=\"og:site_name\" content=\"Koonings\" \/>\n<meta property=\"article:publisher\" content=\"https:\/\/www.facebook.com\/kooningstheweddingpalace\" \/>\n<meta property=\"og:image\" content=\"https:\/\/www.koonings.com\/wp-content\/uploads\/2024\/11\/39783_5ed0821ce1de781118701408fa271a3c9b2dbf4fe48079a2513aeb1aa3b2a27ab0b345ad-scaled.jpeg\" \/>\n\t<meta property=\"og:image:width\" content=\"1808\" \/>\n\t<meta property=\"og:image:height\" content=\"2560\" \/>\n\t<meta property=\"og:image:type\" content=\"image\/jpeg\" \/>\n<meta name=\"twitter:card\" content=\"summary_large_image\" \/>\n<script type=\"application\/ld+json\" class=\"yoast-schema-graph\">{\"@context\":\"https:\\\/\\\/schema.org\",\"@graph\":[{\"@type\":\"WebPage\",\"@id\":\"https:\\\/\\\/www.koonings.com\\\/fr\\\/product\\\/demetrios-1245\\\/\",\"url\":\"https:\\\/\\\/www.koonings.com\\\/fr\\\/product\\\/demetrios-1245\\\/\",\"name\":\"Demetrios 1245 | Koonings\",\"isPartOf\":{\"@id\":\"https:\\\/\\\/www.koonings.com\\\/fr\\\/#website\"},\"primaryImageOfPage\":{\"@id\":\"https:\\\/\\\/www.koonings.com\\\/fr\\\/product\\\/demetrios-1245\\\/#primaryimage\"},\"image\":{\"@id\":\"https:\\\/\\\/www.koonings.com\\\/fr\\\/product\\\/demetrios-1245\\\/#primaryimage\"},\"thumbnailUrl\":\"https:\\\/\\\/www.koonings.com\\\/wp-content\\\/uploads\\\/2024\\\/11\\\/39783_5ed0821ce1de781118701408fa271a3c9b2dbf4fe48079a2513aeb1aa3b2a27ab0b345ad-scaled.jpeg\",\"datePublished\":\"2026-05-06T13:16:06+00:00\",\"description\":\"De riches perles fusionn\u00e9es avec des fleurs dimensionnelles d\u00e9cadentes et un tulle \u00e9tincelant font de ce mod\u00e8le le summum du luxe opulent. De d\u00e9licates bretelles florales accentuent son corsage avec un d\u00e9collet\u00e9 en c\u0153ur et des manches d'\u00e9v\u00eaque transparentes en option ajoutent une douce touche romantique. La robe peut \u00eatre compl\u00e9t\u00e9e par des manches d\u00e9tachables assorties (mod\u00e8le SL41) et un voile assorti (mod\u00e8le V272) (tous deux disponibles s\u00e9par\u00e9ment aupr\u00e8s de Koonings The Wedding Palace).\",\"breadcrumb\":{\"@id\":\"https:\\\/\\\/www.koonings.com\\\/fr\\\/product\\\/demetrios-1245\\\/#breadcrumb\"},\"inLanguage\":\"fr-FR\",\"potentialAction\":[{\"@type\":\"ReadAction\",\"target\":[\"https:\\\/\\\/www.koonings.com\\\/fr\\\/product\\\/demetrios-1245\\\/\"]}]},{\"@type\":\"ImageObject\",\"inLanguage\":\"fr-FR\",\"@id\":\"https:\\\/\\\/www.koonings.com\\\/fr\\\/product\\\/demetrios-1245\\\/#primaryimage\",\"url\":\"https:\\\/\\\/www.koonings.com\\\/wp-content\\\/uploads\\\/2024\\\/11\\\/39783_5ed0821ce1de781118701408fa271a3c9b2dbf4fe48079a2513aeb1aa3b2a27ab0b345ad-scaled.jpeg\",\"contentUrl\":\"https:\\\/\\\/www.koonings.com\\\/wp-content\\\/uploads\\\/2024\\\/11\\\/39783_5ed0821ce1de781118701408fa271a3c9b2dbf4fe48079a2513aeb1aa3b2a27ab0b345ad-scaled.jpeg\",\"width\":1808,\"height\":2560},{\"@type\":\"BreadcrumbList\",\"@id\":\"https:\\\/\\\/www.koonings.com\\\/fr\\\/product\\\/demetrios-1245\\\/#breadcrumb\",\"itemListElement\":[{\"@type\":\"ListItem\",\"position\":1,\"name\":\"Home\",\"item\":\"https:\\\/\\\/www.koonings.com\\\/fr\\\/\"},{\"@type\":\"ListItem\",\"position\":2,\"name\":\"Demetrios 1245\"}]},{\"@type\":\"WebSite\",\"@id\":\"https:\\\/\\\/www.koonings.com\\\/fr\\\/#website\",\"url\":\"https:\\\/\\\/www.koonings.com\\\/fr\\\/\",\"name\":\"Koonings\",\"description\":\"De grootste bruidsmodewinkel ter wereld\",\"publisher\":{\"@id\":\"https:\\\/\\\/www.koonings.com\\\/fr\\\/#organization\"},\"potentialAction\":[{\"@type\":\"SearchAction\",\"target\":{\"@type\":\"EntryPoint\",\"urlTemplate\":\"https:\\\/\\\/www.koonings.com\\\/fr\\\/?s={search_term_string}\"},\"query-input\":{\"@type\":\"PropertyValueSpecification\",\"valueRequired\":true,\"valueName\":\"search_term_string\"}}],\"inLanguage\":\"fr-FR\"},{\"@type\":\"Organization\",\"@id\":\"https:\\\/\\\/www.koonings.com\\\/fr\\\/#organization\",\"name\":\"Koonings\",\"url\":\"https:\\\/\\\/www.koonings.com\\\/fr\\\/\",\"logo\":{\"@type\":\"ImageObject\",\"inLanguage\":\"fr-FR\",\"@id\":\"https:\\\/\\\/www.koonings.com\\\/fr\\\/#\\\/schema\\\/logo\\\/image\\\/\",\"url\":\"https:\\\/\\\/www.koonings.com\\\/wp-content\\\/uploads\\\/2024\\\/07\\\/logo.png\",\"contentUrl\":\"https:\\\/\\\/www.koonings.com\\\/wp-content\\\/uploads\\\/2024\\\/07\\\/logo.png\",\"width\":600,\"height\":428,\"caption\":\"Koonings\"},\"image\":{\"@id\":\"https:\\\/\\\/www.koonings.com\\\/fr\\\/#\\\/schema\\\/logo\\\/image\\\/\"},\"sameAs\":[\"https:\\\/\\\/www.facebook.com\\\/kooningstheweddingpalace\",\"https:\\\/\\\/www.instagram.com\\\/kooningstheweddingpalace\",\"https:\\\/\\\/www.pinterest.com\\\/koonings\",\"https:\\\/\\\/www.youtube.com\\\/kooningstheweddingpalace\"]}]}<\/script>\n<!-- \/ Yoast SEO plugin. -->","yoast_head_json":{"title":"Demetrios 1245 | Koonings","description":"De riches perles fusionn\u00e9es avec des fleurs dimensionnelles d\u00e9cadentes et un tulle \u00e9tincelant font de ce mod\u00e8le le summum du luxe opulent. De d\u00e9licates bretelles florales accentuent son corsage avec un d\u00e9collet\u00e9 en c\u0153ur et des manches d'\u00e9v\u00eaque transparentes en option ajoutent une douce touche romantique. La robe peut \u00eatre compl\u00e9t\u00e9e par des manches d\u00e9tachables assorties (mod\u00e8le SL41) et un voile assorti (mod\u00e8le V272) (tous deux disponibles s\u00e9par\u00e9ment aupr\u00e8s de Koonings The Wedding Palace).","robots":{"index":"index","follow":"follow","max-snippet":"max-snippet:-1","max-image-preview":"max-image-preview:large","max-video-preview":"max-video-preview:-1"},"canonical":"https:\/\/www.koonings.com\/fr\/product\/demetrios-1245\/","og_locale":"fr_FR","og_type":"article","og_title":"Demetrios 1245 | Koonings","og_description":"De riches perles fusionn\u00e9es avec des fleurs dimensionnelles d\u00e9cadentes et un tulle \u00e9tincelant font de ce mod\u00e8le le summum du luxe opulent. De d\u00e9licates bretelles florales accentuent son corsage avec un d\u00e9collet\u00e9 en c\u0153ur et des manches d'\u00e9v\u00eaque transparentes en option ajoutent une douce touche romantique. La robe peut \u00eatre compl\u00e9t\u00e9e par des manches d\u00e9tachables assorties (mod\u00e8le SL41) et un voile assorti (mod\u00e8le V272) (tous deux disponibles s\u00e9par\u00e9ment aupr\u00e8s de Koonings The Wedding Palace).","og_url":"https:\/\/www.koonings.com\/fr\/product\/demetrios-1245\/","og_site_name":"Koonings","article_publisher":"https:\/\/www.facebook.com\/kooningstheweddingpalace","og_image":[{"width":1808,"height":2560,"url":"https:\/\/www.koonings.com\/wp-content\/uploads\/2024\/11\/39783_5ed0821ce1de781118701408fa271a3c9b2dbf4fe48079a2513aeb1aa3b2a27ab0b345ad-scaled.jpeg","type":"image\/jpeg"}],"twitter_card":"summary_large_image","schema":{"@context":"https:\/\/schema.org","@graph":[{"@type":"WebPage","@id":"https:\/\/www.koonings.com\/fr\/product\/demetrios-1245\/","url":"https:\/\/www.koonings.com\/fr\/product\/demetrios-1245\/","name":"Demetrios 1245 | Koonings","isPartOf":{"@id":"https:\/\/www.koonings.com\/fr\/#website"},"primaryImageOfPage":{"@id":"https:\/\/www.koonings.com\/fr\/product\/demetrios-1245\/#primaryimage"},"image":{"@id":"https:\/\/www.koonings.com\/fr\/product\/demetrios-1245\/#primaryimage"},"thumbnailUrl":"https:\/\/www.koonings.com\/wp-content\/uploads\/2024\/11\/39783_5ed0821ce1de781118701408fa271a3c9b2dbf4fe48079a2513aeb1aa3b2a27ab0b345ad-scaled.jpeg","datePublished":"2026-05-06T13:16:06+00:00","description":"De riches perles fusionn\u00e9es avec des fleurs dimensionnelles d\u00e9cadentes et un tulle \u00e9tincelant font de ce mod\u00e8le le summum du luxe opulent. De d\u00e9licates bretelles florales accentuent son corsage avec un d\u00e9collet\u00e9 en c\u0153ur et des manches d'\u00e9v\u00eaque transparentes en option ajoutent une douce touche romantique. La robe peut \u00eatre compl\u00e9t\u00e9e par des manches d\u00e9tachables assorties (mod\u00e8le SL41) et un voile assorti (mod\u00e8le V272) (tous deux disponibles s\u00e9par\u00e9ment aupr\u00e8s de Koonings The Wedding Palace).","breadcrumb":{"@id":"https:\/\/www.koonings.com\/fr\/product\/demetrios-1245\/#breadcrumb"},"inLanguage":"fr-FR","potentialAction":[{"@type":"ReadAction","target":["https:\/\/www.koonings.com\/fr\/product\/demetrios-1245\/"]}]},{"@type":"ImageObject","inLanguage":"fr-FR","@id":"https:\/\/www.koonings.com\/fr\/product\/demetrios-1245\/#primaryimage","url":"https:\/\/www.koonings.com\/wp-content\/uploads\/2024\/11\/39783_5ed0821ce1de781118701408fa271a3c9b2dbf4fe48079a2513aeb1aa3b2a27ab0b345ad-scaled.jpeg","contentUrl":"https:\/\/www.koonings.com\/wp-content\/uploads\/2024\/11\/39783_5ed0821ce1de781118701408fa271a3c9b2dbf4fe48079a2513aeb1aa3b2a27ab0b345ad-scaled.jpeg","width":1808,"height":2560},{"@type":"BreadcrumbList","@id":"https:\/\/www.koonings.com\/fr\/product\/demetrios-1245\/#breadcrumb","itemListElement":[{"@type":"ListItem","position":1,"name":"Home","item":"https:\/\/www.koonings.com\/fr\/"},{"@type":"ListItem","position":2,"name":"Demetrios 1245"}]},{"@type":"WebSite","@id":"https:\/\/www.koonings.com\/fr\/#website","url":"https:\/\/www.koonings.com\/fr\/","name":"Koonings","description":"De grootste bruidsmodewinkel ter wereld","publisher":{"@id":"https:\/\/www.koonings.com\/fr\/#organization"},"potentialAction":[{"@type":"SearchAction","target":{"@type":"EntryPoint","urlTemplate":"https:\/\/www.koonings.com\/fr\/?s={search_term_string}"},"query-input":{"@type":"PropertyValueSpecification","valueRequired":true,"valueName":"search_term_string"}}],"inLanguage":"fr-FR"},{"@type":"Organization","@id":"https:\/\/www.koonings.com\/fr\/#organization","name":"Koonings","url":"https:\/\/www.koonings.com\/fr\/","logo":{"@type":"ImageObject","inLanguage":"fr-FR","@id":"https:\/\/www.koonings.com\/fr\/#\/schema\/logo\/image\/","url":"https:\/\/www.koonings.com\/wp-content\/uploads\/2024\/07\/logo.png","contentUrl":"https:\/\/www.koonings.com\/wp-content\/uploads\/2024\/07\/logo.png","width":600,"height":428,"caption":"Koonings"},"image":{"@id":"https:\/\/www.koonings.com\/fr\/#\/schema\/logo\/image\/"},"sameAs":["https:\/\/www.facebook.com\/kooningstheweddingpalace","https:\/\/www.instagram.com\/kooningstheweddingpalace","https:\/\/www.pinterest.com\/koonings","https:\/\/www.youtube.com\/kooningstheweddingpalace"]}]}},"_links":{"self":[{"href":"https:\/\/www.koonings.com\/fr\/wp-json\/wp\/v2\/product\/77812","targetHints":{"allow":["GET"]}}],"collection":[{"href":"https:\/\/www.koonings.com\/fr\/wp-json\/wp\/v2\/product"}],"about":[{"href":"https:\/\/www.koonings.com\/fr\/wp-json\/wp\/v2\/types\/product"}],"wp:featuredmedia":[{"embeddable":true,"href":"https:\/\/www.koonings.com\/fr\/wp-json\/wp\/v2\/media\/42626"}],"wp:attachment":[{"href":"https:\/\/www.koonings.com\/fr\/wp-json\/wp\/v2\/media?parent=77812"}],"wp:term":[{"taxonomy":"productdetails","embeddable":true,"href":"https:\/\/www.koonings.com\/fr\/wp-json\/wp\/v2\/productdetails?post=77812"},{"taxonomy":"productneck","embeddable":true,"href":"https:\/\/www.koonings.com\/fr\/wp-json\/wp\/v2\/productneck?post=77812"},{"taxonomy":"productcolor","embeddable":true,"href":"https:\/\/www.koonings.com\/fr\/wp-json\/wp\/v2\/productcolor?post=77812"},{"taxonomy":"maat","embeddable":true,"href":"https:\/\/www.koonings.com\/fr\/wp-json\/wp\/v2\/maat?post=77812"},{"taxonomy":"productsupplier","embeddable":true,"href":"https:\/\/www.koonings.com\/fr\/wp-json\/wp\/v2\/productsupplier?post=77812"},{"taxonomy":"productsleeve","embeddable":true,"href":"https:\/\/www.koonings.com\/fr\/wp-json\/wp\/v2\/productsleeve?post=77812"},{"taxonomy":"productcategory","embeddable":true,"href":"https:\/\/www.koonings.com\/fr\/wp-json\/wp\/v2\/productcategory?post=77812"},{"taxonomy":"productsilhouette","embeddable":true,"href":"https:\/\/www.koonings.com\/fr\/wp-json\/wp\/v2\/productsilhouette?post=77812"},{"taxonomy":"productstyle","embeddable":true,"href":"https:\/\/www.koonings.com\/fr\/wp-json\/wp\/v2\/productstyle?post=77812"}],"curies":[{"name":"wp","href":"https:\/\/api.w.org\/{rel}","templated":true}]}}