{"id":77783,"date":"2026-04-14T16:16:38","date_gmt":"2026-04-14T14:16:38","guid":{"rendered":"https:\/\/www.koonings.com\/product\/cosmobella-8170\/"},"modified":"2026-02-13T12:02:53","modified_gmt":"2026-02-13T11:02:53","slug":"cosmobella-8170","status":"publish","type":"product","link":"https:\/\/www.koonings.com\/fr\/product\/cosmobella-8170\/","title":{"rendered":"Cosmobella 8170"},"content":{"rendered":"<p>Alliant \u00e9l\u00e9gance classique et sensualit\u00e9 contemporaine, le mod\u00e8le 8170 se compose d&#8217;une dentelle florale perl\u00e9e et d&#8217;un tulle scintillant sur une jupe a\u00e9rienne de type A. Le d\u00e9collet\u00e9 profond avec bretelles laisse place \u00e0 un dos bas sexy. Le d\u00e9collet\u00e9 profond avec bretelles laisse place \u00e0 un dos sexy. <\/p>\n","protected":false},"featured_media":43004,"template":"","meta":{"_acf_changed":false,"ghostkit_customizer_options":"","ghostkit_custom_css":"","ghostkit_custom_js_head":"","ghostkit_custom_js_foot":"","ghostkit_typography":""},"productdetails":[],"productneck":[356],"productcolor":[392],"maat":[],"productsupplier":[400],"productsleeve":[359],"productcategory":[18],"productsilhouette":[384],"productstyle":[],"class_list":["post-77783","product","type-product","status-publish","has-post-thumbnail","hentry","productneck-356","productcolor-392","productsupplier-cosmobella","productsleeve-359","productcategory-trouwjurken","productsilhouette-384"],"acf":[],"yoast_head":"<!-- This site is optimized with the Yoast SEO plugin v27.3 - https:\/\/yoast.com\/product\/yoast-seo-wordpress\/ -->\n<title>Cosmobella 8170 | Koonings<\/title>\n<meta name=\"description\" content=\"Alliant \u00e9l\u00e9gance classique et sensualit\u00e9 contemporaine, le mod\u00e8le 8170 se compose d&#039;une dentelle florale perl\u00e9e et d&#039;un tulle scintillant sur une jupe a\u00e9rienne de type A. Le d\u00e9collet\u00e9 profond avec bretelles laisse place \u00e0 un dos bas sexy. Le d\u00e9collet\u00e9 profond avec bretelles laisse place \u00e0 un dos sexy.\" \/>\n<meta name=\"robots\" content=\"index, follow, max-snippet:-1, max-image-preview:large, max-video-preview:-1\" \/>\n<link rel=\"canonical\" href=\"https:\/\/www.koonings.com\/fr\/product\/cosmobella-8170\/\" \/>\n<meta property=\"og:locale\" content=\"fr_FR\" \/>\n<meta property=\"og:type\" content=\"article\" \/>\n<meta property=\"og:title\" content=\"Cosmobella 8170 | Koonings\" \/>\n<meta property=\"og:description\" content=\"Alliant \u00e9l\u00e9gance classique et sensualit\u00e9 contemporaine, le mod\u00e8le 8170 se compose d&#039;une dentelle florale perl\u00e9e et d&#039;un tulle scintillant sur une jupe a\u00e9rienne de type A. Le d\u00e9collet\u00e9 profond avec bretelles laisse place \u00e0 un dos bas sexy. Le d\u00e9collet\u00e9 profond avec bretelles laisse place \u00e0 un dos sexy.\" \/>\n<meta property=\"og:url\" content=\"https:\/\/www.koonings.com\/fr\/product\/cosmobella-8170\/\" \/>\n<meta property=\"og:site_name\" content=\"Koonings\" \/>\n<meta property=\"article:publisher\" content=\"https:\/\/www.facebook.com\/kooningstheweddingpalace\" \/>\n<meta property=\"og:image\" content=\"https:\/\/www.koonings.com\/wp-content\/uploads\/2024\/11\/39818_6ebd99603d9f74ec9f20928046ff48bb1745697df5d1cc6525a55729d93d1b46c172a038-scaled.jpeg\" \/>\n\t<meta property=\"og:image:width\" content=\"1808\" \/>\n\t<meta property=\"og:image:height\" content=\"2560\" \/>\n\t<meta property=\"og:image:type\" content=\"image\/jpeg\" \/>\n<meta name=\"twitter:card\" content=\"summary_large_image\" \/>\n<script type=\"application\/ld+json\" class=\"yoast-schema-graph\">{\"@context\":\"https:\\\/\\\/schema.org\",\"@graph\":[{\"@type\":\"WebPage\",\"@id\":\"https:\\\/\\\/www.koonings.com\\\/fr\\\/product\\\/cosmobella-8170\\\/\",\"url\":\"https:\\\/\\\/www.koonings.com\\\/fr\\\/product\\\/cosmobella-8170\\\/\",\"name\":\"Cosmobella 8170 | Koonings\",\"isPartOf\":{\"@id\":\"https:\\\/\\\/www.koonings.com\\\/fr\\\/#website\"},\"primaryImageOfPage\":{\"@id\":\"https:\\\/\\\/www.koonings.com\\\/fr\\\/product\\\/cosmobella-8170\\\/#primaryimage\"},\"image\":{\"@id\":\"https:\\\/\\\/www.koonings.com\\\/fr\\\/product\\\/cosmobella-8170\\\/#primaryimage\"},\"thumbnailUrl\":\"https:\\\/\\\/www.koonings.com\\\/wp-content\\\/uploads\\\/2024\\\/11\\\/39818_6ebd99603d9f74ec9f20928046ff48bb1745697df5d1cc6525a55729d93d1b46c172a038-scaled.jpeg\",\"datePublished\":\"2026-04-14T14:16:38+00:00\",\"description\":\"Alliant \u00e9l\u00e9gance classique et sensualit\u00e9 contemporaine, le mod\u00e8le 8170 se compose d'une dentelle florale perl\u00e9e et d'un tulle scintillant sur une jupe a\u00e9rienne de type A. Le d\u00e9collet\u00e9 profond avec bretelles laisse place \u00e0 un dos bas sexy. Le d\u00e9collet\u00e9 profond avec bretelles laisse place \u00e0 un dos sexy.\",\"breadcrumb\":{\"@id\":\"https:\\\/\\\/www.koonings.com\\\/fr\\\/product\\\/cosmobella-8170\\\/#breadcrumb\"},\"inLanguage\":\"fr-FR\",\"potentialAction\":[{\"@type\":\"ReadAction\",\"target\":[\"https:\\\/\\\/www.koonings.com\\\/fr\\\/product\\\/cosmobella-8170\\\/\"]}]},{\"@type\":\"ImageObject\",\"inLanguage\":\"fr-FR\",\"@id\":\"https:\\\/\\\/www.koonings.com\\\/fr\\\/product\\\/cosmobella-8170\\\/#primaryimage\",\"url\":\"https:\\\/\\\/www.koonings.com\\\/wp-content\\\/uploads\\\/2024\\\/11\\\/39818_6ebd99603d9f74ec9f20928046ff48bb1745697df5d1cc6525a55729d93d1b46c172a038-scaled.jpeg\",\"contentUrl\":\"https:\\\/\\\/www.koonings.com\\\/wp-content\\\/uploads\\\/2024\\\/11\\\/39818_6ebd99603d9f74ec9f20928046ff48bb1745697df5d1cc6525a55729d93d1b46c172a038-scaled.jpeg\",\"width\":1808,\"height\":2560},{\"@type\":\"BreadcrumbList\",\"@id\":\"https:\\\/\\\/www.koonings.com\\\/fr\\\/product\\\/cosmobella-8170\\\/#breadcrumb\",\"itemListElement\":[{\"@type\":\"ListItem\",\"position\":1,\"name\":\"Home\",\"item\":\"https:\\\/\\\/www.koonings.com\\\/fr\\\/\"},{\"@type\":\"ListItem\",\"position\":2,\"name\":\"Cosmobella 8170\"}]},{\"@type\":\"WebSite\",\"@id\":\"https:\\\/\\\/www.koonings.com\\\/fr\\\/#website\",\"url\":\"https:\\\/\\\/www.koonings.com\\\/fr\\\/\",\"name\":\"Koonings\",\"description\":\"De grootste bruidsmodewinkel ter wereld\",\"publisher\":{\"@id\":\"https:\\\/\\\/www.koonings.com\\\/fr\\\/#organization\"},\"potentialAction\":[{\"@type\":\"SearchAction\",\"target\":{\"@type\":\"EntryPoint\",\"urlTemplate\":\"https:\\\/\\\/www.koonings.com\\\/fr\\\/?s={search_term_string}\"},\"query-input\":{\"@type\":\"PropertyValueSpecification\",\"valueRequired\":true,\"valueName\":\"search_term_string\"}}],\"inLanguage\":\"fr-FR\"},{\"@type\":\"Organization\",\"@id\":\"https:\\\/\\\/www.koonings.com\\\/fr\\\/#organization\",\"name\":\"Koonings\",\"url\":\"https:\\\/\\\/www.koonings.com\\\/fr\\\/\",\"logo\":{\"@type\":\"ImageObject\",\"inLanguage\":\"fr-FR\",\"@id\":\"https:\\\/\\\/www.koonings.com\\\/fr\\\/#\\\/schema\\\/logo\\\/image\\\/\",\"url\":\"https:\\\/\\\/www.koonings.com\\\/wp-content\\\/uploads\\\/2024\\\/07\\\/logo.png\",\"contentUrl\":\"https:\\\/\\\/www.koonings.com\\\/wp-content\\\/uploads\\\/2024\\\/07\\\/logo.png\",\"width\":600,\"height\":428,\"caption\":\"Koonings\"},\"image\":{\"@id\":\"https:\\\/\\\/www.koonings.com\\\/fr\\\/#\\\/schema\\\/logo\\\/image\\\/\"},\"sameAs\":[\"https:\\\/\\\/www.facebook.com\\\/kooningstheweddingpalace\",\"https:\\\/\\\/www.instagram.com\\\/kooningstheweddingpalace\",\"https:\\\/\\\/www.pinterest.com\\\/koonings\",\"https:\\\/\\\/www.youtube.com\\\/kooningstheweddingpalace\"]}]}<\/script>\n<!-- \/ Yoast SEO plugin. -->","yoast_head_json":{"title":"Cosmobella 8170 | Koonings","description":"Alliant \u00e9l\u00e9gance classique et sensualit\u00e9 contemporaine, le mod\u00e8le 8170 se compose d'une dentelle florale perl\u00e9e et d'un tulle scintillant sur une jupe a\u00e9rienne de type A. Le d\u00e9collet\u00e9 profond avec bretelles laisse place \u00e0 un dos bas sexy. Le d\u00e9collet\u00e9 profond avec bretelles laisse place \u00e0 un dos sexy.","robots":{"index":"index","follow":"follow","max-snippet":"max-snippet:-1","max-image-preview":"max-image-preview:large","max-video-preview":"max-video-preview:-1"},"canonical":"https:\/\/www.koonings.com\/fr\/product\/cosmobella-8170\/","og_locale":"fr_FR","og_type":"article","og_title":"Cosmobella 8170 | Koonings","og_description":"Alliant \u00e9l\u00e9gance classique et sensualit\u00e9 contemporaine, le mod\u00e8le 8170 se compose d'une dentelle florale perl\u00e9e et d'un tulle scintillant sur une jupe a\u00e9rienne de type A. Le d\u00e9collet\u00e9 profond avec bretelles laisse place \u00e0 un dos bas sexy. Le d\u00e9collet\u00e9 profond avec bretelles laisse place \u00e0 un dos sexy.","og_url":"https:\/\/www.koonings.com\/fr\/product\/cosmobella-8170\/","og_site_name":"Koonings","article_publisher":"https:\/\/www.facebook.com\/kooningstheweddingpalace","og_image":[{"width":1808,"height":2560,"url":"https:\/\/www.koonings.com\/wp-content\/uploads\/2024\/11\/39818_6ebd99603d9f74ec9f20928046ff48bb1745697df5d1cc6525a55729d93d1b46c172a038-scaled.jpeg","type":"image\/jpeg"}],"twitter_card":"summary_large_image","schema":{"@context":"https:\/\/schema.org","@graph":[{"@type":"WebPage","@id":"https:\/\/www.koonings.com\/fr\/product\/cosmobella-8170\/","url":"https:\/\/www.koonings.com\/fr\/product\/cosmobella-8170\/","name":"Cosmobella 8170 | Koonings","isPartOf":{"@id":"https:\/\/www.koonings.com\/fr\/#website"},"primaryImageOfPage":{"@id":"https:\/\/www.koonings.com\/fr\/product\/cosmobella-8170\/#primaryimage"},"image":{"@id":"https:\/\/www.koonings.com\/fr\/product\/cosmobella-8170\/#primaryimage"},"thumbnailUrl":"https:\/\/www.koonings.com\/wp-content\/uploads\/2024\/11\/39818_6ebd99603d9f74ec9f20928046ff48bb1745697df5d1cc6525a55729d93d1b46c172a038-scaled.jpeg","datePublished":"2026-04-14T14:16:38+00:00","description":"Alliant \u00e9l\u00e9gance classique et sensualit\u00e9 contemporaine, le mod\u00e8le 8170 se compose d'une dentelle florale perl\u00e9e et d'un tulle scintillant sur une jupe a\u00e9rienne de type A. Le d\u00e9collet\u00e9 profond avec bretelles laisse place \u00e0 un dos bas sexy. Le d\u00e9collet\u00e9 profond avec bretelles laisse place \u00e0 un dos sexy.","breadcrumb":{"@id":"https:\/\/www.koonings.com\/fr\/product\/cosmobella-8170\/#breadcrumb"},"inLanguage":"fr-FR","potentialAction":[{"@type":"ReadAction","target":["https:\/\/www.koonings.com\/fr\/product\/cosmobella-8170\/"]}]},{"@type":"ImageObject","inLanguage":"fr-FR","@id":"https:\/\/www.koonings.com\/fr\/product\/cosmobella-8170\/#primaryimage","url":"https:\/\/www.koonings.com\/wp-content\/uploads\/2024\/11\/39818_6ebd99603d9f74ec9f20928046ff48bb1745697df5d1cc6525a55729d93d1b46c172a038-scaled.jpeg","contentUrl":"https:\/\/www.koonings.com\/wp-content\/uploads\/2024\/11\/39818_6ebd99603d9f74ec9f20928046ff48bb1745697df5d1cc6525a55729d93d1b46c172a038-scaled.jpeg","width":1808,"height":2560},{"@type":"BreadcrumbList","@id":"https:\/\/www.koonings.com\/fr\/product\/cosmobella-8170\/#breadcrumb","itemListElement":[{"@type":"ListItem","position":1,"name":"Home","item":"https:\/\/www.koonings.com\/fr\/"},{"@type":"ListItem","position":2,"name":"Cosmobella 8170"}]},{"@type":"WebSite","@id":"https:\/\/www.koonings.com\/fr\/#website","url":"https:\/\/www.koonings.com\/fr\/","name":"Koonings","description":"De grootste bruidsmodewinkel ter wereld","publisher":{"@id":"https:\/\/www.koonings.com\/fr\/#organization"},"potentialAction":[{"@type":"SearchAction","target":{"@type":"EntryPoint","urlTemplate":"https:\/\/www.koonings.com\/fr\/?s={search_term_string}"},"query-input":{"@type":"PropertyValueSpecification","valueRequired":true,"valueName":"search_term_string"}}],"inLanguage":"fr-FR"},{"@type":"Organization","@id":"https:\/\/www.koonings.com\/fr\/#organization","name":"Koonings","url":"https:\/\/www.koonings.com\/fr\/","logo":{"@type":"ImageObject","inLanguage":"fr-FR","@id":"https:\/\/www.koonings.com\/fr\/#\/schema\/logo\/image\/","url":"https:\/\/www.koonings.com\/wp-content\/uploads\/2024\/07\/logo.png","contentUrl":"https:\/\/www.koonings.com\/wp-content\/uploads\/2024\/07\/logo.png","width":600,"height":428,"caption":"Koonings"},"image":{"@id":"https:\/\/www.koonings.com\/fr\/#\/schema\/logo\/image\/"},"sameAs":["https:\/\/www.facebook.com\/kooningstheweddingpalace","https:\/\/www.instagram.com\/kooningstheweddingpalace","https:\/\/www.pinterest.com\/koonings","https:\/\/www.youtube.com\/kooningstheweddingpalace"]}]}},"_links":{"self":[{"href":"https:\/\/www.koonings.com\/fr\/wp-json\/wp\/v2\/product\/77783","targetHints":{"allow":["GET"]}}],"collection":[{"href":"https:\/\/www.koonings.com\/fr\/wp-json\/wp\/v2\/product"}],"about":[{"href":"https:\/\/www.koonings.com\/fr\/wp-json\/wp\/v2\/types\/product"}],"wp:featuredmedia":[{"embeddable":true,"href":"https:\/\/www.koonings.com\/fr\/wp-json\/wp\/v2\/media\/43004"}],"wp:attachment":[{"href":"https:\/\/www.koonings.com\/fr\/wp-json\/wp\/v2\/media?parent=77783"}],"wp:term":[{"taxonomy":"productdetails","embeddable":true,"href":"https:\/\/www.koonings.com\/fr\/wp-json\/wp\/v2\/productdetails?post=77783"},{"taxonomy":"productneck","embeddable":true,"href":"https:\/\/www.koonings.com\/fr\/wp-json\/wp\/v2\/productneck?post=77783"},{"taxonomy":"productcolor","embeddable":true,"href":"https:\/\/www.koonings.com\/fr\/wp-json\/wp\/v2\/productcolor?post=77783"},{"taxonomy":"maat","embeddable":true,"href":"https:\/\/www.koonings.com\/fr\/wp-json\/wp\/v2\/maat?post=77783"},{"taxonomy":"productsupplier","embeddable":true,"href":"https:\/\/www.koonings.com\/fr\/wp-json\/wp\/v2\/productsupplier?post=77783"},{"taxonomy":"productsleeve","embeddable":true,"href":"https:\/\/www.koonings.com\/fr\/wp-json\/wp\/v2\/productsleeve?post=77783"},{"taxonomy":"productcategory","embeddable":true,"href":"https:\/\/www.koonings.com\/fr\/wp-json\/wp\/v2\/productcategory?post=77783"},{"taxonomy":"productsilhouette","embeddable":true,"href":"https:\/\/www.koonings.com\/fr\/wp-json\/wp\/v2\/productsilhouette?post=77783"},{"taxonomy":"productstyle","embeddable":true,"href":"https:\/\/www.koonings.com\/fr\/wp-json\/wp\/v2\/productstyle?post=77783"}],"curies":[{"name":"wp","href":"https:\/\/api.w.org\/{rel}","templated":true}]}}