{"id":77768,"date":"2026-05-06T15:16:23","date_gmt":"2026-05-06T13:16:23","guid":{"rendered":"https:\/\/www.koonings.com\/product\/muse-by-berta-24-06\/"},"modified":"2025-06-05T12:19:34","modified_gmt":"2025-06-05T10:19:34","slug":"muse-by-berta-24-06","status":"publish","type":"product","link":"https:\/\/www.koonings.com\/fr\/product\/muse-by-berta-24-06\/","title":{"rendered":"Muse by Berta 24-06"},"content":{"rendered":"<p>Cette robe unique de la collection 2024 de Berta montre ce pour quoi la marque est connue : une couture moderne avec des d\u00e9tails sexy. Avec sa silhouette de sir\u00e8ne \u00e9l\u00e9gante et son encolure droite, la robe montre son c\u00f4t\u00e9 sexy. Le n\u0153ud \u00e0 la taille et les manches donnent \u00e9galement une touche romantique \u00e0 la robe. Cette robe est disponible exclusivement chez Koonings.   <\/p>\n","protected":false},"featured_media":43366,"template":"","meta":{"_acf_changed":false,"ghostkit_customizer_options":"","ghostkit_custom_css":"","ghostkit_custom_js_head":"","ghostkit_custom_js_foot":"","ghostkit_typography":""},"productdetails":[379],"productneck":[352],"productcolor":[393,392],"maat":[],"productsupplier":[399],"productsleeve":[359,362],"productcategory":[18],"productsilhouette":[387],"productstyle":[367,371,370],"class_list":["post-77768","product","type-product","status-publish","has-post-thumbnail","hentry","productdetails-379","productneck-352","productcolor-393","productcolor-392","productsupplier-muse-by-berta","productsleeve-359","productsleeve-362","productcategory-trouwjurken","productsilhouette-387","productstyle-367","productstyle-371","productstyle-370"],"acf":[],"yoast_head":"<!-- This site is optimized with the Yoast SEO plugin v27.3 - https:\/\/yoast.com\/product\/yoast-seo-wordpress\/ -->\n<title>Muse by Berta 24-06 | Koonings<\/title>\n<meta name=\"description\" content=\"Cette robe unique de la collection 2024 de Berta montre ce pour quoi la marque est connue : une couture moderne avec des d\u00e9tails sexy. Avec sa silhouette de sir\u00e8ne \u00e9l\u00e9gante et son encolure droite, la robe montre son c\u00f4t\u00e9 sexy. Le n\u0153ud \u00e0 la taille et les manches donnent \u00e9galement une touche romantique \u00e0 la robe. Cette robe est disponible exclusivement chez Koonings.\" \/>\n<meta name=\"robots\" content=\"index, follow, max-snippet:-1, max-image-preview:large, max-video-preview:-1\" \/>\n<link rel=\"canonical\" href=\"https:\/\/www.koonings.com\/fr\/product\/muse-by-berta-24-06\/\" \/>\n<meta property=\"og:locale\" content=\"fr_FR\" \/>\n<meta property=\"og:type\" content=\"article\" \/>\n<meta property=\"og:title\" content=\"Muse by Berta 24-06 | Koonings\" \/>\n<meta property=\"og:description\" content=\"Cette robe unique de la collection 2024 de Berta montre ce pour quoi la marque est connue : une couture moderne avec des d\u00e9tails sexy. Avec sa silhouette de sir\u00e8ne \u00e9l\u00e9gante et son encolure droite, la robe montre son c\u00f4t\u00e9 sexy. Le n\u0153ud \u00e0 la taille et les manches donnent \u00e9galement une touche romantique \u00e0 la robe. Cette robe est disponible exclusivement chez Koonings.\" \/>\n<meta property=\"og:url\" content=\"https:\/\/www.koonings.com\/fr\/product\/muse-by-berta-24-06\/\" \/>\n<meta property=\"og:site_name\" content=\"Koonings\" \/>\n<meta property=\"article:publisher\" content=\"https:\/\/www.facebook.com\/kooningstheweddingpalace\" \/>\n<meta property=\"og:image\" content=\"https:\/\/www.koonings.com\/wp-content\/uploads\/2024\/11\/39872_a4113217813bd336ee60d5923a767baa1922fb6d22d3be31236759ac2168a768271d953e-scaled.jpeg\" \/>\n\t<meta property=\"og:image:width\" content=\"1812\" \/>\n\t<meta property=\"og:image:height\" content=\"2560\" \/>\n\t<meta property=\"og:image:type\" content=\"image\/jpeg\" \/>\n<meta name=\"twitter:card\" content=\"summary_large_image\" \/>\n<script type=\"application\/ld+json\" class=\"yoast-schema-graph\">{\"@context\":\"https:\\\/\\\/schema.org\",\"@graph\":[{\"@type\":\"WebPage\",\"@id\":\"https:\\\/\\\/www.koonings.com\\\/fr\\\/product\\\/muse-by-berta-24-06\\\/\",\"url\":\"https:\\\/\\\/www.koonings.com\\\/fr\\\/product\\\/muse-by-berta-24-06\\\/\",\"name\":\"Muse by Berta 24-06 | Koonings\",\"isPartOf\":{\"@id\":\"https:\\\/\\\/www.koonings.com\\\/fr\\\/#website\"},\"primaryImageOfPage\":{\"@id\":\"https:\\\/\\\/www.koonings.com\\\/fr\\\/product\\\/muse-by-berta-24-06\\\/#primaryimage\"},\"image\":{\"@id\":\"https:\\\/\\\/www.koonings.com\\\/fr\\\/product\\\/muse-by-berta-24-06\\\/#primaryimage\"},\"thumbnailUrl\":\"https:\\\/\\\/www.koonings.com\\\/wp-content\\\/uploads\\\/2024\\\/11\\\/39872_a4113217813bd336ee60d5923a767baa1922fb6d22d3be31236759ac2168a768271d953e-scaled.jpeg\",\"datePublished\":\"2026-05-06T13:16:23+00:00\",\"description\":\"Cette robe unique de la collection 2024 de Berta montre ce pour quoi la marque est connue : une couture moderne avec des d\u00e9tails sexy. Avec sa silhouette de sir\u00e8ne \u00e9l\u00e9gante et son encolure droite, la robe montre son c\u00f4t\u00e9 sexy. Le n\u0153ud \u00e0 la taille et les manches donnent \u00e9galement une touche romantique \u00e0 la robe. Cette robe est disponible exclusivement chez Koonings.\",\"breadcrumb\":{\"@id\":\"https:\\\/\\\/www.koonings.com\\\/fr\\\/product\\\/muse-by-berta-24-06\\\/#breadcrumb\"},\"inLanguage\":\"fr-FR\",\"potentialAction\":[{\"@type\":\"ReadAction\",\"target\":[\"https:\\\/\\\/www.koonings.com\\\/fr\\\/product\\\/muse-by-berta-24-06\\\/\"]}]},{\"@type\":\"ImageObject\",\"inLanguage\":\"fr-FR\",\"@id\":\"https:\\\/\\\/www.koonings.com\\\/fr\\\/product\\\/muse-by-berta-24-06\\\/#primaryimage\",\"url\":\"https:\\\/\\\/www.koonings.com\\\/wp-content\\\/uploads\\\/2024\\\/11\\\/39872_a4113217813bd336ee60d5923a767baa1922fb6d22d3be31236759ac2168a768271d953e-scaled.jpeg\",\"contentUrl\":\"https:\\\/\\\/www.koonings.com\\\/wp-content\\\/uploads\\\/2024\\\/11\\\/39872_a4113217813bd336ee60d5923a767baa1922fb6d22d3be31236759ac2168a768271d953e-scaled.jpeg\",\"width\":1812,\"height\":2560},{\"@type\":\"BreadcrumbList\",\"@id\":\"https:\\\/\\\/www.koonings.com\\\/fr\\\/product\\\/muse-by-berta-24-06\\\/#breadcrumb\",\"itemListElement\":[{\"@type\":\"ListItem\",\"position\":1,\"name\":\"Home\",\"item\":\"https:\\\/\\\/www.koonings.com\\\/fr\\\/\"},{\"@type\":\"ListItem\",\"position\":2,\"name\":\"Muse by Berta 24-06\"}]},{\"@type\":\"WebSite\",\"@id\":\"https:\\\/\\\/www.koonings.com\\\/fr\\\/#website\",\"url\":\"https:\\\/\\\/www.koonings.com\\\/fr\\\/\",\"name\":\"Koonings\",\"description\":\"De grootste bruidsmodewinkel ter wereld\",\"publisher\":{\"@id\":\"https:\\\/\\\/www.koonings.com\\\/fr\\\/#organization\"},\"potentialAction\":[{\"@type\":\"SearchAction\",\"target\":{\"@type\":\"EntryPoint\",\"urlTemplate\":\"https:\\\/\\\/www.koonings.com\\\/fr\\\/?s={search_term_string}\"},\"query-input\":{\"@type\":\"PropertyValueSpecification\",\"valueRequired\":true,\"valueName\":\"search_term_string\"}}],\"inLanguage\":\"fr-FR\"},{\"@type\":\"Organization\",\"@id\":\"https:\\\/\\\/www.koonings.com\\\/fr\\\/#organization\",\"name\":\"Koonings\",\"url\":\"https:\\\/\\\/www.koonings.com\\\/fr\\\/\",\"logo\":{\"@type\":\"ImageObject\",\"inLanguage\":\"fr-FR\",\"@id\":\"https:\\\/\\\/www.koonings.com\\\/fr\\\/#\\\/schema\\\/logo\\\/image\\\/\",\"url\":\"https:\\\/\\\/www.koonings.com\\\/wp-content\\\/uploads\\\/2024\\\/07\\\/logo.png\",\"contentUrl\":\"https:\\\/\\\/www.koonings.com\\\/wp-content\\\/uploads\\\/2024\\\/07\\\/logo.png\",\"width\":600,\"height\":428,\"caption\":\"Koonings\"},\"image\":{\"@id\":\"https:\\\/\\\/www.koonings.com\\\/fr\\\/#\\\/schema\\\/logo\\\/image\\\/\"},\"sameAs\":[\"https:\\\/\\\/www.facebook.com\\\/kooningstheweddingpalace\",\"https:\\\/\\\/www.instagram.com\\\/kooningstheweddingpalace\",\"https:\\\/\\\/www.pinterest.com\\\/koonings\",\"https:\\\/\\\/www.youtube.com\\\/kooningstheweddingpalace\"]}]}<\/script>\n<!-- \/ Yoast SEO plugin. -->","yoast_head_json":{"title":"Muse by Berta 24-06 | Koonings","description":"Cette robe unique de la collection 2024 de Berta montre ce pour quoi la marque est connue : une couture moderne avec des d\u00e9tails sexy. Avec sa silhouette de sir\u00e8ne \u00e9l\u00e9gante et son encolure droite, la robe montre son c\u00f4t\u00e9 sexy. Le n\u0153ud \u00e0 la taille et les manches donnent \u00e9galement une touche romantique \u00e0 la robe. Cette robe est disponible exclusivement chez Koonings.","robots":{"index":"index","follow":"follow","max-snippet":"max-snippet:-1","max-image-preview":"max-image-preview:large","max-video-preview":"max-video-preview:-1"},"canonical":"https:\/\/www.koonings.com\/fr\/product\/muse-by-berta-24-06\/","og_locale":"fr_FR","og_type":"article","og_title":"Muse by Berta 24-06 | Koonings","og_description":"Cette robe unique de la collection 2024 de Berta montre ce pour quoi la marque est connue : une couture moderne avec des d\u00e9tails sexy. Avec sa silhouette de sir\u00e8ne \u00e9l\u00e9gante et son encolure droite, la robe montre son c\u00f4t\u00e9 sexy. Le n\u0153ud \u00e0 la taille et les manches donnent \u00e9galement une touche romantique \u00e0 la robe. Cette robe est disponible exclusivement chez Koonings.","og_url":"https:\/\/www.koonings.com\/fr\/product\/muse-by-berta-24-06\/","og_site_name":"Koonings","article_publisher":"https:\/\/www.facebook.com\/kooningstheweddingpalace","og_image":[{"width":1812,"height":2560,"url":"https:\/\/www.koonings.com\/wp-content\/uploads\/2024\/11\/39872_a4113217813bd336ee60d5923a767baa1922fb6d22d3be31236759ac2168a768271d953e-scaled.jpeg","type":"image\/jpeg"}],"twitter_card":"summary_large_image","schema":{"@context":"https:\/\/schema.org","@graph":[{"@type":"WebPage","@id":"https:\/\/www.koonings.com\/fr\/product\/muse-by-berta-24-06\/","url":"https:\/\/www.koonings.com\/fr\/product\/muse-by-berta-24-06\/","name":"Muse by Berta 24-06 | Koonings","isPartOf":{"@id":"https:\/\/www.koonings.com\/fr\/#website"},"primaryImageOfPage":{"@id":"https:\/\/www.koonings.com\/fr\/product\/muse-by-berta-24-06\/#primaryimage"},"image":{"@id":"https:\/\/www.koonings.com\/fr\/product\/muse-by-berta-24-06\/#primaryimage"},"thumbnailUrl":"https:\/\/www.koonings.com\/wp-content\/uploads\/2024\/11\/39872_a4113217813bd336ee60d5923a767baa1922fb6d22d3be31236759ac2168a768271d953e-scaled.jpeg","datePublished":"2026-05-06T13:16:23+00:00","description":"Cette robe unique de la collection 2024 de Berta montre ce pour quoi la marque est connue : une couture moderne avec des d\u00e9tails sexy. Avec sa silhouette de sir\u00e8ne \u00e9l\u00e9gante et son encolure droite, la robe montre son c\u00f4t\u00e9 sexy. Le n\u0153ud \u00e0 la taille et les manches donnent \u00e9galement une touche romantique \u00e0 la robe. Cette robe est disponible exclusivement chez Koonings.","breadcrumb":{"@id":"https:\/\/www.koonings.com\/fr\/product\/muse-by-berta-24-06\/#breadcrumb"},"inLanguage":"fr-FR","potentialAction":[{"@type":"ReadAction","target":["https:\/\/www.koonings.com\/fr\/product\/muse-by-berta-24-06\/"]}]},{"@type":"ImageObject","inLanguage":"fr-FR","@id":"https:\/\/www.koonings.com\/fr\/product\/muse-by-berta-24-06\/#primaryimage","url":"https:\/\/www.koonings.com\/wp-content\/uploads\/2024\/11\/39872_a4113217813bd336ee60d5923a767baa1922fb6d22d3be31236759ac2168a768271d953e-scaled.jpeg","contentUrl":"https:\/\/www.koonings.com\/wp-content\/uploads\/2024\/11\/39872_a4113217813bd336ee60d5923a767baa1922fb6d22d3be31236759ac2168a768271d953e-scaled.jpeg","width":1812,"height":2560},{"@type":"BreadcrumbList","@id":"https:\/\/www.koonings.com\/fr\/product\/muse-by-berta-24-06\/#breadcrumb","itemListElement":[{"@type":"ListItem","position":1,"name":"Home","item":"https:\/\/www.koonings.com\/fr\/"},{"@type":"ListItem","position":2,"name":"Muse by Berta 24-06"}]},{"@type":"WebSite","@id":"https:\/\/www.koonings.com\/fr\/#website","url":"https:\/\/www.koonings.com\/fr\/","name":"Koonings","description":"De grootste bruidsmodewinkel ter wereld","publisher":{"@id":"https:\/\/www.koonings.com\/fr\/#organization"},"potentialAction":[{"@type":"SearchAction","target":{"@type":"EntryPoint","urlTemplate":"https:\/\/www.koonings.com\/fr\/?s={search_term_string}"},"query-input":{"@type":"PropertyValueSpecification","valueRequired":true,"valueName":"search_term_string"}}],"inLanguage":"fr-FR"},{"@type":"Organization","@id":"https:\/\/www.koonings.com\/fr\/#organization","name":"Koonings","url":"https:\/\/www.koonings.com\/fr\/","logo":{"@type":"ImageObject","inLanguage":"fr-FR","@id":"https:\/\/www.koonings.com\/fr\/#\/schema\/logo\/image\/","url":"https:\/\/www.koonings.com\/wp-content\/uploads\/2024\/07\/logo.png","contentUrl":"https:\/\/www.koonings.com\/wp-content\/uploads\/2024\/07\/logo.png","width":600,"height":428,"caption":"Koonings"},"image":{"@id":"https:\/\/www.koonings.com\/fr\/#\/schema\/logo\/image\/"},"sameAs":["https:\/\/www.facebook.com\/kooningstheweddingpalace","https:\/\/www.instagram.com\/kooningstheweddingpalace","https:\/\/www.pinterest.com\/koonings","https:\/\/www.youtube.com\/kooningstheweddingpalace"]}]}},"_links":{"self":[{"href":"https:\/\/www.koonings.com\/fr\/wp-json\/wp\/v2\/product\/77768","targetHints":{"allow":["GET"]}}],"collection":[{"href":"https:\/\/www.koonings.com\/fr\/wp-json\/wp\/v2\/product"}],"about":[{"href":"https:\/\/www.koonings.com\/fr\/wp-json\/wp\/v2\/types\/product"}],"wp:featuredmedia":[{"embeddable":true,"href":"https:\/\/www.koonings.com\/fr\/wp-json\/wp\/v2\/media\/43366"}],"wp:attachment":[{"href":"https:\/\/www.koonings.com\/fr\/wp-json\/wp\/v2\/media?parent=77768"}],"wp:term":[{"taxonomy":"productdetails","embeddable":true,"href":"https:\/\/www.koonings.com\/fr\/wp-json\/wp\/v2\/productdetails?post=77768"},{"taxonomy":"productneck","embeddable":true,"href":"https:\/\/www.koonings.com\/fr\/wp-json\/wp\/v2\/productneck?post=77768"},{"taxonomy":"productcolor","embeddable":true,"href":"https:\/\/www.koonings.com\/fr\/wp-json\/wp\/v2\/productcolor?post=77768"},{"taxonomy":"maat","embeddable":true,"href":"https:\/\/www.koonings.com\/fr\/wp-json\/wp\/v2\/maat?post=77768"},{"taxonomy":"productsupplier","embeddable":true,"href":"https:\/\/www.koonings.com\/fr\/wp-json\/wp\/v2\/productsupplier?post=77768"},{"taxonomy":"productsleeve","embeddable":true,"href":"https:\/\/www.koonings.com\/fr\/wp-json\/wp\/v2\/productsleeve?post=77768"},{"taxonomy":"productcategory","embeddable":true,"href":"https:\/\/www.koonings.com\/fr\/wp-json\/wp\/v2\/productcategory?post=77768"},{"taxonomy":"productsilhouette","embeddable":true,"href":"https:\/\/www.koonings.com\/fr\/wp-json\/wp\/v2\/productsilhouette?post=77768"},{"taxonomy":"productstyle","embeddable":true,"href":"https:\/\/www.koonings.com\/fr\/wp-json\/wp\/v2\/productstyle?post=77768"}],"curies":[{"name":"wp","href":"https:\/\/api.w.org\/{rel}","templated":true}]}}