{"id":77764,"date":"2026-04-14T16:16:49","date_gmt":"2026-04-14T14:16:49","guid":{"rendered":"https:\/\/www.koonings.com\/product\/muse-by-berta-24-04\/"},"modified":"2026-02-13T12:01:22","modified_gmt":"2026-02-13T11:01:22","slug":"muse-by-berta-24-04","status":"publish","type":"product","link":"https:\/\/www.koonings.com\/fr\/product\/muse-by-berta-24-04\/","title":{"rendered":"Muse de Berta 24-04"},"content":{"rendered":"<p>Cette magnifique sir\u00e8ne doubl\u00e9e enti\u00e8rement en dentelle est issue de la collection 2024 de Berta et sera disponible exclusivement chez Koonings \u00e0 partir du printemps 2024. La robe comporte des manches sp\u00e9ciales qui sont de la m\u00eame dentelle que l&#8217;ensemble de la robe. La silhouette \u00e9l\u00e9gante et le dos transparent donnent \u00e0 cette robe une touche sexy, tout comme la jupe romantique en dentelle qui se termine par une magnifique tra\u00eene courte.  <\/p>\n","protected":false},"featured_media":43354,"template":"","meta":{"_acf_changed":false,"ghostkit_customizer_options":"","ghostkit_custom_css":"","ghostkit_custom_js_head":"","ghostkit_custom_js_foot":"","ghostkit_typography":""},"productdetails":[379,376],"productneck":[354,355],"productcolor":[393,392],"maat":[],"productsupplier":[399],"productsleeve":[362,363],"productcategory":[18],"productsilhouette":[387,390],"productstyle":[367,366,370],"class_list":["post-77764","product","type-product","status-publish","has-post-thumbnail","hentry","productdetails-379","productdetails-376","productneck-354","productneck-355","productcolor-393","productcolor-392","productsupplier-muse-by-berta","productsleeve-362","productsleeve-363","productcategory-trouwjurken","productsilhouette-387","productsilhouette-390","productstyle-367","productstyle-366","productstyle-370"],"acf":[],"yoast_head":"<!-- This site is optimized with the Yoast SEO plugin v27.3 - https:\/\/yoast.com\/product\/yoast-seo-wordpress\/ -->\n<title>Muse de Berta 24-04 | Koonings<\/title>\n<meta name=\"description\" content=\"Cette magnifique sir\u00e8ne doubl\u00e9e enti\u00e8rement en dentelle est issue de la collection 2024 de Berta et sera disponible exclusivement chez Koonings \u00e0 partir du printemps 2024. La robe comporte des manches sp\u00e9ciales qui sont de la m\u00eame dentelle que l&#039;ensemble de la robe. La silhouette \u00e9l\u00e9gante et le dos transparent donnent \u00e0 cette robe une touche sexy, tout comme la jupe romantique en dentelle qui se termine par une magnifique tra\u00eene courte.\" \/>\n<meta name=\"robots\" content=\"index, follow, max-snippet:-1, max-image-preview:large, max-video-preview:-1\" \/>\n<link rel=\"canonical\" href=\"https:\/\/www.koonings.com\/fr\/product\/muse-by-berta-24-04\/\" \/>\n<meta property=\"og:locale\" content=\"fr_FR\" \/>\n<meta property=\"og:type\" content=\"article\" \/>\n<meta property=\"og:title\" content=\"Muse de Berta 24-04 | Koonings\" \/>\n<meta property=\"og:description\" content=\"Cette magnifique sir\u00e8ne doubl\u00e9e enti\u00e8rement en dentelle est issue de la collection 2024 de Berta et sera disponible exclusivement chez Koonings \u00e0 partir du printemps 2024. La robe comporte des manches sp\u00e9ciales qui sont de la m\u00eame dentelle que l&#039;ensemble de la robe. La silhouette \u00e9l\u00e9gante et le dos transparent donnent \u00e0 cette robe une touche sexy, tout comme la jupe romantique en dentelle qui se termine par une magnifique tra\u00eene courte.\" \/>\n<meta property=\"og:url\" content=\"https:\/\/www.koonings.com\/fr\/product\/muse-by-berta-24-04\/\" \/>\n<meta property=\"og:site_name\" content=\"Koonings\" \/>\n<meta property=\"article:publisher\" content=\"https:\/\/www.facebook.com\/kooningstheweddingpalace\" \/>\n<meta property=\"og:image\" content=\"https:\/\/www.koonings.com\/wp-content\/uploads\/2024\/11\/39870_1dea83d342e70c6dcefb4f1124dd03b920bd7465125bb3705742116ff71ca6a22e1b41c9-scaled.jpeg\" \/>\n\t<meta property=\"og:image:width\" content=\"1810\" \/>\n\t<meta property=\"og:image:height\" content=\"2560\" \/>\n\t<meta property=\"og:image:type\" content=\"image\/jpeg\" \/>\n<meta name=\"twitter:card\" content=\"summary_large_image\" \/>\n<script type=\"application\/ld+json\" class=\"yoast-schema-graph\">{\"@context\":\"https:\\\/\\\/schema.org\",\"@graph\":[{\"@type\":\"WebPage\",\"@id\":\"https:\\\/\\\/www.koonings.com\\\/fr\\\/product\\\/muse-by-berta-24-04\\\/\",\"url\":\"https:\\\/\\\/www.koonings.com\\\/fr\\\/product\\\/muse-by-berta-24-04\\\/\",\"name\":\"Muse de Berta 24-04 | Koonings\",\"isPartOf\":{\"@id\":\"https:\\\/\\\/www.koonings.com\\\/fr\\\/#website\"},\"primaryImageOfPage\":{\"@id\":\"https:\\\/\\\/www.koonings.com\\\/fr\\\/product\\\/muse-by-berta-24-04\\\/#primaryimage\"},\"image\":{\"@id\":\"https:\\\/\\\/www.koonings.com\\\/fr\\\/product\\\/muse-by-berta-24-04\\\/#primaryimage\"},\"thumbnailUrl\":\"https:\\\/\\\/www.koonings.com\\\/wp-content\\\/uploads\\\/2024\\\/11\\\/39870_1dea83d342e70c6dcefb4f1124dd03b920bd7465125bb3705742116ff71ca6a22e1b41c9-scaled.jpeg\",\"datePublished\":\"2026-04-14T14:16:49+00:00\",\"description\":\"Cette magnifique sir\u00e8ne doubl\u00e9e enti\u00e8rement en dentelle est issue de la collection 2024 de Berta et sera disponible exclusivement chez Koonings \u00e0 partir du printemps 2024. La robe comporte des manches sp\u00e9ciales qui sont de la m\u00eame dentelle que l'ensemble de la robe. La silhouette \u00e9l\u00e9gante et le dos transparent donnent \u00e0 cette robe une touche sexy, tout comme la jupe romantique en dentelle qui se termine par une magnifique tra\u00eene courte.\",\"breadcrumb\":{\"@id\":\"https:\\\/\\\/www.koonings.com\\\/fr\\\/product\\\/muse-by-berta-24-04\\\/#breadcrumb\"},\"inLanguage\":\"fr-FR\",\"potentialAction\":[{\"@type\":\"ReadAction\",\"target\":[\"https:\\\/\\\/www.koonings.com\\\/fr\\\/product\\\/muse-by-berta-24-04\\\/\"]}]},{\"@type\":\"ImageObject\",\"inLanguage\":\"fr-FR\",\"@id\":\"https:\\\/\\\/www.koonings.com\\\/fr\\\/product\\\/muse-by-berta-24-04\\\/#primaryimage\",\"url\":\"https:\\\/\\\/www.koonings.com\\\/wp-content\\\/uploads\\\/2024\\\/11\\\/39870_1dea83d342e70c6dcefb4f1124dd03b920bd7465125bb3705742116ff71ca6a22e1b41c9-scaled.jpeg\",\"contentUrl\":\"https:\\\/\\\/www.koonings.com\\\/wp-content\\\/uploads\\\/2024\\\/11\\\/39870_1dea83d342e70c6dcefb4f1124dd03b920bd7465125bb3705742116ff71ca6a22e1b41c9-scaled.jpeg\",\"width\":1810,\"height\":2560},{\"@type\":\"BreadcrumbList\",\"@id\":\"https:\\\/\\\/www.koonings.com\\\/fr\\\/product\\\/muse-by-berta-24-04\\\/#breadcrumb\",\"itemListElement\":[{\"@type\":\"ListItem\",\"position\":1,\"name\":\"Home\",\"item\":\"https:\\\/\\\/www.koonings.com\\\/fr\\\/\"},{\"@type\":\"ListItem\",\"position\":2,\"name\":\"Muse de Berta 24-04\"}]},{\"@type\":\"WebSite\",\"@id\":\"https:\\\/\\\/www.koonings.com\\\/fr\\\/#website\",\"url\":\"https:\\\/\\\/www.koonings.com\\\/fr\\\/\",\"name\":\"Koonings\",\"description\":\"De grootste bruidsmodewinkel ter wereld\",\"publisher\":{\"@id\":\"https:\\\/\\\/www.koonings.com\\\/fr\\\/#organization\"},\"potentialAction\":[{\"@type\":\"SearchAction\",\"target\":{\"@type\":\"EntryPoint\",\"urlTemplate\":\"https:\\\/\\\/www.koonings.com\\\/fr\\\/?s={search_term_string}\"},\"query-input\":{\"@type\":\"PropertyValueSpecification\",\"valueRequired\":true,\"valueName\":\"search_term_string\"}}],\"inLanguage\":\"fr-FR\"},{\"@type\":\"Organization\",\"@id\":\"https:\\\/\\\/www.koonings.com\\\/fr\\\/#organization\",\"name\":\"Koonings\",\"url\":\"https:\\\/\\\/www.koonings.com\\\/fr\\\/\",\"logo\":{\"@type\":\"ImageObject\",\"inLanguage\":\"fr-FR\",\"@id\":\"https:\\\/\\\/www.koonings.com\\\/fr\\\/#\\\/schema\\\/logo\\\/image\\\/\",\"url\":\"https:\\\/\\\/www.koonings.com\\\/wp-content\\\/uploads\\\/2024\\\/07\\\/logo.png\",\"contentUrl\":\"https:\\\/\\\/www.koonings.com\\\/wp-content\\\/uploads\\\/2024\\\/07\\\/logo.png\",\"width\":600,\"height\":428,\"caption\":\"Koonings\"},\"image\":{\"@id\":\"https:\\\/\\\/www.koonings.com\\\/fr\\\/#\\\/schema\\\/logo\\\/image\\\/\"},\"sameAs\":[\"https:\\\/\\\/www.facebook.com\\\/kooningstheweddingpalace\",\"https:\\\/\\\/www.instagram.com\\\/kooningstheweddingpalace\",\"https:\\\/\\\/www.pinterest.com\\\/koonings\",\"https:\\\/\\\/www.youtube.com\\\/kooningstheweddingpalace\"]}]}<\/script>\n<!-- \/ Yoast SEO plugin. -->","yoast_head_json":{"title":"Muse de Berta 24-04 | Koonings","description":"Cette magnifique sir\u00e8ne doubl\u00e9e enti\u00e8rement en dentelle est issue de la collection 2024 de Berta et sera disponible exclusivement chez Koonings \u00e0 partir du printemps 2024. La robe comporte des manches sp\u00e9ciales qui sont de la m\u00eame dentelle que l'ensemble de la robe. La silhouette \u00e9l\u00e9gante et le dos transparent donnent \u00e0 cette robe une touche sexy, tout comme la jupe romantique en dentelle qui se termine par une magnifique tra\u00eene courte.","robots":{"index":"index","follow":"follow","max-snippet":"max-snippet:-1","max-image-preview":"max-image-preview:large","max-video-preview":"max-video-preview:-1"},"canonical":"https:\/\/www.koonings.com\/fr\/product\/muse-by-berta-24-04\/","og_locale":"fr_FR","og_type":"article","og_title":"Muse de Berta 24-04 | Koonings","og_description":"Cette magnifique sir\u00e8ne doubl\u00e9e enti\u00e8rement en dentelle est issue de la collection 2024 de Berta et sera disponible exclusivement chez Koonings \u00e0 partir du printemps 2024. La robe comporte des manches sp\u00e9ciales qui sont de la m\u00eame dentelle que l'ensemble de la robe. La silhouette \u00e9l\u00e9gante et le dos transparent donnent \u00e0 cette robe une touche sexy, tout comme la jupe romantique en dentelle qui se termine par une magnifique tra\u00eene courte.","og_url":"https:\/\/www.koonings.com\/fr\/product\/muse-by-berta-24-04\/","og_site_name":"Koonings","article_publisher":"https:\/\/www.facebook.com\/kooningstheweddingpalace","og_image":[{"width":1810,"height":2560,"url":"https:\/\/www.koonings.com\/wp-content\/uploads\/2024\/11\/39870_1dea83d342e70c6dcefb4f1124dd03b920bd7465125bb3705742116ff71ca6a22e1b41c9-scaled.jpeg","type":"image\/jpeg"}],"twitter_card":"summary_large_image","schema":{"@context":"https:\/\/schema.org","@graph":[{"@type":"WebPage","@id":"https:\/\/www.koonings.com\/fr\/product\/muse-by-berta-24-04\/","url":"https:\/\/www.koonings.com\/fr\/product\/muse-by-berta-24-04\/","name":"Muse de Berta 24-04 | Koonings","isPartOf":{"@id":"https:\/\/www.koonings.com\/fr\/#website"},"primaryImageOfPage":{"@id":"https:\/\/www.koonings.com\/fr\/product\/muse-by-berta-24-04\/#primaryimage"},"image":{"@id":"https:\/\/www.koonings.com\/fr\/product\/muse-by-berta-24-04\/#primaryimage"},"thumbnailUrl":"https:\/\/www.koonings.com\/wp-content\/uploads\/2024\/11\/39870_1dea83d342e70c6dcefb4f1124dd03b920bd7465125bb3705742116ff71ca6a22e1b41c9-scaled.jpeg","datePublished":"2026-04-14T14:16:49+00:00","description":"Cette magnifique sir\u00e8ne doubl\u00e9e enti\u00e8rement en dentelle est issue de la collection 2024 de Berta et sera disponible exclusivement chez Koonings \u00e0 partir du printemps 2024. La robe comporte des manches sp\u00e9ciales qui sont de la m\u00eame dentelle que l'ensemble de la robe. La silhouette \u00e9l\u00e9gante et le dos transparent donnent \u00e0 cette robe une touche sexy, tout comme la jupe romantique en dentelle qui se termine par une magnifique tra\u00eene courte.","breadcrumb":{"@id":"https:\/\/www.koonings.com\/fr\/product\/muse-by-berta-24-04\/#breadcrumb"},"inLanguage":"fr-FR","potentialAction":[{"@type":"ReadAction","target":["https:\/\/www.koonings.com\/fr\/product\/muse-by-berta-24-04\/"]}]},{"@type":"ImageObject","inLanguage":"fr-FR","@id":"https:\/\/www.koonings.com\/fr\/product\/muse-by-berta-24-04\/#primaryimage","url":"https:\/\/www.koonings.com\/wp-content\/uploads\/2024\/11\/39870_1dea83d342e70c6dcefb4f1124dd03b920bd7465125bb3705742116ff71ca6a22e1b41c9-scaled.jpeg","contentUrl":"https:\/\/www.koonings.com\/wp-content\/uploads\/2024\/11\/39870_1dea83d342e70c6dcefb4f1124dd03b920bd7465125bb3705742116ff71ca6a22e1b41c9-scaled.jpeg","width":1810,"height":2560},{"@type":"BreadcrumbList","@id":"https:\/\/www.koonings.com\/fr\/product\/muse-by-berta-24-04\/#breadcrumb","itemListElement":[{"@type":"ListItem","position":1,"name":"Home","item":"https:\/\/www.koonings.com\/fr\/"},{"@type":"ListItem","position":2,"name":"Muse de Berta 24-04"}]},{"@type":"WebSite","@id":"https:\/\/www.koonings.com\/fr\/#website","url":"https:\/\/www.koonings.com\/fr\/","name":"Koonings","description":"De grootste bruidsmodewinkel ter wereld","publisher":{"@id":"https:\/\/www.koonings.com\/fr\/#organization"},"potentialAction":[{"@type":"SearchAction","target":{"@type":"EntryPoint","urlTemplate":"https:\/\/www.koonings.com\/fr\/?s={search_term_string}"},"query-input":{"@type":"PropertyValueSpecification","valueRequired":true,"valueName":"search_term_string"}}],"inLanguage":"fr-FR"},{"@type":"Organization","@id":"https:\/\/www.koonings.com\/fr\/#organization","name":"Koonings","url":"https:\/\/www.koonings.com\/fr\/","logo":{"@type":"ImageObject","inLanguage":"fr-FR","@id":"https:\/\/www.koonings.com\/fr\/#\/schema\/logo\/image\/","url":"https:\/\/www.koonings.com\/wp-content\/uploads\/2024\/07\/logo.png","contentUrl":"https:\/\/www.koonings.com\/wp-content\/uploads\/2024\/07\/logo.png","width":600,"height":428,"caption":"Koonings"},"image":{"@id":"https:\/\/www.koonings.com\/fr\/#\/schema\/logo\/image\/"},"sameAs":["https:\/\/www.facebook.com\/kooningstheweddingpalace","https:\/\/www.instagram.com\/kooningstheweddingpalace","https:\/\/www.pinterest.com\/koonings","https:\/\/www.youtube.com\/kooningstheweddingpalace"]}]}},"_links":{"self":[{"href":"https:\/\/www.koonings.com\/fr\/wp-json\/wp\/v2\/product\/77764","targetHints":{"allow":["GET"]}}],"collection":[{"href":"https:\/\/www.koonings.com\/fr\/wp-json\/wp\/v2\/product"}],"about":[{"href":"https:\/\/www.koonings.com\/fr\/wp-json\/wp\/v2\/types\/product"}],"wp:featuredmedia":[{"embeddable":true,"href":"https:\/\/www.koonings.com\/fr\/wp-json\/wp\/v2\/media\/43354"}],"wp:attachment":[{"href":"https:\/\/www.koonings.com\/fr\/wp-json\/wp\/v2\/media?parent=77764"}],"wp:term":[{"taxonomy":"productdetails","embeddable":true,"href":"https:\/\/www.koonings.com\/fr\/wp-json\/wp\/v2\/productdetails?post=77764"},{"taxonomy":"productneck","embeddable":true,"href":"https:\/\/www.koonings.com\/fr\/wp-json\/wp\/v2\/productneck?post=77764"},{"taxonomy":"productcolor","embeddable":true,"href":"https:\/\/www.koonings.com\/fr\/wp-json\/wp\/v2\/productcolor?post=77764"},{"taxonomy":"maat","embeddable":true,"href":"https:\/\/www.koonings.com\/fr\/wp-json\/wp\/v2\/maat?post=77764"},{"taxonomy":"productsupplier","embeddable":true,"href":"https:\/\/www.koonings.com\/fr\/wp-json\/wp\/v2\/productsupplier?post=77764"},{"taxonomy":"productsleeve","embeddable":true,"href":"https:\/\/www.koonings.com\/fr\/wp-json\/wp\/v2\/productsleeve?post=77764"},{"taxonomy":"productcategory","embeddable":true,"href":"https:\/\/www.koonings.com\/fr\/wp-json\/wp\/v2\/productcategory?post=77764"},{"taxonomy":"productsilhouette","embeddable":true,"href":"https:\/\/www.koonings.com\/fr\/wp-json\/wp\/v2\/productsilhouette?post=77764"},{"taxonomy":"productstyle","embeddable":true,"href":"https:\/\/www.koonings.com\/fr\/wp-json\/wp\/v2\/productstyle?post=77764"}],"curies":[{"name":"wp","href":"https:\/\/api.w.org\/{rel}","templated":true}]}}