{"id":77760,"date":"2026-04-14T16:16:52","date_gmt":"2026-04-14T14:16:52","guid":{"rendered":"https:\/\/www.koonings.com\/product\/roberto-vicentti-schon-cor-72-24-690\/"},"modified":"2025-06-05T12:25:37","modified_gmt":"2025-06-05T10:25:37","slug":"roberto-vicentti-schon-cor-72-24-690","status":"publish","type":"product","link":"https:\/\/www.koonings.com\/fr\/product\/roberto-vicentti-schon-cor-72-24-690\/","title":{"rendered":"Roberto Vicentti Schon Cor.72.24.690"},"content":{"rendered":"<p>De la collection Koonings The Wedding Palace : un costume de mariage en laine unie beige (SUPER 120&#8217;S). La veste avec revers et deux boutons est combin\u00e9e avec un gilet \u00e0 double rang\u00e9e avec dos en tissu et boutons torsad\u00e9s 3&#215;3, compl\u00e9t\u00e9 par un n\u0153ud papillon et un carr\u00e9 de poche. ROBERTO VICENTTI est le choix du mari\u00e9 moderne qui veut se distinguer lors de son mariage. Avec sa fianc\u00e9e, il brille au centre de cette journ\u00e9e sp\u00e9ciale. Avec une coupe parfaite et des d\u00e9tails de style raffin\u00e9s, un costume Roberto Vicentti offre la combinaison ultime de l&#8217;\u00e9l\u00e9gance et de l&#8217;exclusivit\u00e9.    <\/p>\n","protected":false},"featured_media":81185,"template":"","meta":{"_acf_changed":false,"ghostkit_customizer_options":"","ghostkit_custom_css":"","ghostkit_custom_js_head":"","ghostkit_custom_js_foot":"","ghostkit_typography":""},"productdetails":[],"productneck":[],"productcolor":[454],"maat":[],"productsupplier":[449],"productsleeve":[],"productcategory":[227],"productsilhouette":[],"productstyle":[],"class_list":["post-77760","product","type-product","status-publish","has-post-thumbnail","hentry","productcolor-454","productsupplier-roberto-vicentti","productcategory-kostuum"],"acf":[],"yoast_head":"<!-- This site is optimized with the Yoast SEO plugin v27.3 - https:\/\/yoast.com\/product\/yoast-seo-wordpress\/ -->\n<title>Roberto Vicentti Schon Cor.72.24.690 | Koonings<\/title>\n<meta name=\"description\" content=\"De la collection Koonings The Wedding Palace : un costume de mariage en laine unie beige (SUPER 120&#039;S). La veste avec revers et deux boutons est combin\u00e9e avec un gilet \u00e0 double rang\u00e9e avec dos en tissu et boutons torsad\u00e9s 3x3, compl\u00e9t\u00e9 par un n\u0153ud papillon et un carr\u00e9 de poche. ROBERTO VICENTTI est le choix du mari\u00e9 moderne qui veut se distinguer lors de son mariage. Avec sa fianc\u00e9e, il brille au centre de cette journ\u00e9e sp\u00e9ciale. Avec une coupe parfaite et des d\u00e9tails de style raffin\u00e9s, un costume Roberto Vicentti offre la combinaison ultime de l&#039;\u00e9l\u00e9gance et de l&#039;exclusivit\u00e9.\" \/>\n<meta name=\"robots\" content=\"index, follow, max-snippet:-1, max-image-preview:large, max-video-preview:-1\" \/>\n<link rel=\"canonical\" href=\"https:\/\/www.koonings.com\/fr\/product\/roberto-vicentti-schon-cor-72-24-690\/\" \/>\n<meta property=\"og:locale\" content=\"fr_FR\" \/>\n<meta property=\"og:type\" content=\"article\" \/>\n<meta property=\"og:title\" content=\"Roberto Vicentti Schon Cor.72.24.690 | Koonings\" \/>\n<meta property=\"og:description\" content=\"De la collection Koonings The Wedding Palace : un costume de mariage en laine unie beige (SUPER 120&#039;S). La veste avec revers et deux boutons est combin\u00e9e avec un gilet \u00e0 double rang\u00e9e avec dos en tissu et boutons torsad\u00e9s 3x3, compl\u00e9t\u00e9 par un n\u0153ud papillon et un carr\u00e9 de poche. ROBERTO VICENTTI est le choix du mari\u00e9 moderne qui veut se distinguer lors de son mariage. Avec sa fianc\u00e9e, il brille au centre de cette journ\u00e9e sp\u00e9ciale. Avec une coupe parfaite et des d\u00e9tails de style raffin\u00e9s, un costume Roberto Vicentti offre la combinaison ultime de l&#039;\u00e9l\u00e9gance et de l&#039;exclusivit\u00e9.\" \/>\n<meta property=\"og:url\" content=\"https:\/\/www.koonings.com\/fr\/product\/roberto-vicentti-schon-cor-72-24-690\/\" \/>\n<meta property=\"og:site_name\" content=\"Koonings\" \/>\n<meta property=\"article:publisher\" content=\"https:\/\/www.facebook.com\/kooningstheweddingpalace\" \/>\n<meta property=\"og:image\" content=\"https:\/\/www.koonings.com\/wp-content\/uploads\/2025\/02\/39931_f5c38e92522d623dc0c9795b1f759f31322d8e18e7319bdb295986fcde1081a0a1f72f85-scaled.jpeg\" \/>\n\t<meta property=\"og:image:width\" content=\"1580\" \/>\n\t<meta property=\"og:image:height\" content=\"2560\" \/>\n\t<meta property=\"og:image:type\" content=\"image\/jpeg\" \/>\n<meta name=\"twitter:card\" content=\"summary_large_image\" \/>\n<meta name=\"twitter:label1\" content=\"Dur\u00e9e de lecture estim\u00e9e\" \/>\n\t<meta name=\"twitter:data1\" content=\"1 minute\" \/>\n<script type=\"application\/ld+json\" class=\"yoast-schema-graph\">{\"@context\":\"https:\\\/\\\/schema.org\",\"@graph\":[{\"@type\":\"WebPage\",\"@id\":\"https:\\\/\\\/www.koonings.com\\\/fr\\\/product\\\/roberto-vicentti-schon-cor-72-24-690\\\/\",\"url\":\"https:\\\/\\\/www.koonings.com\\\/fr\\\/product\\\/roberto-vicentti-schon-cor-72-24-690\\\/\",\"name\":\"Roberto Vicentti Schon Cor.72.24.690 | Koonings\",\"isPartOf\":{\"@id\":\"https:\\\/\\\/www.koonings.com\\\/fr\\\/#website\"},\"primaryImageOfPage\":{\"@id\":\"https:\\\/\\\/www.koonings.com\\\/fr\\\/product\\\/roberto-vicentti-schon-cor-72-24-690\\\/#primaryimage\"},\"image\":{\"@id\":\"https:\\\/\\\/www.koonings.com\\\/fr\\\/product\\\/roberto-vicentti-schon-cor-72-24-690\\\/#primaryimage\"},\"thumbnailUrl\":\"https:\\\/\\\/www.koonings.com\\\/wp-content\\\/uploads\\\/2025\\\/02\\\/39931_f5c38e92522d623dc0c9795b1f759f31322d8e18e7319bdb295986fcde1081a0a1f72f85-scaled.jpeg\",\"datePublished\":\"2026-04-14T14:16:52+00:00\",\"description\":\"De la collection Koonings The Wedding Palace : un costume de mariage en laine unie beige (SUPER 120'S). La veste avec revers et deux boutons est combin\u00e9e avec un gilet \u00e0 double rang\u00e9e avec dos en tissu et boutons torsad\u00e9s 3x3, compl\u00e9t\u00e9 par un n\u0153ud papillon et un carr\u00e9 de poche. ROBERTO VICENTTI est le choix du mari\u00e9 moderne qui veut se distinguer lors de son mariage. Avec sa fianc\u00e9e, il brille au centre de cette journ\u00e9e sp\u00e9ciale. Avec une coupe parfaite et des d\u00e9tails de style raffin\u00e9s, un costume Roberto Vicentti offre la combinaison ultime de l'\u00e9l\u00e9gance et de l'exclusivit\u00e9.\",\"breadcrumb\":{\"@id\":\"https:\\\/\\\/www.koonings.com\\\/fr\\\/product\\\/roberto-vicentti-schon-cor-72-24-690\\\/#breadcrumb\"},\"inLanguage\":\"fr-FR\",\"potentialAction\":[{\"@type\":\"ReadAction\",\"target\":[\"https:\\\/\\\/www.koonings.com\\\/fr\\\/product\\\/roberto-vicentti-schon-cor-72-24-690\\\/\"]}]},{\"@type\":\"ImageObject\",\"inLanguage\":\"fr-FR\",\"@id\":\"https:\\\/\\\/www.koonings.com\\\/fr\\\/product\\\/roberto-vicentti-schon-cor-72-24-690\\\/#primaryimage\",\"url\":\"https:\\\/\\\/www.koonings.com\\\/wp-content\\\/uploads\\\/2025\\\/02\\\/39931_f5c38e92522d623dc0c9795b1f759f31322d8e18e7319bdb295986fcde1081a0a1f72f85-scaled.jpeg\",\"contentUrl\":\"https:\\\/\\\/www.koonings.com\\\/wp-content\\\/uploads\\\/2025\\\/02\\\/39931_f5c38e92522d623dc0c9795b1f759f31322d8e18e7319bdb295986fcde1081a0a1f72f85-scaled.jpeg\",\"width\":1580,\"height\":2560},{\"@type\":\"BreadcrumbList\",\"@id\":\"https:\\\/\\\/www.koonings.com\\\/fr\\\/product\\\/roberto-vicentti-schon-cor-72-24-690\\\/#breadcrumb\",\"itemListElement\":[{\"@type\":\"ListItem\",\"position\":1,\"name\":\"Home\",\"item\":\"https:\\\/\\\/www.koonings.com\\\/fr\\\/\"},{\"@type\":\"ListItem\",\"position\":2,\"name\":\"Roberto Vicentti Schon Cor.72.24.690\"}]},{\"@type\":\"WebSite\",\"@id\":\"https:\\\/\\\/www.koonings.com\\\/fr\\\/#website\",\"url\":\"https:\\\/\\\/www.koonings.com\\\/fr\\\/\",\"name\":\"Koonings\",\"description\":\"De grootste bruidsmodewinkel ter wereld\",\"publisher\":{\"@id\":\"https:\\\/\\\/www.koonings.com\\\/fr\\\/#organization\"},\"potentialAction\":[{\"@type\":\"SearchAction\",\"target\":{\"@type\":\"EntryPoint\",\"urlTemplate\":\"https:\\\/\\\/www.koonings.com\\\/fr\\\/?s={search_term_string}\"},\"query-input\":{\"@type\":\"PropertyValueSpecification\",\"valueRequired\":true,\"valueName\":\"search_term_string\"}}],\"inLanguage\":\"fr-FR\"},{\"@type\":\"Organization\",\"@id\":\"https:\\\/\\\/www.koonings.com\\\/fr\\\/#organization\",\"name\":\"Koonings\",\"url\":\"https:\\\/\\\/www.koonings.com\\\/fr\\\/\",\"logo\":{\"@type\":\"ImageObject\",\"inLanguage\":\"fr-FR\",\"@id\":\"https:\\\/\\\/www.koonings.com\\\/fr\\\/#\\\/schema\\\/logo\\\/image\\\/\",\"url\":\"https:\\\/\\\/www.koonings.com\\\/wp-content\\\/uploads\\\/2024\\\/07\\\/logo.png\",\"contentUrl\":\"https:\\\/\\\/www.koonings.com\\\/wp-content\\\/uploads\\\/2024\\\/07\\\/logo.png\",\"width\":600,\"height\":428,\"caption\":\"Koonings\"},\"image\":{\"@id\":\"https:\\\/\\\/www.koonings.com\\\/fr\\\/#\\\/schema\\\/logo\\\/image\\\/\"},\"sameAs\":[\"https:\\\/\\\/www.facebook.com\\\/kooningstheweddingpalace\",\"https:\\\/\\\/www.instagram.com\\\/kooningstheweddingpalace\",\"https:\\\/\\\/www.pinterest.com\\\/koonings\",\"https:\\\/\\\/www.youtube.com\\\/kooningstheweddingpalace\"]}]}<\/script>\n<!-- \/ Yoast SEO plugin. -->","yoast_head_json":{"title":"Roberto Vicentti Schon Cor.72.24.690 | Koonings","description":"De la collection Koonings The Wedding Palace : un costume de mariage en laine unie beige (SUPER 120'S). La veste avec revers et deux boutons est combin\u00e9e avec un gilet \u00e0 double rang\u00e9e avec dos en tissu et boutons torsad\u00e9s 3x3, compl\u00e9t\u00e9 par un n\u0153ud papillon et un carr\u00e9 de poche. ROBERTO VICENTTI est le choix du mari\u00e9 moderne qui veut se distinguer lors de son mariage. Avec sa fianc\u00e9e, il brille au centre de cette journ\u00e9e sp\u00e9ciale. Avec une coupe parfaite et des d\u00e9tails de style raffin\u00e9s, un costume Roberto Vicentti offre la combinaison ultime de l'\u00e9l\u00e9gance et de l'exclusivit\u00e9.","robots":{"index":"index","follow":"follow","max-snippet":"max-snippet:-1","max-image-preview":"max-image-preview:large","max-video-preview":"max-video-preview:-1"},"canonical":"https:\/\/www.koonings.com\/fr\/product\/roberto-vicentti-schon-cor-72-24-690\/","og_locale":"fr_FR","og_type":"article","og_title":"Roberto Vicentti Schon Cor.72.24.690 | Koonings","og_description":"De la collection Koonings The Wedding Palace : un costume de mariage en laine unie beige (SUPER 120'S). La veste avec revers et deux boutons est combin\u00e9e avec un gilet \u00e0 double rang\u00e9e avec dos en tissu et boutons torsad\u00e9s 3x3, compl\u00e9t\u00e9 par un n\u0153ud papillon et un carr\u00e9 de poche. ROBERTO VICENTTI est le choix du mari\u00e9 moderne qui veut se distinguer lors de son mariage. Avec sa fianc\u00e9e, il brille au centre de cette journ\u00e9e sp\u00e9ciale. Avec une coupe parfaite et des d\u00e9tails de style raffin\u00e9s, un costume Roberto Vicentti offre la combinaison ultime de l'\u00e9l\u00e9gance et de l'exclusivit\u00e9.","og_url":"https:\/\/www.koonings.com\/fr\/product\/roberto-vicentti-schon-cor-72-24-690\/","og_site_name":"Koonings","article_publisher":"https:\/\/www.facebook.com\/kooningstheweddingpalace","og_image":[{"width":1580,"height":2560,"url":"https:\/\/www.koonings.com\/wp-content\/uploads\/2025\/02\/39931_f5c38e92522d623dc0c9795b1f759f31322d8e18e7319bdb295986fcde1081a0a1f72f85-scaled.jpeg","type":"image\/jpeg"}],"twitter_card":"summary_large_image","twitter_misc":{"Dur\u00e9e de lecture estim\u00e9e":"1 minute"},"schema":{"@context":"https:\/\/schema.org","@graph":[{"@type":"WebPage","@id":"https:\/\/www.koonings.com\/fr\/product\/roberto-vicentti-schon-cor-72-24-690\/","url":"https:\/\/www.koonings.com\/fr\/product\/roberto-vicentti-schon-cor-72-24-690\/","name":"Roberto Vicentti Schon Cor.72.24.690 | Koonings","isPartOf":{"@id":"https:\/\/www.koonings.com\/fr\/#website"},"primaryImageOfPage":{"@id":"https:\/\/www.koonings.com\/fr\/product\/roberto-vicentti-schon-cor-72-24-690\/#primaryimage"},"image":{"@id":"https:\/\/www.koonings.com\/fr\/product\/roberto-vicentti-schon-cor-72-24-690\/#primaryimage"},"thumbnailUrl":"https:\/\/www.koonings.com\/wp-content\/uploads\/2025\/02\/39931_f5c38e92522d623dc0c9795b1f759f31322d8e18e7319bdb295986fcde1081a0a1f72f85-scaled.jpeg","datePublished":"2026-04-14T14:16:52+00:00","description":"De la collection Koonings The Wedding Palace : un costume de mariage en laine unie beige (SUPER 120'S). La veste avec revers et deux boutons est combin\u00e9e avec un gilet \u00e0 double rang\u00e9e avec dos en tissu et boutons torsad\u00e9s 3x3, compl\u00e9t\u00e9 par un n\u0153ud papillon et un carr\u00e9 de poche. ROBERTO VICENTTI est le choix du mari\u00e9 moderne qui veut se distinguer lors de son mariage. Avec sa fianc\u00e9e, il brille au centre de cette journ\u00e9e sp\u00e9ciale. Avec une coupe parfaite et des d\u00e9tails de style raffin\u00e9s, un costume Roberto Vicentti offre la combinaison ultime de l'\u00e9l\u00e9gance et de l'exclusivit\u00e9.","breadcrumb":{"@id":"https:\/\/www.koonings.com\/fr\/product\/roberto-vicentti-schon-cor-72-24-690\/#breadcrumb"},"inLanguage":"fr-FR","potentialAction":[{"@type":"ReadAction","target":["https:\/\/www.koonings.com\/fr\/product\/roberto-vicentti-schon-cor-72-24-690\/"]}]},{"@type":"ImageObject","inLanguage":"fr-FR","@id":"https:\/\/www.koonings.com\/fr\/product\/roberto-vicentti-schon-cor-72-24-690\/#primaryimage","url":"https:\/\/www.koonings.com\/wp-content\/uploads\/2025\/02\/39931_f5c38e92522d623dc0c9795b1f759f31322d8e18e7319bdb295986fcde1081a0a1f72f85-scaled.jpeg","contentUrl":"https:\/\/www.koonings.com\/wp-content\/uploads\/2025\/02\/39931_f5c38e92522d623dc0c9795b1f759f31322d8e18e7319bdb295986fcde1081a0a1f72f85-scaled.jpeg","width":1580,"height":2560},{"@type":"BreadcrumbList","@id":"https:\/\/www.koonings.com\/fr\/product\/roberto-vicentti-schon-cor-72-24-690\/#breadcrumb","itemListElement":[{"@type":"ListItem","position":1,"name":"Home","item":"https:\/\/www.koonings.com\/fr\/"},{"@type":"ListItem","position":2,"name":"Roberto Vicentti Schon Cor.72.24.690"}]},{"@type":"WebSite","@id":"https:\/\/www.koonings.com\/fr\/#website","url":"https:\/\/www.koonings.com\/fr\/","name":"Koonings","description":"De grootste bruidsmodewinkel ter wereld","publisher":{"@id":"https:\/\/www.koonings.com\/fr\/#organization"},"potentialAction":[{"@type":"SearchAction","target":{"@type":"EntryPoint","urlTemplate":"https:\/\/www.koonings.com\/fr\/?s={search_term_string}"},"query-input":{"@type":"PropertyValueSpecification","valueRequired":true,"valueName":"search_term_string"}}],"inLanguage":"fr-FR"},{"@type":"Organization","@id":"https:\/\/www.koonings.com\/fr\/#organization","name":"Koonings","url":"https:\/\/www.koonings.com\/fr\/","logo":{"@type":"ImageObject","inLanguage":"fr-FR","@id":"https:\/\/www.koonings.com\/fr\/#\/schema\/logo\/image\/","url":"https:\/\/www.koonings.com\/wp-content\/uploads\/2024\/07\/logo.png","contentUrl":"https:\/\/www.koonings.com\/wp-content\/uploads\/2024\/07\/logo.png","width":600,"height":428,"caption":"Koonings"},"image":{"@id":"https:\/\/www.koonings.com\/fr\/#\/schema\/logo\/image\/"},"sameAs":["https:\/\/www.facebook.com\/kooningstheweddingpalace","https:\/\/www.instagram.com\/kooningstheweddingpalace","https:\/\/www.pinterest.com\/koonings","https:\/\/www.youtube.com\/kooningstheweddingpalace"]}]}},"_links":{"self":[{"href":"https:\/\/www.koonings.com\/fr\/wp-json\/wp\/v2\/product\/77760","targetHints":{"allow":["GET"]}}],"collection":[{"href":"https:\/\/www.koonings.com\/fr\/wp-json\/wp\/v2\/product"}],"about":[{"href":"https:\/\/www.koonings.com\/fr\/wp-json\/wp\/v2\/types\/product"}],"wp:featuredmedia":[{"embeddable":true,"href":"https:\/\/www.koonings.com\/fr\/wp-json\/wp\/v2\/media\/81185"}],"wp:attachment":[{"href":"https:\/\/www.koonings.com\/fr\/wp-json\/wp\/v2\/media?parent=77760"}],"wp:term":[{"taxonomy":"productdetails","embeddable":true,"href":"https:\/\/www.koonings.com\/fr\/wp-json\/wp\/v2\/productdetails?post=77760"},{"taxonomy":"productneck","embeddable":true,"href":"https:\/\/www.koonings.com\/fr\/wp-json\/wp\/v2\/productneck?post=77760"},{"taxonomy":"productcolor","embeddable":true,"href":"https:\/\/www.koonings.com\/fr\/wp-json\/wp\/v2\/productcolor?post=77760"},{"taxonomy":"maat","embeddable":true,"href":"https:\/\/www.koonings.com\/fr\/wp-json\/wp\/v2\/maat?post=77760"},{"taxonomy":"productsupplier","embeddable":true,"href":"https:\/\/www.koonings.com\/fr\/wp-json\/wp\/v2\/productsupplier?post=77760"},{"taxonomy":"productsleeve","embeddable":true,"href":"https:\/\/www.koonings.com\/fr\/wp-json\/wp\/v2\/productsleeve?post=77760"},{"taxonomy":"productcategory","embeddable":true,"href":"https:\/\/www.koonings.com\/fr\/wp-json\/wp\/v2\/productcategory?post=77760"},{"taxonomy":"productsilhouette","embeddable":true,"href":"https:\/\/www.koonings.com\/fr\/wp-json\/wp\/v2\/productsilhouette?post=77760"},{"taxonomy":"productstyle","embeddable":true,"href":"https:\/\/www.koonings.com\/fr\/wp-json\/wp\/v2\/productstyle?post=77760"}],"curies":[{"name":"wp","href":"https:\/\/api.w.org\/{rel}","templated":true}]}}