{"id":77755,"date":"2026-04-21T18:16:35","date_gmt":"2026-04-21T16:16:35","guid":{"rendered":"https:\/\/www.koonings.com\/product\/roberto-vicentti-sebastian-cor-09-24\/"},"modified":"2026-02-13T12:02:05","modified_gmt":"2026-02-13T11:02:05","slug":"roberto-vicentti-sebastian-cor-09-24","status":"publish","type":"product","link":"https:\/\/www.koonings.com\/fr\/product\/roberto-vicentti-sebastian-cor-09-24\/","title":{"rendered":"Roberto Vicentti Sebastian Cor.09.24."},"content":{"rendered":"<p>La collection contemporaine de costumes de mariage de Roberto Vicentti est d&#8217;une grande subtilit\u00e9. Les costumes de mariage pour le jeune mari\u00e9 moderne, r\u00e9alis\u00e9s dans les tissus les plus fins, donnent \u00e0 ce costume de mariage l&#8217;allure parfaite pour votre mariage. Jetez un coup d&#8217;\u0153il \u00e0 notre collection ici et prenez rendez-vous sans engagement.  <\/p>\n","protected":false},"featured_media":21957,"template":"","meta":{"_acf_changed":false,"ghostkit_customizer_options":"","ghostkit_custom_css":"","ghostkit_custom_js_head":"","ghostkit_custom_js_foot":"","ghostkit_typography":""},"productdetails":[],"productneck":[],"productcolor":[450],"maat":[],"productsupplier":[449],"productsleeve":[],"productcategory":[227],"productsilhouette":[],"productstyle":[],"class_list":["post-77755","product","type-product","status-publish","has-post-thumbnail","hentry","productcolor-450","productsupplier-roberto-vicentti","productcategory-kostuum"],"acf":[],"yoast_head":"<!-- This site is optimized with the Yoast SEO plugin v27.3 - https:\/\/yoast.com\/product\/yoast-seo-wordpress\/ -->\n<title>Roberto Vicentti Sebastian Cor.09.24. | Koonings<\/title>\n<meta name=\"description\" content=\"La collection contemporaine de costumes de mariage de Roberto Vicentti est d&#039;une grande subtilit\u00e9. Les costumes de mariage pour le jeune mari\u00e9 moderne, r\u00e9alis\u00e9s dans les tissus les plus fins, donnent \u00e0 ce costume de mariage l&#039;allure parfaite pour votre mariage. Jetez un coup d&#039;\u0153il \u00e0 notre collection ici et prenez rendez-vous sans engagement.\" \/>\n<meta name=\"robots\" content=\"index, follow, max-snippet:-1, max-image-preview:large, max-video-preview:-1\" \/>\n<link rel=\"canonical\" href=\"https:\/\/www.koonings.com\/fr\/product\/roberto-vicentti-sebastian-cor-09-24\/\" \/>\n<meta property=\"og:locale\" content=\"fr_FR\" \/>\n<meta property=\"og:type\" content=\"article\" \/>\n<meta property=\"og:title\" content=\"Roberto Vicentti Sebastian Cor.09.24. | Koonings\" \/>\n<meta property=\"og:description\" content=\"La collection contemporaine de costumes de mariage de Roberto Vicentti est d&#039;une grande subtilit\u00e9. Les costumes de mariage pour le jeune mari\u00e9 moderne, r\u00e9alis\u00e9s dans les tissus les plus fins, donnent \u00e0 ce costume de mariage l&#039;allure parfaite pour votre mariage. Jetez un coup d&#039;\u0153il \u00e0 notre collection ici et prenez rendez-vous sans engagement.\" \/>\n<meta property=\"og:url\" content=\"https:\/\/www.koonings.com\/fr\/product\/roberto-vicentti-sebastian-cor-09-24\/\" \/>\n<meta property=\"og:site_name\" content=\"Koonings\" \/>\n<meta property=\"article:publisher\" content=\"https:\/\/www.facebook.com\/kooningstheweddingpalace\" \/>\n<meta property=\"og:image\" content=\"https:\/\/www.koonings.com\/wp-content\/uploads\/2024\/08\/39930_002b51cdc04435545ac09b6d3229f3207e44b18228495a55e3d991daf167bf02751f3829.jpeg\" \/>\n\t<meta property=\"og:image:width\" content=\"398\" \/>\n\t<meta property=\"og:image:height\" content=\"708\" \/>\n\t<meta property=\"og:image:type\" content=\"image\/jpeg\" \/>\n<meta name=\"twitter:card\" content=\"summary_large_image\" \/>\n<script type=\"application\/ld+json\" class=\"yoast-schema-graph\">{\"@context\":\"https:\\\/\\\/schema.org\",\"@graph\":[{\"@type\":\"WebPage\",\"@id\":\"https:\\\/\\\/www.koonings.com\\\/fr\\\/product\\\/roberto-vicentti-sebastian-cor-09-24\\\/\",\"url\":\"https:\\\/\\\/www.koonings.com\\\/fr\\\/product\\\/roberto-vicentti-sebastian-cor-09-24\\\/\",\"name\":\"Roberto Vicentti Sebastian Cor.09.24. | Koonings\",\"isPartOf\":{\"@id\":\"https:\\\/\\\/www.koonings.com\\\/fr\\\/#website\"},\"primaryImageOfPage\":{\"@id\":\"https:\\\/\\\/www.koonings.com\\\/fr\\\/product\\\/roberto-vicentti-sebastian-cor-09-24\\\/#primaryimage\"},\"image\":{\"@id\":\"https:\\\/\\\/www.koonings.com\\\/fr\\\/product\\\/roberto-vicentti-sebastian-cor-09-24\\\/#primaryimage\"},\"thumbnailUrl\":\"https:\\\/\\\/www.koonings.com\\\/wp-content\\\/uploads\\\/2024\\\/08\\\/39930_002b51cdc04435545ac09b6d3229f3207e44b18228495a55e3d991daf167bf02751f3829.jpeg\",\"datePublished\":\"2026-04-21T16:16:35+00:00\",\"description\":\"La collection contemporaine de costumes de mariage de Roberto Vicentti est d'une grande subtilit\u00e9. Les costumes de mariage pour le jeune mari\u00e9 moderne, r\u00e9alis\u00e9s dans les tissus les plus fins, donnent \u00e0 ce costume de mariage l'allure parfaite pour votre mariage. Jetez un coup d'\u0153il \u00e0 notre collection ici et prenez rendez-vous sans engagement.\",\"breadcrumb\":{\"@id\":\"https:\\\/\\\/www.koonings.com\\\/fr\\\/product\\\/roberto-vicentti-sebastian-cor-09-24\\\/#breadcrumb\"},\"inLanguage\":\"fr-FR\",\"potentialAction\":[{\"@type\":\"ReadAction\",\"target\":[\"https:\\\/\\\/www.koonings.com\\\/fr\\\/product\\\/roberto-vicentti-sebastian-cor-09-24\\\/\"]}]},{\"@type\":\"ImageObject\",\"inLanguage\":\"fr-FR\",\"@id\":\"https:\\\/\\\/www.koonings.com\\\/fr\\\/product\\\/roberto-vicentti-sebastian-cor-09-24\\\/#primaryimage\",\"url\":\"https:\\\/\\\/www.koonings.com\\\/wp-content\\\/uploads\\\/2024\\\/08\\\/39930_002b51cdc04435545ac09b6d3229f3207e44b18228495a55e3d991daf167bf02751f3829.jpeg\",\"contentUrl\":\"https:\\\/\\\/www.koonings.com\\\/wp-content\\\/uploads\\\/2024\\\/08\\\/39930_002b51cdc04435545ac09b6d3229f3207e44b18228495a55e3d991daf167bf02751f3829.jpeg\",\"width\":398,\"height\":708},{\"@type\":\"BreadcrumbList\",\"@id\":\"https:\\\/\\\/www.koonings.com\\\/fr\\\/product\\\/roberto-vicentti-sebastian-cor-09-24\\\/#breadcrumb\",\"itemListElement\":[{\"@type\":\"ListItem\",\"position\":1,\"name\":\"Home\",\"item\":\"https:\\\/\\\/www.koonings.com\\\/fr\\\/\"},{\"@type\":\"ListItem\",\"position\":2,\"name\":\"Roberto Vicentti Sebastian Cor.09.24.\"}]},{\"@type\":\"WebSite\",\"@id\":\"https:\\\/\\\/www.koonings.com\\\/fr\\\/#website\",\"url\":\"https:\\\/\\\/www.koonings.com\\\/fr\\\/\",\"name\":\"Koonings\",\"description\":\"De grootste bruidsmodewinkel ter wereld\",\"publisher\":{\"@id\":\"https:\\\/\\\/www.koonings.com\\\/fr\\\/#organization\"},\"potentialAction\":[{\"@type\":\"SearchAction\",\"target\":{\"@type\":\"EntryPoint\",\"urlTemplate\":\"https:\\\/\\\/www.koonings.com\\\/fr\\\/?s={search_term_string}\"},\"query-input\":{\"@type\":\"PropertyValueSpecification\",\"valueRequired\":true,\"valueName\":\"search_term_string\"}}],\"inLanguage\":\"fr-FR\"},{\"@type\":\"Organization\",\"@id\":\"https:\\\/\\\/www.koonings.com\\\/fr\\\/#organization\",\"name\":\"Koonings\",\"url\":\"https:\\\/\\\/www.koonings.com\\\/fr\\\/\",\"logo\":{\"@type\":\"ImageObject\",\"inLanguage\":\"fr-FR\",\"@id\":\"https:\\\/\\\/www.koonings.com\\\/fr\\\/#\\\/schema\\\/logo\\\/image\\\/\",\"url\":\"https:\\\/\\\/www.koonings.com\\\/wp-content\\\/uploads\\\/2024\\\/07\\\/logo.png\",\"contentUrl\":\"https:\\\/\\\/www.koonings.com\\\/wp-content\\\/uploads\\\/2024\\\/07\\\/logo.png\",\"width\":600,\"height\":428,\"caption\":\"Koonings\"},\"image\":{\"@id\":\"https:\\\/\\\/www.koonings.com\\\/fr\\\/#\\\/schema\\\/logo\\\/image\\\/\"},\"sameAs\":[\"https:\\\/\\\/www.facebook.com\\\/kooningstheweddingpalace\",\"https:\\\/\\\/www.instagram.com\\\/kooningstheweddingpalace\",\"https:\\\/\\\/www.pinterest.com\\\/koonings\",\"https:\\\/\\\/www.youtube.com\\\/kooningstheweddingpalace\"]}]}<\/script>\n<!-- \/ Yoast SEO plugin. -->","yoast_head_json":{"title":"Roberto Vicentti Sebastian Cor.09.24. | Koonings","description":"La collection contemporaine de costumes de mariage de Roberto Vicentti est d'une grande subtilit\u00e9. Les costumes de mariage pour le jeune mari\u00e9 moderne, r\u00e9alis\u00e9s dans les tissus les plus fins, donnent \u00e0 ce costume de mariage l'allure parfaite pour votre mariage. Jetez un coup d'\u0153il \u00e0 notre collection ici et prenez rendez-vous sans engagement.","robots":{"index":"index","follow":"follow","max-snippet":"max-snippet:-1","max-image-preview":"max-image-preview:large","max-video-preview":"max-video-preview:-1"},"canonical":"https:\/\/www.koonings.com\/fr\/product\/roberto-vicentti-sebastian-cor-09-24\/","og_locale":"fr_FR","og_type":"article","og_title":"Roberto Vicentti Sebastian Cor.09.24. | Koonings","og_description":"La collection contemporaine de costumes de mariage de Roberto Vicentti est d'une grande subtilit\u00e9. Les costumes de mariage pour le jeune mari\u00e9 moderne, r\u00e9alis\u00e9s dans les tissus les plus fins, donnent \u00e0 ce costume de mariage l'allure parfaite pour votre mariage. Jetez un coup d'\u0153il \u00e0 notre collection ici et prenez rendez-vous sans engagement.","og_url":"https:\/\/www.koonings.com\/fr\/product\/roberto-vicentti-sebastian-cor-09-24\/","og_site_name":"Koonings","article_publisher":"https:\/\/www.facebook.com\/kooningstheweddingpalace","og_image":[{"width":398,"height":708,"url":"https:\/\/www.koonings.com\/wp-content\/uploads\/2024\/08\/39930_002b51cdc04435545ac09b6d3229f3207e44b18228495a55e3d991daf167bf02751f3829.jpeg","type":"image\/jpeg"}],"twitter_card":"summary_large_image","schema":{"@context":"https:\/\/schema.org","@graph":[{"@type":"WebPage","@id":"https:\/\/www.koonings.com\/fr\/product\/roberto-vicentti-sebastian-cor-09-24\/","url":"https:\/\/www.koonings.com\/fr\/product\/roberto-vicentti-sebastian-cor-09-24\/","name":"Roberto Vicentti Sebastian Cor.09.24. | Koonings","isPartOf":{"@id":"https:\/\/www.koonings.com\/fr\/#website"},"primaryImageOfPage":{"@id":"https:\/\/www.koonings.com\/fr\/product\/roberto-vicentti-sebastian-cor-09-24\/#primaryimage"},"image":{"@id":"https:\/\/www.koonings.com\/fr\/product\/roberto-vicentti-sebastian-cor-09-24\/#primaryimage"},"thumbnailUrl":"https:\/\/www.koonings.com\/wp-content\/uploads\/2024\/08\/39930_002b51cdc04435545ac09b6d3229f3207e44b18228495a55e3d991daf167bf02751f3829.jpeg","datePublished":"2026-04-21T16:16:35+00:00","description":"La collection contemporaine de costumes de mariage de Roberto Vicentti est d'une grande subtilit\u00e9. Les costumes de mariage pour le jeune mari\u00e9 moderne, r\u00e9alis\u00e9s dans les tissus les plus fins, donnent \u00e0 ce costume de mariage l'allure parfaite pour votre mariage. Jetez un coup d'\u0153il \u00e0 notre collection ici et prenez rendez-vous sans engagement.","breadcrumb":{"@id":"https:\/\/www.koonings.com\/fr\/product\/roberto-vicentti-sebastian-cor-09-24\/#breadcrumb"},"inLanguage":"fr-FR","potentialAction":[{"@type":"ReadAction","target":["https:\/\/www.koonings.com\/fr\/product\/roberto-vicentti-sebastian-cor-09-24\/"]}]},{"@type":"ImageObject","inLanguage":"fr-FR","@id":"https:\/\/www.koonings.com\/fr\/product\/roberto-vicentti-sebastian-cor-09-24\/#primaryimage","url":"https:\/\/www.koonings.com\/wp-content\/uploads\/2024\/08\/39930_002b51cdc04435545ac09b6d3229f3207e44b18228495a55e3d991daf167bf02751f3829.jpeg","contentUrl":"https:\/\/www.koonings.com\/wp-content\/uploads\/2024\/08\/39930_002b51cdc04435545ac09b6d3229f3207e44b18228495a55e3d991daf167bf02751f3829.jpeg","width":398,"height":708},{"@type":"BreadcrumbList","@id":"https:\/\/www.koonings.com\/fr\/product\/roberto-vicentti-sebastian-cor-09-24\/#breadcrumb","itemListElement":[{"@type":"ListItem","position":1,"name":"Home","item":"https:\/\/www.koonings.com\/fr\/"},{"@type":"ListItem","position":2,"name":"Roberto Vicentti Sebastian Cor.09.24."}]},{"@type":"WebSite","@id":"https:\/\/www.koonings.com\/fr\/#website","url":"https:\/\/www.koonings.com\/fr\/","name":"Koonings","description":"De grootste bruidsmodewinkel ter wereld","publisher":{"@id":"https:\/\/www.koonings.com\/fr\/#organization"},"potentialAction":[{"@type":"SearchAction","target":{"@type":"EntryPoint","urlTemplate":"https:\/\/www.koonings.com\/fr\/?s={search_term_string}"},"query-input":{"@type":"PropertyValueSpecification","valueRequired":true,"valueName":"search_term_string"}}],"inLanguage":"fr-FR"},{"@type":"Organization","@id":"https:\/\/www.koonings.com\/fr\/#organization","name":"Koonings","url":"https:\/\/www.koonings.com\/fr\/","logo":{"@type":"ImageObject","inLanguage":"fr-FR","@id":"https:\/\/www.koonings.com\/fr\/#\/schema\/logo\/image\/","url":"https:\/\/www.koonings.com\/wp-content\/uploads\/2024\/07\/logo.png","contentUrl":"https:\/\/www.koonings.com\/wp-content\/uploads\/2024\/07\/logo.png","width":600,"height":428,"caption":"Koonings"},"image":{"@id":"https:\/\/www.koonings.com\/fr\/#\/schema\/logo\/image\/"},"sameAs":["https:\/\/www.facebook.com\/kooningstheweddingpalace","https:\/\/www.instagram.com\/kooningstheweddingpalace","https:\/\/www.pinterest.com\/koonings","https:\/\/www.youtube.com\/kooningstheweddingpalace"]}]}},"_links":{"self":[{"href":"https:\/\/www.koonings.com\/fr\/wp-json\/wp\/v2\/product\/77755","targetHints":{"allow":["GET"]}}],"collection":[{"href":"https:\/\/www.koonings.com\/fr\/wp-json\/wp\/v2\/product"}],"about":[{"href":"https:\/\/www.koonings.com\/fr\/wp-json\/wp\/v2\/types\/product"}],"wp:featuredmedia":[{"embeddable":true,"href":"https:\/\/www.koonings.com\/fr\/wp-json\/wp\/v2\/media\/21957"}],"wp:attachment":[{"href":"https:\/\/www.koonings.com\/fr\/wp-json\/wp\/v2\/media?parent=77755"}],"wp:term":[{"taxonomy":"productdetails","embeddable":true,"href":"https:\/\/www.koonings.com\/fr\/wp-json\/wp\/v2\/productdetails?post=77755"},{"taxonomy":"productneck","embeddable":true,"href":"https:\/\/www.koonings.com\/fr\/wp-json\/wp\/v2\/productneck?post=77755"},{"taxonomy":"productcolor","embeddable":true,"href":"https:\/\/www.koonings.com\/fr\/wp-json\/wp\/v2\/productcolor?post=77755"},{"taxonomy":"maat","embeddable":true,"href":"https:\/\/www.koonings.com\/fr\/wp-json\/wp\/v2\/maat?post=77755"},{"taxonomy":"productsupplier","embeddable":true,"href":"https:\/\/www.koonings.com\/fr\/wp-json\/wp\/v2\/productsupplier?post=77755"},{"taxonomy":"productsleeve","embeddable":true,"href":"https:\/\/www.koonings.com\/fr\/wp-json\/wp\/v2\/productsleeve?post=77755"},{"taxonomy":"productcategory","embeddable":true,"href":"https:\/\/www.koonings.com\/fr\/wp-json\/wp\/v2\/productcategory?post=77755"},{"taxonomy":"productsilhouette","embeddable":true,"href":"https:\/\/www.koonings.com\/fr\/wp-json\/wp\/v2\/productsilhouette?post=77755"},{"taxonomy":"productstyle","embeddable":true,"href":"https:\/\/www.koonings.com\/fr\/wp-json\/wp\/v2\/productstyle?post=77755"}],"curies":[{"name":"wp","href":"https:\/\/api.w.org\/{rel}","templated":true}]}}