{"id":77741,"date":"2026-04-14T16:18:10","date_gmt":"2026-04-14T14:18:10","guid":{"rendered":"https:\/\/www.koonings.com\/product\/roberto-vicentti-shon-cor-68-24-480\/"},"modified":"2025-06-05T12:19:53","modified_gmt":"2025-06-05T10:19:53","slug":"roberto-vicentti-shon-cor-68-24-480","status":"publish","type":"product","link":"https:\/\/www.koonings.com\/fr\/product\/roberto-vicentti-shon-cor-68-24-480\/","title":{"rendered":"Roberto Vicentti Shon Cor 68.24.480"},"content":{"rendered":"<p>De la collection Koonings The Wedding Palace : un costume de mariage en laine unie bordeaux (SUPER 120&#8217;S). La veste \u00e0 revers avec deux boutons est \u00e9l\u00e9gamment associ\u00e9e \u00e0 un gilet \u00e0 double rang\u00e9e avec un dos en tissu et des boutons torsad\u00e9s 3&#215;3. L&#8217;ensemble est compl\u00e9t\u00e9 par un n\u0153ud papillon et un carr\u00e9 de poche pour une finition \u00e9l\u00e9gante.  <\/p>\n","protected":false},"featured_media":70223,"template":"","meta":{"_acf_changed":false,"ghostkit_customizer_options":"","ghostkit_custom_css":"","ghostkit_custom_js_head":"","ghostkit_custom_js_foot":"","ghostkit_typography":""},"productdetails":[],"productneck":[],"productcolor":[456],"maat":[],"productsupplier":[449],"productsleeve":[],"productcategory":[227],"productsilhouette":[],"productstyle":[],"class_list":["post-77741","product","type-product","status-publish","has-post-thumbnail","hentry","productcolor-456","productsupplier-roberto-vicentti","productcategory-kostuum"],"acf":[],"yoast_head":"<!-- This site is optimized with the Yoast SEO plugin v27.3 - https:\/\/yoast.com\/product\/yoast-seo-wordpress\/ -->\n<title>Roberto Vicentti Shon Cor 68.24.480 | Koonings<\/title>\n<meta name=\"description\" content=\"De la collection Koonings The Wedding Palace : un costume de mariage en laine unie bordeaux (SUPER 120&#039;S). La veste \u00e0 revers avec deux boutons est \u00e9l\u00e9gamment associ\u00e9e \u00e0 un gilet \u00e0 double rang\u00e9e avec un dos en tissu et des boutons torsad\u00e9s 3x3. L&#039;ensemble est compl\u00e9t\u00e9 par un n\u0153ud papillon et un carr\u00e9 de poche pour une finition \u00e9l\u00e9gante.\" \/>\n<meta name=\"robots\" content=\"index, follow, max-snippet:-1, max-image-preview:large, max-video-preview:-1\" \/>\n<link rel=\"canonical\" href=\"https:\/\/www.koonings.com\/fr\/product\/roberto-vicentti-shon-cor-68-24-480\/\" \/>\n<meta property=\"og:locale\" content=\"fr_FR\" \/>\n<meta property=\"og:type\" content=\"article\" \/>\n<meta property=\"og:title\" content=\"Roberto Vicentti Shon Cor 68.24.480 | Koonings\" \/>\n<meta property=\"og:description\" content=\"De la collection Koonings The Wedding Palace : un costume de mariage en laine unie bordeaux (SUPER 120&#039;S). La veste \u00e0 revers avec deux boutons est \u00e9l\u00e9gamment associ\u00e9e \u00e0 un gilet \u00e0 double rang\u00e9e avec un dos en tissu et des boutons torsad\u00e9s 3x3. L&#039;ensemble est compl\u00e9t\u00e9 par un n\u0153ud papillon et un carr\u00e9 de poche pour une finition \u00e9l\u00e9gante.\" \/>\n<meta property=\"og:url\" content=\"https:\/\/www.koonings.com\/fr\/product\/roberto-vicentti-shon-cor-68-24-480\/\" \/>\n<meta property=\"og:site_name\" content=\"Koonings\" \/>\n<meta property=\"article:publisher\" content=\"https:\/\/www.facebook.com\/kooningstheweddingpalace\" \/>\n<meta property=\"og:image\" content=\"https:\/\/www.koonings.com\/wp-content\/uploads\/2024\/11\/40097_58e52e2f1340524fd7a003dda813c7f8ecc8e93bfa4490de4fa4b13b197f874f72e0d9a0-scaled.jpeg\" \/>\n\t<meta property=\"og:image:width\" content=\"1810\" \/>\n\t<meta property=\"og:image:height\" content=\"2560\" \/>\n\t<meta property=\"og:image:type\" content=\"image\/jpeg\" \/>\n<meta name=\"twitter:card\" content=\"summary_large_image\" \/>\n<script type=\"application\/ld+json\" class=\"yoast-schema-graph\">{\"@context\":\"https:\\\/\\\/schema.org\",\"@graph\":[{\"@type\":\"WebPage\",\"@id\":\"https:\\\/\\\/www.koonings.com\\\/fr\\\/product\\\/roberto-vicentti-shon-cor-68-24-480\\\/\",\"url\":\"https:\\\/\\\/www.koonings.com\\\/fr\\\/product\\\/roberto-vicentti-shon-cor-68-24-480\\\/\",\"name\":\"Roberto Vicentti Shon Cor 68.24.480 | Koonings\",\"isPartOf\":{\"@id\":\"https:\\\/\\\/www.koonings.com\\\/fr\\\/#website\"},\"primaryImageOfPage\":{\"@id\":\"https:\\\/\\\/www.koonings.com\\\/fr\\\/product\\\/roberto-vicentti-shon-cor-68-24-480\\\/#primaryimage\"},\"image\":{\"@id\":\"https:\\\/\\\/www.koonings.com\\\/fr\\\/product\\\/roberto-vicentti-shon-cor-68-24-480\\\/#primaryimage\"},\"thumbnailUrl\":\"https:\\\/\\\/www.koonings.com\\\/wp-content\\\/uploads\\\/2024\\\/11\\\/40097_58e52e2f1340524fd7a003dda813c7f8ecc8e93bfa4490de4fa4b13b197f874f72e0d9a0-scaled.jpeg\",\"datePublished\":\"2026-04-14T14:18:10+00:00\",\"description\":\"De la collection Koonings The Wedding Palace : un costume de mariage en laine unie bordeaux (SUPER 120'S). La veste \u00e0 revers avec deux boutons est \u00e9l\u00e9gamment associ\u00e9e \u00e0 un gilet \u00e0 double rang\u00e9e avec un dos en tissu et des boutons torsad\u00e9s 3x3. L'ensemble est compl\u00e9t\u00e9 par un n\u0153ud papillon et un carr\u00e9 de poche pour une finition \u00e9l\u00e9gante.\",\"breadcrumb\":{\"@id\":\"https:\\\/\\\/www.koonings.com\\\/fr\\\/product\\\/roberto-vicentti-shon-cor-68-24-480\\\/#breadcrumb\"},\"inLanguage\":\"fr-FR\",\"potentialAction\":[{\"@type\":\"ReadAction\",\"target\":[\"https:\\\/\\\/www.koonings.com\\\/fr\\\/product\\\/roberto-vicentti-shon-cor-68-24-480\\\/\"]}]},{\"@type\":\"ImageObject\",\"inLanguage\":\"fr-FR\",\"@id\":\"https:\\\/\\\/www.koonings.com\\\/fr\\\/product\\\/roberto-vicentti-shon-cor-68-24-480\\\/#primaryimage\",\"url\":\"https:\\\/\\\/www.koonings.com\\\/wp-content\\\/uploads\\\/2024\\\/11\\\/40097_58e52e2f1340524fd7a003dda813c7f8ecc8e93bfa4490de4fa4b13b197f874f72e0d9a0-scaled.jpeg\",\"contentUrl\":\"https:\\\/\\\/www.koonings.com\\\/wp-content\\\/uploads\\\/2024\\\/11\\\/40097_58e52e2f1340524fd7a003dda813c7f8ecc8e93bfa4490de4fa4b13b197f874f72e0d9a0-scaled.jpeg\",\"width\":1810,\"height\":2560},{\"@type\":\"BreadcrumbList\",\"@id\":\"https:\\\/\\\/www.koonings.com\\\/fr\\\/product\\\/roberto-vicentti-shon-cor-68-24-480\\\/#breadcrumb\",\"itemListElement\":[{\"@type\":\"ListItem\",\"position\":1,\"name\":\"Home\",\"item\":\"https:\\\/\\\/www.koonings.com\\\/fr\\\/\"},{\"@type\":\"ListItem\",\"position\":2,\"name\":\"Roberto Vicentti Shon Cor 68.24.480\"}]},{\"@type\":\"WebSite\",\"@id\":\"https:\\\/\\\/www.koonings.com\\\/fr\\\/#website\",\"url\":\"https:\\\/\\\/www.koonings.com\\\/fr\\\/\",\"name\":\"Koonings\",\"description\":\"De grootste bruidsmodewinkel ter wereld\",\"publisher\":{\"@id\":\"https:\\\/\\\/www.koonings.com\\\/fr\\\/#organization\"},\"potentialAction\":[{\"@type\":\"SearchAction\",\"target\":{\"@type\":\"EntryPoint\",\"urlTemplate\":\"https:\\\/\\\/www.koonings.com\\\/fr\\\/?s={search_term_string}\"},\"query-input\":{\"@type\":\"PropertyValueSpecification\",\"valueRequired\":true,\"valueName\":\"search_term_string\"}}],\"inLanguage\":\"fr-FR\"},{\"@type\":\"Organization\",\"@id\":\"https:\\\/\\\/www.koonings.com\\\/fr\\\/#organization\",\"name\":\"Koonings\",\"url\":\"https:\\\/\\\/www.koonings.com\\\/fr\\\/\",\"logo\":{\"@type\":\"ImageObject\",\"inLanguage\":\"fr-FR\",\"@id\":\"https:\\\/\\\/www.koonings.com\\\/fr\\\/#\\\/schema\\\/logo\\\/image\\\/\",\"url\":\"https:\\\/\\\/www.koonings.com\\\/wp-content\\\/uploads\\\/2024\\\/07\\\/logo.png\",\"contentUrl\":\"https:\\\/\\\/www.koonings.com\\\/wp-content\\\/uploads\\\/2024\\\/07\\\/logo.png\",\"width\":600,\"height\":428,\"caption\":\"Koonings\"},\"image\":{\"@id\":\"https:\\\/\\\/www.koonings.com\\\/fr\\\/#\\\/schema\\\/logo\\\/image\\\/\"},\"sameAs\":[\"https:\\\/\\\/www.facebook.com\\\/kooningstheweddingpalace\",\"https:\\\/\\\/www.instagram.com\\\/kooningstheweddingpalace\",\"https:\\\/\\\/www.pinterest.com\\\/koonings\",\"https:\\\/\\\/www.youtube.com\\\/kooningstheweddingpalace\"]}]}<\/script>\n<!-- \/ Yoast SEO plugin. -->","yoast_head_json":{"title":"Roberto Vicentti Shon Cor 68.24.480 | Koonings","description":"De la collection Koonings The Wedding Palace : un costume de mariage en laine unie bordeaux (SUPER 120'S). La veste \u00e0 revers avec deux boutons est \u00e9l\u00e9gamment associ\u00e9e \u00e0 un gilet \u00e0 double rang\u00e9e avec un dos en tissu et des boutons torsad\u00e9s 3x3. L'ensemble est compl\u00e9t\u00e9 par un n\u0153ud papillon et un carr\u00e9 de poche pour une finition \u00e9l\u00e9gante.","robots":{"index":"index","follow":"follow","max-snippet":"max-snippet:-1","max-image-preview":"max-image-preview:large","max-video-preview":"max-video-preview:-1"},"canonical":"https:\/\/www.koonings.com\/fr\/product\/roberto-vicentti-shon-cor-68-24-480\/","og_locale":"fr_FR","og_type":"article","og_title":"Roberto Vicentti Shon Cor 68.24.480 | Koonings","og_description":"De la collection Koonings The Wedding Palace : un costume de mariage en laine unie bordeaux (SUPER 120'S). La veste \u00e0 revers avec deux boutons est \u00e9l\u00e9gamment associ\u00e9e \u00e0 un gilet \u00e0 double rang\u00e9e avec un dos en tissu et des boutons torsad\u00e9s 3x3. L'ensemble est compl\u00e9t\u00e9 par un n\u0153ud papillon et un carr\u00e9 de poche pour une finition \u00e9l\u00e9gante.","og_url":"https:\/\/www.koonings.com\/fr\/product\/roberto-vicentti-shon-cor-68-24-480\/","og_site_name":"Koonings","article_publisher":"https:\/\/www.facebook.com\/kooningstheweddingpalace","og_image":[{"width":1810,"height":2560,"url":"https:\/\/www.koonings.com\/wp-content\/uploads\/2024\/11\/40097_58e52e2f1340524fd7a003dda813c7f8ecc8e93bfa4490de4fa4b13b197f874f72e0d9a0-scaled.jpeg","type":"image\/jpeg"}],"twitter_card":"summary_large_image","schema":{"@context":"https:\/\/schema.org","@graph":[{"@type":"WebPage","@id":"https:\/\/www.koonings.com\/fr\/product\/roberto-vicentti-shon-cor-68-24-480\/","url":"https:\/\/www.koonings.com\/fr\/product\/roberto-vicentti-shon-cor-68-24-480\/","name":"Roberto Vicentti Shon Cor 68.24.480 | Koonings","isPartOf":{"@id":"https:\/\/www.koonings.com\/fr\/#website"},"primaryImageOfPage":{"@id":"https:\/\/www.koonings.com\/fr\/product\/roberto-vicentti-shon-cor-68-24-480\/#primaryimage"},"image":{"@id":"https:\/\/www.koonings.com\/fr\/product\/roberto-vicentti-shon-cor-68-24-480\/#primaryimage"},"thumbnailUrl":"https:\/\/www.koonings.com\/wp-content\/uploads\/2024\/11\/40097_58e52e2f1340524fd7a003dda813c7f8ecc8e93bfa4490de4fa4b13b197f874f72e0d9a0-scaled.jpeg","datePublished":"2026-04-14T14:18:10+00:00","description":"De la collection Koonings The Wedding Palace : un costume de mariage en laine unie bordeaux (SUPER 120'S). La veste \u00e0 revers avec deux boutons est \u00e9l\u00e9gamment associ\u00e9e \u00e0 un gilet \u00e0 double rang\u00e9e avec un dos en tissu et des boutons torsad\u00e9s 3x3. L'ensemble est compl\u00e9t\u00e9 par un n\u0153ud papillon et un carr\u00e9 de poche pour une finition \u00e9l\u00e9gante.","breadcrumb":{"@id":"https:\/\/www.koonings.com\/fr\/product\/roberto-vicentti-shon-cor-68-24-480\/#breadcrumb"},"inLanguage":"fr-FR","potentialAction":[{"@type":"ReadAction","target":["https:\/\/www.koonings.com\/fr\/product\/roberto-vicentti-shon-cor-68-24-480\/"]}]},{"@type":"ImageObject","inLanguage":"fr-FR","@id":"https:\/\/www.koonings.com\/fr\/product\/roberto-vicentti-shon-cor-68-24-480\/#primaryimage","url":"https:\/\/www.koonings.com\/wp-content\/uploads\/2024\/11\/40097_58e52e2f1340524fd7a003dda813c7f8ecc8e93bfa4490de4fa4b13b197f874f72e0d9a0-scaled.jpeg","contentUrl":"https:\/\/www.koonings.com\/wp-content\/uploads\/2024\/11\/40097_58e52e2f1340524fd7a003dda813c7f8ecc8e93bfa4490de4fa4b13b197f874f72e0d9a0-scaled.jpeg","width":1810,"height":2560},{"@type":"BreadcrumbList","@id":"https:\/\/www.koonings.com\/fr\/product\/roberto-vicentti-shon-cor-68-24-480\/#breadcrumb","itemListElement":[{"@type":"ListItem","position":1,"name":"Home","item":"https:\/\/www.koonings.com\/fr\/"},{"@type":"ListItem","position":2,"name":"Roberto Vicentti Shon Cor 68.24.480"}]},{"@type":"WebSite","@id":"https:\/\/www.koonings.com\/fr\/#website","url":"https:\/\/www.koonings.com\/fr\/","name":"Koonings","description":"De grootste bruidsmodewinkel ter wereld","publisher":{"@id":"https:\/\/www.koonings.com\/fr\/#organization"},"potentialAction":[{"@type":"SearchAction","target":{"@type":"EntryPoint","urlTemplate":"https:\/\/www.koonings.com\/fr\/?s={search_term_string}"},"query-input":{"@type":"PropertyValueSpecification","valueRequired":true,"valueName":"search_term_string"}}],"inLanguage":"fr-FR"},{"@type":"Organization","@id":"https:\/\/www.koonings.com\/fr\/#organization","name":"Koonings","url":"https:\/\/www.koonings.com\/fr\/","logo":{"@type":"ImageObject","inLanguage":"fr-FR","@id":"https:\/\/www.koonings.com\/fr\/#\/schema\/logo\/image\/","url":"https:\/\/www.koonings.com\/wp-content\/uploads\/2024\/07\/logo.png","contentUrl":"https:\/\/www.koonings.com\/wp-content\/uploads\/2024\/07\/logo.png","width":600,"height":428,"caption":"Koonings"},"image":{"@id":"https:\/\/www.koonings.com\/fr\/#\/schema\/logo\/image\/"},"sameAs":["https:\/\/www.facebook.com\/kooningstheweddingpalace","https:\/\/www.instagram.com\/kooningstheweddingpalace","https:\/\/www.pinterest.com\/koonings","https:\/\/www.youtube.com\/kooningstheweddingpalace"]}]}},"_links":{"self":[{"href":"https:\/\/www.koonings.com\/fr\/wp-json\/wp\/v2\/product\/77741","targetHints":{"allow":["GET"]}}],"collection":[{"href":"https:\/\/www.koonings.com\/fr\/wp-json\/wp\/v2\/product"}],"about":[{"href":"https:\/\/www.koonings.com\/fr\/wp-json\/wp\/v2\/types\/product"}],"wp:featuredmedia":[{"embeddable":true,"href":"https:\/\/www.koonings.com\/fr\/wp-json\/wp\/v2\/media\/70223"}],"wp:attachment":[{"href":"https:\/\/www.koonings.com\/fr\/wp-json\/wp\/v2\/media?parent=77741"}],"wp:term":[{"taxonomy":"productdetails","embeddable":true,"href":"https:\/\/www.koonings.com\/fr\/wp-json\/wp\/v2\/productdetails?post=77741"},{"taxonomy":"productneck","embeddable":true,"href":"https:\/\/www.koonings.com\/fr\/wp-json\/wp\/v2\/productneck?post=77741"},{"taxonomy":"productcolor","embeddable":true,"href":"https:\/\/www.koonings.com\/fr\/wp-json\/wp\/v2\/productcolor?post=77741"},{"taxonomy":"maat","embeddable":true,"href":"https:\/\/www.koonings.com\/fr\/wp-json\/wp\/v2\/maat?post=77741"},{"taxonomy":"productsupplier","embeddable":true,"href":"https:\/\/www.koonings.com\/fr\/wp-json\/wp\/v2\/productsupplier?post=77741"},{"taxonomy":"productsleeve","embeddable":true,"href":"https:\/\/www.koonings.com\/fr\/wp-json\/wp\/v2\/productsleeve?post=77741"},{"taxonomy":"productcategory","embeddable":true,"href":"https:\/\/www.koonings.com\/fr\/wp-json\/wp\/v2\/productcategory?post=77741"},{"taxonomy":"productsilhouette","embeddable":true,"href":"https:\/\/www.koonings.com\/fr\/wp-json\/wp\/v2\/productsilhouette?post=77741"},{"taxonomy":"productstyle","embeddable":true,"href":"https:\/\/www.koonings.com\/fr\/wp-json\/wp\/v2\/productstyle?post=77741"}],"curies":[{"name":"wp","href":"https:\/\/api.w.org\/{rel}","templated":true}]}}