{"id":77740,"date":"2026-04-14T16:18:11","date_gmt":"2026-04-14T14:18:11","guid":{"rendered":"https:\/\/www.koonings.com\/product\/roberto-vicentti-schon-cor-70-24-760\/"},"modified":"2026-02-13T12:01:29","modified_gmt":"2026-02-13T11:01:29","slug":"roberto-vicentti-schon-cor-70-24-760","status":"publish","type":"product","link":"https:\/\/www.koonings.com\/fr\/product\/roberto-vicentti-schon-cor-70-24-760\/","title":{"rendered":"Roberto Vicentti Schon Cor 70.24.760"},"content":{"rendered":"<p>De la collection Koonings The Wedding Palace : un costume de mariage beige uni en laine, viscose, coton et \u00e9lasthanne. La veste \u00e0 revers avec deux boutons forme un contraste \u00e9l\u00e9gant avec le gilet \u00e0 double rang\u00e9e, dont le dos est en tissu et les boutons 4&#215;4 torsad\u00e9s. L&#8217;ensemble est compl\u00e9t\u00e9 par un n\u0153ud papillon et un carr\u00e9 de poche pour un look \u00e9l\u00e9gant et sophistiqu\u00e9. ROBERTO VICENTTI est le choix du mari\u00e9 moderne qui veut se d\u00e9marquer lors de son mariage. Avec sa fianc\u00e9e, il brille au centre de cette journ\u00e9e sp\u00e9ciale. Avec une coupe parfaite et des d\u00e9tails de style sophistiqu\u00e9s, un costume Roberto Vicentti offre la combinaison ultime de l&#8217;\u00e9l\u00e9gance et de l&#8217;exclusivit\u00e9.     <\/p>\n","protected":false},"featured_media":81129,"template":"","meta":{"_acf_changed":false,"ghostkit_customizer_options":"","ghostkit_custom_css":"","ghostkit_custom_js_head":"","ghostkit_custom_js_foot":"","ghostkit_typography":""},"productdetails":[],"productneck":[],"productcolor":[454],"maat":[],"productsupplier":[449],"productsleeve":[],"productcategory":[227],"productsilhouette":[],"productstyle":[],"class_list":["post-77740","product","type-product","status-publish","has-post-thumbnail","hentry","productcolor-454","productsupplier-roberto-vicentti","productcategory-kostuum"],"acf":[],"yoast_head":"<!-- This site is optimized with the Yoast SEO plugin v27.3 - https:\/\/yoast.com\/product\/yoast-seo-wordpress\/ -->\n<title>Roberto Vicentti Schon Cor 70.24.760 | Koonings<\/title>\n<meta name=\"description\" content=\"De la collection Koonings The Wedding Palace : un costume de mariage beige uni en laine, viscose, coton et \u00e9lasthanne. La veste \u00e0 revers avec deux boutons forme un contraste \u00e9l\u00e9gant avec le gilet \u00e0 double rang\u00e9e, dont le dos est en tissu et les boutons 4x4 torsad\u00e9s. L&#039;ensemble est compl\u00e9t\u00e9 par un n\u0153ud papillon et un carr\u00e9 de poche pour un look \u00e9l\u00e9gant et sophistiqu\u00e9. ROBERTO VICENTTI est le choix du mari\u00e9 moderne qui veut se d\u00e9marquer lors de son mariage. Avec sa fianc\u00e9e, il brille au centre de cette journ\u00e9e sp\u00e9ciale. Avec une coupe parfaite et des d\u00e9tails de style sophistiqu\u00e9s, un costume Roberto Vicentti offre la combinaison ultime de l&#039;\u00e9l\u00e9gance et de l&#039;exclusivit\u00e9.\" \/>\n<meta name=\"robots\" content=\"index, follow, max-snippet:-1, max-image-preview:large, max-video-preview:-1\" \/>\n<link rel=\"canonical\" href=\"https:\/\/www.koonings.com\/fr\/product\/roberto-vicentti-schon-cor-70-24-760\/\" \/>\n<meta property=\"og:locale\" content=\"fr_FR\" \/>\n<meta property=\"og:type\" content=\"article\" \/>\n<meta property=\"og:title\" content=\"Roberto Vicentti Schon Cor 70.24.760 | Koonings\" \/>\n<meta property=\"og:description\" content=\"De la collection Koonings The Wedding Palace : un costume de mariage beige uni en laine, viscose, coton et \u00e9lasthanne. La veste \u00e0 revers avec deux boutons forme un contraste \u00e9l\u00e9gant avec le gilet \u00e0 double rang\u00e9e, dont le dos est en tissu et les boutons 4x4 torsad\u00e9s. L&#039;ensemble est compl\u00e9t\u00e9 par un n\u0153ud papillon et un carr\u00e9 de poche pour un look \u00e9l\u00e9gant et sophistiqu\u00e9. ROBERTO VICENTTI est le choix du mari\u00e9 moderne qui veut se d\u00e9marquer lors de son mariage. Avec sa fianc\u00e9e, il brille au centre de cette journ\u00e9e sp\u00e9ciale. Avec une coupe parfaite et des d\u00e9tails de style sophistiqu\u00e9s, un costume Roberto Vicentti offre la combinaison ultime de l&#039;\u00e9l\u00e9gance et de l&#039;exclusivit\u00e9.\" \/>\n<meta property=\"og:url\" content=\"https:\/\/www.koonings.com\/fr\/product\/roberto-vicentti-schon-cor-70-24-760\/\" \/>\n<meta property=\"og:site_name\" content=\"Koonings\" \/>\n<meta property=\"article:publisher\" content=\"https:\/\/www.facebook.com\/kooningstheweddingpalace\" \/>\n<meta property=\"og:image\" content=\"https:\/\/www.koonings.com\/wp-content\/uploads\/2025\/02\/40099_368cde73f49fcaeca3077974b79faaf8c3a1c145aadf2e279fe3b938cfd3d0d4c329d4ea.jpeg\" \/>\n\t<meta property=\"og:image:width\" content=\"1647\" \/>\n\t<meta property=\"og:image:height\" content=\"2324\" \/>\n\t<meta property=\"og:image:type\" content=\"image\/jpeg\" \/>\n<meta name=\"twitter:card\" content=\"summary_large_image\" \/>\n<meta name=\"twitter:label1\" content=\"Dur\u00e9e de lecture estim\u00e9e\" \/>\n\t<meta name=\"twitter:data1\" content=\"1 minute\" \/>\n<script type=\"application\/ld+json\" class=\"yoast-schema-graph\">{\"@context\":\"https:\\\/\\\/schema.org\",\"@graph\":[{\"@type\":\"WebPage\",\"@id\":\"https:\\\/\\\/www.koonings.com\\\/fr\\\/product\\\/roberto-vicentti-schon-cor-70-24-760\\\/\",\"url\":\"https:\\\/\\\/www.koonings.com\\\/fr\\\/product\\\/roberto-vicentti-schon-cor-70-24-760\\\/\",\"name\":\"Roberto Vicentti Schon Cor 70.24.760 | Koonings\",\"isPartOf\":{\"@id\":\"https:\\\/\\\/www.koonings.com\\\/fr\\\/#website\"},\"primaryImageOfPage\":{\"@id\":\"https:\\\/\\\/www.koonings.com\\\/fr\\\/product\\\/roberto-vicentti-schon-cor-70-24-760\\\/#primaryimage\"},\"image\":{\"@id\":\"https:\\\/\\\/www.koonings.com\\\/fr\\\/product\\\/roberto-vicentti-schon-cor-70-24-760\\\/#primaryimage\"},\"thumbnailUrl\":\"https:\\\/\\\/www.koonings.com\\\/wp-content\\\/uploads\\\/2025\\\/02\\\/40099_368cde73f49fcaeca3077974b79faaf8c3a1c145aadf2e279fe3b938cfd3d0d4c329d4ea.jpeg\",\"datePublished\":\"2026-04-14T14:18:11+00:00\",\"description\":\"De la collection Koonings The Wedding Palace : un costume de mariage beige uni en laine, viscose, coton et \u00e9lasthanne. La veste \u00e0 revers avec deux boutons forme un contraste \u00e9l\u00e9gant avec le gilet \u00e0 double rang\u00e9e, dont le dos est en tissu et les boutons 4x4 torsad\u00e9s. L'ensemble est compl\u00e9t\u00e9 par un n\u0153ud papillon et un carr\u00e9 de poche pour un look \u00e9l\u00e9gant et sophistiqu\u00e9. ROBERTO VICENTTI est le choix du mari\u00e9 moderne qui veut se d\u00e9marquer lors de son mariage. Avec sa fianc\u00e9e, il brille au centre de cette journ\u00e9e sp\u00e9ciale. Avec une coupe parfaite et des d\u00e9tails de style sophistiqu\u00e9s, un costume Roberto Vicentti offre la combinaison ultime de l'\u00e9l\u00e9gance et de l'exclusivit\u00e9.\",\"breadcrumb\":{\"@id\":\"https:\\\/\\\/www.koonings.com\\\/fr\\\/product\\\/roberto-vicentti-schon-cor-70-24-760\\\/#breadcrumb\"},\"inLanguage\":\"fr-FR\",\"potentialAction\":[{\"@type\":\"ReadAction\",\"target\":[\"https:\\\/\\\/www.koonings.com\\\/fr\\\/product\\\/roberto-vicentti-schon-cor-70-24-760\\\/\"]}]},{\"@type\":\"ImageObject\",\"inLanguage\":\"fr-FR\",\"@id\":\"https:\\\/\\\/www.koonings.com\\\/fr\\\/product\\\/roberto-vicentti-schon-cor-70-24-760\\\/#primaryimage\",\"url\":\"https:\\\/\\\/www.koonings.com\\\/wp-content\\\/uploads\\\/2025\\\/02\\\/40099_368cde73f49fcaeca3077974b79faaf8c3a1c145aadf2e279fe3b938cfd3d0d4c329d4ea.jpeg\",\"contentUrl\":\"https:\\\/\\\/www.koonings.com\\\/wp-content\\\/uploads\\\/2025\\\/02\\\/40099_368cde73f49fcaeca3077974b79faaf8c3a1c145aadf2e279fe3b938cfd3d0d4c329d4ea.jpeg\",\"width\":1647,\"height\":2324},{\"@type\":\"BreadcrumbList\",\"@id\":\"https:\\\/\\\/www.koonings.com\\\/fr\\\/product\\\/roberto-vicentti-schon-cor-70-24-760\\\/#breadcrumb\",\"itemListElement\":[{\"@type\":\"ListItem\",\"position\":1,\"name\":\"Home\",\"item\":\"https:\\\/\\\/www.koonings.com\\\/fr\\\/\"},{\"@type\":\"ListItem\",\"position\":2,\"name\":\"Roberto Vicentti Schon Cor 70.24.760\"}]},{\"@type\":\"WebSite\",\"@id\":\"https:\\\/\\\/www.koonings.com\\\/fr\\\/#website\",\"url\":\"https:\\\/\\\/www.koonings.com\\\/fr\\\/\",\"name\":\"Koonings\",\"description\":\"De grootste bruidsmodewinkel ter wereld\",\"publisher\":{\"@id\":\"https:\\\/\\\/www.koonings.com\\\/fr\\\/#organization\"},\"potentialAction\":[{\"@type\":\"SearchAction\",\"target\":{\"@type\":\"EntryPoint\",\"urlTemplate\":\"https:\\\/\\\/www.koonings.com\\\/fr\\\/?s={search_term_string}\"},\"query-input\":{\"@type\":\"PropertyValueSpecification\",\"valueRequired\":true,\"valueName\":\"search_term_string\"}}],\"inLanguage\":\"fr-FR\"},{\"@type\":\"Organization\",\"@id\":\"https:\\\/\\\/www.koonings.com\\\/fr\\\/#organization\",\"name\":\"Koonings\",\"url\":\"https:\\\/\\\/www.koonings.com\\\/fr\\\/\",\"logo\":{\"@type\":\"ImageObject\",\"inLanguage\":\"fr-FR\",\"@id\":\"https:\\\/\\\/www.koonings.com\\\/fr\\\/#\\\/schema\\\/logo\\\/image\\\/\",\"url\":\"https:\\\/\\\/www.koonings.com\\\/wp-content\\\/uploads\\\/2024\\\/07\\\/logo.png\",\"contentUrl\":\"https:\\\/\\\/www.koonings.com\\\/wp-content\\\/uploads\\\/2024\\\/07\\\/logo.png\",\"width\":600,\"height\":428,\"caption\":\"Koonings\"},\"image\":{\"@id\":\"https:\\\/\\\/www.koonings.com\\\/fr\\\/#\\\/schema\\\/logo\\\/image\\\/\"},\"sameAs\":[\"https:\\\/\\\/www.facebook.com\\\/kooningstheweddingpalace\",\"https:\\\/\\\/www.instagram.com\\\/kooningstheweddingpalace\",\"https:\\\/\\\/www.pinterest.com\\\/koonings\",\"https:\\\/\\\/www.youtube.com\\\/kooningstheweddingpalace\"]}]}<\/script>\n<!-- \/ Yoast SEO plugin. -->","yoast_head_json":{"title":"Roberto Vicentti Schon Cor 70.24.760 | Koonings","description":"De la collection Koonings The Wedding Palace : un costume de mariage beige uni en laine, viscose, coton et \u00e9lasthanne. La veste \u00e0 revers avec deux boutons forme un contraste \u00e9l\u00e9gant avec le gilet \u00e0 double rang\u00e9e, dont le dos est en tissu et les boutons 4x4 torsad\u00e9s. L'ensemble est compl\u00e9t\u00e9 par un n\u0153ud papillon et un carr\u00e9 de poche pour un look \u00e9l\u00e9gant et sophistiqu\u00e9. ROBERTO VICENTTI est le choix du mari\u00e9 moderne qui veut se d\u00e9marquer lors de son mariage. Avec sa fianc\u00e9e, il brille au centre de cette journ\u00e9e sp\u00e9ciale. Avec une coupe parfaite et des d\u00e9tails de style sophistiqu\u00e9s, un costume Roberto Vicentti offre la combinaison ultime de l'\u00e9l\u00e9gance et de l'exclusivit\u00e9.","robots":{"index":"index","follow":"follow","max-snippet":"max-snippet:-1","max-image-preview":"max-image-preview:large","max-video-preview":"max-video-preview:-1"},"canonical":"https:\/\/www.koonings.com\/fr\/product\/roberto-vicentti-schon-cor-70-24-760\/","og_locale":"fr_FR","og_type":"article","og_title":"Roberto Vicentti Schon Cor 70.24.760 | Koonings","og_description":"De la collection Koonings The Wedding Palace : un costume de mariage beige uni en laine, viscose, coton et \u00e9lasthanne. La veste \u00e0 revers avec deux boutons forme un contraste \u00e9l\u00e9gant avec le gilet \u00e0 double rang\u00e9e, dont le dos est en tissu et les boutons 4x4 torsad\u00e9s. L'ensemble est compl\u00e9t\u00e9 par un n\u0153ud papillon et un carr\u00e9 de poche pour un look \u00e9l\u00e9gant et sophistiqu\u00e9. ROBERTO VICENTTI est le choix du mari\u00e9 moderne qui veut se d\u00e9marquer lors de son mariage. Avec sa fianc\u00e9e, il brille au centre de cette journ\u00e9e sp\u00e9ciale. Avec une coupe parfaite et des d\u00e9tails de style sophistiqu\u00e9s, un costume Roberto Vicentti offre la combinaison ultime de l'\u00e9l\u00e9gance et de l'exclusivit\u00e9.","og_url":"https:\/\/www.koonings.com\/fr\/product\/roberto-vicentti-schon-cor-70-24-760\/","og_site_name":"Koonings","article_publisher":"https:\/\/www.facebook.com\/kooningstheweddingpalace","og_image":[{"width":1647,"height":2324,"url":"https:\/\/www.koonings.com\/wp-content\/uploads\/2025\/02\/40099_368cde73f49fcaeca3077974b79faaf8c3a1c145aadf2e279fe3b938cfd3d0d4c329d4ea.jpeg","type":"image\/jpeg"}],"twitter_card":"summary_large_image","twitter_misc":{"Dur\u00e9e de lecture estim\u00e9e":"1 minute"},"schema":{"@context":"https:\/\/schema.org","@graph":[{"@type":"WebPage","@id":"https:\/\/www.koonings.com\/fr\/product\/roberto-vicentti-schon-cor-70-24-760\/","url":"https:\/\/www.koonings.com\/fr\/product\/roberto-vicentti-schon-cor-70-24-760\/","name":"Roberto Vicentti Schon Cor 70.24.760 | Koonings","isPartOf":{"@id":"https:\/\/www.koonings.com\/fr\/#website"},"primaryImageOfPage":{"@id":"https:\/\/www.koonings.com\/fr\/product\/roberto-vicentti-schon-cor-70-24-760\/#primaryimage"},"image":{"@id":"https:\/\/www.koonings.com\/fr\/product\/roberto-vicentti-schon-cor-70-24-760\/#primaryimage"},"thumbnailUrl":"https:\/\/www.koonings.com\/wp-content\/uploads\/2025\/02\/40099_368cde73f49fcaeca3077974b79faaf8c3a1c145aadf2e279fe3b938cfd3d0d4c329d4ea.jpeg","datePublished":"2026-04-14T14:18:11+00:00","description":"De la collection Koonings The Wedding Palace : un costume de mariage beige uni en laine, viscose, coton et \u00e9lasthanne. La veste \u00e0 revers avec deux boutons forme un contraste \u00e9l\u00e9gant avec le gilet \u00e0 double rang\u00e9e, dont le dos est en tissu et les boutons 4x4 torsad\u00e9s. L'ensemble est compl\u00e9t\u00e9 par un n\u0153ud papillon et un carr\u00e9 de poche pour un look \u00e9l\u00e9gant et sophistiqu\u00e9. ROBERTO VICENTTI est le choix du mari\u00e9 moderne qui veut se d\u00e9marquer lors de son mariage. Avec sa fianc\u00e9e, il brille au centre de cette journ\u00e9e sp\u00e9ciale. Avec une coupe parfaite et des d\u00e9tails de style sophistiqu\u00e9s, un costume Roberto Vicentti offre la combinaison ultime de l'\u00e9l\u00e9gance et de l'exclusivit\u00e9.","breadcrumb":{"@id":"https:\/\/www.koonings.com\/fr\/product\/roberto-vicentti-schon-cor-70-24-760\/#breadcrumb"},"inLanguage":"fr-FR","potentialAction":[{"@type":"ReadAction","target":["https:\/\/www.koonings.com\/fr\/product\/roberto-vicentti-schon-cor-70-24-760\/"]}]},{"@type":"ImageObject","inLanguage":"fr-FR","@id":"https:\/\/www.koonings.com\/fr\/product\/roberto-vicentti-schon-cor-70-24-760\/#primaryimage","url":"https:\/\/www.koonings.com\/wp-content\/uploads\/2025\/02\/40099_368cde73f49fcaeca3077974b79faaf8c3a1c145aadf2e279fe3b938cfd3d0d4c329d4ea.jpeg","contentUrl":"https:\/\/www.koonings.com\/wp-content\/uploads\/2025\/02\/40099_368cde73f49fcaeca3077974b79faaf8c3a1c145aadf2e279fe3b938cfd3d0d4c329d4ea.jpeg","width":1647,"height":2324},{"@type":"BreadcrumbList","@id":"https:\/\/www.koonings.com\/fr\/product\/roberto-vicentti-schon-cor-70-24-760\/#breadcrumb","itemListElement":[{"@type":"ListItem","position":1,"name":"Home","item":"https:\/\/www.koonings.com\/fr\/"},{"@type":"ListItem","position":2,"name":"Roberto Vicentti Schon Cor 70.24.760"}]},{"@type":"WebSite","@id":"https:\/\/www.koonings.com\/fr\/#website","url":"https:\/\/www.koonings.com\/fr\/","name":"Koonings","description":"De grootste bruidsmodewinkel ter wereld","publisher":{"@id":"https:\/\/www.koonings.com\/fr\/#organization"},"potentialAction":[{"@type":"SearchAction","target":{"@type":"EntryPoint","urlTemplate":"https:\/\/www.koonings.com\/fr\/?s={search_term_string}"},"query-input":{"@type":"PropertyValueSpecification","valueRequired":true,"valueName":"search_term_string"}}],"inLanguage":"fr-FR"},{"@type":"Organization","@id":"https:\/\/www.koonings.com\/fr\/#organization","name":"Koonings","url":"https:\/\/www.koonings.com\/fr\/","logo":{"@type":"ImageObject","inLanguage":"fr-FR","@id":"https:\/\/www.koonings.com\/fr\/#\/schema\/logo\/image\/","url":"https:\/\/www.koonings.com\/wp-content\/uploads\/2024\/07\/logo.png","contentUrl":"https:\/\/www.koonings.com\/wp-content\/uploads\/2024\/07\/logo.png","width":600,"height":428,"caption":"Koonings"},"image":{"@id":"https:\/\/www.koonings.com\/fr\/#\/schema\/logo\/image\/"},"sameAs":["https:\/\/www.facebook.com\/kooningstheweddingpalace","https:\/\/www.instagram.com\/kooningstheweddingpalace","https:\/\/www.pinterest.com\/koonings","https:\/\/www.youtube.com\/kooningstheweddingpalace"]}]}},"_links":{"self":[{"href":"https:\/\/www.koonings.com\/fr\/wp-json\/wp\/v2\/product\/77740","targetHints":{"allow":["GET"]}}],"collection":[{"href":"https:\/\/www.koonings.com\/fr\/wp-json\/wp\/v2\/product"}],"about":[{"href":"https:\/\/www.koonings.com\/fr\/wp-json\/wp\/v2\/types\/product"}],"wp:featuredmedia":[{"embeddable":true,"href":"https:\/\/www.koonings.com\/fr\/wp-json\/wp\/v2\/media\/81129"}],"wp:attachment":[{"href":"https:\/\/www.koonings.com\/fr\/wp-json\/wp\/v2\/media?parent=77740"}],"wp:term":[{"taxonomy":"productdetails","embeddable":true,"href":"https:\/\/www.koonings.com\/fr\/wp-json\/wp\/v2\/productdetails?post=77740"},{"taxonomy":"productneck","embeddable":true,"href":"https:\/\/www.koonings.com\/fr\/wp-json\/wp\/v2\/productneck?post=77740"},{"taxonomy":"productcolor","embeddable":true,"href":"https:\/\/www.koonings.com\/fr\/wp-json\/wp\/v2\/productcolor?post=77740"},{"taxonomy":"maat","embeddable":true,"href":"https:\/\/www.koonings.com\/fr\/wp-json\/wp\/v2\/maat?post=77740"},{"taxonomy":"productsupplier","embeddable":true,"href":"https:\/\/www.koonings.com\/fr\/wp-json\/wp\/v2\/productsupplier?post=77740"},{"taxonomy":"productsleeve","embeddable":true,"href":"https:\/\/www.koonings.com\/fr\/wp-json\/wp\/v2\/productsleeve?post=77740"},{"taxonomy":"productcategory","embeddable":true,"href":"https:\/\/www.koonings.com\/fr\/wp-json\/wp\/v2\/productcategory?post=77740"},{"taxonomy":"productsilhouette","embeddable":true,"href":"https:\/\/www.koonings.com\/fr\/wp-json\/wp\/v2\/productsilhouette?post=77740"},{"taxonomy":"productstyle","embeddable":true,"href":"https:\/\/www.koonings.com\/fr\/wp-json\/wp\/v2\/productstyle?post=77740"}],"curies":[{"name":"wp","href":"https:\/\/api.w.org\/{rel}","templated":true}]}}