{"id":77724,"date":"2026-05-06T15:12:59","date_gmt":"2026-05-06T13:12:59","guid":{"rendered":"https:\/\/www.koonings.com\/product\/st-patrick-windsor-st124dl1\/"},"modified":"2026-02-23T14:44:46","modified_gmt":"2026-02-23T13:44:46","slug":"st-patrick-windsor-st124dl1","status":"publish","type":"product","link":"https:\/\/www.koonings.com\/fr\/product\/st-patrick-windsor-st124dl1\/","title":{"rendered":"Patrick Windsor ST124DL1"},"content":{"rendered":"<p>Cette robe sir\u00e8ne captivante et s\u00e9duisante pr\u00e9sente des textures incroyablement harmonieuses de dentelle richement d\u00e9taill\u00e9e et de tulle Chantilly et paillet\u00e9 de la plus haute qualit\u00e9. Le corsage est rehauss\u00e9 d&#8217;un d\u00e9collet\u00e9 en V profond tr\u00e8s tendance. <\/p>\n","protected":false},"featured_media":39946,"template":"","meta":{"_acf_changed":false,"ghostkit_customizer_options":"","ghostkit_custom_css":"","ghostkit_custom_js_head":"","ghostkit_custom_js_foot":"","ghostkit_typography":""},"productdetails":[],"productneck":[354,355],"productcolor":[393,392],"maat":[],"productsupplier":[415],"productsleeve":[],"productcategory":[18],"productsilhouette":[387],"productstyle":[],"class_list":["post-77724","product","type-product","status-publish","has-post-thumbnail","hentry","productneck-354","productneck-355","productcolor-393","productcolor-392","productsupplier-st-patrick","productcategory-trouwjurken","productsilhouette-387"],"acf":[],"yoast_head":"<!-- This site is optimized with the Yoast SEO plugin v27.3 - https:\/\/yoast.com\/product\/yoast-seo-wordpress\/ -->\n<title>Patrick Windsor ST124DL1 | Koonings<\/title>\n<meta name=\"description\" content=\"Cette robe sir\u00e8ne captivante et s\u00e9duisante pr\u00e9sente des textures incroyablement harmonieuses de dentelle richement d\u00e9taill\u00e9e et de tulle Chantilly et paillet\u00e9 de la plus haute qualit\u00e9. Le corsage est rehauss\u00e9 d&#039;un d\u00e9collet\u00e9 en V profond tr\u00e8s tendance.\" \/>\n<meta name=\"robots\" content=\"index, follow, max-snippet:-1, max-image-preview:large, max-video-preview:-1\" \/>\n<link rel=\"canonical\" href=\"https:\/\/www.koonings.com\/fr\/product\/st-patrick-windsor-st124dl1\/\" \/>\n<meta property=\"og:locale\" content=\"fr_FR\" \/>\n<meta property=\"og:type\" content=\"article\" \/>\n<meta property=\"og:title\" content=\"Patrick Windsor ST124DL1 | Koonings\" \/>\n<meta property=\"og:description\" content=\"Cette robe sir\u00e8ne captivante et s\u00e9duisante pr\u00e9sente des textures incroyablement harmonieuses de dentelle richement d\u00e9taill\u00e9e et de tulle Chantilly et paillet\u00e9 de la plus haute qualit\u00e9. Le corsage est rehauss\u00e9 d&#039;un d\u00e9collet\u00e9 en V profond tr\u00e8s tendance.\" \/>\n<meta property=\"og:url\" content=\"https:\/\/www.koonings.com\/fr\/product\/st-patrick-windsor-st124dl1\/\" \/>\n<meta property=\"og:site_name\" content=\"Koonings\" \/>\n<meta property=\"article:publisher\" content=\"https:\/\/www.facebook.com\/kooningstheweddingpalace\" \/>\n<meta property=\"og:image\" content=\"https:\/\/www.koonings.com\/wp-content\/uploads\/2024\/11\/39376_0490e1387f29563f98de90f8c052de38b1da2606d585d9c4ff3816904f2519cdde72b1fd-scaled.jpeg\" \/>\n\t<meta property=\"og:image:width\" content=\"1810\" \/>\n\t<meta property=\"og:image:height\" content=\"2560\" \/>\n\t<meta property=\"og:image:type\" content=\"image\/jpeg\" \/>\n<meta name=\"twitter:card\" content=\"summary_large_image\" \/>\n<script type=\"application\/ld+json\" class=\"yoast-schema-graph\">{\"@context\":\"https:\\\/\\\/schema.org\",\"@graph\":[{\"@type\":\"WebPage\",\"@id\":\"https:\\\/\\\/www.koonings.com\\\/fr\\\/product\\\/st-patrick-windsor-st124dl1\\\/\",\"url\":\"https:\\\/\\\/www.koonings.com\\\/fr\\\/product\\\/st-patrick-windsor-st124dl1\\\/\",\"name\":\"Patrick Windsor ST124DL1 | Koonings\",\"isPartOf\":{\"@id\":\"https:\\\/\\\/www.koonings.com\\\/fr\\\/#website\"},\"primaryImageOfPage\":{\"@id\":\"https:\\\/\\\/www.koonings.com\\\/fr\\\/product\\\/st-patrick-windsor-st124dl1\\\/#primaryimage\"},\"image\":{\"@id\":\"https:\\\/\\\/www.koonings.com\\\/fr\\\/product\\\/st-patrick-windsor-st124dl1\\\/#primaryimage\"},\"thumbnailUrl\":\"https:\\\/\\\/www.koonings.com\\\/wp-content\\\/uploads\\\/2024\\\/11\\\/39376_0490e1387f29563f98de90f8c052de38b1da2606d585d9c4ff3816904f2519cdde72b1fd-scaled.jpeg\",\"datePublished\":\"2026-05-06T13:12:59+00:00\",\"description\":\"Cette robe sir\u00e8ne captivante et s\u00e9duisante pr\u00e9sente des textures incroyablement harmonieuses de dentelle richement d\u00e9taill\u00e9e et de tulle Chantilly et paillet\u00e9 de la plus haute qualit\u00e9. Le corsage est rehauss\u00e9 d'un d\u00e9collet\u00e9 en V profond tr\u00e8s tendance.\",\"breadcrumb\":{\"@id\":\"https:\\\/\\\/www.koonings.com\\\/fr\\\/product\\\/st-patrick-windsor-st124dl1\\\/#breadcrumb\"},\"inLanguage\":\"fr-FR\",\"potentialAction\":[{\"@type\":\"ReadAction\",\"target\":[\"https:\\\/\\\/www.koonings.com\\\/fr\\\/product\\\/st-patrick-windsor-st124dl1\\\/\"]}]},{\"@type\":\"ImageObject\",\"inLanguage\":\"fr-FR\",\"@id\":\"https:\\\/\\\/www.koonings.com\\\/fr\\\/product\\\/st-patrick-windsor-st124dl1\\\/#primaryimage\",\"url\":\"https:\\\/\\\/www.koonings.com\\\/wp-content\\\/uploads\\\/2024\\\/11\\\/39376_0490e1387f29563f98de90f8c052de38b1da2606d585d9c4ff3816904f2519cdde72b1fd-scaled.jpeg\",\"contentUrl\":\"https:\\\/\\\/www.koonings.com\\\/wp-content\\\/uploads\\\/2024\\\/11\\\/39376_0490e1387f29563f98de90f8c052de38b1da2606d585d9c4ff3816904f2519cdde72b1fd-scaled.jpeg\",\"width\":1810,\"height\":2560},{\"@type\":\"BreadcrumbList\",\"@id\":\"https:\\\/\\\/www.koonings.com\\\/fr\\\/product\\\/st-patrick-windsor-st124dl1\\\/#breadcrumb\",\"itemListElement\":[{\"@type\":\"ListItem\",\"position\":1,\"name\":\"Home\",\"item\":\"https:\\\/\\\/www.koonings.com\\\/fr\\\/\"},{\"@type\":\"ListItem\",\"position\":2,\"name\":\"Patrick Windsor ST124DL1\"}]},{\"@type\":\"WebSite\",\"@id\":\"https:\\\/\\\/www.koonings.com\\\/fr\\\/#website\",\"url\":\"https:\\\/\\\/www.koonings.com\\\/fr\\\/\",\"name\":\"Koonings\",\"description\":\"De grootste bruidsmodewinkel ter wereld\",\"publisher\":{\"@id\":\"https:\\\/\\\/www.koonings.com\\\/fr\\\/#organization\"},\"potentialAction\":[{\"@type\":\"SearchAction\",\"target\":{\"@type\":\"EntryPoint\",\"urlTemplate\":\"https:\\\/\\\/www.koonings.com\\\/fr\\\/?s={search_term_string}\"},\"query-input\":{\"@type\":\"PropertyValueSpecification\",\"valueRequired\":true,\"valueName\":\"search_term_string\"}}],\"inLanguage\":\"fr-FR\"},{\"@type\":\"Organization\",\"@id\":\"https:\\\/\\\/www.koonings.com\\\/fr\\\/#organization\",\"name\":\"Koonings\",\"url\":\"https:\\\/\\\/www.koonings.com\\\/fr\\\/\",\"logo\":{\"@type\":\"ImageObject\",\"inLanguage\":\"fr-FR\",\"@id\":\"https:\\\/\\\/www.koonings.com\\\/fr\\\/#\\\/schema\\\/logo\\\/image\\\/\",\"url\":\"https:\\\/\\\/www.koonings.com\\\/wp-content\\\/uploads\\\/2024\\\/07\\\/logo.png\",\"contentUrl\":\"https:\\\/\\\/www.koonings.com\\\/wp-content\\\/uploads\\\/2024\\\/07\\\/logo.png\",\"width\":600,\"height\":428,\"caption\":\"Koonings\"},\"image\":{\"@id\":\"https:\\\/\\\/www.koonings.com\\\/fr\\\/#\\\/schema\\\/logo\\\/image\\\/\"},\"sameAs\":[\"https:\\\/\\\/www.facebook.com\\\/kooningstheweddingpalace\",\"https:\\\/\\\/www.instagram.com\\\/kooningstheweddingpalace\",\"https:\\\/\\\/www.pinterest.com\\\/koonings\",\"https:\\\/\\\/www.youtube.com\\\/kooningstheweddingpalace\"]}]}<\/script>\n<!-- \/ Yoast SEO plugin. -->","yoast_head_json":{"title":"Patrick Windsor ST124DL1 | Koonings","description":"Cette robe sir\u00e8ne captivante et s\u00e9duisante pr\u00e9sente des textures incroyablement harmonieuses de dentelle richement d\u00e9taill\u00e9e et de tulle Chantilly et paillet\u00e9 de la plus haute qualit\u00e9. Le corsage est rehauss\u00e9 d'un d\u00e9collet\u00e9 en V profond tr\u00e8s tendance.","robots":{"index":"index","follow":"follow","max-snippet":"max-snippet:-1","max-image-preview":"max-image-preview:large","max-video-preview":"max-video-preview:-1"},"canonical":"https:\/\/www.koonings.com\/fr\/product\/st-patrick-windsor-st124dl1\/","og_locale":"fr_FR","og_type":"article","og_title":"Patrick Windsor ST124DL1 | Koonings","og_description":"Cette robe sir\u00e8ne captivante et s\u00e9duisante pr\u00e9sente des textures incroyablement harmonieuses de dentelle richement d\u00e9taill\u00e9e et de tulle Chantilly et paillet\u00e9 de la plus haute qualit\u00e9. Le corsage est rehauss\u00e9 d'un d\u00e9collet\u00e9 en V profond tr\u00e8s tendance.","og_url":"https:\/\/www.koonings.com\/fr\/product\/st-patrick-windsor-st124dl1\/","og_site_name":"Koonings","article_publisher":"https:\/\/www.facebook.com\/kooningstheweddingpalace","og_image":[{"width":1810,"height":2560,"url":"https:\/\/www.koonings.com\/wp-content\/uploads\/2024\/11\/39376_0490e1387f29563f98de90f8c052de38b1da2606d585d9c4ff3816904f2519cdde72b1fd-scaled.jpeg","type":"image\/jpeg"}],"twitter_card":"summary_large_image","schema":{"@context":"https:\/\/schema.org","@graph":[{"@type":"WebPage","@id":"https:\/\/www.koonings.com\/fr\/product\/st-patrick-windsor-st124dl1\/","url":"https:\/\/www.koonings.com\/fr\/product\/st-patrick-windsor-st124dl1\/","name":"Patrick Windsor ST124DL1 | Koonings","isPartOf":{"@id":"https:\/\/www.koonings.com\/fr\/#website"},"primaryImageOfPage":{"@id":"https:\/\/www.koonings.com\/fr\/product\/st-patrick-windsor-st124dl1\/#primaryimage"},"image":{"@id":"https:\/\/www.koonings.com\/fr\/product\/st-patrick-windsor-st124dl1\/#primaryimage"},"thumbnailUrl":"https:\/\/www.koonings.com\/wp-content\/uploads\/2024\/11\/39376_0490e1387f29563f98de90f8c052de38b1da2606d585d9c4ff3816904f2519cdde72b1fd-scaled.jpeg","datePublished":"2026-05-06T13:12:59+00:00","description":"Cette robe sir\u00e8ne captivante et s\u00e9duisante pr\u00e9sente des textures incroyablement harmonieuses de dentelle richement d\u00e9taill\u00e9e et de tulle Chantilly et paillet\u00e9 de la plus haute qualit\u00e9. Le corsage est rehauss\u00e9 d'un d\u00e9collet\u00e9 en V profond tr\u00e8s tendance.","breadcrumb":{"@id":"https:\/\/www.koonings.com\/fr\/product\/st-patrick-windsor-st124dl1\/#breadcrumb"},"inLanguage":"fr-FR","potentialAction":[{"@type":"ReadAction","target":["https:\/\/www.koonings.com\/fr\/product\/st-patrick-windsor-st124dl1\/"]}]},{"@type":"ImageObject","inLanguage":"fr-FR","@id":"https:\/\/www.koonings.com\/fr\/product\/st-patrick-windsor-st124dl1\/#primaryimage","url":"https:\/\/www.koonings.com\/wp-content\/uploads\/2024\/11\/39376_0490e1387f29563f98de90f8c052de38b1da2606d585d9c4ff3816904f2519cdde72b1fd-scaled.jpeg","contentUrl":"https:\/\/www.koonings.com\/wp-content\/uploads\/2024\/11\/39376_0490e1387f29563f98de90f8c052de38b1da2606d585d9c4ff3816904f2519cdde72b1fd-scaled.jpeg","width":1810,"height":2560},{"@type":"BreadcrumbList","@id":"https:\/\/www.koonings.com\/fr\/product\/st-patrick-windsor-st124dl1\/#breadcrumb","itemListElement":[{"@type":"ListItem","position":1,"name":"Home","item":"https:\/\/www.koonings.com\/fr\/"},{"@type":"ListItem","position":2,"name":"Patrick Windsor ST124DL1"}]},{"@type":"WebSite","@id":"https:\/\/www.koonings.com\/fr\/#website","url":"https:\/\/www.koonings.com\/fr\/","name":"Koonings","description":"De grootste bruidsmodewinkel ter wereld","publisher":{"@id":"https:\/\/www.koonings.com\/fr\/#organization"},"potentialAction":[{"@type":"SearchAction","target":{"@type":"EntryPoint","urlTemplate":"https:\/\/www.koonings.com\/fr\/?s={search_term_string}"},"query-input":{"@type":"PropertyValueSpecification","valueRequired":true,"valueName":"search_term_string"}}],"inLanguage":"fr-FR"},{"@type":"Organization","@id":"https:\/\/www.koonings.com\/fr\/#organization","name":"Koonings","url":"https:\/\/www.koonings.com\/fr\/","logo":{"@type":"ImageObject","inLanguage":"fr-FR","@id":"https:\/\/www.koonings.com\/fr\/#\/schema\/logo\/image\/","url":"https:\/\/www.koonings.com\/wp-content\/uploads\/2024\/07\/logo.png","contentUrl":"https:\/\/www.koonings.com\/wp-content\/uploads\/2024\/07\/logo.png","width":600,"height":428,"caption":"Koonings"},"image":{"@id":"https:\/\/www.koonings.com\/fr\/#\/schema\/logo\/image\/"},"sameAs":["https:\/\/www.facebook.com\/kooningstheweddingpalace","https:\/\/www.instagram.com\/kooningstheweddingpalace","https:\/\/www.pinterest.com\/koonings","https:\/\/www.youtube.com\/kooningstheweddingpalace"]}]}},"_links":{"self":[{"href":"https:\/\/www.koonings.com\/fr\/wp-json\/wp\/v2\/product\/77724","targetHints":{"allow":["GET"]}}],"collection":[{"href":"https:\/\/www.koonings.com\/fr\/wp-json\/wp\/v2\/product"}],"about":[{"href":"https:\/\/www.koonings.com\/fr\/wp-json\/wp\/v2\/types\/product"}],"wp:featuredmedia":[{"embeddable":true,"href":"https:\/\/www.koonings.com\/fr\/wp-json\/wp\/v2\/media\/39946"}],"wp:attachment":[{"href":"https:\/\/www.koonings.com\/fr\/wp-json\/wp\/v2\/media?parent=77724"}],"wp:term":[{"taxonomy":"productdetails","embeddable":true,"href":"https:\/\/www.koonings.com\/fr\/wp-json\/wp\/v2\/productdetails?post=77724"},{"taxonomy":"productneck","embeddable":true,"href":"https:\/\/www.koonings.com\/fr\/wp-json\/wp\/v2\/productneck?post=77724"},{"taxonomy":"productcolor","embeddable":true,"href":"https:\/\/www.koonings.com\/fr\/wp-json\/wp\/v2\/productcolor?post=77724"},{"taxonomy":"maat","embeddable":true,"href":"https:\/\/www.koonings.com\/fr\/wp-json\/wp\/v2\/maat?post=77724"},{"taxonomy":"productsupplier","embeddable":true,"href":"https:\/\/www.koonings.com\/fr\/wp-json\/wp\/v2\/productsupplier?post=77724"},{"taxonomy":"productsleeve","embeddable":true,"href":"https:\/\/www.koonings.com\/fr\/wp-json\/wp\/v2\/productsleeve?post=77724"},{"taxonomy":"productcategory","embeddable":true,"href":"https:\/\/www.koonings.com\/fr\/wp-json\/wp\/v2\/productcategory?post=77724"},{"taxonomy":"productsilhouette","embeddable":true,"href":"https:\/\/www.koonings.com\/fr\/wp-json\/wp\/v2\/productsilhouette?post=77724"},{"taxonomy":"productstyle","embeddable":true,"href":"https:\/\/www.koonings.com\/fr\/wp-json\/wp\/v2\/productstyle?post=77724"}],"curies":[{"name":"wp","href":"https:\/\/api.w.org\/{rel}","templated":true}]}}