{"id":77693,"date":"2025-07-10T12:20:03","date_gmt":"2025-07-10T10:20:03","guid":{"rendered":"https:\/\/www.koonings.com\/product\/modeca-arieke\/"},"modified":"2025-06-05T12:01:37","modified_gmt":"2025-06-05T10:01:37","slug":"modeca-arieke","status":"publish","type":"product","link":"https:\/\/www.koonings.com\/fr\/product\/modeca-arieke\/","title":{"rendered":"Modeca Arieke"},"content":{"rendered":"<p>Tombez sous le charme de l&#8217;\u00e9tonnante robe de mari\u00e9e A-line Arieke. Dot\u00e9e d&#8217;un d\u00e9collet\u00e9 romantique en forme de c\u0153ur, cette robe poss\u00e8de de magnifiques bretelles amovibles qui vous permettent de changer de look tout au long de la journ\u00e9e. De magnifiques p\u00e9tales de fleurs en 3D ornent le corsage et la jupe.  <\/p>\n","protected":false},"featured_media":20155,"template":"","meta":{"_acf_changed":false,"ghostkit_customizer_options":"","ghostkit_custom_css":"","ghostkit_custom_js_head":"","ghostkit_custom_js_foot":"","ghostkit_typography":""},"productdetails":[],"productneck":[355],"productcolor":[392],"maat":[],"productsupplier":[434],"productsleeve":[357],"productcategory":[18],"productsilhouette":[384],"productstyle":[],"class_list":["post-77693","product","type-product","status-publish","has-post-thumbnail","hentry","productneck-355","productcolor-392","productsupplier-modeca","productsleeve-357","productcategory-trouwjurken","productsilhouette-384"],"acf":[],"yoast_head":"<!-- This site is optimized with the Yoast SEO plugin v27.3 - https:\/\/yoast.com\/product\/yoast-seo-wordpress\/ -->\n<title>Modeca Arieke | Koonings<\/title>\n<meta name=\"description\" content=\"Tombez sous le charme de l&#039;\u00e9tonnante robe de mari\u00e9e A-line Arieke. Dot\u00e9e d&#039;un d\u00e9collet\u00e9 romantique en forme de c\u0153ur, cette robe poss\u00e8de de magnifiques bretelles amovibles qui vous permettent de changer de look tout au long de la journ\u00e9e. De magnifiques p\u00e9tales de fleurs en 3D ornent le corsage et la jupe.\" \/>\n<meta name=\"robots\" content=\"index, follow, max-snippet:-1, max-image-preview:large, max-video-preview:-1\" \/>\n<link rel=\"canonical\" href=\"https:\/\/www.koonings.com\/fr\/product\/modeca-arieke\/\" \/>\n<meta property=\"og:locale\" content=\"fr_FR\" \/>\n<meta property=\"og:type\" content=\"article\" \/>\n<meta property=\"og:title\" content=\"Modeca Arieke | Koonings\" \/>\n<meta property=\"og:description\" content=\"Tombez sous le charme de l&#039;\u00e9tonnante robe de mari\u00e9e A-line Arieke. Dot\u00e9e d&#039;un d\u00e9collet\u00e9 romantique en forme de c\u0153ur, cette robe poss\u00e8de de magnifiques bretelles amovibles qui vous permettent de changer de look tout au long de la journ\u00e9e. De magnifiques p\u00e9tales de fleurs en 3D ornent le corsage et la jupe.\" \/>\n<meta property=\"og:url\" content=\"https:\/\/www.koonings.com\/fr\/product\/modeca-arieke\/\" \/>\n<meta property=\"og:site_name\" content=\"Koonings\" \/>\n<meta property=\"article:publisher\" content=\"https:\/\/www.facebook.com\/kooningstheweddingpalace\" \/>\n<meta property=\"og:image\" content=\"https:\/\/www.koonings.com\/wp-content\/uploads\/2024\/08\/39317_099279ca5df653584f404bad5cebfaaf5a9fe006a143c10dfc7857a05d8ec4c526387d3f.jpeg\" \/>\n\t<meta property=\"og:image:width\" content=\"398\" \/>\n\t<meta property=\"og:image:height\" content=\"708\" \/>\n\t<meta property=\"og:image:type\" content=\"image\/jpeg\" \/>\n<meta name=\"twitter:card\" content=\"summary_large_image\" \/>\n<script type=\"application\/ld+json\" class=\"yoast-schema-graph\">{\"@context\":\"https:\\\/\\\/schema.org\",\"@graph\":[{\"@type\":\"WebPage\",\"@id\":\"https:\\\/\\\/www.koonings.com\\\/fr\\\/product\\\/modeca-arieke\\\/\",\"url\":\"https:\\\/\\\/www.koonings.com\\\/fr\\\/product\\\/modeca-arieke\\\/\",\"name\":\"Modeca Arieke | Koonings\",\"isPartOf\":{\"@id\":\"https:\\\/\\\/www.koonings.com\\\/fr\\\/#website\"},\"primaryImageOfPage\":{\"@id\":\"https:\\\/\\\/www.koonings.com\\\/fr\\\/product\\\/modeca-arieke\\\/#primaryimage\"},\"image\":{\"@id\":\"https:\\\/\\\/www.koonings.com\\\/fr\\\/product\\\/modeca-arieke\\\/#primaryimage\"},\"thumbnailUrl\":\"https:\\\/\\\/www.koonings.com\\\/wp-content\\\/uploads\\\/2024\\\/08\\\/39317_099279ca5df653584f404bad5cebfaaf5a9fe006a143c10dfc7857a05d8ec4c526387d3f.jpeg\",\"datePublished\":\"2025-07-10T10:20:03+00:00\",\"description\":\"Tombez sous le charme de l'\u00e9tonnante robe de mari\u00e9e A-line Arieke. Dot\u00e9e d'un d\u00e9collet\u00e9 romantique en forme de c\u0153ur, cette robe poss\u00e8de de magnifiques bretelles amovibles qui vous permettent de changer de look tout au long de la journ\u00e9e. De magnifiques p\u00e9tales de fleurs en 3D ornent le corsage et la jupe.\",\"breadcrumb\":{\"@id\":\"https:\\\/\\\/www.koonings.com\\\/fr\\\/product\\\/modeca-arieke\\\/#breadcrumb\"},\"inLanguage\":\"fr-FR\",\"potentialAction\":[{\"@type\":\"ReadAction\",\"target\":[\"https:\\\/\\\/www.koonings.com\\\/fr\\\/product\\\/modeca-arieke\\\/\"]}]},{\"@type\":\"ImageObject\",\"inLanguage\":\"fr-FR\",\"@id\":\"https:\\\/\\\/www.koonings.com\\\/fr\\\/product\\\/modeca-arieke\\\/#primaryimage\",\"url\":\"https:\\\/\\\/www.koonings.com\\\/wp-content\\\/uploads\\\/2024\\\/08\\\/39317_099279ca5df653584f404bad5cebfaaf5a9fe006a143c10dfc7857a05d8ec4c526387d3f.jpeg\",\"contentUrl\":\"https:\\\/\\\/www.koonings.com\\\/wp-content\\\/uploads\\\/2024\\\/08\\\/39317_099279ca5df653584f404bad5cebfaaf5a9fe006a143c10dfc7857a05d8ec4c526387d3f.jpeg\",\"width\":398,\"height\":708},{\"@type\":\"BreadcrumbList\",\"@id\":\"https:\\\/\\\/www.koonings.com\\\/fr\\\/product\\\/modeca-arieke\\\/#breadcrumb\",\"itemListElement\":[{\"@type\":\"ListItem\",\"position\":1,\"name\":\"Home\",\"item\":\"https:\\\/\\\/www.koonings.com\\\/fr\\\/\"},{\"@type\":\"ListItem\",\"position\":2,\"name\":\"Modeca Arieke\"}]},{\"@type\":\"WebSite\",\"@id\":\"https:\\\/\\\/www.koonings.com\\\/fr\\\/#website\",\"url\":\"https:\\\/\\\/www.koonings.com\\\/fr\\\/\",\"name\":\"Koonings\",\"description\":\"De grootste bruidsmodewinkel ter wereld\",\"publisher\":{\"@id\":\"https:\\\/\\\/www.koonings.com\\\/fr\\\/#organization\"},\"potentialAction\":[{\"@type\":\"SearchAction\",\"target\":{\"@type\":\"EntryPoint\",\"urlTemplate\":\"https:\\\/\\\/www.koonings.com\\\/fr\\\/?s={search_term_string}\"},\"query-input\":{\"@type\":\"PropertyValueSpecification\",\"valueRequired\":true,\"valueName\":\"search_term_string\"}}],\"inLanguage\":\"fr-FR\"},{\"@type\":\"Organization\",\"@id\":\"https:\\\/\\\/www.koonings.com\\\/fr\\\/#organization\",\"name\":\"Koonings\",\"url\":\"https:\\\/\\\/www.koonings.com\\\/fr\\\/\",\"logo\":{\"@type\":\"ImageObject\",\"inLanguage\":\"fr-FR\",\"@id\":\"https:\\\/\\\/www.koonings.com\\\/fr\\\/#\\\/schema\\\/logo\\\/image\\\/\",\"url\":\"https:\\\/\\\/www.koonings.com\\\/wp-content\\\/uploads\\\/2024\\\/07\\\/logo.png\",\"contentUrl\":\"https:\\\/\\\/www.koonings.com\\\/wp-content\\\/uploads\\\/2024\\\/07\\\/logo.png\",\"width\":600,\"height\":428,\"caption\":\"Koonings\"},\"image\":{\"@id\":\"https:\\\/\\\/www.koonings.com\\\/fr\\\/#\\\/schema\\\/logo\\\/image\\\/\"},\"sameAs\":[\"https:\\\/\\\/www.facebook.com\\\/kooningstheweddingpalace\",\"https:\\\/\\\/www.instagram.com\\\/kooningstheweddingpalace\",\"https:\\\/\\\/www.pinterest.com\\\/koonings\",\"https:\\\/\\\/www.youtube.com\\\/kooningstheweddingpalace\"]}]}<\/script>\n<!-- \/ Yoast SEO plugin. -->","yoast_head_json":{"title":"Modeca Arieke | Koonings","description":"Tombez sous le charme de l'\u00e9tonnante robe de mari\u00e9e A-line Arieke. Dot\u00e9e d'un d\u00e9collet\u00e9 romantique en forme de c\u0153ur, cette robe poss\u00e8de de magnifiques bretelles amovibles qui vous permettent de changer de look tout au long de la journ\u00e9e. De magnifiques p\u00e9tales de fleurs en 3D ornent le corsage et la jupe.","robots":{"index":"index","follow":"follow","max-snippet":"max-snippet:-1","max-image-preview":"max-image-preview:large","max-video-preview":"max-video-preview:-1"},"canonical":"https:\/\/www.koonings.com\/fr\/product\/modeca-arieke\/","og_locale":"fr_FR","og_type":"article","og_title":"Modeca Arieke | Koonings","og_description":"Tombez sous le charme de l'\u00e9tonnante robe de mari\u00e9e A-line Arieke. Dot\u00e9e d'un d\u00e9collet\u00e9 romantique en forme de c\u0153ur, cette robe poss\u00e8de de magnifiques bretelles amovibles qui vous permettent de changer de look tout au long de la journ\u00e9e. De magnifiques p\u00e9tales de fleurs en 3D ornent le corsage et la jupe.","og_url":"https:\/\/www.koonings.com\/fr\/product\/modeca-arieke\/","og_site_name":"Koonings","article_publisher":"https:\/\/www.facebook.com\/kooningstheweddingpalace","og_image":[{"width":398,"height":708,"url":"https:\/\/www.koonings.com\/wp-content\/uploads\/2024\/08\/39317_099279ca5df653584f404bad5cebfaaf5a9fe006a143c10dfc7857a05d8ec4c526387d3f.jpeg","type":"image\/jpeg"}],"twitter_card":"summary_large_image","schema":{"@context":"https:\/\/schema.org","@graph":[{"@type":"WebPage","@id":"https:\/\/www.koonings.com\/fr\/product\/modeca-arieke\/","url":"https:\/\/www.koonings.com\/fr\/product\/modeca-arieke\/","name":"Modeca Arieke | Koonings","isPartOf":{"@id":"https:\/\/www.koonings.com\/fr\/#website"},"primaryImageOfPage":{"@id":"https:\/\/www.koonings.com\/fr\/product\/modeca-arieke\/#primaryimage"},"image":{"@id":"https:\/\/www.koonings.com\/fr\/product\/modeca-arieke\/#primaryimage"},"thumbnailUrl":"https:\/\/www.koonings.com\/wp-content\/uploads\/2024\/08\/39317_099279ca5df653584f404bad5cebfaaf5a9fe006a143c10dfc7857a05d8ec4c526387d3f.jpeg","datePublished":"2025-07-10T10:20:03+00:00","description":"Tombez sous le charme de l'\u00e9tonnante robe de mari\u00e9e A-line Arieke. Dot\u00e9e d'un d\u00e9collet\u00e9 romantique en forme de c\u0153ur, cette robe poss\u00e8de de magnifiques bretelles amovibles qui vous permettent de changer de look tout au long de la journ\u00e9e. De magnifiques p\u00e9tales de fleurs en 3D ornent le corsage et la jupe.","breadcrumb":{"@id":"https:\/\/www.koonings.com\/fr\/product\/modeca-arieke\/#breadcrumb"},"inLanguage":"fr-FR","potentialAction":[{"@type":"ReadAction","target":["https:\/\/www.koonings.com\/fr\/product\/modeca-arieke\/"]}]},{"@type":"ImageObject","inLanguage":"fr-FR","@id":"https:\/\/www.koonings.com\/fr\/product\/modeca-arieke\/#primaryimage","url":"https:\/\/www.koonings.com\/wp-content\/uploads\/2024\/08\/39317_099279ca5df653584f404bad5cebfaaf5a9fe006a143c10dfc7857a05d8ec4c526387d3f.jpeg","contentUrl":"https:\/\/www.koonings.com\/wp-content\/uploads\/2024\/08\/39317_099279ca5df653584f404bad5cebfaaf5a9fe006a143c10dfc7857a05d8ec4c526387d3f.jpeg","width":398,"height":708},{"@type":"BreadcrumbList","@id":"https:\/\/www.koonings.com\/fr\/product\/modeca-arieke\/#breadcrumb","itemListElement":[{"@type":"ListItem","position":1,"name":"Home","item":"https:\/\/www.koonings.com\/fr\/"},{"@type":"ListItem","position":2,"name":"Modeca Arieke"}]},{"@type":"WebSite","@id":"https:\/\/www.koonings.com\/fr\/#website","url":"https:\/\/www.koonings.com\/fr\/","name":"Koonings","description":"De grootste bruidsmodewinkel ter wereld","publisher":{"@id":"https:\/\/www.koonings.com\/fr\/#organization"},"potentialAction":[{"@type":"SearchAction","target":{"@type":"EntryPoint","urlTemplate":"https:\/\/www.koonings.com\/fr\/?s={search_term_string}"},"query-input":{"@type":"PropertyValueSpecification","valueRequired":true,"valueName":"search_term_string"}}],"inLanguage":"fr-FR"},{"@type":"Organization","@id":"https:\/\/www.koonings.com\/fr\/#organization","name":"Koonings","url":"https:\/\/www.koonings.com\/fr\/","logo":{"@type":"ImageObject","inLanguage":"fr-FR","@id":"https:\/\/www.koonings.com\/fr\/#\/schema\/logo\/image\/","url":"https:\/\/www.koonings.com\/wp-content\/uploads\/2024\/07\/logo.png","contentUrl":"https:\/\/www.koonings.com\/wp-content\/uploads\/2024\/07\/logo.png","width":600,"height":428,"caption":"Koonings"},"image":{"@id":"https:\/\/www.koonings.com\/fr\/#\/schema\/logo\/image\/"},"sameAs":["https:\/\/www.facebook.com\/kooningstheweddingpalace","https:\/\/www.instagram.com\/kooningstheweddingpalace","https:\/\/www.pinterest.com\/koonings","https:\/\/www.youtube.com\/kooningstheweddingpalace"]}]}},"_links":{"self":[{"href":"https:\/\/www.koonings.com\/fr\/wp-json\/wp\/v2\/product\/77693","targetHints":{"allow":["GET"]}}],"collection":[{"href":"https:\/\/www.koonings.com\/fr\/wp-json\/wp\/v2\/product"}],"about":[{"href":"https:\/\/www.koonings.com\/fr\/wp-json\/wp\/v2\/types\/product"}],"wp:featuredmedia":[{"embeddable":true,"href":"https:\/\/www.koonings.com\/fr\/wp-json\/wp\/v2\/media\/20155"}],"wp:attachment":[{"href":"https:\/\/www.koonings.com\/fr\/wp-json\/wp\/v2\/media?parent=77693"}],"wp:term":[{"taxonomy":"productdetails","embeddable":true,"href":"https:\/\/www.koonings.com\/fr\/wp-json\/wp\/v2\/productdetails?post=77693"},{"taxonomy":"productneck","embeddable":true,"href":"https:\/\/www.koonings.com\/fr\/wp-json\/wp\/v2\/productneck?post=77693"},{"taxonomy":"productcolor","embeddable":true,"href":"https:\/\/www.koonings.com\/fr\/wp-json\/wp\/v2\/productcolor?post=77693"},{"taxonomy":"maat","embeddable":true,"href":"https:\/\/www.koonings.com\/fr\/wp-json\/wp\/v2\/maat?post=77693"},{"taxonomy":"productsupplier","embeddable":true,"href":"https:\/\/www.koonings.com\/fr\/wp-json\/wp\/v2\/productsupplier?post=77693"},{"taxonomy":"productsleeve","embeddable":true,"href":"https:\/\/www.koonings.com\/fr\/wp-json\/wp\/v2\/productsleeve?post=77693"},{"taxonomy":"productcategory","embeddable":true,"href":"https:\/\/www.koonings.com\/fr\/wp-json\/wp\/v2\/productcategory?post=77693"},{"taxonomy":"productsilhouette","embeddable":true,"href":"https:\/\/www.koonings.com\/fr\/wp-json\/wp\/v2\/productsilhouette?post=77693"},{"taxonomy":"productstyle","embeddable":true,"href":"https:\/\/www.koonings.com\/fr\/wp-json\/wp\/v2\/productstyle?post=77693"}],"curies":[{"name":"wp","href":"https:\/\/api.w.org\/{rel}","templated":true}]}}