{"id":60149,"date":"2026-05-06T15:28:39","date_gmt":"2026-05-06T13:28:39","guid":{"rendered":"https:\/\/www.koonings.com\/product\/cosmobella-8218\/"},"modified":"2025-06-05T13:24:18","modified_gmt":"2025-06-05T11:24:18","slug":"cosmobella-8218","status":"publish","type":"product","link":"https:\/\/www.koonings.com\/fr\/product\/cosmobella-8218\/","title":{"rendered":"Cosmobella 8218"},"content":{"rendered":"<p>Le mod\u00e8le 8220 est l&#8217;incarnation m\u00eame de la sophistication opulente et moderne. Ce mod\u00e8le pr\u00e9sente de la dentelle perl\u00e9e sur un corsage transparent \u00e0 encolure carr\u00e9e et se prolonge par une jupe en tulle aplatie dot\u00e9e d&#8217;une fente surprenante. <\/p>\n","protected":false},"featured_media":55730,"template":"","meta":{"_acf_changed":false,"ghostkit_customizer_options":"","ghostkit_custom_css":"","ghostkit_custom_js_head":"","ghostkit_custom_js_foot":"","ghostkit_typography":""},"productdetails":[376,378,381],"productneck":[352],"productcolor":[393,392],"maat":[],"productsupplier":[400],"productsleeve":[359],"productcategory":[18],"productsilhouette":[384],"productstyle":[370],"class_list":["post-60149","product","type-product","status-publish","has-post-thumbnail","hentry","productdetails-376","productdetails-378","productdetails-381","productneck-352","productcolor-393","productcolor-392","productsupplier-cosmobella","productsleeve-359","productcategory-trouwjurken","productsilhouette-384","productstyle-370"],"acf":[],"yoast_head":"<!-- This site is optimized with the Yoast SEO plugin v27.3 - https:\/\/yoast.com\/product\/yoast-seo-wordpress\/ -->\n<title>Cosmobella 8218 | Koonings<\/title>\n<meta name=\"description\" content=\"Le mod\u00e8le 8220 est l&#039;incarnation m\u00eame de la sophistication opulente et moderne. Ce mod\u00e8le pr\u00e9sente de la dentelle perl\u00e9e sur un corsage transparent \u00e0 encolure carr\u00e9e et se prolonge par une jupe en tulle aplatie dot\u00e9e d&#039;une fente surprenante.\" \/>\n<meta name=\"robots\" content=\"index, follow, max-snippet:-1, max-image-preview:large, max-video-preview:-1\" \/>\n<link rel=\"canonical\" href=\"https:\/\/www.koonings.com\/fr\/product\/cosmobella-8218\/\" \/>\n<meta property=\"og:locale\" content=\"fr_FR\" \/>\n<meta property=\"og:type\" content=\"article\" \/>\n<meta property=\"og:title\" content=\"Cosmobella 8218 | Koonings\" \/>\n<meta property=\"og:description\" content=\"Le mod\u00e8le 8220 est l&#039;incarnation m\u00eame de la sophistication opulente et moderne. Ce mod\u00e8le pr\u00e9sente de la dentelle perl\u00e9e sur un corsage transparent \u00e0 encolure carr\u00e9e et se prolonge par une jupe en tulle aplatie dot\u00e9e d&#039;une fente surprenante.\" \/>\n<meta property=\"og:url\" content=\"https:\/\/www.koonings.com\/fr\/product\/cosmobella-8218\/\" \/>\n<meta property=\"og:site_name\" content=\"Koonings\" \/>\n<meta property=\"article:publisher\" content=\"https:\/\/www.facebook.com\/kooningstheweddingpalace\" \/>\n<meta property=\"og:image\" content=\"https:\/\/www.koonings.com\/wp-content\/uploads\/2024\/11\/49140_da32782d25b5bed6e5a36132b37431cc5cb7a5f432863898163d723781559a956e9ea386-scaled.jpeg\" \/>\n\t<meta property=\"og:image:width\" content=\"1813\" \/>\n\t<meta property=\"og:image:height\" content=\"2560\" \/>\n\t<meta property=\"og:image:type\" content=\"image\/jpeg\" \/>\n<meta name=\"twitter:card\" content=\"summary_large_image\" \/>\n<script type=\"application\/ld+json\" class=\"yoast-schema-graph\">{\"@context\":\"https:\\\/\\\/schema.org\",\"@graph\":[{\"@type\":\"WebPage\",\"@id\":\"https:\\\/\\\/www.koonings.com\\\/fr\\\/product\\\/cosmobella-8218\\\/\",\"url\":\"https:\\\/\\\/www.koonings.com\\\/fr\\\/product\\\/cosmobella-8218\\\/\",\"name\":\"Cosmobella 8218 | Koonings\",\"isPartOf\":{\"@id\":\"https:\\\/\\\/www.koonings.com\\\/fr\\\/#website\"},\"primaryImageOfPage\":{\"@id\":\"https:\\\/\\\/www.koonings.com\\\/fr\\\/product\\\/cosmobella-8218\\\/#primaryimage\"},\"image\":{\"@id\":\"https:\\\/\\\/www.koonings.com\\\/fr\\\/product\\\/cosmobella-8218\\\/#primaryimage\"},\"thumbnailUrl\":\"https:\\\/\\\/www.koonings.com\\\/wp-content\\\/uploads\\\/2024\\\/11\\\/49140_da32782d25b5bed6e5a36132b37431cc5cb7a5f432863898163d723781559a956e9ea386-scaled.jpeg\",\"datePublished\":\"2026-05-06T13:28:39+00:00\",\"description\":\"Le mod\u00e8le 8220 est l'incarnation m\u00eame de la sophistication opulente et moderne. Ce mod\u00e8le pr\u00e9sente de la dentelle perl\u00e9e sur un corsage transparent \u00e0 encolure carr\u00e9e et se prolonge par une jupe en tulle aplatie dot\u00e9e d'une fente surprenante.\",\"breadcrumb\":{\"@id\":\"https:\\\/\\\/www.koonings.com\\\/fr\\\/product\\\/cosmobella-8218\\\/#breadcrumb\"},\"inLanguage\":\"fr-FR\",\"potentialAction\":[{\"@type\":\"ReadAction\",\"target\":[\"https:\\\/\\\/www.koonings.com\\\/fr\\\/product\\\/cosmobella-8218\\\/\"]}]},{\"@type\":\"ImageObject\",\"inLanguage\":\"fr-FR\",\"@id\":\"https:\\\/\\\/www.koonings.com\\\/fr\\\/product\\\/cosmobella-8218\\\/#primaryimage\",\"url\":\"https:\\\/\\\/www.koonings.com\\\/wp-content\\\/uploads\\\/2024\\\/11\\\/49140_da32782d25b5bed6e5a36132b37431cc5cb7a5f432863898163d723781559a956e9ea386-scaled.jpeg\",\"contentUrl\":\"https:\\\/\\\/www.koonings.com\\\/wp-content\\\/uploads\\\/2024\\\/11\\\/49140_da32782d25b5bed6e5a36132b37431cc5cb7a5f432863898163d723781559a956e9ea386-scaled.jpeg\",\"width\":1813,\"height\":2560},{\"@type\":\"BreadcrumbList\",\"@id\":\"https:\\\/\\\/www.koonings.com\\\/fr\\\/product\\\/cosmobella-8218\\\/#breadcrumb\",\"itemListElement\":[{\"@type\":\"ListItem\",\"position\":1,\"name\":\"Home\",\"item\":\"https:\\\/\\\/www.koonings.com\\\/fr\\\/\"},{\"@type\":\"ListItem\",\"position\":2,\"name\":\"Cosmobella 8218\"}]},{\"@type\":\"WebSite\",\"@id\":\"https:\\\/\\\/www.koonings.com\\\/fr\\\/#website\",\"url\":\"https:\\\/\\\/www.koonings.com\\\/fr\\\/\",\"name\":\"Koonings\",\"description\":\"De grootste bruidsmodewinkel ter wereld\",\"publisher\":{\"@id\":\"https:\\\/\\\/www.koonings.com\\\/fr\\\/#organization\"},\"potentialAction\":[{\"@type\":\"SearchAction\",\"target\":{\"@type\":\"EntryPoint\",\"urlTemplate\":\"https:\\\/\\\/www.koonings.com\\\/fr\\\/?s={search_term_string}\"},\"query-input\":{\"@type\":\"PropertyValueSpecification\",\"valueRequired\":true,\"valueName\":\"search_term_string\"}}],\"inLanguage\":\"fr-FR\"},{\"@type\":\"Organization\",\"@id\":\"https:\\\/\\\/www.koonings.com\\\/fr\\\/#organization\",\"name\":\"Koonings\",\"url\":\"https:\\\/\\\/www.koonings.com\\\/fr\\\/\",\"logo\":{\"@type\":\"ImageObject\",\"inLanguage\":\"fr-FR\",\"@id\":\"https:\\\/\\\/www.koonings.com\\\/fr\\\/#\\\/schema\\\/logo\\\/image\\\/\",\"url\":\"https:\\\/\\\/www.koonings.com\\\/wp-content\\\/uploads\\\/2024\\\/07\\\/logo.png\",\"contentUrl\":\"https:\\\/\\\/www.koonings.com\\\/wp-content\\\/uploads\\\/2024\\\/07\\\/logo.png\",\"width\":600,\"height\":428,\"caption\":\"Koonings\"},\"image\":{\"@id\":\"https:\\\/\\\/www.koonings.com\\\/fr\\\/#\\\/schema\\\/logo\\\/image\\\/\"},\"sameAs\":[\"https:\\\/\\\/www.facebook.com\\\/kooningstheweddingpalace\",\"https:\\\/\\\/www.instagram.com\\\/kooningstheweddingpalace\",\"https:\\\/\\\/www.pinterest.com\\\/koonings\",\"https:\\\/\\\/www.youtube.com\\\/kooningstheweddingpalace\"]}]}<\/script>\n<!-- \/ Yoast SEO plugin. -->","yoast_head_json":{"title":"Cosmobella 8218 | Koonings","description":"Le mod\u00e8le 8220 est l'incarnation m\u00eame de la sophistication opulente et moderne. Ce mod\u00e8le pr\u00e9sente de la dentelle perl\u00e9e sur un corsage transparent \u00e0 encolure carr\u00e9e et se prolonge par une jupe en tulle aplatie dot\u00e9e d'une fente surprenante.","robots":{"index":"index","follow":"follow","max-snippet":"max-snippet:-1","max-image-preview":"max-image-preview:large","max-video-preview":"max-video-preview:-1"},"canonical":"https:\/\/www.koonings.com\/fr\/product\/cosmobella-8218\/","og_locale":"fr_FR","og_type":"article","og_title":"Cosmobella 8218 | Koonings","og_description":"Le mod\u00e8le 8220 est l'incarnation m\u00eame de la sophistication opulente et moderne. Ce mod\u00e8le pr\u00e9sente de la dentelle perl\u00e9e sur un corsage transparent \u00e0 encolure carr\u00e9e et se prolonge par une jupe en tulle aplatie dot\u00e9e d'une fente surprenante.","og_url":"https:\/\/www.koonings.com\/fr\/product\/cosmobella-8218\/","og_site_name":"Koonings","article_publisher":"https:\/\/www.facebook.com\/kooningstheweddingpalace","og_image":[{"width":1813,"height":2560,"url":"https:\/\/www.koonings.com\/wp-content\/uploads\/2024\/11\/49140_da32782d25b5bed6e5a36132b37431cc5cb7a5f432863898163d723781559a956e9ea386-scaled.jpeg","type":"image\/jpeg"}],"twitter_card":"summary_large_image","schema":{"@context":"https:\/\/schema.org","@graph":[{"@type":"WebPage","@id":"https:\/\/www.koonings.com\/fr\/product\/cosmobella-8218\/","url":"https:\/\/www.koonings.com\/fr\/product\/cosmobella-8218\/","name":"Cosmobella 8218 | Koonings","isPartOf":{"@id":"https:\/\/www.koonings.com\/fr\/#website"},"primaryImageOfPage":{"@id":"https:\/\/www.koonings.com\/fr\/product\/cosmobella-8218\/#primaryimage"},"image":{"@id":"https:\/\/www.koonings.com\/fr\/product\/cosmobella-8218\/#primaryimage"},"thumbnailUrl":"https:\/\/www.koonings.com\/wp-content\/uploads\/2024\/11\/49140_da32782d25b5bed6e5a36132b37431cc5cb7a5f432863898163d723781559a956e9ea386-scaled.jpeg","datePublished":"2026-05-06T13:28:39+00:00","description":"Le mod\u00e8le 8220 est l'incarnation m\u00eame de la sophistication opulente et moderne. Ce mod\u00e8le pr\u00e9sente de la dentelle perl\u00e9e sur un corsage transparent \u00e0 encolure carr\u00e9e et se prolonge par une jupe en tulle aplatie dot\u00e9e d'une fente surprenante.","breadcrumb":{"@id":"https:\/\/www.koonings.com\/fr\/product\/cosmobella-8218\/#breadcrumb"},"inLanguage":"fr-FR","potentialAction":[{"@type":"ReadAction","target":["https:\/\/www.koonings.com\/fr\/product\/cosmobella-8218\/"]}]},{"@type":"ImageObject","inLanguage":"fr-FR","@id":"https:\/\/www.koonings.com\/fr\/product\/cosmobella-8218\/#primaryimage","url":"https:\/\/www.koonings.com\/wp-content\/uploads\/2024\/11\/49140_da32782d25b5bed6e5a36132b37431cc5cb7a5f432863898163d723781559a956e9ea386-scaled.jpeg","contentUrl":"https:\/\/www.koonings.com\/wp-content\/uploads\/2024\/11\/49140_da32782d25b5bed6e5a36132b37431cc5cb7a5f432863898163d723781559a956e9ea386-scaled.jpeg","width":1813,"height":2560},{"@type":"BreadcrumbList","@id":"https:\/\/www.koonings.com\/fr\/product\/cosmobella-8218\/#breadcrumb","itemListElement":[{"@type":"ListItem","position":1,"name":"Home","item":"https:\/\/www.koonings.com\/fr\/"},{"@type":"ListItem","position":2,"name":"Cosmobella 8218"}]},{"@type":"WebSite","@id":"https:\/\/www.koonings.com\/fr\/#website","url":"https:\/\/www.koonings.com\/fr\/","name":"Koonings","description":"De grootste bruidsmodewinkel ter wereld","publisher":{"@id":"https:\/\/www.koonings.com\/fr\/#organization"},"potentialAction":[{"@type":"SearchAction","target":{"@type":"EntryPoint","urlTemplate":"https:\/\/www.koonings.com\/fr\/?s={search_term_string}"},"query-input":{"@type":"PropertyValueSpecification","valueRequired":true,"valueName":"search_term_string"}}],"inLanguage":"fr-FR"},{"@type":"Organization","@id":"https:\/\/www.koonings.com\/fr\/#organization","name":"Koonings","url":"https:\/\/www.koonings.com\/fr\/","logo":{"@type":"ImageObject","inLanguage":"fr-FR","@id":"https:\/\/www.koonings.com\/fr\/#\/schema\/logo\/image\/","url":"https:\/\/www.koonings.com\/wp-content\/uploads\/2024\/07\/logo.png","contentUrl":"https:\/\/www.koonings.com\/wp-content\/uploads\/2024\/07\/logo.png","width":600,"height":428,"caption":"Koonings"},"image":{"@id":"https:\/\/www.koonings.com\/fr\/#\/schema\/logo\/image\/"},"sameAs":["https:\/\/www.facebook.com\/kooningstheweddingpalace","https:\/\/www.instagram.com\/kooningstheweddingpalace","https:\/\/www.pinterest.com\/koonings","https:\/\/www.youtube.com\/kooningstheweddingpalace"]}]}},"_links":{"self":[{"href":"https:\/\/www.koonings.com\/fr\/wp-json\/wp\/v2\/product\/60149","targetHints":{"allow":["GET"]}}],"collection":[{"href":"https:\/\/www.koonings.com\/fr\/wp-json\/wp\/v2\/product"}],"about":[{"href":"https:\/\/www.koonings.com\/fr\/wp-json\/wp\/v2\/types\/product"}],"wp:featuredmedia":[{"embeddable":true,"href":"https:\/\/www.koonings.com\/fr\/wp-json\/wp\/v2\/media\/55730"}],"wp:attachment":[{"href":"https:\/\/www.koonings.com\/fr\/wp-json\/wp\/v2\/media?parent=60149"}],"wp:term":[{"taxonomy":"productdetails","embeddable":true,"href":"https:\/\/www.koonings.com\/fr\/wp-json\/wp\/v2\/productdetails?post=60149"},{"taxonomy":"productneck","embeddable":true,"href":"https:\/\/www.koonings.com\/fr\/wp-json\/wp\/v2\/productneck?post=60149"},{"taxonomy":"productcolor","embeddable":true,"href":"https:\/\/www.koonings.com\/fr\/wp-json\/wp\/v2\/productcolor?post=60149"},{"taxonomy":"maat","embeddable":true,"href":"https:\/\/www.koonings.com\/fr\/wp-json\/wp\/v2\/maat?post=60149"},{"taxonomy":"productsupplier","embeddable":true,"href":"https:\/\/www.koonings.com\/fr\/wp-json\/wp\/v2\/productsupplier?post=60149"},{"taxonomy":"productsleeve","embeddable":true,"href":"https:\/\/www.koonings.com\/fr\/wp-json\/wp\/v2\/productsleeve?post=60149"},{"taxonomy":"productcategory","embeddable":true,"href":"https:\/\/www.koonings.com\/fr\/wp-json\/wp\/v2\/productcategory?post=60149"},{"taxonomy":"productsilhouette","embeddable":true,"href":"https:\/\/www.koonings.com\/fr\/wp-json\/wp\/v2\/productsilhouette?post=60149"},{"taxonomy":"productstyle","embeddable":true,"href":"https:\/\/www.koonings.com\/fr\/wp-json\/wp\/v2\/productstyle?post=60149"}],"curies":[{"name":"wp","href":"https:\/\/api.w.org\/{rel}","templated":true}]}}