{"id":60144,"date":"2026-04-28T18:28:22","date_gmt":"2026-04-28T16:28:22","guid":{"rendered":"https:\/\/www.koonings.com\/product\/marylise-la-clusaz-1\/"},"modified":"2025-06-05T13:31:04","modified_gmt":"2025-06-05T11:31:04","slug":"marylise-la-clusaz-1","status":"publish","type":"product","link":"https:\/\/www.koonings.com\/fr\/product\/marylise-la-clusaz-1\/","title":{"rendered":"Marylise La Clusaz\/1"},"content":{"rendered":"<p>La Clusaz est une robe de mari\u00e9e flatteuse en cr\u00eape ! Elle a un d\u00e9collet\u00e9 en V avec un petit morceau de tulle beige au milieu. Le dos est ouvert et fait de tulle brod\u00e9 floral translucide. Les manches \u00e9piscopales sont faites du m\u00eame tulle brod\u00e9 et ont des poignets en cr\u00eape. La jupe s&#8217;\u00e9vase en forme de sir\u00e8ne et est fendue. Le m\u00eame tulle que celui du haut descend au centre de la tra\u00eene.     <\/p>\n","protected":false},"featured_media":55633,"template":"","meta":{"_acf_changed":false,"ghostkit_customizer_options":"","ghostkit_custom_css":"","ghostkit_custom_js_head":"","ghostkit_custom_js_foot":"","ghostkit_typography":""},"productdetails":[],"productneck":[],"productcolor":[],"maat":[],"productsupplier":[410],"productsleeve":[],"productcategory":[18],"productsilhouette":[],"productstyle":[364],"class_list":["post-60144","product","type-product","status-publish","has-post-thumbnail","hentry","productsupplier-marylise","productcategory-trouwjurken","productstyle-364"],"acf":[],"yoast_head":"<!-- This site is optimized with the Yoast SEO plugin v27.3 - https:\/\/yoast.com\/product\/yoast-seo-wordpress\/ -->\n<title>Marylise La Clusaz\/1 | Koonings<\/title>\n<meta name=\"description\" content=\"La Clusaz est une robe de mari\u00e9e flatteuse en cr\u00eape ! Elle a un d\u00e9collet\u00e9 en V avec un petit morceau de tulle beige au milieu. Le dos est ouvert et fait de tulle brod\u00e9 floral translucide. Les manches \u00e9piscopales sont faites du m\u00eame tulle brod\u00e9 et ont des poignets en cr\u00eape. La jupe s&#039;\u00e9vase en forme de sir\u00e8ne et est fendue. Le m\u00eame tulle que celui du haut descend au centre de la tra\u00eene.\" \/>\n<meta name=\"robots\" content=\"index, follow, max-snippet:-1, max-image-preview:large, max-video-preview:-1\" \/>\n<link rel=\"canonical\" href=\"https:\/\/www.koonings.com\/fr\/product\/marylise-la-clusaz-1\/\" \/>\n<meta property=\"og:locale\" content=\"fr_FR\" \/>\n<meta property=\"og:type\" content=\"article\" \/>\n<meta property=\"og:title\" content=\"Marylise La Clusaz\/1 | Koonings\" \/>\n<meta property=\"og:description\" content=\"La Clusaz est une robe de mari\u00e9e flatteuse en cr\u00eape ! Elle a un d\u00e9collet\u00e9 en V avec un petit morceau de tulle beige au milieu. Le dos est ouvert et fait de tulle brod\u00e9 floral translucide. Les manches \u00e9piscopales sont faites du m\u00eame tulle brod\u00e9 et ont des poignets en cr\u00eape. La jupe s&#039;\u00e9vase en forme de sir\u00e8ne et est fendue. Le m\u00eame tulle que celui du haut descend au centre de la tra\u00eene.\" \/>\n<meta property=\"og:url\" content=\"https:\/\/www.koonings.com\/fr\/product\/marylise-la-clusaz-1\/\" \/>\n<meta property=\"og:site_name\" content=\"Koonings\" \/>\n<meta property=\"article:publisher\" content=\"https:\/\/www.facebook.com\/kooningstheweddingpalace\" \/>\n<meta property=\"og:image\" content=\"https:\/\/www.koonings.com\/wp-content\/uploads\/2024\/11\/49125_b03ef4b0f65b20b9b852f2e1017adf29e2ecc804ac6bb47090b4bc0efd896cf122da6891-scaled.jpeg\" \/>\n\t<meta property=\"og:image:width\" content=\"1768\" \/>\n\t<meta property=\"og:image:height\" content=\"2560\" \/>\n\t<meta property=\"og:image:type\" content=\"image\/jpeg\" \/>\n<meta name=\"twitter:card\" content=\"summary_large_image\" \/>\n<script type=\"application\/ld+json\" class=\"yoast-schema-graph\">{\"@context\":\"https:\\\/\\\/schema.org\",\"@graph\":[{\"@type\":\"WebPage\",\"@id\":\"https:\\\/\\\/www.koonings.com\\\/fr\\\/product\\\/marylise-la-clusaz-1\\\/\",\"url\":\"https:\\\/\\\/www.koonings.com\\\/fr\\\/product\\\/marylise-la-clusaz-1\\\/\",\"name\":\"Marylise La Clusaz\\\/1 | Koonings\",\"isPartOf\":{\"@id\":\"https:\\\/\\\/www.koonings.com\\\/fr\\\/#website\"},\"primaryImageOfPage\":{\"@id\":\"https:\\\/\\\/www.koonings.com\\\/fr\\\/product\\\/marylise-la-clusaz-1\\\/#primaryimage\"},\"image\":{\"@id\":\"https:\\\/\\\/www.koonings.com\\\/fr\\\/product\\\/marylise-la-clusaz-1\\\/#primaryimage\"},\"thumbnailUrl\":\"https:\\\/\\\/www.koonings.com\\\/wp-content\\\/uploads\\\/2024\\\/11\\\/49125_b03ef4b0f65b20b9b852f2e1017adf29e2ecc804ac6bb47090b4bc0efd896cf122da6891-scaled.jpeg\",\"datePublished\":\"2026-04-28T16:28:22+00:00\",\"description\":\"La Clusaz est une robe de mari\u00e9e flatteuse en cr\u00eape ! Elle a un d\u00e9collet\u00e9 en V avec un petit morceau de tulle beige au milieu. Le dos est ouvert et fait de tulle brod\u00e9 floral translucide. Les manches \u00e9piscopales sont faites du m\u00eame tulle brod\u00e9 et ont des poignets en cr\u00eape. La jupe s'\u00e9vase en forme de sir\u00e8ne et est fendue. Le m\u00eame tulle que celui du haut descend au centre de la tra\u00eene.\",\"breadcrumb\":{\"@id\":\"https:\\\/\\\/www.koonings.com\\\/fr\\\/product\\\/marylise-la-clusaz-1\\\/#breadcrumb\"},\"inLanguage\":\"fr-FR\",\"potentialAction\":[{\"@type\":\"ReadAction\",\"target\":[\"https:\\\/\\\/www.koonings.com\\\/fr\\\/product\\\/marylise-la-clusaz-1\\\/\"]}]},{\"@type\":\"ImageObject\",\"inLanguage\":\"fr-FR\",\"@id\":\"https:\\\/\\\/www.koonings.com\\\/fr\\\/product\\\/marylise-la-clusaz-1\\\/#primaryimage\",\"url\":\"https:\\\/\\\/www.koonings.com\\\/wp-content\\\/uploads\\\/2024\\\/11\\\/49125_b03ef4b0f65b20b9b852f2e1017adf29e2ecc804ac6bb47090b4bc0efd896cf122da6891-scaled.jpeg\",\"contentUrl\":\"https:\\\/\\\/www.koonings.com\\\/wp-content\\\/uploads\\\/2024\\\/11\\\/49125_b03ef4b0f65b20b9b852f2e1017adf29e2ecc804ac6bb47090b4bc0efd896cf122da6891-scaled.jpeg\",\"width\":1768,\"height\":2560},{\"@type\":\"BreadcrumbList\",\"@id\":\"https:\\\/\\\/www.koonings.com\\\/fr\\\/product\\\/marylise-la-clusaz-1\\\/#breadcrumb\",\"itemListElement\":[{\"@type\":\"ListItem\",\"position\":1,\"name\":\"Home\",\"item\":\"https:\\\/\\\/www.koonings.com\\\/fr\\\/\"},{\"@type\":\"ListItem\",\"position\":2,\"name\":\"Marylise La Clusaz\\\/1\"}]},{\"@type\":\"WebSite\",\"@id\":\"https:\\\/\\\/www.koonings.com\\\/fr\\\/#website\",\"url\":\"https:\\\/\\\/www.koonings.com\\\/fr\\\/\",\"name\":\"Koonings\",\"description\":\"De grootste bruidsmodewinkel ter wereld\",\"publisher\":{\"@id\":\"https:\\\/\\\/www.koonings.com\\\/fr\\\/#organization\"},\"potentialAction\":[{\"@type\":\"SearchAction\",\"target\":{\"@type\":\"EntryPoint\",\"urlTemplate\":\"https:\\\/\\\/www.koonings.com\\\/fr\\\/?s={search_term_string}\"},\"query-input\":{\"@type\":\"PropertyValueSpecification\",\"valueRequired\":true,\"valueName\":\"search_term_string\"}}],\"inLanguage\":\"fr-FR\"},{\"@type\":\"Organization\",\"@id\":\"https:\\\/\\\/www.koonings.com\\\/fr\\\/#organization\",\"name\":\"Koonings\",\"url\":\"https:\\\/\\\/www.koonings.com\\\/fr\\\/\",\"logo\":{\"@type\":\"ImageObject\",\"inLanguage\":\"fr-FR\",\"@id\":\"https:\\\/\\\/www.koonings.com\\\/fr\\\/#\\\/schema\\\/logo\\\/image\\\/\",\"url\":\"https:\\\/\\\/www.koonings.com\\\/wp-content\\\/uploads\\\/2024\\\/07\\\/logo.png\",\"contentUrl\":\"https:\\\/\\\/www.koonings.com\\\/wp-content\\\/uploads\\\/2024\\\/07\\\/logo.png\",\"width\":600,\"height\":428,\"caption\":\"Koonings\"},\"image\":{\"@id\":\"https:\\\/\\\/www.koonings.com\\\/fr\\\/#\\\/schema\\\/logo\\\/image\\\/\"},\"sameAs\":[\"https:\\\/\\\/www.facebook.com\\\/kooningstheweddingpalace\",\"https:\\\/\\\/www.instagram.com\\\/kooningstheweddingpalace\",\"https:\\\/\\\/www.pinterest.com\\\/koonings\",\"https:\\\/\\\/www.youtube.com\\\/kooningstheweddingpalace\"]}]}<\/script>\n<!-- \/ Yoast SEO plugin. -->","yoast_head_json":{"title":"Marylise La Clusaz\/1 | Koonings","description":"La Clusaz est une robe de mari\u00e9e flatteuse en cr\u00eape ! Elle a un d\u00e9collet\u00e9 en V avec un petit morceau de tulle beige au milieu. Le dos est ouvert et fait de tulle brod\u00e9 floral translucide. Les manches \u00e9piscopales sont faites du m\u00eame tulle brod\u00e9 et ont des poignets en cr\u00eape. La jupe s'\u00e9vase en forme de sir\u00e8ne et est fendue. Le m\u00eame tulle que celui du haut descend au centre de la tra\u00eene.","robots":{"index":"index","follow":"follow","max-snippet":"max-snippet:-1","max-image-preview":"max-image-preview:large","max-video-preview":"max-video-preview:-1"},"canonical":"https:\/\/www.koonings.com\/fr\/product\/marylise-la-clusaz-1\/","og_locale":"fr_FR","og_type":"article","og_title":"Marylise La Clusaz\/1 | Koonings","og_description":"La Clusaz est une robe de mari\u00e9e flatteuse en cr\u00eape ! Elle a un d\u00e9collet\u00e9 en V avec un petit morceau de tulle beige au milieu. Le dos est ouvert et fait de tulle brod\u00e9 floral translucide. Les manches \u00e9piscopales sont faites du m\u00eame tulle brod\u00e9 et ont des poignets en cr\u00eape. La jupe s'\u00e9vase en forme de sir\u00e8ne et est fendue. Le m\u00eame tulle que celui du haut descend au centre de la tra\u00eene.","og_url":"https:\/\/www.koonings.com\/fr\/product\/marylise-la-clusaz-1\/","og_site_name":"Koonings","article_publisher":"https:\/\/www.facebook.com\/kooningstheweddingpalace","og_image":[{"width":1768,"height":2560,"url":"https:\/\/www.koonings.com\/wp-content\/uploads\/2024\/11\/49125_b03ef4b0f65b20b9b852f2e1017adf29e2ecc804ac6bb47090b4bc0efd896cf122da6891-scaled.jpeg","type":"image\/jpeg"}],"twitter_card":"summary_large_image","schema":{"@context":"https:\/\/schema.org","@graph":[{"@type":"WebPage","@id":"https:\/\/www.koonings.com\/fr\/product\/marylise-la-clusaz-1\/","url":"https:\/\/www.koonings.com\/fr\/product\/marylise-la-clusaz-1\/","name":"Marylise La Clusaz\/1 | Koonings","isPartOf":{"@id":"https:\/\/www.koonings.com\/fr\/#website"},"primaryImageOfPage":{"@id":"https:\/\/www.koonings.com\/fr\/product\/marylise-la-clusaz-1\/#primaryimage"},"image":{"@id":"https:\/\/www.koonings.com\/fr\/product\/marylise-la-clusaz-1\/#primaryimage"},"thumbnailUrl":"https:\/\/www.koonings.com\/wp-content\/uploads\/2024\/11\/49125_b03ef4b0f65b20b9b852f2e1017adf29e2ecc804ac6bb47090b4bc0efd896cf122da6891-scaled.jpeg","datePublished":"2026-04-28T16:28:22+00:00","description":"La Clusaz est une robe de mari\u00e9e flatteuse en cr\u00eape ! Elle a un d\u00e9collet\u00e9 en V avec un petit morceau de tulle beige au milieu. Le dos est ouvert et fait de tulle brod\u00e9 floral translucide. Les manches \u00e9piscopales sont faites du m\u00eame tulle brod\u00e9 et ont des poignets en cr\u00eape. La jupe s'\u00e9vase en forme de sir\u00e8ne et est fendue. Le m\u00eame tulle que celui du haut descend au centre de la tra\u00eene.","breadcrumb":{"@id":"https:\/\/www.koonings.com\/fr\/product\/marylise-la-clusaz-1\/#breadcrumb"},"inLanguage":"fr-FR","potentialAction":[{"@type":"ReadAction","target":["https:\/\/www.koonings.com\/fr\/product\/marylise-la-clusaz-1\/"]}]},{"@type":"ImageObject","inLanguage":"fr-FR","@id":"https:\/\/www.koonings.com\/fr\/product\/marylise-la-clusaz-1\/#primaryimage","url":"https:\/\/www.koonings.com\/wp-content\/uploads\/2024\/11\/49125_b03ef4b0f65b20b9b852f2e1017adf29e2ecc804ac6bb47090b4bc0efd896cf122da6891-scaled.jpeg","contentUrl":"https:\/\/www.koonings.com\/wp-content\/uploads\/2024\/11\/49125_b03ef4b0f65b20b9b852f2e1017adf29e2ecc804ac6bb47090b4bc0efd896cf122da6891-scaled.jpeg","width":1768,"height":2560},{"@type":"BreadcrumbList","@id":"https:\/\/www.koonings.com\/fr\/product\/marylise-la-clusaz-1\/#breadcrumb","itemListElement":[{"@type":"ListItem","position":1,"name":"Home","item":"https:\/\/www.koonings.com\/fr\/"},{"@type":"ListItem","position":2,"name":"Marylise La Clusaz\/1"}]},{"@type":"WebSite","@id":"https:\/\/www.koonings.com\/fr\/#website","url":"https:\/\/www.koonings.com\/fr\/","name":"Koonings","description":"De grootste bruidsmodewinkel ter wereld","publisher":{"@id":"https:\/\/www.koonings.com\/fr\/#organization"},"potentialAction":[{"@type":"SearchAction","target":{"@type":"EntryPoint","urlTemplate":"https:\/\/www.koonings.com\/fr\/?s={search_term_string}"},"query-input":{"@type":"PropertyValueSpecification","valueRequired":true,"valueName":"search_term_string"}}],"inLanguage":"fr-FR"},{"@type":"Organization","@id":"https:\/\/www.koonings.com\/fr\/#organization","name":"Koonings","url":"https:\/\/www.koonings.com\/fr\/","logo":{"@type":"ImageObject","inLanguage":"fr-FR","@id":"https:\/\/www.koonings.com\/fr\/#\/schema\/logo\/image\/","url":"https:\/\/www.koonings.com\/wp-content\/uploads\/2024\/07\/logo.png","contentUrl":"https:\/\/www.koonings.com\/wp-content\/uploads\/2024\/07\/logo.png","width":600,"height":428,"caption":"Koonings"},"image":{"@id":"https:\/\/www.koonings.com\/fr\/#\/schema\/logo\/image\/"},"sameAs":["https:\/\/www.facebook.com\/kooningstheweddingpalace","https:\/\/www.instagram.com\/kooningstheweddingpalace","https:\/\/www.pinterest.com\/koonings","https:\/\/www.youtube.com\/kooningstheweddingpalace"]}]}},"_links":{"self":[{"href":"https:\/\/www.koonings.com\/fr\/wp-json\/wp\/v2\/product\/60144","targetHints":{"allow":["GET"]}}],"collection":[{"href":"https:\/\/www.koonings.com\/fr\/wp-json\/wp\/v2\/product"}],"about":[{"href":"https:\/\/www.koonings.com\/fr\/wp-json\/wp\/v2\/types\/product"}],"wp:featuredmedia":[{"embeddable":true,"href":"https:\/\/www.koonings.com\/fr\/wp-json\/wp\/v2\/media\/55633"}],"wp:attachment":[{"href":"https:\/\/www.koonings.com\/fr\/wp-json\/wp\/v2\/media?parent=60144"}],"wp:term":[{"taxonomy":"productdetails","embeddable":true,"href":"https:\/\/www.koonings.com\/fr\/wp-json\/wp\/v2\/productdetails?post=60144"},{"taxonomy":"productneck","embeddable":true,"href":"https:\/\/www.koonings.com\/fr\/wp-json\/wp\/v2\/productneck?post=60144"},{"taxonomy":"productcolor","embeddable":true,"href":"https:\/\/www.koonings.com\/fr\/wp-json\/wp\/v2\/productcolor?post=60144"},{"taxonomy":"maat","embeddable":true,"href":"https:\/\/www.koonings.com\/fr\/wp-json\/wp\/v2\/maat?post=60144"},{"taxonomy":"productsupplier","embeddable":true,"href":"https:\/\/www.koonings.com\/fr\/wp-json\/wp\/v2\/productsupplier?post=60144"},{"taxonomy":"productsleeve","embeddable":true,"href":"https:\/\/www.koonings.com\/fr\/wp-json\/wp\/v2\/productsleeve?post=60144"},{"taxonomy":"productcategory","embeddable":true,"href":"https:\/\/www.koonings.com\/fr\/wp-json\/wp\/v2\/productcategory?post=60144"},{"taxonomy":"productsilhouette","embeddable":true,"href":"https:\/\/www.koonings.com\/fr\/wp-json\/wp\/v2\/productsilhouette?post=60144"},{"taxonomy":"productstyle","embeddable":true,"href":"https:\/\/www.koonings.com\/fr\/wp-json\/wp\/v2\/productstyle?post=60144"}],"curies":[{"name":"wp","href":"https:\/\/api.w.org\/{rel}","templated":true}]}}