{"id":60126,"date":"2025-12-15T00:46:39","date_gmt":"2025-12-14T23:46:39","guid":{"rendered":"https:\/\/www.koonings.com\/product\/nicolefelicia-nf066\/"},"modified":"2026-02-03T19:24:02","modified_gmt":"2026-02-03T18:24:02","slug":"nicolefelicia-nf066","status":"publish","type":"product","link":"https:\/\/www.koonings.com\/fr\/product\/nicolefelicia-nf066\/","title":{"rendered":"Nicole+Felicia NF066"},"content":{"rendered":"<p>La NF066 de Nicole + Felicia est une mini robe de mari\u00e9e ludique et chic qui combine un peu d&#8217;audace et d&#8217;\u00e9l\u00e9gance. Le bustier est mis en valeur par un d\u00e9collet\u00e9 \u0153il de chat moderne, qui embellit le d\u00e9collet\u00e9 de fa\u00e7on subtile mais \u00e9l\u00e9gante. Le corsage de la robe est en superbe soie Mikado, \u00e9l\u00e9gante et structur\u00e9e, tandis que la jupe s&#8217;\u00e9vase en une ligne A jusqu&#8217;\u00e0 mi-cuisse, juste assez longue pour montrer vos jambes, tout en \u00e9tant tr\u00e8s sophistiqu\u00e9e. Exclusivement disponible chez Koonings Bridal   <\/p>\n","protected":false},"featured_media":56256,"template":"","meta":{"_acf_changed":false,"ghostkit_customizer_options":"","ghostkit_custom_css":"","ghostkit_custom_js_head":"","ghostkit_custom_js_foot":"","ghostkit_typography":""},"productdetails":[381],"productneck":[352,354],"productcolor":[392],"maat":[],"productsupplier":[464],"productsleeve":[],"productcategory":[18],"productsilhouette":[384,386],"productstyle":[367,370,373],"class_list":["post-60126","product","type-product","status-publish","has-post-thumbnail","hentry","productdetails-381","productneck-352","productneck-354","productcolor-392","productsupplier-nicolefelicia","productcategory-trouwjurken","productsilhouette-384","productsilhouette-386","productstyle-367","productstyle-370","productstyle-373"],"acf":[],"yoast_head":"<!-- This site is optimized with the Yoast SEO plugin v27.3 - https:\/\/yoast.com\/product\/yoast-seo-wordpress\/ -->\n<title>Nicole+Felicia NF066 | Koonings<\/title>\n<meta name=\"description\" content=\"La NF066 de Nicole + Felicia est une mini robe de mari\u00e9e ludique et chic qui combine un peu d&#039;audace et d&#039;\u00e9l\u00e9gance. Le bustier est mis en valeur par un d\u00e9collet\u00e9 \u0153il de chat moderne, qui embellit le d\u00e9collet\u00e9 de fa\u00e7on subtile mais \u00e9l\u00e9gante. Le corsage de la robe est en superbe soie Mikado, \u00e9l\u00e9gante et structur\u00e9e, tandis que la jupe s&#039;\u00e9vase en une ligne A jusqu&#039;\u00e0 mi-cuisse, juste assez longue pour montrer vos jambes, tout en \u00e9tant tr\u00e8s sophistiqu\u00e9e. Exclusivement disponible chez Koonings Bridal\" \/>\n<meta name=\"robots\" content=\"index, follow, max-snippet:-1, max-image-preview:large, max-video-preview:-1\" \/>\n<link rel=\"canonical\" href=\"https:\/\/www.koonings.com\/fr\/product\/nicolefelicia-nf066\/\" \/>\n<meta property=\"og:locale\" content=\"fr_FR\" \/>\n<meta property=\"og:type\" content=\"article\" \/>\n<meta property=\"og:title\" content=\"Nicole+Felicia NF066 | Koonings\" \/>\n<meta property=\"og:description\" content=\"La NF066 de Nicole + Felicia est une mini robe de mari\u00e9e ludique et chic qui combine un peu d&#039;audace et d&#039;\u00e9l\u00e9gance. Le bustier est mis en valeur par un d\u00e9collet\u00e9 \u0153il de chat moderne, qui embellit le d\u00e9collet\u00e9 de fa\u00e7on subtile mais \u00e9l\u00e9gante. Le corsage de la robe est en superbe soie Mikado, \u00e9l\u00e9gante et structur\u00e9e, tandis que la jupe s&#039;\u00e9vase en une ligne A jusqu&#039;\u00e0 mi-cuisse, juste assez longue pour montrer vos jambes, tout en \u00e9tant tr\u00e8s sophistiqu\u00e9e. Exclusivement disponible chez Koonings Bridal\" \/>\n<meta property=\"og:url\" content=\"https:\/\/www.koonings.com\/fr\/product\/nicolefelicia-nf066\/\" \/>\n<meta property=\"og:site_name\" content=\"Koonings\" \/>\n<meta property=\"article:publisher\" content=\"https:\/\/www.facebook.com\/kooningstheweddingpalace\" \/>\n<meta property=\"article:modified_time\" content=\"2026-02-03T18:24:02+00:00\" \/>\n<meta property=\"og:image\" content=\"https:\/\/www.koonings.com\/wp-content\/uploads\/2024\/11\/49215_75e85471fa408ff0740bef9bef29d7dc76ad910b11765e09fc3d4be2484be3102bf2afeb-724x1024.jpeg\" \/>\n\t<meta property=\"og:image:width\" content=\"724\" \/>\n\t<meta property=\"og:image:height\" content=\"1024\" \/>\n\t<meta property=\"og:image:type\" content=\"image\/jpeg\" \/>\n<meta name=\"twitter:card\" content=\"summary_large_image\" \/>\n<script type=\"application\/ld+json\" class=\"yoast-schema-graph\">{\"@context\":\"https:\\\/\\\/schema.org\",\"@graph\":[{\"@type\":\"WebPage\",\"@id\":\"https:\\\/\\\/www.koonings.com\\\/fr\\\/product\\\/nicolefelicia-nf066\\\/\",\"url\":\"https:\\\/\\\/www.koonings.com\\\/fr\\\/product\\\/nicolefelicia-nf066\\\/\",\"name\":\"Nicole+Felicia NF066 | Koonings\",\"isPartOf\":{\"@id\":\"https:\\\/\\\/www.koonings.com\\\/fr\\\/#website\"},\"primaryImageOfPage\":{\"@id\":\"https:\\\/\\\/www.koonings.com\\\/fr\\\/product\\\/nicolefelicia-nf066\\\/#primaryimage\"},\"image\":{\"@id\":\"https:\\\/\\\/www.koonings.com\\\/fr\\\/product\\\/nicolefelicia-nf066\\\/#primaryimage\"},\"thumbnailUrl\":\"https:\\\/\\\/www.koonings.com\\\/wp-content\\\/uploads\\\/2024\\\/11\\\/49215_75e85471fa408ff0740bef9bef29d7dc76ad910b11765e09fc3d4be2484be3102bf2afeb.jpeg\",\"datePublished\":\"2025-12-14T23:46:39+00:00\",\"dateModified\":\"2026-02-03T18:24:02+00:00\",\"description\":\"La NF066 de Nicole + Felicia est une mini robe de mari\u00e9e ludique et chic qui combine un peu d'audace et d'\u00e9l\u00e9gance. Le bustier est mis en valeur par un d\u00e9collet\u00e9 \u0153il de chat moderne, qui embellit le d\u00e9collet\u00e9 de fa\u00e7on subtile mais \u00e9l\u00e9gante. Le corsage de la robe est en superbe soie Mikado, \u00e9l\u00e9gante et structur\u00e9e, tandis que la jupe s'\u00e9vase en une ligne A jusqu'\u00e0 mi-cuisse, juste assez longue pour montrer vos jambes, tout en \u00e9tant tr\u00e8s sophistiqu\u00e9e. Exclusivement disponible chez Koonings Bridal\",\"breadcrumb\":{\"@id\":\"https:\\\/\\\/www.koonings.com\\\/fr\\\/product\\\/nicolefelicia-nf066\\\/#breadcrumb\"},\"inLanguage\":\"fr-FR\",\"potentialAction\":[{\"@type\":\"ReadAction\",\"target\":[\"https:\\\/\\\/www.koonings.com\\\/fr\\\/product\\\/nicolefelicia-nf066\\\/\"]}]},{\"@type\":\"ImageObject\",\"inLanguage\":\"fr-FR\",\"@id\":\"https:\\\/\\\/www.koonings.com\\\/fr\\\/product\\\/nicolefelicia-nf066\\\/#primaryimage\",\"url\":\"https:\\\/\\\/www.koonings.com\\\/wp-content\\\/uploads\\\/2024\\\/11\\\/49215_75e85471fa408ff0740bef9bef29d7dc76ad910b11765e09fc3d4be2484be3102bf2afeb.jpeg\",\"contentUrl\":\"https:\\\/\\\/www.koonings.com\\\/wp-content\\\/uploads\\\/2024\\\/11\\\/49215_75e85471fa408ff0740bef9bef29d7dc76ad910b11765e09fc3d4be2484be3102bf2afeb.jpeg\",\"width\":1399,\"height\":1979},{\"@type\":\"BreadcrumbList\",\"@id\":\"https:\\\/\\\/www.koonings.com\\\/fr\\\/product\\\/nicolefelicia-nf066\\\/#breadcrumb\",\"itemListElement\":[{\"@type\":\"ListItem\",\"position\":1,\"name\":\"Home\",\"item\":\"https:\\\/\\\/www.koonings.com\\\/fr\\\/\"},{\"@type\":\"ListItem\",\"position\":2,\"name\":\"Nicole+Felicia NF066\"}]},{\"@type\":\"WebSite\",\"@id\":\"https:\\\/\\\/www.koonings.com\\\/fr\\\/#website\",\"url\":\"https:\\\/\\\/www.koonings.com\\\/fr\\\/\",\"name\":\"Koonings\",\"description\":\"De grootste bruidsmodewinkel ter wereld\",\"publisher\":{\"@id\":\"https:\\\/\\\/www.koonings.com\\\/fr\\\/#organization\"},\"potentialAction\":[{\"@type\":\"SearchAction\",\"target\":{\"@type\":\"EntryPoint\",\"urlTemplate\":\"https:\\\/\\\/www.koonings.com\\\/fr\\\/?s={search_term_string}\"},\"query-input\":{\"@type\":\"PropertyValueSpecification\",\"valueRequired\":true,\"valueName\":\"search_term_string\"}}],\"inLanguage\":\"fr-FR\"},{\"@type\":\"Organization\",\"@id\":\"https:\\\/\\\/www.koonings.com\\\/fr\\\/#organization\",\"name\":\"Koonings\",\"url\":\"https:\\\/\\\/www.koonings.com\\\/fr\\\/\",\"logo\":{\"@type\":\"ImageObject\",\"inLanguage\":\"fr-FR\",\"@id\":\"https:\\\/\\\/www.koonings.com\\\/fr\\\/#\\\/schema\\\/logo\\\/image\\\/\",\"url\":\"https:\\\/\\\/www.koonings.com\\\/wp-content\\\/uploads\\\/2024\\\/07\\\/logo.png\",\"contentUrl\":\"https:\\\/\\\/www.koonings.com\\\/wp-content\\\/uploads\\\/2024\\\/07\\\/logo.png\",\"width\":600,\"height\":428,\"caption\":\"Koonings\"},\"image\":{\"@id\":\"https:\\\/\\\/www.koonings.com\\\/fr\\\/#\\\/schema\\\/logo\\\/image\\\/\"},\"sameAs\":[\"https:\\\/\\\/www.facebook.com\\\/kooningstheweddingpalace\",\"https:\\\/\\\/www.instagram.com\\\/kooningstheweddingpalace\",\"https:\\\/\\\/www.pinterest.com\\\/koonings\",\"https:\\\/\\\/www.youtube.com\\\/kooningstheweddingpalace\"]}]}<\/script>\n<!-- \/ Yoast SEO plugin. -->","yoast_head_json":{"title":"Nicole+Felicia NF066 | Koonings","description":"La NF066 de Nicole + Felicia est une mini robe de mari\u00e9e ludique et chic qui combine un peu d'audace et d'\u00e9l\u00e9gance. Le bustier est mis en valeur par un d\u00e9collet\u00e9 \u0153il de chat moderne, qui embellit le d\u00e9collet\u00e9 de fa\u00e7on subtile mais \u00e9l\u00e9gante. Le corsage de la robe est en superbe soie Mikado, \u00e9l\u00e9gante et structur\u00e9e, tandis que la jupe s'\u00e9vase en une ligne A jusqu'\u00e0 mi-cuisse, juste assez longue pour montrer vos jambes, tout en \u00e9tant tr\u00e8s sophistiqu\u00e9e. Exclusivement disponible chez Koonings Bridal","robots":{"index":"index","follow":"follow","max-snippet":"max-snippet:-1","max-image-preview":"max-image-preview:large","max-video-preview":"max-video-preview:-1"},"canonical":"https:\/\/www.koonings.com\/fr\/product\/nicolefelicia-nf066\/","og_locale":"fr_FR","og_type":"article","og_title":"Nicole+Felicia NF066 | Koonings","og_description":"La NF066 de Nicole + Felicia est une mini robe de mari\u00e9e ludique et chic qui combine un peu d'audace et d'\u00e9l\u00e9gance. Le bustier est mis en valeur par un d\u00e9collet\u00e9 \u0153il de chat moderne, qui embellit le d\u00e9collet\u00e9 de fa\u00e7on subtile mais \u00e9l\u00e9gante. Le corsage de la robe est en superbe soie Mikado, \u00e9l\u00e9gante et structur\u00e9e, tandis que la jupe s'\u00e9vase en une ligne A jusqu'\u00e0 mi-cuisse, juste assez longue pour montrer vos jambes, tout en \u00e9tant tr\u00e8s sophistiqu\u00e9e. Exclusivement disponible chez Koonings Bridal","og_url":"https:\/\/www.koonings.com\/fr\/product\/nicolefelicia-nf066\/","og_site_name":"Koonings","article_publisher":"https:\/\/www.facebook.com\/kooningstheweddingpalace","article_modified_time":"2026-02-03T18:24:02+00:00","og_image":[{"width":724,"height":1024,"url":"https:\/\/www.koonings.com\/wp-content\/uploads\/2024\/11\/49215_75e85471fa408ff0740bef9bef29d7dc76ad910b11765e09fc3d4be2484be3102bf2afeb-724x1024.jpeg","type":"image\/jpeg"}],"twitter_card":"summary_large_image","schema":{"@context":"https:\/\/schema.org","@graph":[{"@type":"WebPage","@id":"https:\/\/www.koonings.com\/fr\/product\/nicolefelicia-nf066\/","url":"https:\/\/www.koonings.com\/fr\/product\/nicolefelicia-nf066\/","name":"Nicole+Felicia NF066 | Koonings","isPartOf":{"@id":"https:\/\/www.koonings.com\/fr\/#website"},"primaryImageOfPage":{"@id":"https:\/\/www.koonings.com\/fr\/product\/nicolefelicia-nf066\/#primaryimage"},"image":{"@id":"https:\/\/www.koonings.com\/fr\/product\/nicolefelicia-nf066\/#primaryimage"},"thumbnailUrl":"https:\/\/www.koonings.com\/wp-content\/uploads\/2024\/11\/49215_75e85471fa408ff0740bef9bef29d7dc76ad910b11765e09fc3d4be2484be3102bf2afeb.jpeg","datePublished":"2025-12-14T23:46:39+00:00","dateModified":"2026-02-03T18:24:02+00:00","description":"La NF066 de Nicole + Felicia est une mini robe de mari\u00e9e ludique et chic qui combine un peu d'audace et d'\u00e9l\u00e9gance. Le bustier est mis en valeur par un d\u00e9collet\u00e9 \u0153il de chat moderne, qui embellit le d\u00e9collet\u00e9 de fa\u00e7on subtile mais \u00e9l\u00e9gante. Le corsage de la robe est en superbe soie Mikado, \u00e9l\u00e9gante et structur\u00e9e, tandis que la jupe s'\u00e9vase en une ligne A jusqu'\u00e0 mi-cuisse, juste assez longue pour montrer vos jambes, tout en \u00e9tant tr\u00e8s sophistiqu\u00e9e. Exclusivement disponible chez Koonings Bridal","breadcrumb":{"@id":"https:\/\/www.koonings.com\/fr\/product\/nicolefelicia-nf066\/#breadcrumb"},"inLanguage":"fr-FR","potentialAction":[{"@type":"ReadAction","target":["https:\/\/www.koonings.com\/fr\/product\/nicolefelicia-nf066\/"]}]},{"@type":"ImageObject","inLanguage":"fr-FR","@id":"https:\/\/www.koonings.com\/fr\/product\/nicolefelicia-nf066\/#primaryimage","url":"https:\/\/www.koonings.com\/wp-content\/uploads\/2024\/11\/49215_75e85471fa408ff0740bef9bef29d7dc76ad910b11765e09fc3d4be2484be3102bf2afeb.jpeg","contentUrl":"https:\/\/www.koonings.com\/wp-content\/uploads\/2024\/11\/49215_75e85471fa408ff0740bef9bef29d7dc76ad910b11765e09fc3d4be2484be3102bf2afeb.jpeg","width":1399,"height":1979},{"@type":"BreadcrumbList","@id":"https:\/\/www.koonings.com\/fr\/product\/nicolefelicia-nf066\/#breadcrumb","itemListElement":[{"@type":"ListItem","position":1,"name":"Home","item":"https:\/\/www.koonings.com\/fr\/"},{"@type":"ListItem","position":2,"name":"Nicole+Felicia NF066"}]},{"@type":"WebSite","@id":"https:\/\/www.koonings.com\/fr\/#website","url":"https:\/\/www.koonings.com\/fr\/","name":"Koonings","description":"De grootste bruidsmodewinkel ter wereld","publisher":{"@id":"https:\/\/www.koonings.com\/fr\/#organization"},"potentialAction":[{"@type":"SearchAction","target":{"@type":"EntryPoint","urlTemplate":"https:\/\/www.koonings.com\/fr\/?s={search_term_string}"},"query-input":{"@type":"PropertyValueSpecification","valueRequired":true,"valueName":"search_term_string"}}],"inLanguage":"fr-FR"},{"@type":"Organization","@id":"https:\/\/www.koonings.com\/fr\/#organization","name":"Koonings","url":"https:\/\/www.koonings.com\/fr\/","logo":{"@type":"ImageObject","inLanguage":"fr-FR","@id":"https:\/\/www.koonings.com\/fr\/#\/schema\/logo\/image\/","url":"https:\/\/www.koonings.com\/wp-content\/uploads\/2024\/07\/logo.png","contentUrl":"https:\/\/www.koonings.com\/wp-content\/uploads\/2024\/07\/logo.png","width":600,"height":428,"caption":"Koonings"},"image":{"@id":"https:\/\/www.koonings.com\/fr\/#\/schema\/logo\/image\/"},"sameAs":["https:\/\/www.facebook.com\/kooningstheweddingpalace","https:\/\/www.instagram.com\/kooningstheweddingpalace","https:\/\/www.pinterest.com\/koonings","https:\/\/www.youtube.com\/kooningstheweddingpalace"]}]}},"_links":{"self":[{"href":"https:\/\/www.koonings.com\/fr\/wp-json\/wp\/v2\/product\/60126","targetHints":{"allow":["GET"]}}],"collection":[{"href":"https:\/\/www.koonings.com\/fr\/wp-json\/wp\/v2\/product"}],"about":[{"href":"https:\/\/www.koonings.com\/fr\/wp-json\/wp\/v2\/types\/product"}],"wp:featuredmedia":[{"embeddable":true,"href":"https:\/\/www.koonings.com\/fr\/wp-json\/wp\/v2\/media\/56256"}],"wp:attachment":[{"href":"https:\/\/www.koonings.com\/fr\/wp-json\/wp\/v2\/media?parent=60126"}],"wp:term":[{"taxonomy":"productdetails","embeddable":true,"href":"https:\/\/www.koonings.com\/fr\/wp-json\/wp\/v2\/productdetails?post=60126"},{"taxonomy":"productneck","embeddable":true,"href":"https:\/\/www.koonings.com\/fr\/wp-json\/wp\/v2\/productneck?post=60126"},{"taxonomy":"productcolor","embeddable":true,"href":"https:\/\/www.koonings.com\/fr\/wp-json\/wp\/v2\/productcolor?post=60126"},{"taxonomy":"maat","embeddable":true,"href":"https:\/\/www.koonings.com\/fr\/wp-json\/wp\/v2\/maat?post=60126"},{"taxonomy":"productsupplier","embeddable":true,"href":"https:\/\/www.koonings.com\/fr\/wp-json\/wp\/v2\/productsupplier?post=60126"},{"taxonomy":"productsleeve","embeddable":true,"href":"https:\/\/www.koonings.com\/fr\/wp-json\/wp\/v2\/productsleeve?post=60126"},{"taxonomy":"productcategory","embeddable":true,"href":"https:\/\/www.koonings.com\/fr\/wp-json\/wp\/v2\/productcategory?post=60126"},{"taxonomy":"productsilhouette","embeddable":true,"href":"https:\/\/www.koonings.com\/fr\/wp-json\/wp\/v2\/productsilhouette?post=60126"},{"taxonomy":"productstyle","embeddable":true,"href":"https:\/\/www.koonings.com\/fr\/wp-json\/wp\/v2\/productstyle?post=60126"}],"curies":[{"name":"wp","href":"https:\/\/api.w.org\/{rel}","templated":true}]}}