{"id":60108,"date":"2026-05-06T15:30:05","date_gmt":"2026-05-06T13:30:05","guid":{"rendered":"https:\/\/www.koonings.com\/product\/oksana-mukha-megan-with-lining\/"},"modified":"2025-06-05T13:25:26","modified_gmt":"2025-06-05T11:25:26","slug":"oksana-mukha-megan-with-lining","status":"publish","type":"product","link":"https:\/\/www.koonings.com\/fr\/product\/oksana-mukha-megan-with-lining\/","title":{"rendered":"Oksana Mukha Megan with lining"},"content":{"rendered":"<p>Robe a-line avec bretelles drap\u00e9es et jupe enveloppante. Corsage avec bonnets, dos ouvert, fermeture \u00e0 glissi\u00e8re. Longueur de la tra\u00eene &#8211; 70 cm. D\u00e9cor : appliques de dentelle, broderie de paillettes, fleurs faites \u00e0 la main. Mati\u00e8re principale &#8211; tulle avec paillettes. La robe est semi-transparente.     <\/p>\n","protected":false},"featured_media":56346,"template":"","meta":{"_acf_changed":false,"ghostkit_customizer_options":"","ghostkit_custom_css":"","ghostkit_custom_js_head":"","ghostkit_custom_js_foot":"","ghostkit_typography":""},"productdetails":[378],"productneck":[354,356],"productcolor":[392],"maat":[],"productsupplier":[465],"productsleeve":[],"productcategory":[18],"productsilhouette":[384,389],"productstyle":[366,370],"class_list":["post-60108","product","type-product","status-publish","has-post-thumbnail","hentry","productdetails-378","productneck-354","productneck-356","productcolor-392","productsupplier-oksana-mukha","productcategory-trouwjurken","productsilhouette-384","productsilhouette-389","productstyle-366","productstyle-370"],"acf":[],"yoast_head":"<!-- This site is optimized with the Yoast SEO plugin v27.3 - https:\/\/yoast.com\/product\/yoast-seo-wordpress\/ -->\n<title>Oksana Mukha Megan with lining | Koonings<\/title>\n<meta name=\"description\" content=\"Robe a-line avec bretelles drap\u00e9es et jupe enveloppante. Corsage avec bonnets, dos ouvert, fermeture \u00e0 glissi\u00e8re. Longueur de la tra\u00eene - 70 cm. D\u00e9cor : appliques de dentelle, broderie de paillettes, fleurs faites \u00e0 la main. Mati\u00e8re principale - tulle avec paillettes. La robe est semi-transparente.\" \/>\n<meta name=\"robots\" content=\"index, follow, max-snippet:-1, max-image-preview:large, max-video-preview:-1\" \/>\n<link rel=\"canonical\" href=\"https:\/\/www.koonings.com\/fr\/product\/oksana-mukha-megan-with-lining\/\" \/>\n<meta property=\"og:locale\" content=\"fr_FR\" \/>\n<meta property=\"og:type\" content=\"article\" \/>\n<meta property=\"og:title\" content=\"Oksana Mukha Megan with lining | Koonings\" \/>\n<meta property=\"og:description\" content=\"Robe a-line avec bretelles drap\u00e9es et jupe enveloppante. Corsage avec bonnets, dos ouvert, fermeture \u00e0 glissi\u00e8re. Longueur de la tra\u00eene - 70 cm. D\u00e9cor : appliques de dentelle, broderie de paillettes, fleurs faites \u00e0 la main. Mati\u00e8re principale - tulle avec paillettes. La robe est semi-transparente.\" \/>\n<meta property=\"og:url\" content=\"https:\/\/www.koonings.com\/fr\/product\/oksana-mukha-megan-with-lining\/\" \/>\n<meta property=\"og:site_name\" content=\"Koonings\" \/>\n<meta property=\"article:publisher\" content=\"https:\/\/www.facebook.com\/kooningstheweddingpalace\" \/>\n<meta property=\"og:image\" content=\"https:\/\/www.koonings.com\/wp-content\/uploads\/2024\/11\/49236_1bfc2e2329084d15ff0588b34b968828f2059303c16592e6d869384ab5117cd1bbcb31e2.jpeg\" \/>\n\t<meta property=\"og:image:width\" content=\"954\" \/>\n\t<meta property=\"og:image:height\" content=\"1351\" \/>\n\t<meta property=\"og:image:type\" content=\"image\/jpeg\" \/>\n<meta name=\"twitter:card\" content=\"summary_large_image\" \/>\n<script type=\"application\/ld+json\" class=\"yoast-schema-graph\">{\"@context\":\"https:\\\/\\\/schema.org\",\"@graph\":[{\"@type\":\"WebPage\",\"@id\":\"https:\\\/\\\/www.koonings.com\\\/fr\\\/product\\\/oksana-mukha-megan-with-lining\\\/\",\"url\":\"https:\\\/\\\/www.koonings.com\\\/fr\\\/product\\\/oksana-mukha-megan-with-lining\\\/\",\"name\":\"Oksana Mukha Megan with lining | Koonings\",\"isPartOf\":{\"@id\":\"https:\\\/\\\/www.koonings.com\\\/fr\\\/#website\"},\"primaryImageOfPage\":{\"@id\":\"https:\\\/\\\/www.koonings.com\\\/fr\\\/product\\\/oksana-mukha-megan-with-lining\\\/#primaryimage\"},\"image\":{\"@id\":\"https:\\\/\\\/www.koonings.com\\\/fr\\\/product\\\/oksana-mukha-megan-with-lining\\\/#primaryimage\"},\"thumbnailUrl\":\"https:\\\/\\\/www.koonings.com\\\/wp-content\\\/uploads\\\/2024\\\/11\\\/49236_1bfc2e2329084d15ff0588b34b968828f2059303c16592e6d869384ab5117cd1bbcb31e2.jpeg\",\"datePublished\":\"2026-05-06T13:30:05+00:00\",\"description\":\"Robe a-line avec bretelles drap\u00e9es et jupe enveloppante. Corsage avec bonnets, dos ouvert, fermeture \u00e0 glissi\u00e8re. Longueur de la tra\u00eene - 70 cm. D\u00e9cor : appliques de dentelle, broderie de paillettes, fleurs faites \u00e0 la main. Mati\u00e8re principale - tulle avec paillettes. La robe est semi-transparente.\",\"breadcrumb\":{\"@id\":\"https:\\\/\\\/www.koonings.com\\\/fr\\\/product\\\/oksana-mukha-megan-with-lining\\\/#breadcrumb\"},\"inLanguage\":\"fr-FR\",\"potentialAction\":[{\"@type\":\"ReadAction\",\"target\":[\"https:\\\/\\\/www.koonings.com\\\/fr\\\/product\\\/oksana-mukha-megan-with-lining\\\/\"]}]},{\"@type\":\"ImageObject\",\"inLanguage\":\"fr-FR\",\"@id\":\"https:\\\/\\\/www.koonings.com\\\/fr\\\/product\\\/oksana-mukha-megan-with-lining\\\/#primaryimage\",\"url\":\"https:\\\/\\\/www.koonings.com\\\/wp-content\\\/uploads\\\/2024\\\/11\\\/49236_1bfc2e2329084d15ff0588b34b968828f2059303c16592e6d869384ab5117cd1bbcb31e2.jpeg\",\"contentUrl\":\"https:\\\/\\\/www.koonings.com\\\/wp-content\\\/uploads\\\/2024\\\/11\\\/49236_1bfc2e2329084d15ff0588b34b968828f2059303c16592e6d869384ab5117cd1bbcb31e2.jpeg\",\"width\":954,\"height\":1351},{\"@type\":\"BreadcrumbList\",\"@id\":\"https:\\\/\\\/www.koonings.com\\\/fr\\\/product\\\/oksana-mukha-megan-with-lining\\\/#breadcrumb\",\"itemListElement\":[{\"@type\":\"ListItem\",\"position\":1,\"name\":\"Home\",\"item\":\"https:\\\/\\\/www.koonings.com\\\/fr\\\/\"},{\"@type\":\"ListItem\",\"position\":2,\"name\":\"Oksana Mukha Megan with lining\"}]},{\"@type\":\"WebSite\",\"@id\":\"https:\\\/\\\/www.koonings.com\\\/fr\\\/#website\",\"url\":\"https:\\\/\\\/www.koonings.com\\\/fr\\\/\",\"name\":\"Koonings\",\"description\":\"De grootste bruidsmodewinkel ter wereld\",\"publisher\":{\"@id\":\"https:\\\/\\\/www.koonings.com\\\/fr\\\/#organization\"},\"potentialAction\":[{\"@type\":\"SearchAction\",\"target\":{\"@type\":\"EntryPoint\",\"urlTemplate\":\"https:\\\/\\\/www.koonings.com\\\/fr\\\/?s={search_term_string}\"},\"query-input\":{\"@type\":\"PropertyValueSpecification\",\"valueRequired\":true,\"valueName\":\"search_term_string\"}}],\"inLanguage\":\"fr-FR\"},{\"@type\":\"Organization\",\"@id\":\"https:\\\/\\\/www.koonings.com\\\/fr\\\/#organization\",\"name\":\"Koonings\",\"url\":\"https:\\\/\\\/www.koonings.com\\\/fr\\\/\",\"logo\":{\"@type\":\"ImageObject\",\"inLanguage\":\"fr-FR\",\"@id\":\"https:\\\/\\\/www.koonings.com\\\/fr\\\/#\\\/schema\\\/logo\\\/image\\\/\",\"url\":\"https:\\\/\\\/www.koonings.com\\\/wp-content\\\/uploads\\\/2024\\\/07\\\/logo.png\",\"contentUrl\":\"https:\\\/\\\/www.koonings.com\\\/wp-content\\\/uploads\\\/2024\\\/07\\\/logo.png\",\"width\":600,\"height\":428,\"caption\":\"Koonings\"},\"image\":{\"@id\":\"https:\\\/\\\/www.koonings.com\\\/fr\\\/#\\\/schema\\\/logo\\\/image\\\/\"},\"sameAs\":[\"https:\\\/\\\/www.facebook.com\\\/kooningstheweddingpalace\",\"https:\\\/\\\/www.instagram.com\\\/kooningstheweddingpalace\",\"https:\\\/\\\/www.pinterest.com\\\/koonings\",\"https:\\\/\\\/www.youtube.com\\\/kooningstheweddingpalace\"]}]}<\/script>\n<!-- \/ Yoast SEO plugin. -->","yoast_head_json":{"title":"Oksana Mukha Megan with lining | Koonings","description":"Robe a-line avec bretelles drap\u00e9es et jupe enveloppante. Corsage avec bonnets, dos ouvert, fermeture \u00e0 glissi\u00e8re. Longueur de la tra\u00eene - 70 cm. D\u00e9cor : appliques de dentelle, broderie de paillettes, fleurs faites \u00e0 la main. Mati\u00e8re principale - tulle avec paillettes. La robe est semi-transparente.","robots":{"index":"index","follow":"follow","max-snippet":"max-snippet:-1","max-image-preview":"max-image-preview:large","max-video-preview":"max-video-preview:-1"},"canonical":"https:\/\/www.koonings.com\/fr\/product\/oksana-mukha-megan-with-lining\/","og_locale":"fr_FR","og_type":"article","og_title":"Oksana Mukha Megan with lining | Koonings","og_description":"Robe a-line avec bretelles drap\u00e9es et jupe enveloppante. Corsage avec bonnets, dos ouvert, fermeture \u00e0 glissi\u00e8re. Longueur de la tra\u00eene - 70 cm. D\u00e9cor : appliques de dentelle, broderie de paillettes, fleurs faites \u00e0 la main. Mati\u00e8re principale - tulle avec paillettes. La robe est semi-transparente.","og_url":"https:\/\/www.koonings.com\/fr\/product\/oksana-mukha-megan-with-lining\/","og_site_name":"Koonings","article_publisher":"https:\/\/www.facebook.com\/kooningstheweddingpalace","og_image":[{"width":954,"height":1351,"url":"https:\/\/www.koonings.com\/wp-content\/uploads\/2024\/11\/49236_1bfc2e2329084d15ff0588b34b968828f2059303c16592e6d869384ab5117cd1bbcb31e2.jpeg","type":"image\/jpeg"}],"twitter_card":"summary_large_image","schema":{"@context":"https:\/\/schema.org","@graph":[{"@type":"WebPage","@id":"https:\/\/www.koonings.com\/fr\/product\/oksana-mukha-megan-with-lining\/","url":"https:\/\/www.koonings.com\/fr\/product\/oksana-mukha-megan-with-lining\/","name":"Oksana Mukha Megan with lining | Koonings","isPartOf":{"@id":"https:\/\/www.koonings.com\/fr\/#website"},"primaryImageOfPage":{"@id":"https:\/\/www.koonings.com\/fr\/product\/oksana-mukha-megan-with-lining\/#primaryimage"},"image":{"@id":"https:\/\/www.koonings.com\/fr\/product\/oksana-mukha-megan-with-lining\/#primaryimage"},"thumbnailUrl":"https:\/\/www.koonings.com\/wp-content\/uploads\/2024\/11\/49236_1bfc2e2329084d15ff0588b34b968828f2059303c16592e6d869384ab5117cd1bbcb31e2.jpeg","datePublished":"2026-05-06T13:30:05+00:00","description":"Robe a-line avec bretelles drap\u00e9es et jupe enveloppante. Corsage avec bonnets, dos ouvert, fermeture \u00e0 glissi\u00e8re. Longueur de la tra\u00eene - 70 cm. D\u00e9cor : appliques de dentelle, broderie de paillettes, fleurs faites \u00e0 la main. Mati\u00e8re principale - tulle avec paillettes. La robe est semi-transparente.","breadcrumb":{"@id":"https:\/\/www.koonings.com\/fr\/product\/oksana-mukha-megan-with-lining\/#breadcrumb"},"inLanguage":"fr-FR","potentialAction":[{"@type":"ReadAction","target":["https:\/\/www.koonings.com\/fr\/product\/oksana-mukha-megan-with-lining\/"]}]},{"@type":"ImageObject","inLanguage":"fr-FR","@id":"https:\/\/www.koonings.com\/fr\/product\/oksana-mukha-megan-with-lining\/#primaryimage","url":"https:\/\/www.koonings.com\/wp-content\/uploads\/2024\/11\/49236_1bfc2e2329084d15ff0588b34b968828f2059303c16592e6d869384ab5117cd1bbcb31e2.jpeg","contentUrl":"https:\/\/www.koonings.com\/wp-content\/uploads\/2024\/11\/49236_1bfc2e2329084d15ff0588b34b968828f2059303c16592e6d869384ab5117cd1bbcb31e2.jpeg","width":954,"height":1351},{"@type":"BreadcrumbList","@id":"https:\/\/www.koonings.com\/fr\/product\/oksana-mukha-megan-with-lining\/#breadcrumb","itemListElement":[{"@type":"ListItem","position":1,"name":"Home","item":"https:\/\/www.koonings.com\/fr\/"},{"@type":"ListItem","position":2,"name":"Oksana Mukha Megan with lining"}]},{"@type":"WebSite","@id":"https:\/\/www.koonings.com\/fr\/#website","url":"https:\/\/www.koonings.com\/fr\/","name":"Koonings","description":"De grootste bruidsmodewinkel ter wereld","publisher":{"@id":"https:\/\/www.koonings.com\/fr\/#organization"},"potentialAction":[{"@type":"SearchAction","target":{"@type":"EntryPoint","urlTemplate":"https:\/\/www.koonings.com\/fr\/?s={search_term_string}"},"query-input":{"@type":"PropertyValueSpecification","valueRequired":true,"valueName":"search_term_string"}}],"inLanguage":"fr-FR"},{"@type":"Organization","@id":"https:\/\/www.koonings.com\/fr\/#organization","name":"Koonings","url":"https:\/\/www.koonings.com\/fr\/","logo":{"@type":"ImageObject","inLanguage":"fr-FR","@id":"https:\/\/www.koonings.com\/fr\/#\/schema\/logo\/image\/","url":"https:\/\/www.koonings.com\/wp-content\/uploads\/2024\/07\/logo.png","contentUrl":"https:\/\/www.koonings.com\/wp-content\/uploads\/2024\/07\/logo.png","width":600,"height":428,"caption":"Koonings"},"image":{"@id":"https:\/\/www.koonings.com\/fr\/#\/schema\/logo\/image\/"},"sameAs":["https:\/\/www.facebook.com\/kooningstheweddingpalace","https:\/\/www.instagram.com\/kooningstheweddingpalace","https:\/\/www.pinterest.com\/koonings","https:\/\/www.youtube.com\/kooningstheweddingpalace"]}]}},"_links":{"self":[{"href":"https:\/\/www.koonings.com\/fr\/wp-json\/wp\/v2\/product\/60108","targetHints":{"allow":["GET"]}}],"collection":[{"href":"https:\/\/www.koonings.com\/fr\/wp-json\/wp\/v2\/product"}],"about":[{"href":"https:\/\/www.koonings.com\/fr\/wp-json\/wp\/v2\/types\/product"}],"wp:featuredmedia":[{"embeddable":true,"href":"https:\/\/www.koonings.com\/fr\/wp-json\/wp\/v2\/media\/56346"}],"wp:attachment":[{"href":"https:\/\/www.koonings.com\/fr\/wp-json\/wp\/v2\/media?parent=60108"}],"wp:term":[{"taxonomy":"productdetails","embeddable":true,"href":"https:\/\/www.koonings.com\/fr\/wp-json\/wp\/v2\/productdetails?post=60108"},{"taxonomy":"productneck","embeddable":true,"href":"https:\/\/www.koonings.com\/fr\/wp-json\/wp\/v2\/productneck?post=60108"},{"taxonomy":"productcolor","embeddable":true,"href":"https:\/\/www.koonings.com\/fr\/wp-json\/wp\/v2\/productcolor?post=60108"},{"taxonomy":"maat","embeddable":true,"href":"https:\/\/www.koonings.com\/fr\/wp-json\/wp\/v2\/maat?post=60108"},{"taxonomy":"productsupplier","embeddable":true,"href":"https:\/\/www.koonings.com\/fr\/wp-json\/wp\/v2\/productsupplier?post=60108"},{"taxonomy":"productsleeve","embeddable":true,"href":"https:\/\/www.koonings.com\/fr\/wp-json\/wp\/v2\/productsleeve?post=60108"},{"taxonomy":"productcategory","embeddable":true,"href":"https:\/\/www.koonings.com\/fr\/wp-json\/wp\/v2\/productcategory?post=60108"},{"taxonomy":"productsilhouette","embeddable":true,"href":"https:\/\/www.koonings.com\/fr\/wp-json\/wp\/v2\/productsilhouette?post=60108"},{"taxonomy":"productstyle","embeddable":true,"href":"https:\/\/www.koonings.com\/fr\/wp-json\/wp\/v2\/productstyle?post=60108"}],"curies":[{"name":"wp","href":"https:\/\/api.w.org\/{rel}","templated":true}]}}