{"id":60099,"date":"2025-07-10T12:44:01","date_gmt":"2025-07-10T10:44:01","guid":{"rendered":"https:\/\/www.koonings.com\/product\/white-one-by-st-patrick-ginza-w1125cc1\/"},"modified":"2025-06-05T13:29:25","modified_gmt":"2025-06-05T11:29:25","slug":"white-one-by-st-patrick-ginza-w1125cc1","status":"publish","type":"product","link":"https:\/\/www.koonings.com\/fr\/product\/white-one-by-st-patrick-ginza-w1125cc1\/","title":{"rendered":"White One by St. Patrick Ginza W1125CC1"},"content":{"rendered":"<p>La sophistication du mod\u00e8le GINZA plaira aux mari\u00e9es qui souhaitent porter un mod\u00e8le simple et \u00e9l\u00e9gant pour leur grand jour. Fabriqu\u00e9 en cr\u00eape, le mod\u00e8le pr\u00e9sente un design semi-transparent avec de la dentelle et des strass sur le corsage, de fines bretelles, un profond d\u00e9collet\u00e9 en c\u0153ur sur le devant et un dos en V. La jupe unie tombe de la taille pour accentuer la silhouette de la mari\u00e9e. La jupe unie tombe \u00e0 partir de la taille pour souligner la silhouette de la mari\u00e9e.  <\/p>\n","protected":false},"featured_media":54352,"template":"","meta":{"_acf_changed":false,"ghostkit_customizer_options":"","ghostkit_custom_css":"","ghostkit_custom_js_head":"","ghostkit_custom_js_foot":"","ghostkit_typography":""},"productdetails":[],"productneck":[355],"productcolor":[392],"maat":[],"productsupplier":[420],"productsleeve":[359],"productcategory":[18],"productsilhouette":[387],"productstyle":[],"class_list":["post-60099","product","type-product","status-publish","has-post-thumbnail","hentry","productneck-355","productcolor-392","productsupplier-white-one-by-st-patrick","productsleeve-359","productcategory-trouwjurken","productsilhouette-387"],"acf":[],"yoast_head":"<!-- This site is optimized with the Yoast SEO plugin v27.3 - https:\/\/yoast.com\/product\/yoast-seo-wordpress\/ -->\n<title>White One by St. Patrick Ginza W1125CC1 | Koonings<\/title>\n<meta name=\"description\" content=\"La sophistication du mod\u00e8le GINZA plaira aux mari\u00e9es qui souhaitent porter un mod\u00e8le simple et \u00e9l\u00e9gant pour leur grand jour. Fabriqu\u00e9 en cr\u00eape, le mod\u00e8le pr\u00e9sente un design semi-transparent avec de la dentelle et des strass sur le corsage, de fines bretelles, un profond d\u00e9collet\u00e9 en c\u0153ur sur le devant et un dos en V. La jupe unie tombe de la taille pour accentuer la silhouette de la mari\u00e9e. La jupe unie tombe \u00e0 partir de la taille pour souligner la silhouette de la mari\u00e9e.\" \/>\n<meta name=\"robots\" content=\"index, follow, max-snippet:-1, max-image-preview:large, max-video-preview:-1\" \/>\n<link rel=\"canonical\" href=\"https:\/\/www.koonings.com\/fr\/product\/white-one-by-st-patrick-ginza-w1125cc1\/\" \/>\n<meta property=\"og:locale\" content=\"fr_FR\" \/>\n<meta property=\"og:type\" content=\"article\" \/>\n<meta property=\"og:title\" content=\"White One by St. Patrick Ginza W1125CC1 | Koonings\" \/>\n<meta property=\"og:description\" content=\"La sophistication du mod\u00e8le GINZA plaira aux mari\u00e9es qui souhaitent porter un mod\u00e8le simple et \u00e9l\u00e9gant pour leur grand jour. Fabriqu\u00e9 en cr\u00eape, le mod\u00e8le pr\u00e9sente un design semi-transparent avec de la dentelle et des strass sur le corsage, de fines bretelles, un profond d\u00e9collet\u00e9 en c\u0153ur sur le devant et un dos en V. La jupe unie tombe de la taille pour accentuer la silhouette de la mari\u00e9e. La jupe unie tombe \u00e0 partir de la taille pour souligner la silhouette de la mari\u00e9e.\" \/>\n<meta property=\"og:url\" content=\"https:\/\/www.koonings.com\/fr\/product\/white-one-by-st-patrick-ginza-w1125cc1\/\" \/>\n<meta property=\"og:site_name\" content=\"Koonings\" \/>\n<meta property=\"article:publisher\" content=\"https:\/\/www.facebook.com\/kooningstheweddingpalace\" \/>\n<meta property=\"og:image\" content=\"https:\/\/www.koonings.com\/wp-content\/uploads\/2024\/11\/49038_5e64d55d5ccc09dcefb1bcae45de291f5283ae017c9770169cd85d3eab6f251a23f38fc1.jpeg\" \/>\n\t<meta property=\"og:image:width\" content=\"722\" \/>\n\t<meta property=\"og:image:height\" content=\"1021\" \/>\n\t<meta property=\"og:image:type\" content=\"image\/jpeg\" \/>\n<meta name=\"twitter:card\" content=\"summary_large_image\" \/>\n<script type=\"application\/ld+json\" class=\"yoast-schema-graph\">{\"@context\":\"https:\\\/\\\/schema.org\",\"@graph\":[{\"@type\":\"WebPage\",\"@id\":\"https:\\\/\\\/www.koonings.com\\\/fr\\\/product\\\/white-one-by-st-patrick-ginza-w1125cc1\\\/\",\"url\":\"https:\\\/\\\/www.koonings.com\\\/fr\\\/product\\\/white-one-by-st-patrick-ginza-w1125cc1\\\/\",\"name\":\"White One by St. Patrick Ginza W1125CC1 | Koonings\",\"isPartOf\":{\"@id\":\"https:\\\/\\\/www.koonings.com\\\/fr\\\/#website\"},\"primaryImageOfPage\":{\"@id\":\"https:\\\/\\\/www.koonings.com\\\/fr\\\/product\\\/white-one-by-st-patrick-ginza-w1125cc1\\\/#primaryimage\"},\"image\":{\"@id\":\"https:\\\/\\\/www.koonings.com\\\/fr\\\/product\\\/white-one-by-st-patrick-ginza-w1125cc1\\\/#primaryimage\"},\"thumbnailUrl\":\"https:\\\/\\\/www.koonings.com\\\/wp-content\\\/uploads\\\/2024\\\/11\\\/49038_5e64d55d5ccc09dcefb1bcae45de291f5283ae017c9770169cd85d3eab6f251a23f38fc1.jpeg\",\"datePublished\":\"2025-07-10T10:44:01+00:00\",\"description\":\"La sophistication du mod\u00e8le GINZA plaira aux mari\u00e9es qui souhaitent porter un mod\u00e8le simple et \u00e9l\u00e9gant pour leur grand jour. Fabriqu\u00e9 en cr\u00eape, le mod\u00e8le pr\u00e9sente un design semi-transparent avec de la dentelle et des strass sur le corsage, de fines bretelles, un profond d\u00e9collet\u00e9 en c\u0153ur sur le devant et un dos en V. La jupe unie tombe de la taille pour accentuer la silhouette de la mari\u00e9e. La jupe unie tombe \u00e0 partir de la taille pour souligner la silhouette de la mari\u00e9e.\",\"breadcrumb\":{\"@id\":\"https:\\\/\\\/www.koonings.com\\\/fr\\\/product\\\/white-one-by-st-patrick-ginza-w1125cc1\\\/#breadcrumb\"},\"inLanguage\":\"fr-FR\",\"potentialAction\":[{\"@type\":\"ReadAction\",\"target\":[\"https:\\\/\\\/www.koonings.com\\\/fr\\\/product\\\/white-one-by-st-patrick-ginza-w1125cc1\\\/\"]}]},{\"@type\":\"ImageObject\",\"inLanguage\":\"fr-FR\",\"@id\":\"https:\\\/\\\/www.koonings.com\\\/fr\\\/product\\\/white-one-by-st-patrick-ginza-w1125cc1\\\/#primaryimage\",\"url\":\"https:\\\/\\\/www.koonings.com\\\/wp-content\\\/uploads\\\/2024\\\/11\\\/49038_5e64d55d5ccc09dcefb1bcae45de291f5283ae017c9770169cd85d3eab6f251a23f38fc1.jpeg\",\"contentUrl\":\"https:\\\/\\\/www.koonings.com\\\/wp-content\\\/uploads\\\/2024\\\/11\\\/49038_5e64d55d5ccc09dcefb1bcae45de291f5283ae017c9770169cd85d3eab6f251a23f38fc1.jpeg\",\"width\":722,\"height\":1021},{\"@type\":\"BreadcrumbList\",\"@id\":\"https:\\\/\\\/www.koonings.com\\\/fr\\\/product\\\/white-one-by-st-patrick-ginza-w1125cc1\\\/#breadcrumb\",\"itemListElement\":[{\"@type\":\"ListItem\",\"position\":1,\"name\":\"Home\",\"item\":\"https:\\\/\\\/www.koonings.com\\\/fr\\\/\"},{\"@type\":\"ListItem\",\"position\":2,\"name\":\"White One by St. Patrick Ginza W1125CC1\"}]},{\"@type\":\"WebSite\",\"@id\":\"https:\\\/\\\/www.koonings.com\\\/fr\\\/#website\",\"url\":\"https:\\\/\\\/www.koonings.com\\\/fr\\\/\",\"name\":\"Koonings\",\"description\":\"De grootste bruidsmodewinkel ter wereld\",\"publisher\":{\"@id\":\"https:\\\/\\\/www.koonings.com\\\/fr\\\/#organization\"},\"potentialAction\":[{\"@type\":\"SearchAction\",\"target\":{\"@type\":\"EntryPoint\",\"urlTemplate\":\"https:\\\/\\\/www.koonings.com\\\/fr\\\/?s={search_term_string}\"},\"query-input\":{\"@type\":\"PropertyValueSpecification\",\"valueRequired\":true,\"valueName\":\"search_term_string\"}}],\"inLanguage\":\"fr-FR\"},{\"@type\":\"Organization\",\"@id\":\"https:\\\/\\\/www.koonings.com\\\/fr\\\/#organization\",\"name\":\"Koonings\",\"url\":\"https:\\\/\\\/www.koonings.com\\\/fr\\\/\",\"logo\":{\"@type\":\"ImageObject\",\"inLanguage\":\"fr-FR\",\"@id\":\"https:\\\/\\\/www.koonings.com\\\/fr\\\/#\\\/schema\\\/logo\\\/image\\\/\",\"url\":\"https:\\\/\\\/www.koonings.com\\\/wp-content\\\/uploads\\\/2024\\\/07\\\/logo.png\",\"contentUrl\":\"https:\\\/\\\/www.koonings.com\\\/wp-content\\\/uploads\\\/2024\\\/07\\\/logo.png\",\"width\":600,\"height\":428,\"caption\":\"Koonings\"},\"image\":{\"@id\":\"https:\\\/\\\/www.koonings.com\\\/fr\\\/#\\\/schema\\\/logo\\\/image\\\/\"},\"sameAs\":[\"https:\\\/\\\/www.facebook.com\\\/kooningstheweddingpalace\",\"https:\\\/\\\/www.instagram.com\\\/kooningstheweddingpalace\",\"https:\\\/\\\/www.pinterest.com\\\/koonings\",\"https:\\\/\\\/www.youtube.com\\\/kooningstheweddingpalace\"]}]}<\/script>\n<!-- \/ Yoast SEO plugin. -->","yoast_head_json":{"title":"White One by St. Patrick Ginza W1125CC1 | Koonings","description":"La sophistication du mod\u00e8le GINZA plaira aux mari\u00e9es qui souhaitent porter un mod\u00e8le simple et \u00e9l\u00e9gant pour leur grand jour. Fabriqu\u00e9 en cr\u00eape, le mod\u00e8le pr\u00e9sente un design semi-transparent avec de la dentelle et des strass sur le corsage, de fines bretelles, un profond d\u00e9collet\u00e9 en c\u0153ur sur le devant et un dos en V. La jupe unie tombe de la taille pour accentuer la silhouette de la mari\u00e9e. La jupe unie tombe \u00e0 partir de la taille pour souligner la silhouette de la mari\u00e9e.","robots":{"index":"index","follow":"follow","max-snippet":"max-snippet:-1","max-image-preview":"max-image-preview:large","max-video-preview":"max-video-preview:-1"},"canonical":"https:\/\/www.koonings.com\/fr\/product\/white-one-by-st-patrick-ginza-w1125cc1\/","og_locale":"fr_FR","og_type":"article","og_title":"White One by St. Patrick Ginza W1125CC1 | Koonings","og_description":"La sophistication du mod\u00e8le GINZA plaira aux mari\u00e9es qui souhaitent porter un mod\u00e8le simple et \u00e9l\u00e9gant pour leur grand jour. Fabriqu\u00e9 en cr\u00eape, le mod\u00e8le pr\u00e9sente un design semi-transparent avec de la dentelle et des strass sur le corsage, de fines bretelles, un profond d\u00e9collet\u00e9 en c\u0153ur sur le devant et un dos en V. La jupe unie tombe de la taille pour accentuer la silhouette de la mari\u00e9e. La jupe unie tombe \u00e0 partir de la taille pour souligner la silhouette de la mari\u00e9e.","og_url":"https:\/\/www.koonings.com\/fr\/product\/white-one-by-st-patrick-ginza-w1125cc1\/","og_site_name":"Koonings","article_publisher":"https:\/\/www.facebook.com\/kooningstheweddingpalace","og_image":[{"width":722,"height":1021,"url":"https:\/\/www.koonings.com\/wp-content\/uploads\/2024\/11\/49038_5e64d55d5ccc09dcefb1bcae45de291f5283ae017c9770169cd85d3eab6f251a23f38fc1.jpeg","type":"image\/jpeg"}],"twitter_card":"summary_large_image","schema":{"@context":"https:\/\/schema.org","@graph":[{"@type":"WebPage","@id":"https:\/\/www.koonings.com\/fr\/product\/white-one-by-st-patrick-ginza-w1125cc1\/","url":"https:\/\/www.koonings.com\/fr\/product\/white-one-by-st-patrick-ginza-w1125cc1\/","name":"White One by St. Patrick Ginza W1125CC1 | Koonings","isPartOf":{"@id":"https:\/\/www.koonings.com\/fr\/#website"},"primaryImageOfPage":{"@id":"https:\/\/www.koonings.com\/fr\/product\/white-one-by-st-patrick-ginza-w1125cc1\/#primaryimage"},"image":{"@id":"https:\/\/www.koonings.com\/fr\/product\/white-one-by-st-patrick-ginza-w1125cc1\/#primaryimage"},"thumbnailUrl":"https:\/\/www.koonings.com\/wp-content\/uploads\/2024\/11\/49038_5e64d55d5ccc09dcefb1bcae45de291f5283ae017c9770169cd85d3eab6f251a23f38fc1.jpeg","datePublished":"2025-07-10T10:44:01+00:00","description":"La sophistication du mod\u00e8le GINZA plaira aux mari\u00e9es qui souhaitent porter un mod\u00e8le simple et \u00e9l\u00e9gant pour leur grand jour. Fabriqu\u00e9 en cr\u00eape, le mod\u00e8le pr\u00e9sente un design semi-transparent avec de la dentelle et des strass sur le corsage, de fines bretelles, un profond d\u00e9collet\u00e9 en c\u0153ur sur le devant et un dos en V. La jupe unie tombe de la taille pour accentuer la silhouette de la mari\u00e9e. La jupe unie tombe \u00e0 partir de la taille pour souligner la silhouette de la mari\u00e9e.","breadcrumb":{"@id":"https:\/\/www.koonings.com\/fr\/product\/white-one-by-st-patrick-ginza-w1125cc1\/#breadcrumb"},"inLanguage":"fr-FR","potentialAction":[{"@type":"ReadAction","target":["https:\/\/www.koonings.com\/fr\/product\/white-one-by-st-patrick-ginza-w1125cc1\/"]}]},{"@type":"ImageObject","inLanguage":"fr-FR","@id":"https:\/\/www.koonings.com\/fr\/product\/white-one-by-st-patrick-ginza-w1125cc1\/#primaryimage","url":"https:\/\/www.koonings.com\/wp-content\/uploads\/2024\/11\/49038_5e64d55d5ccc09dcefb1bcae45de291f5283ae017c9770169cd85d3eab6f251a23f38fc1.jpeg","contentUrl":"https:\/\/www.koonings.com\/wp-content\/uploads\/2024\/11\/49038_5e64d55d5ccc09dcefb1bcae45de291f5283ae017c9770169cd85d3eab6f251a23f38fc1.jpeg","width":722,"height":1021},{"@type":"BreadcrumbList","@id":"https:\/\/www.koonings.com\/fr\/product\/white-one-by-st-patrick-ginza-w1125cc1\/#breadcrumb","itemListElement":[{"@type":"ListItem","position":1,"name":"Home","item":"https:\/\/www.koonings.com\/fr\/"},{"@type":"ListItem","position":2,"name":"White One by St. Patrick Ginza W1125CC1"}]},{"@type":"WebSite","@id":"https:\/\/www.koonings.com\/fr\/#website","url":"https:\/\/www.koonings.com\/fr\/","name":"Koonings","description":"De grootste bruidsmodewinkel ter wereld","publisher":{"@id":"https:\/\/www.koonings.com\/fr\/#organization"},"potentialAction":[{"@type":"SearchAction","target":{"@type":"EntryPoint","urlTemplate":"https:\/\/www.koonings.com\/fr\/?s={search_term_string}"},"query-input":{"@type":"PropertyValueSpecification","valueRequired":true,"valueName":"search_term_string"}}],"inLanguage":"fr-FR"},{"@type":"Organization","@id":"https:\/\/www.koonings.com\/fr\/#organization","name":"Koonings","url":"https:\/\/www.koonings.com\/fr\/","logo":{"@type":"ImageObject","inLanguage":"fr-FR","@id":"https:\/\/www.koonings.com\/fr\/#\/schema\/logo\/image\/","url":"https:\/\/www.koonings.com\/wp-content\/uploads\/2024\/07\/logo.png","contentUrl":"https:\/\/www.koonings.com\/wp-content\/uploads\/2024\/07\/logo.png","width":600,"height":428,"caption":"Koonings"},"image":{"@id":"https:\/\/www.koonings.com\/fr\/#\/schema\/logo\/image\/"},"sameAs":["https:\/\/www.facebook.com\/kooningstheweddingpalace","https:\/\/www.instagram.com\/kooningstheweddingpalace","https:\/\/www.pinterest.com\/koonings","https:\/\/www.youtube.com\/kooningstheweddingpalace"]}]}},"_links":{"self":[{"href":"https:\/\/www.koonings.com\/fr\/wp-json\/wp\/v2\/product\/60099","targetHints":{"allow":["GET"]}}],"collection":[{"href":"https:\/\/www.koonings.com\/fr\/wp-json\/wp\/v2\/product"}],"about":[{"href":"https:\/\/www.koonings.com\/fr\/wp-json\/wp\/v2\/types\/product"}],"wp:featuredmedia":[{"embeddable":true,"href":"https:\/\/www.koonings.com\/fr\/wp-json\/wp\/v2\/media\/54352"}],"wp:attachment":[{"href":"https:\/\/www.koonings.com\/fr\/wp-json\/wp\/v2\/media?parent=60099"}],"wp:term":[{"taxonomy":"productdetails","embeddable":true,"href":"https:\/\/www.koonings.com\/fr\/wp-json\/wp\/v2\/productdetails?post=60099"},{"taxonomy":"productneck","embeddable":true,"href":"https:\/\/www.koonings.com\/fr\/wp-json\/wp\/v2\/productneck?post=60099"},{"taxonomy":"productcolor","embeddable":true,"href":"https:\/\/www.koonings.com\/fr\/wp-json\/wp\/v2\/productcolor?post=60099"},{"taxonomy":"maat","embeddable":true,"href":"https:\/\/www.koonings.com\/fr\/wp-json\/wp\/v2\/maat?post=60099"},{"taxonomy":"productsupplier","embeddable":true,"href":"https:\/\/www.koonings.com\/fr\/wp-json\/wp\/v2\/productsupplier?post=60099"},{"taxonomy":"productsleeve","embeddable":true,"href":"https:\/\/www.koonings.com\/fr\/wp-json\/wp\/v2\/productsleeve?post=60099"},{"taxonomy":"productcategory","embeddable":true,"href":"https:\/\/www.koonings.com\/fr\/wp-json\/wp\/v2\/productcategory?post=60099"},{"taxonomy":"productsilhouette","embeddable":true,"href":"https:\/\/www.koonings.com\/fr\/wp-json\/wp\/v2\/productsilhouette?post=60099"},{"taxonomy":"productstyle","embeddable":true,"href":"https:\/\/www.koonings.com\/fr\/wp-json\/wp\/v2\/productstyle?post=60099"}],"curies":[{"name":"wp","href":"https:\/\/api.w.org\/{rel}","templated":true}]}}