{"id":60071,"date":"2025-07-10T12:44:06","date_gmt":"2025-07-10T10:44:06","guid":{"rendered":"https:\/\/www.koonings.com\/product\/white-one-by-st-patrick-sachiko-w1125cw1\/"},"modified":"2025-06-05T13:28:48","modified_gmt":"2025-06-05T11:28:48","slug":"white-one-by-st-patrick-sachiko-w1125cw1","status":"publish","type":"product","link":"https:\/\/www.koonings.com\/fr\/product\/white-one-by-st-patrick-sachiko-w1125cw1\/","title":{"rendered":"White One by St. Patrick Sachiko W1125CW1"},"content":{"rendered":"<p>La robe SACHIKO d\u00e9gage une d\u00e9licatesse dont vous tomberez imm\u00e9diatement amoureuse. Le mod\u00e8le simple en cr\u00eape pr\u00e9sente une encolure carr\u00e9e et un dos d\u00e9collet\u00e9 s\u00e9duisant. De magnifiques d\u00e9tails de tulle et de strass ornent les bretelles et la taille du dos, avant de laisser place \u00e0 une jupe sir\u00e8ne lisse qui embellit la silhouette de la mari\u00e9e.  <\/p>\n","protected":false},"featured_media":54536,"template":"","meta":{"_acf_changed":false,"ghostkit_customizer_options":"","ghostkit_custom_css":"","ghostkit_custom_js_head":"","ghostkit_custom_js_foot":"","ghostkit_typography":""},"productdetails":[],"productneck":[352],"productcolor":[392],"maat":[],"productsupplier":[420],"productsleeve":[359],"productcategory":[18],"productsilhouette":[387],"productstyle":[],"class_list":["post-60071","product","type-product","status-publish","has-post-thumbnail","hentry","productneck-352","productcolor-392","productsupplier-white-one-by-st-patrick","productsleeve-359","productcategory-trouwjurken","productsilhouette-387"],"acf":[],"yoast_head":"<!-- This site is optimized with the Yoast SEO plugin v27.3 - https:\/\/yoast.com\/product\/yoast-seo-wordpress\/ -->\n<title>White One by St. Patrick Sachiko W1125CW1 | Koonings<\/title>\n<meta name=\"description\" content=\"La robe SACHIKO d\u00e9gage une d\u00e9licatesse dont vous tomberez imm\u00e9diatement amoureuse. Le mod\u00e8le simple en cr\u00eape pr\u00e9sente une encolure carr\u00e9e et un dos d\u00e9collet\u00e9 s\u00e9duisant. De magnifiques d\u00e9tails de tulle et de strass ornent les bretelles et la taille du dos, avant de laisser place \u00e0 une jupe sir\u00e8ne lisse qui embellit la silhouette de la mari\u00e9e.\" \/>\n<meta name=\"robots\" content=\"index, follow, max-snippet:-1, max-image-preview:large, max-video-preview:-1\" \/>\n<link rel=\"canonical\" href=\"https:\/\/www.koonings.com\/fr\/product\/white-one-by-st-patrick-sachiko-w1125cw1\/\" \/>\n<meta property=\"og:locale\" content=\"fr_FR\" \/>\n<meta property=\"og:type\" content=\"article\" \/>\n<meta property=\"og:title\" content=\"White One by St. Patrick Sachiko W1125CW1 | Koonings\" \/>\n<meta property=\"og:description\" content=\"La robe SACHIKO d\u00e9gage une d\u00e9licatesse dont vous tomberez imm\u00e9diatement amoureuse. Le mod\u00e8le simple en cr\u00eape pr\u00e9sente une encolure carr\u00e9e et un dos d\u00e9collet\u00e9 s\u00e9duisant. De magnifiques d\u00e9tails de tulle et de strass ornent les bretelles et la taille du dos, avant de laisser place \u00e0 une jupe sir\u00e8ne lisse qui embellit la silhouette de la mari\u00e9e.\" \/>\n<meta property=\"og:url\" content=\"https:\/\/www.koonings.com\/fr\/product\/white-one-by-st-patrick-sachiko-w1125cw1\/\" \/>\n<meta property=\"og:site_name\" content=\"Koonings\" \/>\n<meta property=\"article:publisher\" content=\"https:\/\/www.facebook.com\/kooningstheweddingpalace\" \/>\n<meta property=\"og:image\" content=\"https:\/\/www.koonings.com\/wp-content\/uploads\/2024\/11\/49050_ee26099dcc57bcd00664f2c4c7e0825b6ffb0f65e29f1bb545a94333d2efe5ce6f4265d9.jpeg\" \/>\n\t<meta property=\"og:image:width\" content=\"691\" \/>\n\t<meta property=\"og:image:height\" content=\"977\" \/>\n\t<meta property=\"og:image:type\" content=\"image\/jpeg\" \/>\n<meta name=\"twitter:card\" content=\"summary_large_image\" \/>\n<script type=\"application\/ld+json\" class=\"yoast-schema-graph\">{\"@context\":\"https:\\\/\\\/schema.org\",\"@graph\":[{\"@type\":\"WebPage\",\"@id\":\"https:\\\/\\\/www.koonings.com\\\/fr\\\/product\\\/white-one-by-st-patrick-sachiko-w1125cw1\\\/\",\"url\":\"https:\\\/\\\/www.koonings.com\\\/fr\\\/product\\\/white-one-by-st-patrick-sachiko-w1125cw1\\\/\",\"name\":\"White One by St. Patrick Sachiko W1125CW1 | Koonings\",\"isPartOf\":{\"@id\":\"https:\\\/\\\/www.koonings.com\\\/fr\\\/#website\"},\"primaryImageOfPage\":{\"@id\":\"https:\\\/\\\/www.koonings.com\\\/fr\\\/product\\\/white-one-by-st-patrick-sachiko-w1125cw1\\\/#primaryimage\"},\"image\":{\"@id\":\"https:\\\/\\\/www.koonings.com\\\/fr\\\/product\\\/white-one-by-st-patrick-sachiko-w1125cw1\\\/#primaryimage\"},\"thumbnailUrl\":\"https:\\\/\\\/www.koonings.com\\\/wp-content\\\/uploads\\\/2024\\\/11\\\/49050_ee26099dcc57bcd00664f2c4c7e0825b6ffb0f65e29f1bb545a94333d2efe5ce6f4265d9.jpeg\",\"datePublished\":\"2025-07-10T10:44:06+00:00\",\"description\":\"La robe SACHIKO d\u00e9gage une d\u00e9licatesse dont vous tomberez imm\u00e9diatement amoureuse. Le mod\u00e8le simple en cr\u00eape pr\u00e9sente une encolure carr\u00e9e et un dos d\u00e9collet\u00e9 s\u00e9duisant. De magnifiques d\u00e9tails de tulle et de strass ornent les bretelles et la taille du dos, avant de laisser place \u00e0 une jupe sir\u00e8ne lisse qui embellit la silhouette de la mari\u00e9e.\",\"breadcrumb\":{\"@id\":\"https:\\\/\\\/www.koonings.com\\\/fr\\\/product\\\/white-one-by-st-patrick-sachiko-w1125cw1\\\/#breadcrumb\"},\"inLanguage\":\"fr-FR\",\"potentialAction\":[{\"@type\":\"ReadAction\",\"target\":[\"https:\\\/\\\/www.koonings.com\\\/fr\\\/product\\\/white-one-by-st-patrick-sachiko-w1125cw1\\\/\"]}]},{\"@type\":\"ImageObject\",\"inLanguage\":\"fr-FR\",\"@id\":\"https:\\\/\\\/www.koonings.com\\\/fr\\\/product\\\/white-one-by-st-patrick-sachiko-w1125cw1\\\/#primaryimage\",\"url\":\"https:\\\/\\\/www.koonings.com\\\/wp-content\\\/uploads\\\/2024\\\/11\\\/49050_ee26099dcc57bcd00664f2c4c7e0825b6ffb0f65e29f1bb545a94333d2efe5ce6f4265d9.jpeg\",\"contentUrl\":\"https:\\\/\\\/www.koonings.com\\\/wp-content\\\/uploads\\\/2024\\\/11\\\/49050_ee26099dcc57bcd00664f2c4c7e0825b6ffb0f65e29f1bb545a94333d2efe5ce6f4265d9.jpeg\",\"width\":691,\"height\":977},{\"@type\":\"BreadcrumbList\",\"@id\":\"https:\\\/\\\/www.koonings.com\\\/fr\\\/product\\\/white-one-by-st-patrick-sachiko-w1125cw1\\\/#breadcrumb\",\"itemListElement\":[{\"@type\":\"ListItem\",\"position\":1,\"name\":\"Home\",\"item\":\"https:\\\/\\\/www.koonings.com\\\/fr\\\/\"},{\"@type\":\"ListItem\",\"position\":2,\"name\":\"White One by St. Patrick Sachiko W1125CW1\"}]},{\"@type\":\"WebSite\",\"@id\":\"https:\\\/\\\/www.koonings.com\\\/fr\\\/#website\",\"url\":\"https:\\\/\\\/www.koonings.com\\\/fr\\\/\",\"name\":\"Koonings\",\"description\":\"De grootste bruidsmodewinkel ter wereld\",\"publisher\":{\"@id\":\"https:\\\/\\\/www.koonings.com\\\/fr\\\/#organization\"},\"potentialAction\":[{\"@type\":\"SearchAction\",\"target\":{\"@type\":\"EntryPoint\",\"urlTemplate\":\"https:\\\/\\\/www.koonings.com\\\/fr\\\/?s={search_term_string}\"},\"query-input\":{\"@type\":\"PropertyValueSpecification\",\"valueRequired\":true,\"valueName\":\"search_term_string\"}}],\"inLanguage\":\"fr-FR\"},{\"@type\":\"Organization\",\"@id\":\"https:\\\/\\\/www.koonings.com\\\/fr\\\/#organization\",\"name\":\"Koonings\",\"url\":\"https:\\\/\\\/www.koonings.com\\\/fr\\\/\",\"logo\":{\"@type\":\"ImageObject\",\"inLanguage\":\"fr-FR\",\"@id\":\"https:\\\/\\\/www.koonings.com\\\/fr\\\/#\\\/schema\\\/logo\\\/image\\\/\",\"url\":\"https:\\\/\\\/www.koonings.com\\\/wp-content\\\/uploads\\\/2024\\\/07\\\/logo.png\",\"contentUrl\":\"https:\\\/\\\/www.koonings.com\\\/wp-content\\\/uploads\\\/2024\\\/07\\\/logo.png\",\"width\":600,\"height\":428,\"caption\":\"Koonings\"},\"image\":{\"@id\":\"https:\\\/\\\/www.koonings.com\\\/fr\\\/#\\\/schema\\\/logo\\\/image\\\/\"},\"sameAs\":[\"https:\\\/\\\/www.facebook.com\\\/kooningstheweddingpalace\",\"https:\\\/\\\/www.instagram.com\\\/kooningstheweddingpalace\",\"https:\\\/\\\/www.pinterest.com\\\/koonings\",\"https:\\\/\\\/www.youtube.com\\\/kooningstheweddingpalace\"]}]}<\/script>\n<!-- \/ Yoast SEO plugin. -->","yoast_head_json":{"title":"White One by St. Patrick Sachiko W1125CW1 | Koonings","description":"La robe SACHIKO d\u00e9gage une d\u00e9licatesse dont vous tomberez imm\u00e9diatement amoureuse. Le mod\u00e8le simple en cr\u00eape pr\u00e9sente une encolure carr\u00e9e et un dos d\u00e9collet\u00e9 s\u00e9duisant. De magnifiques d\u00e9tails de tulle et de strass ornent les bretelles et la taille du dos, avant de laisser place \u00e0 une jupe sir\u00e8ne lisse qui embellit la silhouette de la mari\u00e9e.","robots":{"index":"index","follow":"follow","max-snippet":"max-snippet:-1","max-image-preview":"max-image-preview:large","max-video-preview":"max-video-preview:-1"},"canonical":"https:\/\/www.koonings.com\/fr\/product\/white-one-by-st-patrick-sachiko-w1125cw1\/","og_locale":"fr_FR","og_type":"article","og_title":"White One by St. Patrick Sachiko W1125CW1 | Koonings","og_description":"La robe SACHIKO d\u00e9gage une d\u00e9licatesse dont vous tomberez imm\u00e9diatement amoureuse. Le mod\u00e8le simple en cr\u00eape pr\u00e9sente une encolure carr\u00e9e et un dos d\u00e9collet\u00e9 s\u00e9duisant. De magnifiques d\u00e9tails de tulle et de strass ornent les bretelles et la taille du dos, avant de laisser place \u00e0 une jupe sir\u00e8ne lisse qui embellit la silhouette de la mari\u00e9e.","og_url":"https:\/\/www.koonings.com\/fr\/product\/white-one-by-st-patrick-sachiko-w1125cw1\/","og_site_name":"Koonings","article_publisher":"https:\/\/www.facebook.com\/kooningstheweddingpalace","og_image":[{"width":691,"height":977,"url":"https:\/\/www.koonings.com\/wp-content\/uploads\/2024\/11\/49050_ee26099dcc57bcd00664f2c4c7e0825b6ffb0f65e29f1bb545a94333d2efe5ce6f4265d9.jpeg","type":"image\/jpeg"}],"twitter_card":"summary_large_image","schema":{"@context":"https:\/\/schema.org","@graph":[{"@type":"WebPage","@id":"https:\/\/www.koonings.com\/fr\/product\/white-one-by-st-patrick-sachiko-w1125cw1\/","url":"https:\/\/www.koonings.com\/fr\/product\/white-one-by-st-patrick-sachiko-w1125cw1\/","name":"White One by St. Patrick Sachiko W1125CW1 | Koonings","isPartOf":{"@id":"https:\/\/www.koonings.com\/fr\/#website"},"primaryImageOfPage":{"@id":"https:\/\/www.koonings.com\/fr\/product\/white-one-by-st-patrick-sachiko-w1125cw1\/#primaryimage"},"image":{"@id":"https:\/\/www.koonings.com\/fr\/product\/white-one-by-st-patrick-sachiko-w1125cw1\/#primaryimage"},"thumbnailUrl":"https:\/\/www.koonings.com\/wp-content\/uploads\/2024\/11\/49050_ee26099dcc57bcd00664f2c4c7e0825b6ffb0f65e29f1bb545a94333d2efe5ce6f4265d9.jpeg","datePublished":"2025-07-10T10:44:06+00:00","description":"La robe SACHIKO d\u00e9gage une d\u00e9licatesse dont vous tomberez imm\u00e9diatement amoureuse. Le mod\u00e8le simple en cr\u00eape pr\u00e9sente une encolure carr\u00e9e et un dos d\u00e9collet\u00e9 s\u00e9duisant. De magnifiques d\u00e9tails de tulle et de strass ornent les bretelles et la taille du dos, avant de laisser place \u00e0 une jupe sir\u00e8ne lisse qui embellit la silhouette de la mari\u00e9e.","breadcrumb":{"@id":"https:\/\/www.koonings.com\/fr\/product\/white-one-by-st-patrick-sachiko-w1125cw1\/#breadcrumb"},"inLanguage":"fr-FR","potentialAction":[{"@type":"ReadAction","target":["https:\/\/www.koonings.com\/fr\/product\/white-one-by-st-patrick-sachiko-w1125cw1\/"]}]},{"@type":"ImageObject","inLanguage":"fr-FR","@id":"https:\/\/www.koonings.com\/fr\/product\/white-one-by-st-patrick-sachiko-w1125cw1\/#primaryimage","url":"https:\/\/www.koonings.com\/wp-content\/uploads\/2024\/11\/49050_ee26099dcc57bcd00664f2c4c7e0825b6ffb0f65e29f1bb545a94333d2efe5ce6f4265d9.jpeg","contentUrl":"https:\/\/www.koonings.com\/wp-content\/uploads\/2024\/11\/49050_ee26099dcc57bcd00664f2c4c7e0825b6ffb0f65e29f1bb545a94333d2efe5ce6f4265d9.jpeg","width":691,"height":977},{"@type":"BreadcrumbList","@id":"https:\/\/www.koonings.com\/fr\/product\/white-one-by-st-patrick-sachiko-w1125cw1\/#breadcrumb","itemListElement":[{"@type":"ListItem","position":1,"name":"Home","item":"https:\/\/www.koonings.com\/fr\/"},{"@type":"ListItem","position":2,"name":"White One by St. Patrick Sachiko W1125CW1"}]},{"@type":"WebSite","@id":"https:\/\/www.koonings.com\/fr\/#website","url":"https:\/\/www.koonings.com\/fr\/","name":"Koonings","description":"De grootste bruidsmodewinkel ter wereld","publisher":{"@id":"https:\/\/www.koonings.com\/fr\/#organization"},"potentialAction":[{"@type":"SearchAction","target":{"@type":"EntryPoint","urlTemplate":"https:\/\/www.koonings.com\/fr\/?s={search_term_string}"},"query-input":{"@type":"PropertyValueSpecification","valueRequired":true,"valueName":"search_term_string"}}],"inLanguage":"fr-FR"},{"@type":"Organization","@id":"https:\/\/www.koonings.com\/fr\/#organization","name":"Koonings","url":"https:\/\/www.koonings.com\/fr\/","logo":{"@type":"ImageObject","inLanguage":"fr-FR","@id":"https:\/\/www.koonings.com\/fr\/#\/schema\/logo\/image\/","url":"https:\/\/www.koonings.com\/wp-content\/uploads\/2024\/07\/logo.png","contentUrl":"https:\/\/www.koonings.com\/wp-content\/uploads\/2024\/07\/logo.png","width":600,"height":428,"caption":"Koonings"},"image":{"@id":"https:\/\/www.koonings.com\/fr\/#\/schema\/logo\/image\/"},"sameAs":["https:\/\/www.facebook.com\/kooningstheweddingpalace","https:\/\/www.instagram.com\/kooningstheweddingpalace","https:\/\/www.pinterest.com\/koonings","https:\/\/www.youtube.com\/kooningstheweddingpalace"]}]}},"_links":{"self":[{"href":"https:\/\/www.koonings.com\/fr\/wp-json\/wp\/v2\/product\/60071","targetHints":{"allow":["GET"]}}],"collection":[{"href":"https:\/\/www.koonings.com\/fr\/wp-json\/wp\/v2\/product"}],"about":[{"href":"https:\/\/www.koonings.com\/fr\/wp-json\/wp\/v2\/types\/product"}],"wp:featuredmedia":[{"embeddable":true,"href":"https:\/\/www.koonings.com\/fr\/wp-json\/wp\/v2\/media\/54536"}],"wp:attachment":[{"href":"https:\/\/www.koonings.com\/fr\/wp-json\/wp\/v2\/media?parent=60071"}],"wp:term":[{"taxonomy":"productdetails","embeddable":true,"href":"https:\/\/www.koonings.com\/fr\/wp-json\/wp\/v2\/productdetails?post=60071"},{"taxonomy":"productneck","embeddable":true,"href":"https:\/\/www.koonings.com\/fr\/wp-json\/wp\/v2\/productneck?post=60071"},{"taxonomy":"productcolor","embeddable":true,"href":"https:\/\/www.koonings.com\/fr\/wp-json\/wp\/v2\/productcolor?post=60071"},{"taxonomy":"maat","embeddable":true,"href":"https:\/\/www.koonings.com\/fr\/wp-json\/wp\/v2\/maat?post=60071"},{"taxonomy":"productsupplier","embeddable":true,"href":"https:\/\/www.koonings.com\/fr\/wp-json\/wp\/v2\/productsupplier?post=60071"},{"taxonomy":"productsleeve","embeddable":true,"href":"https:\/\/www.koonings.com\/fr\/wp-json\/wp\/v2\/productsleeve?post=60071"},{"taxonomy":"productcategory","embeddable":true,"href":"https:\/\/www.koonings.com\/fr\/wp-json\/wp\/v2\/productcategory?post=60071"},{"taxonomy":"productsilhouette","embeddable":true,"href":"https:\/\/www.koonings.com\/fr\/wp-json\/wp\/v2\/productsilhouette?post=60071"},{"taxonomy":"productstyle","embeddable":true,"href":"https:\/\/www.koonings.com\/fr\/wp-json\/wp\/v2\/productstyle?post=60071"}],"curies":[{"name":"wp","href":"https:\/\/api.w.org\/{rel}","templated":true}]}}