{"id":60070,"date":"2025-07-10T12:44:07","date_gmt":"2025-07-10T10:44:07","guid":{"rendered":"https:\/\/www.koonings.com\/product\/white-one-by-st-patrick-sapporo-w1125cx1\/"},"modified":"2025-06-05T13:27:40","modified_gmt":"2025-06-05T11:27:40","slug":"white-one-by-st-patrick-sapporo-w1125cx1","status":"publish","type":"product","link":"https:\/\/www.koonings.com\/fr\/product\/white-one-by-st-patrick-sapporo-w1125cx1\/","title":{"rendered":"White One by St. Patrick Sapporo W1125CX1"},"content":{"rendered":"<p>Confectionn\u00e9 dans un luxueux tissu satin\u00e9, le mod\u00e8le SAPPORO pr\u00e9sente un design simple avec de fines bretelles, un joli d\u00e9collet\u00e9 en c\u0153ur orn\u00e9 de surpiq\u00fbres au niveau du buste, un dos rond avec des d\u00e9tails en forme de trou de serrure et une jupe sir\u00e8ne qui flatte la silhouette. Sans aucun doute, une robe id\u00e9ale pour briller de sophistication le jour J. <\/p>\n","protected":false},"featured_media":54582,"template":"","meta":{"_acf_changed":false,"ghostkit_customizer_options":"","ghostkit_custom_css":"","ghostkit_custom_js_head":"","ghostkit_custom_js_foot":"","ghostkit_typography":""},"productdetails":[],"productneck":[355],"productcolor":[392],"maat":[],"productsupplier":[420],"productsleeve":[359],"productcategory":[18],"productsilhouette":[387],"productstyle":[],"class_list":["post-60070","product","type-product","status-publish","has-post-thumbnail","hentry","productneck-355","productcolor-392","productsupplier-white-one-by-st-patrick","productsleeve-359","productcategory-trouwjurken","productsilhouette-387"],"acf":[],"yoast_head":"<!-- This site is optimized with the Yoast SEO plugin v27.3 - https:\/\/yoast.com\/product\/yoast-seo-wordpress\/ -->\n<title>White One by St. Patrick Sapporo W1125CX1 | Koonings<\/title>\n<meta name=\"description\" content=\"Confectionn\u00e9 dans un luxueux tissu satin\u00e9, le mod\u00e8le SAPPORO pr\u00e9sente un design simple avec de fines bretelles, un joli d\u00e9collet\u00e9 en c\u0153ur orn\u00e9 de surpiq\u00fbres au niveau du buste, un dos rond avec des d\u00e9tails en forme de trou de serrure et une jupe sir\u00e8ne qui flatte la silhouette. Sans aucun doute, une robe id\u00e9ale pour briller de sophistication le jour J.\" \/>\n<meta name=\"robots\" content=\"index, follow, max-snippet:-1, max-image-preview:large, max-video-preview:-1\" \/>\n<link rel=\"canonical\" href=\"https:\/\/www.koonings.com\/fr\/product\/white-one-by-st-patrick-sapporo-w1125cx1\/\" \/>\n<meta property=\"og:locale\" content=\"fr_FR\" \/>\n<meta property=\"og:type\" content=\"article\" \/>\n<meta property=\"og:title\" content=\"White One by St. Patrick Sapporo W1125CX1 | Koonings\" \/>\n<meta property=\"og:description\" content=\"Confectionn\u00e9 dans un luxueux tissu satin\u00e9, le mod\u00e8le SAPPORO pr\u00e9sente un design simple avec de fines bretelles, un joli d\u00e9collet\u00e9 en c\u0153ur orn\u00e9 de surpiq\u00fbres au niveau du buste, un dos rond avec des d\u00e9tails en forme de trou de serrure et une jupe sir\u00e8ne qui flatte la silhouette. Sans aucun doute, une robe id\u00e9ale pour briller de sophistication le jour J.\" \/>\n<meta property=\"og:url\" content=\"https:\/\/www.koonings.com\/fr\/product\/white-one-by-st-patrick-sapporo-w1125cx1\/\" \/>\n<meta property=\"og:site_name\" content=\"Koonings\" \/>\n<meta property=\"article:publisher\" content=\"https:\/\/www.facebook.com\/kooningstheweddingpalace\" \/>\n<meta property=\"og:image\" content=\"https:\/\/www.koonings.com\/wp-content\/uploads\/2024\/11\/49053_faf3c3fe6cd62c93a64c4271016ad2d4247f3f82393d2c90b4c445acc123479afdde0e95.jpeg\" \/>\n\t<meta property=\"og:image:width\" content=\"722\" \/>\n\t<meta property=\"og:image:height\" content=\"1020\" \/>\n\t<meta property=\"og:image:type\" content=\"image\/jpeg\" \/>\n<meta name=\"twitter:card\" content=\"summary_large_image\" \/>\n<script type=\"application\/ld+json\" class=\"yoast-schema-graph\">{\"@context\":\"https:\\\/\\\/schema.org\",\"@graph\":[{\"@type\":\"WebPage\",\"@id\":\"https:\\\/\\\/www.koonings.com\\\/fr\\\/product\\\/white-one-by-st-patrick-sapporo-w1125cx1\\\/\",\"url\":\"https:\\\/\\\/www.koonings.com\\\/fr\\\/product\\\/white-one-by-st-patrick-sapporo-w1125cx1\\\/\",\"name\":\"White One by St. Patrick Sapporo W1125CX1 | Koonings\",\"isPartOf\":{\"@id\":\"https:\\\/\\\/www.koonings.com\\\/fr\\\/#website\"},\"primaryImageOfPage\":{\"@id\":\"https:\\\/\\\/www.koonings.com\\\/fr\\\/product\\\/white-one-by-st-patrick-sapporo-w1125cx1\\\/#primaryimage\"},\"image\":{\"@id\":\"https:\\\/\\\/www.koonings.com\\\/fr\\\/product\\\/white-one-by-st-patrick-sapporo-w1125cx1\\\/#primaryimage\"},\"thumbnailUrl\":\"https:\\\/\\\/www.koonings.com\\\/wp-content\\\/uploads\\\/2024\\\/11\\\/49053_faf3c3fe6cd62c93a64c4271016ad2d4247f3f82393d2c90b4c445acc123479afdde0e95.jpeg\",\"datePublished\":\"2025-07-10T10:44:07+00:00\",\"description\":\"Confectionn\u00e9 dans un luxueux tissu satin\u00e9, le mod\u00e8le SAPPORO pr\u00e9sente un design simple avec de fines bretelles, un joli d\u00e9collet\u00e9 en c\u0153ur orn\u00e9 de surpiq\u00fbres au niveau du buste, un dos rond avec des d\u00e9tails en forme de trou de serrure et une jupe sir\u00e8ne qui flatte la silhouette. Sans aucun doute, une robe id\u00e9ale pour briller de sophistication le jour J.\",\"breadcrumb\":{\"@id\":\"https:\\\/\\\/www.koonings.com\\\/fr\\\/product\\\/white-one-by-st-patrick-sapporo-w1125cx1\\\/#breadcrumb\"},\"inLanguage\":\"fr-FR\",\"potentialAction\":[{\"@type\":\"ReadAction\",\"target\":[\"https:\\\/\\\/www.koonings.com\\\/fr\\\/product\\\/white-one-by-st-patrick-sapporo-w1125cx1\\\/\"]}]},{\"@type\":\"ImageObject\",\"inLanguage\":\"fr-FR\",\"@id\":\"https:\\\/\\\/www.koonings.com\\\/fr\\\/product\\\/white-one-by-st-patrick-sapporo-w1125cx1\\\/#primaryimage\",\"url\":\"https:\\\/\\\/www.koonings.com\\\/wp-content\\\/uploads\\\/2024\\\/11\\\/49053_faf3c3fe6cd62c93a64c4271016ad2d4247f3f82393d2c90b4c445acc123479afdde0e95.jpeg\",\"contentUrl\":\"https:\\\/\\\/www.koonings.com\\\/wp-content\\\/uploads\\\/2024\\\/11\\\/49053_faf3c3fe6cd62c93a64c4271016ad2d4247f3f82393d2c90b4c445acc123479afdde0e95.jpeg\",\"width\":722,\"height\":1020},{\"@type\":\"BreadcrumbList\",\"@id\":\"https:\\\/\\\/www.koonings.com\\\/fr\\\/product\\\/white-one-by-st-patrick-sapporo-w1125cx1\\\/#breadcrumb\",\"itemListElement\":[{\"@type\":\"ListItem\",\"position\":1,\"name\":\"Home\",\"item\":\"https:\\\/\\\/www.koonings.com\\\/fr\\\/\"},{\"@type\":\"ListItem\",\"position\":2,\"name\":\"White One by St. Patrick Sapporo W1125CX1\"}]},{\"@type\":\"WebSite\",\"@id\":\"https:\\\/\\\/www.koonings.com\\\/fr\\\/#website\",\"url\":\"https:\\\/\\\/www.koonings.com\\\/fr\\\/\",\"name\":\"Koonings\",\"description\":\"De grootste bruidsmodewinkel ter wereld\",\"publisher\":{\"@id\":\"https:\\\/\\\/www.koonings.com\\\/fr\\\/#organization\"},\"potentialAction\":[{\"@type\":\"SearchAction\",\"target\":{\"@type\":\"EntryPoint\",\"urlTemplate\":\"https:\\\/\\\/www.koonings.com\\\/fr\\\/?s={search_term_string}\"},\"query-input\":{\"@type\":\"PropertyValueSpecification\",\"valueRequired\":true,\"valueName\":\"search_term_string\"}}],\"inLanguage\":\"fr-FR\"},{\"@type\":\"Organization\",\"@id\":\"https:\\\/\\\/www.koonings.com\\\/fr\\\/#organization\",\"name\":\"Koonings\",\"url\":\"https:\\\/\\\/www.koonings.com\\\/fr\\\/\",\"logo\":{\"@type\":\"ImageObject\",\"inLanguage\":\"fr-FR\",\"@id\":\"https:\\\/\\\/www.koonings.com\\\/fr\\\/#\\\/schema\\\/logo\\\/image\\\/\",\"url\":\"https:\\\/\\\/www.koonings.com\\\/wp-content\\\/uploads\\\/2024\\\/07\\\/logo.png\",\"contentUrl\":\"https:\\\/\\\/www.koonings.com\\\/wp-content\\\/uploads\\\/2024\\\/07\\\/logo.png\",\"width\":600,\"height\":428,\"caption\":\"Koonings\"},\"image\":{\"@id\":\"https:\\\/\\\/www.koonings.com\\\/fr\\\/#\\\/schema\\\/logo\\\/image\\\/\"},\"sameAs\":[\"https:\\\/\\\/www.facebook.com\\\/kooningstheweddingpalace\",\"https:\\\/\\\/www.instagram.com\\\/kooningstheweddingpalace\",\"https:\\\/\\\/www.pinterest.com\\\/koonings\",\"https:\\\/\\\/www.youtube.com\\\/kooningstheweddingpalace\"]}]}<\/script>\n<!-- \/ Yoast SEO plugin. -->","yoast_head_json":{"title":"White One by St. Patrick Sapporo W1125CX1 | Koonings","description":"Confectionn\u00e9 dans un luxueux tissu satin\u00e9, le mod\u00e8le SAPPORO pr\u00e9sente un design simple avec de fines bretelles, un joli d\u00e9collet\u00e9 en c\u0153ur orn\u00e9 de surpiq\u00fbres au niveau du buste, un dos rond avec des d\u00e9tails en forme de trou de serrure et une jupe sir\u00e8ne qui flatte la silhouette. Sans aucun doute, une robe id\u00e9ale pour briller de sophistication le jour J.","robots":{"index":"index","follow":"follow","max-snippet":"max-snippet:-1","max-image-preview":"max-image-preview:large","max-video-preview":"max-video-preview:-1"},"canonical":"https:\/\/www.koonings.com\/fr\/product\/white-one-by-st-patrick-sapporo-w1125cx1\/","og_locale":"fr_FR","og_type":"article","og_title":"White One by St. Patrick Sapporo W1125CX1 | Koonings","og_description":"Confectionn\u00e9 dans un luxueux tissu satin\u00e9, le mod\u00e8le SAPPORO pr\u00e9sente un design simple avec de fines bretelles, un joli d\u00e9collet\u00e9 en c\u0153ur orn\u00e9 de surpiq\u00fbres au niveau du buste, un dos rond avec des d\u00e9tails en forme de trou de serrure et une jupe sir\u00e8ne qui flatte la silhouette. Sans aucun doute, une robe id\u00e9ale pour briller de sophistication le jour J.","og_url":"https:\/\/www.koonings.com\/fr\/product\/white-one-by-st-patrick-sapporo-w1125cx1\/","og_site_name":"Koonings","article_publisher":"https:\/\/www.facebook.com\/kooningstheweddingpalace","og_image":[{"width":722,"height":1020,"url":"https:\/\/www.koonings.com\/wp-content\/uploads\/2024\/11\/49053_faf3c3fe6cd62c93a64c4271016ad2d4247f3f82393d2c90b4c445acc123479afdde0e95.jpeg","type":"image\/jpeg"}],"twitter_card":"summary_large_image","schema":{"@context":"https:\/\/schema.org","@graph":[{"@type":"WebPage","@id":"https:\/\/www.koonings.com\/fr\/product\/white-one-by-st-patrick-sapporo-w1125cx1\/","url":"https:\/\/www.koonings.com\/fr\/product\/white-one-by-st-patrick-sapporo-w1125cx1\/","name":"White One by St. Patrick Sapporo W1125CX1 | Koonings","isPartOf":{"@id":"https:\/\/www.koonings.com\/fr\/#website"},"primaryImageOfPage":{"@id":"https:\/\/www.koonings.com\/fr\/product\/white-one-by-st-patrick-sapporo-w1125cx1\/#primaryimage"},"image":{"@id":"https:\/\/www.koonings.com\/fr\/product\/white-one-by-st-patrick-sapporo-w1125cx1\/#primaryimage"},"thumbnailUrl":"https:\/\/www.koonings.com\/wp-content\/uploads\/2024\/11\/49053_faf3c3fe6cd62c93a64c4271016ad2d4247f3f82393d2c90b4c445acc123479afdde0e95.jpeg","datePublished":"2025-07-10T10:44:07+00:00","description":"Confectionn\u00e9 dans un luxueux tissu satin\u00e9, le mod\u00e8le SAPPORO pr\u00e9sente un design simple avec de fines bretelles, un joli d\u00e9collet\u00e9 en c\u0153ur orn\u00e9 de surpiq\u00fbres au niveau du buste, un dos rond avec des d\u00e9tails en forme de trou de serrure et une jupe sir\u00e8ne qui flatte la silhouette. Sans aucun doute, une robe id\u00e9ale pour briller de sophistication le jour J.","breadcrumb":{"@id":"https:\/\/www.koonings.com\/fr\/product\/white-one-by-st-patrick-sapporo-w1125cx1\/#breadcrumb"},"inLanguage":"fr-FR","potentialAction":[{"@type":"ReadAction","target":["https:\/\/www.koonings.com\/fr\/product\/white-one-by-st-patrick-sapporo-w1125cx1\/"]}]},{"@type":"ImageObject","inLanguage":"fr-FR","@id":"https:\/\/www.koonings.com\/fr\/product\/white-one-by-st-patrick-sapporo-w1125cx1\/#primaryimage","url":"https:\/\/www.koonings.com\/wp-content\/uploads\/2024\/11\/49053_faf3c3fe6cd62c93a64c4271016ad2d4247f3f82393d2c90b4c445acc123479afdde0e95.jpeg","contentUrl":"https:\/\/www.koonings.com\/wp-content\/uploads\/2024\/11\/49053_faf3c3fe6cd62c93a64c4271016ad2d4247f3f82393d2c90b4c445acc123479afdde0e95.jpeg","width":722,"height":1020},{"@type":"BreadcrumbList","@id":"https:\/\/www.koonings.com\/fr\/product\/white-one-by-st-patrick-sapporo-w1125cx1\/#breadcrumb","itemListElement":[{"@type":"ListItem","position":1,"name":"Home","item":"https:\/\/www.koonings.com\/fr\/"},{"@type":"ListItem","position":2,"name":"White One by St. Patrick Sapporo W1125CX1"}]},{"@type":"WebSite","@id":"https:\/\/www.koonings.com\/fr\/#website","url":"https:\/\/www.koonings.com\/fr\/","name":"Koonings","description":"De grootste bruidsmodewinkel ter wereld","publisher":{"@id":"https:\/\/www.koonings.com\/fr\/#organization"},"potentialAction":[{"@type":"SearchAction","target":{"@type":"EntryPoint","urlTemplate":"https:\/\/www.koonings.com\/fr\/?s={search_term_string}"},"query-input":{"@type":"PropertyValueSpecification","valueRequired":true,"valueName":"search_term_string"}}],"inLanguage":"fr-FR"},{"@type":"Organization","@id":"https:\/\/www.koonings.com\/fr\/#organization","name":"Koonings","url":"https:\/\/www.koonings.com\/fr\/","logo":{"@type":"ImageObject","inLanguage":"fr-FR","@id":"https:\/\/www.koonings.com\/fr\/#\/schema\/logo\/image\/","url":"https:\/\/www.koonings.com\/wp-content\/uploads\/2024\/07\/logo.png","contentUrl":"https:\/\/www.koonings.com\/wp-content\/uploads\/2024\/07\/logo.png","width":600,"height":428,"caption":"Koonings"},"image":{"@id":"https:\/\/www.koonings.com\/fr\/#\/schema\/logo\/image\/"},"sameAs":["https:\/\/www.facebook.com\/kooningstheweddingpalace","https:\/\/www.instagram.com\/kooningstheweddingpalace","https:\/\/www.pinterest.com\/koonings","https:\/\/www.youtube.com\/kooningstheweddingpalace"]}]}},"_links":{"self":[{"href":"https:\/\/www.koonings.com\/fr\/wp-json\/wp\/v2\/product\/60070","targetHints":{"allow":["GET"]}}],"collection":[{"href":"https:\/\/www.koonings.com\/fr\/wp-json\/wp\/v2\/product"}],"about":[{"href":"https:\/\/www.koonings.com\/fr\/wp-json\/wp\/v2\/types\/product"}],"wp:featuredmedia":[{"embeddable":true,"href":"https:\/\/www.koonings.com\/fr\/wp-json\/wp\/v2\/media\/54582"}],"wp:attachment":[{"href":"https:\/\/www.koonings.com\/fr\/wp-json\/wp\/v2\/media?parent=60070"}],"wp:term":[{"taxonomy":"productdetails","embeddable":true,"href":"https:\/\/www.koonings.com\/fr\/wp-json\/wp\/v2\/productdetails?post=60070"},{"taxonomy":"productneck","embeddable":true,"href":"https:\/\/www.koonings.com\/fr\/wp-json\/wp\/v2\/productneck?post=60070"},{"taxonomy":"productcolor","embeddable":true,"href":"https:\/\/www.koonings.com\/fr\/wp-json\/wp\/v2\/productcolor?post=60070"},{"taxonomy":"maat","embeddable":true,"href":"https:\/\/www.koonings.com\/fr\/wp-json\/wp\/v2\/maat?post=60070"},{"taxonomy":"productsupplier","embeddable":true,"href":"https:\/\/www.koonings.com\/fr\/wp-json\/wp\/v2\/productsupplier?post=60070"},{"taxonomy":"productsleeve","embeddable":true,"href":"https:\/\/www.koonings.com\/fr\/wp-json\/wp\/v2\/productsleeve?post=60070"},{"taxonomy":"productcategory","embeddable":true,"href":"https:\/\/www.koonings.com\/fr\/wp-json\/wp\/v2\/productcategory?post=60070"},{"taxonomy":"productsilhouette","embeddable":true,"href":"https:\/\/www.koonings.com\/fr\/wp-json\/wp\/v2\/productsilhouette?post=60070"},{"taxonomy":"productstyle","embeddable":true,"href":"https:\/\/www.koonings.com\/fr\/wp-json\/wp\/v2\/productstyle?post=60070"}],"curies":[{"name":"wp","href":"https:\/\/api.w.org\/{rel}","templated":true}]}}