{"id":60050,"date":"2024-11-18T15:50:17","date_gmt":"2024-11-18T14:50:17","guid":{"rendered":"https:\/\/www.koonings.com\/product\/st-patrick-zimmer-st125da2-2\/"},"modified":"2026-02-03T19:08:46","modified_gmt":"2026-02-03T18:08:46","slug":"st-patrick-zimmer-st125da2-2","status":"publish","type":"product","link":"https:\/\/www.koonings.com\/fr\/product\/st-patrick-zimmer-st125da2-2\/","title":{"rendered":"Patrick Zimmer ST125DA2"},"content":{"rendered":"<p>D\u00e9licate et \u00e9l\u00e9gante, la robe ZIMMER se distingue par son style exquis et romantique. Con\u00e7ue en cr\u00eape, elle pr\u00e9sente une coupe sir\u00e8ne flatteuse orn\u00e9e de dentelle et de strass sur le dessus, des d\u00e9tails transparents sur l&#8217;encolure, les manches et la tra\u00eene, ainsi qu&#8217;une d\u00e9licate fermeture boutonn\u00e9e dans le dos. <\/p>\n","protected":false},"featured_media":54733,"template":"","meta":{"_acf_changed":false,"ghostkit_customizer_options":"","ghostkit_custom_css":"","ghostkit_custom_js_head":"","ghostkit_custom_js_foot":"","ghostkit_typography":""},"productdetails":[],"productneck":[],"productcolor":[],"maat":[],"productsupplier":[415],"productsleeve":[],"productcategory":[18],"productsilhouette":[],"productstyle":[366],"class_list":["post-60050","product","type-product","status-publish","has-post-thumbnail","hentry","productsupplier-st-patrick","productcategory-trouwjurken","productstyle-366"],"acf":[],"yoast_head":"<!-- This site is optimized with the Yoast SEO plugin v27.3 - https:\/\/yoast.com\/product\/yoast-seo-wordpress\/ -->\n<title>Patrick Zimmer ST125DA2 | Koonings<\/title>\n<meta name=\"description\" content=\"D\u00e9licate et \u00e9l\u00e9gante, la robe ZIMMER se distingue par son style exquis et romantique. Con\u00e7ue en cr\u00eape, elle pr\u00e9sente une coupe sir\u00e8ne flatteuse orn\u00e9e de dentelle et de strass sur le dessus, des d\u00e9tails transparents sur l&#039;encolure, les manches et la tra\u00eene, ainsi qu&#039;une d\u00e9licate fermeture boutonn\u00e9e dans le dos.\" \/>\n<meta name=\"robots\" content=\"index, follow, max-snippet:-1, max-image-preview:large, max-video-preview:-1\" \/>\n<link rel=\"canonical\" href=\"https:\/\/www.koonings.com\/fr\/product\/st-patrick-zimmer-st125da2-2\/\" \/>\n<meta property=\"og:locale\" content=\"fr_FR\" \/>\n<meta property=\"og:type\" content=\"article\" \/>\n<meta property=\"og:title\" content=\"Patrick Zimmer ST125DA2 | Koonings\" \/>\n<meta property=\"og:description\" content=\"D\u00e9licate et \u00e9l\u00e9gante, la robe ZIMMER se distingue par son style exquis et romantique. Con\u00e7ue en cr\u00eape, elle pr\u00e9sente une coupe sir\u00e8ne flatteuse orn\u00e9e de dentelle et de strass sur le dessus, des d\u00e9tails transparents sur l&#039;encolure, les manches et la tra\u00eene, ainsi qu&#039;une d\u00e9licate fermeture boutonn\u00e9e dans le dos.\" \/>\n<meta property=\"og:url\" content=\"https:\/\/www.koonings.com\/fr\/product\/st-patrick-zimmer-st125da2-2\/\" \/>\n<meta property=\"og:site_name\" content=\"Koonings\" \/>\n<meta property=\"article:publisher\" content=\"https:\/\/www.facebook.com\/kooningstheweddingpalace\" \/>\n<meta property=\"article:modified_time\" content=\"2026-02-03T18:08:46+00:00\" \/>\n<meta property=\"og:image\" content=\"https:\/\/www.koonings.com\/wp-content\/uploads\/2024\/11\/49062_84668b657dff7386c325bb19757991d3e3160ad2d39ec7a293864c192f9343836ae5b6a1-scaled.jpeg\" \/>\n\t<meta property=\"og:image:width\" content=\"1810\" \/>\n\t<meta property=\"og:image:height\" content=\"2560\" \/>\n\t<meta property=\"og:image:type\" content=\"image\/jpeg\" \/>\n<meta name=\"twitter:card\" content=\"summary_large_image\" \/>\n<script type=\"application\/ld+json\" class=\"yoast-schema-graph\">{\"@context\":\"https:\\\/\\\/schema.org\",\"@graph\":[{\"@type\":\"WebPage\",\"@id\":\"https:\\\/\\\/www.koonings.com\\\/fr\\\/product\\\/st-patrick-zimmer-st125da2-2\\\/\",\"url\":\"https:\\\/\\\/www.koonings.com\\\/fr\\\/product\\\/st-patrick-zimmer-st125da2-2\\\/\",\"name\":\"Patrick Zimmer ST125DA2 | Koonings\",\"isPartOf\":{\"@id\":\"https:\\\/\\\/www.koonings.com\\\/fr\\\/#website\"},\"primaryImageOfPage\":{\"@id\":\"https:\\\/\\\/www.koonings.com\\\/fr\\\/product\\\/st-patrick-zimmer-st125da2-2\\\/#primaryimage\"},\"image\":{\"@id\":\"https:\\\/\\\/www.koonings.com\\\/fr\\\/product\\\/st-patrick-zimmer-st125da2-2\\\/#primaryimage\"},\"thumbnailUrl\":\"https:\\\/\\\/www.koonings.com\\\/wp-content\\\/uploads\\\/2024\\\/11\\\/49062_84668b657dff7386c325bb19757991d3e3160ad2d39ec7a293864c192f9343836ae5b6a1-scaled.jpeg\",\"datePublished\":\"2024-11-18T14:50:17+00:00\",\"dateModified\":\"2026-02-03T18:08:46+00:00\",\"description\":\"D\u00e9licate et \u00e9l\u00e9gante, la robe ZIMMER se distingue par son style exquis et romantique. Con\u00e7ue en cr\u00eape, elle pr\u00e9sente une coupe sir\u00e8ne flatteuse orn\u00e9e de dentelle et de strass sur le dessus, des d\u00e9tails transparents sur l'encolure, les manches et la tra\u00eene, ainsi qu'une d\u00e9licate fermeture boutonn\u00e9e dans le dos.\",\"breadcrumb\":{\"@id\":\"https:\\\/\\\/www.koonings.com\\\/fr\\\/product\\\/st-patrick-zimmer-st125da2-2\\\/#breadcrumb\"},\"inLanguage\":\"fr-FR\",\"potentialAction\":[{\"@type\":\"ReadAction\",\"target\":[\"https:\\\/\\\/www.koonings.com\\\/fr\\\/product\\\/st-patrick-zimmer-st125da2-2\\\/\"]}]},{\"@type\":\"ImageObject\",\"inLanguage\":\"fr-FR\",\"@id\":\"https:\\\/\\\/www.koonings.com\\\/fr\\\/product\\\/st-patrick-zimmer-st125da2-2\\\/#primaryimage\",\"url\":\"https:\\\/\\\/www.koonings.com\\\/wp-content\\\/uploads\\\/2024\\\/11\\\/49062_84668b657dff7386c325bb19757991d3e3160ad2d39ec7a293864c192f9343836ae5b6a1-scaled.jpeg\",\"contentUrl\":\"https:\\\/\\\/www.koonings.com\\\/wp-content\\\/uploads\\\/2024\\\/11\\\/49062_84668b657dff7386c325bb19757991d3e3160ad2d39ec7a293864c192f9343836ae5b6a1-scaled.jpeg\",\"width\":1810,\"height\":2560},{\"@type\":\"BreadcrumbList\",\"@id\":\"https:\\\/\\\/www.koonings.com\\\/fr\\\/product\\\/st-patrick-zimmer-st125da2-2\\\/#breadcrumb\",\"itemListElement\":[{\"@type\":\"ListItem\",\"position\":1,\"name\":\"Home\",\"item\":\"https:\\\/\\\/www.koonings.com\\\/fr\\\/\"},{\"@type\":\"ListItem\",\"position\":2,\"name\":\"Patrick Zimmer ST125DA2\"}]},{\"@type\":\"WebSite\",\"@id\":\"https:\\\/\\\/www.koonings.com\\\/fr\\\/#website\",\"url\":\"https:\\\/\\\/www.koonings.com\\\/fr\\\/\",\"name\":\"Koonings\",\"description\":\"De grootste bruidsmodewinkel ter wereld\",\"publisher\":{\"@id\":\"https:\\\/\\\/www.koonings.com\\\/fr\\\/#organization\"},\"potentialAction\":[{\"@type\":\"SearchAction\",\"target\":{\"@type\":\"EntryPoint\",\"urlTemplate\":\"https:\\\/\\\/www.koonings.com\\\/fr\\\/?s={search_term_string}\"},\"query-input\":{\"@type\":\"PropertyValueSpecification\",\"valueRequired\":true,\"valueName\":\"search_term_string\"}}],\"inLanguage\":\"fr-FR\"},{\"@type\":\"Organization\",\"@id\":\"https:\\\/\\\/www.koonings.com\\\/fr\\\/#organization\",\"name\":\"Koonings\",\"url\":\"https:\\\/\\\/www.koonings.com\\\/fr\\\/\",\"logo\":{\"@type\":\"ImageObject\",\"inLanguage\":\"fr-FR\",\"@id\":\"https:\\\/\\\/www.koonings.com\\\/fr\\\/#\\\/schema\\\/logo\\\/image\\\/\",\"url\":\"https:\\\/\\\/www.koonings.com\\\/wp-content\\\/uploads\\\/2024\\\/07\\\/logo.png\",\"contentUrl\":\"https:\\\/\\\/www.koonings.com\\\/wp-content\\\/uploads\\\/2024\\\/07\\\/logo.png\",\"width\":600,\"height\":428,\"caption\":\"Koonings\"},\"image\":{\"@id\":\"https:\\\/\\\/www.koonings.com\\\/fr\\\/#\\\/schema\\\/logo\\\/image\\\/\"},\"sameAs\":[\"https:\\\/\\\/www.facebook.com\\\/kooningstheweddingpalace\",\"https:\\\/\\\/www.instagram.com\\\/kooningstheweddingpalace\",\"https:\\\/\\\/www.pinterest.com\\\/koonings\",\"https:\\\/\\\/www.youtube.com\\\/kooningstheweddingpalace\"]}]}<\/script>\n<!-- \/ Yoast SEO plugin. -->","yoast_head_json":{"title":"Patrick Zimmer ST125DA2 | Koonings","description":"D\u00e9licate et \u00e9l\u00e9gante, la robe ZIMMER se distingue par son style exquis et romantique. Con\u00e7ue en cr\u00eape, elle pr\u00e9sente une coupe sir\u00e8ne flatteuse orn\u00e9e de dentelle et de strass sur le dessus, des d\u00e9tails transparents sur l'encolure, les manches et la tra\u00eene, ainsi qu'une d\u00e9licate fermeture boutonn\u00e9e dans le dos.","robots":{"index":"index","follow":"follow","max-snippet":"max-snippet:-1","max-image-preview":"max-image-preview:large","max-video-preview":"max-video-preview:-1"},"canonical":"https:\/\/www.koonings.com\/fr\/product\/st-patrick-zimmer-st125da2-2\/","og_locale":"fr_FR","og_type":"article","og_title":"Patrick Zimmer ST125DA2 | Koonings","og_description":"D\u00e9licate et \u00e9l\u00e9gante, la robe ZIMMER se distingue par son style exquis et romantique. Con\u00e7ue en cr\u00eape, elle pr\u00e9sente une coupe sir\u00e8ne flatteuse orn\u00e9e de dentelle et de strass sur le dessus, des d\u00e9tails transparents sur l'encolure, les manches et la tra\u00eene, ainsi qu'une d\u00e9licate fermeture boutonn\u00e9e dans le dos.","og_url":"https:\/\/www.koonings.com\/fr\/product\/st-patrick-zimmer-st125da2-2\/","og_site_name":"Koonings","article_publisher":"https:\/\/www.facebook.com\/kooningstheweddingpalace","article_modified_time":"2026-02-03T18:08:46+00:00","og_image":[{"width":1810,"height":2560,"url":"https:\/\/www.koonings.com\/wp-content\/uploads\/2024\/11\/49062_84668b657dff7386c325bb19757991d3e3160ad2d39ec7a293864c192f9343836ae5b6a1-scaled.jpeg","type":"image\/jpeg"}],"twitter_card":"summary_large_image","schema":{"@context":"https:\/\/schema.org","@graph":[{"@type":"WebPage","@id":"https:\/\/www.koonings.com\/fr\/product\/st-patrick-zimmer-st125da2-2\/","url":"https:\/\/www.koonings.com\/fr\/product\/st-patrick-zimmer-st125da2-2\/","name":"Patrick Zimmer ST125DA2 | Koonings","isPartOf":{"@id":"https:\/\/www.koonings.com\/fr\/#website"},"primaryImageOfPage":{"@id":"https:\/\/www.koonings.com\/fr\/product\/st-patrick-zimmer-st125da2-2\/#primaryimage"},"image":{"@id":"https:\/\/www.koonings.com\/fr\/product\/st-patrick-zimmer-st125da2-2\/#primaryimage"},"thumbnailUrl":"https:\/\/www.koonings.com\/wp-content\/uploads\/2024\/11\/49062_84668b657dff7386c325bb19757991d3e3160ad2d39ec7a293864c192f9343836ae5b6a1-scaled.jpeg","datePublished":"2024-11-18T14:50:17+00:00","dateModified":"2026-02-03T18:08:46+00:00","description":"D\u00e9licate et \u00e9l\u00e9gante, la robe ZIMMER se distingue par son style exquis et romantique. Con\u00e7ue en cr\u00eape, elle pr\u00e9sente une coupe sir\u00e8ne flatteuse orn\u00e9e de dentelle et de strass sur le dessus, des d\u00e9tails transparents sur l'encolure, les manches et la tra\u00eene, ainsi qu'une d\u00e9licate fermeture boutonn\u00e9e dans le dos.","breadcrumb":{"@id":"https:\/\/www.koonings.com\/fr\/product\/st-patrick-zimmer-st125da2-2\/#breadcrumb"},"inLanguage":"fr-FR","potentialAction":[{"@type":"ReadAction","target":["https:\/\/www.koonings.com\/fr\/product\/st-patrick-zimmer-st125da2-2\/"]}]},{"@type":"ImageObject","inLanguage":"fr-FR","@id":"https:\/\/www.koonings.com\/fr\/product\/st-patrick-zimmer-st125da2-2\/#primaryimage","url":"https:\/\/www.koonings.com\/wp-content\/uploads\/2024\/11\/49062_84668b657dff7386c325bb19757991d3e3160ad2d39ec7a293864c192f9343836ae5b6a1-scaled.jpeg","contentUrl":"https:\/\/www.koonings.com\/wp-content\/uploads\/2024\/11\/49062_84668b657dff7386c325bb19757991d3e3160ad2d39ec7a293864c192f9343836ae5b6a1-scaled.jpeg","width":1810,"height":2560},{"@type":"BreadcrumbList","@id":"https:\/\/www.koonings.com\/fr\/product\/st-patrick-zimmer-st125da2-2\/#breadcrumb","itemListElement":[{"@type":"ListItem","position":1,"name":"Home","item":"https:\/\/www.koonings.com\/fr\/"},{"@type":"ListItem","position":2,"name":"Patrick Zimmer ST125DA2"}]},{"@type":"WebSite","@id":"https:\/\/www.koonings.com\/fr\/#website","url":"https:\/\/www.koonings.com\/fr\/","name":"Koonings","description":"De grootste bruidsmodewinkel ter wereld","publisher":{"@id":"https:\/\/www.koonings.com\/fr\/#organization"},"potentialAction":[{"@type":"SearchAction","target":{"@type":"EntryPoint","urlTemplate":"https:\/\/www.koonings.com\/fr\/?s={search_term_string}"},"query-input":{"@type":"PropertyValueSpecification","valueRequired":true,"valueName":"search_term_string"}}],"inLanguage":"fr-FR"},{"@type":"Organization","@id":"https:\/\/www.koonings.com\/fr\/#organization","name":"Koonings","url":"https:\/\/www.koonings.com\/fr\/","logo":{"@type":"ImageObject","inLanguage":"fr-FR","@id":"https:\/\/www.koonings.com\/fr\/#\/schema\/logo\/image\/","url":"https:\/\/www.koonings.com\/wp-content\/uploads\/2024\/07\/logo.png","contentUrl":"https:\/\/www.koonings.com\/wp-content\/uploads\/2024\/07\/logo.png","width":600,"height":428,"caption":"Koonings"},"image":{"@id":"https:\/\/www.koonings.com\/fr\/#\/schema\/logo\/image\/"},"sameAs":["https:\/\/www.facebook.com\/kooningstheweddingpalace","https:\/\/www.instagram.com\/kooningstheweddingpalace","https:\/\/www.pinterest.com\/koonings","https:\/\/www.youtube.com\/kooningstheweddingpalace"]}]}},"_links":{"self":[{"href":"https:\/\/www.koonings.com\/fr\/wp-json\/wp\/v2\/product\/60050","targetHints":{"allow":["GET"]}}],"collection":[{"href":"https:\/\/www.koonings.com\/fr\/wp-json\/wp\/v2\/product"}],"about":[{"href":"https:\/\/www.koonings.com\/fr\/wp-json\/wp\/v2\/types\/product"}],"wp:featuredmedia":[{"embeddable":true,"href":"https:\/\/www.koonings.com\/fr\/wp-json\/wp\/v2\/media\/54733"}],"wp:attachment":[{"href":"https:\/\/www.koonings.com\/fr\/wp-json\/wp\/v2\/media?parent=60050"}],"wp:term":[{"taxonomy":"productdetails","embeddable":true,"href":"https:\/\/www.koonings.com\/fr\/wp-json\/wp\/v2\/productdetails?post=60050"},{"taxonomy":"productneck","embeddable":true,"href":"https:\/\/www.koonings.com\/fr\/wp-json\/wp\/v2\/productneck?post=60050"},{"taxonomy":"productcolor","embeddable":true,"href":"https:\/\/www.koonings.com\/fr\/wp-json\/wp\/v2\/productcolor?post=60050"},{"taxonomy":"maat","embeddable":true,"href":"https:\/\/www.koonings.com\/fr\/wp-json\/wp\/v2\/maat?post=60050"},{"taxonomy":"productsupplier","embeddable":true,"href":"https:\/\/www.koonings.com\/fr\/wp-json\/wp\/v2\/productsupplier?post=60050"},{"taxonomy":"productsleeve","embeddable":true,"href":"https:\/\/www.koonings.com\/fr\/wp-json\/wp\/v2\/productsleeve?post=60050"},{"taxonomy":"productcategory","embeddable":true,"href":"https:\/\/www.koonings.com\/fr\/wp-json\/wp\/v2\/productcategory?post=60050"},{"taxonomy":"productsilhouette","embeddable":true,"href":"https:\/\/www.koonings.com\/fr\/wp-json\/wp\/v2\/productsilhouette?post=60050"},{"taxonomy":"productstyle","embeddable":true,"href":"https:\/\/www.koonings.com\/fr\/wp-json\/wp\/v2\/productstyle?post=60050"}],"curies":[{"name":"wp","href":"https:\/\/api.w.org\/{rel}","templated":true}]}}