{"id":60045,"date":"2024-11-18T15:50:16","date_gmt":"2024-11-18T14:50:16","guid":{"rendered":"https:\/\/www.koonings.com\/product\/st-patrick-renne-st125cg1-2\/"},"modified":"2026-02-03T19:08:38","modified_gmt":"2026-02-03T18:08:38","slug":"st-patrick-renne-st125cg1-2","status":"publish","type":"product","link":"https:\/\/www.koonings.com\/fr\/product\/st-patrick-renne-st125cg1-2\/","title":{"rendered":"Patrick Renne ST125CG1"},"content":{"rendered":"<p>RENNE est un mod\u00e8le sophistiqu\u00e9 \u00e0 coupe sir\u00e8ne, dont le corsage \u00e0 bretelles et l&#8217;encolure en forme de c\u0153ur sont rehauss\u00e9s de dentelle et de strass, tandis que la jupe sophistiqu\u00e9e en cr\u00eape \u00e0 d\u00e9coupe sir\u00e8ne \u00e9pouse la silhouette et s&#8217;ouvre l\u00e9g\u00e8rement \u00e0 partir de la cuisse pour cr\u00e9er une finition tr\u00e8s flatteuse et harmonieuse.<\/p>\n","protected":false},"featured_media":54712,"template":"","meta":{"_acf_changed":false,"ghostkit_customizer_options":"","ghostkit_custom_css":"","ghostkit_custom_js_head":"","ghostkit_custom_js_foot":"","ghostkit_typography":""},"productdetails":[],"productneck":[],"productcolor":[],"maat":[],"productsupplier":[415],"productsleeve":[],"productcategory":[18],"productsilhouette":[],"productstyle":[366],"class_list":["post-60045","product","type-product","status-publish","has-post-thumbnail","hentry","productsupplier-st-patrick","productcategory-trouwjurken","productstyle-366"],"acf":[],"yoast_head":"<!-- This site is optimized with the Yoast SEO plugin v27.3 - https:\/\/yoast.com\/product\/yoast-seo-wordpress\/ -->\n<title>Patrick Renne ST125CG1 | Koonings<\/title>\n<meta name=\"description\" content=\"RENNE est un mod\u00e8le sophistiqu\u00e9 \u00e0 coupe sir\u00e8ne, dont le corsage \u00e0 bretelles et l&#039;encolure en forme de c\u0153ur sont rehauss\u00e9s de dentelle et de strass, tandis que la jupe sophistiqu\u00e9e en cr\u00eape \u00e0 d\u00e9coupe sir\u00e8ne \u00e9pouse la silhouette et s&#039;ouvre l\u00e9g\u00e8rement \u00e0 partir de la cuisse pour cr\u00e9er une finition tr\u00e8s flatteuse et harmonieuse.\" \/>\n<meta name=\"robots\" content=\"index, follow, max-snippet:-1, max-image-preview:large, max-video-preview:-1\" \/>\n<link rel=\"canonical\" href=\"https:\/\/www.koonings.com\/fr\/product\/st-patrick-renne-st125cg1-2\/\" \/>\n<meta property=\"og:locale\" content=\"fr_FR\" \/>\n<meta property=\"og:type\" content=\"article\" \/>\n<meta property=\"og:title\" content=\"Patrick Renne ST125CG1 | Koonings\" \/>\n<meta property=\"og:description\" content=\"RENNE est un mod\u00e8le sophistiqu\u00e9 \u00e0 coupe sir\u00e8ne, dont le corsage \u00e0 bretelles et l&#039;encolure en forme de c\u0153ur sont rehauss\u00e9s de dentelle et de strass, tandis que la jupe sophistiqu\u00e9e en cr\u00eape \u00e0 d\u00e9coupe sir\u00e8ne \u00e9pouse la silhouette et s&#039;ouvre l\u00e9g\u00e8rement \u00e0 partir de la cuisse pour cr\u00e9er une finition tr\u00e8s flatteuse et harmonieuse.\" \/>\n<meta property=\"og:url\" content=\"https:\/\/www.koonings.com\/fr\/product\/st-patrick-renne-st125cg1-2\/\" \/>\n<meta property=\"og:site_name\" content=\"Koonings\" \/>\n<meta property=\"article:publisher\" content=\"https:\/\/www.facebook.com\/kooningstheweddingpalace\" \/>\n<meta property=\"article:modified_time\" content=\"2026-02-03T18:08:38+00:00\" \/>\n<meta property=\"og:image\" content=\"https:\/\/www.koonings.com\/wp-content\/uploads\/2024\/11\/49061_7cec1865d2a930da57e5ce65abbc56041d05c85d5e4e4c4ceccce7ef3750d0534f9b6905-scaled.jpeg\" \/>\n\t<meta property=\"og:image:width\" content=\"1812\" \/>\n\t<meta property=\"og:image:height\" content=\"2560\" \/>\n\t<meta property=\"og:image:type\" content=\"image\/jpeg\" \/>\n<meta name=\"twitter:card\" content=\"summary_large_image\" \/>\n<script type=\"application\/ld+json\" class=\"yoast-schema-graph\">{\"@context\":\"https:\\\/\\\/schema.org\",\"@graph\":[{\"@type\":\"WebPage\",\"@id\":\"https:\\\/\\\/www.koonings.com\\\/fr\\\/product\\\/st-patrick-renne-st125cg1-2\\\/\",\"url\":\"https:\\\/\\\/www.koonings.com\\\/fr\\\/product\\\/st-patrick-renne-st125cg1-2\\\/\",\"name\":\"Patrick Renne ST125CG1 | Koonings\",\"isPartOf\":{\"@id\":\"https:\\\/\\\/www.koonings.com\\\/fr\\\/#website\"},\"primaryImageOfPage\":{\"@id\":\"https:\\\/\\\/www.koonings.com\\\/fr\\\/product\\\/st-patrick-renne-st125cg1-2\\\/#primaryimage\"},\"image\":{\"@id\":\"https:\\\/\\\/www.koonings.com\\\/fr\\\/product\\\/st-patrick-renne-st125cg1-2\\\/#primaryimage\"},\"thumbnailUrl\":\"https:\\\/\\\/www.koonings.com\\\/wp-content\\\/uploads\\\/2024\\\/11\\\/49061_7cec1865d2a930da57e5ce65abbc56041d05c85d5e4e4c4ceccce7ef3750d0534f9b6905-scaled.jpeg\",\"datePublished\":\"2024-11-18T14:50:16+00:00\",\"dateModified\":\"2026-02-03T18:08:38+00:00\",\"description\":\"RENNE est un mod\u00e8le sophistiqu\u00e9 \u00e0 coupe sir\u00e8ne, dont le corsage \u00e0 bretelles et l'encolure en forme de c\u0153ur sont rehauss\u00e9s de dentelle et de strass, tandis que la jupe sophistiqu\u00e9e en cr\u00eape \u00e0 d\u00e9coupe sir\u00e8ne \u00e9pouse la silhouette et s'ouvre l\u00e9g\u00e8rement \u00e0 partir de la cuisse pour cr\u00e9er une finition tr\u00e8s flatteuse et harmonieuse.\",\"breadcrumb\":{\"@id\":\"https:\\\/\\\/www.koonings.com\\\/fr\\\/product\\\/st-patrick-renne-st125cg1-2\\\/#breadcrumb\"},\"inLanguage\":\"fr-FR\",\"potentialAction\":[{\"@type\":\"ReadAction\",\"target\":[\"https:\\\/\\\/www.koonings.com\\\/fr\\\/product\\\/st-patrick-renne-st125cg1-2\\\/\"]}]},{\"@type\":\"ImageObject\",\"inLanguage\":\"fr-FR\",\"@id\":\"https:\\\/\\\/www.koonings.com\\\/fr\\\/product\\\/st-patrick-renne-st125cg1-2\\\/#primaryimage\",\"url\":\"https:\\\/\\\/www.koonings.com\\\/wp-content\\\/uploads\\\/2024\\\/11\\\/49061_7cec1865d2a930da57e5ce65abbc56041d05c85d5e4e4c4ceccce7ef3750d0534f9b6905-scaled.jpeg\",\"contentUrl\":\"https:\\\/\\\/www.koonings.com\\\/wp-content\\\/uploads\\\/2024\\\/11\\\/49061_7cec1865d2a930da57e5ce65abbc56041d05c85d5e4e4c4ceccce7ef3750d0534f9b6905-scaled.jpeg\",\"width\":1812,\"height\":2560},{\"@type\":\"BreadcrumbList\",\"@id\":\"https:\\\/\\\/www.koonings.com\\\/fr\\\/product\\\/st-patrick-renne-st125cg1-2\\\/#breadcrumb\",\"itemListElement\":[{\"@type\":\"ListItem\",\"position\":1,\"name\":\"Home\",\"item\":\"https:\\\/\\\/www.koonings.com\\\/fr\\\/\"},{\"@type\":\"ListItem\",\"position\":2,\"name\":\"Patrick Renne ST125CG1\"}]},{\"@type\":\"WebSite\",\"@id\":\"https:\\\/\\\/www.koonings.com\\\/fr\\\/#website\",\"url\":\"https:\\\/\\\/www.koonings.com\\\/fr\\\/\",\"name\":\"Koonings\",\"description\":\"De grootste bruidsmodewinkel ter wereld\",\"publisher\":{\"@id\":\"https:\\\/\\\/www.koonings.com\\\/fr\\\/#organization\"},\"potentialAction\":[{\"@type\":\"SearchAction\",\"target\":{\"@type\":\"EntryPoint\",\"urlTemplate\":\"https:\\\/\\\/www.koonings.com\\\/fr\\\/?s={search_term_string}\"},\"query-input\":{\"@type\":\"PropertyValueSpecification\",\"valueRequired\":true,\"valueName\":\"search_term_string\"}}],\"inLanguage\":\"fr-FR\"},{\"@type\":\"Organization\",\"@id\":\"https:\\\/\\\/www.koonings.com\\\/fr\\\/#organization\",\"name\":\"Koonings\",\"url\":\"https:\\\/\\\/www.koonings.com\\\/fr\\\/\",\"logo\":{\"@type\":\"ImageObject\",\"inLanguage\":\"fr-FR\",\"@id\":\"https:\\\/\\\/www.koonings.com\\\/fr\\\/#\\\/schema\\\/logo\\\/image\\\/\",\"url\":\"https:\\\/\\\/www.koonings.com\\\/wp-content\\\/uploads\\\/2024\\\/07\\\/logo.png\",\"contentUrl\":\"https:\\\/\\\/www.koonings.com\\\/wp-content\\\/uploads\\\/2024\\\/07\\\/logo.png\",\"width\":600,\"height\":428,\"caption\":\"Koonings\"},\"image\":{\"@id\":\"https:\\\/\\\/www.koonings.com\\\/fr\\\/#\\\/schema\\\/logo\\\/image\\\/\"},\"sameAs\":[\"https:\\\/\\\/www.facebook.com\\\/kooningstheweddingpalace\",\"https:\\\/\\\/www.instagram.com\\\/kooningstheweddingpalace\",\"https:\\\/\\\/www.pinterest.com\\\/koonings\",\"https:\\\/\\\/www.youtube.com\\\/kooningstheweddingpalace\"]}]}<\/script>\n<!-- \/ Yoast SEO plugin. -->","yoast_head_json":{"title":"Patrick Renne ST125CG1 | Koonings","description":"RENNE est un mod\u00e8le sophistiqu\u00e9 \u00e0 coupe sir\u00e8ne, dont le corsage \u00e0 bretelles et l'encolure en forme de c\u0153ur sont rehauss\u00e9s de dentelle et de strass, tandis que la jupe sophistiqu\u00e9e en cr\u00eape \u00e0 d\u00e9coupe sir\u00e8ne \u00e9pouse la silhouette et s'ouvre l\u00e9g\u00e8rement \u00e0 partir de la cuisse pour cr\u00e9er une finition tr\u00e8s flatteuse et harmonieuse.","robots":{"index":"index","follow":"follow","max-snippet":"max-snippet:-1","max-image-preview":"max-image-preview:large","max-video-preview":"max-video-preview:-1"},"canonical":"https:\/\/www.koonings.com\/fr\/product\/st-patrick-renne-st125cg1-2\/","og_locale":"fr_FR","og_type":"article","og_title":"Patrick Renne ST125CG1 | Koonings","og_description":"RENNE est un mod\u00e8le sophistiqu\u00e9 \u00e0 coupe sir\u00e8ne, dont le corsage \u00e0 bretelles et l'encolure en forme de c\u0153ur sont rehauss\u00e9s de dentelle et de strass, tandis que la jupe sophistiqu\u00e9e en cr\u00eape \u00e0 d\u00e9coupe sir\u00e8ne \u00e9pouse la silhouette et s'ouvre l\u00e9g\u00e8rement \u00e0 partir de la cuisse pour cr\u00e9er une finition tr\u00e8s flatteuse et harmonieuse.","og_url":"https:\/\/www.koonings.com\/fr\/product\/st-patrick-renne-st125cg1-2\/","og_site_name":"Koonings","article_publisher":"https:\/\/www.facebook.com\/kooningstheweddingpalace","article_modified_time":"2026-02-03T18:08:38+00:00","og_image":[{"width":1812,"height":2560,"url":"https:\/\/www.koonings.com\/wp-content\/uploads\/2024\/11\/49061_7cec1865d2a930da57e5ce65abbc56041d05c85d5e4e4c4ceccce7ef3750d0534f9b6905-scaled.jpeg","type":"image\/jpeg"}],"twitter_card":"summary_large_image","schema":{"@context":"https:\/\/schema.org","@graph":[{"@type":"WebPage","@id":"https:\/\/www.koonings.com\/fr\/product\/st-patrick-renne-st125cg1-2\/","url":"https:\/\/www.koonings.com\/fr\/product\/st-patrick-renne-st125cg1-2\/","name":"Patrick Renne ST125CG1 | Koonings","isPartOf":{"@id":"https:\/\/www.koonings.com\/fr\/#website"},"primaryImageOfPage":{"@id":"https:\/\/www.koonings.com\/fr\/product\/st-patrick-renne-st125cg1-2\/#primaryimage"},"image":{"@id":"https:\/\/www.koonings.com\/fr\/product\/st-patrick-renne-st125cg1-2\/#primaryimage"},"thumbnailUrl":"https:\/\/www.koonings.com\/wp-content\/uploads\/2024\/11\/49061_7cec1865d2a930da57e5ce65abbc56041d05c85d5e4e4c4ceccce7ef3750d0534f9b6905-scaled.jpeg","datePublished":"2024-11-18T14:50:16+00:00","dateModified":"2026-02-03T18:08:38+00:00","description":"RENNE est un mod\u00e8le sophistiqu\u00e9 \u00e0 coupe sir\u00e8ne, dont le corsage \u00e0 bretelles et l'encolure en forme de c\u0153ur sont rehauss\u00e9s de dentelle et de strass, tandis que la jupe sophistiqu\u00e9e en cr\u00eape \u00e0 d\u00e9coupe sir\u00e8ne \u00e9pouse la silhouette et s'ouvre l\u00e9g\u00e8rement \u00e0 partir de la cuisse pour cr\u00e9er une finition tr\u00e8s flatteuse et harmonieuse.","breadcrumb":{"@id":"https:\/\/www.koonings.com\/fr\/product\/st-patrick-renne-st125cg1-2\/#breadcrumb"},"inLanguage":"fr-FR","potentialAction":[{"@type":"ReadAction","target":["https:\/\/www.koonings.com\/fr\/product\/st-patrick-renne-st125cg1-2\/"]}]},{"@type":"ImageObject","inLanguage":"fr-FR","@id":"https:\/\/www.koonings.com\/fr\/product\/st-patrick-renne-st125cg1-2\/#primaryimage","url":"https:\/\/www.koonings.com\/wp-content\/uploads\/2024\/11\/49061_7cec1865d2a930da57e5ce65abbc56041d05c85d5e4e4c4ceccce7ef3750d0534f9b6905-scaled.jpeg","contentUrl":"https:\/\/www.koonings.com\/wp-content\/uploads\/2024\/11\/49061_7cec1865d2a930da57e5ce65abbc56041d05c85d5e4e4c4ceccce7ef3750d0534f9b6905-scaled.jpeg","width":1812,"height":2560},{"@type":"BreadcrumbList","@id":"https:\/\/www.koonings.com\/fr\/product\/st-patrick-renne-st125cg1-2\/#breadcrumb","itemListElement":[{"@type":"ListItem","position":1,"name":"Home","item":"https:\/\/www.koonings.com\/fr\/"},{"@type":"ListItem","position":2,"name":"Patrick Renne ST125CG1"}]},{"@type":"WebSite","@id":"https:\/\/www.koonings.com\/fr\/#website","url":"https:\/\/www.koonings.com\/fr\/","name":"Koonings","description":"De grootste bruidsmodewinkel ter wereld","publisher":{"@id":"https:\/\/www.koonings.com\/fr\/#organization"},"potentialAction":[{"@type":"SearchAction","target":{"@type":"EntryPoint","urlTemplate":"https:\/\/www.koonings.com\/fr\/?s={search_term_string}"},"query-input":{"@type":"PropertyValueSpecification","valueRequired":true,"valueName":"search_term_string"}}],"inLanguage":"fr-FR"},{"@type":"Organization","@id":"https:\/\/www.koonings.com\/fr\/#organization","name":"Koonings","url":"https:\/\/www.koonings.com\/fr\/","logo":{"@type":"ImageObject","inLanguage":"fr-FR","@id":"https:\/\/www.koonings.com\/fr\/#\/schema\/logo\/image\/","url":"https:\/\/www.koonings.com\/wp-content\/uploads\/2024\/07\/logo.png","contentUrl":"https:\/\/www.koonings.com\/wp-content\/uploads\/2024\/07\/logo.png","width":600,"height":428,"caption":"Koonings"},"image":{"@id":"https:\/\/www.koonings.com\/fr\/#\/schema\/logo\/image\/"},"sameAs":["https:\/\/www.facebook.com\/kooningstheweddingpalace","https:\/\/www.instagram.com\/kooningstheweddingpalace","https:\/\/www.pinterest.com\/koonings","https:\/\/www.youtube.com\/kooningstheweddingpalace"]}]}},"_links":{"self":[{"href":"https:\/\/www.koonings.com\/fr\/wp-json\/wp\/v2\/product\/60045","targetHints":{"allow":["GET"]}}],"collection":[{"href":"https:\/\/www.koonings.com\/fr\/wp-json\/wp\/v2\/product"}],"about":[{"href":"https:\/\/www.koonings.com\/fr\/wp-json\/wp\/v2\/types\/product"}],"wp:featuredmedia":[{"embeddable":true,"href":"https:\/\/www.koonings.com\/fr\/wp-json\/wp\/v2\/media\/54712"}],"wp:attachment":[{"href":"https:\/\/www.koonings.com\/fr\/wp-json\/wp\/v2\/media?parent=60045"}],"wp:term":[{"taxonomy":"productdetails","embeddable":true,"href":"https:\/\/www.koonings.com\/fr\/wp-json\/wp\/v2\/productdetails?post=60045"},{"taxonomy":"productneck","embeddable":true,"href":"https:\/\/www.koonings.com\/fr\/wp-json\/wp\/v2\/productneck?post=60045"},{"taxonomy":"productcolor","embeddable":true,"href":"https:\/\/www.koonings.com\/fr\/wp-json\/wp\/v2\/productcolor?post=60045"},{"taxonomy":"maat","embeddable":true,"href":"https:\/\/www.koonings.com\/fr\/wp-json\/wp\/v2\/maat?post=60045"},{"taxonomy":"productsupplier","embeddable":true,"href":"https:\/\/www.koonings.com\/fr\/wp-json\/wp\/v2\/productsupplier?post=60045"},{"taxonomy":"productsleeve","embeddable":true,"href":"https:\/\/www.koonings.com\/fr\/wp-json\/wp\/v2\/productsleeve?post=60045"},{"taxonomy":"productcategory","embeddable":true,"href":"https:\/\/www.koonings.com\/fr\/wp-json\/wp\/v2\/productcategory?post=60045"},{"taxonomy":"productsilhouette","embeddable":true,"href":"https:\/\/www.koonings.com\/fr\/wp-json\/wp\/v2\/productsilhouette?post=60045"},{"taxonomy":"productstyle","embeddable":true,"href":"https:\/\/www.koonings.com\/fr\/wp-json\/wp\/v2\/productstyle?post=60045"}],"curies":[{"name":"wp","href":"https:\/\/api.w.org\/{rel}","templated":true}]}}