{"id":60039,"date":"2024-11-18T15:50:18","date_gmt":"2024-11-18T14:50:18","guid":{"rendered":"https:\/\/www.koonings.com\/product\/st-patrick-izobel-st125bk2-2\/"},"modified":"2026-02-03T19:09:03","modified_gmt":"2026-02-03T18:09:03","slug":"st-patrick-izobel-st125bk2-2","status":"publish","type":"product","link":"https:\/\/www.koonings.com\/fr\/product\/st-patrick-izobel-st125bk2-2\/","title":{"rendered":"Patrick Izobel ST125BK2"},"content":{"rendered":"<p>IZOBEL est la robe id\u00e9ale pour les mari\u00e9es qui c\u00e9l\u00e8brent leur mariage pendant les mois les plus froids. Cette robe jacquard pleine ligne pr\u00e9sente une encolure carr\u00e9e sur le devant et dans le dos, ainsi que d&#8217;\u00e9l\u00e9gantes manches bouffantes qui s&#8217;affinent aux aisselles et sont orn\u00e9es de magnifiques boutons. <\/p>\n","protected":false},"featured_media":54775,"template":"","meta":{"_acf_changed":false,"ghostkit_customizer_options":"","ghostkit_custom_css":"","ghostkit_custom_js_head":"","ghostkit_custom_js_foot":"","ghostkit_typography":""},"productdetails":[],"productneck":[],"productcolor":[],"maat":[],"productsupplier":[415],"productsleeve":[],"productcategory":[18],"productsilhouette":[],"productstyle":[366],"class_list":["post-60039","product","type-product","status-publish","has-post-thumbnail","hentry","productsupplier-st-patrick","productcategory-trouwjurken","productstyle-366"],"acf":[],"yoast_head":"<!-- This site is optimized with the Yoast SEO plugin v27.3 - https:\/\/yoast.com\/product\/yoast-seo-wordpress\/ -->\n<title>Patrick Izobel ST125BK2 | Koonings<\/title>\n<meta name=\"description\" content=\"IZOBEL est la robe id\u00e9ale pour les mari\u00e9es qui c\u00e9l\u00e8brent leur mariage pendant les mois les plus froids. Cette robe jacquard pleine ligne pr\u00e9sente une encolure carr\u00e9e sur le devant et dans le dos, ainsi que d&#039;\u00e9l\u00e9gantes manches bouffantes qui s&#039;affinent aux aisselles et sont orn\u00e9es de jolis boutons.\" \/>\n<meta name=\"robots\" content=\"index, follow, max-snippet:-1, max-image-preview:large, max-video-preview:-1\" \/>\n<link rel=\"canonical\" href=\"https:\/\/www.koonings.com\/fr\/product\/st-patrick-izobel-st125bk2-2\/\" \/>\n<meta property=\"og:locale\" content=\"fr_FR\" \/>\n<meta property=\"og:type\" content=\"article\" \/>\n<meta property=\"og:title\" content=\"Patrick Izobel ST125BK2 | Koonings\" \/>\n<meta property=\"og:description\" content=\"IZOBEL est la robe id\u00e9ale pour les mari\u00e9es qui c\u00e9l\u00e8brent leur mariage pendant les mois les plus froids. Cette robe jacquard pleine ligne pr\u00e9sente une encolure carr\u00e9e sur le devant et dans le dos, ainsi que d&#039;\u00e9l\u00e9gantes manches bouffantes qui s&#039;affinent aux aisselles et sont orn\u00e9es de jolis boutons.\" \/>\n<meta property=\"og:url\" content=\"https:\/\/www.koonings.com\/fr\/product\/st-patrick-izobel-st125bk2-2\/\" \/>\n<meta property=\"og:site_name\" content=\"Koonings\" \/>\n<meta property=\"article:publisher\" content=\"https:\/\/www.facebook.com\/kooningstheweddingpalace\" \/>\n<meta property=\"article:modified_time\" content=\"2026-02-03T18:09:03+00:00\" \/>\n<meta property=\"og:image\" content=\"https:\/\/www.koonings.com\/wp-content\/uploads\/2024\/11\/49065_84d3bd3a4d72dab1276a59f9492453cf7915cb6f064714b3dc5fa70e1635a01c7f988bc6-scaled.jpeg\" \/>\n\t<meta property=\"og:image:width\" content=\"1808\" \/>\n\t<meta property=\"og:image:height\" content=\"2560\" \/>\n\t<meta property=\"og:image:type\" content=\"image\/jpeg\" \/>\n<meta name=\"twitter:card\" content=\"summary_large_image\" \/>\n<script type=\"application\/ld+json\" class=\"yoast-schema-graph\">{\"@context\":\"https:\\\/\\\/schema.org\",\"@graph\":[{\"@type\":\"WebPage\",\"@id\":\"https:\\\/\\\/www.koonings.com\\\/fr\\\/product\\\/st-patrick-izobel-st125bk2-2\\\/\",\"url\":\"https:\\\/\\\/www.koonings.com\\\/fr\\\/product\\\/st-patrick-izobel-st125bk2-2\\\/\",\"name\":\"Patrick Izobel ST125BK2 | Koonings\",\"isPartOf\":{\"@id\":\"https:\\\/\\\/www.koonings.com\\\/fr\\\/#website\"},\"primaryImageOfPage\":{\"@id\":\"https:\\\/\\\/www.koonings.com\\\/fr\\\/product\\\/st-patrick-izobel-st125bk2-2\\\/#primaryimage\"},\"image\":{\"@id\":\"https:\\\/\\\/www.koonings.com\\\/fr\\\/product\\\/st-patrick-izobel-st125bk2-2\\\/#primaryimage\"},\"thumbnailUrl\":\"https:\\\/\\\/www.koonings.com\\\/wp-content\\\/uploads\\\/2024\\\/11\\\/49065_84d3bd3a4d72dab1276a59f9492453cf7915cb6f064714b3dc5fa70e1635a01c7f988bc6-scaled.jpeg\",\"datePublished\":\"2024-11-18T14:50:18+00:00\",\"dateModified\":\"2026-02-03T18:09:03+00:00\",\"description\":\"IZOBEL est la robe id\u00e9ale pour les mari\u00e9es qui c\u00e9l\u00e8brent leur mariage pendant les mois les plus froids. Cette robe jacquard pleine ligne pr\u00e9sente une encolure carr\u00e9e sur le devant et dans le dos, ainsi que d'\u00e9l\u00e9gantes manches bouffantes qui s'affinent aux aisselles et sont orn\u00e9es de jolis boutons.\",\"breadcrumb\":{\"@id\":\"https:\\\/\\\/www.koonings.com\\\/fr\\\/product\\\/st-patrick-izobel-st125bk2-2\\\/#breadcrumb\"},\"inLanguage\":\"fr-FR\",\"potentialAction\":[{\"@type\":\"ReadAction\",\"target\":[\"https:\\\/\\\/www.koonings.com\\\/fr\\\/product\\\/st-patrick-izobel-st125bk2-2\\\/\"]}]},{\"@type\":\"ImageObject\",\"inLanguage\":\"fr-FR\",\"@id\":\"https:\\\/\\\/www.koonings.com\\\/fr\\\/product\\\/st-patrick-izobel-st125bk2-2\\\/#primaryimage\",\"url\":\"https:\\\/\\\/www.koonings.com\\\/wp-content\\\/uploads\\\/2024\\\/11\\\/49065_84d3bd3a4d72dab1276a59f9492453cf7915cb6f064714b3dc5fa70e1635a01c7f988bc6-scaled.jpeg\",\"contentUrl\":\"https:\\\/\\\/www.koonings.com\\\/wp-content\\\/uploads\\\/2024\\\/11\\\/49065_84d3bd3a4d72dab1276a59f9492453cf7915cb6f064714b3dc5fa70e1635a01c7f988bc6-scaled.jpeg\",\"width\":1808,\"height\":2560},{\"@type\":\"BreadcrumbList\",\"@id\":\"https:\\\/\\\/www.koonings.com\\\/fr\\\/product\\\/st-patrick-izobel-st125bk2-2\\\/#breadcrumb\",\"itemListElement\":[{\"@type\":\"ListItem\",\"position\":1,\"name\":\"Home\",\"item\":\"https:\\\/\\\/www.koonings.com\\\/fr\\\/\"},{\"@type\":\"ListItem\",\"position\":2,\"name\":\"Patrick Izobel ST125BK2\"}]},{\"@type\":\"WebSite\",\"@id\":\"https:\\\/\\\/www.koonings.com\\\/fr\\\/#website\",\"url\":\"https:\\\/\\\/www.koonings.com\\\/fr\\\/\",\"name\":\"Koonings\",\"description\":\"De grootste bruidsmodewinkel ter wereld\",\"publisher\":{\"@id\":\"https:\\\/\\\/www.koonings.com\\\/fr\\\/#organization\"},\"potentialAction\":[{\"@type\":\"SearchAction\",\"target\":{\"@type\":\"EntryPoint\",\"urlTemplate\":\"https:\\\/\\\/www.koonings.com\\\/fr\\\/?s={search_term_string}\"},\"query-input\":{\"@type\":\"PropertyValueSpecification\",\"valueRequired\":true,\"valueName\":\"search_term_string\"}}],\"inLanguage\":\"fr-FR\"},{\"@type\":\"Organization\",\"@id\":\"https:\\\/\\\/www.koonings.com\\\/fr\\\/#organization\",\"name\":\"Koonings\",\"url\":\"https:\\\/\\\/www.koonings.com\\\/fr\\\/\",\"logo\":{\"@type\":\"ImageObject\",\"inLanguage\":\"fr-FR\",\"@id\":\"https:\\\/\\\/www.koonings.com\\\/fr\\\/#\\\/schema\\\/logo\\\/image\\\/\",\"url\":\"https:\\\/\\\/www.koonings.com\\\/wp-content\\\/uploads\\\/2024\\\/07\\\/logo.png\",\"contentUrl\":\"https:\\\/\\\/www.koonings.com\\\/wp-content\\\/uploads\\\/2024\\\/07\\\/logo.png\",\"width\":600,\"height\":428,\"caption\":\"Koonings\"},\"image\":{\"@id\":\"https:\\\/\\\/www.koonings.com\\\/fr\\\/#\\\/schema\\\/logo\\\/image\\\/\"},\"sameAs\":[\"https:\\\/\\\/www.facebook.com\\\/kooningstheweddingpalace\",\"https:\\\/\\\/www.instagram.com\\\/kooningstheweddingpalace\",\"https:\\\/\\\/www.pinterest.com\\\/koonings\",\"https:\\\/\\\/www.youtube.com\\\/kooningstheweddingpalace\"]}]}<\/script>\n<!-- \/ Yoast SEO plugin. -->","yoast_head_json":{"title":"Patrick Izobel ST125BK2 | Koonings","description":"IZOBEL est la robe id\u00e9ale pour les mari\u00e9es qui c\u00e9l\u00e8brent leur mariage pendant les mois les plus froids. Cette robe jacquard pleine ligne pr\u00e9sente une encolure carr\u00e9e sur le devant et dans le dos, ainsi que d'\u00e9l\u00e9gantes manches bouffantes qui s'affinent aux aisselles et sont orn\u00e9es de jolis boutons.","robots":{"index":"index","follow":"follow","max-snippet":"max-snippet:-1","max-image-preview":"max-image-preview:large","max-video-preview":"max-video-preview:-1"},"canonical":"https:\/\/www.koonings.com\/fr\/product\/st-patrick-izobel-st125bk2-2\/","og_locale":"fr_FR","og_type":"article","og_title":"Patrick Izobel ST125BK2 | Koonings","og_description":"IZOBEL est la robe id\u00e9ale pour les mari\u00e9es qui c\u00e9l\u00e8brent leur mariage pendant les mois les plus froids. Cette robe jacquard pleine ligne pr\u00e9sente une encolure carr\u00e9e sur le devant et dans le dos, ainsi que d'\u00e9l\u00e9gantes manches bouffantes qui s'affinent aux aisselles et sont orn\u00e9es de jolis boutons.","og_url":"https:\/\/www.koonings.com\/fr\/product\/st-patrick-izobel-st125bk2-2\/","og_site_name":"Koonings","article_publisher":"https:\/\/www.facebook.com\/kooningstheweddingpalace","article_modified_time":"2026-02-03T18:09:03+00:00","og_image":[{"width":1808,"height":2560,"url":"https:\/\/www.koonings.com\/wp-content\/uploads\/2024\/11\/49065_84d3bd3a4d72dab1276a59f9492453cf7915cb6f064714b3dc5fa70e1635a01c7f988bc6-scaled.jpeg","type":"image\/jpeg"}],"twitter_card":"summary_large_image","schema":{"@context":"https:\/\/schema.org","@graph":[{"@type":"WebPage","@id":"https:\/\/www.koonings.com\/fr\/product\/st-patrick-izobel-st125bk2-2\/","url":"https:\/\/www.koonings.com\/fr\/product\/st-patrick-izobel-st125bk2-2\/","name":"Patrick Izobel ST125BK2 | Koonings","isPartOf":{"@id":"https:\/\/www.koonings.com\/fr\/#website"},"primaryImageOfPage":{"@id":"https:\/\/www.koonings.com\/fr\/product\/st-patrick-izobel-st125bk2-2\/#primaryimage"},"image":{"@id":"https:\/\/www.koonings.com\/fr\/product\/st-patrick-izobel-st125bk2-2\/#primaryimage"},"thumbnailUrl":"https:\/\/www.koonings.com\/wp-content\/uploads\/2024\/11\/49065_84d3bd3a4d72dab1276a59f9492453cf7915cb6f064714b3dc5fa70e1635a01c7f988bc6-scaled.jpeg","datePublished":"2024-11-18T14:50:18+00:00","dateModified":"2026-02-03T18:09:03+00:00","description":"IZOBEL est la robe id\u00e9ale pour les mari\u00e9es qui c\u00e9l\u00e8brent leur mariage pendant les mois les plus froids. Cette robe jacquard pleine ligne pr\u00e9sente une encolure carr\u00e9e sur le devant et dans le dos, ainsi que d'\u00e9l\u00e9gantes manches bouffantes qui s'affinent aux aisselles et sont orn\u00e9es de jolis boutons.","breadcrumb":{"@id":"https:\/\/www.koonings.com\/fr\/product\/st-patrick-izobel-st125bk2-2\/#breadcrumb"},"inLanguage":"fr-FR","potentialAction":[{"@type":"ReadAction","target":["https:\/\/www.koonings.com\/fr\/product\/st-patrick-izobel-st125bk2-2\/"]}]},{"@type":"ImageObject","inLanguage":"fr-FR","@id":"https:\/\/www.koonings.com\/fr\/product\/st-patrick-izobel-st125bk2-2\/#primaryimage","url":"https:\/\/www.koonings.com\/wp-content\/uploads\/2024\/11\/49065_84d3bd3a4d72dab1276a59f9492453cf7915cb6f064714b3dc5fa70e1635a01c7f988bc6-scaled.jpeg","contentUrl":"https:\/\/www.koonings.com\/wp-content\/uploads\/2024\/11\/49065_84d3bd3a4d72dab1276a59f9492453cf7915cb6f064714b3dc5fa70e1635a01c7f988bc6-scaled.jpeg","width":1808,"height":2560},{"@type":"BreadcrumbList","@id":"https:\/\/www.koonings.com\/fr\/product\/st-patrick-izobel-st125bk2-2\/#breadcrumb","itemListElement":[{"@type":"ListItem","position":1,"name":"Home","item":"https:\/\/www.koonings.com\/fr\/"},{"@type":"ListItem","position":2,"name":"Patrick Izobel ST125BK2"}]},{"@type":"WebSite","@id":"https:\/\/www.koonings.com\/fr\/#website","url":"https:\/\/www.koonings.com\/fr\/","name":"Koonings","description":"De grootste bruidsmodewinkel ter wereld","publisher":{"@id":"https:\/\/www.koonings.com\/fr\/#organization"},"potentialAction":[{"@type":"SearchAction","target":{"@type":"EntryPoint","urlTemplate":"https:\/\/www.koonings.com\/fr\/?s={search_term_string}"},"query-input":{"@type":"PropertyValueSpecification","valueRequired":true,"valueName":"search_term_string"}}],"inLanguage":"fr-FR"},{"@type":"Organization","@id":"https:\/\/www.koonings.com\/fr\/#organization","name":"Koonings","url":"https:\/\/www.koonings.com\/fr\/","logo":{"@type":"ImageObject","inLanguage":"fr-FR","@id":"https:\/\/www.koonings.com\/fr\/#\/schema\/logo\/image\/","url":"https:\/\/www.koonings.com\/wp-content\/uploads\/2024\/07\/logo.png","contentUrl":"https:\/\/www.koonings.com\/wp-content\/uploads\/2024\/07\/logo.png","width":600,"height":428,"caption":"Koonings"},"image":{"@id":"https:\/\/www.koonings.com\/fr\/#\/schema\/logo\/image\/"},"sameAs":["https:\/\/www.facebook.com\/kooningstheweddingpalace","https:\/\/www.instagram.com\/kooningstheweddingpalace","https:\/\/www.pinterest.com\/koonings","https:\/\/www.youtube.com\/kooningstheweddingpalace"]}]}},"_links":{"self":[{"href":"https:\/\/www.koonings.com\/fr\/wp-json\/wp\/v2\/product\/60039","targetHints":{"allow":["GET"]}}],"collection":[{"href":"https:\/\/www.koonings.com\/fr\/wp-json\/wp\/v2\/product"}],"about":[{"href":"https:\/\/www.koonings.com\/fr\/wp-json\/wp\/v2\/types\/product"}],"wp:featuredmedia":[{"embeddable":true,"href":"https:\/\/www.koonings.com\/fr\/wp-json\/wp\/v2\/media\/54775"}],"wp:attachment":[{"href":"https:\/\/www.koonings.com\/fr\/wp-json\/wp\/v2\/media?parent=60039"}],"wp:term":[{"taxonomy":"productdetails","embeddable":true,"href":"https:\/\/www.koonings.com\/fr\/wp-json\/wp\/v2\/productdetails?post=60039"},{"taxonomy":"productneck","embeddable":true,"href":"https:\/\/www.koonings.com\/fr\/wp-json\/wp\/v2\/productneck?post=60039"},{"taxonomy":"productcolor","embeddable":true,"href":"https:\/\/www.koonings.com\/fr\/wp-json\/wp\/v2\/productcolor?post=60039"},{"taxonomy":"maat","embeddable":true,"href":"https:\/\/www.koonings.com\/fr\/wp-json\/wp\/v2\/maat?post=60039"},{"taxonomy":"productsupplier","embeddable":true,"href":"https:\/\/www.koonings.com\/fr\/wp-json\/wp\/v2\/productsupplier?post=60039"},{"taxonomy":"productsleeve","embeddable":true,"href":"https:\/\/www.koonings.com\/fr\/wp-json\/wp\/v2\/productsleeve?post=60039"},{"taxonomy":"productcategory","embeddable":true,"href":"https:\/\/www.koonings.com\/fr\/wp-json\/wp\/v2\/productcategory?post=60039"},{"taxonomy":"productsilhouette","embeddable":true,"href":"https:\/\/www.koonings.com\/fr\/wp-json\/wp\/v2\/productsilhouette?post=60039"},{"taxonomy":"productstyle","embeddable":true,"href":"https:\/\/www.koonings.com\/fr\/wp-json\/wp\/v2\/productstyle?post=60039"}],"curies":[{"name":"wp","href":"https:\/\/api.w.org\/{rel}","templated":true}]}}