{"id":60032,"date":"2024-11-18T15:50:19","date_gmt":"2024-11-18T14:50:19","guid":{"rendered":"https:\/\/www.koonings.com\/product\/pronovias-privee-anett-pp125bo1-2\/"},"modified":"2026-02-03T19:09:20","modified_gmt":"2026-02-03T18:09:20","slug":"pronovias-privee-anett-pp125bo1-2","status":"publish","type":"product","link":"https:\/\/www.koonings.com\/fr\/product\/pronovias-privee-anett-pp125bo1-2\/","title":{"rendered":"Pronovias Privee Anett PP125BO1"},"content":{"rendered":"<p>La sophistication de la dentelle est l&#8217;ingr\u00e9dient secret de cette robe de princesse. Le corsage pr\u00e9sente des manches tombantes, une encolure en forme de c\u0153ur et de magnifiques broderies avec des incrustations de perles cr\u00e9ant des motifs floraux. La taille basse adoucit le volume de la jupe. La robe est dot\u00e9e d&#8217;une tra\u00eene cath\u00e9drale.   <\/p>\n","protected":false},"featured_media":54838,"template":"","meta":{"_acf_changed":false,"ghostkit_customizer_options":"","ghostkit_custom_css":"","ghostkit_custom_js_head":"","ghostkit_custom_js_foot":"","ghostkit_typography":""},"productdetails":[376],"productneck":[354,355],"productcolor":[393,392],"maat":[],"productsupplier":[438],"productsleeve":[361],"productcategory":[18],"productsilhouette":[388],"productstyle":[366],"class_list":["post-60032","product","type-product","status-publish","has-post-thumbnail","hentry","productdetails-376","productneck-354","productneck-355","productcolor-393","productcolor-392","productsupplier-pronovias-privee","productsleeve-361","productcategory-trouwjurken","productsilhouette-388","productstyle-366"],"acf":[],"yoast_head":"<!-- This site is optimized with the Yoast SEO plugin v27.3 - https:\/\/yoast.com\/product\/yoast-seo-wordpress\/ -->\n<title>Pronovias Privee Anett PP125BO1 | Koonings<\/title>\n<meta name=\"description\" content=\"La sophistication de la dentelle est l&#039;ingr\u00e9dient secret de cette robe de princesse. Le corsage pr\u00e9sente des manches tombantes, une encolure en forme de c\u0153ur et de magnifiques broderies avec des incrustations de perles cr\u00e9ant des motifs floraux. La taille basse adoucit le volume de la jupe. La robe est dot\u00e9e d&#039;une tra\u00eene cath\u00e9drale.\" \/>\n<meta name=\"robots\" content=\"index, follow, max-snippet:-1, max-image-preview:large, max-video-preview:-1\" \/>\n<link rel=\"canonical\" href=\"https:\/\/www.koonings.com\/fr\/product\/pronovias-privee-anett-pp125bo1-2\/\" \/>\n<meta property=\"og:locale\" content=\"fr_FR\" \/>\n<meta property=\"og:type\" content=\"article\" \/>\n<meta property=\"og:title\" content=\"Pronovias Privee Anett PP125BO1 | Koonings\" \/>\n<meta property=\"og:description\" content=\"La sophistication de la dentelle est l&#039;ingr\u00e9dient secret de cette robe de princesse. Le corsage pr\u00e9sente des manches tombantes, une encolure en forme de c\u0153ur et de magnifiques broderies avec des incrustations de perles cr\u00e9ant des motifs floraux. La taille basse adoucit le volume de la jupe. La robe est dot\u00e9e d&#039;une tra\u00eene cath\u00e9drale.\" \/>\n<meta property=\"og:url\" content=\"https:\/\/www.koonings.com\/fr\/product\/pronovias-privee-anett-pp125bo1-2\/\" \/>\n<meta property=\"og:site_name\" content=\"Koonings\" \/>\n<meta property=\"article:publisher\" content=\"https:\/\/www.facebook.com\/kooningstheweddingpalace\" \/>\n<meta property=\"article:modified_time\" content=\"2026-02-03T18:09:20+00:00\" \/>\n<meta property=\"og:image\" content=\"https:\/\/www.koonings.com\/wp-content\/uploads\/2024\/11\/49073_085442fa17aa381b6501de1200fdf8ee8033ef88642f790d61e5afbf8f44f67016d5dd3e-scaled.jpeg\" \/>\n\t<meta property=\"og:image:width\" content=\"1812\" \/>\n\t<meta property=\"og:image:height\" content=\"2560\" \/>\n\t<meta property=\"og:image:type\" content=\"image\/jpeg\" \/>\n<meta name=\"twitter:card\" content=\"summary_large_image\" \/>\n<script type=\"application\/ld+json\" class=\"yoast-schema-graph\">{\"@context\":\"https:\\\/\\\/schema.org\",\"@graph\":[{\"@type\":\"WebPage\",\"@id\":\"https:\\\/\\\/www.koonings.com\\\/fr\\\/product\\\/pronovias-privee-anett-pp125bo1-2\\\/\",\"url\":\"https:\\\/\\\/www.koonings.com\\\/fr\\\/product\\\/pronovias-privee-anett-pp125bo1-2\\\/\",\"name\":\"Pronovias Privee Anett PP125BO1 | Koonings\",\"isPartOf\":{\"@id\":\"https:\\\/\\\/www.koonings.com\\\/fr\\\/#website\"},\"primaryImageOfPage\":{\"@id\":\"https:\\\/\\\/www.koonings.com\\\/fr\\\/product\\\/pronovias-privee-anett-pp125bo1-2\\\/#primaryimage\"},\"image\":{\"@id\":\"https:\\\/\\\/www.koonings.com\\\/fr\\\/product\\\/pronovias-privee-anett-pp125bo1-2\\\/#primaryimage\"},\"thumbnailUrl\":\"https:\\\/\\\/www.koonings.com\\\/wp-content\\\/uploads\\\/2024\\\/11\\\/49073_085442fa17aa381b6501de1200fdf8ee8033ef88642f790d61e5afbf8f44f67016d5dd3e-scaled.jpeg\",\"datePublished\":\"2024-11-18T14:50:19+00:00\",\"dateModified\":\"2026-02-03T18:09:20+00:00\",\"description\":\"La sophistication de la dentelle est l'ingr\u00e9dient secret de cette robe de princesse. Le corsage pr\u00e9sente des manches tombantes, une encolure en forme de c\u0153ur et de magnifiques broderies avec des incrustations de perles cr\u00e9ant des motifs floraux. La taille basse adoucit le volume de la jupe. La robe est dot\u00e9e d'une tra\u00eene cath\u00e9drale.\",\"breadcrumb\":{\"@id\":\"https:\\\/\\\/www.koonings.com\\\/fr\\\/product\\\/pronovias-privee-anett-pp125bo1-2\\\/#breadcrumb\"},\"inLanguage\":\"fr-FR\",\"potentialAction\":[{\"@type\":\"ReadAction\",\"target\":[\"https:\\\/\\\/www.koonings.com\\\/fr\\\/product\\\/pronovias-privee-anett-pp125bo1-2\\\/\"]}]},{\"@type\":\"ImageObject\",\"inLanguage\":\"fr-FR\",\"@id\":\"https:\\\/\\\/www.koonings.com\\\/fr\\\/product\\\/pronovias-privee-anett-pp125bo1-2\\\/#primaryimage\",\"url\":\"https:\\\/\\\/www.koonings.com\\\/wp-content\\\/uploads\\\/2024\\\/11\\\/49073_085442fa17aa381b6501de1200fdf8ee8033ef88642f790d61e5afbf8f44f67016d5dd3e-scaled.jpeg\",\"contentUrl\":\"https:\\\/\\\/www.koonings.com\\\/wp-content\\\/uploads\\\/2024\\\/11\\\/49073_085442fa17aa381b6501de1200fdf8ee8033ef88642f790d61e5afbf8f44f67016d5dd3e-scaled.jpeg\",\"width\":1812,\"height\":2560},{\"@type\":\"BreadcrumbList\",\"@id\":\"https:\\\/\\\/www.koonings.com\\\/fr\\\/product\\\/pronovias-privee-anett-pp125bo1-2\\\/#breadcrumb\",\"itemListElement\":[{\"@type\":\"ListItem\",\"position\":1,\"name\":\"Home\",\"item\":\"https:\\\/\\\/www.koonings.com\\\/fr\\\/\"},{\"@type\":\"ListItem\",\"position\":2,\"name\":\"Pronovias Privee Anett PP125BO1\"}]},{\"@type\":\"WebSite\",\"@id\":\"https:\\\/\\\/www.koonings.com\\\/fr\\\/#website\",\"url\":\"https:\\\/\\\/www.koonings.com\\\/fr\\\/\",\"name\":\"Koonings\",\"description\":\"De grootste bruidsmodewinkel ter wereld\",\"publisher\":{\"@id\":\"https:\\\/\\\/www.koonings.com\\\/fr\\\/#organization\"},\"potentialAction\":[{\"@type\":\"SearchAction\",\"target\":{\"@type\":\"EntryPoint\",\"urlTemplate\":\"https:\\\/\\\/www.koonings.com\\\/fr\\\/?s={search_term_string}\"},\"query-input\":{\"@type\":\"PropertyValueSpecification\",\"valueRequired\":true,\"valueName\":\"search_term_string\"}}],\"inLanguage\":\"fr-FR\"},{\"@type\":\"Organization\",\"@id\":\"https:\\\/\\\/www.koonings.com\\\/fr\\\/#organization\",\"name\":\"Koonings\",\"url\":\"https:\\\/\\\/www.koonings.com\\\/fr\\\/\",\"logo\":{\"@type\":\"ImageObject\",\"inLanguage\":\"fr-FR\",\"@id\":\"https:\\\/\\\/www.koonings.com\\\/fr\\\/#\\\/schema\\\/logo\\\/image\\\/\",\"url\":\"https:\\\/\\\/www.koonings.com\\\/wp-content\\\/uploads\\\/2024\\\/07\\\/logo.png\",\"contentUrl\":\"https:\\\/\\\/www.koonings.com\\\/wp-content\\\/uploads\\\/2024\\\/07\\\/logo.png\",\"width\":600,\"height\":428,\"caption\":\"Koonings\"},\"image\":{\"@id\":\"https:\\\/\\\/www.koonings.com\\\/fr\\\/#\\\/schema\\\/logo\\\/image\\\/\"},\"sameAs\":[\"https:\\\/\\\/www.facebook.com\\\/kooningstheweddingpalace\",\"https:\\\/\\\/www.instagram.com\\\/kooningstheweddingpalace\",\"https:\\\/\\\/www.pinterest.com\\\/koonings\",\"https:\\\/\\\/www.youtube.com\\\/kooningstheweddingpalace\"]}]}<\/script>\n<!-- \/ Yoast SEO plugin. -->","yoast_head_json":{"title":"Pronovias Privee Anett PP125BO1 | Koonings","description":"La sophistication de la dentelle est l'ingr\u00e9dient secret de cette robe de princesse. Le corsage pr\u00e9sente des manches tombantes, une encolure en forme de c\u0153ur et de magnifiques broderies avec des incrustations de perles cr\u00e9ant des motifs floraux. La taille basse adoucit le volume de la jupe. La robe est dot\u00e9e d'une tra\u00eene cath\u00e9drale.","robots":{"index":"index","follow":"follow","max-snippet":"max-snippet:-1","max-image-preview":"max-image-preview:large","max-video-preview":"max-video-preview:-1"},"canonical":"https:\/\/www.koonings.com\/fr\/product\/pronovias-privee-anett-pp125bo1-2\/","og_locale":"fr_FR","og_type":"article","og_title":"Pronovias Privee Anett PP125BO1 | Koonings","og_description":"La sophistication de la dentelle est l'ingr\u00e9dient secret de cette robe de princesse. Le corsage pr\u00e9sente des manches tombantes, une encolure en forme de c\u0153ur et de magnifiques broderies avec des incrustations de perles cr\u00e9ant des motifs floraux. La taille basse adoucit le volume de la jupe. La robe est dot\u00e9e d'une tra\u00eene cath\u00e9drale.","og_url":"https:\/\/www.koonings.com\/fr\/product\/pronovias-privee-anett-pp125bo1-2\/","og_site_name":"Koonings","article_publisher":"https:\/\/www.facebook.com\/kooningstheweddingpalace","article_modified_time":"2026-02-03T18:09:20+00:00","og_image":[{"width":1812,"height":2560,"url":"https:\/\/www.koonings.com\/wp-content\/uploads\/2024\/11\/49073_085442fa17aa381b6501de1200fdf8ee8033ef88642f790d61e5afbf8f44f67016d5dd3e-scaled.jpeg","type":"image\/jpeg"}],"twitter_card":"summary_large_image","schema":{"@context":"https:\/\/schema.org","@graph":[{"@type":"WebPage","@id":"https:\/\/www.koonings.com\/fr\/product\/pronovias-privee-anett-pp125bo1-2\/","url":"https:\/\/www.koonings.com\/fr\/product\/pronovias-privee-anett-pp125bo1-2\/","name":"Pronovias Privee Anett PP125BO1 | Koonings","isPartOf":{"@id":"https:\/\/www.koonings.com\/fr\/#website"},"primaryImageOfPage":{"@id":"https:\/\/www.koonings.com\/fr\/product\/pronovias-privee-anett-pp125bo1-2\/#primaryimage"},"image":{"@id":"https:\/\/www.koonings.com\/fr\/product\/pronovias-privee-anett-pp125bo1-2\/#primaryimage"},"thumbnailUrl":"https:\/\/www.koonings.com\/wp-content\/uploads\/2024\/11\/49073_085442fa17aa381b6501de1200fdf8ee8033ef88642f790d61e5afbf8f44f67016d5dd3e-scaled.jpeg","datePublished":"2024-11-18T14:50:19+00:00","dateModified":"2026-02-03T18:09:20+00:00","description":"La sophistication de la dentelle est l'ingr\u00e9dient secret de cette robe de princesse. Le corsage pr\u00e9sente des manches tombantes, une encolure en forme de c\u0153ur et de magnifiques broderies avec des incrustations de perles cr\u00e9ant des motifs floraux. La taille basse adoucit le volume de la jupe. La robe est dot\u00e9e d'une tra\u00eene cath\u00e9drale.","breadcrumb":{"@id":"https:\/\/www.koonings.com\/fr\/product\/pronovias-privee-anett-pp125bo1-2\/#breadcrumb"},"inLanguage":"fr-FR","potentialAction":[{"@type":"ReadAction","target":["https:\/\/www.koonings.com\/fr\/product\/pronovias-privee-anett-pp125bo1-2\/"]}]},{"@type":"ImageObject","inLanguage":"fr-FR","@id":"https:\/\/www.koonings.com\/fr\/product\/pronovias-privee-anett-pp125bo1-2\/#primaryimage","url":"https:\/\/www.koonings.com\/wp-content\/uploads\/2024\/11\/49073_085442fa17aa381b6501de1200fdf8ee8033ef88642f790d61e5afbf8f44f67016d5dd3e-scaled.jpeg","contentUrl":"https:\/\/www.koonings.com\/wp-content\/uploads\/2024\/11\/49073_085442fa17aa381b6501de1200fdf8ee8033ef88642f790d61e5afbf8f44f67016d5dd3e-scaled.jpeg","width":1812,"height":2560},{"@type":"BreadcrumbList","@id":"https:\/\/www.koonings.com\/fr\/product\/pronovias-privee-anett-pp125bo1-2\/#breadcrumb","itemListElement":[{"@type":"ListItem","position":1,"name":"Home","item":"https:\/\/www.koonings.com\/fr\/"},{"@type":"ListItem","position":2,"name":"Pronovias Privee Anett PP125BO1"}]},{"@type":"WebSite","@id":"https:\/\/www.koonings.com\/fr\/#website","url":"https:\/\/www.koonings.com\/fr\/","name":"Koonings","description":"De grootste bruidsmodewinkel ter wereld","publisher":{"@id":"https:\/\/www.koonings.com\/fr\/#organization"},"potentialAction":[{"@type":"SearchAction","target":{"@type":"EntryPoint","urlTemplate":"https:\/\/www.koonings.com\/fr\/?s={search_term_string}"},"query-input":{"@type":"PropertyValueSpecification","valueRequired":true,"valueName":"search_term_string"}}],"inLanguage":"fr-FR"},{"@type":"Organization","@id":"https:\/\/www.koonings.com\/fr\/#organization","name":"Koonings","url":"https:\/\/www.koonings.com\/fr\/","logo":{"@type":"ImageObject","inLanguage":"fr-FR","@id":"https:\/\/www.koonings.com\/fr\/#\/schema\/logo\/image\/","url":"https:\/\/www.koonings.com\/wp-content\/uploads\/2024\/07\/logo.png","contentUrl":"https:\/\/www.koonings.com\/wp-content\/uploads\/2024\/07\/logo.png","width":600,"height":428,"caption":"Koonings"},"image":{"@id":"https:\/\/www.koonings.com\/fr\/#\/schema\/logo\/image\/"},"sameAs":["https:\/\/www.facebook.com\/kooningstheweddingpalace","https:\/\/www.instagram.com\/kooningstheweddingpalace","https:\/\/www.pinterest.com\/koonings","https:\/\/www.youtube.com\/kooningstheweddingpalace"]}]}},"_links":{"self":[{"href":"https:\/\/www.koonings.com\/fr\/wp-json\/wp\/v2\/product\/60032","targetHints":{"allow":["GET"]}}],"collection":[{"href":"https:\/\/www.koonings.com\/fr\/wp-json\/wp\/v2\/product"}],"about":[{"href":"https:\/\/www.koonings.com\/fr\/wp-json\/wp\/v2\/types\/product"}],"wp:featuredmedia":[{"embeddable":true,"href":"https:\/\/www.koonings.com\/fr\/wp-json\/wp\/v2\/media\/54838"}],"wp:attachment":[{"href":"https:\/\/www.koonings.com\/fr\/wp-json\/wp\/v2\/media?parent=60032"}],"wp:term":[{"taxonomy":"productdetails","embeddable":true,"href":"https:\/\/www.koonings.com\/fr\/wp-json\/wp\/v2\/productdetails?post=60032"},{"taxonomy":"productneck","embeddable":true,"href":"https:\/\/www.koonings.com\/fr\/wp-json\/wp\/v2\/productneck?post=60032"},{"taxonomy":"productcolor","embeddable":true,"href":"https:\/\/www.koonings.com\/fr\/wp-json\/wp\/v2\/productcolor?post=60032"},{"taxonomy":"maat","embeddable":true,"href":"https:\/\/www.koonings.com\/fr\/wp-json\/wp\/v2\/maat?post=60032"},{"taxonomy":"productsupplier","embeddable":true,"href":"https:\/\/www.koonings.com\/fr\/wp-json\/wp\/v2\/productsupplier?post=60032"},{"taxonomy":"productsleeve","embeddable":true,"href":"https:\/\/www.koonings.com\/fr\/wp-json\/wp\/v2\/productsleeve?post=60032"},{"taxonomy":"productcategory","embeddable":true,"href":"https:\/\/www.koonings.com\/fr\/wp-json\/wp\/v2\/productcategory?post=60032"},{"taxonomy":"productsilhouette","embeddable":true,"href":"https:\/\/www.koonings.com\/fr\/wp-json\/wp\/v2\/productsilhouette?post=60032"},{"taxonomy":"productstyle","embeddable":true,"href":"https:\/\/www.koonings.com\/fr\/wp-json\/wp\/v2\/productstyle?post=60032"}],"curies":[{"name":"wp","href":"https:\/\/api.w.org\/{rel}","templated":true}]}}