{"id":60014,"date":"2024-11-18T15:50:23","date_gmt":"2024-11-18T14:50:23","guid":{"rendered":"https:\/\/www.koonings.com\/product\/enzoani-blue-collection-susan-3\/"},"modified":"2026-02-03T19:10:59","modified_gmt":"2026-02-03T18:10:59","slug":"enzoani-blue-collection-susan-3","status":"publish","type":"product","link":"https:\/\/www.koonings.com\/fr\/product\/enzoani-blue-collection-susan-3\/","title":{"rendered":"Enzoani Collection bleue Susan"},"content":{"rendered":"<p>Incarnez la perfection nuptiale en Susan. Cette robe de mari\u00e9e sir\u00e8ne enchanteresse est orn\u00e9e d&#8217;une dentelle florale brod\u00e9e, d&#8217;une dentelle perl\u00e9e \u00e9tincelante et d&#8217;appliques florales mikado 3D \u00e0 couper le souffle, qui cr\u00e9ent un look d&#8217;une beaut\u00e9 et d&#8217;un romantisme \u00e9th\u00e9r\u00e9s. Le corsage pr\u00e8s du corps avec une encolure en forme de c\u0153ur flatte et accentue les courbes, tandis que la jupe \u00e9vas\u00e9e ajoute du mouvement et de la gr\u00e2ce, vous donnant l&#8217;impression d&#8217;\u00eatre une mari\u00e9e \u00e9l\u00e9gante le jour de votre mariage.  <\/p>\n","protected":false},"featured_media":54939,"template":"","meta":{"_acf_changed":false,"ghostkit_customizer_options":"","ghostkit_custom_css":"","ghostkit_custom_js_head":"","ghostkit_custom_js_foot":"","ghostkit_typography":""},"productdetails":[],"productneck":[],"productcolor":[],"maat":[],"productsupplier":[405],"productsleeve":[],"productcategory":[426],"productsilhouette":[],"productstyle":[],"class_list":["post-60014","product","type-product","status-publish","has-post-thumbnail","hentry","productsupplier-enzoani-blue-collection","productcategory-trouwjurk-c"],"acf":[],"yoast_head":"<!-- This site is optimized with the Yoast SEO plugin v27.3 - https:\/\/yoast.com\/product\/yoast-seo-wordpress\/ -->\n<title>Enzoani Collection bleue Susan | Koonings<\/title>\n<meta name=\"description\" content=\"Incarnez la perfection nuptiale en Susan. Cette robe de mari\u00e9e sir\u00e8ne enchanteresse est orn\u00e9e d&#039;une dentelle florale brod\u00e9e, d&#039;une dentelle perl\u00e9e \u00e9tincelante et d&#039;appliques florales mikado 3D \u00e0 couper le souffle, qui cr\u00e9ent un look d&#039;une beaut\u00e9 et d&#039;un romantisme \u00e9th\u00e9r\u00e9s. Le corsage pr\u00e8s du corps avec une encolure en forme de c\u0153ur flatte et accentue les courbes, tandis que la jupe \u00e9vas\u00e9e ajoute du mouvement et de la gr\u00e2ce, vous donnant l&#039;impression d&#039;\u00eatre une mari\u00e9e \u00e9l\u00e9gante le jour de votre mariage.\" \/>\n<meta name=\"robots\" content=\"index, follow, max-snippet:-1, max-image-preview:large, max-video-preview:-1\" \/>\n<link rel=\"canonical\" href=\"https:\/\/www.koonings.com\/fr\/product\/enzoani-blue-collection-susan-3\/\" \/>\n<meta property=\"og:locale\" content=\"fr_FR\" \/>\n<meta property=\"og:type\" content=\"article\" \/>\n<meta property=\"og:title\" content=\"Enzoani Collection bleue Susan | Koonings\" \/>\n<meta property=\"og:description\" content=\"Incarnez la perfection nuptiale en Susan. Cette robe de mari\u00e9e sir\u00e8ne enchanteresse est orn\u00e9e d&#039;une dentelle florale brod\u00e9e, d&#039;une dentelle perl\u00e9e \u00e9tincelante et d&#039;appliques florales mikado 3D \u00e0 couper le souffle, qui cr\u00e9ent un look d&#039;une beaut\u00e9 et d&#039;un romantisme \u00e9th\u00e9r\u00e9s. Le corsage pr\u00e8s du corps avec une encolure en forme de c\u0153ur flatte et accentue les courbes, tandis que la jupe \u00e9vas\u00e9e ajoute du mouvement et de la gr\u00e2ce, vous donnant l&#039;impression d&#039;\u00eatre une mari\u00e9e \u00e9l\u00e9gante le jour de votre mariage.\" \/>\n<meta property=\"og:url\" content=\"https:\/\/www.koonings.com\/fr\/product\/enzoani-blue-collection-susan-3\/\" \/>\n<meta property=\"og:site_name\" content=\"Koonings\" \/>\n<meta property=\"article:publisher\" content=\"https:\/\/www.facebook.com\/kooningstheweddingpalace\" \/>\n<meta property=\"article:modified_time\" content=\"2026-02-03T18:10:59+00:00\" \/>\n<meta property=\"og:image\" content=\"https:\/\/www.koonings.com\/wp-content\/uploads\/2024\/11\/49081_d285df808dcb0971de42f2da29e7f045f4d50c94b97b80f74debbaea49406f5837d201dd.jpeg\" \/>\n\t<meta property=\"og:image:width\" content=\"1035\" \/>\n\t<meta property=\"og:image:height\" content=\"1380\" \/>\n\t<meta property=\"og:image:type\" content=\"image\/jpeg\" \/>\n<meta name=\"twitter:card\" content=\"summary_large_image\" \/>\n<script type=\"application\/ld+json\" class=\"yoast-schema-graph\">{\"@context\":\"https:\\\/\\\/schema.org\",\"@graph\":[{\"@type\":\"WebPage\",\"@id\":\"https:\\\/\\\/www.koonings.com\\\/fr\\\/product\\\/enzoani-blue-collection-susan-3\\\/\",\"url\":\"https:\\\/\\\/www.koonings.com\\\/fr\\\/product\\\/enzoani-blue-collection-susan-3\\\/\",\"name\":\"Enzoani Collection bleue Susan | Koonings\",\"isPartOf\":{\"@id\":\"https:\\\/\\\/www.koonings.com\\\/fr\\\/#website\"},\"primaryImageOfPage\":{\"@id\":\"https:\\\/\\\/www.koonings.com\\\/fr\\\/product\\\/enzoani-blue-collection-susan-3\\\/#primaryimage\"},\"image\":{\"@id\":\"https:\\\/\\\/www.koonings.com\\\/fr\\\/product\\\/enzoani-blue-collection-susan-3\\\/#primaryimage\"},\"thumbnailUrl\":\"https:\\\/\\\/www.koonings.com\\\/wp-content\\\/uploads\\\/2024\\\/11\\\/49081_d285df808dcb0971de42f2da29e7f045f4d50c94b97b80f74debbaea49406f5837d201dd.jpeg\",\"datePublished\":\"2024-11-18T14:50:23+00:00\",\"dateModified\":\"2026-02-03T18:10:59+00:00\",\"description\":\"Incarnez la perfection nuptiale en Susan. Cette robe de mari\u00e9e sir\u00e8ne enchanteresse est orn\u00e9e d'une dentelle florale brod\u00e9e, d'une dentelle perl\u00e9e \u00e9tincelante et d'appliques florales mikado 3D \u00e0 couper le souffle, qui cr\u00e9ent un look d'une beaut\u00e9 et d'un romantisme \u00e9th\u00e9r\u00e9s. Le corsage pr\u00e8s du corps avec une encolure en forme de c\u0153ur flatte et accentue les courbes, tandis que la jupe \u00e9vas\u00e9e ajoute du mouvement et de la gr\u00e2ce, vous donnant l'impression d'\u00eatre une mari\u00e9e \u00e9l\u00e9gante le jour de votre mariage.\",\"breadcrumb\":{\"@id\":\"https:\\\/\\\/www.koonings.com\\\/fr\\\/product\\\/enzoani-blue-collection-susan-3\\\/#breadcrumb\"},\"inLanguage\":\"fr-FR\",\"potentialAction\":[{\"@type\":\"ReadAction\",\"target\":[\"https:\\\/\\\/www.koonings.com\\\/fr\\\/product\\\/enzoani-blue-collection-susan-3\\\/\"]}]},{\"@type\":\"ImageObject\",\"inLanguage\":\"fr-FR\",\"@id\":\"https:\\\/\\\/www.koonings.com\\\/fr\\\/product\\\/enzoani-blue-collection-susan-3\\\/#primaryimage\",\"url\":\"https:\\\/\\\/www.koonings.com\\\/wp-content\\\/uploads\\\/2024\\\/11\\\/49081_d285df808dcb0971de42f2da29e7f045f4d50c94b97b80f74debbaea49406f5837d201dd.jpeg\",\"contentUrl\":\"https:\\\/\\\/www.koonings.com\\\/wp-content\\\/uploads\\\/2024\\\/11\\\/49081_d285df808dcb0971de42f2da29e7f045f4d50c94b97b80f74debbaea49406f5837d201dd.jpeg\",\"width\":1035,\"height\":1380},{\"@type\":\"BreadcrumbList\",\"@id\":\"https:\\\/\\\/www.koonings.com\\\/fr\\\/product\\\/enzoani-blue-collection-susan-3\\\/#breadcrumb\",\"itemListElement\":[{\"@type\":\"ListItem\",\"position\":1,\"name\":\"Home\",\"item\":\"https:\\\/\\\/www.koonings.com\\\/fr\\\/\"},{\"@type\":\"ListItem\",\"position\":2,\"name\":\"Enzoani Collection bleue Susan\"}]},{\"@type\":\"WebSite\",\"@id\":\"https:\\\/\\\/www.koonings.com\\\/fr\\\/#website\",\"url\":\"https:\\\/\\\/www.koonings.com\\\/fr\\\/\",\"name\":\"Koonings\",\"description\":\"De grootste bruidsmodewinkel ter wereld\",\"publisher\":{\"@id\":\"https:\\\/\\\/www.koonings.com\\\/fr\\\/#organization\"},\"potentialAction\":[{\"@type\":\"SearchAction\",\"target\":{\"@type\":\"EntryPoint\",\"urlTemplate\":\"https:\\\/\\\/www.koonings.com\\\/fr\\\/?s={search_term_string}\"},\"query-input\":{\"@type\":\"PropertyValueSpecification\",\"valueRequired\":true,\"valueName\":\"search_term_string\"}}],\"inLanguage\":\"fr-FR\"},{\"@type\":\"Organization\",\"@id\":\"https:\\\/\\\/www.koonings.com\\\/fr\\\/#organization\",\"name\":\"Koonings\",\"url\":\"https:\\\/\\\/www.koonings.com\\\/fr\\\/\",\"logo\":{\"@type\":\"ImageObject\",\"inLanguage\":\"fr-FR\",\"@id\":\"https:\\\/\\\/www.koonings.com\\\/fr\\\/#\\\/schema\\\/logo\\\/image\\\/\",\"url\":\"https:\\\/\\\/www.koonings.com\\\/wp-content\\\/uploads\\\/2024\\\/07\\\/logo.png\",\"contentUrl\":\"https:\\\/\\\/www.koonings.com\\\/wp-content\\\/uploads\\\/2024\\\/07\\\/logo.png\",\"width\":600,\"height\":428,\"caption\":\"Koonings\"},\"image\":{\"@id\":\"https:\\\/\\\/www.koonings.com\\\/fr\\\/#\\\/schema\\\/logo\\\/image\\\/\"},\"sameAs\":[\"https:\\\/\\\/www.facebook.com\\\/kooningstheweddingpalace\",\"https:\\\/\\\/www.instagram.com\\\/kooningstheweddingpalace\",\"https:\\\/\\\/www.pinterest.com\\\/koonings\",\"https:\\\/\\\/www.youtube.com\\\/kooningstheweddingpalace\"]}]}<\/script>\n<!-- \/ Yoast SEO plugin. -->","yoast_head_json":{"title":"Enzoani Collection bleue Susan | Koonings","description":"Incarnez la perfection nuptiale en Susan. Cette robe de mari\u00e9e sir\u00e8ne enchanteresse est orn\u00e9e d'une dentelle florale brod\u00e9e, d'une dentelle perl\u00e9e \u00e9tincelante et d'appliques florales mikado 3D \u00e0 couper le souffle, qui cr\u00e9ent un look d'une beaut\u00e9 et d'un romantisme \u00e9th\u00e9r\u00e9s. Le corsage pr\u00e8s du corps avec une encolure en forme de c\u0153ur flatte et accentue les courbes, tandis que la jupe \u00e9vas\u00e9e ajoute du mouvement et de la gr\u00e2ce, vous donnant l'impression d'\u00eatre une mari\u00e9e \u00e9l\u00e9gante le jour de votre mariage.","robots":{"index":"index","follow":"follow","max-snippet":"max-snippet:-1","max-image-preview":"max-image-preview:large","max-video-preview":"max-video-preview:-1"},"canonical":"https:\/\/www.koonings.com\/fr\/product\/enzoani-blue-collection-susan-3\/","og_locale":"fr_FR","og_type":"article","og_title":"Enzoani Collection bleue Susan | Koonings","og_description":"Incarnez la perfection nuptiale en Susan. Cette robe de mari\u00e9e sir\u00e8ne enchanteresse est orn\u00e9e d'une dentelle florale brod\u00e9e, d'une dentelle perl\u00e9e \u00e9tincelante et d'appliques florales mikado 3D \u00e0 couper le souffle, qui cr\u00e9ent un look d'une beaut\u00e9 et d'un romantisme \u00e9th\u00e9r\u00e9s. Le corsage pr\u00e8s du corps avec une encolure en forme de c\u0153ur flatte et accentue les courbes, tandis que la jupe \u00e9vas\u00e9e ajoute du mouvement et de la gr\u00e2ce, vous donnant l'impression d'\u00eatre une mari\u00e9e \u00e9l\u00e9gante le jour de votre mariage.","og_url":"https:\/\/www.koonings.com\/fr\/product\/enzoani-blue-collection-susan-3\/","og_site_name":"Koonings","article_publisher":"https:\/\/www.facebook.com\/kooningstheweddingpalace","article_modified_time":"2026-02-03T18:10:59+00:00","og_image":[{"width":1035,"height":1380,"url":"https:\/\/www.koonings.com\/wp-content\/uploads\/2024\/11\/49081_d285df808dcb0971de42f2da29e7f045f4d50c94b97b80f74debbaea49406f5837d201dd.jpeg","type":"image\/jpeg"}],"twitter_card":"summary_large_image","schema":{"@context":"https:\/\/schema.org","@graph":[{"@type":"WebPage","@id":"https:\/\/www.koonings.com\/fr\/product\/enzoani-blue-collection-susan-3\/","url":"https:\/\/www.koonings.com\/fr\/product\/enzoani-blue-collection-susan-3\/","name":"Enzoani Collection bleue Susan | Koonings","isPartOf":{"@id":"https:\/\/www.koonings.com\/fr\/#website"},"primaryImageOfPage":{"@id":"https:\/\/www.koonings.com\/fr\/product\/enzoani-blue-collection-susan-3\/#primaryimage"},"image":{"@id":"https:\/\/www.koonings.com\/fr\/product\/enzoani-blue-collection-susan-3\/#primaryimage"},"thumbnailUrl":"https:\/\/www.koonings.com\/wp-content\/uploads\/2024\/11\/49081_d285df808dcb0971de42f2da29e7f045f4d50c94b97b80f74debbaea49406f5837d201dd.jpeg","datePublished":"2024-11-18T14:50:23+00:00","dateModified":"2026-02-03T18:10:59+00:00","description":"Incarnez la perfection nuptiale en Susan. Cette robe de mari\u00e9e sir\u00e8ne enchanteresse est orn\u00e9e d'une dentelle florale brod\u00e9e, d'une dentelle perl\u00e9e \u00e9tincelante et d'appliques florales mikado 3D \u00e0 couper le souffle, qui cr\u00e9ent un look d'une beaut\u00e9 et d'un romantisme \u00e9th\u00e9r\u00e9s. Le corsage pr\u00e8s du corps avec une encolure en forme de c\u0153ur flatte et accentue les courbes, tandis que la jupe \u00e9vas\u00e9e ajoute du mouvement et de la gr\u00e2ce, vous donnant l'impression d'\u00eatre une mari\u00e9e \u00e9l\u00e9gante le jour de votre mariage.","breadcrumb":{"@id":"https:\/\/www.koonings.com\/fr\/product\/enzoani-blue-collection-susan-3\/#breadcrumb"},"inLanguage":"fr-FR","potentialAction":[{"@type":"ReadAction","target":["https:\/\/www.koonings.com\/fr\/product\/enzoani-blue-collection-susan-3\/"]}]},{"@type":"ImageObject","inLanguage":"fr-FR","@id":"https:\/\/www.koonings.com\/fr\/product\/enzoani-blue-collection-susan-3\/#primaryimage","url":"https:\/\/www.koonings.com\/wp-content\/uploads\/2024\/11\/49081_d285df808dcb0971de42f2da29e7f045f4d50c94b97b80f74debbaea49406f5837d201dd.jpeg","contentUrl":"https:\/\/www.koonings.com\/wp-content\/uploads\/2024\/11\/49081_d285df808dcb0971de42f2da29e7f045f4d50c94b97b80f74debbaea49406f5837d201dd.jpeg","width":1035,"height":1380},{"@type":"BreadcrumbList","@id":"https:\/\/www.koonings.com\/fr\/product\/enzoani-blue-collection-susan-3\/#breadcrumb","itemListElement":[{"@type":"ListItem","position":1,"name":"Home","item":"https:\/\/www.koonings.com\/fr\/"},{"@type":"ListItem","position":2,"name":"Enzoani Collection bleue Susan"}]},{"@type":"WebSite","@id":"https:\/\/www.koonings.com\/fr\/#website","url":"https:\/\/www.koonings.com\/fr\/","name":"Koonings","description":"De grootste bruidsmodewinkel ter wereld","publisher":{"@id":"https:\/\/www.koonings.com\/fr\/#organization"},"potentialAction":[{"@type":"SearchAction","target":{"@type":"EntryPoint","urlTemplate":"https:\/\/www.koonings.com\/fr\/?s={search_term_string}"},"query-input":{"@type":"PropertyValueSpecification","valueRequired":true,"valueName":"search_term_string"}}],"inLanguage":"fr-FR"},{"@type":"Organization","@id":"https:\/\/www.koonings.com\/fr\/#organization","name":"Koonings","url":"https:\/\/www.koonings.com\/fr\/","logo":{"@type":"ImageObject","inLanguage":"fr-FR","@id":"https:\/\/www.koonings.com\/fr\/#\/schema\/logo\/image\/","url":"https:\/\/www.koonings.com\/wp-content\/uploads\/2024\/07\/logo.png","contentUrl":"https:\/\/www.koonings.com\/wp-content\/uploads\/2024\/07\/logo.png","width":600,"height":428,"caption":"Koonings"},"image":{"@id":"https:\/\/www.koonings.com\/fr\/#\/schema\/logo\/image\/"},"sameAs":["https:\/\/www.facebook.com\/kooningstheweddingpalace","https:\/\/www.instagram.com\/kooningstheweddingpalace","https:\/\/www.pinterest.com\/koonings","https:\/\/www.youtube.com\/kooningstheweddingpalace"]}]}},"_links":{"self":[{"href":"https:\/\/www.koonings.com\/fr\/wp-json\/wp\/v2\/product\/60014","targetHints":{"allow":["GET"]}}],"collection":[{"href":"https:\/\/www.koonings.com\/fr\/wp-json\/wp\/v2\/product"}],"about":[{"href":"https:\/\/www.koonings.com\/fr\/wp-json\/wp\/v2\/types\/product"}],"wp:featuredmedia":[{"embeddable":true,"href":"https:\/\/www.koonings.com\/fr\/wp-json\/wp\/v2\/media\/54939"}],"wp:attachment":[{"href":"https:\/\/www.koonings.com\/fr\/wp-json\/wp\/v2\/media?parent=60014"}],"wp:term":[{"taxonomy":"productdetails","embeddable":true,"href":"https:\/\/www.koonings.com\/fr\/wp-json\/wp\/v2\/productdetails?post=60014"},{"taxonomy":"productneck","embeddable":true,"href":"https:\/\/www.koonings.com\/fr\/wp-json\/wp\/v2\/productneck?post=60014"},{"taxonomy":"productcolor","embeddable":true,"href":"https:\/\/www.koonings.com\/fr\/wp-json\/wp\/v2\/productcolor?post=60014"},{"taxonomy":"maat","embeddable":true,"href":"https:\/\/www.koonings.com\/fr\/wp-json\/wp\/v2\/maat?post=60014"},{"taxonomy":"productsupplier","embeddable":true,"href":"https:\/\/www.koonings.com\/fr\/wp-json\/wp\/v2\/productsupplier?post=60014"},{"taxonomy":"productsleeve","embeddable":true,"href":"https:\/\/www.koonings.com\/fr\/wp-json\/wp\/v2\/productsleeve?post=60014"},{"taxonomy":"productcategory","embeddable":true,"href":"https:\/\/www.koonings.com\/fr\/wp-json\/wp\/v2\/productcategory?post=60014"},{"taxonomy":"productsilhouette","embeddable":true,"href":"https:\/\/www.koonings.com\/fr\/wp-json\/wp\/v2\/productsilhouette?post=60014"},{"taxonomy":"productstyle","embeddable":true,"href":"https:\/\/www.koonings.com\/fr\/wp-json\/wp\/v2\/productstyle?post=60014"}],"curies":[{"name":"wp","href":"https:\/\/api.w.org\/{rel}","templated":true}]}}