{"id":60000,"date":"2024-11-18T15:50:24","date_gmt":"2024-11-18T14:50:24","guid":{"rendered":"https:\/\/www.koonings.com\/product\/pronovias-fashion-group-claudie-pr125dn2-2\/"},"modified":"2026-02-03T19:11:34","modified_gmt":"2026-02-03T18:11:34","slug":"pronovias-fashion-group-claudie-pr125dn2-2","status":"publish","type":"product","link":"https:\/\/www.koonings.com\/fr\/product\/pronovias-fashion-group-claudie-pr125dn2-2\/","title":{"rendered":"Pronovias Fashion Group Claudie PR125DN2"},"content":{"rendered":"<p>L&#8217;\u00e9l\u00e9gance et le glamour qui caract\u00e9risent CLAUDIE en font une robe parfaite pour les mari\u00e9es les plus sophistiqu\u00e9es. Ce mod\u00e8le sir\u00e8ne recouvert de dentelle chantilly pr\u00e9sente un corsage avec un profond d\u00e9collet\u00e9 en V, de d\u00e9licates bretelles fines orn\u00e9es de strass et un dos rond d\u00e9collet\u00e9 \u00e9vocateur. La jupe \u00e9pouse la silhouette de la mari\u00e9e jusqu&#8217;\u00e0 la mi-cuisse et s&#8217;\u00e9vase en une magnifique tra\u00eene dans le dos.  <\/p>\n","protected":false},"featured_media":54985,"template":"","meta":{"_acf_changed":false,"ghostkit_customizer_options":"","ghostkit_custom_css":"","ghostkit_custom_js_head":"","ghostkit_custom_js_foot":"","ghostkit_typography":""},"productdetails":[380,376],"productneck":[356],"productcolor":[392],"maat":[],"productsupplier":[430],"productsleeve":[359],"productcategory":[18],"productsilhouette":[387],"productstyle":[366,370],"class_list":["post-60000","product","type-product","status-publish","has-post-thumbnail","hentry","productdetails-380","productdetails-376","productneck-356","productcolor-392","productsupplier-pronovias-fashion-group","productsleeve-359","productcategory-trouwjurken","productsilhouette-387","productstyle-366","productstyle-370"],"acf":[],"yoast_head":"<!-- This site is optimized with the Yoast SEO plugin v27.3 - https:\/\/yoast.com\/product\/yoast-seo-wordpress\/ -->\n<title>Pronovias Fashion Group Claudie PR125DN2 | Koonings<\/title>\n<meta name=\"description\" content=\"L&#039;\u00e9l\u00e9gance et le glamour qui caract\u00e9risent CLAUDIE en font une robe parfaite pour les mari\u00e9es les plus sophistiqu\u00e9es. Ce mod\u00e8le sir\u00e8ne recouvert de dentelle chantilly pr\u00e9sente un corsage avec un profond d\u00e9collet\u00e9 en V, de d\u00e9licates bretelles fines orn\u00e9es de strass et un dos rond d\u00e9collet\u00e9 \u00e9vocateur. La jupe \u00e9pouse la silhouette de la mari\u00e9e jusqu&#039;\u00e0 la mi-cuisse et s&#039;\u00e9vase en une magnifique tra\u00eene dans le dos.\" \/>\n<meta name=\"robots\" content=\"index, follow, max-snippet:-1, max-image-preview:large, max-video-preview:-1\" \/>\n<link rel=\"canonical\" href=\"https:\/\/www.koonings.com\/fr\/product\/pronovias-fashion-group-claudie-pr125dn2-2\/\" \/>\n<meta property=\"og:locale\" content=\"fr_FR\" \/>\n<meta property=\"og:type\" content=\"article\" \/>\n<meta property=\"og:title\" content=\"Pronovias Fashion Group Claudie PR125DN2 | Koonings\" \/>\n<meta property=\"og:description\" content=\"L&#039;\u00e9l\u00e9gance et le glamour qui caract\u00e9risent CLAUDIE en font une robe parfaite pour les mari\u00e9es les plus sophistiqu\u00e9es. Ce mod\u00e8le sir\u00e8ne recouvert de dentelle chantilly pr\u00e9sente un corsage avec un profond d\u00e9collet\u00e9 en V, de d\u00e9licates bretelles fines orn\u00e9es de strass et un dos rond d\u00e9collet\u00e9 \u00e9vocateur. La jupe \u00e9pouse la silhouette de la mari\u00e9e jusqu&#039;\u00e0 la mi-cuisse et s&#039;\u00e9vase en une magnifique tra\u00eene dans le dos.\" \/>\n<meta property=\"og:url\" content=\"https:\/\/www.koonings.com\/fr\/product\/pronovias-fashion-group-claudie-pr125dn2-2\/\" \/>\n<meta property=\"og:site_name\" content=\"Koonings\" \/>\n<meta property=\"article:publisher\" content=\"https:\/\/www.facebook.com\/kooningstheweddingpalace\" \/>\n<meta property=\"article:modified_time\" content=\"2026-02-03T18:11:34+00:00\" \/>\n<meta property=\"og:image\" content=\"https:\/\/www.koonings.com\/wp-content\/uploads\/2024\/11\/49085_92b8370a2f682d44ece75c20da768ed9cc521bffba24530e5d6c8667c5a7a57ff1fe706e-scaled.jpeg\" \/>\n\t<meta property=\"og:image:width\" content=\"1810\" \/>\n\t<meta property=\"og:image:height\" content=\"2560\" \/>\n\t<meta property=\"og:image:type\" content=\"image\/jpeg\" \/>\n<meta name=\"twitter:card\" content=\"summary_large_image\" \/>\n<script type=\"application\/ld+json\" class=\"yoast-schema-graph\">{\"@context\":\"https:\\\/\\\/schema.org\",\"@graph\":[{\"@type\":\"WebPage\",\"@id\":\"https:\\\/\\\/www.koonings.com\\\/fr\\\/product\\\/pronovias-fashion-group-claudie-pr125dn2-2\\\/\",\"url\":\"https:\\\/\\\/www.koonings.com\\\/fr\\\/product\\\/pronovias-fashion-group-claudie-pr125dn2-2\\\/\",\"name\":\"Pronovias Fashion Group Claudie PR125DN2 | Koonings\",\"isPartOf\":{\"@id\":\"https:\\\/\\\/www.koonings.com\\\/fr\\\/#website\"},\"primaryImageOfPage\":{\"@id\":\"https:\\\/\\\/www.koonings.com\\\/fr\\\/product\\\/pronovias-fashion-group-claudie-pr125dn2-2\\\/#primaryimage\"},\"image\":{\"@id\":\"https:\\\/\\\/www.koonings.com\\\/fr\\\/product\\\/pronovias-fashion-group-claudie-pr125dn2-2\\\/#primaryimage\"},\"thumbnailUrl\":\"https:\\\/\\\/www.koonings.com\\\/wp-content\\\/uploads\\\/2024\\\/11\\\/49085_92b8370a2f682d44ece75c20da768ed9cc521bffba24530e5d6c8667c5a7a57ff1fe706e-scaled.jpeg\",\"datePublished\":\"2024-11-18T14:50:24+00:00\",\"dateModified\":\"2026-02-03T18:11:34+00:00\",\"description\":\"L'\u00e9l\u00e9gance et le glamour qui caract\u00e9risent CLAUDIE en font une robe parfaite pour les mari\u00e9es les plus sophistiqu\u00e9es. Ce mod\u00e8le sir\u00e8ne recouvert de dentelle chantilly pr\u00e9sente un corsage avec un profond d\u00e9collet\u00e9 en V, de d\u00e9licates bretelles fines orn\u00e9es de strass et un dos rond d\u00e9collet\u00e9 \u00e9vocateur. La jupe \u00e9pouse la silhouette de la mari\u00e9e jusqu'\u00e0 la mi-cuisse et s'\u00e9vase en une magnifique tra\u00eene dans le dos.\",\"breadcrumb\":{\"@id\":\"https:\\\/\\\/www.koonings.com\\\/fr\\\/product\\\/pronovias-fashion-group-claudie-pr125dn2-2\\\/#breadcrumb\"},\"inLanguage\":\"fr-FR\",\"potentialAction\":[{\"@type\":\"ReadAction\",\"target\":[\"https:\\\/\\\/www.koonings.com\\\/fr\\\/product\\\/pronovias-fashion-group-claudie-pr125dn2-2\\\/\"]}]},{\"@type\":\"ImageObject\",\"inLanguage\":\"fr-FR\",\"@id\":\"https:\\\/\\\/www.koonings.com\\\/fr\\\/product\\\/pronovias-fashion-group-claudie-pr125dn2-2\\\/#primaryimage\",\"url\":\"https:\\\/\\\/www.koonings.com\\\/wp-content\\\/uploads\\\/2024\\\/11\\\/49085_92b8370a2f682d44ece75c20da768ed9cc521bffba24530e5d6c8667c5a7a57ff1fe706e-scaled.jpeg\",\"contentUrl\":\"https:\\\/\\\/www.koonings.com\\\/wp-content\\\/uploads\\\/2024\\\/11\\\/49085_92b8370a2f682d44ece75c20da768ed9cc521bffba24530e5d6c8667c5a7a57ff1fe706e-scaled.jpeg\",\"width\":1810,\"height\":2560},{\"@type\":\"BreadcrumbList\",\"@id\":\"https:\\\/\\\/www.koonings.com\\\/fr\\\/product\\\/pronovias-fashion-group-claudie-pr125dn2-2\\\/#breadcrumb\",\"itemListElement\":[{\"@type\":\"ListItem\",\"position\":1,\"name\":\"Home\",\"item\":\"https:\\\/\\\/www.koonings.com\\\/fr\\\/\"},{\"@type\":\"ListItem\",\"position\":2,\"name\":\"Pronovias Fashion Group Claudie PR125DN2\"}]},{\"@type\":\"WebSite\",\"@id\":\"https:\\\/\\\/www.koonings.com\\\/fr\\\/#website\",\"url\":\"https:\\\/\\\/www.koonings.com\\\/fr\\\/\",\"name\":\"Koonings\",\"description\":\"De grootste bruidsmodewinkel ter wereld\",\"publisher\":{\"@id\":\"https:\\\/\\\/www.koonings.com\\\/fr\\\/#organization\"},\"potentialAction\":[{\"@type\":\"SearchAction\",\"target\":{\"@type\":\"EntryPoint\",\"urlTemplate\":\"https:\\\/\\\/www.koonings.com\\\/fr\\\/?s={search_term_string}\"},\"query-input\":{\"@type\":\"PropertyValueSpecification\",\"valueRequired\":true,\"valueName\":\"search_term_string\"}}],\"inLanguage\":\"fr-FR\"},{\"@type\":\"Organization\",\"@id\":\"https:\\\/\\\/www.koonings.com\\\/fr\\\/#organization\",\"name\":\"Koonings\",\"url\":\"https:\\\/\\\/www.koonings.com\\\/fr\\\/\",\"logo\":{\"@type\":\"ImageObject\",\"inLanguage\":\"fr-FR\",\"@id\":\"https:\\\/\\\/www.koonings.com\\\/fr\\\/#\\\/schema\\\/logo\\\/image\\\/\",\"url\":\"https:\\\/\\\/www.koonings.com\\\/wp-content\\\/uploads\\\/2024\\\/07\\\/logo.png\",\"contentUrl\":\"https:\\\/\\\/www.koonings.com\\\/wp-content\\\/uploads\\\/2024\\\/07\\\/logo.png\",\"width\":600,\"height\":428,\"caption\":\"Koonings\"},\"image\":{\"@id\":\"https:\\\/\\\/www.koonings.com\\\/fr\\\/#\\\/schema\\\/logo\\\/image\\\/\"},\"sameAs\":[\"https:\\\/\\\/www.facebook.com\\\/kooningstheweddingpalace\",\"https:\\\/\\\/www.instagram.com\\\/kooningstheweddingpalace\",\"https:\\\/\\\/www.pinterest.com\\\/koonings\",\"https:\\\/\\\/www.youtube.com\\\/kooningstheweddingpalace\"]}]}<\/script>\n<!-- \/ Yoast SEO plugin. -->","yoast_head_json":{"title":"Pronovias Fashion Group Claudie PR125DN2 | Koonings","description":"L'\u00e9l\u00e9gance et le glamour qui caract\u00e9risent CLAUDIE en font une robe parfaite pour les mari\u00e9es les plus sophistiqu\u00e9es. Ce mod\u00e8le sir\u00e8ne recouvert de dentelle chantilly pr\u00e9sente un corsage avec un profond d\u00e9collet\u00e9 en V, de d\u00e9licates bretelles fines orn\u00e9es de strass et un dos rond d\u00e9collet\u00e9 \u00e9vocateur. La jupe \u00e9pouse la silhouette de la mari\u00e9e jusqu'\u00e0 la mi-cuisse et s'\u00e9vase en une magnifique tra\u00eene dans le dos.","robots":{"index":"index","follow":"follow","max-snippet":"max-snippet:-1","max-image-preview":"max-image-preview:large","max-video-preview":"max-video-preview:-1"},"canonical":"https:\/\/www.koonings.com\/fr\/product\/pronovias-fashion-group-claudie-pr125dn2-2\/","og_locale":"fr_FR","og_type":"article","og_title":"Pronovias Fashion Group Claudie PR125DN2 | Koonings","og_description":"L'\u00e9l\u00e9gance et le glamour qui caract\u00e9risent CLAUDIE en font une robe parfaite pour les mari\u00e9es les plus sophistiqu\u00e9es. Ce mod\u00e8le sir\u00e8ne recouvert de dentelle chantilly pr\u00e9sente un corsage avec un profond d\u00e9collet\u00e9 en V, de d\u00e9licates bretelles fines orn\u00e9es de strass et un dos rond d\u00e9collet\u00e9 \u00e9vocateur. La jupe \u00e9pouse la silhouette de la mari\u00e9e jusqu'\u00e0 la mi-cuisse et s'\u00e9vase en une magnifique tra\u00eene dans le dos.","og_url":"https:\/\/www.koonings.com\/fr\/product\/pronovias-fashion-group-claudie-pr125dn2-2\/","og_site_name":"Koonings","article_publisher":"https:\/\/www.facebook.com\/kooningstheweddingpalace","article_modified_time":"2026-02-03T18:11:34+00:00","og_image":[{"width":1810,"height":2560,"url":"https:\/\/www.koonings.com\/wp-content\/uploads\/2024\/11\/49085_92b8370a2f682d44ece75c20da768ed9cc521bffba24530e5d6c8667c5a7a57ff1fe706e-scaled.jpeg","type":"image\/jpeg"}],"twitter_card":"summary_large_image","schema":{"@context":"https:\/\/schema.org","@graph":[{"@type":"WebPage","@id":"https:\/\/www.koonings.com\/fr\/product\/pronovias-fashion-group-claudie-pr125dn2-2\/","url":"https:\/\/www.koonings.com\/fr\/product\/pronovias-fashion-group-claudie-pr125dn2-2\/","name":"Pronovias Fashion Group Claudie PR125DN2 | Koonings","isPartOf":{"@id":"https:\/\/www.koonings.com\/fr\/#website"},"primaryImageOfPage":{"@id":"https:\/\/www.koonings.com\/fr\/product\/pronovias-fashion-group-claudie-pr125dn2-2\/#primaryimage"},"image":{"@id":"https:\/\/www.koonings.com\/fr\/product\/pronovias-fashion-group-claudie-pr125dn2-2\/#primaryimage"},"thumbnailUrl":"https:\/\/www.koonings.com\/wp-content\/uploads\/2024\/11\/49085_92b8370a2f682d44ece75c20da768ed9cc521bffba24530e5d6c8667c5a7a57ff1fe706e-scaled.jpeg","datePublished":"2024-11-18T14:50:24+00:00","dateModified":"2026-02-03T18:11:34+00:00","description":"L'\u00e9l\u00e9gance et le glamour qui caract\u00e9risent CLAUDIE en font une robe parfaite pour les mari\u00e9es les plus sophistiqu\u00e9es. Ce mod\u00e8le sir\u00e8ne recouvert de dentelle chantilly pr\u00e9sente un corsage avec un profond d\u00e9collet\u00e9 en V, de d\u00e9licates bretelles fines orn\u00e9es de strass et un dos rond d\u00e9collet\u00e9 \u00e9vocateur. La jupe \u00e9pouse la silhouette de la mari\u00e9e jusqu'\u00e0 la mi-cuisse et s'\u00e9vase en une magnifique tra\u00eene dans le dos.","breadcrumb":{"@id":"https:\/\/www.koonings.com\/fr\/product\/pronovias-fashion-group-claudie-pr125dn2-2\/#breadcrumb"},"inLanguage":"fr-FR","potentialAction":[{"@type":"ReadAction","target":["https:\/\/www.koonings.com\/fr\/product\/pronovias-fashion-group-claudie-pr125dn2-2\/"]}]},{"@type":"ImageObject","inLanguage":"fr-FR","@id":"https:\/\/www.koonings.com\/fr\/product\/pronovias-fashion-group-claudie-pr125dn2-2\/#primaryimage","url":"https:\/\/www.koonings.com\/wp-content\/uploads\/2024\/11\/49085_92b8370a2f682d44ece75c20da768ed9cc521bffba24530e5d6c8667c5a7a57ff1fe706e-scaled.jpeg","contentUrl":"https:\/\/www.koonings.com\/wp-content\/uploads\/2024\/11\/49085_92b8370a2f682d44ece75c20da768ed9cc521bffba24530e5d6c8667c5a7a57ff1fe706e-scaled.jpeg","width":1810,"height":2560},{"@type":"BreadcrumbList","@id":"https:\/\/www.koonings.com\/fr\/product\/pronovias-fashion-group-claudie-pr125dn2-2\/#breadcrumb","itemListElement":[{"@type":"ListItem","position":1,"name":"Home","item":"https:\/\/www.koonings.com\/fr\/"},{"@type":"ListItem","position":2,"name":"Pronovias Fashion Group Claudie PR125DN2"}]},{"@type":"WebSite","@id":"https:\/\/www.koonings.com\/fr\/#website","url":"https:\/\/www.koonings.com\/fr\/","name":"Koonings","description":"De grootste bruidsmodewinkel ter wereld","publisher":{"@id":"https:\/\/www.koonings.com\/fr\/#organization"},"potentialAction":[{"@type":"SearchAction","target":{"@type":"EntryPoint","urlTemplate":"https:\/\/www.koonings.com\/fr\/?s={search_term_string}"},"query-input":{"@type":"PropertyValueSpecification","valueRequired":true,"valueName":"search_term_string"}}],"inLanguage":"fr-FR"},{"@type":"Organization","@id":"https:\/\/www.koonings.com\/fr\/#organization","name":"Koonings","url":"https:\/\/www.koonings.com\/fr\/","logo":{"@type":"ImageObject","inLanguage":"fr-FR","@id":"https:\/\/www.koonings.com\/fr\/#\/schema\/logo\/image\/","url":"https:\/\/www.koonings.com\/wp-content\/uploads\/2024\/07\/logo.png","contentUrl":"https:\/\/www.koonings.com\/wp-content\/uploads\/2024\/07\/logo.png","width":600,"height":428,"caption":"Koonings"},"image":{"@id":"https:\/\/www.koonings.com\/fr\/#\/schema\/logo\/image\/"},"sameAs":["https:\/\/www.facebook.com\/kooningstheweddingpalace","https:\/\/www.instagram.com\/kooningstheweddingpalace","https:\/\/www.pinterest.com\/koonings","https:\/\/www.youtube.com\/kooningstheweddingpalace"]}]}},"_links":{"self":[{"href":"https:\/\/www.koonings.com\/fr\/wp-json\/wp\/v2\/product\/60000","targetHints":{"allow":["GET"]}}],"collection":[{"href":"https:\/\/www.koonings.com\/fr\/wp-json\/wp\/v2\/product"}],"about":[{"href":"https:\/\/www.koonings.com\/fr\/wp-json\/wp\/v2\/types\/product"}],"wp:featuredmedia":[{"embeddable":true,"href":"https:\/\/www.koonings.com\/fr\/wp-json\/wp\/v2\/media\/54985"}],"wp:attachment":[{"href":"https:\/\/www.koonings.com\/fr\/wp-json\/wp\/v2\/media?parent=60000"}],"wp:term":[{"taxonomy":"productdetails","embeddable":true,"href":"https:\/\/www.koonings.com\/fr\/wp-json\/wp\/v2\/productdetails?post=60000"},{"taxonomy":"productneck","embeddable":true,"href":"https:\/\/www.koonings.com\/fr\/wp-json\/wp\/v2\/productneck?post=60000"},{"taxonomy":"productcolor","embeddable":true,"href":"https:\/\/www.koonings.com\/fr\/wp-json\/wp\/v2\/productcolor?post=60000"},{"taxonomy":"maat","embeddable":true,"href":"https:\/\/www.koonings.com\/fr\/wp-json\/wp\/v2\/maat?post=60000"},{"taxonomy":"productsupplier","embeddable":true,"href":"https:\/\/www.koonings.com\/fr\/wp-json\/wp\/v2\/productsupplier?post=60000"},{"taxonomy":"productsleeve","embeddable":true,"href":"https:\/\/www.koonings.com\/fr\/wp-json\/wp\/v2\/productsleeve?post=60000"},{"taxonomy":"productcategory","embeddable":true,"href":"https:\/\/www.koonings.com\/fr\/wp-json\/wp\/v2\/productcategory?post=60000"},{"taxonomy":"productsilhouette","embeddable":true,"href":"https:\/\/www.koonings.com\/fr\/wp-json\/wp\/v2\/productsilhouette?post=60000"},{"taxonomy":"productstyle","embeddable":true,"href":"https:\/\/www.koonings.com\/fr\/wp-json\/wp\/v2\/productstyle?post=60000"}],"curies":[{"name":"wp","href":"https:\/\/api.w.org\/{rel}","templated":true}]}}