{"id":59994,"date":"2024-11-18T15:50:25","date_gmt":"2024-11-18T14:50:25","guid":{"rendered":"https:\/\/www.koonings.com\/product\/pronovias-fashion-group-occitania-pr125ch1-2\/"},"modified":"2026-02-03T19:11:57","modified_gmt":"2026-02-03T18:11:57","slug":"pronovias-fashion-group-occitania-pr125ch1-2","status":"publish","type":"product","link":"https:\/\/www.koonings.com\/fr\/product\/pronovias-fashion-group-occitania-pr125ch1-2\/","title":{"rendered":"Pronovias Fashion Group Occitania PR125CH1"},"content":{"rendered":"<p>Une aura de distinction entoure OCCITANIA, une robe qui se distingue par son \u00e9l\u00e9gance incomparable. Sur le corsage, le d\u00e9collet\u00e9 en c\u0153ur profond et les d\u00e9tails en forme de gu\u00eape sont agr\u00e9ment\u00e9s de d\u00e9tails pliss\u00e9s, tandis que les manches longues ajust\u00e9es et les \u00e9paules l\u00e9g\u00e8rement tombantes sont id\u00e9ales pour les mariages des mois les plus froids. Enfin, la jupe sir\u00e8ne sophistiqu\u00e9e en cr\u00eape entoure la silhouette au niveau des hanches et s&#8217;\u00e9vase subtilement pour un effet d\u00e9licieusement l\u00e9ger.<\/p>\n","protected":false},"featured_media":54998,"template":"","meta":{"_acf_changed":false,"ghostkit_customizer_options":"","ghostkit_custom_css":"","ghostkit_custom_js_head":"","ghostkit_custom_js_foot":"","ghostkit_typography":""},"productdetails":[],"productneck":[355],"productcolor":[392],"maat":[],"productsupplier":[430],"productsleeve":[362],"productcategory":[18],"productsilhouette":[387],"productstyle":[369],"class_list":["post-59994","product","type-product","status-publish","has-post-thumbnail","hentry","productneck-355","productcolor-392","productsupplier-pronovias-fashion-group","productsleeve-362","productcategory-trouwjurken","productsilhouette-387","productstyle-369"],"acf":[],"yoast_head":"<!-- This site is optimized with the Yoast SEO plugin v27.3 - https:\/\/yoast.com\/product\/yoast-seo-wordpress\/ -->\n<title>Pronovias Fashion Group Occitania PR125CH1 | Koonings<\/title>\n<meta name=\"description\" content=\"Une aura de distinction entoure OCCITANIA, une robe qui se distingue par son \u00e9l\u00e9gance incomparable. Sur le corsage, le d\u00e9collet\u00e9 en c\u0153ur profond et les d\u00e9tails en forme de gu\u00eape sont agr\u00e9ment\u00e9s de d\u00e9tails pliss\u00e9s, tandis que les manches longues ajust\u00e9es et les \u00e9paules l\u00e9g\u00e8rement tombantes sont id\u00e9ales pour les mariages des mois les plus froids. Enfin, la jupe sir\u00e8ne sophistiqu\u00e9e en cr\u00eape entoure la silhouette au niveau des hanches et s&#039;\u00e9vase subtilement pour un effet d\u00e9licieusement l\u00e9ger.\" \/>\n<meta name=\"robots\" content=\"index, follow, max-snippet:-1, max-image-preview:large, max-video-preview:-1\" \/>\n<link rel=\"canonical\" href=\"https:\/\/www.koonings.com\/fr\/product\/pronovias-fashion-group-occitania-pr125ch1-2\/\" \/>\n<meta property=\"og:locale\" content=\"fr_FR\" \/>\n<meta property=\"og:type\" content=\"article\" \/>\n<meta property=\"og:title\" content=\"Pronovias Fashion Group Occitania PR125CH1 | Koonings\" \/>\n<meta property=\"og:description\" content=\"Une aura de distinction entoure OCCITANIA, une robe qui se distingue par son \u00e9l\u00e9gance incomparable. Sur le corsage, le d\u00e9collet\u00e9 en c\u0153ur profond et les d\u00e9tails en forme de gu\u00eape sont agr\u00e9ment\u00e9s de d\u00e9tails pliss\u00e9s, tandis que les manches longues ajust\u00e9es et les \u00e9paules l\u00e9g\u00e8rement tombantes sont id\u00e9ales pour les mariages des mois les plus froids. Enfin, la jupe sir\u00e8ne sophistiqu\u00e9e en cr\u00eape entoure la silhouette au niveau des hanches et s&#039;\u00e9vase subtilement pour un effet d\u00e9licieusement l\u00e9ger.\" \/>\n<meta property=\"og:url\" content=\"https:\/\/www.koonings.com\/fr\/product\/pronovias-fashion-group-occitania-pr125ch1-2\/\" \/>\n<meta property=\"og:site_name\" content=\"Koonings\" \/>\n<meta property=\"article:publisher\" content=\"https:\/\/www.facebook.com\/kooningstheweddingpalace\" \/>\n<meta property=\"article:modified_time\" content=\"2026-02-03T18:11:57+00:00\" \/>\n<meta property=\"og:image\" content=\"https:\/\/www.koonings.com\/wp-content\/uploads\/2024\/11\/49087_d673be7a0270cff05534dcd78634ba749fb9abc67213658f424779f6d301770c4d211d52-scaled.jpeg\" \/>\n\t<meta property=\"og:image:width\" content=\"1814\" \/>\n\t<meta property=\"og:image:height\" content=\"2560\" \/>\n\t<meta property=\"og:image:type\" content=\"image\/jpeg\" \/>\n<meta name=\"twitter:card\" content=\"summary_large_image\" \/>\n<script type=\"application\/ld+json\" class=\"yoast-schema-graph\">{\"@context\":\"https:\\\/\\\/schema.org\",\"@graph\":[{\"@type\":\"WebPage\",\"@id\":\"https:\\\/\\\/www.koonings.com\\\/fr\\\/product\\\/pronovias-fashion-group-occitania-pr125ch1-2\\\/\",\"url\":\"https:\\\/\\\/www.koonings.com\\\/fr\\\/product\\\/pronovias-fashion-group-occitania-pr125ch1-2\\\/\",\"name\":\"Pronovias Fashion Group Occitania PR125CH1 | Koonings\",\"isPartOf\":{\"@id\":\"https:\\\/\\\/www.koonings.com\\\/fr\\\/#website\"},\"primaryImageOfPage\":{\"@id\":\"https:\\\/\\\/www.koonings.com\\\/fr\\\/product\\\/pronovias-fashion-group-occitania-pr125ch1-2\\\/#primaryimage\"},\"image\":{\"@id\":\"https:\\\/\\\/www.koonings.com\\\/fr\\\/product\\\/pronovias-fashion-group-occitania-pr125ch1-2\\\/#primaryimage\"},\"thumbnailUrl\":\"https:\\\/\\\/www.koonings.com\\\/wp-content\\\/uploads\\\/2024\\\/11\\\/49087_d673be7a0270cff05534dcd78634ba749fb9abc67213658f424779f6d301770c4d211d52-scaled.jpeg\",\"datePublished\":\"2024-11-18T14:50:25+00:00\",\"dateModified\":\"2026-02-03T18:11:57+00:00\",\"description\":\"Une aura de distinction entoure OCCITANIA, une robe qui se distingue par son \u00e9l\u00e9gance incomparable. Sur le corsage, le d\u00e9collet\u00e9 en c\u0153ur profond et les d\u00e9tails en forme de gu\u00eape sont agr\u00e9ment\u00e9s de d\u00e9tails pliss\u00e9s, tandis que les manches longues ajust\u00e9es et les \u00e9paules l\u00e9g\u00e8rement tombantes sont id\u00e9ales pour les mariages des mois les plus froids. Enfin, la jupe sir\u00e8ne sophistiqu\u00e9e en cr\u00eape entoure la silhouette au niveau des hanches et s'\u00e9vase subtilement pour un effet d\u00e9licieusement l\u00e9ger.\",\"breadcrumb\":{\"@id\":\"https:\\\/\\\/www.koonings.com\\\/fr\\\/product\\\/pronovias-fashion-group-occitania-pr125ch1-2\\\/#breadcrumb\"},\"inLanguage\":\"fr-FR\",\"potentialAction\":[{\"@type\":\"ReadAction\",\"target\":[\"https:\\\/\\\/www.koonings.com\\\/fr\\\/product\\\/pronovias-fashion-group-occitania-pr125ch1-2\\\/\"]}]},{\"@type\":\"ImageObject\",\"inLanguage\":\"fr-FR\",\"@id\":\"https:\\\/\\\/www.koonings.com\\\/fr\\\/product\\\/pronovias-fashion-group-occitania-pr125ch1-2\\\/#primaryimage\",\"url\":\"https:\\\/\\\/www.koonings.com\\\/wp-content\\\/uploads\\\/2024\\\/11\\\/49087_d673be7a0270cff05534dcd78634ba749fb9abc67213658f424779f6d301770c4d211d52-scaled.jpeg\",\"contentUrl\":\"https:\\\/\\\/www.koonings.com\\\/wp-content\\\/uploads\\\/2024\\\/11\\\/49087_d673be7a0270cff05534dcd78634ba749fb9abc67213658f424779f6d301770c4d211d52-scaled.jpeg\",\"width\":1814,\"height\":2560},{\"@type\":\"BreadcrumbList\",\"@id\":\"https:\\\/\\\/www.koonings.com\\\/fr\\\/product\\\/pronovias-fashion-group-occitania-pr125ch1-2\\\/#breadcrumb\",\"itemListElement\":[{\"@type\":\"ListItem\",\"position\":1,\"name\":\"Home\",\"item\":\"https:\\\/\\\/www.koonings.com\\\/fr\\\/\"},{\"@type\":\"ListItem\",\"position\":2,\"name\":\"Pronovias Fashion Group Occitania PR125CH1\"}]},{\"@type\":\"WebSite\",\"@id\":\"https:\\\/\\\/www.koonings.com\\\/fr\\\/#website\",\"url\":\"https:\\\/\\\/www.koonings.com\\\/fr\\\/\",\"name\":\"Koonings\",\"description\":\"De grootste bruidsmodewinkel ter wereld\",\"publisher\":{\"@id\":\"https:\\\/\\\/www.koonings.com\\\/fr\\\/#organization\"},\"potentialAction\":[{\"@type\":\"SearchAction\",\"target\":{\"@type\":\"EntryPoint\",\"urlTemplate\":\"https:\\\/\\\/www.koonings.com\\\/fr\\\/?s={search_term_string}\"},\"query-input\":{\"@type\":\"PropertyValueSpecification\",\"valueRequired\":true,\"valueName\":\"search_term_string\"}}],\"inLanguage\":\"fr-FR\"},{\"@type\":\"Organization\",\"@id\":\"https:\\\/\\\/www.koonings.com\\\/fr\\\/#organization\",\"name\":\"Koonings\",\"url\":\"https:\\\/\\\/www.koonings.com\\\/fr\\\/\",\"logo\":{\"@type\":\"ImageObject\",\"inLanguage\":\"fr-FR\",\"@id\":\"https:\\\/\\\/www.koonings.com\\\/fr\\\/#\\\/schema\\\/logo\\\/image\\\/\",\"url\":\"https:\\\/\\\/www.koonings.com\\\/wp-content\\\/uploads\\\/2024\\\/07\\\/logo.png\",\"contentUrl\":\"https:\\\/\\\/www.koonings.com\\\/wp-content\\\/uploads\\\/2024\\\/07\\\/logo.png\",\"width\":600,\"height\":428,\"caption\":\"Koonings\"},\"image\":{\"@id\":\"https:\\\/\\\/www.koonings.com\\\/fr\\\/#\\\/schema\\\/logo\\\/image\\\/\"},\"sameAs\":[\"https:\\\/\\\/www.facebook.com\\\/kooningstheweddingpalace\",\"https:\\\/\\\/www.instagram.com\\\/kooningstheweddingpalace\",\"https:\\\/\\\/www.pinterest.com\\\/koonings\",\"https:\\\/\\\/www.youtube.com\\\/kooningstheweddingpalace\"]}]}<\/script>\n<!-- \/ Yoast SEO plugin. -->","yoast_head_json":{"title":"Pronovias Fashion Group Occitania PR125CH1 | Koonings","description":"Une aura de distinction entoure OCCITANIA, une robe qui se distingue par son \u00e9l\u00e9gance incomparable. Sur le corsage, le d\u00e9collet\u00e9 en c\u0153ur profond et les d\u00e9tails en forme de gu\u00eape sont agr\u00e9ment\u00e9s de d\u00e9tails pliss\u00e9s, tandis que les manches longues ajust\u00e9es et les \u00e9paules l\u00e9g\u00e8rement tombantes sont id\u00e9ales pour les mariages des mois les plus froids. Enfin, la jupe sir\u00e8ne sophistiqu\u00e9e en cr\u00eape entoure la silhouette au niveau des hanches et s'\u00e9vase subtilement pour un effet d\u00e9licieusement l\u00e9ger.","robots":{"index":"index","follow":"follow","max-snippet":"max-snippet:-1","max-image-preview":"max-image-preview:large","max-video-preview":"max-video-preview:-1"},"canonical":"https:\/\/www.koonings.com\/fr\/product\/pronovias-fashion-group-occitania-pr125ch1-2\/","og_locale":"fr_FR","og_type":"article","og_title":"Pronovias Fashion Group Occitania PR125CH1 | Koonings","og_description":"Une aura de distinction entoure OCCITANIA, une robe qui se distingue par son \u00e9l\u00e9gance incomparable. Sur le corsage, le d\u00e9collet\u00e9 en c\u0153ur profond et les d\u00e9tails en forme de gu\u00eape sont agr\u00e9ment\u00e9s de d\u00e9tails pliss\u00e9s, tandis que les manches longues ajust\u00e9es et les \u00e9paules l\u00e9g\u00e8rement tombantes sont id\u00e9ales pour les mariages des mois les plus froids. Enfin, la jupe sir\u00e8ne sophistiqu\u00e9e en cr\u00eape entoure la silhouette au niveau des hanches et s'\u00e9vase subtilement pour un effet d\u00e9licieusement l\u00e9ger.","og_url":"https:\/\/www.koonings.com\/fr\/product\/pronovias-fashion-group-occitania-pr125ch1-2\/","og_site_name":"Koonings","article_publisher":"https:\/\/www.facebook.com\/kooningstheweddingpalace","article_modified_time":"2026-02-03T18:11:57+00:00","og_image":[{"width":1814,"height":2560,"url":"https:\/\/www.koonings.com\/wp-content\/uploads\/2024\/11\/49087_d673be7a0270cff05534dcd78634ba749fb9abc67213658f424779f6d301770c4d211d52-scaled.jpeg","type":"image\/jpeg"}],"twitter_card":"summary_large_image","schema":{"@context":"https:\/\/schema.org","@graph":[{"@type":"WebPage","@id":"https:\/\/www.koonings.com\/fr\/product\/pronovias-fashion-group-occitania-pr125ch1-2\/","url":"https:\/\/www.koonings.com\/fr\/product\/pronovias-fashion-group-occitania-pr125ch1-2\/","name":"Pronovias Fashion Group Occitania PR125CH1 | Koonings","isPartOf":{"@id":"https:\/\/www.koonings.com\/fr\/#website"},"primaryImageOfPage":{"@id":"https:\/\/www.koonings.com\/fr\/product\/pronovias-fashion-group-occitania-pr125ch1-2\/#primaryimage"},"image":{"@id":"https:\/\/www.koonings.com\/fr\/product\/pronovias-fashion-group-occitania-pr125ch1-2\/#primaryimage"},"thumbnailUrl":"https:\/\/www.koonings.com\/wp-content\/uploads\/2024\/11\/49087_d673be7a0270cff05534dcd78634ba749fb9abc67213658f424779f6d301770c4d211d52-scaled.jpeg","datePublished":"2024-11-18T14:50:25+00:00","dateModified":"2026-02-03T18:11:57+00:00","description":"Une aura de distinction entoure OCCITANIA, une robe qui se distingue par son \u00e9l\u00e9gance incomparable. Sur le corsage, le d\u00e9collet\u00e9 en c\u0153ur profond et les d\u00e9tails en forme de gu\u00eape sont agr\u00e9ment\u00e9s de d\u00e9tails pliss\u00e9s, tandis que les manches longues ajust\u00e9es et les \u00e9paules l\u00e9g\u00e8rement tombantes sont id\u00e9ales pour les mariages des mois les plus froids. Enfin, la jupe sir\u00e8ne sophistiqu\u00e9e en cr\u00eape entoure la silhouette au niveau des hanches et s'\u00e9vase subtilement pour un effet d\u00e9licieusement l\u00e9ger.","breadcrumb":{"@id":"https:\/\/www.koonings.com\/fr\/product\/pronovias-fashion-group-occitania-pr125ch1-2\/#breadcrumb"},"inLanguage":"fr-FR","potentialAction":[{"@type":"ReadAction","target":["https:\/\/www.koonings.com\/fr\/product\/pronovias-fashion-group-occitania-pr125ch1-2\/"]}]},{"@type":"ImageObject","inLanguage":"fr-FR","@id":"https:\/\/www.koonings.com\/fr\/product\/pronovias-fashion-group-occitania-pr125ch1-2\/#primaryimage","url":"https:\/\/www.koonings.com\/wp-content\/uploads\/2024\/11\/49087_d673be7a0270cff05534dcd78634ba749fb9abc67213658f424779f6d301770c4d211d52-scaled.jpeg","contentUrl":"https:\/\/www.koonings.com\/wp-content\/uploads\/2024\/11\/49087_d673be7a0270cff05534dcd78634ba749fb9abc67213658f424779f6d301770c4d211d52-scaled.jpeg","width":1814,"height":2560},{"@type":"BreadcrumbList","@id":"https:\/\/www.koonings.com\/fr\/product\/pronovias-fashion-group-occitania-pr125ch1-2\/#breadcrumb","itemListElement":[{"@type":"ListItem","position":1,"name":"Home","item":"https:\/\/www.koonings.com\/fr\/"},{"@type":"ListItem","position":2,"name":"Pronovias Fashion Group Occitania PR125CH1"}]},{"@type":"WebSite","@id":"https:\/\/www.koonings.com\/fr\/#website","url":"https:\/\/www.koonings.com\/fr\/","name":"Koonings","description":"De grootste bruidsmodewinkel ter wereld","publisher":{"@id":"https:\/\/www.koonings.com\/fr\/#organization"},"potentialAction":[{"@type":"SearchAction","target":{"@type":"EntryPoint","urlTemplate":"https:\/\/www.koonings.com\/fr\/?s={search_term_string}"},"query-input":{"@type":"PropertyValueSpecification","valueRequired":true,"valueName":"search_term_string"}}],"inLanguage":"fr-FR"},{"@type":"Organization","@id":"https:\/\/www.koonings.com\/fr\/#organization","name":"Koonings","url":"https:\/\/www.koonings.com\/fr\/","logo":{"@type":"ImageObject","inLanguage":"fr-FR","@id":"https:\/\/www.koonings.com\/fr\/#\/schema\/logo\/image\/","url":"https:\/\/www.koonings.com\/wp-content\/uploads\/2024\/07\/logo.png","contentUrl":"https:\/\/www.koonings.com\/wp-content\/uploads\/2024\/07\/logo.png","width":600,"height":428,"caption":"Koonings"},"image":{"@id":"https:\/\/www.koonings.com\/fr\/#\/schema\/logo\/image\/"},"sameAs":["https:\/\/www.facebook.com\/kooningstheweddingpalace","https:\/\/www.instagram.com\/kooningstheweddingpalace","https:\/\/www.pinterest.com\/koonings","https:\/\/www.youtube.com\/kooningstheweddingpalace"]}]}},"_links":{"self":[{"href":"https:\/\/www.koonings.com\/fr\/wp-json\/wp\/v2\/product\/59994","targetHints":{"allow":["GET"]}}],"collection":[{"href":"https:\/\/www.koonings.com\/fr\/wp-json\/wp\/v2\/product"}],"about":[{"href":"https:\/\/www.koonings.com\/fr\/wp-json\/wp\/v2\/types\/product"}],"wp:featuredmedia":[{"embeddable":true,"href":"https:\/\/www.koonings.com\/fr\/wp-json\/wp\/v2\/media\/54998"}],"wp:attachment":[{"href":"https:\/\/www.koonings.com\/fr\/wp-json\/wp\/v2\/media?parent=59994"}],"wp:term":[{"taxonomy":"productdetails","embeddable":true,"href":"https:\/\/www.koonings.com\/fr\/wp-json\/wp\/v2\/productdetails?post=59994"},{"taxonomy":"productneck","embeddable":true,"href":"https:\/\/www.koonings.com\/fr\/wp-json\/wp\/v2\/productneck?post=59994"},{"taxonomy":"productcolor","embeddable":true,"href":"https:\/\/www.koonings.com\/fr\/wp-json\/wp\/v2\/productcolor?post=59994"},{"taxonomy":"maat","embeddable":true,"href":"https:\/\/www.koonings.com\/fr\/wp-json\/wp\/v2\/maat?post=59994"},{"taxonomy":"productsupplier","embeddable":true,"href":"https:\/\/www.koonings.com\/fr\/wp-json\/wp\/v2\/productsupplier?post=59994"},{"taxonomy":"productsleeve","embeddable":true,"href":"https:\/\/www.koonings.com\/fr\/wp-json\/wp\/v2\/productsleeve?post=59994"},{"taxonomy":"productcategory","embeddable":true,"href":"https:\/\/www.koonings.com\/fr\/wp-json\/wp\/v2\/productcategory?post=59994"},{"taxonomy":"productsilhouette","embeddable":true,"href":"https:\/\/www.koonings.com\/fr\/wp-json\/wp\/v2\/productsilhouette?post=59994"},{"taxonomy":"productstyle","embeddable":true,"href":"https:\/\/www.koonings.com\/fr\/wp-json\/wp\/v2\/productstyle?post=59994"}],"curies":[{"name":"wp","href":"https:\/\/api.w.org\/{rel}","templated":true}]}}