{"id":59987,"date":"2024-11-18T15:50:25","date_gmt":"2024-11-18T14:50:25","guid":{"rendered":"https:\/\/www.koonings.com\/product\/pronovias-fashion-group-romentina-pr125cj1-2\/"},"modified":"2026-02-03T19:12:13","modified_gmt":"2026-02-03T18:12:13","slug":"pronovias-fashion-group-romentina-pr125cj1-2","status":"publish","type":"product","link":"https:\/\/www.koonings.com\/fr\/product\/pronovias-fashion-group-romentina-pr125cj1-2\/","title":{"rendered":"Pronovias Fashion Group Romentina PR125CJ1"},"content":{"rendered":"<p>Laissez le glamour de ROMENTINA vous transporter sur les tapis rouges sophistiqu\u00e9s du Hollywood du milieu du si\u00e8cle dernier. Enti\u00e8rement r\u00e9alis\u00e9e dans un luxueux tissu satin\u00e9, cette superbe robe sir\u00e8ne pr\u00e9sente un d\u00e9collet\u00e9 en c\u0153ur sans manches, des plis qui se rejoignent \u00e0 la taille et une fente \u00e9vocatrice sur le c\u00f4t\u00e9 de la jupe. Enfin, de magnifiques manches amovibles en tulle orn\u00e9es de strass compl\u00e8tent ce mod\u00e8le.  <\/p>\n","protected":false},"featured_media":55011,"template":"","meta":{"_acf_changed":false,"ghostkit_customizer_options":"","ghostkit_custom_css":"","ghostkit_custom_js_head":"","ghostkit_custom_js_foot":"","ghostkit_typography":""},"productdetails":[378],"productneck":[354,355],"productcolor":[392],"maat":[],"productsupplier":[430],"productsleeve":[],"productcategory":[18],"productsilhouette":[387],"productstyle":[366,370],"class_list":["post-59987","product","type-product","status-publish","has-post-thumbnail","hentry","productdetails-378","productneck-354","productneck-355","productcolor-392","productsupplier-pronovias-fashion-group","productcategory-trouwjurken","productsilhouette-387","productstyle-366","productstyle-370"],"acf":[],"yoast_head":"<!-- This site is optimized with the Yoast SEO plugin v27.3 - https:\/\/yoast.com\/product\/yoast-seo-wordpress\/ -->\n<title>Pronovias Fashion Group Romentina PR125CJ1 | Koonings<\/title>\n<meta name=\"description\" content=\"Laissez le glamour de ROMENTINA vous transporter sur les tapis rouges sophistiqu\u00e9s du Hollywood du milieu du si\u00e8cle dernier. Enti\u00e8rement r\u00e9alis\u00e9e dans un luxueux tissu satin\u00e9, cette superbe robe sir\u00e8ne pr\u00e9sente un d\u00e9collet\u00e9 en c\u0153ur sans manches, des plis qui se rejoignent \u00e0 la taille et une fente \u00e9vocatrice sur le c\u00f4t\u00e9 de la jupe. Enfin, de magnifiques manches amovibles en tulle orn\u00e9es de strass compl\u00e8tent ce mod\u00e8le.\" \/>\n<meta name=\"robots\" content=\"index, follow, max-snippet:-1, max-image-preview:large, max-video-preview:-1\" \/>\n<link rel=\"canonical\" href=\"https:\/\/www.koonings.com\/fr\/product\/pronovias-fashion-group-romentina-pr125cj1-2\/\" \/>\n<meta property=\"og:locale\" content=\"fr_FR\" \/>\n<meta property=\"og:type\" content=\"article\" \/>\n<meta property=\"og:title\" content=\"Pronovias Fashion Group Romentina PR125CJ1 | Koonings\" \/>\n<meta property=\"og:description\" content=\"Laissez le glamour de ROMENTINA vous transporter sur les tapis rouges sophistiqu\u00e9s du Hollywood du milieu du si\u00e8cle dernier. Enti\u00e8rement r\u00e9alis\u00e9e dans un luxueux tissu satin\u00e9, cette superbe robe sir\u00e8ne pr\u00e9sente un d\u00e9collet\u00e9 en c\u0153ur sans manches, des plis qui se rejoignent \u00e0 la taille et une fente \u00e9vocatrice sur le c\u00f4t\u00e9 de la jupe. Enfin, de magnifiques manches amovibles en tulle orn\u00e9es de strass compl\u00e8tent ce mod\u00e8le.\" \/>\n<meta property=\"og:url\" content=\"https:\/\/www.koonings.com\/fr\/product\/pronovias-fashion-group-romentina-pr125cj1-2\/\" \/>\n<meta property=\"og:site_name\" content=\"Koonings\" \/>\n<meta property=\"article:publisher\" content=\"https:\/\/www.facebook.com\/kooningstheweddingpalace\" \/>\n<meta property=\"article:modified_time\" content=\"2026-02-03T18:12:13+00:00\" \/>\n<meta property=\"og:image\" content=\"https:\/\/www.koonings.com\/wp-content\/uploads\/2024\/11\/49088_58d5ea1d24df6f94f525d8bcf98827e5fe456715c80724259612c14680a67633cb26e8b0-scaled.jpeg\" \/>\n\t<meta property=\"og:image:width\" content=\"1809\" \/>\n\t<meta property=\"og:image:height\" content=\"2560\" \/>\n\t<meta property=\"og:image:type\" content=\"image\/jpeg\" \/>\n<meta name=\"twitter:card\" content=\"summary_large_image\" \/>\n<script type=\"application\/ld+json\" class=\"yoast-schema-graph\">{\"@context\":\"https:\\\/\\\/schema.org\",\"@graph\":[{\"@type\":\"WebPage\",\"@id\":\"https:\\\/\\\/www.koonings.com\\\/fr\\\/product\\\/pronovias-fashion-group-romentina-pr125cj1-2\\\/\",\"url\":\"https:\\\/\\\/www.koonings.com\\\/fr\\\/product\\\/pronovias-fashion-group-romentina-pr125cj1-2\\\/\",\"name\":\"Pronovias Fashion Group Romentina PR125CJ1 | Koonings\",\"isPartOf\":{\"@id\":\"https:\\\/\\\/www.koonings.com\\\/fr\\\/#website\"},\"primaryImageOfPage\":{\"@id\":\"https:\\\/\\\/www.koonings.com\\\/fr\\\/product\\\/pronovias-fashion-group-romentina-pr125cj1-2\\\/#primaryimage\"},\"image\":{\"@id\":\"https:\\\/\\\/www.koonings.com\\\/fr\\\/product\\\/pronovias-fashion-group-romentina-pr125cj1-2\\\/#primaryimage\"},\"thumbnailUrl\":\"https:\\\/\\\/www.koonings.com\\\/wp-content\\\/uploads\\\/2024\\\/11\\\/49088_58d5ea1d24df6f94f525d8bcf98827e5fe456715c80724259612c14680a67633cb26e8b0-scaled.jpeg\",\"datePublished\":\"2024-11-18T14:50:25+00:00\",\"dateModified\":\"2026-02-03T18:12:13+00:00\",\"description\":\"Laissez le glamour de ROMENTINA vous transporter sur les tapis rouges sophistiqu\u00e9s du Hollywood du milieu du si\u00e8cle dernier. Enti\u00e8rement r\u00e9alis\u00e9e dans un luxueux tissu satin\u00e9, cette superbe robe sir\u00e8ne pr\u00e9sente un d\u00e9collet\u00e9 en c\u0153ur sans manches, des plis qui se rejoignent \u00e0 la taille et une fente \u00e9vocatrice sur le c\u00f4t\u00e9 de la jupe. Enfin, de magnifiques manches amovibles en tulle orn\u00e9es de strass compl\u00e8tent ce mod\u00e8le.\",\"breadcrumb\":{\"@id\":\"https:\\\/\\\/www.koonings.com\\\/fr\\\/product\\\/pronovias-fashion-group-romentina-pr125cj1-2\\\/#breadcrumb\"},\"inLanguage\":\"fr-FR\",\"potentialAction\":[{\"@type\":\"ReadAction\",\"target\":[\"https:\\\/\\\/www.koonings.com\\\/fr\\\/product\\\/pronovias-fashion-group-romentina-pr125cj1-2\\\/\"]}]},{\"@type\":\"ImageObject\",\"inLanguage\":\"fr-FR\",\"@id\":\"https:\\\/\\\/www.koonings.com\\\/fr\\\/product\\\/pronovias-fashion-group-romentina-pr125cj1-2\\\/#primaryimage\",\"url\":\"https:\\\/\\\/www.koonings.com\\\/wp-content\\\/uploads\\\/2024\\\/11\\\/49088_58d5ea1d24df6f94f525d8bcf98827e5fe456715c80724259612c14680a67633cb26e8b0-scaled.jpeg\",\"contentUrl\":\"https:\\\/\\\/www.koonings.com\\\/wp-content\\\/uploads\\\/2024\\\/11\\\/49088_58d5ea1d24df6f94f525d8bcf98827e5fe456715c80724259612c14680a67633cb26e8b0-scaled.jpeg\",\"width\":1809,\"height\":2560},{\"@type\":\"BreadcrumbList\",\"@id\":\"https:\\\/\\\/www.koonings.com\\\/fr\\\/product\\\/pronovias-fashion-group-romentina-pr125cj1-2\\\/#breadcrumb\",\"itemListElement\":[{\"@type\":\"ListItem\",\"position\":1,\"name\":\"Home\",\"item\":\"https:\\\/\\\/www.koonings.com\\\/fr\\\/\"},{\"@type\":\"ListItem\",\"position\":2,\"name\":\"Pronovias Fashion Group Romentina PR125CJ1\"}]},{\"@type\":\"WebSite\",\"@id\":\"https:\\\/\\\/www.koonings.com\\\/fr\\\/#website\",\"url\":\"https:\\\/\\\/www.koonings.com\\\/fr\\\/\",\"name\":\"Koonings\",\"description\":\"De grootste bruidsmodewinkel ter wereld\",\"publisher\":{\"@id\":\"https:\\\/\\\/www.koonings.com\\\/fr\\\/#organization\"},\"potentialAction\":[{\"@type\":\"SearchAction\",\"target\":{\"@type\":\"EntryPoint\",\"urlTemplate\":\"https:\\\/\\\/www.koonings.com\\\/fr\\\/?s={search_term_string}\"},\"query-input\":{\"@type\":\"PropertyValueSpecification\",\"valueRequired\":true,\"valueName\":\"search_term_string\"}}],\"inLanguage\":\"fr-FR\"},{\"@type\":\"Organization\",\"@id\":\"https:\\\/\\\/www.koonings.com\\\/fr\\\/#organization\",\"name\":\"Koonings\",\"url\":\"https:\\\/\\\/www.koonings.com\\\/fr\\\/\",\"logo\":{\"@type\":\"ImageObject\",\"inLanguage\":\"fr-FR\",\"@id\":\"https:\\\/\\\/www.koonings.com\\\/fr\\\/#\\\/schema\\\/logo\\\/image\\\/\",\"url\":\"https:\\\/\\\/www.koonings.com\\\/wp-content\\\/uploads\\\/2024\\\/07\\\/logo.png\",\"contentUrl\":\"https:\\\/\\\/www.koonings.com\\\/wp-content\\\/uploads\\\/2024\\\/07\\\/logo.png\",\"width\":600,\"height\":428,\"caption\":\"Koonings\"},\"image\":{\"@id\":\"https:\\\/\\\/www.koonings.com\\\/fr\\\/#\\\/schema\\\/logo\\\/image\\\/\"},\"sameAs\":[\"https:\\\/\\\/www.facebook.com\\\/kooningstheweddingpalace\",\"https:\\\/\\\/www.instagram.com\\\/kooningstheweddingpalace\",\"https:\\\/\\\/www.pinterest.com\\\/koonings\",\"https:\\\/\\\/www.youtube.com\\\/kooningstheweddingpalace\"]}]}<\/script>\n<!-- \/ Yoast SEO plugin. -->","yoast_head_json":{"title":"Pronovias Fashion Group Romentina PR125CJ1 | Koonings","description":"Laissez le glamour de ROMENTINA vous transporter sur les tapis rouges sophistiqu\u00e9s du Hollywood du milieu du si\u00e8cle dernier. Enti\u00e8rement r\u00e9alis\u00e9e dans un luxueux tissu satin\u00e9, cette superbe robe sir\u00e8ne pr\u00e9sente un d\u00e9collet\u00e9 en c\u0153ur sans manches, des plis qui se rejoignent \u00e0 la taille et une fente \u00e9vocatrice sur le c\u00f4t\u00e9 de la jupe. Enfin, de magnifiques manches amovibles en tulle orn\u00e9es de strass compl\u00e8tent ce mod\u00e8le.","robots":{"index":"index","follow":"follow","max-snippet":"max-snippet:-1","max-image-preview":"max-image-preview:large","max-video-preview":"max-video-preview:-1"},"canonical":"https:\/\/www.koonings.com\/fr\/product\/pronovias-fashion-group-romentina-pr125cj1-2\/","og_locale":"fr_FR","og_type":"article","og_title":"Pronovias Fashion Group Romentina PR125CJ1 | Koonings","og_description":"Laissez le glamour de ROMENTINA vous transporter sur les tapis rouges sophistiqu\u00e9s du Hollywood du milieu du si\u00e8cle dernier. Enti\u00e8rement r\u00e9alis\u00e9e dans un luxueux tissu satin\u00e9, cette superbe robe sir\u00e8ne pr\u00e9sente un d\u00e9collet\u00e9 en c\u0153ur sans manches, des plis qui se rejoignent \u00e0 la taille et une fente \u00e9vocatrice sur le c\u00f4t\u00e9 de la jupe. Enfin, de magnifiques manches amovibles en tulle orn\u00e9es de strass compl\u00e8tent ce mod\u00e8le.","og_url":"https:\/\/www.koonings.com\/fr\/product\/pronovias-fashion-group-romentina-pr125cj1-2\/","og_site_name":"Koonings","article_publisher":"https:\/\/www.facebook.com\/kooningstheweddingpalace","article_modified_time":"2026-02-03T18:12:13+00:00","og_image":[{"width":1809,"height":2560,"url":"https:\/\/www.koonings.com\/wp-content\/uploads\/2024\/11\/49088_58d5ea1d24df6f94f525d8bcf98827e5fe456715c80724259612c14680a67633cb26e8b0-scaled.jpeg","type":"image\/jpeg"}],"twitter_card":"summary_large_image","schema":{"@context":"https:\/\/schema.org","@graph":[{"@type":"WebPage","@id":"https:\/\/www.koonings.com\/fr\/product\/pronovias-fashion-group-romentina-pr125cj1-2\/","url":"https:\/\/www.koonings.com\/fr\/product\/pronovias-fashion-group-romentina-pr125cj1-2\/","name":"Pronovias Fashion Group Romentina PR125CJ1 | Koonings","isPartOf":{"@id":"https:\/\/www.koonings.com\/fr\/#website"},"primaryImageOfPage":{"@id":"https:\/\/www.koonings.com\/fr\/product\/pronovias-fashion-group-romentina-pr125cj1-2\/#primaryimage"},"image":{"@id":"https:\/\/www.koonings.com\/fr\/product\/pronovias-fashion-group-romentina-pr125cj1-2\/#primaryimage"},"thumbnailUrl":"https:\/\/www.koonings.com\/wp-content\/uploads\/2024\/11\/49088_58d5ea1d24df6f94f525d8bcf98827e5fe456715c80724259612c14680a67633cb26e8b0-scaled.jpeg","datePublished":"2024-11-18T14:50:25+00:00","dateModified":"2026-02-03T18:12:13+00:00","description":"Laissez le glamour de ROMENTINA vous transporter sur les tapis rouges sophistiqu\u00e9s du Hollywood du milieu du si\u00e8cle dernier. Enti\u00e8rement r\u00e9alis\u00e9e dans un luxueux tissu satin\u00e9, cette superbe robe sir\u00e8ne pr\u00e9sente un d\u00e9collet\u00e9 en c\u0153ur sans manches, des plis qui se rejoignent \u00e0 la taille et une fente \u00e9vocatrice sur le c\u00f4t\u00e9 de la jupe. Enfin, de magnifiques manches amovibles en tulle orn\u00e9es de strass compl\u00e8tent ce mod\u00e8le.","breadcrumb":{"@id":"https:\/\/www.koonings.com\/fr\/product\/pronovias-fashion-group-romentina-pr125cj1-2\/#breadcrumb"},"inLanguage":"fr-FR","potentialAction":[{"@type":"ReadAction","target":["https:\/\/www.koonings.com\/fr\/product\/pronovias-fashion-group-romentina-pr125cj1-2\/"]}]},{"@type":"ImageObject","inLanguage":"fr-FR","@id":"https:\/\/www.koonings.com\/fr\/product\/pronovias-fashion-group-romentina-pr125cj1-2\/#primaryimage","url":"https:\/\/www.koonings.com\/wp-content\/uploads\/2024\/11\/49088_58d5ea1d24df6f94f525d8bcf98827e5fe456715c80724259612c14680a67633cb26e8b0-scaled.jpeg","contentUrl":"https:\/\/www.koonings.com\/wp-content\/uploads\/2024\/11\/49088_58d5ea1d24df6f94f525d8bcf98827e5fe456715c80724259612c14680a67633cb26e8b0-scaled.jpeg","width":1809,"height":2560},{"@type":"BreadcrumbList","@id":"https:\/\/www.koonings.com\/fr\/product\/pronovias-fashion-group-romentina-pr125cj1-2\/#breadcrumb","itemListElement":[{"@type":"ListItem","position":1,"name":"Home","item":"https:\/\/www.koonings.com\/fr\/"},{"@type":"ListItem","position":2,"name":"Pronovias Fashion Group Romentina PR125CJ1"}]},{"@type":"WebSite","@id":"https:\/\/www.koonings.com\/fr\/#website","url":"https:\/\/www.koonings.com\/fr\/","name":"Koonings","description":"De grootste bruidsmodewinkel ter wereld","publisher":{"@id":"https:\/\/www.koonings.com\/fr\/#organization"},"potentialAction":[{"@type":"SearchAction","target":{"@type":"EntryPoint","urlTemplate":"https:\/\/www.koonings.com\/fr\/?s={search_term_string}"},"query-input":{"@type":"PropertyValueSpecification","valueRequired":true,"valueName":"search_term_string"}}],"inLanguage":"fr-FR"},{"@type":"Organization","@id":"https:\/\/www.koonings.com\/fr\/#organization","name":"Koonings","url":"https:\/\/www.koonings.com\/fr\/","logo":{"@type":"ImageObject","inLanguage":"fr-FR","@id":"https:\/\/www.koonings.com\/fr\/#\/schema\/logo\/image\/","url":"https:\/\/www.koonings.com\/wp-content\/uploads\/2024\/07\/logo.png","contentUrl":"https:\/\/www.koonings.com\/wp-content\/uploads\/2024\/07\/logo.png","width":600,"height":428,"caption":"Koonings"},"image":{"@id":"https:\/\/www.koonings.com\/fr\/#\/schema\/logo\/image\/"},"sameAs":["https:\/\/www.facebook.com\/kooningstheweddingpalace","https:\/\/www.instagram.com\/kooningstheweddingpalace","https:\/\/www.pinterest.com\/koonings","https:\/\/www.youtube.com\/kooningstheweddingpalace"]}]}},"_links":{"self":[{"href":"https:\/\/www.koonings.com\/fr\/wp-json\/wp\/v2\/product\/59987","targetHints":{"allow":["GET"]}}],"collection":[{"href":"https:\/\/www.koonings.com\/fr\/wp-json\/wp\/v2\/product"}],"about":[{"href":"https:\/\/www.koonings.com\/fr\/wp-json\/wp\/v2\/types\/product"}],"wp:featuredmedia":[{"embeddable":true,"href":"https:\/\/www.koonings.com\/fr\/wp-json\/wp\/v2\/media\/55011"}],"wp:attachment":[{"href":"https:\/\/www.koonings.com\/fr\/wp-json\/wp\/v2\/media?parent=59987"}],"wp:term":[{"taxonomy":"productdetails","embeddable":true,"href":"https:\/\/www.koonings.com\/fr\/wp-json\/wp\/v2\/productdetails?post=59987"},{"taxonomy":"productneck","embeddable":true,"href":"https:\/\/www.koonings.com\/fr\/wp-json\/wp\/v2\/productneck?post=59987"},{"taxonomy":"productcolor","embeddable":true,"href":"https:\/\/www.koonings.com\/fr\/wp-json\/wp\/v2\/productcolor?post=59987"},{"taxonomy":"maat","embeddable":true,"href":"https:\/\/www.koonings.com\/fr\/wp-json\/wp\/v2\/maat?post=59987"},{"taxonomy":"productsupplier","embeddable":true,"href":"https:\/\/www.koonings.com\/fr\/wp-json\/wp\/v2\/productsupplier?post=59987"},{"taxonomy":"productsleeve","embeddable":true,"href":"https:\/\/www.koonings.com\/fr\/wp-json\/wp\/v2\/productsleeve?post=59987"},{"taxonomy":"productcategory","embeddable":true,"href":"https:\/\/www.koonings.com\/fr\/wp-json\/wp\/v2\/productcategory?post=59987"},{"taxonomy":"productsilhouette","embeddable":true,"href":"https:\/\/www.koonings.com\/fr\/wp-json\/wp\/v2\/productsilhouette?post=59987"},{"taxonomy":"productstyle","embeddable":true,"href":"https:\/\/www.koonings.com\/fr\/wp-json\/wp\/v2\/productstyle?post=59987"}],"curies":[{"name":"wp","href":"https:\/\/api.w.org\/{rel}","templated":true}]}}