{"id":59968,"date":"2026-05-06T15:28:27","date_gmt":"2026-05-06T13:28:27","guid":{"rendered":"https:\/\/www.koonings.com\/product\/enzoani-portrait-bernadine\/"},"modified":"2025-06-05T13:20:18","modified_gmt":"2025-06-05T11:20:18","slug":"enzoani-portrait-bernadine","status":"publish","type":"product","link":"https:\/\/www.koonings.com\/fr\/product\/enzoani-portrait-bernadine\/","title":{"rendered":"Enzoani Portrait Bernadine"},"content":{"rendered":"<p>BEernadine respire le romantisme sans effort. Le doux d\u00e9collet\u00e9 en c\u0153ur est \u00e9l\u00e9gamment \u00e9quilibr\u00e9 par des manches de r\u00eave en tulle d\u00e9collet\u00e9, un corsage sexy \u00e0 illusion avec un drap\u00e9 de dentelle brod\u00e9e expos\u00e9e et subtilement dispers\u00e9e sur une jupe \u00e9th\u00e9r\u00e9e en tulle paillet\u00e9. Le drap\u00e9 de tulle ajoute encore plus d&#8217;attrait \u00e0 cette robe unique, \u00e0 la fois douce et moderne.  <\/p>\n","protected":false},"featured_media":67964,"template":"","meta":{"_acf_changed":false,"ghostkit_customizer_options":"","ghostkit_custom_css":"","ghostkit_custom_js_head":"","ghostkit_custom_js_foot":"","ghostkit_typography":""},"productdetails":[377,376,381],"productneck":[355],"productcolor":[393,392],"maat":[375],"productsupplier":[460],"productsleeve":[363],"productcategory":[18],"productsilhouette":[384],"productstyle":[371],"class_list":["post-59968","product","type-product","status-publish","has-post-thumbnail","hentry","productdetails-377","productdetails-376","productdetails-381","productneck-355","productcolor-393","productcolor-392","maat-375","productsupplier-enzoani-portrait","productsleeve-363","productcategory-trouwjurken","productsilhouette-384","productstyle-371"],"acf":[],"yoast_head":"<!-- This site is optimized with the Yoast SEO plugin v27.3 - https:\/\/yoast.com\/product\/yoast-seo-wordpress\/ -->\n<title>Enzoani Portrait Bernadine | Koonings<\/title>\n<meta name=\"description\" content=\"BEernadine respire le romantisme sans effort. Le doux d\u00e9collet\u00e9 en c\u0153ur est \u00e9l\u00e9gamment \u00e9quilibr\u00e9 par des manches de r\u00eave en tulle d\u00e9collet\u00e9, un corsage sexy \u00e0 illusion avec un drap\u00e9 de dentelle brod\u00e9e expos\u00e9e et subtilement dispers\u00e9e sur une jupe \u00e9th\u00e9r\u00e9e en tulle paillet\u00e9. Le drap\u00e9 de tulle ajoute encore plus d&#039;attrait \u00e0 cette robe unique, \u00e0 la fois douce et moderne.\" \/>\n<meta name=\"robots\" content=\"index, follow, max-snippet:-1, max-image-preview:large, max-video-preview:-1\" \/>\n<link rel=\"canonical\" href=\"https:\/\/www.koonings.com\/fr\/product\/enzoani-portrait-bernadine\/\" \/>\n<meta property=\"og:locale\" content=\"fr_FR\" \/>\n<meta property=\"og:type\" content=\"article\" \/>\n<meta property=\"og:title\" content=\"Enzoani Portrait Bernadine | Koonings\" \/>\n<meta property=\"og:description\" content=\"BEernadine respire le romantisme sans effort. Le doux d\u00e9collet\u00e9 en c\u0153ur est \u00e9l\u00e9gamment \u00e9quilibr\u00e9 par des manches de r\u00eave en tulle d\u00e9collet\u00e9, un corsage sexy \u00e0 illusion avec un drap\u00e9 de dentelle brod\u00e9e expos\u00e9e et subtilement dispers\u00e9e sur une jupe \u00e9th\u00e9r\u00e9e en tulle paillet\u00e9. Le drap\u00e9 de tulle ajoute encore plus d&#039;attrait \u00e0 cette robe unique, \u00e0 la fois douce et moderne.\" \/>\n<meta property=\"og:url\" content=\"https:\/\/www.koonings.com\/fr\/product\/enzoani-portrait-bernadine\/\" \/>\n<meta property=\"og:site_name\" content=\"Koonings\" \/>\n<meta property=\"article:publisher\" content=\"https:\/\/www.facebook.com\/kooningstheweddingpalace\" \/>\n<meta property=\"og:image\" content=\"https:\/\/www.koonings.com\/wp-content\/uploads\/2024\/11\/49097_94ebab5aa2e039aadca1dad1649e924ada48fdfd34f5dc0691a1778dd34fd304da134f94.jpeg\" \/>\n\t<meta property=\"og:image:width\" content=\"1064\" \/>\n\t<meta property=\"og:image:height\" content=\"1418\" \/>\n\t<meta property=\"og:image:type\" content=\"image\/jpeg\" \/>\n<meta name=\"twitter:card\" content=\"summary_large_image\" \/>\n<script type=\"application\/ld+json\" class=\"yoast-schema-graph\">{\"@context\":\"https:\\\/\\\/schema.org\",\"@graph\":[{\"@type\":\"WebPage\",\"@id\":\"https:\\\/\\\/www.koonings.com\\\/fr\\\/product\\\/enzoani-portrait-bernadine\\\/\",\"url\":\"https:\\\/\\\/www.koonings.com\\\/fr\\\/product\\\/enzoani-portrait-bernadine\\\/\",\"name\":\"Enzoani Portrait Bernadine | Koonings\",\"isPartOf\":{\"@id\":\"https:\\\/\\\/www.koonings.com\\\/fr\\\/#website\"},\"primaryImageOfPage\":{\"@id\":\"https:\\\/\\\/www.koonings.com\\\/fr\\\/product\\\/enzoani-portrait-bernadine\\\/#primaryimage\"},\"image\":{\"@id\":\"https:\\\/\\\/www.koonings.com\\\/fr\\\/product\\\/enzoani-portrait-bernadine\\\/#primaryimage\"},\"thumbnailUrl\":\"https:\\\/\\\/www.koonings.com\\\/wp-content\\\/uploads\\\/2024\\\/11\\\/49097_94ebab5aa2e039aadca1dad1649e924ada48fdfd34f5dc0691a1778dd34fd304da134f94.jpeg\",\"datePublished\":\"2026-05-06T13:28:27+00:00\",\"description\":\"BEernadine respire le romantisme sans effort. Le doux d\u00e9collet\u00e9 en c\u0153ur est \u00e9l\u00e9gamment \u00e9quilibr\u00e9 par des manches de r\u00eave en tulle d\u00e9collet\u00e9, un corsage sexy \u00e0 illusion avec un drap\u00e9 de dentelle brod\u00e9e expos\u00e9e et subtilement dispers\u00e9e sur une jupe \u00e9th\u00e9r\u00e9e en tulle paillet\u00e9. Le drap\u00e9 de tulle ajoute encore plus d'attrait \u00e0 cette robe unique, \u00e0 la fois douce et moderne.\",\"breadcrumb\":{\"@id\":\"https:\\\/\\\/www.koonings.com\\\/fr\\\/product\\\/enzoani-portrait-bernadine\\\/#breadcrumb\"},\"inLanguage\":\"fr-FR\",\"potentialAction\":[{\"@type\":\"ReadAction\",\"target\":[\"https:\\\/\\\/www.koonings.com\\\/fr\\\/product\\\/enzoani-portrait-bernadine\\\/\"]}]},{\"@type\":\"ImageObject\",\"inLanguage\":\"fr-FR\",\"@id\":\"https:\\\/\\\/www.koonings.com\\\/fr\\\/product\\\/enzoani-portrait-bernadine\\\/#primaryimage\",\"url\":\"https:\\\/\\\/www.koonings.com\\\/wp-content\\\/uploads\\\/2024\\\/11\\\/49097_94ebab5aa2e039aadca1dad1649e924ada48fdfd34f5dc0691a1778dd34fd304da134f94.jpeg\",\"contentUrl\":\"https:\\\/\\\/www.koonings.com\\\/wp-content\\\/uploads\\\/2024\\\/11\\\/49097_94ebab5aa2e039aadca1dad1649e924ada48fdfd34f5dc0691a1778dd34fd304da134f94.jpeg\",\"width\":1064,\"height\":1418},{\"@type\":\"BreadcrumbList\",\"@id\":\"https:\\\/\\\/www.koonings.com\\\/fr\\\/product\\\/enzoani-portrait-bernadine\\\/#breadcrumb\",\"itemListElement\":[{\"@type\":\"ListItem\",\"position\":1,\"name\":\"Home\",\"item\":\"https:\\\/\\\/www.koonings.com\\\/fr\\\/\"},{\"@type\":\"ListItem\",\"position\":2,\"name\":\"Enzoani Portrait Bernadine\"}]},{\"@type\":\"WebSite\",\"@id\":\"https:\\\/\\\/www.koonings.com\\\/fr\\\/#website\",\"url\":\"https:\\\/\\\/www.koonings.com\\\/fr\\\/\",\"name\":\"Koonings\",\"description\":\"De grootste bruidsmodewinkel ter wereld\",\"publisher\":{\"@id\":\"https:\\\/\\\/www.koonings.com\\\/fr\\\/#organization\"},\"potentialAction\":[{\"@type\":\"SearchAction\",\"target\":{\"@type\":\"EntryPoint\",\"urlTemplate\":\"https:\\\/\\\/www.koonings.com\\\/fr\\\/?s={search_term_string}\"},\"query-input\":{\"@type\":\"PropertyValueSpecification\",\"valueRequired\":true,\"valueName\":\"search_term_string\"}}],\"inLanguage\":\"fr-FR\"},{\"@type\":\"Organization\",\"@id\":\"https:\\\/\\\/www.koonings.com\\\/fr\\\/#organization\",\"name\":\"Koonings\",\"url\":\"https:\\\/\\\/www.koonings.com\\\/fr\\\/\",\"logo\":{\"@type\":\"ImageObject\",\"inLanguage\":\"fr-FR\",\"@id\":\"https:\\\/\\\/www.koonings.com\\\/fr\\\/#\\\/schema\\\/logo\\\/image\\\/\",\"url\":\"https:\\\/\\\/www.koonings.com\\\/wp-content\\\/uploads\\\/2024\\\/07\\\/logo.png\",\"contentUrl\":\"https:\\\/\\\/www.koonings.com\\\/wp-content\\\/uploads\\\/2024\\\/07\\\/logo.png\",\"width\":600,\"height\":428,\"caption\":\"Koonings\"},\"image\":{\"@id\":\"https:\\\/\\\/www.koonings.com\\\/fr\\\/#\\\/schema\\\/logo\\\/image\\\/\"},\"sameAs\":[\"https:\\\/\\\/www.facebook.com\\\/kooningstheweddingpalace\",\"https:\\\/\\\/www.instagram.com\\\/kooningstheweddingpalace\",\"https:\\\/\\\/www.pinterest.com\\\/koonings\",\"https:\\\/\\\/www.youtube.com\\\/kooningstheweddingpalace\"]}]}<\/script>\n<!-- \/ Yoast SEO plugin. -->","yoast_head_json":{"title":"Enzoani Portrait Bernadine | Koonings","description":"BEernadine respire le romantisme sans effort. Le doux d\u00e9collet\u00e9 en c\u0153ur est \u00e9l\u00e9gamment \u00e9quilibr\u00e9 par des manches de r\u00eave en tulle d\u00e9collet\u00e9, un corsage sexy \u00e0 illusion avec un drap\u00e9 de dentelle brod\u00e9e expos\u00e9e et subtilement dispers\u00e9e sur une jupe \u00e9th\u00e9r\u00e9e en tulle paillet\u00e9. Le drap\u00e9 de tulle ajoute encore plus d'attrait \u00e0 cette robe unique, \u00e0 la fois douce et moderne.","robots":{"index":"index","follow":"follow","max-snippet":"max-snippet:-1","max-image-preview":"max-image-preview:large","max-video-preview":"max-video-preview:-1"},"canonical":"https:\/\/www.koonings.com\/fr\/product\/enzoani-portrait-bernadine\/","og_locale":"fr_FR","og_type":"article","og_title":"Enzoani Portrait Bernadine | Koonings","og_description":"BEernadine respire le romantisme sans effort. Le doux d\u00e9collet\u00e9 en c\u0153ur est \u00e9l\u00e9gamment \u00e9quilibr\u00e9 par des manches de r\u00eave en tulle d\u00e9collet\u00e9, un corsage sexy \u00e0 illusion avec un drap\u00e9 de dentelle brod\u00e9e expos\u00e9e et subtilement dispers\u00e9e sur une jupe \u00e9th\u00e9r\u00e9e en tulle paillet\u00e9. Le drap\u00e9 de tulle ajoute encore plus d'attrait \u00e0 cette robe unique, \u00e0 la fois douce et moderne.","og_url":"https:\/\/www.koonings.com\/fr\/product\/enzoani-portrait-bernadine\/","og_site_name":"Koonings","article_publisher":"https:\/\/www.facebook.com\/kooningstheweddingpalace","og_image":[{"width":1064,"height":1418,"url":"https:\/\/www.koonings.com\/wp-content\/uploads\/2024\/11\/49097_94ebab5aa2e039aadca1dad1649e924ada48fdfd34f5dc0691a1778dd34fd304da134f94.jpeg","type":"image\/jpeg"}],"twitter_card":"summary_large_image","schema":{"@context":"https:\/\/schema.org","@graph":[{"@type":"WebPage","@id":"https:\/\/www.koonings.com\/fr\/product\/enzoani-portrait-bernadine\/","url":"https:\/\/www.koonings.com\/fr\/product\/enzoani-portrait-bernadine\/","name":"Enzoani Portrait Bernadine | Koonings","isPartOf":{"@id":"https:\/\/www.koonings.com\/fr\/#website"},"primaryImageOfPage":{"@id":"https:\/\/www.koonings.com\/fr\/product\/enzoani-portrait-bernadine\/#primaryimage"},"image":{"@id":"https:\/\/www.koonings.com\/fr\/product\/enzoani-portrait-bernadine\/#primaryimage"},"thumbnailUrl":"https:\/\/www.koonings.com\/wp-content\/uploads\/2024\/11\/49097_94ebab5aa2e039aadca1dad1649e924ada48fdfd34f5dc0691a1778dd34fd304da134f94.jpeg","datePublished":"2026-05-06T13:28:27+00:00","description":"BEernadine respire le romantisme sans effort. Le doux d\u00e9collet\u00e9 en c\u0153ur est \u00e9l\u00e9gamment \u00e9quilibr\u00e9 par des manches de r\u00eave en tulle d\u00e9collet\u00e9, un corsage sexy \u00e0 illusion avec un drap\u00e9 de dentelle brod\u00e9e expos\u00e9e et subtilement dispers\u00e9e sur une jupe \u00e9th\u00e9r\u00e9e en tulle paillet\u00e9. Le drap\u00e9 de tulle ajoute encore plus d'attrait \u00e0 cette robe unique, \u00e0 la fois douce et moderne.","breadcrumb":{"@id":"https:\/\/www.koonings.com\/fr\/product\/enzoani-portrait-bernadine\/#breadcrumb"},"inLanguage":"fr-FR","potentialAction":[{"@type":"ReadAction","target":["https:\/\/www.koonings.com\/fr\/product\/enzoani-portrait-bernadine\/"]}]},{"@type":"ImageObject","inLanguage":"fr-FR","@id":"https:\/\/www.koonings.com\/fr\/product\/enzoani-portrait-bernadine\/#primaryimage","url":"https:\/\/www.koonings.com\/wp-content\/uploads\/2024\/11\/49097_94ebab5aa2e039aadca1dad1649e924ada48fdfd34f5dc0691a1778dd34fd304da134f94.jpeg","contentUrl":"https:\/\/www.koonings.com\/wp-content\/uploads\/2024\/11\/49097_94ebab5aa2e039aadca1dad1649e924ada48fdfd34f5dc0691a1778dd34fd304da134f94.jpeg","width":1064,"height":1418},{"@type":"BreadcrumbList","@id":"https:\/\/www.koonings.com\/fr\/product\/enzoani-portrait-bernadine\/#breadcrumb","itemListElement":[{"@type":"ListItem","position":1,"name":"Home","item":"https:\/\/www.koonings.com\/fr\/"},{"@type":"ListItem","position":2,"name":"Enzoani Portrait Bernadine"}]},{"@type":"WebSite","@id":"https:\/\/www.koonings.com\/fr\/#website","url":"https:\/\/www.koonings.com\/fr\/","name":"Koonings","description":"De grootste bruidsmodewinkel ter wereld","publisher":{"@id":"https:\/\/www.koonings.com\/fr\/#organization"},"potentialAction":[{"@type":"SearchAction","target":{"@type":"EntryPoint","urlTemplate":"https:\/\/www.koonings.com\/fr\/?s={search_term_string}"},"query-input":{"@type":"PropertyValueSpecification","valueRequired":true,"valueName":"search_term_string"}}],"inLanguage":"fr-FR"},{"@type":"Organization","@id":"https:\/\/www.koonings.com\/fr\/#organization","name":"Koonings","url":"https:\/\/www.koonings.com\/fr\/","logo":{"@type":"ImageObject","inLanguage":"fr-FR","@id":"https:\/\/www.koonings.com\/fr\/#\/schema\/logo\/image\/","url":"https:\/\/www.koonings.com\/wp-content\/uploads\/2024\/07\/logo.png","contentUrl":"https:\/\/www.koonings.com\/wp-content\/uploads\/2024\/07\/logo.png","width":600,"height":428,"caption":"Koonings"},"image":{"@id":"https:\/\/www.koonings.com\/fr\/#\/schema\/logo\/image\/"},"sameAs":["https:\/\/www.facebook.com\/kooningstheweddingpalace","https:\/\/www.instagram.com\/kooningstheweddingpalace","https:\/\/www.pinterest.com\/koonings","https:\/\/www.youtube.com\/kooningstheweddingpalace"]}]}},"_links":{"self":[{"href":"https:\/\/www.koonings.com\/fr\/wp-json\/wp\/v2\/product\/59968","targetHints":{"allow":["GET"]}}],"collection":[{"href":"https:\/\/www.koonings.com\/fr\/wp-json\/wp\/v2\/product"}],"about":[{"href":"https:\/\/www.koonings.com\/fr\/wp-json\/wp\/v2\/types\/product"}],"wp:featuredmedia":[{"embeddable":true,"href":"https:\/\/www.koonings.com\/fr\/wp-json\/wp\/v2\/media\/67964"}],"wp:attachment":[{"href":"https:\/\/www.koonings.com\/fr\/wp-json\/wp\/v2\/media?parent=59968"}],"wp:term":[{"taxonomy":"productdetails","embeddable":true,"href":"https:\/\/www.koonings.com\/fr\/wp-json\/wp\/v2\/productdetails?post=59968"},{"taxonomy":"productneck","embeddable":true,"href":"https:\/\/www.koonings.com\/fr\/wp-json\/wp\/v2\/productneck?post=59968"},{"taxonomy":"productcolor","embeddable":true,"href":"https:\/\/www.koonings.com\/fr\/wp-json\/wp\/v2\/productcolor?post=59968"},{"taxonomy":"maat","embeddable":true,"href":"https:\/\/www.koonings.com\/fr\/wp-json\/wp\/v2\/maat?post=59968"},{"taxonomy":"productsupplier","embeddable":true,"href":"https:\/\/www.koonings.com\/fr\/wp-json\/wp\/v2\/productsupplier?post=59968"},{"taxonomy":"productsleeve","embeddable":true,"href":"https:\/\/www.koonings.com\/fr\/wp-json\/wp\/v2\/productsleeve?post=59968"},{"taxonomy":"productcategory","embeddable":true,"href":"https:\/\/www.koonings.com\/fr\/wp-json\/wp\/v2\/productcategory?post=59968"},{"taxonomy":"productsilhouette","embeddable":true,"href":"https:\/\/www.koonings.com\/fr\/wp-json\/wp\/v2\/productsilhouette?post=59968"},{"taxonomy":"productstyle","embeddable":true,"href":"https:\/\/www.koonings.com\/fr\/wp-json\/wp\/v2\/productstyle?post=59968"}],"curies":[{"name":"wp","href":"https:\/\/api.w.org\/{rel}","templated":true}]}}