{"id":59962,"date":"2025-12-15T00:46:03","date_gmt":"2025-12-14T23:46:03","guid":{"rendered":"https:\/\/www.koonings.com\/product\/enzoani-blue-collection-olani\/"},"modified":"2026-02-03T19:14:47","modified_gmt":"2026-02-03T18:14:47","slug":"enzoani-blue-collection-olani","status":"publish","type":"product","link":"https:\/\/www.koonings.com\/fr\/product\/enzoani-blue-collection-olani\/","title":{"rendered":"Enzoani Collection bleue Olani"},"content":{"rendered":"<p>Le dos et le d\u00e9collet\u00e9 en V en dentelle illusion, d\u00e9licats et sexy, sont orn\u00e9s de dentelle florale magnifiquement brod\u00e9e qui s&#8217;infiltre dans la jupe en organza, en tulle paillet\u00e9 et en tulle de r\u00eave. La robe brille et scintille \u00e0 chaque tournant, cr\u00e9ant un effet des plus paradisiaques. Les appliqu\u00e9s romantiques en dentelle florale qui se glissent dans la jupe \u00e9th\u00e9r\u00e9e de la ligne A ajoutent encore plus de beaut\u00e9 ludique aux mari\u00e9es qui marchent dans l&#8217;all\u00e9e.  <\/p>\n","protected":false},"featured_media":55197,"template":"","meta":{"_acf_changed":false,"ghostkit_customizer_options":"","ghostkit_custom_css":"","ghostkit_custom_js_head":"","ghostkit_custom_js_foot":"","ghostkit_typography":""},"productdetails":[377,376,381],"productneck":[351,356],"productcolor":[393,392],"maat":[],"productsupplier":[405],"productsleeve":[359],"productcategory":[18],"productsilhouette":[384],"productstyle":[366,370],"class_list":["post-59962","product","type-product","status-publish","has-post-thumbnail","hentry","productdetails-377","productdetails-376","productdetails-381","productneck-351","productneck-356","productcolor-393","productcolor-392","productsupplier-enzoani-blue-collection","productsleeve-359","productcategory-trouwjurken","productsilhouette-384","productstyle-366","productstyle-370"],"acf":[],"yoast_head":"<!-- This site is optimized with the Yoast SEO plugin v27.3 - https:\/\/yoast.com\/product\/yoast-seo-wordpress\/ -->\n<title>Enzoani Collection bleue Olani | Koonings<\/title>\n<meta name=\"description\" content=\"Le dos et le d\u00e9collet\u00e9 en V en dentelle illusion, d\u00e9licats et sexy, sont orn\u00e9s de dentelle florale magnifiquement brod\u00e9e qui s&#039;infiltre dans la jupe en organza, en tulle paillet\u00e9 et en tulle de r\u00eave. La robe brille et scintille \u00e0 chaque tournant, cr\u00e9ant un effet des plus paradisiaques. Les appliqu\u00e9s romantiques en dentelle florale qui se glissent dans la jupe \u00e9th\u00e9r\u00e9e de la ligne A ajoutent encore plus de beaut\u00e9 ludique aux mari\u00e9es qui marchent dans l&#039;all\u00e9e.\" \/>\n<meta name=\"robots\" content=\"index, follow, max-snippet:-1, max-image-preview:large, max-video-preview:-1\" \/>\n<link rel=\"canonical\" href=\"https:\/\/www.koonings.com\/fr\/product\/enzoani-blue-collection-olani\/\" \/>\n<meta property=\"og:locale\" content=\"fr_FR\" \/>\n<meta property=\"og:type\" content=\"article\" \/>\n<meta property=\"og:title\" content=\"Enzoani Collection bleue Olani | Koonings\" \/>\n<meta property=\"og:description\" content=\"Le dos et le d\u00e9collet\u00e9 en V en dentelle illusion, d\u00e9licats et sexy, sont orn\u00e9s de dentelle florale magnifiquement brod\u00e9e qui s&#039;infiltre dans la jupe en organza, en tulle paillet\u00e9 et en tulle de r\u00eave. La robe brille et scintille \u00e0 chaque tournant, cr\u00e9ant un effet des plus paradisiaques. Les appliqu\u00e9s romantiques en dentelle florale qui se glissent dans la jupe \u00e9th\u00e9r\u00e9e de la ligne A ajoutent encore plus de beaut\u00e9 ludique aux mari\u00e9es qui marchent dans l&#039;all\u00e9e.\" \/>\n<meta property=\"og:url\" content=\"https:\/\/www.koonings.com\/fr\/product\/enzoani-blue-collection-olani\/\" \/>\n<meta property=\"og:site_name\" content=\"Koonings\" \/>\n<meta property=\"article:publisher\" content=\"https:\/\/www.facebook.com\/kooningstheweddingpalace\" \/>\n<meta property=\"article:modified_time\" content=\"2026-02-03T18:14:47+00:00\" \/>\n<meta property=\"og:image\" content=\"https:\/\/www.koonings.com\/wp-content\/uploads\/2024\/11\/49098_cfbbb0c29c43d001588b907d9b6eada54190ebcb614a208640d32ba8198565d7545f3a22.jpeg\" \/>\n\t<meta property=\"og:image:width\" content=\"1035\" \/>\n\t<meta property=\"og:image:height\" content=\"1380\" \/>\n\t<meta property=\"og:image:type\" content=\"image\/jpeg\" \/>\n<meta name=\"twitter:card\" content=\"summary_large_image\" \/>\n<script type=\"application\/ld+json\" class=\"yoast-schema-graph\">{\"@context\":\"https:\\\/\\\/schema.org\",\"@graph\":[{\"@type\":\"WebPage\",\"@id\":\"https:\\\/\\\/www.koonings.com\\\/fr\\\/product\\\/enzoani-blue-collection-olani\\\/\",\"url\":\"https:\\\/\\\/www.koonings.com\\\/fr\\\/product\\\/enzoani-blue-collection-olani\\\/\",\"name\":\"Enzoani Collection bleue Olani | Koonings\",\"isPartOf\":{\"@id\":\"https:\\\/\\\/www.koonings.com\\\/fr\\\/#website\"},\"primaryImageOfPage\":{\"@id\":\"https:\\\/\\\/www.koonings.com\\\/fr\\\/product\\\/enzoani-blue-collection-olani\\\/#primaryimage\"},\"image\":{\"@id\":\"https:\\\/\\\/www.koonings.com\\\/fr\\\/product\\\/enzoani-blue-collection-olani\\\/#primaryimage\"},\"thumbnailUrl\":\"https:\\\/\\\/www.koonings.com\\\/wp-content\\\/uploads\\\/2024\\\/11\\\/49098_cfbbb0c29c43d001588b907d9b6eada54190ebcb614a208640d32ba8198565d7545f3a22.jpeg\",\"datePublished\":\"2025-12-14T23:46:03+00:00\",\"dateModified\":\"2026-02-03T18:14:47+00:00\",\"description\":\"Le dos et le d\u00e9collet\u00e9 en V en dentelle illusion, d\u00e9licats et sexy, sont orn\u00e9s de dentelle florale magnifiquement brod\u00e9e qui s'infiltre dans la jupe en organza, en tulle paillet\u00e9 et en tulle de r\u00eave. La robe brille et scintille \u00e0 chaque tournant, cr\u00e9ant un effet des plus paradisiaques. Les appliqu\u00e9s romantiques en dentelle florale qui se glissent dans la jupe \u00e9th\u00e9r\u00e9e de la ligne A ajoutent encore plus de beaut\u00e9 ludique aux mari\u00e9es qui marchent dans l'all\u00e9e.\",\"breadcrumb\":{\"@id\":\"https:\\\/\\\/www.koonings.com\\\/fr\\\/product\\\/enzoani-blue-collection-olani\\\/#breadcrumb\"},\"inLanguage\":\"fr-FR\",\"potentialAction\":[{\"@type\":\"ReadAction\",\"target\":[\"https:\\\/\\\/www.koonings.com\\\/fr\\\/product\\\/enzoani-blue-collection-olani\\\/\"]}]},{\"@type\":\"ImageObject\",\"inLanguage\":\"fr-FR\",\"@id\":\"https:\\\/\\\/www.koonings.com\\\/fr\\\/product\\\/enzoani-blue-collection-olani\\\/#primaryimage\",\"url\":\"https:\\\/\\\/www.koonings.com\\\/wp-content\\\/uploads\\\/2024\\\/11\\\/49098_cfbbb0c29c43d001588b907d9b6eada54190ebcb614a208640d32ba8198565d7545f3a22.jpeg\",\"contentUrl\":\"https:\\\/\\\/www.koonings.com\\\/wp-content\\\/uploads\\\/2024\\\/11\\\/49098_cfbbb0c29c43d001588b907d9b6eada54190ebcb614a208640d32ba8198565d7545f3a22.jpeg\",\"width\":1035,\"height\":1380},{\"@type\":\"BreadcrumbList\",\"@id\":\"https:\\\/\\\/www.koonings.com\\\/fr\\\/product\\\/enzoani-blue-collection-olani\\\/#breadcrumb\",\"itemListElement\":[{\"@type\":\"ListItem\",\"position\":1,\"name\":\"Home\",\"item\":\"https:\\\/\\\/www.koonings.com\\\/fr\\\/\"},{\"@type\":\"ListItem\",\"position\":2,\"name\":\"Enzoani Collection bleue Olani\"}]},{\"@type\":\"WebSite\",\"@id\":\"https:\\\/\\\/www.koonings.com\\\/fr\\\/#website\",\"url\":\"https:\\\/\\\/www.koonings.com\\\/fr\\\/\",\"name\":\"Koonings\",\"description\":\"De grootste bruidsmodewinkel ter wereld\",\"publisher\":{\"@id\":\"https:\\\/\\\/www.koonings.com\\\/fr\\\/#organization\"},\"potentialAction\":[{\"@type\":\"SearchAction\",\"target\":{\"@type\":\"EntryPoint\",\"urlTemplate\":\"https:\\\/\\\/www.koonings.com\\\/fr\\\/?s={search_term_string}\"},\"query-input\":{\"@type\":\"PropertyValueSpecification\",\"valueRequired\":true,\"valueName\":\"search_term_string\"}}],\"inLanguage\":\"fr-FR\"},{\"@type\":\"Organization\",\"@id\":\"https:\\\/\\\/www.koonings.com\\\/fr\\\/#organization\",\"name\":\"Koonings\",\"url\":\"https:\\\/\\\/www.koonings.com\\\/fr\\\/\",\"logo\":{\"@type\":\"ImageObject\",\"inLanguage\":\"fr-FR\",\"@id\":\"https:\\\/\\\/www.koonings.com\\\/fr\\\/#\\\/schema\\\/logo\\\/image\\\/\",\"url\":\"https:\\\/\\\/www.koonings.com\\\/wp-content\\\/uploads\\\/2024\\\/07\\\/logo.png\",\"contentUrl\":\"https:\\\/\\\/www.koonings.com\\\/wp-content\\\/uploads\\\/2024\\\/07\\\/logo.png\",\"width\":600,\"height\":428,\"caption\":\"Koonings\"},\"image\":{\"@id\":\"https:\\\/\\\/www.koonings.com\\\/fr\\\/#\\\/schema\\\/logo\\\/image\\\/\"},\"sameAs\":[\"https:\\\/\\\/www.facebook.com\\\/kooningstheweddingpalace\",\"https:\\\/\\\/www.instagram.com\\\/kooningstheweddingpalace\",\"https:\\\/\\\/www.pinterest.com\\\/koonings\",\"https:\\\/\\\/www.youtube.com\\\/kooningstheweddingpalace\"]}]}<\/script>\n<!-- \/ Yoast SEO plugin. -->","yoast_head_json":{"title":"Enzoani Collection bleue Olani | Koonings","description":"Le dos et le d\u00e9collet\u00e9 en V en dentelle illusion, d\u00e9licats et sexy, sont orn\u00e9s de dentelle florale magnifiquement brod\u00e9e qui s'infiltre dans la jupe en organza, en tulle paillet\u00e9 et en tulle de r\u00eave. La robe brille et scintille \u00e0 chaque tournant, cr\u00e9ant un effet des plus paradisiaques. Les appliqu\u00e9s romantiques en dentelle florale qui se glissent dans la jupe \u00e9th\u00e9r\u00e9e de la ligne A ajoutent encore plus de beaut\u00e9 ludique aux mari\u00e9es qui marchent dans l'all\u00e9e.","robots":{"index":"index","follow":"follow","max-snippet":"max-snippet:-1","max-image-preview":"max-image-preview:large","max-video-preview":"max-video-preview:-1"},"canonical":"https:\/\/www.koonings.com\/fr\/product\/enzoani-blue-collection-olani\/","og_locale":"fr_FR","og_type":"article","og_title":"Enzoani Collection bleue Olani | Koonings","og_description":"Le dos et le d\u00e9collet\u00e9 en V en dentelle illusion, d\u00e9licats et sexy, sont orn\u00e9s de dentelle florale magnifiquement brod\u00e9e qui s'infiltre dans la jupe en organza, en tulle paillet\u00e9 et en tulle de r\u00eave. La robe brille et scintille \u00e0 chaque tournant, cr\u00e9ant un effet des plus paradisiaques. Les appliqu\u00e9s romantiques en dentelle florale qui se glissent dans la jupe \u00e9th\u00e9r\u00e9e de la ligne A ajoutent encore plus de beaut\u00e9 ludique aux mari\u00e9es qui marchent dans l'all\u00e9e.","og_url":"https:\/\/www.koonings.com\/fr\/product\/enzoani-blue-collection-olani\/","og_site_name":"Koonings","article_publisher":"https:\/\/www.facebook.com\/kooningstheweddingpalace","article_modified_time":"2026-02-03T18:14:47+00:00","og_image":[{"width":1035,"height":1380,"url":"https:\/\/www.koonings.com\/wp-content\/uploads\/2024\/11\/49098_cfbbb0c29c43d001588b907d9b6eada54190ebcb614a208640d32ba8198565d7545f3a22.jpeg","type":"image\/jpeg"}],"twitter_card":"summary_large_image","schema":{"@context":"https:\/\/schema.org","@graph":[{"@type":"WebPage","@id":"https:\/\/www.koonings.com\/fr\/product\/enzoani-blue-collection-olani\/","url":"https:\/\/www.koonings.com\/fr\/product\/enzoani-blue-collection-olani\/","name":"Enzoani Collection bleue Olani | Koonings","isPartOf":{"@id":"https:\/\/www.koonings.com\/fr\/#website"},"primaryImageOfPage":{"@id":"https:\/\/www.koonings.com\/fr\/product\/enzoani-blue-collection-olani\/#primaryimage"},"image":{"@id":"https:\/\/www.koonings.com\/fr\/product\/enzoani-blue-collection-olani\/#primaryimage"},"thumbnailUrl":"https:\/\/www.koonings.com\/wp-content\/uploads\/2024\/11\/49098_cfbbb0c29c43d001588b907d9b6eada54190ebcb614a208640d32ba8198565d7545f3a22.jpeg","datePublished":"2025-12-14T23:46:03+00:00","dateModified":"2026-02-03T18:14:47+00:00","description":"Le dos et le d\u00e9collet\u00e9 en V en dentelle illusion, d\u00e9licats et sexy, sont orn\u00e9s de dentelle florale magnifiquement brod\u00e9e qui s'infiltre dans la jupe en organza, en tulle paillet\u00e9 et en tulle de r\u00eave. La robe brille et scintille \u00e0 chaque tournant, cr\u00e9ant un effet des plus paradisiaques. Les appliqu\u00e9s romantiques en dentelle florale qui se glissent dans la jupe \u00e9th\u00e9r\u00e9e de la ligne A ajoutent encore plus de beaut\u00e9 ludique aux mari\u00e9es qui marchent dans l'all\u00e9e.","breadcrumb":{"@id":"https:\/\/www.koonings.com\/fr\/product\/enzoani-blue-collection-olani\/#breadcrumb"},"inLanguage":"fr-FR","potentialAction":[{"@type":"ReadAction","target":["https:\/\/www.koonings.com\/fr\/product\/enzoani-blue-collection-olani\/"]}]},{"@type":"ImageObject","inLanguage":"fr-FR","@id":"https:\/\/www.koonings.com\/fr\/product\/enzoani-blue-collection-olani\/#primaryimage","url":"https:\/\/www.koonings.com\/wp-content\/uploads\/2024\/11\/49098_cfbbb0c29c43d001588b907d9b6eada54190ebcb614a208640d32ba8198565d7545f3a22.jpeg","contentUrl":"https:\/\/www.koonings.com\/wp-content\/uploads\/2024\/11\/49098_cfbbb0c29c43d001588b907d9b6eada54190ebcb614a208640d32ba8198565d7545f3a22.jpeg","width":1035,"height":1380},{"@type":"BreadcrumbList","@id":"https:\/\/www.koonings.com\/fr\/product\/enzoani-blue-collection-olani\/#breadcrumb","itemListElement":[{"@type":"ListItem","position":1,"name":"Home","item":"https:\/\/www.koonings.com\/fr\/"},{"@type":"ListItem","position":2,"name":"Enzoani Collection bleue Olani"}]},{"@type":"WebSite","@id":"https:\/\/www.koonings.com\/fr\/#website","url":"https:\/\/www.koonings.com\/fr\/","name":"Koonings","description":"De grootste bruidsmodewinkel ter wereld","publisher":{"@id":"https:\/\/www.koonings.com\/fr\/#organization"},"potentialAction":[{"@type":"SearchAction","target":{"@type":"EntryPoint","urlTemplate":"https:\/\/www.koonings.com\/fr\/?s={search_term_string}"},"query-input":{"@type":"PropertyValueSpecification","valueRequired":true,"valueName":"search_term_string"}}],"inLanguage":"fr-FR"},{"@type":"Organization","@id":"https:\/\/www.koonings.com\/fr\/#organization","name":"Koonings","url":"https:\/\/www.koonings.com\/fr\/","logo":{"@type":"ImageObject","inLanguage":"fr-FR","@id":"https:\/\/www.koonings.com\/fr\/#\/schema\/logo\/image\/","url":"https:\/\/www.koonings.com\/wp-content\/uploads\/2024\/07\/logo.png","contentUrl":"https:\/\/www.koonings.com\/wp-content\/uploads\/2024\/07\/logo.png","width":600,"height":428,"caption":"Koonings"},"image":{"@id":"https:\/\/www.koonings.com\/fr\/#\/schema\/logo\/image\/"},"sameAs":["https:\/\/www.facebook.com\/kooningstheweddingpalace","https:\/\/www.instagram.com\/kooningstheweddingpalace","https:\/\/www.pinterest.com\/koonings","https:\/\/www.youtube.com\/kooningstheweddingpalace"]}]}},"_links":{"self":[{"href":"https:\/\/www.koonings.com\/fr\/wp-json\/wp\/v2\/product\/59962","targetHints":{"allow":["GET"]}}],"collection":[{"href":"https:\/\/www.koonings.com\/fr\/wp-json\/wp\/v2\/product"}],"about":[{"href":"https:\/\/www.koonings.com\/fr\/wp-json\/wp\/v2\/types\/product"}],"wp:featuredmedia":[{"embeddable":true,"href":"https:\/\/www.koonings.com\/fr\/wp-json\/wp\/v2\/media\/55197"}],"wp:attachment":[{"href":"https:\/\/www.koonings.com\/fr\/wp-json\/wp\/v2\/media?parent=59962"}],"wp:term":[{"taxonomy":"productdetails","embeddable":true,"href":"https:\/\/www.koonings.com\/fr\/wp-json\/wp\/v2\/productdetails?post=59962"},{"taxonomy":"productneck","embeddable":true,"href":"https:\/\/www.koonings.com\/fr\/wp-json\/wp\/v2\/productneck?post=59962"},{"taxonomy":"productcolor","embeddable":true,"href":"https:\/\/www.koonings.com\/fr\/wp-json\/wp\/v2\/productcolor?post=59962"},{"taxonomy":"maat","embeddable":true,"href":"https:\/\/www.koonings.com\/fr\/wp-json\/wp\/v2\/maat?post=59962"},{"taxonomy":"productsupplier","embeddable":true,"href":"https:\/\/www.koonings.com\/fr\/wp-json\/wp\/v2\/productsupplier?post=59962"},{"taxonomy":"productsleeve","embeddable":true,"href":"https:\/\/www.koonings.com\/fr\/wp-json\/wp\/v2\/productsleeve?post=59962"},{"taxonomy":"productcategory","embeddable":true,"href":"https:\/\/www.koonings.com\/fr\/wp-json\/wp\/v2\/productcategory?post=59962"},{"taxonomy":"productsilhouette","embeddable":true,"href":"https:\/\/www.koonings.com\/fr\/wp-json\/wp\/v2\/productsilhouette?post=59962"},{"taxonomy":"productstyle","embeddable":true,"href":"https:\/\/www.koonings.com\/fr\/wp-json\/wp\/v2\/productstyle?post=59962"}],"curies":[{"name":"wp","href":"https:\/\/api.w.org\/{rel}","templated":true}]}}