{"id":59948,"date":"2026-04-28T18:28:16","date_gmt":"2026-04-28T16:28:16","guid":{"rendered":"https:\/\/www.koonings.com\/product\/enzoani-portrait-alara\/"},"modified":"2025-06-05T13:20:00","modified_gmt":"2025-06-05T11:20:00","slug":"enzoani-portrait-alara","status":"publish","type":"product","link":"https:\/\/www.koonings.com\/fr\/product\/enzoani-portrait-alara\/","title":{"rendered":"Enzoani Portrait Alara"},"content":{"rendered":"<p>Une couche d&#8217;appliques en dentelle complexe flotte sur la dentelle de Chantilly et s&#8217;\u00e9coule sans effort vers une tra\u00eene translucide. Un d\u00e9collet\u00e9 profond avec des bretelles spaghetti, un corsage corset\u00e9 et des d\u00e9tails dans le dos compl\u00e8tent le look. Alara est une robe sir\u00e8ne classique avec une l\u00e9g\u00e8re touche de vintage. La silhouette ajust\u00e9e et \u00e9vas\u00e9e est compl\u00e9t\u00e9e par une quantit\u00e9 parfaite d&#8217;appliques \u00e0 l&#8217;ourlet.   <\/p>\n","protected":false},"featured_media":55307,"template":"","meta":{"_acf_changed":false,"ghostkit_customizer_options":"","ghostkit_custom_css":"","ghostkit_custom_js_head":"","ghostkit_custom_js_foot":"","ghostkit_typography":""},"productdetails":[376,381],"productneck":[356],"productcolor":[393,392],"maat":[375],"productsupplier":[460],"productsleeve":[359],"productcategory":[18],"productsilhouette":[387],"productstyle":[369],"class_list":["post-59948","product","type-product","status-publish","has-post-thumbnail","hentry","productdetails-376","productdetails-381","productneck-356","productcolor-393","productcolor-392","maat-375","productsupplier-enzoani-portrait","productsleeve-359","productcategory-trouwjurken","productsilhouette-387","productstyle-369"],"acf":[],"yoast_head":"<!-- This site is optimized with the Yoast SEO plugin v27.3 - https:\/\/yoast.com\/product\/yoast-seo-wordpress\/ -->\n<title>Enzoani Portrait Alara | Koonings<\/title>\n<meta name=\"description\" content=\"Une couche d&#039;appliques en dentelle complexe flotte sur la dentelle de Chantilly et s&#039;\u00e9coule sans effort vers une tra\u00eene translucide. Un d\u00e9collet\u00e9 profond avec des bretelles spaghetti, un corsage corset\u00e9 et des d\u00e9tails dans le dos compl\u00e8tent le look. Alara est une robe sir\u00e8ne classique avec une l\u00e9g\u00e8re touche de vintage. La silhouette ajust\u00e9e et \u00e9vas\u00e9e est compl\u00e9t\u00e9e par une quantit\u00e9 parfaite d&#039;appliques \u00e0 l&#039;ourlet.\" \/>\n<meta name=\"robots\" content=\"index, follow, max-snippet:-1, max-image-preview:large, max-video-preview:-1\" \/>\n<link rel=\"canonical\" href=\"https:\/\/www.koonings.com\/fr\/product\/enzoani-portrait-alara\/\" \/>\n<meta property=\"og:locale\" content=\"fr_FR\" \/>\n<meta property=\"og:type\" content=\"article\" \/>\n<meta property=\"og:title\" content=\"Enzoani Portrait Alara | Koonings\" \/>\n<meta property=\"og:description\" content=\"Une couche d&#039;appliques en dentelle complexe flotte sur la dentelle de Chantilly et s&#039;\u00e9coule sans effort vers une tra\u00eene translucide. Un d\u00e9collet\u00e9 profond avec des bretelles spaghetti, un corsage corset\u00e9 et des d\u00e9tails dans le dos compl\u00e8tent le look. Alara est une robe sir\u00e8ne classique avec une l\u00e9g\u00e8re touche de vintage. La silhouette ajust\u00e9e et \u00e9vas\u00e9e est compl\u00e9t\u00e9e par une quantit\u00e9 parfaite d&#039;appliques \u00e0 l&#039;ourlet.\" \/>\n<meta property=\"og:url\" content=\"https:\/\/www.koonings.com\/fr\/product\/enzoani-portrait-alara\/\" \/>\n<meta property=\"og:site_name\" content=\"Koonings\" \/>\n<meta property=\"article:publisher\" content=\"https:\/\/www.facebook.com\/kooningstheweddingpalace\" \/>\n<meta property=\"og:image\" content=\"https:\/\/www.koonings.com\/wp-content\/uploads\/2024\/11\/49105_1936b710767b4dba440069b75d510f91b3488d8cc8533639550d4eee36cac51066671c88.jpeg\" \/>\n\t<meta property=\"og:image:width\" content=\"951\" \/>\n\t<meta property=\"og:image:height\" content=\"1344\" \/>\n\t<meta property=\"og:image:type\" content=\"image\/jpeg\" \/>\n<meta name=\"twitter:card\" content=\"summary_large_image\" \/>\n<script type=\"application\/ld+json\" class=\"yoast-schema-graph\">{\"@context\":\"https:\\\/\\\/schema.org\",\"@graph\":[{\"@type\":\"WebPage\",\"@id\":\"https:\\\/\\\/www.koonings.com\\\/fr\\\/product\\\/enzoani-portrait-alara\\\/\",\"url\":\"https:\\\/\\\/www.koonings.com\\\/fr\\\/product\\\/enzoani-portrait-alara\\\/\",\"name\":\"Enzoani Portrait Alara | Koonings\",\"isPartOf\":{\"@id\":\"https:\\\/\\\/www.koonings.com\\\/fr\\\/#website\"},\"primaryImageOfPage\":{\"@id\":\"https:\\\/\\\/www.koonings.com\\\/fr\\\/product\\\/enzoani-portrait-alara\\\/#primaryimage\"},\"image\":{\"@id\":\"https:\\\/\\\/www.koonings.com\\\/fr\\\/product\\\/enzoani-portrait-alara\\\/#primaryimage\"},\"thumbnailUrl\":\"https:\\\/\\\/www.koonings.com\\\/wp-content\\\/uploads\\\/2024\\\/11\\\/49105_1936b710767b4dba440069b75d510f91b3488d8cc8533639550d4eee36cac51066671c88.jpeg\",\"datePublished\":\"2026-04-28T16:28:16+00:00\",\"description\":\"Une couche d'appliques en dentelle complexe flotte sur la dentelle de Chantilly et s'\u00e9coule sans effort vers une tra\u00eene translucide. Un d\u00e9collet\u00e9 profond avec des bretelles spaghetti, un corsage corset\u00e9 et des d\u00e9tails dans le dos compl\u00e8tent le look. Alara est une robe sir\u00e8ne classique avec une l\u00e9g\u00e8re touche de vintage. La silhouette ajust\u00e9e et \u00e9vas\u00e9e est compl\u00e9t\u00e9e par une quantit\u00e9 parfaite d'appliques \u00e0 l'ourlet.\",\"breadcrumb\":{\"@id\":\"https:\\\/\\\/www.koonings.com\\\/fr\\\/product\\\/enzoani-portrait-alara\\\/#breadcrumb\"},\"inLanguage\":\"fr-FR\",\"potentialAction\":[{\"@type\":\"ReadAction\",\"target\":[\"https:\\\/\\\/www.koonings.com\\\/fr\\\/product\\\/enzoani-portrait-alara\\\/\"]}]},{\"@type\":\"ImageObject\",\"inLanguage\":\"fr-FR\",\"@id\":\"https:\\\/\\\/www.koonings.com\\\/fr\\\/product\\\/enzoani-portrait-alara\\\/#primaryimage\",\"url\":\"https:\\\/\\\/www.koonings.com\\\/wp-content\\\/uploads\\\/2024\\\/11\\\/49105_1936b710767b4dba440069b75d510f91b3488d8cc8533639550d4eee36cac51066671c88.jpeg\",\"contentUrl\":\"https:\\\/\\\/www.koonings.com\\\/wp-content\\\/uploads\\\/2024\\\/11\\\/49105_1936b710767b4dba440069b75d510f91b3488d8cc8533639550d4eee36cac51066671c88.jpeg\",\"width\":951,\"height\":1344},{\"@type\":\"BreadcrumbList\",\"@id\":\"https:\\\/\\\/www.koonings.com\\\/fr\\\/product\\\/enzoani-portrait-alara\\\/#breadcrumb\",\"itemListElement\":[{\"@type\":\"ListItem\",\"position\":1,\"name\":\"Home\",\"item\":\"https:\\\/\\\/www.koonings.com\\\/fr\\\/\"},{\"@type\":\"ListItem\",\"position\":2,\"name\":\"Enzoani Portrait Alara\"}]},{\"@type\":\"WebSite\",\"@id\":\"https:\\\/\\\/www.koonings.com\\\/fr\\\/#website\",\"url\":\"https:\\\/\\\/www.koonings.com\\\/fr\\\/\",\"name\":\"Koonings\",\"description\":\"De grootste bruidsmodewinkel ter wereld\",\"publisher\":{\"@id\":\"https:\\\/\\\/www.koonings.com\\\/fr\\\/#organization\"},\"potentialAction\":[{\"@type\":\"SearchAction\",\"target\":{\"@type\":\"EntryPoint\",\"urlTemplate\":\"https:\\\/\\\/www.koonings.com\\\/fr\\\/?s={search_term_string}\"},\"query-input\":{\"@type\":\"PropertyValueSpecification\",\"valueRequired\":true,\"valueName\":\"search_term_string\"}}],\"inLanguage\":\"fr-FR\"},{\"@type\":\"Organization\",\"@id\":\"https:\\\/\\\/www.koonings.com\\\/fr\\\/#organization\",\"name\":\"Koonings\",\"url\":\"https:\\\/\\\/www.koonings.com\\\/fr\\\/\",\"logo\":{\"@type\":\"ImageObject\",\"inLanguage\":\"fr-FR\",\"@id\":\"https:\\\/\\\/www.koonings.com\\\/fr\\\/#\\\/schema\\\/logo\\\/image\\\/\",\"url\":\"https:\\\/\\\/www.koonings.com\\\/wp-content\\\/uploads\\\/2024\\\/07\\\/logo.png\",\"contentUrl\":\"https:\\\/\\\/www.koonings.com\\\/wp-content\\\/uploads\\\/2024\\\/07\\\/logo.png\",\"width\":600,\"height\":428,\"caption\":\"Koonings\"},\"image\":{\"@id\":\"https:\\\/\\\/www.koonings.com\\\/fr\\\/#\\\/schema\\\/logo\\\/image\\\/\"},\"sameAs\":[\"https:\\\/\\\/www.facebook.com\\\/kooningstheweddingpalace\",\"https:\\\/\\\/www.instagram.com\\\/kooningstheweddingpalace\",\"https:\\\/\\\/www.pinterest.com\\\/koonings\",\"https:\\\/\\\/www.youtube.com\\\/kooningstheweddingpalace\"]}]}<\/script>\n<!-- \/ Yoast SEO plugin. -->","yoast_head_json":{"title":"Enzoani Portrait Alara | Koonings","description":"Une couche d'appliques en dentelle complexe flotte sur la dentelle de Chantilly et s'\u00e9coule sans effort vers une tra\u00eene translucide. Un d\u00e9collet\u00e9 profond avec des bretelles spaghetti, un corsage corset\u00e9 et des d\u00e9tails dans le dos compl\u00e8tent le look. Alara est une robe sir\u00e8ne classique avec une l\u00e9g\u00e8re touche de vintage. La silhouette ajust\u00e9e et \u00e9vas\u00e9e est compl\u00e9t\u00e9e par une quantit\u00e9 parfaite d'appliques \u00e0 l'ourlet.","robots":{"index":"index","follow":"follow","max-snippet":"max-snippet:-1","max-image-preview":"max-image-preview:large","max-video-preview":"max-video-preview:-1"},"canonical":"https:\/\/www.koonings.com\/fr\/product\/enzoani-portrait-alara\/","og_locale":"fr_FR","og_type":"article","og_title":"Enzoani Portrait Alara | Koonings","og_description":"Une couche d'appliques en dentelle complexe flotte sur la dentelle de Chantilly et s'\u00e9coule sans effort vers une tra\u00eene translucide. Un d\u00e9collet\u00e9 profond avec des bretelles spaghetti, un corsage corset\u00e9 et des d\u00e9tails dans le dos compl\u00e8tent le look. Alara est une robe sir\u00e8ne classique avec une l\u00e9g\u00e8re touche de vintage. La silhouette ajust\u00e9e et \u00e9vas\u00e9e est compl\u00e9t\u00e9e par une quantit\u00e9 parfaite d'appliques \u00e0 l'ourlet.","og_url":"https:\/\/www.koonings.com\/fr\/product\/enzoani-portrait-alara\/","og_site_name":"Koonings","article_publisher":"https:\/\/www.facebook.com\/kooningstheweddingpalace","og_image":[{"width":951,"height":1344,"url":"https:\/\/www.koonings.com\/wp-content\/uploads\/2024\/11\/49105_1936b710767b4dba440069b75d510f91b3488d8cc8533639550d4eee36cac51066671c88.jpeg","type":"image\/jpeg"}],"twitter_card":"summary_large_image","schema":{"@context":"https:\/\/schema.org","@graph":[{"@type":"WebPage","@id":"https:\/\/www.koonings.com\/fr\/product\/enzoani-portrait-alara\/","url":"https:\/\/www.koonings.com\/fr\/product\/enzoani-portrait-alara\/","name":"Enzoani Portrait Alara | Koonings","isPartOf":{"@id":"https:\/\/www.koonings.com\/fr\/#website"},"primaryImageOfPage":{"@id":"https:\/\/www.koonings.com\/fr\/product\/enzoani-portrait-alara\/#primaryimage"},"image":{"@id":"https:\/\/www.koonings.com\/fr\/product\/enzoani-portrait-alara\/#primaryimage"},"thumbnailUrl":"https:\/\/www.koonings.com\/wp-content\/uploads\/2024\/11\/49105_1936b710767b4dba440069b75d510f91b3488d8cc8533639550d4eee36cac51066671c88.jpeg","datePublished":"2026-04-28T16:28:16+00:00","description":"Une couche d'appliques en dentelle complexe flotte sur la dentelle de Chantilly et s'\u00e9coule sans effort vers une tra\u00eene translucide. Un d\u00e9collet\u00e9 profond avec des bretelles spaghetti, un corsage corset\u00e9 et des d\u00e9tails dans le dos compl\u00e8tent le look. Alara est une robe sir\u00e8ne classique avec une l\u00e9g\u00e8re touche de vintage. La silhouette ajust\u00e9e et \u00e9vas\u00e9e est compl\u00e9t\u00e9e par une quantit\u00e9 parfaite d'appliques \u00e0 l'ourlet.","breadcrumb":{"@id":"https:\/\/www.koonings.com\/fr\/product\/enzoani-portrait-alara\/#breadcrumb"},"inLanguage":"fr-FR","potentialAction":[{"@type":"ReadAction","target":["https:\/\/www.koonings.com\/fr\/product\/enzoani-portrait-alara\/"]}]},{"@type":"ImageObject","inLanguage":"fr-FR","@id":"https:\/\/www.koonings.com\/fr\/product\/enzoani-portrait-alara\/#primaryimage","url":"https:\/\/www.koonings.com\/wp-content\/uploads\/2024\/11\/49105_1936b710767b4dba440069b75d510f91b3488d8cc8533639550d4eee36cac51066671c88.jpeg","contentUrl":"https:\/\/www.koonings.com\/wp-content\/uploads\/2024\/11\/49105_1936b710767b4dba440069b75d510f91b3488d8cc8533639550d4eee36cac51066671c88.jpeg","width":951,"height":1344},{"@type":"BreadcrumbList","@id":"https:\/\/www.koonings.com\/fr\/product\/enzoani-portrait-alara\/#breadcrumb","itemListElement":[{"@type":"ListItem","position":1,"name":"Home","item":"https:\/\/www.koonings.com\/fr\/"},{"@type":"ListItem","position":2,"name":"Enzoani Portrait Alara"}]},{"@type":"WebSite","@id":"https:\/\/www.koonings.com\/fr\/#website","url":"https:\/\/www.koonings.com\/fr\/","name":"Koonings","description":"De grootste bruidsmodewinkel ter wereld","publisher":{"@id":"https:\/\/www.koonings.com\/fr\/#organization"},"potentialAction":[{"@type":"SearchAction","target":{"@type":"EntryPoint","urlTemplate":"https:\/\/www.koonings.com\/fr\/?s={search_term_string}"},"query-input":{"@type":"PropertyValueSpecification","valueRequired":true,"valueName":"search_term_string"}}],"inLanguage":"fr-FR"},{"@type":"Organization","@id":"https:\/\/www.koonings.com\/fr\/#organization","name":"Koonings","url":"https:\/\/www.koonings.com\/fr\/","logo":{"@type":"ImageObject","inLanguage":"fr-FR","@id":"https:\/\/www.koonings.com\/fr\/#\/schema\/logo\/image\/","url":"https:\/\/www.koonings.com\/wp-content\/uploads\/2024\/07\/logo.png","contentUrl":"https:\/\/www.koonings.com\/wp-content\/uploads\/2024\/07\/logo.png","width":600,"height":428,"caption":"Koonings"},"image":{"@id":"https:\/\/www.koonings.com\/fr\/#\/schema\/logo\/image\/"},"sameAs":["https:\/\/www.facebook.com\/kooningstheweddingpalace","https:\/\/www.instagram.com\/kooningstheweddingpalace","https:\/\/www.pinterest.com\/koonings","https:\/\/www.youtube.com\/kooningstheweddingpalace"]}]}},"_links":{"self":[{"href":"https:\/\/www.koonings.com\/fr\/wp-json\/wp\/v2\/product\/59948","targetHints":{"allow":["GET"]}}],"collection":[{"href":"https:\/\/www.koonings.com\/fr\/wp-json\/wp\/v2\/product"}],"about":[{"href":"https:\/\/www.koonings.com\/fr\/wp-json\/wp\/v2\/types\/product"}],"wp:featuredmedia":[{"embeddable":true,"href":"https:\/\/www.koonings.com\/fr\/wp-json\/wp\/v2\/media\/55307"}],"wp:attachment":[{"href":"https:\/\/www.koonings.com\/fr\/wp-json\/wp\/v2\/media?parent=59948"}],"wp:term":[{"taxonomy":"productdetails","embeddable":true,"href":"https:\/\/www.koonings.com\/fr\/wp-json\/wp\/v2\/productdetails?post=59948"},{"taxonomy":"productneck","embeddable":true,"href":"https:\/\/www.koonings.com\/fr\/wp-json\/wp\/v2\/productneck?post=59948"},{"taxonomy":"productcolor","embeddable":true,"href":"https:\/\/www.koonings.com\/fr\/wp-json\/wp\/v2\/productcolor?post=59948"},{"taxonomy":"maat","embeddable":true,"href":"https:\/\/www.koonings.com\/fr\/wp-json\/wp\/v2\/maat?post=59948"},{"taxonomy":"productsupplier","embeddable":true,"href":"https:\/\/www.koonings.com\/fr\/wp-json\/wp\/v2\/productsupplier?post=59948"},{"taxonomy":"productsleeve","embeddable":true,"href":"https:\/\/www.koonings.com\/fr\/wp-json\/wp\/v2\/productsleeve?post=59948"},{"taxonomy":"productcategory","embeddable":true,"href":"https:\/\/www.koonings.com\/fr\/wp-json\/wp\/v2\/productcategory?post=59948"},{"taxonomy":"productsilhouette","embeddable":true,"href":"https:\/\/www.koonings.com\/fr\/wp-json\/wp\/v2\/productsilhouette?post=59948"},{"taxonomy":"productstyle","embeddable":true,"href":"https:\/\/www.koonings.com\/fr\/wp-json\/wp\/v2\/productstyle?post=59948"}],"curies":[{"name":"wp","href":"https:\/\/api.w.org\/{rel}","templated":true}]}}