{"id":59942,"date":"2024-11-18T15:50:34","date_gmt":"2024-11-18T14:50:34","guid":{"rendered":"https:\/\/www.koonings.com\/product\/nicole-milano-meli-pr125ck4\/"},"modified":"2026-02-03T19:15:53","modified_gmt":"2026-02-03T18:15:53","slug":"nicole-milano-meli-pr125ck4","status":"publish","type":"product","link":"https:\/\/www.koonings.com\/fr\/product\/nicole-milano-meli-pr125ck4\/","title":{"rendered":"Nicole Milano Meli PR125CK4"},"content":{"rendered":"<p>Meli est la robe parfaite pour un mariage d&#8217;\u00e9t\u00e9. Elle pr\u00e9sente un corsage avec un d\u00e9collet\u00e9 en V et des bretelles orn\u00e9es de bijoux qui se croisent dans le dos pour former un ensemble s\u00e9duisant. La jupe en tulle est fendue sur le devant. Ajoutez une touche de sophistication avec une tra\u00eene en tulle (non incluse dans le prix).   <\/p>\n","protected":false},"featured_media":55282,"template":"","meta":{"_acf_changed":false,"ghostkit_customizer_options":"","ghostkit_custom_css":"","ghostkit_custom_js_head":"","ghostkit_custom_js_foot":"","ghostkit_typography":""},"productdetails":[378,381],"productneck":[356],"productcolor":[392],"maat":[],"productsupplier":[436],"productsleeve":[359],"productcategory":[18],"productsilhouette":[384],"productstyle":[370,373],"class_list":["post-59942","product","type-product","status-publish","has-post-thumbnail","hentry","productdetails-378","productdetails-381","productneck-356","productcolor-392","productsupplier-nicole-milano","productsleeve-359","productcategory-trouwjurken","productsilhouette-384","productstyle-370","productstyle-373"],"acf":[],"yoast_head":"<!-- This site is optimized with the Yoast SEO plugin v27.3 - https:\/\/yoast.com\/product\/yoast-seo-wordpress\/ -->\n<title>Nicole Milano Meli PR125CK4 | Koonings<\/title>\n<meta name=\"description\" content=\"Meli est la robe parfaite pour un mariage d&#039;\u00e9t\u00e9. Elle pr\u00e9sente un corsage avec un d\u00e9collet\u00e9 en V et des bretelles orn\u00e9es de bijoux qui se croisent dans le dos pour former un ensemble s\u00e9duisant. La jupe en tulle est fendue sur le devant. Ajoutez une touche de sophistication avec une tra\u00eene en tulle (non incluse dans le prix).\" \/>\n<meta name=\"robots\" content=\"index, follow, max-snippet:-1, max-image-preview:large, max-video-preview:-1\" \/>\n<link rel=\"canonical\" href=\"https:\/\/www.koonings.com\/fr\/product\/nicole-milano-meli-pr125ck4\/\" \/>\n<meta property=\"og:locale\" content=\"fr_FR\" \/>\n<meta property=\"og:type\" content=\"article\" \/>\n<meta property=\"og:title\" content=\"Nicole Milano Meli PR125CK4 | Koonings\" \/>\n<meta property=\"og:description\" content=\"Meli est la robe parfaite pour un mariage d&#039;\u00e9t\u00e9. Elle pr\u00e9sente un corsage avec un d\u00e9collet\u00e9 en V et des bretelles orn\u00e9es de bijoux qui se croisent dans le dos pour former un ensemble s\u00e9duisant. La jupe en tulle est fendue sur le devant. Ajoutez une touche de sophistication avec une tra\u00eene en tulle (non incluse dans le prix).\" \/>\n<meta property=\"og:url\" content=\"https:\/\/www.koonings.com\/fr\/product\/nicole-milano-meli-pr125ck4\/\" \/>\n<meta property=\"og:site_name\" content=\"Koonings\" \/>\n<meta property=\"article:publisher\" content=\"https:\/\/www.facebook.com\/kooningstheweddingpalace\" \/>\n<meta property=\"article:modified_time\" content=\"2026-02-03T18:15:53+00:00\" \/>\n<meta property=\"og:image\" content=\"https:\/\/www.koonings.com\/wp-content\/uploads\/2024\/11\/49104_ae93383d2baf359a51231031f2fe0f35747226f3973947c7f3f911c29529e24bd3dc5cf3-scaled.jpeg\" \/>\n\t<meta property=\"og:image:width\" content=\"1810\" \/>\n\t<meta property=\"og:image:height\" content=\"2560\" \/>\n\t<meta property=\"og:image:type\" content=\"image\/jpeg\" \/>\n<meta name=\"twitter:card\" content=\"summary_large_image\" \/>\n<script type=\"application\/ld+json\" class=\"yoast-schema-graph\">{\"@context\":\"https:\\\/\\\/schema.org\",\"@graph\":[{\"@type\":\"WebPage\",\"@id\":\"https:\\\/\\\/www.koonings.com\\\/fr\\\/product\\\/nicole-milano-meli-pr125ck4\\\/\",\"url\":\"https:\\\/\\\/www.koonings.com\\\/fr\\\/product\\\/nicole-milano-meli-pr125ck4\\\/\",\"name\":\"Nicole Milano Meli PR125CK4 | Koonings\",\"isPartOf\":{\"@id\":\"https:\\\/\\\/www.koonings.com\\\/fr\\\/#website\"},\"primaryImageOfPage\":{\"@id\":\"https:\\\/\\\/www.koonings.com\\\/fr\\\/product\\\/nicole-milano-meli-pr125ck4\\\/#primaryimage\"},\"image\":{\"@id\":\"https:\\\/\\\/www.koonings.com\\\/fr\\\/product\\\/nicole-milano-meli-pr125ck4\\\/#primaryimage\"},\"thumbnailUrl\":\"https:\\\/\\\/www.koonings.com\\\/wp-content\\\/uploads\\\/2024\\\/11\\\/49104_ae93383d2baf359a51231031f2fe0f35747226f3973947c7f3f911c29529e24bd3dc5cf3-scaled.jpeg\",\"datePublished\":\"2024-11-18T14:50:34+00:00\",\"dateModified\":\"2026-02-03T18:15:53+00:00\",\"description\":\"Meli est la robe parfaite pour un mariage d'\u00e9t\u00e9. Elle pr\u00e9sente un corsage avec un d\u00e9collet\u00e9 en V et des bretelles orn\u00e9es de bijoux qui se croisent dans le dos pour former un ensemble s\u00e9duisant. La jupe en tulle est fendue sur le devant. Ajoutez une touche de sophistication avec une tra\u00eene en tulle (non incluse dans le prix).\",\"breadcrumb\":{\"@id\":\"https:\\\/\\\/www.koonings.com\\\/fr\\\/product\\\/nicole-milano-meli-pr125ck4\\\/#breadcrumb\"},\"inLanguage\":\"fr-FR\",\"potentialAction\":[{\"@type\":\"ReadAction\",\"target\":[\"https:\\\/\\\/www.koonings.com\\\/fr\\\/product\\\/nicole-milano-meli-pr125ck4\\\/\"]}]},{\"@type\":\"ImageObject\",\"inLanguage\":\"fr-FR\",\"@id\":\"https:\\\/\\\/www.koonings.com\\\/fr\\\/product\\\/nicole-milano-meli-pr125ck4\\\/#primaryimage\",\"url\":\"https:\\\/\\\/www.koonings.com\\\/wp-content\\\/uploads\\\/2024\\\/11\\\/49104_ae93383d2baf359a51231031f2fe0f35747226f3973947c7f3f911c29529e24bd3dc5cf3-scaled.jpeg\",\"contentUrl\":\"https:\\\/\\\/www.koonings.com\\\/wp-content\\\/uploads\\\/2024\\\/11\\\/49104_ae93383d2baf359a51231031f2fe0f35747226f3973947c7f3f911c29529e24bd3dc5cf3-scaled.jpeg\",\"width\":1810,\"height\":2560},{\"@type\":\"BreadcrumbList\",\"@id\":\"https:\\\/\\\/www.koonings.com\\\/fr\\\/product\\\/nicole-milano-meli-pr125ck4\\\/#breadcrumb\",\"itemListElement\":[{\"@type\":\"ListItem\",\"position\":1,\"name\":\"Home\",\"item\":\"https:\\\/\\\/www.koonings.com\\\/fr\\\/\"},{\"@type\":\"ListItem\",\"position\":2,\"name\":\"Nicole Milano Meli PR125CK4\"}]},{\"@type\":\"WebSite\",\"@id\":\"https:\\\/\\\/www.koonings.com\\\/fr\\\/#website\",\"url\":\"https:\\\/\\\/www.koonings.com\\\/fr\\\/\",\"name\":\"Koonings\",\"description\":\"De grootste bruidsmodewinkel ter wereld\",\"publisher\":{\"@id\":\"https:\\\/\\\/www.koonings.com\\\/fr\\\/#organization\"},\"potentialAction\":[{\"@type\":\"SearchAction\",\"target\":{\"@type\":\"EntryPoint\",\"urlTemplate\":\"https:\\\/\\\/www.koonings.com\\\/fr\\\/?s={search_term_string}\"},\"query-input\":{\"@type\":\"PropertyValueSpecification\",\"valueRequired\":true,\"valueName\":\"search_term_string\"}}],\"inLanguage\":\"fr-FR\"},{\"@type\":\"Organization\",\"@id\":\"https:\\\/\\\/www.koonings.com\\\/fr\\\/#organization\",\"name\":\"Koonings\",\"url\":\"https:\\\/\\\/www.koonings.com\\\/fr\\\/\",\"logo\":{\"@type\":\"ImageObject\",\"inLanguage\":\"fr-FR\",\"@id\":\"https:\\\/\\\/www.koonings.com\\\/fr\\\/#\\\/schema\\\/logo\\\/image\\\/\",\"url\":\"https:\\\/\\\/www.koonings.com\\\/wp-content\\\/uploads\\\/2024\\\/07\\\/logo.png\",\"contentUrl\":\"https:\\\/\\\/www.koonings.com\\\/wp-content\\\/uploads\\\/2024\\\/07\\\/logo.png\",\"width\":600,\"height\":428,\"caption\":\"Koonings\"},\"image\":{\"@id\":\"https:\\\/\\\/www.koonings.com\\\/fr\\\/#\\\/schema\\\/logo\\\/image\\\/\"},\"sameAs\":[\"https:\\\/\\\/www.facebook.com\\\/kooningstheweddingpalace\",\"https:\\\/\\\/www.instagram.com\\\/kooningstheweddingpalace\",\"https:\\\/\\\/www.pinterest.com\\\/koonings\",\"https:\\\/\\\/www.youtube.com\\\/kooningstheweddingpalace\"]}]}<\/script>\n<!-- \/ Yoast SEO plugin. -->","yoast_head_json":{"title":"Nicole Milano Meli PR125CK4 | Koonings","description":"Meli est la robe parfaite pour un mariage d'\u00e9t\u00e9. Elle pr\u00e9sente un corsage avec un d\u00e9collet\u00e9 en V et des bretelles orn\u00e9es de bijoux qui se croisent dans le dos pour former un ensemble s\u00e9duisant. La jupe en tulle est fendue sur le devant. Ajoutez une touche de sophistication avec une tra\u00eene en tulle (non incluse dans le prix).","robots":{"index":"index","follow":"follow","max-snippet":"max-snippet:-1","max-image-preview":"max-image-preview:large","max-video-preview":"max-video-preview:-1"},"canonical":"https:\/\/www.koonings.com\/fr\/product\/nicole-milano-meli-pr125ck4\/","og_locale":"fr_FR","og_type":"article","og_title":"Nicole Milano Meli PR125CK4 | Koonings","og_description":"Meli est la robe parfaite pour un mariage d'\u00e9t\u00e9. Elle pr\u00e9sente un corsage avec un d\u00e9collet\u00e9 en V et des bretelles orn\u00e9es de bijoux qui se croisent dans le dos pour former un ensemble s\u00e9duisant. La jupe en tulle est fendue sur le devant. Ajoutez une touche de sophistication avec une tra\u00eene en tulle (non incluse dans le prix).","og_url":"https:\/\/www.koonings.com\/fr\/product\/nicole-milano-meli-pr125ck4\/","og_site_name":"Koonings","article_publisher":"https:\/\/www.facebook.com\/kooningstheweddingpalace","article_modified_time":"2026-02-03T18:15:53+00:00","og_image":[{"width":1810,"height":2560,"url":"https:\/\/www.koonings.com\/wp-content\/uploads\/2024\/11\/49104_ae93383d2baf359a51231031f2fe0f35747226f3973947c7f3f911c29529e24bd3dc5cf3-scaled.jpeg","type":"image\/jpeg"}],"twitter_card":"summary_large_image","schema":{"@context":"https:\/\/schema.org","@graph":[{"@type":"WebPage","@id":"https:\/\/www.koonings.com\/fr\/product\/nicole-milano-meli-pr125ck4\/","url":"https:\/\/www.koonings.com\/fr\/product\/nicole-milano-meli-pr125ck4\/","name":"Nicole Milano Meli PR125CK4 | Koonings","isPartOf":{"@id":"https:\/\/www.koonings.com\/fr\/#website"},"primaryImageOfPage":{"@id":"https:\/\/www.koonings.com\/fr\/product\/nicole-milano-meli-pr125ck4\/#primaryimage"},"image":{"@id":"https:\/\/www.koonings.com\/fr\/product\/nicole-milano-meli-pr125ck4\/#primaryimage"},"thumbnailUrl":"https:\/\/www.koonings.com\/wp-content\/uploads\/2024\/11\/49104_ae93383d2baf359a51231031f2fe0f35747226f3973947c7f3f911c29529e24bd3dc5cf3-scaled.jpeg","datePublished":"2024-11-18T14:50:34+00:00","dateModified":"2026-02-03T18:15:53+00:00","description":"Meli est la robe parfaite pour un mariage d'\u00e9t\u00e9. Elle pr\u00e9sente un corsage avec un d\u00e9collet\u00e9 en V et des bretelles orn\u00e9es de bijoux qui se croisent dans le dos pour former un ensemble s\u00e9duisant. La jupe en tulle est fendue sur le devant. Ajoutez une touche de sophistication avec une tra\u00eene en tulle (non incluse dans le prix).","breadcrumb":{"@id":"https:\/\/www.koonings.com\/fr\/product\/nicole-milano-meli-pr125ck4\/#breadcrumb"},"inLanguage":"fr-FR","potentialAction":[{"@type":"ReadAction","target":["https:\/\/www.koonings.com\/fr\/product\/nicole-milano-meli-pr125ck4\/"]}]},{"@type":"ImageObject","inLanguage":"fr-FR","@id":"https:\/\/www.koonings.com\/fr\/product\/nicole-milano-meli-pr125ck4\/#primaryimage","url":"https:\/\/www.koonings.com\/wp-content\/uploads\/2024\/11\/49104_ae93383d2baf359a51231031f2fe0f35747226f3973947c7f3f911c29529e24bd3dc5cf3-scaled.jpeg","contentUrl":"https:\/\/www.koonings.com\/wp-content\/uploads\/2024\/11\/49104_ae93383d2baf359a51231031f2fe0f35747226f3973947c7f3f911c29529e24bd3dc5cf3-scaled.jpeg","width":1810,"height":2560},{"@type":"BreadcrumbList","@id":"https:\/\/www.koonings.com\/fr\/product\/nicole-milano-meli-pr125ck4\/#breadcrumb","itemListElement":[{"@type":"ListItem","position":1,"name":"Home","item":"https:\/\/www.koonings.com\/fr\/"},{"@type":"ListItem","position":2,"name":"Nicole Milano Meli PR125CK4"}]},{"@type":"WebSite","@id":"https:\/\/www.koonings.com\/fr\/#website","url":"https:\/\/www.koonings.com\/fr\/","name":"Koonings","description":"De grootste bruidsmodewinkel ter wereld","publisher":{"@id":"https:\/\/www.koonings.com\/fr\/#organization"},"potentialAction":[{"@type":"SearchAction","target":{"@type":"EntryPoint","urlTemplate":"https:\/\/www.koonings.com\/fr\/?s={search_term_string}"},"query-input":{"@type":"PropertyValueSpecification","valueRequired":true,"valueName":"search_term_string"}}],"inLanguage":"fr-FR"},{"@type":"Organization","@id":"https:\/\/www.koonings.com\/fr\/#organization","name":"Koonings","url":"https:\/\/www.koonings.com\/fr\/","logo":{"@type":"ImageObject","inLanguage":"fr-FR","@id":"https:\/\/www.koonings.com\/fr\/#\/schema\/logo\/image\/","url":"https:\/\/www.koonings.com\/wp-content\/uploads\/2024\/07\/logo.png","contentUrl":"https:\/\/www.koonings.com\/wp-content\/uploads\/2024\/07\/logo.png","width":600,"height":428,"caption":"Koonings"},"image":{"@id":"https:\/\/www.koonings.com\/fr\/#\/schema\/logo\/image\/"},"sameAs":["https:\/\/www.facebook.com\/kooningstheweddingpalace","https:\/\/www.instagram.com\/kooningstheweddingpalace","https:\/\/www.pinterest.com\/koonings","https:\/\/www.youtube.com\/kooningstheweddingpalace"]}]}},"_links":{"self":[{"href":"https:\/\/www.koonings.com\/fr\/wp-json\/wp\/v2\/product\/59942","targetHints":{"allow":["GET"]}}],"collection":[{"href":"https:\/\/www.koonings.com\/fr\/wp-json\/wp\/v2\/product"}],"about":[{"href":"https:\/\/www.koonings.com\/fr\/wp-json\/wp\/v2\/types\/product"}],"wp:featuredmedia":[{"embeddable":true,"href":"https:\/\/www.koonings.com\/fr\/wp-json\/wp\/v2\/media\/55282"}],"wp:attachment":[{"href":"https:\/\/www.koonings.com\/fr\/wp-json\/wp\/v2\/media?parent=59942"}],"wp:term":[{"taxonomy":"productdetails","embeddable":true,"href":"https:\/\/www.koonings.com\/fr\/wp-json\/wp\/v2\/productdetails?post=59942"},{"taxonomy":"productneck","embeddable":true,"href":"https:\/\/www.koonings.com\/fr\/wp-json\/wp\/v2\/productneck?post=59942"},{"taxonomy":"productcolor","embeddable":true,"href":"https:\/\/www.koonings.com\/fr\/wp-json\/wp\/v2\/productcolor?post=59942"},{"taxonomy":"maat","embeddable":true,"href":"https:\/\/www.koonings.com\/fr\/wp-json\/wp\/v2\/maat?post=59942"},{"taxonomy":"productsupplier","embeddable":true,"href":"https:\/\/www.koonings.com\/fr\/wp-json\/wp\/v2\/productsupplier?post=59942"},{"taxonomy":"productsleeve","embeddable":true,"href":"https:\/\/www.koonings.com\/fr\/wp-json\/wp\/v2\/productsleeve?post=59942"},{"taxonomy":"productcategory","embeddable":true,"href":"https:\/\/www.koonings.com\/fr\/wp-json\/wp\/v2\/productcategory?post=59942"},{"taxonomy":"productsilhouette","embeddable":true,"href":"https:\/\/www.koonings.com\/fr\/wp-json\/wp\/v2\/productsilhouette?post=59942"},{"taxonomy":"productstyle","embeddable":true,"href":"https:\/\/www.koonings.com\/fr\/wp-json\/wp\/v2\/productstyle?post=59942"}],"curies":[{"name":"wp","href":"https:\/\/api.w.org\/{rel}","templated":true}]}}