{"id":59941,"date":"2026-05-06T15:28:28","date_gmt":"2026-05-06T13:28:28","guid":{"rendered":"https:\/\/www.koonings.com\/product\/enzoani-portrait-amina\/"},"modified":"2025-06-05T13:19:57","modified_gmt":"2025-06-05T11:19:57","slug":"enzoani-portrait-amina","status":"publish","type":"product","link":"https:\/\/www.koonings.com\/fr\/product\/enzoani-portrait-amina\/","title":{"rendered":"Enzoani Portrait Amina"},"content":{"rendered":"<p>Cette robe pr\u00e9sente de magnifiques appliques florales en dentelle subtilement dispers\u00e9es sur le corsage, la jupe et l&#8217;ourlet de la tra\u00eene pour un effet des plus saisissants. Un profond d\u00e9collet\u00e9 en V avec des bretelles spaghetti donne une belle forme et un bon soutien au corsage structur\u00e9, et compl\u00e8te une jupe circulaire en mousseline de soie souple et l\u00e9g\u00e8re avec une tra\u00eene festonn\u00e9e en dentelle coup\u00e9e \u00e0 la main. <\/p>\n","protected":false},"featured_media":55324,"template":"","meta":{"_acf_changed":false,"ghostkit_customizer_options":"","ghostkit_custom_css":"","ghostkit_custom_js_head":"","ghostkit_custom_js_foot":"","ghostkit_typography":""},"productdetails":[379],"productneck":[356],"productcolor":[393,392],"maat":[375],"productsupplier":[460],"productsleeve":[359],"productcategory":[18],"productsilhouette":[384],"productstyle":[366],"class_list":["post-59941","product","type-product","status-publish","has-post-thumbnail","hentry","productdetails-379","productneck-356","productcolor-393","productcolor-392","maat-375","productsupplier-enzoani-portrait","productsleeve-359","productcategory-trouwjurken","productsilhouette-384","productstyle-366"],"acf":[],"yoast_head":"<!-- This site is optimized with the Yoast SEO plugin v27.3 - https:\/\/yoast.com\/product\/yoast-seo-wordpress\/ -->\n<title>Enzoani Portrait Amina | Koonings<\/title>\n<meta name=\"description\" content=\"Cette robe pr\u00e9sente de magnifiques appliques florales en dentelle subtilement dispers\u00e9es sur le corsage, la jupe et l&#039;ourlet de la tra\u00eene pour un effet des plus saisissants. Un profond d\u00e9collet\u00e9 en V avec des bretelles spaghetti donne une belle forme et un bon soutien au corsage structur\u00e9, et compl\u00e8te une jupe circulaire en mousseline de soie souple et l\u00e9g\u00e8re avec une tra\u00eene festonn\u00e9e en dentelle coup\u00e9e \u00e0 la main.\" \/>\n<meta name=\"robots\" content=\"index, follow, max-snippet:-1, max-image-preview:large, max-video-preview:-1\" \/>\n<link rel=\"canonical\" href=\"https:\/\/www.koonings.com\/fr\/product\/enzoani-portrait-amina\/\" \/>\n<meta property=\"og:locale\" content=\"fr_FR\" \/>\n<meta property=\"og:type\" content=\"article\" \/>\n<meta property=\"og:title\" content=\"Enzoani Portrait Amina | Koonings\" \/>\n<meta property=\"og:description\" content=\"Cette robe pr\u00e9sente de magnifiques appliques florales en dentelle subtilement dispers\u00e9es sur le corsage, la jupe et l&#039;ourlet de la tra\u00eene pour un effet des plus saisissants. Un profond d\u00e9collet\u00e9 en V avec des bretelles spaghetti donne une belle forme et un bon soutien au corsage structur\u00e9, et compl\u00e8te une jupe circulaire en mousseline de soie souple et l\u00e9g\u00e8re avec une tra\u00eene festonn\u00e9e en dentelle coup\u00e9e \u00e0 la main.\" \/>\n<meta property=\"og:url\" content=\"https:\/\/www.koonings.com\/fr\/product\/enzoani-portrait-amina\/\" \/>\n<meta property=\"og:site_name\" content=\"Koonings\" \/>\n<meta property=\"article:publisher\" content=\"https:\/\/www.facebook.com\/kooningstheweddingpalace\" \/>\n<meta property=\"og:image\" content=\"https:\/\/www.koonings.com\/wp-content\/uploads\/2024\/11\/49106_ff966ab9925f3389f914a7e8955b12114beb53884ccd72f1dd6ef96cc1a11b8bfeced8cc.jpeg\" \/>\n\t<meta property=\"og:image:width\" content=\"968\" \/>\n\t<meta property=\"og:image:height\" content=\"1370\" \/>\n\t<meta property=\"og:image:type\" content=\"image\/jpeg\" \/>\n<meta name=\"twitter:card\" content=\"summary_large_image\" \/>\n<script type=\"application\/ld+json\" class=\"yoast-schema-graph\">{\"@context\":\"https:\\\/\\\/schema.org\",\"@graph\":[{\"@type\":\"WebPage\",\"@id\":\"https:\\\/\\\/www.koonings.com\\\/fr\\\/product\\\/enzoani-portrait-amina\\\/\",\"url\":\"https:\\\/\\\/www.koonings.com\\\/fr\\\/product\\\/enzoani-portrait-amina\\\/\",\"name\":\"Enzoani Portrait Amina | Koonings\",\"isPartOf\":{\"@id\":\"https:\\\/\\\/www.koonings.com\\\/fr\\\/#website\"},\"primaryImageOfPage\":{\"@id\":\"https:\\\/\\\/www.koonings.com\\\/fr\\\/product\\\/enzoani-portrait-amina\\\/#primaryimage\"},\"image\":{\"@id\":\"https:\\\/\\\/www.koonings.com\\\/fr\\\/product\\\/enzoani-portrait-amina\\\/#primaryimage\"},\"thumbnailUrl\":\"https:\\\/\\\/www.koonings.com\\\/wp-content\\\/uploads\\\/2024\\\/11\\\/49106_ff966ab9925f3389f914a7e8955b12114beb53884ccd72f1dd6ef96cc1a11b8bfeced8cc.jpeg\",\"datePublished\":\"2026-05-06T13:28:28+00:00\",\"description\":\"Cette robe pr\u00e9sente de magnifiques appliques florales en dentelle subtilement dispers\u00e9es sur le corsage, la jupe et l'ourlet de la tra\u00eene pour un effet des plus saisissants. Un profond d\u00e9collet\u00e9 en V avec des bretelles spaghetti donne une belle forme et un bon soutien au corsage structur\u00e9, et compl\u00e8te une jupe circulaire en mousseline de soie souple et l\u00e9g\u00e8re avec une tra\u00eene festonn\u00e9e en dentelle coup\u00e9e \u00e0 la main.\",\"breadcrumb\":{\"@id\":\"https:\\\/\\\/www.koonings.com\\\/fr\\\/product\\\/enzoani-portrait-amina\\\/#breadcrumb\"},\"inLanguage\":\"fr-FR\",\"potentialAction\":[{\"@type\":\"ReadAction\",\"target\":[\"https:\\\/\\\/www.koonings.com\\\/fr\\\/product\\\/enzoani-portrait-amina\\\/\"]}]},{\"@type\":\"ImageObject\",\"inLanguage\":\"fr-FR\",\"@id\":\"https:\\\/\\\/www.koonings.com\\\/fr\\\/product\\\/enzoani-portrait-amina\\\/#primaryimage\",\"url\":\"https:\\\/\\\/www.koonings.com\\\/wp-content\\\/uploads\\\/2024\\\/11\\\/49106_ff966ab9925f3389f914a7e8955b12114beb53884ccd72f1dd6ef96cc1a11b8bfeced8cc.jpeg\",\"contentUrl\":\"https:\\\/\\\/www.koonings.com\\\/wp-content\\\/uploads\\\/2024\\\/11\\\/49106_ff966ab9925f3389f914a7e8955b12114beb53884ccd72f1dd6ef96cc1a11b8bfeced8cc.jpeg\",\"width\":968,\"height\":1370},{\"@type\":\"BreadcrumbList\",\"@id\":\"https:\\\/\\\/www.koonings.com\\\/fr\\\/product\\\/enzoani-portrait-amina\\\/#breadcrumb\",\"itemListElement\":[{\"@type\":\"ListItem\",\"position\":1,\"name\":\"Home\",\"item\":\"https:\\\/\\\/www.koonings.com\\\/fr\\\/\"},{\"@type\":\"ListItem\",\"position\":2,\"name\":\"Enzoani Portrait Amina\"}]},{\"@type\":\"WebSite\",\"@id\":\"https:\\\/\\\/www.koonings.com\\\/fr\\\/#website\",\"url\":\"https:\\\/\\\/www.koonings.com\\\/fr\\\/\",\"name\":\"Koonings\",\"description\":\"De grootste bruidsmodewinkel ter wereld\",\"publisher\":{\"@id\":\"https:\\\/\\\/www.koonings.com\\\/fr\\\/#organization\"},\"potentialAction\":[{\"@type\":\"SearchAction\",\"target\":{\"@type\":\"EntryPoint\",\"urlTemplate\":\"https:\\\/\\\/www.koonings.com\\\/fr\\\/?s={search_term_string}\"},\"query-input\":{\"@type\":\"PropertyValueSpecification\",\"valueRequired\":true,\"valueName\":\"search_term_string\"}}],\"inLanguage\":\"fr-FR\"},{\"@type\":\"Organization\",\"@id\":\"https:\\\/\\\/www.koonings.com\\\/fr\\\/#organization\",\"name\":\"Koonings\",\"url\":\"https:\\\/\\\/www.koonings.com\\\/fr\\\/\",\"logo\":{\"@type\":\"ImageObject\",\"inLanguage\":\"fr-FR\",\"@id\":\"https:\\\/\\\/www.koonings.com\\\/fr\\\/#\\\/schema\\\/logo\\\/image\\\/\",\"url\":\"https:\\\/\\\/www.koonings.com\\\/wp-content\\\/uploads\\\/2024\\\/07\\\/logo.png\",\"contentUrl\":\"https:\\\/\\\/www.koonings.com\\\/wp-content\\\/uploads\\\/2024\\\/07\\\/logo.png\",\"width\":600,\"height\":428,\"caption\":\"Koonings\"},\"image\":{\"@id\":\"https:\\\/\\\/www.koonings.com\\\/fr\\\/#\\\/schema\\\/logo\\\/image\\\/\"},\"sameAs\":[\"https:\\\/\\\/www.facebook.com\\\/kooningstheweddingpalace\",\"https:\\\/\\\/www.instagram.com\\\/kooningstheweddingpalace\",\"https:\\\/\\\/www.pinterest.com\\\/koonings\",\"https:\\\/\\\/www.youtube.com\\\/kooningstheweddingpalace\"]}]}<\/script>\n<!-- \/ Yoast SEO plugin. -->","yoast_head_json":{"title":"Enzoani Portrait Amina | Koonings","description":"Cette robe pr\u00e9sente de magnifiques appliques florales en dentelle subtilement dispers\u00e9es sur le corsage, la jupe et l'ourlet de la tra\u00eene pour un effet des plus saisissants. Un profond d\u00e9collet\u00e9 en V avec des bretelles spaghetti donne une belle forme et un bon soutien au corsage structur\u00e9, et compl\u00e8te une jupe circulaire en mousseline de soie souple et l\u00e9g\u00e8re avec une tra\u00eene festonn\u00e9e en dentelle coup\u00e9e \u00e0 la main.","robots":{"index":"index","follow":"follow","max-snippet":"max-snippet:-1","max-image-preview":"max-image-preview:large","max-video-preview":"max-video-preview:-1"},"canonical":"https:\/\/www.koonings.com\/fr\/product\/enzoani-portrait-amina\/","og_locale":"fr_FR","og_type":"article","og_title":"Enzoani Portrait Amina | Koonings","og_description":"Cette robe pr\u00e9sente de magnifiques appliques florales en dentelle subtilement dispers\u00e9es sur le corsage, la jupe et l'ourlet de la tra\u00eene pour un effet des plus saisissants. Un profond d\u00e9collet\u00e9 en V avec des bretelles spaghetti donne une belle forme et un bon soutien au corsage structur\u00e9, et compl\u00e8te une jupe circulaire en mousseline de soie souple et l\u00e9g\u00e8re avec une tra\u00eene festonn\u00e9e en dentelle coup\u00e9e \u00e0 la main.","og_url":"https:\/\/www.koonings.com\/fr\/product\/enzoani-portrait-amina\/","og_site_name":"Koonings","article_publisher":"https:\/\/www.facebook.com\/kooningstheweddingpalace","og_image":[{"width":968,"height":1370,"url":"https:\/\/www.koonings.com\/wp-content\/uploads\/2024\/11\/49106_ff966ab9925f3389f914a7e8955b12114beb53884ccd72f1dd6ef96cc1a11b8bfeced8cc.jpeg","type":"image\/jpeg"}],"twitter_card":"summary_large_image","schema":{"@context":"https:\/\/schema.org","@graph":[{"@type":"WebPage","@id":"https:\/\/www.koonings.com\/fr\/product\/enzoani-portrait-amina\/","url":"https:\/\/www.koonings.com\/fr\/product\/enzoani-portrait-amina\/","name":"Enzoani Portrait Amina | Koonings","isPartOf":{"@id":"https:\/\/www.koonings.com\/fr\/#website"},"primaryImageOfPage":{"@id":"https:\/\/www.koonings.com\/fr\/product\/enzoani-portrait-amina\/#primaryimage"},"image":{"@id":"https:\/\/www.koonings.com\/fr\/product\/enzoani-portrait-amina\/#primaryimage"},"thumbnailUrl":"https:\/\/www.koonings.com\/wp-content\/uploads\/2024\/11\/49106_ff966ab9925f3389f914a7e8955b12114beb53884ccd72f1dd6ef96cc1a11b8bfeced8cc.jpeg","datePublished":"2026-05-06T13:28:28+00:00","description":"Cette robe pr\u00e9sente de magnifiques appliques florales en dentelle subtilement dispers\u00e9es sur le corsage, la jupe et l'ourlet de la tra\u00eene pour un effet des plus saisissants. Un profond d\u00e9collet\u00e9 en V avec des bretelles spaghetti donne une belle forme et un bon soutien au corsage structur\u00e9, et compl\u00e8te une jupe circulaire en mousseline de soie souple et l\u00e9g\u00e8re avec une tra\u00eene festonn\u00e9e en dentelle coup\u00e9e \u00e0 la main.","breadcrumb":{"@id":"https:\/\/www.koonings.com\/fr\/product\/enzoani-portrait-amina\/#breadcrumb"},"inLanguage":"fr-FR","potentialAction":[{"@type":"ReadAction","target":["https:\/\/www.koonings.com\/fr\/product\/enzoani-portrait-amina\/"]}]},{"@type":"ImageObject","inLanguage":"fr-FR","@id":"https:\/\/www.koonings.com\/fr\/product\/enzoani-portrait-amina\/#primaryimage","url":"https:\/\/www.koonings.com\/wp-content\/uploads\/2024\/11\/49106_ff966ab9925f3389f914a7e8955b12114beb53884ccd72f1dd6ef96cc1a11b8bfeced8cc.jpeg","contentUrl":"https:\/\/www.koonings.com\/wp-content\/uploads\/2024\/11\/49106_ff966ab9925f3389f914a7e8955b12114beb53884ccd72f1dd6ef96cc1a11b8bfeced8cc.jpeg","width":968,"height":1370},{"@type":"BreadcrumbList","@id":"https:\/\/www.koonings.com\/fr\/product\/enzoani-portrait-amina\/#breadcrumb","itemListElement":[{"@type":"ListItem","position":1,"name":"Home","item":"https:\/\/www.koonings.com\/fr\/"},{"@type":"ListItem","position":2,"name":"Enzoani Portrait Amina"}]},{"@type":"WebSite","@id":"https:\/\/www.koonings.com\/fr\/#website","url":"https:\/\/www.koonings.com\/fr\/","name":"Koonings","description":"De grootste bruidsmodewinkel ter wereld","publisher":{"@id":"https:\/\/www.koonings.com\/fr\/#organization"},"potentialAction":[{"@type":"SearchAction","target":{"@type":"EntryPoint","urlTemplate":"https:\/\/www.koonings.com\/fr\/?s={search_term_string}"},"query-input":{"@type":"PropertyValueSpecification","valueRequired":true,"valueName":"search_term_string"}}],"inLanguage":"fr-FR"},{"@type":"Organization","@id":"https:\/\/www.koonings.com\/fr\/#organization","name":"Koonings","url":"https:\/\/www.koonings.com\/fr\/","logo":{"@type":"ImageObject","inLanguage":"fr-FR","@id":"https:\/\/www.koonings.com\/fr\/#\/schema\/logo\/image\/","url":"https:\/\/www.koonings.com\/wp-content\/uploads\/2024\/07\/logo.png","contentUrl":"https:\/\/www.koonings.com\/wp-content\/uploads\/2024\/07\/logo.png","width":600,"height":428,"caption":"Koonings"},"image":{"@id":"https:\/\/www.koonings.com\/fr\/#\/schema\/logo\/image\/"},"sameAs":["https:\/\/www.facebook.com\/kooningstheweddingpalace","https:\/\/www.instagram.com\/kooningstheweddingpalace","https:\/\/www.pinterest.com\/koonings","https:\/\/www.youtube.com\/kooningstheweddingpalace"]}]}},"_links":{"self":[{"href":"https:\/\/www.koonings.com\/fr\/wp-json\/wp\/v2\/product\/59941","targetHints":{"allow":["GET"]}}],"collection":[{"href":"https:\/\/www.koonings.com\/fr\/wp-json\/wp\/v2\/product"}],"about":[{"href":"https:\/\/www.koonings.com\/fr\/wp-json\/wp\/v2\/types\/product"}],"wp:featuredmedia":[{"embeddable":true,"href":"https:\/\/www.koonings.com\/fr\/wp-json\/wp\/v2\/media\/55324"}],"wp:attachment":[{"href":"https:\/\/www.koonings.com\/fr\/wp-json\/wp\/v2\/media?parent=59941"}],"wp:term":[{"taxonomy":"productdetails","embeddable":true,"href":"https:\/\/www.koonings.com\/fr\/wp-json\/wp\/v2\/productdetails?post=59941"},{"taxonomy":"productneck","embeddable":true,"href":"https:\/\/www.koonings.com\/fr\/wp-json\/wp\/v2\/productneck?post=59941"},{"taxonomy":"productcolor","embeddable":true,"href":"https:\/\/www.koonings.com\/fr\/wp-json\/wp\/v2\/productcolor?post=59941"},{"taxonomy":"maat","embeddable":true,"href":"https:\/\/www.koonings.com\/fr\/wp-json\/wp\/v2\/maat?post=59941"},{"taxonomy":"productsupplier","embeddable":true,"href":"https:\/\/www.koonings.com\/fr\/wp-json\/wp\/v2\/productsupplier?post=59941"},{"taxonomy":"productsleeve","embeddable":true,"href":"https:\/\/www.koonings.com\/fr\/wp-json\/wp\/v2\/productsleeve?post=59941"},{"taxonomy":"productcategory","embeddable":true,"href":"https:\/\/www.koonings.com\/fr\/wp-json\/wp\/v2\/productcategory?post=59941"},{"taxonomy":"productsilhouette","embeddable":true,"href":"https:\/\/www.koonings.com\/fr\/wp-json\/wp\/v2\/productsilhouette?post=59941"},{"taxonomy":"productstyle","embeddable":true,"href":"https:\/\/www.koonings.com\/fr\/wp-json\/wp\/v2\/productstyle?post=59941"}],"curies":[{"name":"wp","href":"https:\/\/api.w.org\/{rel}","templated":true}]}}