{"id":59939,"date":"2026-05-06T15:28:29","date_gmt":"2026-05-06T13:28:29","guid":{"rendered":"https:\/\/www.koonings.com\/product\/enzoani-prive-ellison\/"},"modified":"2025-06-05T13:24:08","modified_gmt":"2025-06-05T11:24:08","slug":"enzoani-prive-ellison","status":"publish","type":"product","link":"https:\/\/www.koonings.com\/fr\/product\/enzoani-prive-ellison\/","title":{"rendered":"Enzoani Prive Ellison"},"content":{"rendered":"<p>Faites-vous remarquer avec Ellison ! \u00c9voquant un sens du romantisme moderne et de l&#8217;\u00e9l\u00e9gance classique, cette superbe robe de mari\u00e9e ajust\u00e9e et \u00e9vas\u00e9e pr\u00e9sente une dentelle florale et baroque brod\u00e9e de fa\u00e7on complexe qui orne le corsage avec un d\u00e9collet\u00e9 profond et s&#8217;\u00e9coule le long de la jupe Mikado \u00e9troite. La silhouette ajust\u00e9e accentue les courbes de la mari\u00e9e, tandis que les appliqu\u00e9s floraux en 3D sur les couches \u00e9vas\u00e9es de tulle et d&#8217;organza de la jupe ajoutent du mouvement et du drame, captivant tous ceux qui la regardent le jour de son mariage.  <\/p>\n","protected":false},"featured_media":55370,"template":"","meta":{"_acf_changed":false,"ghostkit_customizer_options":"","ghostkit_custom_css":"","ghostkit_custom_js_head":"","ghostkit_custom_js_foot":"","ghostkit_typography":""},"productdetails":[379,380,381],"productneck":[356],"productcolor":[393,392],"maat":[],"productsupplier":[461],"productsleeve":[359],"productcategory":[18],"productsilhouette":[387],"productstyle":[366],"class_list":["post-59939","product","type-product","status-publish","has-post-thumbnail","hentry","productdetails-379","productdetails-380","productdetails-381","productneck-356","productcolor-393","productcolor-392","productsupplier-enzoani-prive","productsleeve-359","productcategory-trouwjurken","productsilhouette-387","productstyle-366"],"acf":[],"yoast_head":"<!-- This site is optimized with the Yoast SEO plugin v27.3 - https:\/\/yoast.com\/product\/yoast-seo-wordpress\/ -->\n<title>Enzoani Prive Ellison | Koonings<\/title>\n<meta name=\"description\" content=\"Faites-vous remarquer avec Ellison ! \u00c9voquant un sens du romantisme moderne et de l&#039;\u00e9l\u00e9gance classique, cette superbe robe de mari\u00e9e ajust\u00e9e et \u00e9vas\u00e9e pr\u00e9sente une dentelle florale et baroque brod\u00e9e de fa\u00e7on complexe qui orne le corsage avec un d\u00e9collet\u00e9 profond et s&#039;\u00e9coule le long de la jupe Mikado \u00e9troite. La silhouette ajust\u00e9e accentue les courbes de la mari\u00e9e, tandis que les appliqu\u00e9s floraux en 3D sur les couches \u00e9vas\u00e9es de tulle et d&#039;organza de la jupe ajoutent du mouvement et du drame, captivant tous ceux qui la regardent le jour de son mariage.\" \/>\n<meta name=\"robots\" content=\"index, follow, max-snippet:-1, max-image-preview:large, max-video-preview:-1\" \/>\n<link rel=\"canonical\" href=\"https:\/\/www.koonings.com\/fr\/product\/enzoani-prive-ellison\/\" \/>\n<meta property=\"og:locale\" content=\"fr_FR\" \/>\n<meta property=\"og:type\" content=\"article\" \/>\n<meta property=\"og:title\" content=\"Enzoani Prive Ellison | Koonings\" \/>\n<meta property=\"og:description\" content=\"Faites-vous remarquer avec Ellison ! \u00c9voquant un sens du romantisme moderne et de l&#039;\u00e9l\u00e9gance classique, cette superbe robe de mari\u00e9e ajust\u00e9e et \u00e9vas\u00e9e pr\u00e9sente une dentelle florale et baroque brod\u00e9e de fa\u00e7on complexe qui orne le corsage avec un d\u00e9collet\u00e9 profond et s&#039;\u00e9coule le long de la jupe Mikado \u00e9troite. La silhouette ajust\u00e9e accentue les courbes de la mari\u00e9e, tandis que les appliqu\u00e9s floraux en 3D sur les couches \u00e9vas\u00e9es de tulle et d&#039;organza de la jupe ajoutent du mouvement et du drame, captivant tous ceux qui la regardent le jour de son mariage.\" \/>\n<meta property=\"og:url\" content=\"https:\/\/www.koonings.com\/fr\/product\/enzoani-prive-ellison\/\" \/>\n<meta property=\"og:site_name\" content=\"Koonings\" \/>\n<meta property=\"article:publisher\" content=\"https:\/\/www.facebook.com\/kooningstheweddingpalace\" \/>\n<meta property=\"og:image\" content=\"https:\/\/www.koonings.com\/wp-content\/uploads\/2024\/11\/49108_905bf07764850cec303d33dbbb2c9e1984f57c40561d25f64c974b830c54113edeb0e7df.jpeg\" \/>\n\t<meta property=\"og:image:width\" content=\"1064\" \/>\n\t<meta property=\"og:image:height\" content=\"1418\" \/>\n\t<meta property=\"og:image:type\" content=\"image\/jpeg\" \/>\n<meta name=\"twitter:card\" content=\"summary_large_image\" \/>\n<meta name=\"twitter:label1\" content=\"Dur\u00e9e de lecture estim\u00e9e\" \/>\n\t<meta name=\"twitter:data1\" content=\"1 minute\" \/>\n<script type=\"application\/ld+json\" class=\"yoast-schema-graph\">{\"@context\":\"https:\\\/\\\/schema.org\",\"@graph\":[{\"@type\":\"WebPage\",\"@id\":\"https:\\\/\\\/www.koonings.com\\\/fr\\\/product\\\/enzoani-prive-ellison\\\/\",\"url\":\"https:\\\/\\\/www.koonings.com\\\/fr\\\/product\\\/enzoani-prive-ellison\\\/\",\"name\":\"Enzoani Prive Ellison | Koonings\",\"isPartOf\":{\"@id\":\"https:\\\/\\\/www.koonings.com\\\/fr\\\/#website\"},\"primaryImageOfPage\":{\"@id\":\"https:\\\/\\\/www.koonings.com\\\/fr\\\/product\\\/enzoani-prive-ellison\\\/#primaryimage\"},\"image\":{\"@id\":\"https:\\\/\\\/www.koonings.com\\\/fr\\\/product\\\/enzoani-prive-ellison\\\/#primaryimage\"},\"thumbnailUrl\":\"https:\\\/\\\/www.koonings.com\\\/wp-content\\\/uploads\\\/2024\\\/11\\\/49108_905bf07764850cec303d33dbbb2c9e1984f57c40561d25f64c974b830c54113edeb0e7df.jpeg\",\"datePublished\":\"2026-05-06T13:28:29+00:00\",\"description\":\"Faites-vous remarquer avec Ellison ! \u00c9voquant un sens du romantisme moderne et de l'\u00e9l\u00e9gance classique, cette superbe robe de mari\u00e9e ajust\u00e9e et \u00e9vas\u00e9e pr\u00e9sente une dentelle florale et baroque brod\u00e9e de fa\u00e7on complexe qui orne le corsage avec un d\u00e9collet\u00e9 profond et s'\u00e9coule le long de la jupe Mikado \u00e9troite. La silhouette ajust\u00e9e accentue les courbes de la mari\u00e9e, tandis que les appliqu\u00e9s floraux en 3D sur les couches \u00e9vas\u00e9es de tulle et d'organza de la jupe ajoutent du mouvement et du drame, captivant tous ceux qui la regardent le jour de son mariage.\",\"breadcrumb\":{\"@id\":\"https:\\\/\\\/www.koonings.com\\\/fr\\\/product\\\/enzoani-prive-ellison\\\/#breadcrumb\"},\"inLanguage\":\"fr-FR\",\"potentialAction\":[{\"@type\":\"ReadAction\",\"target\":[\"https:\\\/\\\/www.koonings.com\\\/fr\\\/product\\\/enzoani-prive-ellison\\\/\"]}]},{\"@type\":\"ImageObject\",\"inLanguage\":\"fr-FR\",\"@id\":\"https:\\\/\\\/www.koonings.com\\\/fr\\\/product\\\/enzoani-prive-ellison\\\/#primaryimage\",\"url\":\"https:\\\/\\\/www.koonings.com\\\/wp-content\\\/uploads\\\/2024\\\/11\\\/49108_905bf07764850cec303d33dbbb2c9e1984f57c40561d25f64c974b830c54113edeb0e7df.jpeg\",\"contentUrl\":\"https:\\\/\\\/www.koonings.com\\\/wp-content\\\/uploads\\\/2024\\\/11\\\/49108_905bf07764850cec303d33dbbb2c9e1984f57c40561d25f64c974b830c54113edeb0e7df.jpeg\",\"width\":1064,\"height\":1418},{\"@type\":\"BreadcrumbList\",\"@id\":\"https:\\\/\\\/www.koonings.com\\\/fr\\\/product\\\/enzoani-prive-ellison\\\/#breadcrumb\",\"itemListElement\":[{\"@type\":\"ListItem\",\"position\":1,\"name\":\"Home\",\"item\":\"https:\\\/\\\/www.koonings.com\\\/fr\\\/\"},{\"@type\":\"ListItem\",\"position\":2,\"name\":\"Enzoani Prive Ellison\"}]},{\"@type\":\"WebSite\",\"@id\":\"https:\\\/\\\/www.koonings.com\\\/fr\\\/#website\",\"url\":\"https:\\\/\\\/www.koonings.com\\\/fr\\\/\",\"name\":\"Koonings\",\"description\":\"De grootste bruidsmodewinkel ter wereld\",\"publisher\":{\"@id\":\"https:\\\/\\\/www.koonings.com\\\/fr\\\/#organization\"},\"potentialAction\":[{\"@type\":\"SearchAction\",\"target\":{\"@type\":\"EntryPoint\",\"urlTemplate\":\"https:\\\/\\\/www.koonings.com\\\/fr\\\/?s={search_term_string}\"},\"query-input\":{\"@type\":\"PropertyValueSpecification\",\"valueRequired\":true,\"valueName\":\"search_term_string\"}}],\"inLanguage\":\"fr-FR\"},{\"@type\":\"Organization\",\"@id\":\"https:\\\/\\\/www.koonings.com\\\/fr\\\/#organization\",\"name\":\"Koonings\",\"url\":\"https:\\\/\\\/www.koonings.com\\\/fr\\\/\",\"logo\":{\"@type\":\"ImageObject\",\"inLanguage\":\"fr-FR\",\"@id\":\"https:\\\/\\\/www.koonings.com\\\/fr\\\/#\\\/schema\\\/logo\\\/image\\\/\",\"url\":\"https:\\\/\\\/www.koonings.com\\\/wp-content\\\/uploads\\\/2024\\\/07\\\/logo.png\",\"contentUrl\":\"https:\\\/\\\/www.koonings.com\\\/wp-content\\\/uploads\\\/2024\\\/07\\\/logo.png\",\"width\":600,\"height\":428,\"caption\":\"Koonings\"},\"image\":{\"@id\":\"https:\\\/\\\/www.koonings.com\\\/fr\\\/#\\\/schema\\\/logo\\\/image\\\/\"},\"sameAs\":[\"https:\\\/\\\/www.facebook.com\\\/kooningstheweddingpalace\",\"https:\\\/\\\/www.instagram.com\\\/kooningstheweddingpalace\",\"https:\\\/\\\/www.pinterest.com\\\/koonings\",\"https:\\\/\\\/www.youtube.com\\\/kooningstheweddingpalace\"]}]}<\/script>\n<!-- \/ Yoast SEO plugin. -->","yoast_head_json":{"title":"Enzoani Prive Ellison | Koonings","description":"Faites-vous remarquer avec Ellison ! \u00c9voquant un sens du romantisme moderne et de l'\u00e9l\u00e9gance classique, cette superbe robe de mari\u00e9e ajust\u00e9e et \u00e9vas\u00e9e pr\u00e9sente une dentelle florale et baroque brod\u00e9e de fa\u00e7on complexe qui orne le corsage avec un d\u00e9collet\u00e9 profond et s'\u00e9coule le long de la jupe Mikado \u00e9troite. La silhouette ajust\u00e9e accentue les courbes de la mari\u00e9e, tandis que les appliqu\u00e9s floraux en 3D sur les couches \u00e9vas\u00e9es de tulle et d'organza de la jupe ajoutent du mouvement et du drame, captivant tous ceux qui la regardent le jour de son mariage.","robots":{"index":"index","follow":"follow","max-snippet":"max-snippet:-1","max-image-preview":"max-image-preview:large","max-video-preview":"max-video-preview:-1"},"canonical":"https:\/\/www.koonings.com\/fr\/product\/enzoani-prive-ellison\/","og_locale":"fr_FR","og_type":"article","og_title":"Enzoani Prive Ellison | Koonings","og_description":"Faites-vous remarquer avec Ellison ! \u00c9voquant un sens du romantisme moderne et de l'\u00e9l\u00e9gance classique, cette superbe robe de mari\u00e9e ajust\u00e9e et \u00e9vas\u00e9e pr\u00e9sente une dentelle florale et baroque brod\u00e9e de fa\u00e7on complexe qui orne le corsage avec un d\u00e9collet\u00e9 profond et s'\u00e9coule le long de la jupe Mikado \u00e9troite. La silhouette ajust\u00e9e accentue les courbes de la mari\u00e9e, tandis que les appliqu\u00e9s floraux en 3D sur les couches \u00e9vas\u00e9es de tulle et d'organza de la jupe ajoutent du mouvement et du drame, captivant tous ceux qui la regardent le jour de son mariage.","og_url":"https:\/\/www.koonings.com\/fr\/product\/enzoani-prive-ellison\/","og_site_name":"Koonings","article_publisher":"https:\/\/www.facebook.com\/kooningstheweddingpalace","og_image":[{"width":1064,"height":1418,"url":"https:\/\/www.koonings.com\/wp-content\/uploads\/2024\/11\/49108_905bf07764850cec303d33dbbb2c9e1984f57c40561d25f64c974b830c54113edeb0e7df.jpeg","type":"image\/jpeg"}],"twitter_card":"summary_large_image","twitter_misc":{"Dur\u00e9e de lecture estim\u00e9e":"1 minute"},"schema":{"@context":"https:\/\/schema.org","@graph":[{"@type":"WebPage","@id":"https:\/\/www.koonings.com\/fr\/product\/enzoani-prive-ellison\/","url":"https:\/\/www.koonings.com\/fr\/product\/enzoani-prive-ellison\/","name":"Enzoani Prive Ellison | Koonings","isPartOf":{"@id":"https:\/\/www.koonings.com\/fr\/#website"},"primaryImageOfPage":{"@id":"https:\/\/www.koonings.com\/fr\/product\/enzoani-prive-ellison\/#primaryimage"},"image":{"@id":"https:\/\/www.koonings.com\/fr\/product\/enzoani-prive-ellison\/#primaryimage"},"thumbnailUrl":"https:\/\/www.koonings.com\/wp-content\/uploads\/2024\/11\/49108_905bf07764850cec303d33dbbb2c9e1984f57c40561d25f64c974b830c54113edeb0e7df.jpeg","datePublished":"2026-05-06T13:28:29+00:00","description":"Faites-vous remarquer avec Ellison ! \u00c9voquant un sens du romantisme moderne et de l'\u00e9l\u00e9gance classique, cette superbe robe de mari\u00e9e ajust\u00e9e et \u00e9vas\u00e9e pr\u00e9sente une dentelle florale et baroque brod\u00e9e de fa\u00e7on complexe qui orne le corsage avec un d\u00e9collet\u00e9 profond et s'\u00e9coule le long de la jupe Mikado \u00e9troite. La silhouette ajust\u00e9e accentue les courbes de la mari\u00e9e, tandis que les appliqu\u00e9s floraux en 3D sur les couches \u00e9vas\u00e9es de tulle et d'organza de la jupe ajoutent du mouvement et du drame, captivant tous ceux qui la regardent le jour de son mariage.","breadcrumb":{"@id":"https:\/\/www.koonings.com\/fr\/product\/enzoani-prive-ellison\/#breadcrumb"},"inLanguage":"fr-FR","potentialAction":[{"@type":"ReadAction","target":["https:\/\/www.koonings.com\/fr\/product\/enzoani-prive-ellison\/"]}]},{"@type":"ImageObject","inLanguage":"fr-FR","@id":"https:\/\/www.koonings.com\/fr\/product\/enzoani-prive-ellison\/#primaryimage","url":"https:\/\/www.koonings.com\/wp-content\/uploads\/2024\/11\/49108_905bf07764850cec303d33dbbb2c9e1984f57c40561d25f64c974b830c54113edeb0e7df.jpeg","contentUrl":"https:\/\/www.koonings.com\/wp-content\/uploads\/2024\/11\/49108_905bf07764850cec303d33dbbb2c9e1984f57c40561d25f64c974b830c54113edeb0e7df.jpeg","width":1064,"height":1418},{"@type":"BreadcrumbList","@id":"https:\/\/www.koonings.com\/fr\/product\/enzoani-prive-ellison\/#breadcrumb","itemListElement":[{"@type":"ListItem","position":1,"name":"Home","item":"https:\/\/www.koonings.com\/fr\/"},{"@type":"ListItem","position":2,"name":"Enzoani Prive Ellison"}]},{"@type":"WebSite","@id":"https:\/\/www.koonings.com\/fr\/#website","url":"https:\/\/www.koonings.com\/fr\/","name":"Koonings","description":"De grootste bruidsmodewinkel ter wereld","publisher":{"@id":"https:\/\/www.koonings.com\/fr\/#organization"},"potentialAction":[{"@type":"SearchAction","target":{"@type":"EntryPoint","urlTemplate":"https:\/\/www.koonings.com\/fr\/?s={search_term_string}"},"query-input":{"@type":"PropertyValueSpecification","valueRequired":true,"valueName":"search_term_string"}}],"inLanguage":"fr-FR"},{"@type":"Organization","@id":"https:\/\/www.koonings.com\/fr\/#organization","name":"Koonings","url":"https:\/\/www.koonings.com\/fr\/","logo":{"@type":"ImageObject","inLanguage":"fr-FR","@id":"https:\/\/www.koonings.com\/fr\/#\/schema\/logo\/image\/","url":"https:\/\/www.koonings.com\/wp-content\/uploads\/2024\/07\/logo.png","contentUrl":"https:\/\/www.koonings.com\/wp-content\/uploads\/2024\/07\/logo.png","width":600,"height":428,"caption":"Koonings"},"image":{"@id":"https:\/\/www.koonings.com\/fr\/#\/schema\/logo\/image\/"},"sameAs":["https:\/\/www.facebook.com\/kooningstheweddingpalace","https:\/\/www.instagram.com\/kooningstheweddingpalace","https:\/\/www.pinterest.com\/koonings","https:\/\/www.youtube.com\/kooningstheweddingpalace"]}]}},"_links":{"self":[{"href":"https:\/\/www.koonings.com\/fr\/wp-json\/wp\/v2\/product\/59939","targetHints":{"allow":["GET"]}}],"collection":[{"href":"https:\/\/www.koonings.com\/fr\/wp-json\/wp\/v2\/product"}],"about":[{"href":"https:\/\/www.koonings.com\/fr\/wp-json\/wp\/v2\/types\/product"}],"wp:featuredmedia":[{"embeddable":true,"href":"https:\/\/www.koonings.com\/fr\/wp-json\/wp\/v2\/media\/55370"}],"wp:attachment":[{"href":"https:\/\/www.koonings.com\/fr\/wp-json\/wp\/v2\/media?parent=59939"}],"wp:term":[{"taxonomy":"productdetails","embeddable":true,"href":"https:\/\/www.koonings.com\/fr\/wp-json\/wp\/v2\/productdetails?post=59939"},{"taxonomy":"productneck","embeddable":true,"href":"https:\/\/www.koonings.com\/fr\/wp-json\/wp\/v2\/productneck?post=59939"},{"taxonomy":"productcolor","embeddable":true,"href":"https:\/\/www.koonings.com\/fr\/wp-json\/wp\/v2\/productcolor?post=59939"},{"taxonomy":"maat","embeddable":true,"href":"https:\/\/www.koonings.com\/fr\/wp-json\/wp\/v2\/maat?post=59939"},{"taxonomy":"productsupplier","embeddable":true,"href":"https:\/\/www.koonings.com\/fr\/wp-json\/wp\/v2\/productsupplier?post=59939"},{"taxonomy":"productsleeve","embeddable":true,"href":"https:\/\/www.koonings.com\/fr\/wp-json\/wp\/v2\/productsleeve?post=59939"},{"taxonomy":"productcategory","embeddable":true,"href":"https:\/\/www.koonings.com\/fr\/wp-json\/wp\/v2\/productcategory?post=59939"},{"taxonomy":"productsilhouette","embeddable":true,"href":"https:\/\/www.koonings.com\/fr\/wp-json\/wp\/v2\/productsilhouette?post=59939"},{"taxonomy":"productstyle","embeddable":true,"href":"https:\/\/www.koonings.com\/fr\/wp-json\/wp\/v2\/productstyle?post=59939"}],"curies":[{"name":"wp","href":"https:\/\/api.w.org\/{rel}","templated":true}]}}