{"id":59936,"date":"2026-04-28T18:28:17","date_gmt":"2026-04-28T16:28:17","guid":{"rendered":"https:\/\/www.koonings.com\/product\/enzoani-prive-elaine\/"},"modified":"2025-06-05T13:20:36","modified_gmt":"2025-06-05T11:20:36","slug":"enzoani-prive-elaine","status":"publish","type":"product","link":"https:\/\/www.koonings.com\/fr\/product\/enzoani-prive-elaine\/","title":{"rendered":"Enzoani Prive Elaine"},"content":{"rendered":"<p>\u00c9voquant un sentiment de romance et de sophistication, Elaine pr\u00e9sente une dentelle florale complexe avec des cordons et de la dentelle baroque \u00e9tincelante allant du corsage avec d\u00e9collet\u00e9 en V \u00e0 la jupe lisse et luxueuse en georgette extensible avec une tra\u00eene sculpt\u00e9e \u00e0 couper le souffle. Les longues manches amovibles en dentelle et le bas du dos ajoutent une touche de modernit\u00e9, tandis que la silhouette ajust\u00e9e flatte la silhouette, ce qui en fait le choix id\u00e9al pour les mari\u00e9es qui recherchent un look intemporel mais contemporain. <\/p>\n","protected":false},"featured_media":55341,"template":"","meta":{"_acf_changed":false,"ghostkit_customizer_options":"","ghostkit_custom_css":"","ghostkit_custom_js_head":"","ghostkit_custom_js_foot":"","ghostkit_typography":""},"productdetails":[379,376],"productneck":[356],"productcolor":[393,392],"maat":[],"productsupplier":[461],"productsleeve":[359],"productcategory":[18],"productsilhouette":[389],"productstyle":[369],"class_list":["post-59936","product","type-product","status-publish","has-post-thumbnail","hentry","productdetails-379","productdetails-376","productneck-356","productcolor-393","productcolor-392","productsupplier-enzoani-prive","productsleeve-359","productcategory-trouwjurken","productsilhouette-389","productstyle-369"],"acf":[],"yoast_head":"<!-- This site is optimized with the Yoast SEO plugin v27.3 - https:\/\/yoast.com\/product\/yoast-seo-wordpress\/ -->\n<title>Enzoani Prive Elaine | Koonings<\/title>\n<meta name=\"description\" content=\"\u00c9voquant un sentiment de romance et de sophistication, Elaine pr\u00e9sente une dentelle florale complexe avec des cordons et de la dentelle baroque \u00e9tincelante allant du corsage avec d\u00e9collet\u00e9 en V \u00e0 la jupe lisse et luxueuse en georgette extensible avec une tra\u00eene sculpt\u00e9e \u00e0 couper le souffle. Les longues manches amovibles en dentelle et le bas du dos ajoutent une touche de modernit\u00e9, tandis que la silhouette ajust\u00e9e flatte la silhouette, ce qui en fait le choix id\u00e9al pour les mari\u00e9es qui recherchent un look intemporel mais contemporain.\" \/>\n<meta name=\"robots\" content=\"index, follow, max-snippet:-1, max-image-preview:large, max-video-preview:-1\" \/>\n<link rel=\"canonical\" href=\"https:\/\/www.koonings.com\/fr\/product\/enzoani-prive-elaine\/\" \/>\n<meta property=\"og:locale\" content=\"fr_FR\" \/>\n<meta property=\"og:type\" content=\"article\" \/>\n<meta property=\"og:title\" content=\"Enzoani Prive Elaine | Koonings\" \/>\n<meta property=\"og:description\" content=\"\u00c9voquant un sentiment de romance et de sophistication, Elaine pr\u00e9sente une dentelle florale complexe avec des cordons et de la dentelle baroque \u00e9tincelante allant du corsage avec d\u00e9collet\u00e9 en V \u00e0 la jupe lisse et luxueuse en georgette extensible avec une tra\u00eene sculpt\u00e9e \u00e0 couper le souffle. Les longues manches amovibles en dentelle et le bas du dos ajoutent une touche de modernit\u00e9, tandis que la silhouette ajust\u00e9e flatte la silhouette, ce qui en fait le choix id\u00e9al pour les mari\u00e9es qui recherchent un look intemporel mais contemporain.\" \/>\n<meta property=\"og:url\" content=\"https:\/\/www.koonings.com\/fr\/product\/enzoani-prive-elaine\/\" \/>\n<meta property=\"og:site_name\" content=\"Koonings\" \/>\n<meta property=\"article:publisher\" content=\"https:\/\/www.facebook.com\/kooningstheweddingpalace\" \/>\n<meta property=\"og:image\" content=\"https:\/\/www.koonings.com\/wp-content\/uploads\/2024\/11\/49107_66653bad3725535b59071cfe1a7f3f976a81d416b0a378aa802b56d0042e27336f1477a9.jpeg\" \/>\n\t<meta property=\"og:image:width\" content=\"955\" \/>\n\t<meta property=\"og:image:height\" content=\"1350\" \/>\n\t<meta property=\"og:image:type\" content=\"image\/jpeg\" \/>\n<meta name=\"twitter:card\" content=\"summary_large_image\" \/>\n<script type=\"application\/ld+json\" class=\"yoast-schema-graph\">{\"@context\":\"https:\\\/\\\/schema.org\",\"@graph\":[{\"@type\":\"WebPage\",\"@id\":\"https:\\\/\\\/www.koonings.com\\\/fr\\\/product\\\/enzoani-prive-elaine\\\/\",\"url\":\"https:\\\/\\\/www.koonings.com\\\/fr\\\/product\\\/enzoani-prive-elaine\\\/\",\"name\":\"Enzoani Prive Elaine | Koonings\",\"isPartOf\":{\"@id\":\"https:\\\/\\\/www.koonings.com\\\/fr\\\/#website\"},\"primaryImageOfPage\":{\"@id\":\"https:\\\/\\\/www.koonings.com\\\/fr\\\/product\\\/enzoani-prive-elaine\\\/#primaryimage\"},\"image\":{\"@id\":\"https:\\\/\\\/www.koonings.com\\\/fr\\\/product\\\/enzoani-prive-elaine\\\/#primaryimage\"},\"thumbnailUrl\":\"https:\\\/\\\/www.koonings.com\\\/wp-content\\\/uploads\\\/2024\\\/11\\\/49107_66653bad3725535b59071cfe1a7f3f976a81d416b0a378aa802b56d0042e27336f1477a9.jpeg\",\"datePublished\":\"2026-04-28T16:28:17+00:00\",\"description\":\"\u00c9voquant un sentiment de romance et de sophistication, Elaine pr\u00e9sente une dentelle florale complexe avec des cordons et de la dentelle baroque \u00e9tincelante allant du corsage avec d\u00e9collet\u00e9 en V \u00e0 la jupe lisse et luxueuse en georgette extensible avec une tra\u00eene sculpt\u00e9e \u00e0 couper le souffle. Les longues manches amovibles en dentelle et le bas du dos ajoutent une touche de modernit\u00e9, tandis que la silhouette ajust\u00e9e flatte la silhouette, ce qui en fait le choix id\u00e9al pour les mari\u00e9es qui recherchent un look intemporel mais contemporain.\",\"breadcrumb\":{\"@id\":\"https:\\\/\\\/www.koonings.com\\\/fr\\\/product\\\/enzoani-prive-elaine\\\/#breadcrumb\"},\"inLanguage\":\"fr-FR\",\"potentialAction\":[{\"@type\":\"ReadAction\",\"target\":[\"https:\\\/\\\/www.koonings.com\\\/fr\\\/product\\\/enzoani-prive-elaine\\\/\"]}]},{\"@type\":\"ImageObject\",\"inLanguage\":\"fr-FR\",\"@id\":\"https:\\\/\\\/www.koonings.com\\\/fr\\\/product\\\/enzoani-prive-elaine\\\/#primaryimage\",\"url\":\"https:\\\/\\\/www.koonings.com\\\/wp-content\\\/uploads\\\/2024\\\/11\\\/49107_66653bad3725535b59071cfe1a7f3f976a81d416b0a378aa802b56d0042e27336f1477a9.jpeg\",\"contentUrl\":\"https:\\\/\\\/www.koonings.com\\\/wp-content\\\/uploads\\\/2024\\\/11\\\/49107_66653bad3725535b59071cfe1a7f3f976a81d416b0a378aa802b56d0042e27336f1477a9.jpeg\",\"width\":955,\"height\":1350},{\"@type\":\"BreadcrumbList\",\"@id\":\"https:\\\/\\\/www.koonings.com\\\/fr\\\/product\\\/enzoani-prive-elaine\\\/#breadcrumb\",\"itemListElement\":[{\"@type\":\"ListItem\",\"position\":1,\"name\":\"Home\",\"item\":\"https:\\\/\\\/www.koonings.com\\\/fr\\\/\"},{\"@type\":\"ListItem\",\"position\":2,\"name\":\"Enzoani Prive Elaine\"}]},{\"@type\":\"WebSite\",\"@id\":\"https:\\\/\\\/www.koonings.com\\\/fr\\\/#website\",\"url\":\"https:\\\/\\\/www.koonings.com\\\/fr\\\/\",\"name\":\"Koonings\",\"description\":\"De grootste bruidsmodewinkel ter wereld\",\"publisher\":{\"@id\":\"https:\\\/\\\/www.koonings.com\\\/fr\\\/#organization\"},\"potentialAction\":[{\"@type\":\"SearchAction\",\"target\":{\"@type\":\"EntryPoint\",\"urlTemplate\":\"https:\\\/\\\/www.koonings.com\\\/fr\\\/?s={search_term_string}\"},\"query-input\":{\"@type\":\"PropertyValueSpecification\",\"valueRequired\":true,\"valueName\":\"search_term_string\"}}],\"inLanguage\":\"fr-FR\"},{\"@type\":\"Organization\",\"@id\":\"https:\\\/\\\/www.koonings.com\\\/fr\\\/#organization\",\"name\":\"Koonings\",\"url\":\"https:\\\/\\\/www.koonings.com\\\/fr\\\/\",\"logo\":{\"@type\":\"ImageObject\",\"inLanguage\":\"fr-FR\",\"@id\":\"https:\\\/\\\/www.koonings.com\\\/fr\\\/#\\\/schema\\\/logo\\\/image\\\/\",\"url\":\"https:\\\/\\\/www.koonings.com\\\/wp-content\\\/uploads\\\/2024\\\/07\\\/logo.png\",\"contentUrl\":\"https:\\\/\\\/www.koonings.com\\\/wp-content\\\/uploads\\\/2024\\\/07\\\/logo.png\",\"width\":600,\"height\":428,\"caption\":\"Koonings\"},\"image\":{\"@id\":\"https:\\\/\\\/www.koonings.com\\\/fr\\\/#\\\/schema\\\/logo\\\/image\\\/\"},\"sameAs\":[\"https:\\\/\\\/www.facebook.com\\\/kooningstheweddingpalace\",\"https:\\\/\\\/www.instagram.com\\\/kooningstheweddingpalace\",\"https:\\\/\\\/www.pinterest.com\\\/koonings\",\"https:\\\/\\\/www.youtube.com\\\/kooningstheweddingpalace\"]}]}<\/script>\n<!-- \/ Yoast SEO plugin. -->","yoast_head_json":{"title":"Enzoani Prive Elaine | Koonings","description":"\u00c9voquant un sentiment de romance et de sophistication, Elaine pr\u00e9sente une dentelle florale complexe avec des cordons et de la dentelle baroque \u00e9tincelante allant du corsage avec d\u00e9collet\u00e9 en V \u00e0 la jupe lisse et luxueuse en georgette extensible avec une tra\u00eene sculpt\u00e9e \u00e0 couper le souffle. Les longues manches amovibles en dentelle et le bas du dos ajoutent une touche de modernit\u00e9, tandis que la silhouette ajust\u00e9e flatte la silhouette, ce qui en fait le choix id\u00e9al pour les mari\u00e9es qui recherchent un look intemporel mais contemporain.","robots":{"index":"index","follow":"follow","max-snippet":"max-snippet:-1","max-image-preview":"max-image-preview:large","max-video-preview":"max-video-preview:-1"},"canonical":"https:\/\/www.koonings.com\/fr\/product\/enzoani-prive-elaine\/","og_locale":"fr_FR","og_type":"article","og_title":"Enzoani Prive Elaine | Koonings","og_description":"\u00c9voquant un sentiment de romance et de sophistication, Elaine pr\u00e9sente une dentelle florale complexe avec des cordons et de la dentelle baroque \u00e9tincelante allant du corsage avec d\u00e9collet\u00e9 en V \u00e0 la jupe lisse et luxueuse en georgette extensible avec une tra\u00eene sculpt\u00e9e \u00e0 couper le souffle. Les longues manches amovibles en dentelle et le bas du dos ajoutent une touche de modernit\u00e9, tandis que la silhouette ajust\u00e9e flatte la silhouette, ce qui en fait le choix id\u00e9al pour les mari\u00e9es qui recherchent un look intemporel mais contemporain.","og_url":"https:\/\/www.koonings.com\/fr\/product\/enzoani-prive-elaine\/","og_site_name":"Koonings","article_publisher":"https:\/\/www.facebook.com\/kooningstheweddingpalace","og_image":[{"width":955,"height":1350,"url":"https:\/\/www.koonings.com\/wp-content\/uploads\/2024\/11\/49107_66653bad3725535b59071cfe1a7f3f976a81d416b0a378aa802b56d0042e27336f1477a9.jpeg","type":"image\/jpeg"}],"twitter_card":"summary_large_image","schema":{"@context":"https:\/\/schema.org","@graph":[{"@type":"WebPage","@id":"https:\/\/www.koonings.com\/fr\/product\/enzoani-prive-elaine\/","url":"https:\/\/www.koonings.com\/fr\/product\/enzoani-prive-elaine\/","name":"Enzoani Prive Elaine | Koonings","isPartOf":{"@id":"https:\/\/www.koonings.com\/fr\/#website"},"primaryImageOfPage":{"@id":"https:\/\/www.koonings.com\/fr\/product\/enzoani-prive-elaine\/#primaryimage"},"image":{"@id":"https:\/\/www.koonings.com\/fr\/product\/enzoani-prive-elaine\/#primaryimage"},"thumbnailUrl":"https:\/\/www.koonings.com\/wp-content\/uploads\/2024\/11\/49107_66653bad3725535b59071cfe1a7f3f976a81d416b0a378aa802b56d0042e27336f1477a9.jpeg","datePublished":"2026-04-28T16:28:17+00:00","description":"\u00c9voquant un sentiment de romance et de sophistication, Elaine pr\u00e9sente une dentelle florale complexe avec des cordons et de la dentelle baroque \u00e9tincelante allant du corsage avec d\u00e9collet\u00e9 en V \u00e0 la jupe lisse et luxueuse en georgette extensible avec une tra\u00eene sculpt\u00e9e \u00e0 couper le souffle. Les longues manches amovibles en dentelle et le bas du dos ajoutent une touche de modernit\u00e9, tandis que la silhouette ajust\u00e9e flatte la silhouette, ce qui en fait le choix id\u00e9al pour les mari\u00e9es qui recherchent un look intemporel mais contemporain.","breadcrumb":{"@id":"https:\/\/www.koonings.com\/fr\/product\/enzoani-prive-elaine\/#breadcrumb"},"inLanguage":"fr-FR","potentialAction":[{"@type":"ReadAction","target":["https:\/\/www.koonings.com\/fr\/product\/enzoani-prive-elaine\/"]}]},{"@type":"ImageObject","inLanguage":"fr-FR","@id":"https:\/\/www.koonings.com\/fr\/product\/enzoani-prive-elaine\/#primaryimage","url":"https:\/\/www.koonings.com\/wp-content\/uploads\/2024\/11\/49107_66653bad3725535b59071cfe1a7f3f976a81d416b0a378aa802b56d0042e27336f1477a9.jpeg","contentUrl":"https:\/\/www.koonings.com\/wp-content\/uploads\/2024\/11\/49107_66653bad3725535b59071cfe1a7f3f976a81d416b0a378aa802b56d0042e27336f1477a9.jpeg","width":955,"height":1350},{"@type":"BreadcrumbList","@id":"https:\/\/www.koonings.com\/fr\/product\/enzoani-prive-elaine\/#breadcrumb","itemListElement":[{"@type":"ListItem","position":1,"name":"Home","item":"https:\/\/www.koonings.com\/fr\/"},{"@type":"ListItem","position":2,"name":"Enzoani Prive Elaine"}]},{"@type":"WebSite","@id":"https:\/\/www.koonings.com\/fr\/#website","url":"https:\/\/www.koonings.com\/fr\/","name":"Koonings","description":"De grootste bruidsmodewinkel ter wereld","publisher":{"@id":"https:\/\/www.koonings.com\/fr\/#organization"},"potentialAction":[{"@type":"SearchAction","target":{"@type":"EntryPoint","urlTemplate":"https:\/\/www.koonings.com\/fr\/?s={search_term_string}"},"query-input":{"@type":"PropertyValueSpecification","valueRequired":true,"valueName":"search_term_string"}}],"inLanguage":"fr-FR"},{"@type":"Organization","@id":"https:\/\/www.koonings.com\/fr\/#organization","name":"Koonings","url":"https:\/\/www.koonings.com\/fr\/","logo":{"@type":"ImageObject","inLanguage":"fr-FR","@id":"https:\/\/www.koonings.com\/fr\/#\/schema\/logo\/image\/","url":"https:\/\/www.koonings.com\/wp-content\/uploads\/2024\/07\/logo.png","contentUrl":"https:\/\/www.koonings.com\/wp-content\/uploads\/2024\/07\/logo.png","width":600,"height":428,"caption":"Koonings"},"image":{"@id":"https:\/\/www.koonings.com\/fr\/#\/schema\/logo\/image\/"},"sameAs":["https:\/\/www.facebook.com\/kooningstheweddingpalace","https:\/\/www.instagram.com\/kooningstheweddingpalace","https:\/\/www.pinterest.com\/koonings","https:\/\/www.youtube.com\/kooningstheweddingpalace"]}]}},"_links":{"self":[{"href":"https:\/\/www.koonings.com\/fr\/wp-json\/wp\/v2\/product\/59936","targetHints":{"allow":["GET"]}}],"collection":[{"href":"https:\/\/www.koonings.com\/fr\/wp-json\/wp\/v2\/product"}],"about":[{"href":"https:\/\/www.koonings.com\/fr\/wp-json\/wp\/v2\/types\/product"}],"wp:featuredmedia":[{"embeddable":true,"href":"https:\/\/www.koonings.com\/fr\/wp-json\/wp\/v2\/media\/55341"}],"wp:attachment":[{"href":"https:\/\/www.koonings.com\/fr\/wp-json\/wp\/v2\/media?parent=59936"}],"wp:term":[{"taxonomy":"productdetails","embeddable":true,"href":"https:\/\/www.koonings.com\/fr\/wp-json\/wp\/v2\/productdetails?post=59936"},{"taxonomy":"productneck","embeddable":true,"href":"https:\/\/www.koonings.com\/fr\/wp-json\/wp\/v2\/productneck?post=59936"},{"taxonomy":"productcolor","embeddable":true,"href":"https:\/\/www.koonings.com\/fr\/wp-json\/wp\/v2\/productcolor?post=59936"},{"taxonomy":"maat","embeddable":true,"href":"https:\/\/www.koonings.com\/fr\/wp-json\/wp\/v2\/maat?post=59936"},{"taxonomy":"productsupplier","embeddable":true,"href":"https:\/\/www.koonings.com\/fr\/wp-json\/wp\/v2\/productsupplier?post=59936"},{"taxonomy":"productsleeve","embeddable":true,"href":"https:\/\/www.koonings.com\/fr\/wp-json\/wp\/v2\/productsleeve?post=59936"},{"taxonomy":"productcategory","embeddable":true,"href":"https:\/\/www.koonings.com\/fr\/wp-json\/wp\/v2\/productcategory?post=59936"},{"taxonomy":"productsilhouette","embeddable":true,"href":"https:\/\/www.koonings.com\/fr\/wp-json\/wp\/v2\/productsilhouette?post=59936"},{"taxonomy":"productstyle","embeddable":true,"href":"https:\/\/www.koonings.com\/fr\/wp-json\/wp\/v2\/productstyle?post=59936"}],"curies":[{"name":"wp","href":"https:\/\/api.w.org\/{rel}","templated":true}]}}