{"id":59934,"date":"2026-05-06T15:28:29","date_gmt":"2026-05-06T13:28:29","guid":{"rendered":"https:\/\/www.koonings.com\/product\/enzoani-prive-eloise\/"},"modified":"2025-06-05T13:24:03","modified_gmt":"2025-06-05T11:24:03","slug":"enzoani-prive-eloise","status":"publish","type":"product","link":"https:\/\/www.koonings.com\/fr\/product\/enzoani-prive-eloise\/","title":{"rendered":"Enzoani Prive Eloise"},"content":{"rendered":"<p>Eloise pr\u00e9sente un superbe corsage compos\u00e9 de dentelle florale brod\u00e9e, de dentelle baroque, de dentelle tourbillonnante avec des perles et de dentelle de Chantilly, avec un corset de tulle remarquable dans le dos qui ajoute une touche de drame et de douceur, assurant une coupe flatteuse et personnalisable pour la mari\u00e9e. La dentelle tourbillonnante complexe ajoute de la texture et de la dimension, tandis que le corsage ajust\u00e9 et la silhouette \u00e9l\u00e9gante flattent toutes les courbes, pour que la mari\u00e9e se sente \u00e9l\u00e9gante et s\u00fbre d&#8217;elle le jour de son mariage. Retirez les bretelles amovibles pour obtenir deux looks glamour en un.  <\/p>\n","protected":false},"featured_media":55379,"template":"","meta":{"_acf_changed":false,"ghostkit_customizer_options":"","ghostkit_custom_css":"","ghostkit_custom_js_head":"","ghostkit_custom_js_foot":"","ghostkit_typography":""},"productdetails":[379,381],"productneck":[354,355],"productcolor":[393,392],"maat":[],"productsupplier":[461],"productsleeve":[361],"productcategory":[18],"productsilhouette":[387],"productstyle":[369,366],"class_list":["post-59934","product","type-product","status-publish","has-post-thumbnail","hentry","productdetails-379","productdetails-381","productneck-354","productneck-355","productcolor-393","productcolor-392","productsupplier-enzoani-prive","productsleeve-361","productcategory-trouwjurken","productsilhouette-387","productstyle-369","productstyle-366"],"acf":[],"yoast_head":"<!-- This site is optimized with the Yoast SEO plugin v27.3 - https:\/\/yoast.com\/product\/yoast-seo-wordpress\/ -->\n<title>Enzoani Prive Eloise | Koonings<\/title>\n<meta name=\"description\" content=\"Eloise pr\u00e9sente un superbe corsage compos\u00e9 de dentelle florale brod\u00e9e, de dentelle baroque, de dentelle tourbillonnante avec des perles et de dentelle de Chantilly, avec un corset de tulle remarquable dans le dos qui ajoute une touche de drame et de douceur, assurant une coupe flatteuse et personnalisable pour la mari\u00e9e. La dentelle tourbillonnante complexe ajoute de la texture et de la dimension, tandis que le corsage ajust\u00e9 et la silhouette \u00e9l\u00e9gante flattent toutes les courbes, pour que la mari\u00e9e se sente \u00e9l\u00e9gante et s\u00fbre d&#039;elle le jour de son mariage. Retirez les bretelles amovibles pour obtenir deux looks glamour en un.\" \/>\n<meta name=\"robots\" content=\"index, follow, max-snippet:-1, max-image-preview:large, max-video-preview:-1\" \/>\n<link rel=\"canonical\" href=\"https:\/\/www.koonings.com\/fr\/product\/enzoani-prive-eloise\/\" \/>\n<meta property=\"og:locale\" content=\"fr_FR\" \/>\n<meta property=\"og:type\" content=\"article\" \/>\n<meta property=\"og:title\" content=\"Enzoani Prive Eloise | Koonings\" \/>\n<meta property=\"og:description\" content=\"Eloise pr\u00e9sente un superbe corsage compos\u00e9 de dentelle florale brod\u00e9e, de dentelle baroque, de dentelle tourbillonnante avec des perles et de dentelle de Chantilly, avec un corset de tulle remarquable dans le dos qui ajoute une touche de drame et de douceur, assurant une coupe flatteuse et personnalisable pour la mari\u00e9e. La dentelle tourbillonnante complexe ajoute de la texture et de la dimension, tandis que le corsage ajust\u00e9 et la silhouette \u00e9l\u00e9gante flattent toutes les courbes, pour que la mari\u00e9e se sente \u00e9l\u00e9gante et s\u00fbre d&#039;elle le jour de son mariage. Retirez les bretelles amovibles pour obtenir deux looks glamour en un.\" \/>\n<meta property=\"og:url\" content=\"https:\/\/www.koonings.com\/fr\/product\/enzoani-prive-eloise\/\" \/>\n<meta property=\"og:site_name\" content=\"Koonings\" \/>\n<meta property=\"article:publisher\" content=\"https:\/\/www.facebook.com\/kooningstheweddingpalace\" \/>\n<meta property=\"og:image\" content=\"https:\/\/www.koonings.com\/wp-content\/uploads\/2024\/11\/49109_a7937d5c34b60d5be52fc5a1474f47809fc76118de6fcc3cc958e473702a6d1e44423751.jpeg\" \/>\n\t<meta property=\"og:image:width\" content=\"943\" \/>\n\t<meta property=\"og:image:height\" content=\"1331\" \/>\n\t<meta property=\"og:image:type\" content=\"image\/jpeg\" \/>\n<meta name=\"twitter:card\" content=\"summary_large_image\" \/>\n<meta name=\"twitter:label1\" content=\"Dur\u00e9e de lecture estim\u00e9e\" \/>\n\t<meta name=\"twitter:data1\" content=\"1 minute\" \/>\n<script type=\"application\/ld+json\" class=\"yoast-schema-graph\">{\"@context\":\"https:\\\/\\\/schema.org\",\"@graph\":[{\"@type\":\"WebPage\",\"@id\":\"https:\\\/\\\/www.koonings.com\\\/fr\\\/product\\\/enzoani-prive-eloise\\\/\",\"url\":\"https:\\\/\\\/www.koonings.com\\\/fr\\\/product\\\/enzoani-prive-eloise\\\/\",\"name\":\"Enzoani Prive Eloise | Koonings\",\"isPartOf\":{\"@id\":\"https:\\\/\\\/www.koonings.com\\\/fr\\\/#website\"},\"primaryImageOfPage\":{\"@id\":\"https:\\\/\\\/www.koonings.com\\\/fr\\\/product\\\/enzoani-prive-eloise\\\/#primaryimage\"},\"image\":{\"@id\":\"https:\\\/\\\/www.koonings.com\\\/fr\\\/product\\\/enzoani-prive-eloise\\\/#primaryimage\"},\"thumbnailUrl\":\"https:\\\/\\\/www.koonings.com\\\/wp-content\\\/uploads\\\/2024\\\/11\\\/49109_a7937d5c34b60d5be52fc5a1474f47809fc76118de6fcc3cc958e473702a6d1e44423751.jpeg\",\"datePublished\":\"2026-05-06T13:28:29+00:00\",\"description\":\"Eloise pr\u00e9sente un superbe corsage compos\u00e9 de dentelle florale brod\u00e9e, de dentelle baroque, de dentelle tourbillonnante avec des perles et de dentelle de Chantilly, avec un corset de tulle remarquable dans le dos qui ajoute une touche de drame et de douceur, assurant une coupe flatteuse et personnalisable pour la mari\u00e9e. La dentelle tourbillonnante complexe ajoute de la texture et de la dimension, tandis que le corsage ajust\u00e9 et la silhouette \u00e9l\u00e9gante flattent toutes les courbes, pour que la mari\u00e9e se sente \u00e9l\u00e9gante et s\u00fbre d'elle le jour de son mariage. Retirez les bretelles amovibles pour obtenir deux looks glamour en un.\",\"breadcrumb\":{\"@id\":\"https:\\\/\\\/www.koonings.com\\\/fr\\\/product\\\/enzoani-prive-eloise\\\/#breadcrumb\"},\"inLanguage\":\"fr-FR\",\"potentialAction\":[{\"@type\":\"ReadAction\",\"target\":[\"https:\\\/\\\/www.koonings.com\\\/fr\\\/product\\\/enzoani-prive-eloise\\\/\"]}]},{\"@type\":\"ImageObject\",\"inLanguage\":\"fr-FR\",\"@id\":\"https:\\\/\\\/www.koonings.com\\\/fr\\\/product\\\/enzoani-prive-eloise\\\/#primaryimage\",\"url\":\"https:\\\/\\\/www.koonings.com\\\/wp-content\\\/uploads\\\/2024\\\/11\\\/49109_a7937d5c34b60d5be52fc5a1474f47809fc76118de6fcc3cc958e473702a6d1e44423751.jpeg\",\"contentUrl\":\"https:\\\/\\\/www.koonings.com\\\/wp-content\\\/uploads\\\/2024\\\/11\\\/49109_a7937d5c34b60d5be52fc5a1474f47809fc76118de6fcc3cc958e473702a6d1e44423751.jpeg\",\"width\":943,\"height\":1331},{\"@type\":\"BreadcrumbList\",\"@id\":\"https:\\\/\\\/www.koonings.com\\\/fr\\\/product\\\/enzoani-prive-eloise\\\/#breadcrumb\",\"itemListElement\":[{\"@type\":\"ListItem\",\"position\":1,\"name\":\"Home\",\"item\":\"https:\\\/\\\/www.koonings.com\\\/fr\\\/\"},{\"@type\":\"ListItem\",\"position\":2,\"name\":\"Enzoani Prive Eloise\"}]},{\"@type\":\"WebSite\",\"@id\":\"https:\\\/\\\/www.koonings.com\\\/fr\\\/#website\",\"url\":\"https:\\\/\\\/www.koonings.com\\\/fr\\\/\",\"name\":\"Koonings\",\"description\":\"De grootste bruidsmodewinkel ter wereld\",\"publisher\":{\"@id\":\"https:\\\/\\\/www.koonings.com\\\/fr\\\/#organization\"},\"potentialAction\":[{\"@type\":\"SearchAction\",\"target\":{\"@type\":\"EntryPoint\",\"urlTemplate\":\"https:\\\/\\\/www.koonings.com\\\/fr\\\/?s={search_term_string}\"},\"query-input\":{\"@type\":\"PropertyValueSpecification\",\"valueRequired\":true,\"valueName\":\"search_term_string\"}}],\"inLanguage\":\"fr-FR\"},{\"@type\":\"Organization\",\"@id\":\"https:\\\/\\\/www.koonings.com\\\/fr\\\/#organization\",\"name\":\"Koonings\",\"url\":\"https:\\\/\\\/www.koonings.com\\\/fr\\\/\",\"logo\":{\"@type\":\"ImageObject\",\"inLanguage\":\"fr-FR\",\"@id\":\"https:\\\/\\\/www.koonings.com\\\/fr\\\/#\\\/schema\\\/logo\\\/image\\\/\",\"url\":\"https:\\\/\\\/www.koonings.com\\\/wp-content\\\/uploads\\\/2024\\\/07\\\/logo.png\",\"contentUrl\":\"https:\\\/\\\/www.koonings.com\\\/wp-content\\\/uploads\\\/2024\\\/07\\\/logo.png\",\"width\":600,\"height\":428,\"caption\":\"Koonings\"},\"image\":{\"@id\":\"https:\\\/\\\/www.koonings.com\\\/fr\\\/#\\\/schema\\\/logo\\\/image\\\/\"},\"sameAs\":[\"https:\\\/\\\/www.facebook.com\\\/kooningstheweddingpalace\",\"https:\\\/\\\/www.instagram.com\\\/kooningstheweddingpalace\",\"https:\\\/\\\/www.pinterest.com\\\/koonings\",\"https:\\\/\\\/www.youtube.com\\\/kooningstheweddingpalace\"]}]}<\/script>\n<!-- \/ Yoast SEO plugin. -->","yoast_head_json":{"title":"Enzoani Prive Eloise | Koonings","description":"Eloise pr\u00e9sente un superbe corsage compos\u00e9 de dentelle florale brod\u00e9e, de dentelle baroque, de dentelle tourbillonnante avec des perles et de dentelle de Chantilly, avec un corset de tulle remarquable dans le dos qui ajoute une touche de drame et de douceur, assurant une coupe flatteuse et personnalisable pour la mari\u00e9e. La dentelle tourbillonnante complexe ajoute de la texture et de la dimension, tandis que le corsage ajust\u00e9 et la silhouette \u00e9l\u00e9gante flattent toutes les courbes, pour que la mari\u00e9e se sente \u00e9l\u00e9gante et s\u00fbre d'elle le jour de son mariage. Retirez les bretelles amovibles pour obtenir deux looks glamour en un.","robots":{"index":"index","follow":"follow","max-snippet":"max-snippet:-1","max-image-preview":"max-image-preview:large","max-video-preview":"max-video-preview:-1"},"canonical":"https:\/\/www.koonings.com\/fr\/product\/enzoani-prive-eloise\/","og_locale":"fr_FR","og_type":"article","og_title":"Enzoani Prive Eloise | Koonings","og_description":"Eloise pr\u00e9sente un superbe corsage compos\u00e9 de dentelle florale brod\u00e9e, de dentelle baroque, de dentelle tourbillonnante avec des perles et de dentelle de Chantilly, avec un corset de tulle remarquable dans le dos qui ajoute une touche de drame et de douceur, assurant une coupe flatteuse et personnalisable pour la mari\u00e9e. La dentelle tourbillonnante complexe ajoute de la texture et de la dimension, tandis que le corsage ajust\u00e9 et la silhouette \u00e9l\u00e9gante flattent toutes les courbes, pour que la mari\u00e9e se sente \u00e9l\u00e9gante et s\u00fbre d'elle le jour de son mariage. Retirez les bretelles amovibles pour obtenir deux looks glamour en un.","og_url":"https:\/\/www.koonings.com\/fr\/product\/enzoani-prive-eloise\/","og_site_name":"Koonings","article_publisher":"https:\/\/www.facebook.com\/kooningstheweddingpalace","og_image":[{"width":943,"height":1331,"url":"https:\/\/www.koonings.com\/wp-content\/uploads\/2024\/11\/49109_a7937d5c34b60d5be52fc5a1474f47809fc76118de6fcc3cc958e473702a6d1e44423751.jpeg","type":"image\/jpeg"}],"twitter_card":"summary_large_image","twitter_misc":{"Dur\u00e9e de lecture estim\u00e9e":"1 minute"},"schema":{"@context":"https:\/\/schema.org","@graph":[{"@type":"WebPage","@id":"https:\/\/www.koonings.com\/fr\/product\/enzoani-prive-eloise\/","url":"https:\/\/www.koonings.com\/fr\/product\/enzoani-prive-eloise\/","name":"Enzoani Prive Eloise | Koonings","isPartOf":{"@id":"https:\/\/www.koonings.com\/fr\/#website"},"primaryImageOfPage":{"@id":"https:\/\/www.koonings.com\/fr\/product\/enzoani-prive-eloise\/#primaryimage"},"image":{"@id":"https:\/\/www.koonings.com\/fr\/product\/enzoani-prive-eloise\/#primaryimage"},"thumbnailUrl":"https:\/\/www.koonings.com\/wp-content\/uploads\/2024\/11\/49109_a7937d5c34b60d5be52fc5a1474f47809fc76118de6fcc3cc958e473702a6d1e44423751.jpeg","datePublished":"2026-05-06T13:28:29+00:00","description":"Eloise pr\u00e9sente un superbe corsage compos\u00e9 de dentelle florale brod\u00e9e, de dentelle baroque, de dentelle tourbillonnante avec des perles et de dentelle de Chantilly, avec un corset de tulle remarquable dans le dos qui ajoute une touche de drame et de douceur, assurant une coupe flatteuse et personnalisable pour la mari\u00e9e. La dentelle tourbillonnante complexe ajoute de la texture et de la dimension, tandis que le corsage ajust\u00e9 et la silhouette \u00e9l\u00e9gante flattent toutes les courbes, pour que la mari\u00e9e se sente \u00e9l\u00e9gante et s\u00fbre d'elle le jour de son mariage. Retirez les bretelles amovibles pour obtenir deux looks glamour en un.","breadcrumb":{"@id":"https:\/\/www.koonings.com\/fr\/product\/enzoani-prive-eloise\/#breadcrumb"},"inLanguage":"fr-FR","potentialAction":[{"@type":"ReadAction","target":["https:\/\/www.koonings.com\/fr\/product\/enzoani-prive-eloise\/"]}]},{"@type":"ImageObject","inLanguage":"fr-FR","@id":"https:\/\/www.koonings.com\/fr\/product\/enzoani-prive-eloise\/#primaryimage","url":"https:\/\/www.koonings.com\/wp-content\/uploads\/2024\/11\/49109_a7937d5c34b60d5be52fc5a1474f47809fc76118de6fcc3cc958e473702a6d1e44423751.jpeg","contentUrl":"https:\/\/www.koonings.com\/wp-content\/uploads\/2024\/11\/49109_a7937d5c34b60d5be52fc5a1474f47809fc76118de6fcc3cc958e473702a6d1e44423751.jpeg","width":943,"height":1331},{"@type":"BreadcrumbList","@id":"https:\/\/www.koonings.com\/fr\/product\/enzoani-prive-eloise\/#breadcrumb","itemListElement":[{"@type":"ListItem","position":1,"name":"Home","item":"https:\/\/www.koonings.com\/fr\/"},{"@type":"ListItem","position":2,"name":"Enzoani Prive Eloise"}]},{"@type":"WebSite","@id":"https:\/\/www.koonings.com\/fr\/#website","url":"https:\/\/www.koonings.com\/fr\/","name":"Koonings","description":"De grootste bruidsmodewinkel ter wereld","publisher":{"@id":"https:\/\/www.koonings.com\/fr\/#organization"},"potentialAction":[{"@type":"SearchAction","target":{"@type":"EntryPoint","urlTemplate":"https:\/\/www.koonings.com\/fr\/?s={search_term_string}"},"query-input":{"@type":"PropertyValueSpecification","valueRequired":true,"valueName":"search_term_string"}}],"inLanguage":"fr-FR"},{"@type":"Organization","@id":"https:\/\/www.koonings.com\/fr\/#organization","name":"Koonings","url":"https:\/\/www.koonings.com\/fr\/","logo":{"@type":"ImageObject","inLanguage":"fr-FR","@id":"https:\/\/www.koonings.com\/fr\/#\/schema\/logo\/image\/","url":"https:\/\/www.koonings.com\/wp-content\/uploads\/2024\/07\/logo.png","contentUrl":"https:\/\/www.koonings.com\/wp-content\/uploads\/2024\/07\/logo.png","width":600,"height":428,"caption":"Koonings"},"image":{"@id":"https:\/\/www.koonings.com\/fr\/#\/schema\/logo\/image\/"},"sameAs":["https:\/\/www.facebook.com\/kooningstheweddingpalace","https:\/\/www.instagram.com\/kooningstheweddingpalace","https:\/\/www.pinterest.com\/koonings","https:\/\/www.youtube.com\/kooningstheweddingpalace"]}]}},"_links":{"self":[{"href":"https:\/\/www.koonings.com\/fr\/wp-json\/wp\/v2\/product\/59934","targetHints":{"allow":["GET"]}}],"collection":[{"href":"https:\/\/www.koonings.com\/fr\/wp-json\/wp\/v2\/product"}],"about":[{"href":"https:\/\/www.koonings.com\/fr\/wp-json\/wp\/v2\/types\/product"}],"wp:featuredmedia":[{"embeddable":true,"href":"https:\/\/www.koonings.com\/fr\/wp-json\/wp\/v2\/media\/55379"}],"wp:attachment":[{"href":"https:\/\/www.koonings.com\/fr\/wp-json\/wp\/v2\/media?parent=59934"}],"wp:term":[{"taxonomy":"productdetails","embeddable":true,"href":"https:\/\/www.koonings.com\/fr\/wp-json\/wp\/v2\/productdetails?post=59934"},{"taxonomy":"productneck","embeddable":true,"href":"https:\/\/www.koonings.com\/fr\/wp-json\/wp\/v2\/productneck?post=59934"},{"taxonomy":"productcolor","embeddable":true,"href":"https:\/\/www.koonings.com\/fr\/wp-json\/wp\/v2\/productcolor?post=59934"},{"taxonomy":"maat","embeddable":true,"href":"https:\/\/www.koonings.com\/fr\/wp-json\/wp\/v2\/maat?post=59934"},{"taxonomy":"productsupplier","embeddable":true,"href":"https:\/\/www.koonings.com\/fr\/wp-json\/wp\/v2\/productsupplier?post=59934"},{"taxonomy":"productsleeve","embeddable":true,"href":"https:\/\/www.koonings.com\/fr\/wp-json\/wp\/v2\/productsleeve?post=59934"},{"taxonomy":"productcategory","embeddable":true,"href":"https:\/\/www.koonings.com\/fr\/wp-json\/wp\/v2\/productcategory?post=59934"},{"taxonomy":"productsilhouette","embeddable":true,"href":"https:\/\/www.koonings.com\/fr\/wp-json\/wp\/v2\/productsilhouette?post=59934"},{"taxonomy":"productstyle","embeddable":true,"href":"https:\/\/www.koonings.com\/fr\/wp-json\/wp\/v2\/productstyle?post=59934"}],"curies":[{"name":"wp","href":"https:\/\/api.w.org\/{rel}","templated":true}]}}