{"id":59917,"date":"2025-12-15T00:46:08","date_gmt":"2025-12-14T23:46:08","guid":{"rendered":"https:\/\/www.koonings.com\/product\/enzoani-blue-collection-oliviana\/"},"modified":"2026-02-03T19:16:38","modified_gmt":"2026-02-03T18:16:38","slug":"enzoani-blue-collection-oliviana","status":"publish","type":"product","link":"https:\/\/www.koonings.com\/fr\/product\/enzoani-blue-collection-oliviana\/","title":{"rendered":"Enzoani Collection bleue Oliviana"},"content":{"rendered":"<p>Que se passe-t-il lorsque vous combinez nos robes Lesley et Mckinley bien-aim\u00e9es ? L&#8217;une de nos nouvelles pr\u00e9f\u00e9r\u00e9es ! Cette magnifique robe sir\u00e8ne pr\u00e9sente l&#8217;\u00e9paisse dentelle florale brod\u00e9e tant recherch\u00e9e des mod\u00e8les les plus vendus sur un corsage profond avec un d\u00e9collet\u00e9 en forme de c\u0153ur et de douces bretelles spaghetti. Le dos en dentelle illusion fait en sorte que tous les yeux restent riv\u00e9s sur la mari\u00e9e, d&#8217;autant plus que la dentelle coule magnifiquement le long de la jupe en tulle et en georgette extensible la plus douce, avec la tra\u00eene en dentelle festonn\u00e9e caract\u00e9ristique d&#8217;Enzoani.   <\/p>\n","protected":false},"featured_media":55485,"template":"","meta":{"_acf_changed":false,"ghostkit_customizer_options":"","ghostkit_custom_css":"","ghostkit_custom_js_head":"","ghostkit_custom_js_foot":"","ghostkit_typography":""},"productdetails":[379,376,381],"productneck":[355],"productcolor":[393,392],"maat":[],"productsupplier":[405],"productsleeve":[359],"productcategory":[18],"productsilhouette":[387],"productstyle":[366],"class_list":["post-59917","product","type-product","status-publish","has-post-thumbnail","hentry","productdetails-379","productdetails-376","productdetails-381","productneck-355","productcolor-393","productcolor-392","productsupplier-enzoani-blue-collection","productsleeve-359","productcategory-trouwjurken","productsilhouette-387","productstyle-366"],"acf":[],"yoast_head":"<!-- This site is optimized with the Yoast SEO plugin v27.3 - https:\/\/yoast.com\/product\/yoast-seo-wordpress\/ -->\n<title>Enzoani Collection bleue Oliviana | Koonings<\/title>\n<meta name=\"description\" content=\"Que se passe-t-il lorsque vous combinez nos robes Lesley et Mckinley bien-aim\u00e9es ? L&#039;une de nos nouvelles pr\u00e9f\u00e9r\u00e9es ! Cette magnifique robe sir\u00e8ne pr\u00e9sente l&#039;\u00e9paisse dentelle florale brod\u00e9e tant recherch\u00e9e des mod\u00e8les les plus vendus sur un corsage profond avec un d\u00e9collet\u00e9 en forme de c\u0153ur et de douces bretelles spaghetti. Le dos en dentelle illusion fait en sorte que tous les yeux restent riv\u00e9s sur la mari\u00e9e, d&#039;autant plus que la dentelle coule magnifiquement le long de la jupe en tulle et en georgette extensible la plus douce, avec la tra\u00eene en dentelle festonn\u00e9e caract\u00e9ristique d&#039;Enzoani.\" \/>\n<meta name=\"robots\" content=\"index, follow, max-snippet:-1, max-image-preview:large, max-video-preview:-1\" \/>\n<link rel=\"canonical\" href=\"https:\/\/www.koonings.com\/fr\/product\/enzoani-blue-collection-oliviana\/\" \/>\n<meta property=\"og:locale\" content=\"fr_FR\" \/>\n<meta property=\"og:type\" content=\"article\" \/>\n<meta property=\"og:title\" content=\"Enzoani Collection bleue Oliviana | Koonings\" \/>\n<meta property=\"og:description\" content=\"Que se passe-t-il lorsque vous combinez nos robes Lesley et Mckinley bien-aim\u00e9es ? L&#039;une de nos nouvelles pr\u00e9f\u00e9r\u00e9es ! Cette magnifique robe sir\u00e8ne pr\u00e9sente l&#039;\u00e9paisse dentelle florale brod\u00e9e tant recherch\u00e9e des mod\u00e8les les plus vendus sur un corsage profond avec un d\u00e9collet\u00e9 en forme de c\u0153ur et de douces bretelles spaghetti. Le dos en dentelle illusion fait en sorte que tous les yeux restent riv\u00e9s sur la mari\u00e9e, d&#039;autant plus que la dentelle coule magnifiquement le long de la jupe en tulle et en georgette extensible la plus douce, avec la tra\u00eene en dentelle festonn\u00e9e caract\u00e9ristique d&#039;Enzoani.\" \/>\n<meta property=\"og:url\" content=\"https:\/\/www.koonings.com\/fr\/product\/enzoani-blue-collection-oliviana\/\" \/>\n<meta property=\"og:site_name\" content=\"Koonings\" \/>\n<meta property=\"article:publisher\" content=\"https:\/\/www.facebook.com\/kooningstheweddingpalace\" \/>\n<meta property=\"article:modified_time\" content=\"2026-02-03T18:16:38+00:00\" \/>\n<meta property=\"og:image\" content=\"https:\/\/www.koonings.com\/wp-content\/uploads\/2024\/11\/49116_df8e618ea6eb9c77d85e62dda09356c42f281994f7c121e2b67932e27f6bb253e0e33a9e.jpeg\" \/>\n\t<meta property=\"og:image:width\" content=\"1035\" \/>\n\t<meta property=\"og:image:height\" content=\"1380\" \/>\n\t<meta property=\"og:image:type\" content=\"image\/jpeg\" \/>\n<meta name=\"twitter:card\" content=\"summary_large_image\" \/>\n<meta name=\"twitter:label1\" content=\"Dur\u00e9e de lecture estim\u00e9e\" \/>\n\t<meta name=\"twitter:data1\" content=\"1 minute\" \/>\n<script type=\"application\/ld+json\" class=\"yoast-schema-graph\">{\"@context\":\"https:\\\/\\\/schema.org\",\"@graph\":[{\"@type\":\"WebPage\",\"@id\":\"https:\\\/\\\/www.koonings.com\\\/fr\\\/product\\\/enzoani-blue-collection-oliviana\\\/\",\"url\":\"https:\\\/\\\/www.koonings.com\\\/fr\\\/product\\\/enzoani-blue-collection-oliviana\\\/\",\"name\":\"Enzoani Collection bleue Oliviana | Koonings\",\"isPartOf\":{\"@id\":\"https:\\\/\\\/www.koonings.com\\\/fr\\\/#website\"},\"primaryImageOfPage\":{\"@id\":\"https:\\\/\\\/www.koonings.com\\\/fr\\\/product\\\/enzoani-blue-collection-oliviana\\\/#primaryimage\"},\"image\":{\"@id\":\"https:\\\/\\\/www.koonings.com\\\/fr\\\/product\\\/enzoani-blue-collection-oliviana\\\/#primaryimage\"},\"thumbnailUrl\":\"https:\\\/\\\/www.koonings.com\\\/wp-content\\\/uploads\\\/2024\\\/11\\\/49116_df8e618ea6eb9c77d85e62dda09356c42f281994f7c121e2b67932e27f6bb253e0e33a9e.jpeg\",\"datePublished\":\"2025-12-14T23:46:08+00:00\",\"dateModified\":\"2026-02-03T18:16:38+00:00\",\"description\":\"Que se passe-t-il lorsque vous combinez nos robes Lesley et Mckinley bien-aim\u00e9es ? L'une de nos nouvelles pr\u00e9f\u00e9r\u00e9es ! Cette magnifique robe sir\u00e8ne pr\u00e9sente l'\u00e9paisse dentelle florale brod\u00e9e tant recherch\u00e9e des mod\u00e8les les plus vendus sur un corsage profond avec un d\u00e9collet\u00e9 en forme de c\u0153ur et de douces bretelles spaghetti. Le dos en dentelle illusion fait en sorte que tous les yeux restent riv\u00e9s sur la mari\u00e9e, d'autant plus que la dentelle coule magnifiquement le long de la jupe en tulle et en georgette extensible la plus douce, avec la tra\u00eene en dentelle festonn\u00e9e caract\u00e9ristique d'Enzoani.\",\"breadcrumb\":{\"@id\":\"https:\\\/\\\/www.koonings.com\\\/fr\\\/product\\\/enzoani-blue-collection-oliviana\\\/#breadcrumb\"},\"inLanguage\":\"fr-FR\",\"potentialAction\":[{\"@type\":\"ReadAction\",\"target\":[\"https:\\\/\\\/www.koonings.com\\\/fr\\\/product\\\/enzoani-blue-collection-oliviana\\\/\"]}]},{\"@type\":\"ImageObject\",\"inLanguage\":\"fr-FR\",\"@id\":\"https:\\\/\\\/www.koonings.com\\\/fr\\\/product\\\/enzoani-blue-collection-oliviana\\\/#primaryimage\",\"url\":\"https:\\\/\\\/www.koonings.com\\\/wp-content\\\/uploads\\\/2024\\\/11\\\/49116_df8e618ea6eb9c77d85e62dda09356c42f281994f7c121e2b67932e27f6bb253e0e33a9e.jpeg\",\"contentUrl\":\"https:\\\/\\\/www.koonings.com\\\/wp-content\\\/uploads\\\/2024\\\/11\\\/49116_df8e618ea6eb9c77d85e62dda09356c42f281994f7c121e2b67932e27f6bb253e0e33a9e.jpeg\",\"width\":1035,\"height\":1380},{\"@type\":\"BreadcrumbList\",\"@id\":\"https:\\\/\\\/www.koonings.com\\\/fr\\\/product\\\/enzoani-blue-collection-oliviana\\\/#breadcrumb\",\"itemListElement\":[{\"@type\":\"ListItem\",\"position\":1,\"name\":\"Home\",\"item\":\"https:\\\/\\\/www.koonings.com\\\/fr\\\/\"},{\"@type\":\"ListItem\",\"position\":2,\"name\":\"Enzoani Collection bleue Oliviana\"}]},{\"@type\":\"WebSite\",\"@id\":\"https:\\\/\\\/www.koonings.com\\\/fr\\\/#website\",\"url\":\"https:\\\/\\\/www.koonings.com\\\/fr\\\/\",\"name\":\"Koonings\",\"description\":\"De grootste bruidsmodewinkel ter wereld\",\"publisher\":{\"@id\":\"https:\\\/\\\/www.koonings.com\\\/fr\\\/#organization\"},\"potentialAction\":[{\"@type\":\"SearchAction\",\"target\":{\"@type\":\"EntryPoint\",\"urlTemplate\":\"https:\\\/\\\/www.koonings.com\\\/fr\\\/?s={search_term_string}\"},\"query-input\":{\"@type\":\"PropertyValueSpecification\",\"valueRequired\":true,\"valueName\":\"search_term_string\"}}],\"inLanguage\":\"fr-FR\"},{\"@type\":\"Organization\",\"@id\":\"https:\\\/\\\/www.koonings.com\\\/fr\\\/#organization\",\"name\":\"Koonings\",\"url\":\"https:\\\/\\\/www.koonings.com\\\/fr\\\/\",\"logo\":{\"@type\":\"ImageObject\",\"inLanguage\":\"fr-FR\",\"@id\":\"https:\\\/\\\/www.koonings.com\\\/fr\\\/#\\\/schema\\\/logo\\\/image\\\/\",\"url\":\"https:\\\/\\\/www.koonings.com\\\/wp-content\\\/uploads\\\/2024\\\/07\\\/logo.png\",\"contentUrl\":\"https:\\\/\\\/www.koonings.com\\\/wp-content\\\/uploads\\\/2024\\\/07\\\/logo.png\",\"width\":600,\"height\":428,\"caption\":\"Koonings\"},\"image\":{\"@id\":\"https:\\\/\\\/www.koonings.com\\\/fr\\\/#\\\/schema\\\/logo\\\/image\\\/\"},\"sameAs\":[\"https:\\\/\\\/www.facebook.com\\\/kooningstheweddingpalace\",\"https:\\\/\\\/www.instagram.com\\\/kooningstheweddingpalace\",\"https:\\\/\\\/www.pinterest.com\\\/koonings\",\"https:\\\/\\\/www.youtube.com\\\/kooningstheweddingpalace\"]}]}<\/script>\n<!-- \/ Yoast SEO plugin. -->","yoast_head_json":{"title":"Enzoani Collection bleue Oliviana | Koonings","description":"Que se passe-t-il lorsque vous combinez nos robes Lesley et Mckinley bien-aim\u00e9es ? L'une de nos nouvelles pr\u00e9f\u00e9r\u00e9es ! Cette magnifique robe sir\u00e8ne pr\u00e9sente l'\u00e9paisse dentelle florale brod\u00e9e tant recherch\u00e9e des mod\u00e8les les plus vendus sur un corsage profond avec un d\u00e9collet\u00e9 en forme de c\u0153ur et de douces bretelles spaghetti. Le dos en dentelle illusion fait en sorte que tous les yeux restent riv\u00e9s sur la mari\u00e9e, d'autant plus que la dentelle coule magnifiquement le long de la jupe en tulle et en georgette extensible la plus douce, avec la tra\u00eene en dentelle festonn\u00e9e caract\u00e9ristique d'Enzoani.","robots":{"index":"index","follow":"follow","max-snippet":"max-snippet:-1","max-image-preview":"max-image-preview:large","max-video-preview":"max-video-preview:-1"},"canonical":"https:\/\/www.koonings.com\/fr\/product\/enzoani-blue-collection-oliviana\/","og_locale":"fr_FR","og_type":"article","og_title":"Enzoani Collection bleue Oliviana | Koonings","og_description":"Que se passe-t-il lorsque vous combinez nos robes Lesley et Mckinley bien-aim\u00e9es ? L'une de nos nouvelles pr\u00e9f\u00e9r\u00e9es ! Cette magnifique robe sir\u00e8ne pr\u00e9sente l'\u00e9paisse dentelle florale brod\u00e9e tant recherch\u00e9e des mod\u00e8les les plus vendus sur un corsage profond avec un d\u00e9collet\u00e9 en forme de c\u0153ur et de douces bretelles spaghetti. Le dos en dentelle illusion fait en sorte que tous les yeux restent riv\u00e9s sur la mari\u00e9e, d'autant plus que la dentelle coule magnifiquement le long de la jupe en tulle et en georgette extensible la plus douce, avec la tra\u00eene en dentelle festonn\u00e9e caract\u00e9ristique d'Enzoani.","og_url":"https:\/\/www.koonings.com\/fr\/product\/enzoani-blue-collection-oliviana\/","og_site_name":"Koonings","article_publisher":"https:\/\/www.facebook.com\/kooningstheweddingpalace","article_modified_time":"2026-02-03T18:16:38+00:00","og_image":[{"width":1035,"height":1380,"url":"https:\/\/www.koonings.com\/wp-content\/uploads\/2024\/11\/49116_df8e618ea6eb9c77d85e62dda09356c42f281994f7c121e2b67932e27f6bb253e0e33a9e.jpeg","type":"image\/jpeg"}],"twitter_card":"summary_large_image","twitter_misc":{"Dur\u00e9e de lecture estim\u00e9e":"1 minute"},"schema":{"@context":"https:\/\/schema.org","@graph":[{"@type":"WebPage","@id":"https:\/\/www.koonings.com\/fr\/product\/enzoani-blue-collection-oliviana\/","url":"https:\/\/www.koonings.com\/fr\/product\/enzoani-blue-collection-oliviana\/","name":"Enzoani Collection bleue Oliviana | Koonings","isPartOf":{"@id":"https:\/\/www.koonings.com\/fr\/#website"},"primaryImageOfPage":{"@id":"https:\/\/www.koonings.com\/fr\/product\/enzoani-blue-collection-oliviana\/#primaryimage"},"image":{"@id":"https:\/\/www.koonings.com\/fr\/product\/enzoani-blue-collection-oliviana\/#primaryimage"},"thumbnailUrl":"https:\/\/www.koonings.com\/wp-content\/uploads\/2024\/11\/49116_df8e618ea6eb9c77d85e62dda09356c42f281994f7c121e2b67932e27f6bb253e0e33a9e.jpeg","datePublished":"2025-12-14T23:46:08+00:00","dateModified":"2026-02-03T18:16:38+00:00","description":"Que se passe-t-il lorsque vous combinez nos robes Lesley et Mckinley bien-aim\u00e9es ? L'une de nos nouvelles pr\u00e9f\u00e9r\u00e9es ! Cette magnifique robe sir\u00e8ne pr\u00e9sente l'\u00e9paisse dentelle florale brod\u00e9e tant recherch\u00e9e des mod\u00e8les les plus vendus sur un corsage profond avec un d\u00e9collet\u00e9 en forme de c\u0153ur et de douces bretelles spaghetti. Le dos en dentelle illusion fait en sorte que tous les yeux restent riv\u00e9s sur la mari\u00e9e, d'autant plus que la dentelle coule magnifiquement le long de la jupe en tulle et en georgette extensible la plus douce, avec la tra\u00eene en dentelle festonn\u00e9e caract\u00e9ristique d'Enzoani.","breadcrumb":{"@id":"https:\/\/www.koonings.com\/fr\/product\/enzoani-blue-collection-oliviana\/#breadcrumb"},"inLanguage":"fr-FR","potentialAction":[{"@type":"ReadAction","target":["https:\/\/www.koonings.com\/fr\/product\/enzoani-blue-collection-oliviana\/"]}]},{"@type":"ImageObject","inLanguage":"fr-FR","@id":"https:\/\/www.koonings.com\/fr\/product\/enzoani-blue-collection-oliviana\/#primaryimage","url":"https:\/\/www.koonings.com\/wp-content\/uploads\/2024\/11\/49116_df8e618ea6eb9c77d85e62dda09356c42f281994f7c121e2b67932e27f6bb253e0e33a9e.jpeg","contentUrl":"https:\/\/www.koonings.com\/wp-content\/uploads\/2024\/11\/49116_df8e618ea6eb9c77d85e62dda09356c42f281994f7c121e2b67932e27f6bb253e0e33a9e.jpeg","width":1035,"height":1380},{"@type":"BreadcrumbList","@id":"https:\/\/www.koonings.com\/fr\/product\/enzoani-blue-collection-oliviana\/#breadcrumb","itemListElement":[{"@type":"ListItem","position":1,"name":"Home","item":"https:\/\/www.koonings.com\/fr\/"},{"@type":"ListItem","position":2,"name":"Enzoani Collection bleue Oliviana"}]},{"@type":"WebSite","@id":"https:\/\/www.koonings.com\/fr\/#website","url":"https:\/\/www.koonings.com\/fr\/","name":"Koonings","description":"De grootste bruidsmodewinkel ter wereld","publisher":{"@id":"https:\/\/www.koonings.com\/fr\/#organization"},"potentialAction":[{"@type":"SearchAction","target":{"@type":"EntryPoint","urlTemplate":"https:\/\/www.koonings.com\/fr\/?s={search_term_string}"},"query-input":{"@type":"PropertyValueSpecification","valueRequired":true,"valueName":"search_term_string"}}],"inLanguage":"fr-FR"},{"@type":"Organization","@id":"https:\/\/www.koonings.com\/fr\/#organization","name":"Koonings","url":"https:\/\/www.koonings.com\/fr\/","logo":{"@type":"ImageObject","inLanguage":"fr-FR","@id":"https:\/\/www.koonings.com\/fr\/#\/schema\/logo\/image\/","url":"https:\/\/www.koonings.com\/wp-content\/uploads\/2024\/07\/logo.png","contentUrl":"https:\/\/www.koonings.com\/wp-content\/uploads\/2024\/07\/logo.png","width":600,"height":428,"caption":"Koonings"},"image":{"@id":"https:\/\/www.koonings.com\/fr\/#\/schema\/logo\/image\/"},"sameAs":["https:\/\/www.facebook.com\/kooningstheweddingpalace","https:\/\/www.instagram.com\/kooningstheweddingpalace","https:\/\/www.pinterest.com\/koonings","https:\/\/www.youtube.com\/kooningstheweddingpalace"]}]}},"_links":{"self":[{"href":"https:\/\/www.koonings.com\/fr\/wp-json\/wp\/v2\/product\/59917","targetHints":{"allow":["GET"]}}],"collection":[{"href":"https:\/\/www.koonings.com\/fr\/wp-json\/wp\/v2\/product"}],"about":[{"href":"https:\/\/www.koonings.com\/fr\/wp-json\/wp\/v2\/types\/product"}],"wp:featuredmedia":[{"embeddable":true,"href":"https:\/\/www.koonings.com\/fr\/wp-json\/wp\/v2\/media\/55485"}],"wp:attachment":[{"href":"https:\/\/www.koonings.com\/fr\/wp-json\/wp\/v2\/media?parent=59917"}],"wp:term":[{"taxonomy":"productdetails","embeddable":true,"href":"https:\/\/www.koonings.com\/fr\/wp-json\/wp\/v2\/productdetails?post=59917"},{"taxonomy":"productneck","embeddable":true,"href":"https:\/\/www.koonings.com\/fr\/wp-json\/wp\/v2\/productneck?post=59917"},{"taxonomy":"productcolor","embeddable":true,"href":"https:\/\/www.koonings.com\/fr\/wp-json\/wp\/v2\/productcolor?post=59917"},{"taxonomy":"maat","embeddable":true,"href":"https:\/\/www.koonings.com\/fr\/wp-json\/wp\/v2\/maat?post=59917"},{"taxonomy":"productsupplier","embeddable":true,"href":"https:\/\/www.koonings.com\/fr\/wp-json\/wp\/v2\/productsupplier?post=59917"},{"taxonomy":"productsleeve","embeddable":true,"href":"https:\/\/www.koonings.com\/fr\/wp-json\/wp\/v2\/productsleeve?post=59917"},{"taxonomy":"productcategory","embeddable":true,"href":"https:\/\/www.koonings.com\/fr\/wp-json\/wp\/v2\/productcategory?post=59917"},{"taxonomy":"productsilhouette","embeddable":true,"href":"https:\/\/www.koonings.com\/fr\/wp-json\/wp\/v2\/productsilhouette?post=59917"},{"taxonomy":"productstyle","embeddable":true,"href":"https:\/\/www.koonings.com\/fr\/wp-json\/wp\/v2\/productstyle?post=59917"}],"curies":[{"name":"wp","href":"https:\/\/api.w.org\/{rel}","templated":true}]}}