{"id":59913,"date":"2026-04-28T18:28:20","date_gmt":"2026-04-28T16:28:20","guid":{"rendered":"https:\/\/www.koonings.com\/product\/enzoani-pen-liv-arleigh\/"},"modified":"2025-06-05T13:20:51","modified_gmt":"2025-06-05T11:20:51","slug":"enzoani-pen-liv-arleigh","status":"publish","type":"product","link":"https:\/\/www.koonings.com\/fr\/product\/enzoani-pen-liv-arleigh\/","title":{"rendered":"Enzoani Pen-Liv Arleigh"},"content":{"rendered":"<p>L&#8217;extravagance, l&#8217;\u00e9l\u00e9gance et une touche de sexy sont r\u00e9unies dans ARLEIGH. \u00c0 chaque endroit de cette robe sir\u00e8ne, vous remarquerez de magnifiques d\u00e9tails. Des d\u00e9licates bretelles scintillantes \u00e0 la dentelle brod\u00e9e de perles et de fleurs, en passant par la dentelle brod\u00e9e lin\u00e9aire tourbillonnante, vous tomberez d\u00e9finitivement amoureuse de cette robe. Elle pr\u00e9sente un magnifique corset avec un dos bas et des boutons qui se fondent dans la jupe en dentelle de Chantilly et en tulle paillet\u00e9. Cette robe est parfaite pour les mari\u00e9es qui recherchent une silhouette simple et sophistiqu\u00e9e.    <\/p>\n","protected":false},"featured_media":55472,"template":"","meta":{"_acf_changed":false,"ghostkit_customizer_options":"","ghostkit_custom_css":"","ghostkit_custom_js_head":"","ghostkit_custom_js_foot":"","ghostkit_typography":""},"productdetails":[377,376,381],"productneck":[352],"productcolor":[393,392],"maat":[],"productsupplier":[443],"productsleeve":[359],"productcategory":[18],"productsilhouette":[387,389],"productstyle":[366,370],"class_list":["post-59913","product","type-product","status-publish","has-post-thumbnail","hentry","productdetails-377","productdetails-376","productdetails-381","productneck-352","productcolor-393","productcolor-392","productsupplier-enzoani-pen-liv","productsleeve-359","productcategory-trouwjurken","productsilhouette-387","productsilhouette-389","productstyle-366","productstyle-370"],"acf":[],"yoast_head":"<!-- This site is optimized with the Yoast SEO plugin v27.3 - https:\/\/yoast.com\/product\/yoast-seo-wordpress\/ -->\n<title>Enzoani Pen-Liv Arleigh | Koonings<\/title>\n<meta name=\"description\" content=\"L&#039;extravagance, l&#039;\u00e9l\u00e9gance et une touche de sexy sont r\u00e9unies dans ARLEIGH. \u00c0 chaque endroit de cette robe sir\u00e8ne, vous remarquerez de magnifiques d\u00e9tails. Des d\u00e9licates bretelles scintillantes \u00e0 la dentelle brod\u00e9e de perles et de fleurs, en passant par la dentelle brod\u00e9e lin\u00e9aire tourbillonnante, vous tomberez d\u00e9finitivement amoureuse de cette robe. Elle pr\u00e9sente un magnifique corset avec un dos bas et des boutons qui se fondent dans la jupe en dentelle de Chantilly et en tulle paillet\u00e9. Cette robe est parfaite pour les mari\u00e9es qui recherchent une silhouette simple et sophistiqu\u00e9e.\" \/>\n<meta name=\"robots\" content=\"index, follow, max-snippet:-1, max-image-preview:large, max-video-preview:-1\" \/>\n<link rel=\"canonical\" href=\"https:\/\/www.koonings.com\/fr\/product\/enzoani-pen-liv-arleigh\/\" \/>\n<meta property=\"og:locale\" content=\"fr_FR\" \/>\n<meta property=\"og:type\" content=\"article\" \/>\n<meta property=\"og:title\" content=\"Enzoani Pen-Liv Arleigh | Koonings\" \/>\n<meta property=\"og:description\" content=\"L&#039;extravagance, l&#039;\u00e9l\u00e9gance et une touche de sexy sont r\u00e9unies dans ARLEIGH. \u00c0 chaque endroit de cette robe sir\u00e8ne, vous remarquerez de magnifiques d\u00e9tails. Des d\u00e9licates bretelles scintillantes \u00e0 la dentelle brod\u00e9e de perles et de fleurs, en passant par la dentelle brod\u00e9e lin\u00e9aire tourbillonnante, vous tomberez d\u00e9finitivement amoureuse de cette robe. Elle pr\u00e9sente un magnifique corset avec un dos bas et des boutons qui se fondent dans la jupe en dentelle de Chantilly et en tulle paillet\u00e9. Cette robe est parfaite pour les mari\u00e9es qui recherchent une silhouette simple et sophistiqu\u00e9e.\" \/>\n<meta property=\"og:url\" content=\"https:\/\/www.koonings.com\/fr\/product\/enzoani-pen-liv-arleigh\/\" \/>\n<meta property=\"og:site_name\" content=\"Koonings\" \/>\n<meta property=\"article:publisher\" content=\"https:\/\/www.facebook.com\/kooningstheweddingpalace\" \/>\n<meta property=\"og:image\" content=\"https:\/\/www.koonings.com\/wp-content\/uploads\/2024\/11\/49115_827805ae7e89347031ec025f0e47bffce21299e4bab525b78bd8204fa19e707efc554055.jpeg\" \/>\n\t<meta property=\"og:image:width\" content=\"1035\" \/>\n\t<meta property=\"og:image:height\" content=\"1380\" \/>\n\t<meta property=\"og:image:type\" content=\"image\/jpeg\" \/>\n<meta name=\"twitter:card\" content=\"summary_large_image\" \/>\n<meta name=\"twitter:label1\" content=\"Dur\u00e9e de lecture estim\u00e9e\" \/>\n\t<meta name=\"twitter:data1\" content=\"1 minute\" \/>\n<script type=\"application\/ld+json\" class=\"yoast-schema-graph\">{\"@context\":\"https:\\\/\\\/schema.org\",\"@graph\":[{\"@type\":\"WebPage\",\"@id\":\"https:\\\/\\\/www.koonings.com\\\/fr\\\/product\\\/enzoani-pen-liv-arleigh\\\/\",\"url\":\"https:\\\/\\\/www.koonings.com\\\/fr\\\/product\\\/enzoani-pen-liv-arleigh\\\/\",\"name\":\"Enzoani Pen-Liv Arleigh | Koonings\",\"isPartOf\":{\"@id\":\"https:\\\/\\\/www.koonings.com\\\/fr\\\/#website\"},\"primaryImageOfPage\":{\"@id\":\"https:\\\/\\\/www.koonings.com\\\/fr\\\/product\\\/enzoani-pen-liv-arleigh\\\/#primaryimage\"},\"image\":{\"@id\":\"https:\\\/\\\/www.koonings.com\\\/fr\\\/product\\\/enzoani-pen-liv-arleigh\\\/#primaryimage\"},\"thumbnailUrl\":\"https:\\\/\\\/www.koonings.com\\\/wp-content\\\/uploads\\\/2024\\\/11\\\/49115_827805ae7e89347031ec025f0e47bffce21299e4bab525b78bd8204fa19e707efc554055.jpeg\",\"datePublished\":\"2026-04-28T16:28:20+00:00\",\"description\":\"L'extravagance, l'\u00e9l\u00e9gance et une touche de sexy sont r\u00e9unies dans ARLEIGH. \u00c0 chaque endroit de cette robe sir\u00e8ne, vous remarquerez de magnifiques d\u00e9tails. Des d\u00e9licates bretelles scintillantes \u00e0 la dentelle brod\u00e9e de perles et de fleurs, en passant par la dentelle brod\u00e9e lin\u00e9aire tourbillonnante, vous tomberez d\u00e9finitivement amoureuse de cette robe. Elle pr\u00e9sente un magnifique corset avec un dos bas et des boutons qui se fondent dans la jupe en dentelle de Chantilly et en tulle paillet\u00e9. Cette robe est parfaite pour les mari\u00e9es qui recherchent une silhouette simple et sophistiqu\u00e9e.\",\"breadcrumb\":{\"@id\":\"https:\\\/\\\/www.koonings.com\\\/fr\\\/product\\\/enzoani-pen-liv-arleigh\\\/#breadcrumb\"},\"inLanguage\":\"fr-FR\",\"potentialAction\":[{\"@type\":\"ReadAction\",\"target\":[\"https:\\\/\\\/www.koonings.com\\\/fr\\\/product\\\/enzoani-pen-liv-arleigh\\\/\"]}]},{\"@type\":\"ImageObject\",\"inLanguage\":\"fr-FR\",\"@id\":\"https:\\\/\\\/www.koonings.com\\\/fr\\\/product\\\/enzoani-pen-liv-arleigh\\\/#primaryimage\",\"url\":\"https:\\\/\\\/www.koonings.com\\\/wp-content\\\/uploads\\\/2024\\\/11\\\/49115_827805ae7e89347031ec025f0e47bffce21299e4bab525b78bd8204fa19e707efc554055.jpeg\",\"contentUrl\":\"https:\\\/\\\/www.koonings.com\\\/wp-content\\\/uploads\\\/2024\\\/11\\\/49115_827805ae7e89347031ec025f0e47bffce21299e4bab525b78bd8204fa19e707efc554055.jpeg\",\"width\":1035,\"height\":1380},{\"@type\":\"BreadcrumbList\",\"@id\":\"https:\\\/\\\/www.koonings.com\\\/fr\\\/product\\\/enzoani-pen-liv-arleigh\\\/#breadcrumb\",\"itemListElement\":[{\"@type\":\"ListItem\",\"position\":1,\"name\":\"Home\",\"item\":\"https:\\\/\\\/www.koonings.com\\\/fr\\\/\"},{\"@type\":\"ListItem\",\"position\":2,\"name\":\"Enzoani Pen-Liv Arleigh\"}]},{\"@type\":\"WebSite\",\"@id\":\"https:\\\/\\\/www.koonings.com\\\/fr\\\/#website\",\"url\":\"https:\\\/\\\/www.koonings.com\\\/fr\\\/\",\"name\":\"Koonings\",\"description\":\"De grootste bruidsmodewinkel ter wereld\",\"publisher\":{\"@id\":\"https:\\\/\\\/www.koonings.com\\\/fr\\\/#organization\"},\"potentialAction\":[{\"@type\":\"SearchAction\",\"target\":{\"@type\":\"EntryPoint\",\"urlTemplate\":\"https:\\\/\\\/www.koonings.com\\\/fr\\\/?s={search_term_string}\"},\"query-input\":{\"@type\":\"PropertyValueSpecification\",\"valueRequired\":true,\"valueName\":\"search_term_string\"}}],\"inLanguage\":\"fr-FR\"},{\"@type\":\"Organization\",\"@id\":\"https:\\\/\\\/www.koonings.com\\\/fr\\\/#organization\",\"name\":\"Koonings\",\"url\":\"https:\\\/\\\/www.koonings.com\\\/fr\\\/\",\"logo\":{\"@type\":\"ImageObject\",\"inLanguage\":\"fr-FR\",\"@id\":\"https:\\\/\\\/www.koonings.com\\\/fr\\\/#\\\/schema\\\/logo\\\/image\\\/\",\"url\":\"https:\\\/\\\/www.koonings.com\\\/wp-content\\\/uploads\\\/2024\\\/07\\\/logo.png\",\"contentUrl\":\"https:\\\/\\\/www.koonings.com\\\/wp-content\\\/uploads\\\/2024\\\/07\\\/logo.png\",\"width\":600,\"height\":428,\"caption\":\"Koonings\"},\"image\":{\"@id\":\"https:\\\/\\\/www.koonings.com\\\/fr\\\/#\\\/schema\\\/logo\\\/image\\\/\"},\"sameAs\":[\"https:\\\/\\\/www.facebook.com\\\/kooningstheweddingpalace\",\"https:\\\/\\\/www.instagram.com\\\/kooningstheweddingpalace\",\"https:\\\/\\\/www.pinterest.com\\\/koonings\",\"https:\\\/\\\/www.youtube.com\\\/kooningstheweddingpalace\"]}]}<\/script>\n<!-- \/ Yoast SEO plugin. -->","yoast_head_json":{"title":"Enzoani Pen-Liv Arleigh | Koonings","description":"L'extravagance, l'\u00e9l\u00e9gance et une touche de sexy sont r\u00e9unies dans ARLEIGH. \u00c0 chaque endroit de cette robe sir\u00e8ne, vous remarquerez de magnifiques d\u00e9tails. Des d\u00e9licates bretelles scintillantes \u00e0 la dentelle brod\u00e9e de perles et de fleurs, en passant par la dentelle brod\u00e9e lin\u00e9aire tourbillonnante, vous tomberez d\u00e9finitivement amoureuse de cette robe. Elle pr\u00e9sente un magnifique corset avec un dos bas et des boutons qui se fondent dans la jupe en dentelle de Chantilly et en tulle paillet\u00e9. Cette robe est parfaite pour les mari\u00e9es qui recherchent une silhouette simple et sophistiqu\u00e9e.","robots":{"index":"index","follow":"follow","max-snippet":"max-snippet:-1","max-image-preview":"max-image-preview:large","max-video-preview":"max-video-preview:-1"},"canonical":"https:\/\/www.koonings.com\/fr\/product\/enzoani-pen-liv-arleigh\/","og_locale":"fr_FR","og_type":"article","og_title":"Enzoani Pen-Liv Arleigh | Koonings","og_description":"L'extravagance, l'\u00e9l\u00e9gance et une touche de sexy sont r\u00e9unies dans ARLEIGH. \u00c0 chaque endroit de cette robe sir\u00e8ne, vous remarquerez de magnifiques d\u00e9tails. Des d\u00e9licates bretelles scintillantes \u00e0 la dentelle brod\u00e9e de perles et de fleurs, en passant par la dentelle brod\u00e9e lin\u00e9aire tourbillonnante, vous tomberez d\u00e9finitivement amoureuse de cette robe. Elle pr\u00e9sente un magnifique corset avec un dos bas et des boutons qui se fondent dans la jupe en dentelle de Chantilly et en tulle paillet\u00e9. Cette robe est parfaite pour les mari\u00e9es qui recherchent une silhouette simple et sophistiqu\u00e9e.","og_url":"https:\/\/www.koonings.com\/fr\/product\/enzoani-pen-liv-arleigh\/","og_site_name":"Koonings","article_publisher":"https:\/\/www.facebook.com\/kooningstheweddingpalace","og_image":[{"width":1035,"height":1380,"url":"https:\/\/www.koonings.com\/wp-content\/uploads\/2024\/11\/49115_827805ae7e89347031ec025f0e47bffce21299e4bab525b78bd8204fa19e707efc554055.jpeg","type":"image\/jpeg"}],"twitter_card":"summary_large_image","twitter_misc":{"Dur\u00e9e de lecture estim\u00e9e":"1 minute"},"schema":{"@context":"https:\/\/schema.org","@graph":[{"@type":"WebPage","@id":"https:\/\/www.koonings.com\/fr\/product\/enzoani-pen-liv-arleigh\/","url":"https:\/\/www.koonings.com\/fr\/product\/enzoani-pen-liv-arleigh\/","name":"Enzoani Pen-Liv Arleigh | Koonings","isPartOf":{"@id":"https:\/\/www.koonings.com\/fr\/#website"},"primaryImageOfPage":{"@id":"https:\/\/www.koonings.com\/fr\/product\/enzoani-pen-liv-arleigh\/#primaryimage"},"image":{"@id":"https:\/\/www.koonings.com\/fr\/product\/enzoani-pen-liv-arleigh\/#primaryimage"},"thumbnailUrl":"https:\/\/www.koonings.com\/wp-content\/uploads\/2024\/11\/49115_827805ae7e89347031ec025f0e47bffce21299e4bab525b78bd8204fa19e707efc554055.jpeg","datePublished":"2026-04-28T16:28:20+00:00","description":"L'extravagance, l'\u00e9l\u00e9gance et une touche de sexy sont r\u00e9unies dans ARLEIGH. \u00c0 chaque endroit de cette robe sir\u00e8ne, vous remarquerez de magnifiques d\u00e9tails. Des d\u00e9licates bretelles scintillantes \u00e0 la dentelle brod\u00e9e de perles et de fleurs, en passant par la dentelle brod\u00e9e lin\u00e9aire tourbillonnante, vous tomberez d\u00e9finitivement amoureuse de cette robe. Elle pr\u00e9sente un magnifique corset avec un dos bas et des boutons qui se fondent dans la jupe en dentelle de Chantilly et en tulle paillet\u00e9. Cette robe est parfaite pour les mari\u00e9es qui recherchent une silhouette simple et sophistiqu\u00e9e.","breadcrumb":{"@id":"https:\/\/www.koonings.com\/fr\/product\/enzoani-pen-liv-arleigh\/#breadcrumb"},"inLanguage":"fr-FR","potentialAction":[{"@type":"ReadAction","target":["https:\/\/www.koonings.com\/fr\/product\/enzoani-pen-liv-arleigh\/"]}]},{"@type":"ImageObject","inLanguage":"fr-FR","@id":"https:\/\/www.koonings.com\/fr\/product\/enzoani-pen-liv-arleigh\/#primaryimage","url":"https:\/\/www.koonings.com\/wp-content\/uploads\/2024\/11\/49115_827805ae7e89347031ec025f0e47bffce21299e4bab525b78bd8204fa19e707efc554055.jpeg","contentUrl":"https:\/\/www.koonings.com\/wp-content\/uploads\/2024\/11\/49115_827805ae7e89347031ec025f0e47bffce21299e4bab525b78bd8204fa19e707efc554055.jpeg","width":1035,"height":1380},{"@type":"BreadcrumbList","@id":"https:\/\/www.koonings.com\/fr\/product\/enzoani-pen-liv-arleigh\/#breadcrumb","itemListElement":[{"@type":"ListItem","position":1,"name":"Home","item":"https:\/\/www.koonings.com\/fr\/"},{"@type":"ListItem","position":2,"name":"Enzoani Pen-Liv Arleigh"}]},{"@type":"WebSite","@id":"https:\/\/www.koonings.com\/fr\/#website","url":"https:\/\/www.koonings.com\/fr\/","name":"Koonings","description":"De grootste bruidsmodewinkel ter wereld","publisher":{"@id":"https:\/\/www.koonings.com\/fr\/#organization"},"potentialAction":[{"@type":"SearchAction","target":{"@type":"EntryPoint","urlTemplate":"https:\/\/www.koonings.com\/fr\/?s={search_term_string}"},"query-input":{"@type":"PropertyValueSpecification","valueRequired":true,"valueName":"search_term_string"}}],"inLanguage":"fr-FR"},{"@type":"Organization","@id":"https:\/\/www.koonings.com\/fr\/#organization","name":"Koonings","url":"https:\/\/www.koonings.com\/fr\/","logo":{"@type":"ImageObject","inLanguage":"fr-FR","@id":"https:\/\/www.koonings.com\/fr\/#\/schema\/logo\/image\/","url":"https:\/\/www.koonings.com\/wp-content\/uploads\/2024\/07\/logo.png","contentUrl":"https:\/\/www.koonings.com\/wp-content\/uploads\/2024\/07\/logo.png","width":600,"height":428,"caption":"Koonings"},"image":{"@id":"https:\/\/www.koonings.com\/fr\/#\/schema\/logo\/image\/"},"sameAs":["https:\/\/www.facebook.com\/kooningstheweddingpalace","https:\/\/www.instagram.com\/kooningstheweddingpalace","https:\/\/www.pinterest.com\/koonings","https:\/\/www.youtube.com\/kooningstheweddingpalace"]}]}},"_links":{"self":[{"href":"https:\/\/www.koonings.com\/fr\/wp-json\/wp\/v2\/product\/59913","targetHints":{"allow":["GET"]}}],"collection":[{"href":"https:\/\/www.koonings.com\/fr\/wp-json\/wp\/v2\/product"}],"about":[{"href":"https:\/\/www.koonings.com\/fr\/wp-json\/wp\/v2\/types\/product"}],"wp:featuredmedia":[{"embeddable":true,"href":"https:\/\/www.koonings.com\/fr\/wp-json\/wp\/v2\/media\/55472"}],"wp:attachment":[{"href":"https:\/\/www.koonings.com\/fr\/wp-json\/wp\/v2\/media?parent=59913"}],"wp:term":[{"taxonomy":"productdetails","embeddable":true,"href":"https:\/\/www.koonings.com\/fr\/wp-json\/wp\/v2\/productdetails?post=59913"},{"taxonomy":"productneck","embeddable":true,"href":"https:\/\/www.koonings.com\/fr\/wp-json\/wp\/v2\/productneck?post=59913"},{"taxonomy":"productcolor","embeddable":true,"href":"https:\/\/www.koonings.com\/fr\/wp-json\/wp\/v2\/productcolor?post=59913"},{"taxonomy":"maat","embeddable":true,"href":"https:\/\/www.koonings.com\/fr\/wp-json\/wp\/v2\/maat?post=59913"},{"taxonomy":"productsupplier","embeddable":true,"href":"https:\/\/www.koonings.com\/fr\/wp-json\/wp\/v2\/productsupplier?post=59913"},{"taxonomy":"productsleeve","embeddable":true,"href":"https:\/\/www.koonings.com\/fr\/wp-json\/wp\/v2\/productsleeve?post=59913"},{"taxonomy":"productcategory","embeddable":true,"href":"https:\/\/www.koonings.com\/fr\/wp-json\/wp\/v2\/productcategory?post=59913"},{"taxonomy":"productsilhouette","embeddable":true,"href":"https:\/\/www.koonings.com\/fr\/wp-json\/wp\/v2\/productsilhouette?post=59913"},{"taxonomy":"productstyle","embeddable":true,"href":"https:\/\/www.koonings.com\/fr\/wp-json\/wp\/v2\/productstyle?post=59913"}],"curies":[{"name":"wp","href":"https:\/\/api.w.org\/{rel}","templated":true}]}}