{"id":59905,"date":"2026-04-14T16:30:08","date_gmt":"2026-04-14T14:30:08","guid":{"rendered":"https:\/\/www.koonings.com\/product\/enzoani-blue-collection-ryder-2\/"},"modified":"2026-02-16T14:43:27","modified_gmt":"2026-02-16T13:43:27","slug":"enzoani-blue-collection-ryder-2","status":"publish","type":"product","link":"https:\/\/www.koonings.com\/fr\/product\/enzoani-blue-collection-ryder-2\/","title":{"rendered":"Enzoani Collection bleue Ryder"},"content":{"rendered":"<p>Vous pouvez tout avoir avec cette robe sir\u00e8ne sexy et sophistiqu\u00e9e, dot\u00e9e d&#8217;un corsage de style corset et de s\u00e9duisantes d\u00e9coupes lat\u00e9rales pour accentuer vos courbes. De la dentelle florale paillet\u00e9e est soigneusement plac\u00e9e le long de l&#8217;encolure, du corsage et du dos \u00e0 illusion. Les jolis d\u00e9tails en dentelle descendent du dos jusqu&#8217;\u00e0 un d\u00e9licat ourlet en dentelle festonn\u00e9e, attirant sans effort l&#8217;attention de tous.  <\/p>\n","protected":false},"featured_media":55519,"template":"","meta":{"_acf_changed":false,"ghostkit_customizer_options":"","ghostkit_custom_css":"","ghostkit_custom_js_head":"","ghostkit_custom_js_foot":"","ghostkit_typography":""},"productdetails":[379,376],"productneck":[356],"productcolor":[393,392],"maat":[],"productsupplier":[405],"productsleeve":[359],"productcategory":[18],"productsilhouette":[387],"productstyle":[371],"class_list":["post-59905","product","type-product","status-publish","has-post-thumbnail","hentry","productdetails-379","productdetails-376","productneck-356","productcolor-393","productcolor-392","productsupplier-enzoani-blue-collection","productsleeve-359","productcategory-trouwjurken","productsilhouette-387","productstyle-371"],"acf":[],"yoast_head":"<!-- This site is optimized with the Yoast SEO plugin v27.3 - https:\/\/yoast.com\/product\/yoast-seo-wordpress\/ -->\n<title>Enzoani Collection bleue Ryder | Koonings<\/title>\n<meta name=\"description\" content=\"Vous pouvez tout avoir avec cette robe sir\u00e8ne sexy et sophistiqu\u00e9e, dot\u00e9e d&#039;un corsage de style corset et de s\u00e9duisantes d\u00e9coupes lat\u00e9rales pour accentuer vos courbes. De la dentelle florale paillet\u00e9e est soigneusement plac\u00e9e le long de l&#039;encolure, du corsage et du dos \u00e0 illusion. Les jolis d\u00e9tails en dentelle descendent du dos jusqu&#039;\u00e0 un d\u00e9licat ourlet en dentelle festonn\u00e9e, attirant sans effort l&#039;attention de tous.\" \/>\n<meta name=\"robots\" content=\"index, follow, max-snippet:-1, max-image-preview:large, max-video-preview:-1\" \/>\n<link rel=\"canonical\" href=\"https:\/\/www.koonings.com\/fr\/product\/enzoani-blue-collection-ryder-2\/\" \/>\n<meta property=\"og:locale\" content=\"fr_FR\" \/>\n<meta property=\"og:type\" content=\"article\" \/>\n<meta property=\"og:title\" content=\"Enzoani Collection bleue Ryder | Koonings\" \/>\n<meta property=\"og:description\" content=\"Vous pouvez tout avoir avec cette robe sir\u00e8ne sexy et sophistiqu\u00e9e, dot\u00e9e d&#039;un corsage de style corset et de s\u00e9duisantes d\u00e9coupes lat\u00e9rales pour accentuer vos courbes. De la dentelle florale paillet\u00e9e est soigneusement plac\u00e9e le long de l&#039;encolure, du corsage et du dos \u00e0 illusion. Les jolis d\u00e9tails en dentelle descendent du dos jusqu&#039;\u00e0 un d\u00e9licat ourlet en dentelle festonn\u00e9e, attirant sans effort l&#039;attention de tous.\" \/>\n<meta property=\"og:url\" content=\"https:\/\/www.koonings.com\/fr\/product\/enzoani-blue-collection-ryder-2\/\" \/>\n<meta property=\"og:site_name\" content=\"Koonings\" \/>\n<meta property=\"article:publisher\" content=\"https:\/\/www.facebook.com\/kooningstheweddingpalace\" \/>\n<meta property=\"og:image\" content=\"https:\/\/www.koonings.com\/wp-content\/uploads\/2024\/11\/49118_67b0c06e729a75a4146b6a0063cdee85870a486b919b5bb43b4f3441b522fdee5719dcc9.jpeg\" \/>\n\t<meta property=\"og:image:width\" content=\"1035\" \/>\n\t<meta property=\"og:image:height\" content=\"1380\" \/>\n\t<meta property=\"og:image:type\" content=\"image\/jpeg\" \/>\n<meta name=\"twitter:card\" content=\"summary_large_image\" \/>\n<script type=\"application\/ld+json\" class=\"yoast-schema-graph\">{\"@context\":\"https:\\\/\\\/schema.org\",\"@graph\":[{\"@type\":\"WebPage\",\"@id\":\"https:\\\/\\\/www.koonings.com\\\/fr\\\/product\\\/enzoani-blue-collection-ryder-2\\\/\",\"url\":\"https:\\\/\\\/www.koonings.com\\\/fr\\\/product\\\/enzoani-blue-collection-ryder-2\\\/\",\"name\":\"Enzoani Collection bleue Ryder | Koonings\",\"isPartOf\":{\"@id\":\"https:\\\/\\\/www.koonings.com\\\/fr\\\/#website\"},\"primaryImageOfPage\":{\"@id\":\"https:\\\/\\\/www.koonings.com\\\/fr\\\/product\\\/enzoani-blue-collection-ryder-2\\\/#primaryimage\"},\"image\":{\"@id\":\"https:\\\/\\\/www.koonings.com\\\/fr\\\/product\\\/enzoani-blue-collection-ryder-2\\\/#primaryimage\"},\"thumbnailUrl\":\"https:\\\/\\\/www.koonings.com\\\/wp-content\\\/uploads\\\/2024\\\/11\\\/49118_67b0c06e729a75a4146b6a0063cdee85870a486b919b5bb43b4f3441b522fdee5719dcc9.jpeg\",\"datePublished\":\"2026-04-14T14:30:08+00:00\",\"description\":\"Vous pouvez tout avoir avec cette robe sir\u00e8ne sexy et sophistiqu\u00e9e, dot\u00e9e d'un corsage de style corset et de s\u00e9duisantes d\u00e9coupes lat\u00e9rales pour accentuer vos courbes. De la dentelle florale paillet\u00e9e est soigneusement plac\u00e9e le long de l'encolure, du corsage et du dos \u00e0 illusion. Les jolis d\u00e9tails en dentelle descendent du dos jusqu'\u00e0 un d\u00e9licat ourlet en dentelle festonn\u00e9e, attirant sans effort l'attention de tous.\",\"breadcrumb\":{\"@id\":\"https:\\\/\\\/www.koonings.com\\\/fr\\\/product\\\/enzoani-blue-collection-ryder-2\\\/#breadcrumb\"},\"inLanguage\":\"fr-FR\",\"potentialAction\":[{\"@type\":\"ReadAction\",\"target\":[\"https:\\\/\\\/www.koonings.com\\\/fr\\\/product\\\/enzoani-blue-collection-ryder-2\\\/\"]}]},{\"@type\":\"ImageObject\",\"inLanguage\":\"fr-FR\",\"@id\":\"https:\\\/\\\/www.koonings.com\\\/fr\\\/product\\\/enzoani-blue-collection-ryder-2\\\/#primaryimage\",\"url\":\"https:\\\/\\\/www.koonings.com\\\/wp-content\\\/uploads\\\/2024\\\/11\\\/49118_67b0c06e729a75a4146b6a0063cdee85870a486b919b5bb43b4f3441b522fdee5719dcc9.jpeg\",\"contentUrl\":\"https:\\\/\\\/www.koonings.com\\\/wp-content\\\/uploads\\\/2024\\\/11\\\/49118_67b0c06e729a75a4146b6a0063cdee85870a486b919b5bb43b4f3441b522fdee5719dcc9.jpeg\",\"width\":1035,\"height\":1380},{\"@type\":\"BreadcrumbList\",\"@id\":\"https:\\\/\\\/www.koonings.com\\\/fr\\\/product\\\/enzoani-blue-collection-ryder-2\\\/#breadcrumb\",\"itemListElement\":[{\"@type\":\"ListItem\",\"position\":1,\"name\":\"Home\",\"item\":\"https:\\\/\\\/www.koonings.com\\\/fr\\\/\"},{\"@type\":\"ListItem\",\"position\":2,\"name\":\"Enzoani Collection bleue Ryder\"}]},{\"@type\":\"WebSite\",\"@id\":\"https:\\\/\\\/www.koonings.com\\\/fr\\\/#website\",\"url\":\"https:\\\/\\\/www.koonings.com\\\/fr\\\/\",\"name\":\"Koonings\",\"description\":\"De grootste bruidsmodewinkel ter wereld\",\"publisher\":{\"@id\":\"https:\\\/\\\/www.koonings.com\\\/fr\\\/#organization\"},\"potentialAction\":[{\"@type\":\"SearchAction\",\"target\":{\"@type\":\"EntryPoint\",\"urlTemplate\":\"https:\\\/\\\/www.koonings.com\\\/fr\\\/?s={search_term_string}\"},\"query-input\":{\"@type\":\"PropertyValueSpecification\",\"valueRequired\":true,\"valueName\":\"search_term_string\"}}],\"inLanguage\":\"fr-FR\"},{\"@type\":\"Organization\",\"@id\":\"https:\\\/\\\/www.koonings.com\\\/fr\\\/#organization\",\"name\":\"Koonings\",\"url\":\"https:\\\/\\\/www.koonings.com\\\/fr\\\/\",\"logo\":{\"@type\":\"ImageObject\",\"inLanguage\":\"fr-FR\",\"@id\":\"https:\\\/\\\/www.koonings.com\\\/fr\\\/#\\\/schema\\\/logo\\\/image\\\/\",\"url\":\"https:\\\/\\\/www.koonings.com\\\/wp-content\\\/uploads\\\/2024\\\/07\\\/logo.png\",\"contentUrl\":\"https:\\\/\\\/www.koonings.com\\\/wp-content\\\/uploads\\\/2024\\\/07\\\/logo.png\",\"width\":600,\"height\":428,\"caption\":\"Koonings\"},\"image\":{\"@id\":\"https:\\\/\\\/www.koonings.com\\\/fr\\\/#\\\/schema\\\/logo\\\/image\\\/\"},\"sameAs\":[\"https:\\\/\\\/www.facebook.com\\\/kooningstheweddingpalace\",\"https:\\\/\\\/www.instagram.com\\\/kooningstheweddingpalace\",\"https:\\\/\\\/www.pinterest.com\\\/koonings\",\"https:\\\/\\\/www.youtube.com\\\/kooningstheweddingpalace\"]}]}<\/script>\n<!-- \/ Yoast SEO plugin. -->","yoast_head_json":{"title":"Enzoani Collection bleue Ryder | Koonings","description":"Vous pouvez tout avoir avec cette robe sir\u00e8ne sexy et sophistiqu\u00e9e, dot\u00e9e d'un corsage de style corset et de s\u00e9duisantes d\u00e9coupes lat\u00e9rales pour accentuer vos courbes. De la dentelle florale paillet\u00e9e est soigneusement plac\u00e9e le long de l'encolure, du corsage et du dos \u00e0 illusion. Les jolis d\u00e9tails en dentelle descendent du dos jusqu'\u00e0 un d\u00e9licat ourlet en dentelle festonn\u00e9e, attirant sans effort l'attention de tous.","robots":{"index":"index","follow":"follow","max-snippet":"max-snippet:-1","max-image-preview":"max-image-preview:large","max-video-preview":"max-video-preview:-1"},"canonical":"https:\/\/www.koonings.com\/fr\/product\/enzoani-blue-collection-ryder-2\/","og_locale":"fr_FR","og_type":"article","og_title":"Enzoani Collection bleue Ryder | Koonings","og_description":"Vous pouvez tout avoir avec cette robe sir\u00e8ne sexy et sophistiqu\u00e9e, dot\u00e9e d'un corsage de style corset et de s\u00e9duisantes d\u00e9coupes lat\u00e9rales pour accentuer vos courbes. De la dentelle florale paillet\u00e9e est soigneusement plac\u00e9e le long de l'encolure, du corsage et du dos \u00e0 illusion. Les jolis d\u00e9tails en dentelle descendent du dos jusqu'\u00e0 un d\u00e9licat ourlet en dentelle festonn\u00e9e, attirant sans effort l'attention de tous.","og_url":"https:\/\/www.koonings.com\/fr\/product\/enzoani-blue-collection-ryder-2\/","og_site_name":"Koonings","article_publisher":"https:\/\/www.facebook.com\/kooningstheweddingpalace","og_image":[{"width":1035,"height":1380,"url":"https:\/\/www.koonings.com\/wp-content\/uploads\/2024\/11\/49118_67b0c06e729a75a4146b6a0063cdee85870a486b919b5bb43b4f3441b522fdee5719dcc9.jpeg","type":"image\/jpeg"}],"twitter_card":"summary_large_image","schema":{"@context":"https:\/\/schema.org","@graph":[{"@type":"WebPage","@id":"https:\/\/www.koonings.com\/fr\/product\/enzoani-blue-collection-ryder-2\/","url":"https:\/\/www.koonings.com\/fr\/product\/enzoani-blue-collection-ryder-2\/","name":"Enzoani Collection bleue Ryder | Koonings","isPartOf":{"@id":"https:\/\/www.koonings.com\/fr\/#website"},"primaryImageOfPage":{"@id":"https:\/\/www.koonings.com\/fr\/product\/enzoani-blue-collection-ryder-2\/#primaryimage"},"image":{"@id":"https:\/\/www.koonings.com\/fr\/product\/enzoani-blue-collection-ryder-2\/#primaryimage"},"thumbnailUrl":"https:\/\/www.koonings.com\/wp-content\/uploads\/2024\/11\/49118_67b0c06e729a75a4146b6a0063cdee85870a486b919b5bb43b4f3441b522fdee5719dcc9.jpeg","datePublished":"2026-04-14T14:30:08+00:00","description":"Vous pouvez tout avoir avec cette robe sir\u00e8ne sexy et sophistiqu\u00e9e, dot\u00e9e d'un corsage de style corset et de s\u00e9duisantes d\u00e9coupes lat\u00e9rales pour accentuer vos courbes. De la dentelle florale paillet\u00e9e est soigneusement plac\u00e9e le long de l'encolure, du corsage et du dos \u00e0 illusion. Les jolis d\u00e9tails en dentelle descendent du dos jusqu'\u00e0 un d\u00e9licat ourlet en dentelle festonn\u00e9e, attirant sans effort l'attention de tous.","breadcrumb":{"@id":"https:\/\/www.koonings.com\/fr\/product\/enzoani-blue-collection-ryder-2\/#breadcrumb"},"inLanguage":"fr-FR","potentialAction":[{"@type":"ReadAction","target":["https:\/\/www.koonings.com\/fr\/product\/enzoani-blue-collection-ryder-2\/"]}]},{"@type":"ImageObject","inLanguage":"fr-FR","@id":"https:\/\/www.koonings.com\/fr\/product\/enzoani-blue-collection-ryder-2\/#primaryimage","url":"https:\/\/www.koonings.com\/wp-content\/uploads\/2024\/11\/49118_67b0c06e729a75a4146b6a0063cdee85870a486b919b5bb43b4f3441b522fdee5719dcc9.jpeg","contentUrl":"https:\/\/www.koonings.com\/wp-content\/uploads\/2024\/11\/49118_67b0c06e729a75a4146b6a0063cdee85870a486b919b5bb43b4f3441b522fdee5719dcc9.jpeg","width":1035,"height":1380},{"@type":"BreadcrumbList","@id":"https:\/\/www.koonings.com\/fr\/product\/enzoani-blue-collection-ryder-2\/#breadcrumb","itemListElement":[{"@type":"ListItem","position":1,"name":"Home","item":"https:\/\/www.koonings.com\/fr\/"},{"@type":"ListItem","position":2,"name":"Enzoani Collection bleue Ryder"}]},{"@type":"WebSite","@id":"https:\/\/www.koonings.com\/fr\/#website","url":"https:\/\/www.koonings.com\/fr\/","name":"Koonings","description":"De grootste bruidsmodewinkel ter wereld","publisher":{"@id":"https:\/\/www.koonings.com\/fr\/#organization"},"potentialAction":[{"@type":"SearchAction","target":{"@type":"EntryPoint","urlTemplate":"https:\/\/www.koonings.com\/fr\/?s={search_term_string}"},"query-input":{"@type":"PropertyValueSpecification","valueRequired":true,"valueName":"search_term_string"}}],"inLanguage":"fr-FR"},{"@type":"Organization","@id":"https:\/\/www.koonings.com\/fr\/#organization","name":"Koonings","url":"https:\/\/www.koonings.com\/fr\/","logo":{"@type":"ImageObject","inLanguage":"fr-FR","@id":"https:\/\/www.koonings.com\/fr\/#\/schema\/logo\/image\/","url":"https:\/\/www.koonings.com\/wp-content\/uploads\/2024\/07\/logo.png","contentUrl":"https:\/\/www.koonings.com\/wp-content\/uploads\/2024\/07\/logo.png","width":600,"height":428,"caption":"Koonings"},"image":{"@id":"https:\/\/www.koonings.com\/fr\/#\/schema\/logo\/image\/"},"sameAs":["https:\/\/www.facebook.com\/kooningstheweddingpalace","https:\/\/www.instagram.com\/kooningstheweddingpalace","https:\/\/www.pinterest.com\/koonings","https:\/\/www.youtube.com\/kooningstheweddingpalace"]}]}},"_links":{"self":[{"href":"https:\/\/www.koonings.com\/fr\/wp-json\/wp\/v2\/product\/59905","targetHints":{"allow":["GET"]}}],"collection":[{"href":"https:\/\/www.koonings.com\/fr\/wp-json\/wp\/v2\/product"}],"about":[{"href":"https:\/\/www.koonings.com\/fr\/wp-json\/wp\/v2\/types\/product"}],"wp:featuredmedia":[{"embeddable":true,"href":"https:\/\/www.koonings.com\/fr\/wp-json\/wp\/v2\/media\/55519"}],"wp:attachment":[{"href":"https:\/\/www.koonings.com\/fr\/wp-json\/wp\/v2\/media?parent=59905"}],"wp:term":[{"taxonomy":"productdetails","embeddable":true,"href":"https:\/\/www.koonings.com\/fr\/wp-json\/wp\/v2\/productdetails?post=59905"},{"taxonomy":"productneck","embeddable":true,"href":"https:\/\/www.koonings.com\/fr\/wp-json\/wp\/v2\/productneck?post=59905"},{"taxonomy":"productcolor","embeddable":true,"href":"https:\/\/www.koonings.com\/fr\/wp-json\/wp\/v2\/productcolor?post=59905"},{"taxonomy":"maat","embeddable":true,"href":"https:\/\/www.koonings.com\/fr\/wp-json\/wp\/v2\/maat?post=59905"},{"taxonomy":"productsupplier","embeddable":true,"href":"https:\/\/www.koonings.com\/fr\/wp-json\/wp\/v2\/productsupplier?post=59905"},{"taxonomy":"productsleeve","embeddable":true,"href":"https:\/\/www.koonings.com\/fr\/wp-json\/wp\/v2\/productsleeve?post=59905"},{"taxonomy":"productcategory","embeddable":true,"href":"https:\/\/www.koonings.com\/fr\/wp-json\/wp\/v2\/productcategory?post=59905"},{"taxonomy":"productsilhouette","embeddable":true,"href":"https:\/\/www.koonings.com\/fr\/wp-json\/wp\/v2\/productsilhouette?post=59905"},{"taxonomy":"productstyle","embeddable":true,"href":"https:\/\/www.koonings.com\/fr\/wp-json\/wp\/v2\/productstyle?post=59905"}],"curies":[{"name":"wp","href":"https:\/\/api.w.org\/{rel}","templated":true}]}}